{"id":14552,"date":"2024-05-22T14:39:28","date_gmt":"2024-05-22T13:39:28","guid":{"rendered":"https:\/\/www.urbanspot.si\/product\/panzerglass-zascitno-steklo-za-uro-smartwatch-30mm\/"},"modified":"2026-03-19T16:05:02","modified_gmt":"2026-03-19T14:05:02","slug":"panzerglass-zastitno-staklo-za-pametni-sat-30-mm","status":"publish","type":"product","link":"https:\/\/www.urbanspot.si\/hr\/produkt\/panzerglass-zascitno-steklo-za-uro-smartwatch-30mm\/","title":{"rendered":"Panzerglass za\u0161titno staklo za pametni sat, 30 mm"},"content":{"rendered":"<p>Panzerglass za\u0161titna folija za pametni sat, 30 mm, vrhunska je za\u0161tita za va\u0161 pametni sat. Kaljeno staklo gotovo je nevidljivo na ure\u0111aju i vrlo ga je jednostavno postaviti. PanzerGlass SmartWatch za razne vrste satova (30 mm), prozirno (Samsung Galaxy Watch 3, 41 mm)<\/p>\n<ul>\n<li>Pru\u017ea za\u0161titu od ogrebotina i manjih udaraca<\/li>\n<li>Visokokvalitetno kaljeno staklo<\/li>\n<li>Jednostavna instalacija i dobro pristajanje<\/li>\n<li>Neprekidno kori\u0161tenje ekrana<\/li>\n<li>Debljina stakla je\u00a0<strong>0,4 mm<\/strong><\/li>\n<li><strong>Oleofobni sloj<\/strong>\u00a0sprje\u010dava lijepljenje otisaka prstiju i prljav\u0161tine<\/li>\n<li>Staklo pogodno za Samsung Galaxy Watch 3 41 mm<\/li>\n<\/ul>","protected":false},"excerpt":{"rendered":"<p>Panzerglass za\u0161titno staklo izra\u0111eno od kaljenog stakla \u0161titi va\u0161 pametni sat od ogrebotina i manjih udaraca.<\/p>","protected":false},"featured_media":14554,"comment_status":"closed","ping_status":"closed","template":"","meta":[],"product_brand":[],"product_cat":[91,88,240,559,583],"product_tag":[],"class_list":{"0":"post-14552","1":"product","2":"type-product","3":"status-publish","4":"has-post-thumbnail","6":"product_cat-razprodaja","7":"product_cat-samsung","8":"product_cat-samsung-pametne-ure","9":"product_cat-zascitna-stekla","10":"product_cat-zascitna-stekla-za-pametne-ure","11":"pa_primerno-za-proizvajalca-samsung","13":"first","14":"instock","15":"sale","16":"taxable","17":"shipping-taxable","18":"purchasable","19":"product-type-simple"},"yoast_head":"<!-- This site is optimized with the Yoast SEO plugin v27.2 - https:\/\/yoast.com\/product\/yoast-seo-wordpress\/ -->\n<title>Panzerglass za\u0161\u010ditno steklo za uro Smart Watch , 30mm -<\/title>\n<meta name=\"robots\" content=\"index, follow, max-snippet:-1, max-image-preview:large, max-video-preview:-1\" \/>\n<link rel=\"canonical\" href=\"https:\/\/www.urbanspot.si\/hr\/proizvod-2\/panzerglass-zastitno-staklo-za-pametni-sat-30-mm\/\" \/>\n<meta property=\"og:locale\" content=\"hr_HR\" \/>\n<meta property=\"og:type\" content=\"article\" \/>\n<meta property=\"og:title\" content=\"Panzerglass za\u0161\u010ditno steklo za uro Smart Watch , 30mm -\" \/>\n<meta property=\"og:description\" content=\"Panzerglass za\u0161\u010ditno steklo narejeno iz kaljenega stekla omogo\u010da va\u0161i pametni uri za\u0161\u010dito pred praskami in manj\u0161imi udarci.\" \/>\n<meta property=\"og:url\" content=\"https:\/\/www.urbanspot.si\/hr\/proizvod-2\/panzerglass-zastitno-staklo-za-pametni-sat-30-mm\/\" \/>\n<meta property=\"article:publisher\" content=\"https:\/\/www.facebook.com\/urbanspot.si\" \/>\n<meta property=\"article:modified_time\" content=\"2026-03-19T14:05:02+00:00\" \/>\n<meta property=\"og:image\" content=\"https:\/\/www.urbanspot.si\/wp-content\/uploads\/panzerglass-zascitno-steklo-za-uro-smartwatch-30mm.jpg\" \/>\n\t<meta property=\"og:image:width\" content=\"680\" \/>\n\t<meta property=\"og:image:height\" content=\"510\" \/>\n\t<meta property=\"og:image:type\" content=\"image\/jpeg\" \/>\n<meta name=\"twitter:card\" content=\"summary_large_image\" \/>\n<script type=\"application\/ld+json\" class=\"yoast-schema-graph\">{\"@context\":\"https:\/\/schema.org\",\"@graph\":[{\"@type\":\"WebPage\",\"@id\":\"https:\/\/www.urbanspot.si\/produkt\/panzerglass-zascitno-steklo-za-uro-smartwatch-30mm\/\",\"url\":\"https:\/\/www.urbanspot.si\/produkt\/panzerglass-zascitno-steklo-za-uro-smartwatch-30mm\/\",\"name\":\"Panzerglass za\u0161\u010ditno steklo za uro Smart Watch , 30mm -\",\"isPartOf\":{\"@id\":\"https:\/\/www.urbanspot.si\/#website\"},\"primaryImageOfPage\":{\"@id\":\"https:\/\/www.urbanspot.si\/produkt\/panzerglass-zascitno-steklo-za-uro-smartwatch-30mm\/#primaryimage\"},\"image\":{\"@id\":\"https:\/\/www.urbanspot.si\/produkt\/panzerglass-zascitno-steklo-za-uro-smartwatch-30mm\/#primaryimage\"},\"thumbnailUrl\":\"https:\/\/www.urbanspot.si\/wp-content\/uploads\/panzerglass-zascitno-steklo-za-uro-smartwatch-30mm.jpg\",\"datePublished\":\"2024-05-22T13:39:28+00:00\",\"dateModified\":\"2026-03-19T14:05:02+00:00\",\"breadcrumb\":{\"@id\":\"https:\/\/www.urbanspot.si\/produkt\/panzerglass-zascitno-steklo-za-uro-smartwatch-30mm\/#breadcrumb\"},\"inLanguage\":\"hr\",\"potentialAction\":[{\"@type\":\"ReadAction\",\"target\":[\"https:\/\/www.urbanspot.si\/produkt\/panzerglass-zascitno-steklo-za-uro-smartwatch-30mm\/\"]}]},{\"@type\":\"ImageObject\",\"inLanguage\":\"hr\",\"@id\":\"https:\/\/www.urbanspot.si\/produkt\/panzerglass-zascitno-steklo-za-uro-smartwatch-30mm\/#primaryimage\",\"url\":\"https:\/\/www.urbanspot.si\/wp-content\/uploads\/panzerglass-zascitno-steklo-za-uro-smartwatch-30mm.jpg\",\"contentUrl\":\"https:\/\/www.urbanspot.si\/wp-content\/uploads\/panzerglass-zascitno-steklo-za-uro-smartwatch-30mm.jpg\",\"width\":680,\"height\":510,\"caption\":\"Panzerglass za\u0161\u010ditno steklo za uro SmartWatch\"},{\"@type\":\"BreadcrumbList\",\"@id\":\"https:\/\/www.urbanspot.si\/produkt\/panzerglass-zascitno-steklo-za-uro-smartwatch-30mm\/#breadcrumb\",\"itemListElement\":[{\"@type\":\"ListItem\",\"position\":1,\"name\":\"Home\",\"item\":\"https:\/\/www.urbanspot.si\/\"},{\"@type\":\"ListItem\",\"position\":2,\"name\":\"Shop\",\"item\":\"https:\/\/www.urbanspot.si\/shop\/\"},{\"@type\":\"ListItem\",\"position\":3,\"name\":\"Panzerglass za\u0161\u010ditno steklo za uro Smart Watch , 30mm\"}]},{\"@type\":\"WebSite\",\"@id\":\"https:\/\/www.urbanspot.si\/#website\",\"url\":\"https:\/\/www.urbanspot.si\/\",\"name\":\"UrbanSpot\",\"description\":\"\",\"publisher\":{\"@id\":\"https:\/\/www.urbanspot.si\/#organization\"},\"potentialAction\":[{\"@type\":\"SearchAction\",\"target\":{\"@type\":\"EntryPoint\",\"urlTemplate\":\"https:\/\/www.urbanspot.si\/?s={search_term_string}\"},\"query-input\":{\"@type\":\"PropertyValueSpecification\",\"valueRequired\":true,\"valueName\":\"search_term_string\"}}],\"inLanguage\":\"hr\"},{\"@type\":\"Organization\",\"@id\":\"https:\/\/www.urbanspot.si\/#organization\",\"name\":\"UrbanSpot\",\"url\":\"https:\/\/www.urbanspot.si\/\",\"logo\":{\"@type\":\"ImageObject\",\"inLanguage\":\"hr\",\"@id\":\"https:\/\/www.urbanspot.si\/#\/schema\/logo\/image\/\",\"url\":\"https:\/\/www.urbanspot.si\/wp-content\/uploads\/urbanspot-logo.svg\",\"contentUrl\":\"https:\/\/www.urbanspot.si\/wp-content\/uploads\/urbanspot-logo.svg\",\"width\":185,\"height\":40,\"caption\":\"UrbanSpot\"},\"image\":{\"@id\":\"https:\/\/www.urbanspot.si\/#\/schema\/logo\/image\/\"},\"sameAs\":[\"https:\/\/www.facebook.com\/urbanspot.si\"]}]}<\/script>\n<!-- \/ Yoast SEO plugin. -->","yoast_head_json":{"title":"Panzerglass za\u0161titno staklo za pametni sat, 30 mm -","robots":{"index":"index","follow":"follow","max-snippet":"max-snippet:-1","max-image-preview":"max-image-preview:large","max-video-preview":"max-video-preview:-1"},"canonical":"https:\/\/www.urbanspot.si\/hr\/proizvod-2\/panzerglass-zastitno-staklo-za-pametni-sat-30-mm\/","og_locale":"hr_HR","og_type":"article","og_title":"Panzerglass za\u0161\u010ditno steklo za uro Smart Watch , 30mm -","og_description":"Panzerglass za\u0161\u010ditno steklo narejeno iz kaljenega stekla omogo\u010da va\u0161i pametni uri za\u0161\u010dito pred praskami in manj\u0161imi udarci.","og_url":"https:\/\/www.urbanspot.si\/hr\/proizvod-2\/panzerglass-zastitno-staklo-za-pametni-sat-30-mm\/","article_publisher":"https:\/\/www.facebook.com\/urbanspot.si","article_modified_time":"2026-03-19T14:05:02+00:00","og_image":[{"width":680,"height":510,"url":"https:\/\/www.urbanspot.si\/wp-content\/uploads\/panzerglass-zascitno-steklo-za-uro-smartwatch-30mm.jpg","type":"image\/jpeg"}],"twitter_card":"summary_large_image","schema":{"@context":"https:\/\/schema.org","@graph":[{"@type":"WebPage","@id":"https:\/\/www.urbanspot.si\/produkt\/panzerglass-zascitno-steklo-za-uro-smartwatch-30mm\/","url":"https:\/\/www.urbanspot.si\/produkt\/panzerglass-zascitno-steklo-za-uro-smartwatch-30mm\/","name":"Panzerglass za\u0161titno staklo za pametni sat, 30 mm -","isPartOf":{"@id":"https:\/\/www.urbanspot.si\/#website"},"primaryImageOfPage":{"@id":"https:\/\/www.urbanspot.si\/produkt\/panzerglass-zascitno-steklo-za-uro-smartwatch-30mm\/#primaryimage"},"image":{"@id":"https:\/\/www.urbanspot.si\/produkt\/panzerglass-zascitno-steklo-za-uro-smartwatch-30mm\/#primaryimage"},"thumbnailUrl":"https:\/\/www.urbanspot.si\/wp-content\/uploads\/panzerglass-zascitno-steklo-za-uro-smartwatch-30mm.jpg","datePublished":"2024-05-22T13:39:28+00:00","dateModified":"2026-03-19T14:05:02+00:00","breadcrumb":{"@id":"https:\/\/www.urbanspot.si\/produkt\/panzerglass-zascitno-steklo-za-uro-smartwatch-30mm\/#breadcrumb"},"inLanguage":"hr","potentialAction":[{"@type":"ReadAction","target":["https:\/\/www.urbanspot.si\/produkt\/panzerglass-zascitno-steklo-za-uro-smartwatch-30mm\/"]}]},{"@type":"ImageObject","inLanguage":"hr","@id":"https:\/\/www.urbanspot.si\/produkt\/panzerglass-zascitno-steklo-za-uro-smartwatch-30mm\/#primaryimage","url":"https:\/\/www.urbanspot.si\/wp-content\/uploads\/panzerglass-zascitno-steklo-za-uro-smartwatch-30mm.jpg","contentUrl":"https:\/\/www.urbanspot.si\/wp-content\/uploads\/panzerglass-zascitno-steklo-za-uro-smartwatch-30mm.jpg","width":680,"height":510,"caption":"Panzerglass za\u0161\u010ditno steklo za uro SmartWatch"},{"@type":"BreadcrumbList","@id":"https:\/\/www.urbanspot.si\/produkt\/panzerglass-zascitno-steklo-za-uro-smartwatch-30mm\/#breadcrumb","itemListElement":[{"@type":"ListItem","position":1,"name":"Home","item":"https:\/\/www.urbanspot.si\/"},{"@type":"ListItem","position":2,"name":"Shop","item":"https:\/\/www.urbanspot.si\/shop\/"},{"@type":"ListItem","position":3,"name":"Panzerglass za\u0161\u010ditno steklo za uro Smart Watch , 30mm"}]},{"@type":"WebSite","@id":"https:\/\/www.urbanspot.si\/#website","url":"https:\/\/www.urbanspot.si\/","name":"UrbanSpot","description":"","publisher":{"@id":"https:\/\/www.urbanspot.si\/#organization"},"potentialAction":[{"@type":"SearchAction","target":{"@type":"EntryPoint","urlTemplate":"https:\/\/www.urbanspot.si\/?s={search_term_string}"},"query-input":{"@type":"PropertyValueSpecification","valueRequired":true,"valueName":"search_term_string"}}],"inLanguage":"hr"},{"@type":"Organization","@id":"https:\/\/www.urbanspot.si\/#organization","name":"UrbanSpot","url":"https:\/\/www.urbanspot.si\/","logo":{"@type":"ImageObject","inLanguage":"hr","@id":"https:\/\/www.urbanspot.si\/#\/schema\/logo\/image\/","url":"https:\/\/www.urbanspot.si\/wp-content\/uploads\/urbanspot-logo.svg","contentUrl":"https:\/\/www.urbanspot.si\/wp-content\/uploads\/urbanspot-logo.svg","width":185,"height":40,"caption":"UrbanSpot"},"image":{"@id":"https:\/\/www.urbanspot.si\/#\/schema\/logo\/image\/"},"sameAs":["https:\/\/www.facebook.com\/urbanspot.si"]}]}},"_links":{"self":[{"href":"https:\/\/www.urbanspot.si\/hr\/wp-json\/wp\/v2\/product\/14552","targetHints":{"allow":["GET"]}}],"collection":[{"href":"https:\/\/www.urbanspot.si\/hr\/wp-json\/wp\/v2\/product"}],"about":[{"href":"https:\/\/www.urbanspot.si\/hr\/wp-json\/wp\/v2\/types\/product"}],"replies":[{"embeddable":true,"href":"https:\/\/www.urbanspot.si\/hr\/wp-json\/wp\/v2\/comments?post=14552"}],"version-history":[{"count":3,"href":"https:\/\/www.urbanspot.si\/hr\/wp-json\/wp\/v2\/product\/14552\/revisions"}],"predecessor-version":[{"id":27292,"href":"https:\/\/www.urbanspot.si\/hr\/wp-json\/wp\/v2\/product\/14552\/revisions\/27292"}],"wp:featuredmedia":[{"embeddable":true,"href":"https:\/\/www.urbanspot.si\/hr\/wp-json\/wp\/v2\/media\/14554"}],"wp:attachment":[{"href":"https:\/\/www.urbanspot.si\/hr\/wp-json\/wp\/v2\/media?parent=14552"}],"wp:term":[{"taxonomy":"product_brand","embeddable":true,"href":"https:\/\/www.urbanspot.si\/hr\/wp-json\/wp\/v2\/product_brand?post=14552"},{"taxonomy":"product_cat","embeddable":true,"href":"https:\/\/www.urbanspot.si\/hr\/wp-json\/wp\/v2\/product_cat?post=14552"},{"taxonomy":"product_tag","embeddable":true,"href":"https:\/\/www.urbanspot.si\/hr\/wp-json\/wp\/v2\/product_tag?post=14552"}],"curies":[{"name":"radni list","href":"https:\/\/api.w.org\/{rel}","templated":true}]}}