{"id":14578,"date":"2024-05-22T14:41:52","date_gmt":"2024-05-22T13:41:52","guid":{"rendered":"https:\/\/www.urbanspot.si\/product\/preklopna-torbica-premium-urbie-huawei-nova-8-honor-50-lite\/"},"modified":"2026-03-18T15:53:43","modified_gmt":"2026-03-18T13:53:43","slug":"premium-futrola-na-preklop-za-huawei-nova-8-honor-50-lite","status":"publish","type":"product","link":"https:\/\/www.urbanspot.si\/hr\/produkt\/preklopna-torbica-premium-urbie-huawei-nova-8-honor-50-lite\/","title":{"rendered":"Premium Urbie preklopna maska, Huawei Nova 8\/ Honor 50 Lite"},"content":{"rendered":"<p>Horizontalna preklopna maskica za mobitel Honor 50 Lite za\u0161titit \u0107e va\u0161 mobitel od ogrebotina i udaraca.<\/p>\n<p>Prekrasan dizajn torbe osigurat \u0107e da \u0107ete biti moderni sa svojim mobitelom svugdje.<\/p>\n<p>Futrola savr\u0161eno pristaje odabranom modelu telefona i ima izreze za kameru i zvu\u010dnike.<\/p>\n<p>\u00a0<\/p>\n<ul>\n<li>Poklopac odr\u017eava elegantne linije ure\u0111aja<\/li>\n<li>Visokokvalitetni i izdr\u017eljivi materijali<\/li>\n<li>Elegantni dizajn i za\u0161tita u isto vrijeme<\/li>\n<li>Pristup svim tipkama<\/li>\n<li>Unutar poklopca nalazi se prostor za sigurno pohranjivanje kartica<\/li>\n<li>Materijal: umjetna ko\u017ea<\/li>\n<\/ul>","protected":false},"excerpt":{"rendered":"<p>Premium Urbie preklopna maskica u plavoj boji odli\u010dna je kombinacija modernog dizajna i visokokvalitetnih materijala, \u0161to je \u010dini odli\u010dnim izborom za va\u0161 mobilni ure\u0111aj.<\/p>","protected":false},"featured_media":14580,"comment_status":"closed","ping_status":"closed","template":"","meta":[],"product_brand":[],"product_cat":[374,373,186,365,372,560,91],"product_tag":[],"class_list":{"0":"post-14578","1":"product","2":"type-product","3":"status-publish","4":"has-post-thumbnail","6":"product_cat-honor","7":"product_cat-honor-50-lite-nova-8","8":"product_cat-huawei","9":"product_cat-huawei-serija-nova","10":"product_cat-nova-8","11":"product_cat-ovitki-za-telefone","12":"product_cat-razprodaja","13":"pa_primerno-za-model-honor-50-lite","14":"pa_primerno-za-model-huawei-nova-8i","15":"pa_primerno-za-proizvajalca-honor","16":"pa_primerno-za-proizvajalca-huawei","18":"first","19":"outofstock","20":"sale","21":"taxable","22":"shipping-taxable","23":"purchasable","24":"product-type-simple"},"yoast_head":"<!-- This site is optimized with the Yoast SEO plugin v27.2 - https:\/\/yoast.com\/product\/yoast-seo-wordpress\/ -->\n<title>Preklopna torbica Premium Urbie, Huawei Nova 8\/ Honor 50 Lite -<\/title>\n<meta name=\"robots\" content=\"index, follow, max-snippet:-1, max-image-preview:large, max-video-preview:-1\" \/>\n<link rel=\"canonical\" href=\"https:\/\/www.urbanspot.si\/hr\/proizvod-2\/premium-futrola-na-preklop-za-huawei-nova-8-honor-50-lite\/\" \/>\n<meta property=\"og:locale\" content=\"hr_HR\" \/>\n<meta property=\"og:type\" content=\"article\" \/>\n<meta property=\"og:title\" content=\"Preklopna torbica Premium Urbie, Huawei Nova 8\/ Honor 50 Lite -\" \/>\n<meta property=\"og:description\" content=\"Preklopna torbica Premium Urbie v modri barvi je odli\u010dna kombinacija modernega dizajna in visokokakovostnih materialov, ki bo odli\u010dna izbira za va\u0161o mobilno napravo.\" \/>\n<meta property=\"og:url\" content=\"https:\/\/www.urbanspot.si\/hr\/proizvod-2\/premium-futrola-na-preklop-za-huawei-nova-8-honor-50-lite\/\" \/>\n<meta property=\"article:publisher\" content=\"https:\/\/www.facebook.com\/urbanspot.si\" \/>\n<meta property=\"article:modified_time\" content=\"2026-03-18T13:53:43+00:00\" \/>\n<meta property=\"og:image\" content=\"https:\/\/www.urbanspot.si\/wp-content\/uploads\/preklopna-torbica-premium-urbie-huawei-nova-8-honor-50-lite.jpg\" \/>\n\t<meta property=\"og:image:width\" content=\"800\" \/>\n\t<meta property=\"og:image:height\" content=\"800\" \/>\n\t<meta property=\"og:image:type\" content=\"image\/jpeg\" \/>\n<meta name=\"twitter:card\" content=\"summary_large_image\" \/>\n<script type=\"application\/ld+json\" class=\"yoast-schema-graph\">{\"@context\":\"https:\/\/schema.org\",\"@graph\":[{\"@type\":\"WebPage\",\"@id\":\"https:\/\/www.urbanspot.si\/produkt\/preklopna-torbica-premium-urbie-huawei-nova-8-honor-50-lite\/\",\"url\":\"https:\/\/www.urbanspot.si\/produkt\/preklopna-torbica-premium-urbie-huawei-nova-8-honor-50-lite\/\",\"name\":\"Preklopna torbica Premium Urbie, Huawei Nova 8\/ Honor 50 Lite -\",\"isPartOf\":{\"@id\":\"https:\/\/www.urbanspot.si\/#website\"},\"primaryImageOfPage\":{\"@id\":\"https:\/\/www.urbanspot.si\/produkt\/preklopna-torbica-premium-urbie-huawei-nova-8-honor-50-lite\/#primaryimage\"},\"image\":{\"@id\":\"https:\/\/www.urbanspot.si\/produkt\/preklopna-torbica-premium-urbie-huawei-nova-8-honor-50-lite\/#primaryimage\"},\"thumbnailUrl\":\"https:\/\/www.urbanspot.si\/wp-content\/uploads\/preklopna-torbica-premium-urbie-huawei-nova-8-honor-50-lite.jpg\",\"datePublished\":\"2024-05-22T13:41:52+00:00\",\"dateModified\":\"2026-03-18T13:53:43+00:00\",\"breadcrumb\":{\"@id\":\"https:\/\/www.urbanspot.si\/produkt\/preklopna-torbica-premium-urbie-huawei-nova-8-honor-50-lite\/#breadcrumb\"},\"inLanguage\":\"hr\",\"potentialAction\":[{\"@type\":\"ReadAction\",\"target\":[\"https:\/\/www.urbanspot.si\/produkt\/preklopna-torbica-premium-urbie-huawei-nova-8-honor-50-lite\/\"]}]},{\"@type\":\"ImageObject\",\"inLanguage\":\"hr\",\"@id\":\"https:\/\/www.urbanspot.si\/produkt\/preklopna-torbica-premium-urbie-huawei-nova-8-honor-50-lite\/#primaryimage\",\"url\":\"https:\/\/www.urbanspot.si\/wp-content\/uploads\/preklopna-torbica-premium-urbie-huawei-nova-8-honor-50-lite.jpg\",\"contentUrl\":\"https:\/\/www.urbanspot.si\/wp-content\/uploads\/preklopna-torbica-premium-urbie-huawei-nova-8-honor-50-lite.jpg\",\"width\":800,\"height\":800,\"caption\":\"Preklopna torbica Premium Urbie\"},{\"@type\":\"BreadcrumbList\",\"@id\":\"https:\/\/www.urbanspot.si\/produkt\/preklopna-torbica-premium-urbie-huawei-nova-8-honor-50-lite\/#breadcrumb\",\"itemListElement\":[{\"@type\":\"ListItem\",\"position\":1,\"name\":\"Home\",\"item\":\"https:\/\/www.urbanspot.si\/\"},{\"@type\":\"ListItem\",\"position\":2,\"name\":\"Shop\",\"item\":\"https:\/\/www.urbanspot.si\/shop\/\"},{\"@type\":\"ListItem\",\"position\":3,\"name\":\"Preklopna torbica Premium Urbie, Huawei Nova 8\/ Honor 50 Lite\"}]},{\"@type\":\"WebSite\",\"@id\":\"https:\/\/www.urbanspot.si\/#website\",\"url\":\"https:\/\/www.urbanspot.si\/\",\"name\":\"UrbanSpot\",\"description\":\"\",\"publisher\":{\"@id\":\"https:\/\/www.urbanspot.si\/#organization\"},\"potentialAction\":[{\"@type\":\"SearchAction\",\"target\":{\"@type\":\"EntryPoint\",\"urlTemplate\":\"https:\/\/www.urbanspot.si\/?s={search_term_string}\"},\"query-input\":{\"@type\":\"PropertyValueSpecification\",\"valueRequired\":true,\"valueName\":\"search_term_string\"}}],\"inLanguage\":\"hr\"},{\"@type\":\"Organization\",\"@id\":\"https:\/\/www.urbanspot.si\/#organization\",\"name\":\"UrbanSpot\",\"url\":\"https:\/\/www.urbanspot.si\/\",\"logo\":{\"@type\":\"ImageObject\",\"inLanguage\":\"hr\",\"@id\":\"https:\/\/www.urbanspot.si\/#\/schema\/logo\/image\/\",\"url\":\"https:\/\/www.urbanspot.si\/wp-content\/uploads\/urbanspot-logo.svg\",\"contentUrl\":\"https:\/\/www.urbanspot.si\/wp-content\/uploads\/urbanspot-logo.svg\",\"width\":185,\"height\":40,\"caption\":\"UrbanSpot\"},\"image\":{\"@id\":\"https:\/\/www.urbanspot.si\/#\/schema\/logo\/image\/\"},\"sameAs\":[\"https:\/\/www.facebook.com\/urbanspot.si\"]}]}<\/script>\n<!-- \/ Yoast SEO plugin. -->","yoast_head_json":{"title":"Preklopna torbica Premium Urbie, Huawei Nova 8\/ Honor 50 Lite -","robots":{"index":"index","follow":"follow","max-snippet":"max-snippet:-1","max-image-preview":"max-image-preview:large","max-video-preview":"max-video-preview:-1"},"canonical":"https:\/\/www.urbanspot.si\/hr\/proizvod-2\/premium-futrola-na-preklop-za-huawei-nova-8-honor-50-lite\/","og_locale":"hr_HR","og_type":"article","og_title":"Preklopna torbica Premium Urbie, Huawei Nova 8\/ Honor 50 Lite -","og_description":"Preklopna torbica Premium Urbie v modri barvi je odli\u010dna kombinacija modernega dizajna in visokokakovostnih materialov, ki bo odli\u010dna izbira za va\u0161o mobilno napravo.","og_url":"https:\/\/www.urbanspot.si\/hr\/proizvod-2\/premium-futrola-na-preklop-za-huawei-nova-8-honor-50-lite\/","article_publisher":"https:\/\/www.facebook.com\/urbanspot.si","article_modified_time":"2026-03-18T13:53:43+00:00","og_image":[{"width":800,"height":800,"url":"https:\/\/www.urbanspot.si\/wp-content\/uploads\/preklopna-torbica-premium-urbie-huawei-nova-8-honor-50-lite.jpg","type":"image\/jpeg"}],"twitter_card":"summary_large_image","schema":{"@context":"https:\/\/schema.org","@graph":[{"@type":"WebPage","@id":"https:\/\/www.urbanspot.si\/produkt\/preklopna-torbica-premium-urbie-huawei-nova-8-honor-50-lite\/","url":"https:\/\/www.urbanspot.si\/produkt\/preklopna-torbica-premium-urbie-huawei-nova-8-honor-50-lite\/","name":"Preklopna torbica Premium Urbie, Huawei Nova 8\/ Honor 50 Lite -","isPartOf":{"@id":"https:\/\/www.urbanspot.si\/#website"},"primaryImageOfPage":{"@id":"https:\/\/www.urbanspot.si\/produkt\/preklopna-torbica-premium-urbie-huawei-nova-8-honor-50-lite\/#primaryimage"},"image":{"@id":"https:\/\/www.urbanspot.si\/produkt\/preklopna-torbica-premium-urbie-huawei-nova-8-honor-50-lite\/#primaryimage"},"thumbnailUrl":"https:\/\/www.urbanspot.si\/wp-content\/uploads\/preklopna-torbica-premium-urbie-huawei-nova-8-honor-50-lite.jpg","datePublished":"2024-05-22T13:41:52+00:00","dateModified":"2026-03-18T13:53:43+00:00","breadcrumb":{"@id":"https:\/\/www.urbanspot.si\/produkt\/preklopna-torbica-premium-urbie-huawei-nova-8-honor-50-lite\/#breadcrumb"},"inLanguage":"hr","potentialAction":[{"@type":"ReadAction","target":["https:\/\/www.urbanspot.si\/produkt\/preklopna-torbica-premium-urbie-huawei-nova-8-honor-50-lite\/"]}]},{"@type":"ImageObject","inLanguage":"hr","@id":"https:\/\/www.urbanspot.si\/produkt\/preklopna-torbica-premium-urbie-huawei-nova-8-honor-50-lite\/#primaryimage","url":"https:\/\/www.urbanspot.si\/wp-content\/uploads\/preklopna-torbica-premium-urbie-huawei-nova-8-honor-50-lite.jpg","contentUrl":"https:\/\/www.urbanspot.si\/wp-content\/uploads\/preklopna-torbica-premium-urbie-huawei-nova-8-honor-50-lite.jpg","width":800,"height":800,"caption":"Preklopna torbica Premium Urbie"},{"@type":"BreadcrumbList","@id":"https:\/\/www.urbanspot.si\/produkt\/preklopna-torbica-premium-urbie-huawei-nova-8-honor-50-lite\/#breadcrumb","itemListElement":[{"@type":"ListItem","position":1,"name":"Home","item":"https:\/\/www.urbanspot.si\/"},{"@type":"ListItem","position":2,"name":"Shop","item":"https:\/\/www.urbanspot.si\/shop\/"},{"@type":"ListItem","position":3,"name":"Preklopna torbica Premium Urbie, Huawei Nova 8\/ Honor 50 Lite"}]},{"@type":"WebSite","@id":"https:\/\/www.urbanspot.si\/#website","url":"https:\/\/www.urbanspot.si\/","name":"UrbanSpot","description":"","publisher":{"@id":"https:\/\/www.urbanspot.si\/#organization"},"potentialAction":[{"@type":"SearchAction","target":{"@type":"EntryPoint","urlTemplate":"https:\/\/www.urbanspot.si\/?s={search_term_string}"},"query-input":{"@type":"PropertyValueSpecification","valueRequired":true,"valueName":"search_term_string"}}],"inLanguage":"hr"},{"@type":"Organization","@id":"https:\/\/www.urbanspot.si\/#organization","name":"UrbanSpot","url":"https:\/\/www.urbanspot.si\/","logo":{"@type":"ImageObject","inLanguage":"hr","@id":"https:\/\/www.urbanspot.si\/#\/schema\/logo\/image\/","url":"https:\/\/www.urbanspot.si\/wp-content\/uploads\/urbanspot-logo.svg","contentUrl":"https:\/\/www.urbanspot.si\/wp-content\/uploads\/urbanspot-logo.svg","width":185,"height":40,"caption":"UrbanSpot"},"image":{"@id":"https:\/\/www.urbanspot.si\/#\/schema\/logo\/image\/"},"sameAs":["https:\/\/www.facebook.com\/urbanspot.si"]}]}},"_links":{"self":[{"href":"https:\/\/www.urbanspot.si\/hr\/wp-json\/wp\/v2\/product\/14578","targetHints":{"allow":["GET"]}}],"collection":[{"href":"https:\/\/www.urbanspot.si\/hr\/wp-json\/wp\/v2\/product"}],"about":[{"href":"https:\/\/www.urbanspot.si\/hr\/wp-json\/wp\/v2\/types\/product"}],"replies":[{"embeddable":true,"href":"https:\/\/www.urbanspot.si\/hr\/wp-json\/wp\/v2\/comments?post=14578"}],"version-history":[{"count":1,"href":"https:\/\/www.urbanspot.si\/hr\/wp-json\/wp\/v2\/product\/14578\/revisions"}],"predecessor-version":[{"id":14579,"href":"https:\/\/www.urbanspot.si\/hr\/wp-json\/wp\/v2\/product\/14578\/revisions\/14579"}],"wp:featuredmedia":[{"embeddable":true,"href":"https:\/\/www.urbanspot.si\/hr\/wp-json\/wp\/v2\/media\/14580"}],"wp:attachment":[{"href":"https:\/\/www.urbanspot.si\/hr\/wp-json\/wp\/v2\/media?parent=14578"}],"wp:term":[{"taxonomy":"product_brand","embeddable":true,"href":"https:\/\/www.urbanspot.si\/hr\/wp-json\/wp\/v2\/product_brand?post=14578"},{"taxonomy":"product_cat","embeddable":true,"href":"https:\/\/www.urbanspot.si\/hr\/wp-json\/wp\/v2\/product_cat?post=14578"},{"taxonomy":"product_tag","embeddable":true,"href":"https:\/\/www.urbanspot.si\/hr\/wp-json\/wp\/v2\/product_tag?post=14578"}],"curies":[{"name":"radni list","href":"https:\/\/api.w.org\/{rel}","templated":true}]}}