{"id":14649,"date":"2024-05-22T14:42:03","date_gmt":"2024-05-22T13:42:03","guid":{"rendered":"https:\/\/www.urbanspot.si\/product\/avtopolnilec-baseus-usb-usb-c-metal-30w\/"},"modified":"2026-03-18T15:53:39","modified_gmt":"2026-03-18T13:53:39","slug":"auto-punjac-baseus-usb-c-metalni-30w","status":"publish","type":"product","link":"https:\/\/www.urbanspot.si\/hr\/produkt\/avtopolnilec-baseus-usb-usb-c-metal-30w\/","title":{"rendered":"Baseus USB + USB C auto punja\u010d, metalni, 30W"},"content":{"rendered":"<p>Tehni\u010dke karakteristike Baseus USB + USB C auto punja\u010da, 30W<\/p>\n<ul>\n<li>Uobi\u010dajeni zadani parametar: 5V\/5A<\/li>\n<li>Izlazni parametri: <strong>USB-A<\/strong> 4,4\/5 A; 5 V\/4,5 A; 5 V\/4 A (VOOC); 9 V\/3 A; 12 V\/2,5 A (maks.)<\/li>\n<li>Izlazni parametri (USB tip C: <strong>Tip-C:<\/strong> 5V\/3A; 9V\/3A; 12V\/2,5A; 15V\/2A; 20V\/1,5A<\/li>\n<li>Snaga punjenja: Do 30 W<\/li>\n<li>Dimenzije: 48 mm x 25 mm<\/li>\n<li>Materijal: Aluminij<\/li>\n<li>Skriveno plavo svjetlo s mekim svjetlom bez odsjaja olak\u0161ava pronala\u017eenje ispune vrata no\u0107u<\/li>\n<li>Kompatibilan s raznim telefonima.<\/li>\n<li>Automatski prekida punjenje kada je baterija puna.<\/li>\n<li>Pogodno za ulaze automobila i kamiona<\/li>\n<li>Pogodno za automobilske ulaze od 12V do 24V<\/li>\n<\/ul>","protected":false},"excerpt":{"rendered":"<p>Baseus USB + USB C auto punja\u010d isporu\u010duje 30 W izlazne snage, \u0161to \u0107e osigurati br\u017ee punjenje elektroni\u010dkih ure\u0111aja u automobilu. Na taj na\u010din mo\u017eete iskoristiti \u010dak i kratko putovanje na posao kako biste svom telefonu osigurali nekoliko sati napajanja. Mo\u017eete ga koristiti i za punjenje drugih vrsta ure\u0111aja, od tableta, pametnih satova, be\u017ei\u010dnih slu\u0161alica do fotoaparata.<\/p>","protected":false},"featured_media":14651,"comment_status":"closed","ping_status":"closed","template":"","meta":[],"product_brand":[],"product_cat":[104,249,91],"product_tag":[],"class_list":{"0":"post-14649","1":"product","2":"type-product","3":"status-publish","4":"has-post-thumbnail","6":"product_cat-dodatna-oprema","7":"product_cat-kabli-in-polnilci","8":"product_cat-razprodaja","9":"pa_primerno-za-proizvajalca-apple","10":"pa_primerno-za-proizvajalca-google","11":"pa_primerno-za-proizvajalca-honor","12":"pa_primerno-za-proizvajalca-huawei","13":"pa_primerno-za-proizvajalca-realme","14":"pa_primerno-za-proizvajalca-samsung","15":"pa_primerno-za-proizvajalca-xiaomi","17":"first","18":"outofstock","19":"sale","20":"taxable","21":"shipping-taxable","22":"purchasable","23":"product-type-simple"},"yoast_head":"<!-- This site is optimized with the Yoast SEO plugin v27.4 - https:\/\/yoast.com\/product\/yoast-seo-wordpress\/ -->\n<title>Avtopolnilec Baseus USB + USB C, Metal, 30W -<\/title>\n<meta name=\"robots\" content=\"index, follow, max-snippet:-1, max-image-preview:large, max-video-preview:-1\" \/>\n<link rel=\"canonical\" href=\"https:\/\/www.urbanspot.si\/hr\/proizvod-2\/auto-punjac-baseus-usb-c-metalni-30w\/\" \/>\n<meta property=\"og:locale\" content=\"hr_HR\" \/>\n<meta property=\"og:type\" content=\"article\" \/>\n<meta property=\"og:title\" content=\"Avtopolnilec Baseus USB + USB C, Metal, 30W -\" \/>\n<meta property=\"og:description\" content=\"Avtopolnilec Baseus USB + USB C prina\u0161a 30W izhodno mo\u010d, ki bo poskrbela, da boste va\u0161e elektronske naprave v avtomobilu napolnili hitreje. Na ta na\u010din boste \u017ee kraj\u0161o pot do slu\u017ebe lahko izkoristili za zagotovitev nekaj urne energije va\u0161emu telefonu. Uporabili ga boste lahko tudi za polnjenje drugih tipov naprav, od tablice, pametne ure, brez\u017ei\u010dnih slu\u0161alk, do kamere.\" \/>\n<meta property=\"og:url\" content=\"https:\/\/www.urbanspot.si\/hr\/proizvod-2\/auto-punjac-baseus-usb-c-metalni-30w\/\" \/>\n<meta property=\"article:publisher\" content=\"https:\/\/www.facebook.com\/urbanspot.si\" \/>\n<meta property=\"article:modified_time\" content=\"2026-03-18T13:53:39+00:00\" \/>\n<meta property=\"og:image\" content=\"https:\/\/www.urbanspot.si\/wp-content\/uploads\/avtopolnilec-baseus-usb-usb-c-metal-30w.jpg\" \/>\n\t<meta property=\"og:image:width\" content=\"1200\" \/>\n\t<meta property=\"og:image:height\" content=\"1200\" \/>\n\t<meta property=\"og:image:type\" content=\"image\/jpeg\" \/>\n<meta name=\"twitter:card\" content=\"summary_large_image\" \/>\n<meta name=\"twitter:label1\" content=\"Procijenjeno vrijeme \u010ditanja\" \/>\n\t<meta name=\"twitter:data1\" content=\"1 minuta\" \/>\n<script type=\"application\/ld+json\" class=\"yoast-schema-graph\">{\"@context\":\"https:\\\/\\\/schema.org\",\"@graph\":[{\"@type\":\"WebPage\",\"@id\":\"https:\\\/\\\/www.urbanspot.si\\\/produkt\\\/avtopolnilec-baseus-usb-usb-c-metal-30w\\\/\",\"url\":\"https:\\\/\\\/www.urbanspot.si\\\/produkt\\\/avtopolnilec-baseus-usb-usb-c-metal-30w\\\/\",\"name\":\"Avtopolnilec Baseus USB + USB C, Metal, 30W -\",\"isPartOf\":{\"@id\":\"https:\\\/\\\/www.urbanspot.si\\\/#website\"},\"primaryImageOfPage\":{\"@id\":\"https:\\\/\\\/www.urbanspot.si\\\/produkt\\\/avtopolnilec-baseus-usb-usb-c-metal-30w\\\/#primaryimage\"},\"image\":{\"@id\":\"https:\\\/\\\/www.urbanspot.si\\\/produkt\\\/avtopolnilec-baseus-usb-usb-c-metal-30w\\\/#primaryimage\"},\"thumbnailUrl\":\"https:\\\/\\\/www.urbanspot.si\\\/wp-content\\\/uploads\\\/avtopolnilec-baseus-usb-usb-c-metal-30w.jpg\",\"datePublished\":\"2024-05-22T13:42:03+00:00\",\"dateModified\":\"2026-03-18T13:53:39+00:00\",\"breadcrumb\":{\"@id\":\"https:\\\/\\\/www.urbanspot.si\\\/produkt\\\/avtopolnilec-baseus-usb-usb-c-metal-30w\\\/#breadcrumb\"},\"inLanguage\":\"hr\",\"potentialAction\":[{\"@type\":\"ReadAction\",\"target\":[\"https:\\\/\\\/www.urbanspot.si\\\/produkt\\\/avtopolnilec-baseus-usb-usb-c-metal-30w\\\/\"]}]},{\"@type\":\"ImageObject\",\"inLanguage\":\"hr\",\"@id\":\"https:\\\/\\\/www.urbanspot.si\\\/produkt\\\/avtopolnilec-baseus-usb-usb-c-metal-30w\\\/#primaryimage\",\"url\":\"https:\\\/\\\/www.urbanspot.si\\\/wp-content\\\/uploads\\\/avtopolnilec-baseus-usb-usb-c-metal-30w.jpg\",\"contentUrl\":\"https:\\\/\\\/www.urbanspot.si\\\/wp-content\\\/uploads\\\/avtopolnilec-baseus-usb-usb-c-metal-30w.jpg\",\"width\":1200,\"height\":1200,\"caption\":\"Avtopolnilec Baseus USB + USB C\"},{\"@type\":\"BreadcrumbList\",\"@id\":\"https:\\\/\\\/www.urbanspot.si\\\/produkt\\\/avtopolnilec-baseus-usb-usb-c-metal-30w\\\/#breadcrumb\",\"itemListElement\":[{\"@type\":\"ListItem\",\"position\":1,\"name\":\"Home\",\"item\":\"https:\\\/\\\/www.urbanspot.si\\\/\"},{\"@type\":\"ListItem\",\"position\":2,\"name\":\"Shop\",\"item\":\"https:\\\/\\\/www.urbanspot.si\\\/shop\\\/\"},{\"@type\":\"ListItem\",\"position\":3,\"name\":\"Avtopolnilec Baseus USB + USB C, Metal, 30W\"}]},{\"@type\":\"WebSite\",\"@id\":\"https:\\\/\\\/www.urbanspot.si\\\/#website\",\"url\":\"https:\\\/\\\/www.urbanspot.si\\\/\",\"name\":\"UrbanSpot\",\"description\":\"\",\"publisher\":{\"@id\":\"https:\\\/\\\/www.urbanspot.si\\\/#organization\"},\"potentialAction\":[{\"@type\":\"SearchAction\",\"target\":{\"@type\":\"EntryPoint\",\"urlTemplate\":\"https:\\\/\\\/www.urbanspot.si\\\/?s={search_term_string}\"},\"query-input\":{\"@type\":\"PropertyValueSpecification\",\"valueRequired\":true,\"valueName\":\"search_term_string\"}}],\"inLanguage\":\"hr\"},{\"@type\":\"Organization\",\"@id\":\"https:\\\/\\\/www.urbanspot.si\\\/#organization\",\"name\":\"UrbanSpot\",\"url\":\"https:\\\/\\\/www.urbanspot.si\\\/\",\"logo\":{\"@type\":\"ImageObject\",\"inLanguage\":\"hr\",\"@id\":\"https:\\\/\\\/www.urbanspot.si\\\/#\\\/schema\\\/logo\\\/image\\\/\",\"url\":\"https:\\\/\\\/www.urbanspot.si\\\/wp-content\\\/uploads\\\/urbanspot-logo.svg\",\"contentUrl\":\"https:\\\/\\\/www.urbanspot.si\\\/wp-content\\\/uploads\\\/urbanspot-logo.svg\",\"width\":185,\"height\":40,\"caption\":\"UrbanSpot\"},\"image\":{\"@id\":\"https:\\\/\\\/www.urbanspot.si\\\/#\\\/schema\\\/logo\\\/image\\\/\"},\"sameAs\":[\"https:\\\/\\\/www.facebook.com\\\/urbanspot.si\"]}]}<\/script>\n<!-- \/ Yoast SEO plugin. -->","yoast_head_json":{"title":"Baseus USB + USB-C automobilski punja\u010d, metalni, 30W -","robots":{"index":"index","follow":"follow","max-snippet":"max-snippet:-1","max-image-preview":"max-image-preview:large","max-video-preview":"max-video-preview:-1"},"canonical":"https:\/\/www.urbanspot.si\/hr\/proizvod-2\/auto-punjac-baseus-usb-c-metalni-30w\/","og_locale":"hr_HR","og_type":"article","og_title":"Avtopolnilec Baseus USB + USB C, Metal, 30W -","og_description":"Avtopolnilec Baseus USB + USB C prina\u0161a 30W izhodno mo\u010d, ki bo poskrbela, da boste va\u0161e elektronske naprave v avtomobilu napolnili hitreje. Na ta na\u010din boste \u017ee kraj\u0161o pot do slu\u017ebe lahko izkoristili za zagotovitev nekaj urne energije va\u0161emu telefonu. Uporabili ga boste lahko tudi za polnjenje drugih tipov naprav, od tablice, pametne ure, brez\u017ei\u010dnih slu\u0161alk, do kamere.","og_url":"https:\/\/www.urbanspot.si\/hr\/proizvod-2\/auto-punjac-baseus-usb-c-metalni-30w\/","article_publisher":"https:\/\/www.facebook.com\/urbanspot.si","article_modified_time":"2026-03-18T13:53:39+00:00","og_image":[{"width":1200,"height":1200,"url":"https:\/\/www.urbanspot.si\/wp-content\/uploads\/avtopolnilec-baseus-usb-usb-c-metal-30w.jpg","type":"image\/jpeg"}],"twitter_card":"summary_large_image","twitter_misc":{"Procijenjeno vrijeme \u010ditanja":"1 minuta"},"schema":{"@context":"https:\/\/schema.org","@graph":[{"@type":"WebPage","@id":"https:\/\/www.urbanspot.si\/produkt\/avtopolnilec-baseus-usb-usb-c-metal-30w\/","url":"https:\/\/www.urbanspot.si\/produkt\/avtopolnilec-baseus-usb-usb-c-metal-30w\/","name":"Baseus USB + USB-C automobilski punja\u010d, metalni, 30W -","isPartOf":{"@id":"https:\/\/www.urbanspot.si\/#website"},"primaryImageOfPage":{"@id":"https:\/\/www.urbanspot.si\/produkt\/avtopolnilec-baseus-usb-usb-c-metal-30w\/#primaryimage"},"image":{"@id":"https:\/\/www.urbanspot.si\/produkt\/avtopolnilec-baseus-usb-usb-c-metal-30w\/#primaryimage"},"thumbnailUrl":"https:\/\/www.urbanspot.si\/wp-content\/uploads\/avtopolnilec-baseus-usb-usb-c-metal-30w.jpg","datePublished":"2024-05-22T13:42:03+00:00","dateModified":"2026-03-18T13:53:39+00:00","breadcrumb":{"@id":"https:\/\/www.urbanspot.si\/produkt\/avtopolnilec-baseus-usb-usb-c-metal-30w\/#breadcrumb"},"inLanguage":"hr","potentialAction":[{"@type":"ReadAction","target":["https:\/\/www.urbanspot.si\/produkt\/avtopolnilec-baseus-usb-usb-c-metal-30w\/"]}]},{"@type":"ImageObject","inLanguage":"hr","@id":"https:\/\/www.urbanspot.si\/produkt\/avtopolnilec-baseus-usb-usb-c-metal-30w\/#primaryimage","url":"https:\/\/www.urbanspot.si\/wp-content\/uploads\/avtopolnilec-baseus-usb-usb-c-metal-30w.jpg","contentUrl":"https:\/\/www.urbanspot.si\/wp-content\/uploads\/avtopolnilec-baseus-usb-usb-c-metal-30w.jpg","width":1200,"height":1200,"caption":"Avtopolnilec Baseus USB + USB C"},{"@type":"BreadcrumbList","@id":"https:\/\/www.urbanspot.si\/produkt\/avtopolnilec-baseus-usb-usb-c-metal-30w\/#breadcrumb","itemListElement":[{"@type":"ListItem","position":1,"name":"Home","item":"https:\/\/www.urbanspot.si\/"},{"@type":"ListItem","position":2,"name":"Shop","item":"https:\/\/www.urbanspot.si\/shop\/"},{"@type":"ListItem","position":3,"name":"Avtopolnilec Baseus USB + USB C, Metal, 30W"}]},{"@type":"WebSite","@id":"https:\/\/www.urbanspot.si\/#website","url":"https:\/\/www.urbanspot.si\/","name":"UrbanSpot","description":"","publisher":{"@id":"https:\/\/www.urbanspot.si\/#organization"},"potentialAction":[{"@type":"SearchAction","target":{"@type":"EntryPoint","urlTemplate":"https:\/\/www.urbanspot.si\/?s={search_term_string}"},"query-input":{"@type":"PropertyValueSpecification","valueRequired":true,"valueName":"search_term_string"}}],"inLanguage":"hr"},{"@type":"Organization","@id":"https:\/\/www.urbanspot.si\/#organization","name":"UrbanSpot","url":"https:\/\/www.urbanspot.si\/","logo":{"@type":"ImageObject","inLanguage":"hr","@id":"https:\/\/www.urbanspot.si\/#\/schema\/logo\/image\/","url":"https:\/\/www.urbanspot.si\/wp-content\/uploads\/urbanspot-logo.svg","contentUrl":"https:\/\/www.urbanspot.si\/wp-content\/uploads\/urbanspot-logo.svg","width":185,"height":40,"caption":"UrbanSpot"},"image":{"@id":"https:\/\/www.urbanspot.si\/#\/schema\/logo\/image\/"},"sameAs":["https:\/\/www.facebook.com\/urbanspot.si"]}]}},"_links":{"self":[{"href":"https:\/\/www.urbanspot.si\/hr\/wp-json\/wp\/v2\/product\/14649","targetHints":{"allow":["GET"]}}],"collection":[{"href":"https:\/\/www.urbanspot.si\/hr\/wp-json\/wp\/v2\/product"}],"about":[{"href":"https:\/\/www.urbanspot.si\/hr\/wp-json\/wp\/v2\/types\/product"}],"replies":[{"embeddable":true,"href":"https:\/\/www.urbanspot.si\/hr\/wp-json\/wp\/v2\/comments?post=14649"}],"version-history":[{"count":2,"href":"https:\/\/www.urbanspot.si\/hr\/wp-json\/wp\/v2\/product\/14649\/revisions"}],"predecessor-version":[{"id":18247,"href":"https:\/\/www.urbanspot.si\/hr\/wp-json\/wp\/v2\/product\/14649\/revisions\/18247"}],"wp:featuredmedia":[{"embeddable":true,"href":"https:\/\/www.urbanspot.si\/hr\/wp-json\/wp\/v2\/media\/14651"}],"wp:attachment":[{"href":"https:\/\/www.urbanspot.si\/hr\/wp-json\/wp\/v2\/media?parent=14649"}],"wp:term":[{"taxonomy":"product_brand","embeddable":true,"href":"https:\/\/www.urbanspot.si\/hr\/wp-json\/wp\/v2\/product_brand?post=14649"},{"taxonomy":"product_cat","embeddable":true,"href":"https:\/\/www.urbanspot.si\/hr\/wp-json\/wp\/v2\/product_cat?post=14649"},{"taxonomy":"product_tag","embeddable":true,"href":"https:\/\/www.urbanspot.si\/hr\/wp-json\/wp\/v2\/product_tag?post=14649"}],"curies":[{"name":"radni list","href":"https:\/\/api.w.org\/{rel}","templated":true}]}}