{"id":14784,"date":"2024-05-22T14:42:13","date_gmt":"2024-05-22T13:42:13","guid":{"rendered":"https:\/\/www.urbanspot.si\/product\/slusalke-xiaomi-mi-in-ear-basic-white\/"},"modified":"2026-03-18T15:53:37","modified_gmt":"2026-03-18T13:53:37","slug":"xiaomi-mi-in-ear-basic-bijele-slusalice","status":"publish","type":"product","link":"https:\/\/www.urbanspot.si\/hr\/produkt\/slusalke-xiaomi-mi-in-ear-basic-white\/","title":{"rendered":"Xiaomi Mi In-Ear Basic slu\u0161alice, bijele"},"content":{"rendered":"<p>Xiaomi Mi In-Ear Basic slu\u0161alice tre\u0107e generacije s prigu\u0161iva\u010dem zvuka, ugra\u0111enim mikrofonom i tipkom za odgovaranje na pozive. Slu\u0161alice od aluminijske legure, otporne na otiske prstiju za dugotrajnu upotrebu.<\/p>\n<p>\u00a0<\/p>\n<p><strong> Tehni\u010dke zna\u010dajke:<\/strong><\/p>\n<ul style=\"list-style-type: disc;\">\n<li>Prigu\u0161ivanje zvuka omogu\u0107uje \u010dist i jasan zvuk.<\/li>\n<\/ul>\n<ul style=\"list-style-type: disc;\">\n<li>Ergonomski dizajn omogu\u0107uje udobno i nesmetano kori\u0161tenje slu\u0161alica.<\/li>\n<li>Slu\u0161alice omogu\u0107uju hands-free pozive zahvaljuju\u0107i ugra\u0111enom mikrofonu.<\/li>\n<li>\u00a0Silikonski jastu\u010di\u0107i za u\u0161i<\/li>\n<li>Ugra\u0111eni gumb za pokretanje\/zaustavljanje za uklju\u010divanje i isklju\u010divanje glazbe, kao i za pode\u0161avanje glasno\u0107e glazbe i poziva.<\/li>\n<li>Slu\u0161alice omogu\u0107uju hands-free pozive zahvaljuju\u0107i ugra\u0111enom mikrofonu.<\/li>\n<li>\n<p>Atraktivne bijelo-srebrne boje<\/p>\n<\/li>\n<li>\n<p>Osjetljivost: 93 dB<\/p>\n<\/li>\n<li>Frekvencijski odziv: 20 Hz \u2013 20 kHz<\/li>\n<li>Priklju\u010dak: 3,5 mm<\/li>\n<li>Duljina ulaznog kabela: 1,25 m<\/li>\n<\/ul>","protected":false},"excerpt":{"rendered":"<p>Xiaomi Mi In-Ear Basic slu\u0161alice s mikrofonom, izra\u0111ene od eloksiranog aluminija s jedinstvenim sustavom prigu\u0161enja. Opremljene su precizno izra\u0111enom rezonantnom komorom od visokokvalitetne aluminijske legure s pjeskarenjem i anodiziranom povr\u0161inom, \u0161to im daje prekrasan izgled i visoku otpornost na o\u0161te\u0107enja.<\/p>","protected":false},"featured_media":14786,"comment_status":"closed","ping_status":"closed","template":"","meta":[],"product_brand":[],"product_cat":[104,91,306],"product_tag":[],"class_list":{"0":"post-14784","1":"product","2":"type-product","3":"status-publish","4":"has-post-thumbnail","6":"product_cat-dodatna-oprema","7":"product_cat-razprodaja","8":"product_cat-slusalke","9":"pa_primerno-za-proizvajalca-honor","10":"pa_primerno-za-proizvajalca-huawei","11":"pa_primerno-za-proizvajalca-samsung","12":"pa_primerno-za-proizvajalca-xiaomi","14":"first","15":"outofstock","16":"sale","17":"taxable","18":"shipping-taxable","19":"purchasable","20":"product-type-simple"},"yoast_head":"<!-- This site is optimized with the Yoast SEO plugin v27.4 - https:\/\/yoast.com\/product\/yoast-seo-wordpress\/ -->\n<title>Slu\u0161alke Xiaomi Mi In-Ear Basic, White -<\/title>\n<meta name=\"robots\" content=\"index, follow, max-snippet:-1, max-image-preview:large, max-video-preview:-1\" \/>\n<link rel=\"canonical\" href=\"https:\/\/www.urbanspot.si\/hr\/proizvod-2\/xiaomi-mi-in-ear-basic-bijele-slusalice\/\" \/>\n<meta property=\"og:locale\" content=\"hr_HR\" \/>\n<meta property=\"og:type\" content=\"article\" \/>\n<meta property=\"og:title\" content=\"Slu\u0161alke Xiaomi Mi In-Ear Basic, White -\" \/>\n<meta property=\"og:description\" content=\"Xiaomi Mi In-Ear Basic slu\u0161alke z mikrofonom, izdelane iz eloksiranega aluminija z edinstvenim sistemom du\u0161enja. Opremljeni so z natan\u010dno izdelano resonan\u010dno komoro iz kakovostne aluminijeve zlitine z peskanjem in eloksirano povr\u0161ino, kar jim daje \u010dudovit videz in veliko odpornost proti po\u0161kodbam.\" \/>\n<meta property=\"og:url\" content=\"https:\/\/www.urbanspot.si\/hr\/proizvod-2\/xiaomi-mi-in-ear-basic-bijele-slusalice\/\" \/>\n<meta property=\"article:publisher\" content=\"https:\/\/www.facebook.com\/urbanspot.si\" \/>\n<meta property=\"article:modified_time\" content=\"2026-03-18T13:53:37+00:00\" \/>\n<meta property=\"og:image\" content=\"https:\/\/www.urbanspot.si\/wp-content\/uploads\/slusalke-xiaomi-mi-in-ear-basic-white.png\" \/>\n\t<meta property=\"og:image:width\" content=\"600\" \/>\n\t<meta property=\"og:image:height\" content=\"600\" \/>\n\t<meta property=\"og:image:type\" content=\"image\/png\" \/>\n<meta name=\"twitter:card\" content=\"summary_large_image\" \/>\n<meta name=\"twitter:label1\" content=\"Procijenjeno vrijeme \u010ditanja\" \/>\n\t<meta name=\"twitter:data1\" content=\"1 minuta\" \/>\n<script type=\"application\/ld+json\" class=\"yoast-schema-graph\">{\"@context\":\"https:\\\/\\\/schema.org\",\"@graph\":[{\"@type\":\"WebPage\",\"@id\":\"https:\\\/\\\/www.urbanspot.si\\\/produkt\\\/slusalke-xiaomi-mi-in-ear-basic-white\\\/\",\"url\":\"https:\\\/\\\/www.urbanspot.si\\\/produkt\\\/slusalke-xiaomi-mi-in-ear-basic-white\\\/\",\"name\":\"Slu\u0161alke Xiaomi Mi In-Ear Basic, White -\",\"isPartOf\":{\"@id\":\"https:\\\/\\\/www.urbanspot.si\\\/#website\"},\"primaryImageOfPage\":{\"@id\":\"https:\\\/\\\/www.urbanspot.si\\\/produkt\\\/slusalke-xiaomi-mi-in-ear-basic-white\\\/#primaryimage\"},\"image\":{\"@id\":\"https:\\\/\\\/www.urbanspot.si\\\/produkt\\\/slusalke-xiaomi-mi-in-ear-basic-white\\\/#primaryimage\"},\"thumbnailUrl\":\"https:\\\/\\\/www.urbanspot.si\\\/wp-content\\\/uploads\\\/slusalke-xiaomi-mi-in-ear-basic-white.png\",\"datePublished\":\"2024-05-22T13:42:13+00:00\",\"dateModified\":\"2026-03-18T13:53:37+00:00\",\"breadcrumb\":{\"@id\":\"https:\\\/\\\/www.urbanspot.si\\\/produkt\\\/slusalke-xiaomi-mi-in-ear-basic-white\\\/#breadcrumb\"},\"inLanguage\":\"hr\",\"potentialAction\":[{\"@type\":\"ReadAction\",\"target\":[\"https:\\\/\\\/www.urbanspot.si\\\/produkt\\\/slusalke-xiaomi-mi-in-ear-basic-white\\\/\"]}]},{\"@type\":\"ImageObject\",\"inLanguage\":\"hr\",\"@id\":\"https:\\\/\\\/www.urbanspot.si\\\/produkt\\\/slusalke-xiaomi-mi-in-ear-basic-white\\\/#primaryimage\",\"url\":\"https:\\\/\\\/www.urbanspot.si\\\/wp-content\\\/uploads\\\/slusalke-xiaomi-mi-in-ear-basic-white.png\",\"contentUrl\":\"https:\\\/\\\/www.urbanspot.si\\\/wp-content\\\/uploads\\\/slusalke-xiaomi-mi-in-ear-basic-white.png\",\"width\":600,\"height\":600,\"caption\":\"Slu\u0161alke Xiaomi Mi In-Ear Basic\"},{\"@type\":\"BreadcrumbList\",\"@id\":\"https:\\\/\\\/www.urbanspot.si\\\/produkt\\\/slusalke-xiaomi-mi-in-ear-basic-white\\\/#breadcrumb\",\"itemListElement\":[{\"@type\":\"ListItem\",\"position\":1,\"name\":\"Home\",\"item\":\"https:\\\/\\\/www.urbanspot.si\\\/\"},{\"@type\":\"ListItem\",\"position\":2,\"name\":\"Shop\",\"item\":\"https:\\\/\\\/www.urbanspot.si\\\/shop\\\/\"},{\"@type\":\"ListItem\",\"position\":3,\"name\":\"Slu\u0161alke Xiaomi Mi In-Ear Basic, White\"}]},{\"@type\":\"WebSite\",\"@id\":\"https:\\\/\\\/www.urbanspot.si\\\/#website\",\"url\":\"https:\\\/\\\/www.urbanspot.si\\\/\",\"name\":\"UrbanSpot\",\"description\":\"\",\"publisher\":{\"@id\":\"https:\\\/\\\/www.urbanspot.si\\\/#organization\"},\"potentialAction\":[{\"@type\":\"SearchAction\",\"target\":{\"@type\":\"EntryPoint\",\"urlTemplate\":\"https:\\\/\\\/www.urbanspot.si\\\/?s={search_term_string}\"},\"query-input\":{\"@type\":\"PropertyValueSpecification\",\"valueRequired\":true,\"valueName\":\"search_term_string\"}}],\"inLanguage\":\"hr\"},{\"@type\":\"Organization\",\"@id\":\"https:\\\/\\\/www.urbanspot.si\\\/#organization\",\"name\":\"UrbanSpot\",\"url\":\"https:\\\/\\\/www.urbanspot.si\\\/\",\"logo\":{\"@type\":\"ImageObject\",\"inLanguage\":\"hr\",\"@id\":\"https:\\\/\\\/www.urbanspot.si\\\/#\\\/schema\\\/logo\\\/image\\\/\",\"url\":\"https:\\\/\\\/www.urbanspot.si\\\/wp-content\\\/uploads\\\/urbanspot-logo.svg\",\"contentUrl\":\"https:\\\/\\\/www.urbanspot.si\\\/wp-content\\\/uploads\\\/urbanspot-logo.svg\",\"width\":185,\"height\":40,\"caption\":\"UrbanSpot\"},\"image\":{\"@id\":\"https:\\\/\\\/www.urbanspot.si\\\/#\\\/schema\\\/logo\\\/image\\\/\"},\"sameAs\":[\"https:\\\/\\\/www.facebook.com\\\/urbanspot.si\"]}]}<\/script>\n<!-- \/ Yoast SEO plugin. -->","yoast_head_json":{"title":"Xiaomi Mi osnovne intraaurikularne slu\u0161alice, bijele -","robots":{"index":"index","follow":"follow","max-snippet":"max-snippet:-1","max-image-preview":"max-image-preview:large","max-video-preview":"max-video-preview:-1"},"canonical":"https:\/\/www.urbanspot.si\/hr\/proizvod-2\/xiaomi-mi-in-ear-basic-bijele-slusalice\/","og_locale":"hr_HR","og_type":"article","og_title":"Slu\u0161alke Xiaomi Mi In-Ear Basic, White -","og_description":"Xiaomi Mi In-Ear Basic slu\u0161alke z mikrofonom, izdelane iz eloksiranega aluminija z edinstvenim sistemom du\u0161enja. Opremljeni so z natan\u010dno izdelano resonan\u010dno komoro iz kakovostne aluminijeve zlitine z peskanjem in eloksirano povr\u0161ino, kar jim daje \u010dudovit videz in veliko odpornost proti po\u0161kodbam.","og_url":"https:\/\/www.urbanspot.si\/hr\/proizvod-2\/xiaomi-mi-in-ear-basic-bijele-slusalice\/","article_publisher":"https:\/\/www.facebook.com\/urbanspot.si","article_modified_time":"2026-03-18T13:53:37+00:00","og_image":[{"width":600,"height":600,"url":"https:\/\/www.urbanspot.si\/wp-content\/uploads\/slusalke-xiaomi-mi-in-ear-basic-white.png","type":"image\/png"}],"twitter_card":"summary_large_image","twitter_misc":{"Procijenjeno vrijeme \u010ditanja":"1 minuta"},"schema":{"@context":"https:\/\/schema.org","@graph":[{"@type":"WebPage","@id":"https:\/\/www.urbanspot.si\/produkt\/slusalke-xiaomi-mi-in-ear-basic-white\/","url":"https:\/\/www.urbanspot.si\/produkt\/slusalke-xiaomi-mi-in-ear-basic-white\/","name":"Xiaomi Mi osnovne intraaurikularne slu\u0161alice, bijele -","isPartOf":{"@id":"https:\/\/www.urbanspot.si\/#website"},"primaryImageOfPage":{"@id":"https:\/\/www.urbanspot.si\/produkt\/slusalke-xiaomi-mi-in-ear-basic-white\/#primaryimage"},"image":{"@id":"https:\/\/www.urbanspot.si\/produkt\/slusalke-xiaomi-mi-in-ear-basic-white\/#primaryimage"},"thumbnailUrl":"https:\/\/www.urbanspot.si\/wp-content\/uploads\/slusalke-xiaomi-mi-in-ear-basic-white.png","datePublished":"2024-05-22T13:42:13+00:00","dateModified":"2026-03-18T13:53:37+00:00","breadcrumb":{"@id":"https:\/\/www.urbanspot.si\/produkt\/slusalke-xiaomi-mi-in-ear-basic-white\/#breadcrumb"},"inLanguage":"hr","potentialAction":[{"@type":"ReadAction","target":["https:\/\/www.urbanspot.si\/produkt\/slusalke-xiaomi-mi-in-ear-basic-white\/"]}]},{"@type":"ImageObject","inLanguage":"hr","@id":"https:\/\/www.urbanspot.si\/produkt\/slusalke-xiaomi-mi-in-ear-basic-white\/#primaryimage","url":"https:\/\/www.urbanspot.si\/wp-content\/uploads\/slusalke-xiaomi-mi-in-ear-basic-white.png","contentUrl":"https:\/\/www.urbanspot.si\/wp-content\/uploads\/slusalke-xiaomi-mi-in-ear-basic-white.png","width":600,"height":600,"caption":"Slu\u0161alke Xiaomi Mi In-Ear Basic"},{"@type":"BreadcrumbList","@id":"https:\/\/www.urbanspot.si\/produkt\/slusalke-xiaomi-mi-in-ear-basic-white\/#breadcrumb","itemListElement":[{"@type":"ListItem","position":1,"name":"Home","item":"https:\/\/www.urbanspot.si\/"},{"@type":"ListItem","position":2,"name":"Shop","item":"https:\/\/www.urbanspot.si\/shop\/"},{"@type":"ListItem","position":3,"name":"Slu\u0161alke Xiaomi Mi In-Ear Basic, White"}]},{"@type":"WebSite","@id":"https:\/\/www.urbanspot.si\/#website","url":"https:\/\/www.urbanspot.si\/","name":"UrbanSpot","description":"","publisher":{"@id":"https:\/\/www.urbanspot.si\/#organization"},"potentialAction":[{"@type":"SearchAction","target":{"@type":"EntryPoint","urlTemplate":"https:\/\/www.urbanspot.si\/?s={search_term_string}"},"query-input":{"@type":"PropertyValueSpecification","valueRequired":true,"valueName":"search_term_string"}}],"inLanguage":"hr"},{"@type":"Organization","@id":"https:\/\/www.urbanspot.si\/#organization","name":"UrbanSpot","url":"https:\/\/www.urbanspot.si\/","logo":{"@type":"ImageObject","inLanguage":"hr","@id":"https:\/\/www.urbanspot.si\/#\/schema\/logo\/image\/","url":"https:\/\/www.urbanspot.si\/wp-content\/uploads\/urbanspot-logo.svg","contentUrl":"https:\/\/www.urbanspot.si\/wp-content\/uploads\/urbanspot-logo.svg","width":185,"height":40,"caption":"UrbanSpot"},"image":{"@id":"https:\/\/www.urbanspot.si\/#\/schema\/logo\/image\/"},"sameAs":["https:\/\/www.facebook.com\/urbanspot.si"]}]}},"_links":{"self":[{"href":"https:\/\/www.urbanspot.si\/hr\/wp-json\/wp\/v2\/product\/14784","targetHints":{"allow":["GET"]}}],"collection":[{"href":"https:\/\/www.urbanspot.si\/hr\/wp-json\/wp\/v2\/product"}],"about":[{"href":"https:\/\/www.urbanspot.si\/hr\/wp-json\/wp\/v2\/types\/product"}],"replies":[{"embeddable":true,"href":"https:\/\/www.urbanspot.si\/hr\/wp-json\/wp\/v2\/comments?post=14784"}],"version-history":[{"count":1,"href":"https:\/\/www.urbanspot.si\/hr\/wp-json\/wp\/v2\/product\/14784\/revisions"}],"predecessor-version":[{"id":14785,"href":"https:\/\/www.urbanspot.si\/hr\/wp-json\/wp\/v2\/product\/14784\/revisions\/14785"}],"wp:featuredmedia":[{"embeddable":true,"href":"https:\/\/www.urbanspot.si\/hr\/wp-json\/wp\/v2\/media\/14786"}],"wp:attachment":[{"href":"https:\/\/www.urbanspot.si\/hr\/wp-json\/wp\/v2\/media?parent=14784"}],"wp:term":[{"taxonomy":"product_brand","embeddable":true,"href":"https:\/\/www.urbanspot.si\/hr\/wp-json\/wp\/v2\/product_brand?post=14784"},{"taxonomy":"product_cat","embeddable":true,"href":"https:\/\/www.urbanspot.si\/hr\/wp-json\/wp\/v2\/product_cat?post=14784"},{"taxonomy":"product_tag","embeddable":true,"href":"https:\/\/www.urbanspot.si\/hr\/wp-json\/wp\/v2\/product_tag?post=14784"}],"curies":[{"name":"radni list","href":"https:\/\/api.w.org\/{rel}","templated":true}]}}