{"id":14824,"date":"2024-05-22T14:42:23","date_gmt":"2024-05-22T13:42:23","guid":{"rendered":"https:\/\/www.urbanspot.si\/product\/urbie-wonder-gray-torba-za-prenosnike-do-16\/"},"modified":"2026-03-18T15:53:36","modified_gmt":"2026-03-18T13:53:36","slug":"urbie-wonder-siva-torba-za-laptop-do-16","status":"publish","type":"product","link":"https:\/\/www.urbanspot.si\/hr\/produkt\/urbie-wonder-gray-torba-za-prenosnike-do-16\/","title":{"rendered":"Urbie Wonder siva torba za laptop do 16&quot;"},"content":{"rendered":"<p>S Urbie Wonder torbom mo\u017eete ponijeti svoj laptop bilo gdje.<\/p>\n<p>Zna\u010dajke:\u00a0<\/p>\n<ul>\n<li>Laptop \u0107e biti za\u0161ti\u0107en od ogrebotina, udaraca i prljav\u0161tine.<\/li>\n<li>Materijal: Visoka kvaliteta<\/li>\n<li>Vrsta: Torba za tablet i laptop<\/li>\n<li>Boja: Siva s cvjetnim uzorcima<\/li>\n<li>Dimenzije: 40 cm x 27 cm x 3 cm<\/li>\n<li>Broj ladica: 2<\/li>\n<li>Pogodno za: laptope i tablete do 16&quot;<\/li>\n<li>Prakti\u010dno zatvaranje patentnim zatvara\u010dem<\/li>\n<li>Unutra\u0161njost ku\u0107i\u0161ta oblo\u017eena je debelim slojem mekog materijala koji dr\u017ei i \u0161titi ure\u0111aj od udaraca.<\/li>\n<li>Moderna i elegantna torba za svaki dan<\/li>\n<li>Dodatni podesivi remen za no\u0161enje\u00a0<\/li>\n<li>Duljina remena: od 60 cm do 130 cm<\/li>\n<\/ul>","protected":false},"excerpt":{"rendered":"<p>S Urbie Wonder torbom mo\u017eete ponijeti svoj laptop bilo gdje. Bit \u0107e za\u0161ti\u0107en od ogrebotina, udaraca i prljav\u0161tine.<br \/>\nPogodan je za sve laptope od 13&quot; i 16&quot;.<\/p>","protected":false},"featured_media":14826,"comment_status":"closed","ping_status":"closed","template":"","meta":[],"product_brand":[],"product_cat":[104,91,140,139,549],"product_tag":[],"class_list":{"0":"post-14824","1":"product","2":"type-product","3":"status-publish","4":"has-post-thumbnail","6":"product_cat-dodatna-oprema","7":"product_cat-razprodaja","8":"product_cat-torbe","9":"product_cat-torbe-in-nahrbtniki-za-prenosnike","10":"product_cat-torbe-za-prenosnike","12":"first","13":"outofstock","14":"sale","15":"taxable","16":"shipping-taxable","17":"purchasable","18":"product-type-simple"},"yoast_head":"<!-- This site is optimized with the Yoast SEO plugin v27.4 - https:\/\/yoast.com\/product\/yoast-seo-wordpress\/ -->\n<title>Urbie Wonder Gray torba za prenosnike do 16&quot; -<\/title>\n<meta name=\"robots\" content=\"index, follow, max-snippet:-1, max-image-preview:large, max-video-preview:-1\" \/>\n<link rel=\"canonical\" href=\"https:\/\/www.urbanspot.si\/hr\/proizvod-2\/urbie-wonder-siva-torba-za-laptop-do-16\/\" \/>\n<meta property=\"og:locale\" content=\"hr_HR\" \/>\n<meta property=\"og:type\" content=\"article\" \/>\n<meta property=\"og:title\" content=\"Urbie Wonder Gray torba za prenosnike do 16&quot; -\" \/>\n<meta property=\"og:description\" content=\"Z Urbie Wonder torbo lahko svoj prenosnik vzamete kamorkoli. Prenosnik bo za\u0161\u010diten pred praskami, udarci in umazanijo. Primerna je za vse 13&quot; in 16&quot; prenosnike.\" \/>\n<meta property=\"og:url\" content=\"https:\/\/www.urbanspot.si\/hr\/proizvod-2\/urbie-wonder-siva-torba-za-laptop-do-16\/\" \/>\n<meta property=\"article:publisher\" content=\"https:\/\/www.facebook.com\/urbanspot.si\" \/>\n<meta property=\"article:modified_time\" content=\"2026-03-18T13:53:36+00:00\" \/>\n<meta property=\"og:image\" content=\"https:\/\/www.urbanspot.si\/wp-content\/uploads\/urbie-wonder-gray-torba-za-prenosnike-do-16.jpg\" \/>\n\t<meta property=\"og:image:width\" content=\"1000\" \/>\n\t<meta property=\"og:image:height\" content=\"1000\" \/>\n\t<meta property=\"og:image:type\" content=\"image\/jpeg\" \/>\n<meta name=\"twitter:card\" content=\"summary_large_image\" \/>\n<script type=\"application\/ld+json\" class=\"yoast-schema-graph\">{\"@context\":\"https:\\\/\\\/schema.org\",\"@graph\":[{\"@type\":\"WebPage\",\"@id\":\"https:\\\/\\\/www.urbanspot.si\\\/produkt\\\/urbie-wonder-gray-torba-za-prenosnike-do-16\\\/\",\"url\":\"https:\\\/\\\/www.urbanspot.si\\\/produkt\\\/urbie-wonder-gray-torba-za-prenosnike-do-16\\\/\",\"name\":\"Urbie Wonder Gray torba za prenosnike do 16\\\" -\",\"isPartOf\":{\"@id\":\"https:\\\/\\\/www.urbanspot.si\\\/#website\"},\"primaryImageOfPage\":{\"@id\":\"https:\\\/\\\/www.urbanspot.si\\\/produkt\\\/urbie-wonder-gray-torba-za-prenosnike-do-16\\\/#primaryimage\"},\"image\":{\"@id\":\"https:\\\/\\\/www.urbanspot.si\\\/produkt\\\/urbie-wonder-gray-torba-za-prenosnike-do-16\\\/#primaryimage\"},\"thumbnailUrl\":\"https:\\\/\\\/www.urbanspot.si\\\/wp-content\\\/uploads\\\/urbie-wonder-gray-torba-za-prenosnike-do-16.jpg\",\"datePublished\":\"2024-05-22T13:42:23+00:00\",\"dateModified\":\"2026-03-18T13:53:36+00:00\",\"breadcrumb\":{\"@id\":\"https:\\\/\\\/www.urbanspot.si\\\/produkt\\\/urbie-wonder-gray-torba-za-prenosnike-do-16\\\/#breadcrumb\"},\"inLanguage\":\"hr\",\"potentialAction\":[{\"@type\":\"ReadAction\",\"target\":[\"https:\\\/\\\/www.urbanspot.si\\\/produkt\\\/urbie-wonder-gray-torba-za-prenosnike-do-16\\\/\"]}]},{\"@type\":\"ImageObject\",\"inLanguage\":\"hr\",\"@id\":\"https:\\\/\\\/www.urbanspot.si\\\/produkt\\\/urbie-wonder-gray-torba-za-prenosnike-do-16\\\/#primaryimage\",\"url\":\"https:\\\/\\\/www.urbanspot.si\\\/wp-content\\\/uploads\\\/urbie-wonder-gray-torba-za-prenosnike-do-16.jpg\",\"contentUrl\":\"https:\\\/\\\/www.urbanspot.si\\\/wp-content\\\/uploads\\\/urbie-wonder-gray-torba-za-prenosnike-do-16.jpg\",\"width\":1000,\"height\":1000,\"caption\":\"Urbie Wonder Gray torba za prenosnike do 16\\\"\"},{\"@type\":\"BreadcrumbList\",\"@id\":\"https:\\\/\\\/www.urbanspot.si\\\/produkt\\\/urbie-wonder-gray-torba-za-prenosnike-do-16\\\/#breadcrumb\",\"itemListElement\":[{\"@type\":\"ListItem\",\"position\":1,\"name\":\"Home\",\"item\":\"https:\\\/\\\/www.urbanspot.si\\\/\"},{\"@type\":\"ListItem\",\"position\":2,\"name\":\"Shop\",\"item\":\"https:\\\/\\\/www.urbanspot.si\\\/shop\\\/\"},{\"@type\":\"ListItem\",\"position\":3,\"name\":\"Urbie Wonder Gray torba za prenosnike do 16&#8243;\"}]},{\"@type\":\"WebSite\",\"@id\":\"https:\\\/\\\/www.urbanspot.si\\\/#website\",\"url\":\"https:\\\/\\\/www.urbanspot.si\\\/\",\"name\":\"UrbanSpot\",\"description\":\"\",\"publisher\":{\"@id\":\"https:\\\/\\\/www.urbanspot.si\\\/#organization\"},\"potentialAction\":[{\"@type\":\"SearchAction\",\"target\":{\"@type\":\"EntryPoint\",\"urlTemplate\":\"https:\\\/\\\/www.urbanspot.si\\\/?s={search_term_string}\"},\"query-input\":{\"@type\":\"PropertyValueSpecification\",\"valueRequired\":true,\"valueName\":\"search_term_string\"}}],\"inLanguage\":\"hr\"},{\"@type\":\"Organization\",\"@id\":\"https:\\\/\\\/www.urbanspot.si\\\/#organization\",\"name\":\"UrbanSpot\",\"url\":\"https:\\\/\\\/www.urbanspot.si\\\/\",\"logo\":{\"@type\":\"ImageObject\",\"inLanguage\":\"hr\",\"@id\":\"https:\\\/\\\/www.urbanspot.si\\\/#\\\/schema\\\/logo\\\/image\\\/\",\"url\":\"https:\\\/\\\/www.urbanspot.si\\\/wp-content\\\/uploads\\\/urbanspot-logo.svg\",\"contentUrl\":\"https:\\\/\\\/www.urbanspot.si\\\/wp-content\\\/uploads\\\/urbanspot-logo.svg\",\"width\":185,\"height\":40,\"caption\":\"UrbanSpot\"},\"image\":{\"@id\":\"https:\\\/\\\/www.urbanspot.si\\\/#\\\/schema\\\/logo\\\/image\\\/\"},\"sameAs\":[\"https:\\\/\\\/www.facebook.com\\\/urbanspot.si\"]}]}<\/script>\n<!-- \/ Yoast SEO plugin. -->","yoast_head_json":{"title":"Urbie Wonder Gray torba za prenosnike do 16\" -","robots":{"index":"index","follow":"follow","max-snippet":"max-snippet:-1","max-image-preview":"max-image-preview:large","max-video-preview":"max-video-preview:-1"},"canonical":"https:\/\/www.urbanspot.si\/hr\/proizvod-2\/urbie-wonder-siva-torba-za-laptop-do-16\/","og_locale":"hr_HR","og_type":"article","og_title":"Urbie Wonder Gray torba za prenosnike do 16\" -","og_description":"Z Urbie Wonder torbo lahko svoj prenosnik vzamete kamorkoli. Prenosnik bo za\u0161\u010diten pred praskami, udarci in umazanijo. Primerna je za vse 13\" in 16\" prenosnike.","og_url":"https:\/\/www.urbanspot.si\/hr\/proizvod-2\/urbie-wonder-siva-torba-za-laptop-do-16\/","article_publisher":"https:\/\/www.facebook.com\/urbanspot.si","article_modified_time":"2026-03-18T13:53:36+00:00","og_image":[{"width":1000,"height":1000,"url":"https:\/\/www.urbanspot.si\/wp-content\/uploads\/urbie-wonder-gray-torba-za-prenosnike-do-16.jpg","type":"image\/jpeg"}],"twitter_card":"summary_large_image","schema":{"@context":"https:\/\/schema.org","@graph":[{"@type":"WebPage","@id":"https:\/\/www.urbanspot.si\/produkt\/urbie-wonder-gray-torba-za-prenosnike-do-16\/","url":"https:\/\/www.urbanspot.si\/produkt\/urbie-wonder-gray-torba-za-prenosnike-do-16\/","name":"Urbie Wonder Gray torba za prenosnike do 16\" -","isPartOf":{"@id":"https:\/\/www.urbanspot.si\/#website"},"primaryImageOfPage":{"@id":"https:\/\/www.urbanspot.si\/produkt\/urbie-wonder-gray-torba-za-prenosnike-do-16\/#primaryimage"},"image":{"@id":"https:\/\/www.urbanspot.si\/produkt\/urbie-wonder-gray-torba-za-prenosnike-do-16\/#primaryimage"},"thumbnailUrl":"https:\/\/www.urbanspot.si\/wp-content\/uploads\/urbie-wonder-gray-torba-za-prenosnike-do-16.jpg","datePublished":"2024-05-22T13:42:23+00:00","dateModified":"2026-03-18T13:53:36+00:00","breadcrumb":{"@id":"https:\/\/www.urbanspot.si\/produkt\/urbie-wonder-gray-torba-za-prenosnike-do-16\/#breadcrumb"},"inLanguage":"hr","potentialAction":[{"@type":"ReadAction","target":["https:\/\/www.urbanspot.si\/produkt\/urbie-wonder-gray-torba-za-prenosnike-do-16\/"]}]},{"@type":"ImageObject","inLanguage":"hr","@id":"https:\/\/www.urbanspot.si\/produkt\/urbie-wonder-gray-torba-za-prenosnike-do-16\/#primaryimage","url":"https:\/\/www.urbanspot.si\/wp-content\/uploads\/urbie-wonder-gray-torba-za-prenosnike-do-16.jpg","contentUrl":"https:\/\/www.urbanspot.si\/wp-content\/uploads\/urbie-wonder-gray-torba-za-prenosnike-do-16.jpg","width":1000,"height":1000,"caption":"Urbie Wonder Gray torba za prenosnike do 16\""},{"@type":"BreadcrumbList","@id":"https:\/\/www.urbanspot.si\/produkt\/urbie-wonder-gray-torba-za-prenosnike-do-16\/#breadcrumb","itemListElement":[{"@type":"ListItem","position":1,"name":"Home","item":"https:\/\/www.urbanspot.si\/"},{"@type":"ListItem","position":2,"name":"Shop","item":"https:\/\/www.urbanspot.si\/shop\/"},{"@type":"ListItem","position":3,"name":"Urbie Wonder Gray torba za prenosnike do 16&#8243;"}]},{"@type":"WebSite","@id":"https:\/\/www.urbanspot.si\/#website","url":"https:\/\/www.urbanspot.si\/","name":"UrbanSpot","description":"","publisher":{"@id":"https:\/\/www.urbanspot.si\/#organization"},"potentialAction":[{"@type":"SearchAction","target":{"@type":"EntryPoint","urlTemplate":"https:\/\/www.urbanspot.si\/?s={search_term_string}"},"query-input":{"@type":"PropertyValueSpecification","valueRequired":true,"valueName":"search_term_string"}}],"inLanguage":"hr"},{"@type":"Organization","@id":"https:\/\/www.urbanspot.si\/#organization","name":"UrbanSpot","url":"https:\/\/www.urbanspot.si\/","logo":{"@type":"ImageObject","inLanguage":"hr","@id":"https:\/\/www.urbanspot.si\/#\/schema\/logo\/image\/","url":"https:\/\/www.urbanspot.si\/wp-content\/uploads\/urbanspot-logo.svg","contentUrl":"https:\/\/www.urbanspot.si\/wp-content\/uploads\/urbanspot-logo.svg","width":185,"height":40,"caption":"UrbanSpot"},"image":{"@id":"https:\/\/www.urbanspot.si\/#\/schema\/logo\/image\/"},"sameAs":["https:\/\/www.facebook.com\/urbanspot.si"]}]}},"_links":{"self":[{"href":"https:\/\/www.urbanspot.si\/hr\/wp-json\/wp\/v2\/product\/14824","targetHints":{"allow":["GET"]}}],"collection":[{"href":"https:\/\/www.urbanspot.si\/hr\/wp-json\/wp\/v2\/product"}],"about":[{"href":"https:\/\/www.urbanspot.si\/hr\/wp-json\/wp\/v2\/types\/product"}],"replies":[{"embeddable":true,"href":"https:\/\/www.urbanspot.si\/hr\/wp-json\/wp\/v2\/comments?post=14824"}],"version-history":[{"count":1,"href":"https:\/\/www.urbanspot.si\/hr\/wp-json\/wp\/v2\/product\/14824\/revisions"}],"predecessor-version":[{"id":14825,"href":"https:\/\/www.urbanspot.si\/hr\/wp-json\/wp\/v2\/product\/14824\/revisions\/14825"}],"wp:featuredmedia":[{"embeddable":true,"href":"https:\/\/www.urbanspot.si\/hr\/wp-json\/wp\/v2\/media\/14826"}],"wp:attachment":[{"href":"https:\/\/www.urbanspot.si\/hr\/wp-json\/wp\/v2\/media?parent=14824"}],"wp:term":[{"taxonomy":"product_brand","embeddable":true,"href":"https:\/\/www.urbanspot.si\/hr\/wp-json\/wp\/v2\/product_brand?post=14824"},{"taxonomy":"product_cat","embeddable":true,"href":"https:\/\/www.urbanspot.si\/hr\/wp-json\/wp\/v2\/product_cat?post=14824"},{"taxonomy":"product_tag","embeddable":true,"href":"https:\/\/www.urbanspot.si\/hr\/wp-json\/wp\/v2\/product_tag?post=14824"}],"curies":[{"name":"radni list","href":"https:\/\/api.w.org\/{rel}","templated":true}]}}