{"id":15235,"date":"2024-05-22T14:43:25","date_gmt":"2024-05-22T13:43:25","guid":{"rendered":"https:\/\/www.urbanspot.si\/product\/zascitni-ovitek-guess-script-metal-logo-iphone-13\/"},"modified":"2026-03-18T15:53:25","modified_gmt":"2026-03-18T13:53:25","slug":"zastitna-futrola-pretpostavljeni-skript-metalni-logo-iphone-13","status":"publish","type":"product","link":"https:\/\/www.urbanspot.si\/hr\/produkt\/zascitni-ovitek-guess-script-metal-logo-iphone-13\/","title":{"rendered":"Za\u0161titna futrola Guess Script Metal Logo za iPhone 13"},"content":{"rendered":"<p>Za\u0161titna maskica Guess komad je elegancije i sofisticiranosti u podru\u010dju za\u0161tite va\u0161eg telefona od mehani\u010dkih o\u0161te\u0107enja. Stra\u017enja plo\u010da izra\u0111ena je od visokokvalitetnog silikona koji je ugodan na dodir i pobolj\u0161ava prianjanje telefona. Maska ima blago podignuti rub sprijeda koji \u0107e uvelike omek\u0161ati zaslon telefona kada padne na ravnu povr\u0161inu.\u00a0<\/p>\n<p>\u00a0<\/p>\n<ul>\n<li>\u0160titi od udaraca, padova, ogrebotina i prljav\u0161tine<\/li>\n<li>Otporno na udarce<\/li>\n<li>Pobolj\u0161ano prianjanje<\/li>\n<li>Ugodan osje\u0107aj u rukama<\/li>\n<li>Normalan pristup svim tipkama i funkcijama<\/li>\n<li>Izvrsna izdr\u017eljivost i trajnost<\/li>\n<li>Moderan izgled i potpuna za\u0161tita u jednom<\/li>\n<li>Kvalitetni materijali<\/li>\n<li>Moderan izgled<\/li>\n<li>Izvorni proizvod<\/li>\n<\/ul>","protected":false},"excerpt":{"rendered":"<p>Za\u0161titna maskica Guess Silicone Script savr\u0161eno \u0107e pristajati va\u0161em mobitelu i \u0161tititi ga od udaraca. Originalna maskica \u0107e prekrasno ukrasiti va\u0161 ure\u0111aj, isti\u010du\u0107i vas iz mase. Kombinira visoku kvalitetu, jedinstveni dizajn i funkcionalnost.<\/p>","protected":false},"featured_media":15237,"comment_status":"closed","ping_status":"closed","template":"","meta":[],"product_brand":[],"product_cat":[92,250,331,91],"product_tag":[],"class_list":{"0":"post-15235","1":"product","2":"type-product","3":"status-publish","4":"has-post-thumbnail","6":"product_cat-apple","7":"product_cat-apple-iphone-13-serija","8":"product_cat-iphone-13-apple-iphone-13-serija","9":"product_cat-razprodaja","10":"pa_primerno-za-model-iphone-13","11":"pa_primerno-za-proizvajalca-apple","13":"first","14":"outofstock","15":"sale","16":"taxable","17":"shipping-taxable","18":"purchasable","19":"product-type-simple"},"yoast_head":"<!-- This site is optimized with the Yoast SEO plugin v27.4 - https:\/\/yoast.com\/product\/yoast-seo-wordpress\/ -->\n<title>Za\u0161\u010ditni ovitek Guess Script Metal Logo, Iphone 13 -<\/title>\n<meta name=\"robots\" content=\"index, follow, max-snippet:-1, max-image-preview:large, max-video-preview:-1\" \/>\n<link rel=\"canonical\" href=\"https:\/\/www.urbanspot.si\/hr\/proizvod-2\/zastitna-futrola-pretpostavljeni-skript-metalni-logo-iphone-13\/\" \/>\n<meta property=\"og:locale\" content=\"hr_HR\" \/>\n<meta property=\"og:type\" content=\"article\" \/>\n<meta property=\"og:title\" content=\"Za\u0161\u010ditni ovitek Guess Script Metal Logo, Iphone 13 -\" \/>\n<meta property=\"og:description\" content=\"Guess Silicone Script za\u0161\u010ditni ovitek se bo odli\u010dno podal va\u0161emu mobilnemu telefonu in ga hkrati za\u0161\u010ditil proti udarcem. Originalen ovitek bo \u010dudovito krasil va\u0161 aparat, zaradi katerega boste izstopali iz mno\u017eice. Zdru\u017eujejo ga visoka kakovost, edinstven dizajn ter funkcionalnost.\" \/>\n<meta property=\"og:url\" content=\"https:\/\/www.urbanspot.si\/hr\/proizvod-2\/zastitna-futrola-pretpostavljeni-skript-metalni-logo-iphone-13\/\" \/>\n<meta property=\"article:publisher\" content=\"https:\/\/www.facebook.com\/urbanspot.si\" \/>\n<meta property=\"article:modified_time\" content=\"2026-03-18T13:53:25+00:00\" \/>\n<meta property=\"og:image\" content=\"https:\/\/www.urbanspot.si\/wp-content\/uploads\/zascitni-ovitek-guess-script-metal-logo-iphone-13.jpg\" \/>\n\t<meta property=\"og:image:width\" content=\"600\" \/>\n\t<meta property=\"og:image:height\" content=\"600\" \/>\n\t<meta property=\"og:image:type\" content=\"image\/jpeg\" \/>\n<meta name=\"twitter:card\" content=\"summary_large_image\" \/>\n<meta name=\"twitter:label1\" content=\"Procijenjeno vrijeme \u010ditanja\" \/>\n\t<meta name=\"twitter:data1\" content=\"1 minuta\" \/>\n<script type=\"application\/ld+json\" class=\"yoast-schema-graph\">{\"@context\":\"https:\\\/\\\/schema.org\",\"@graph\":[{\"@type\":\"WebPage\",\"@id\":\"https:\\\/\\\/www.urbanspot.si\\\/produkt\\\/zascitni-ovitek-guess-script-metal-logo-iphone-13\\\/\",\"url\":\"https:\\\/\\\/www.urbanspot.si\\\/produkt\\\/zascitni-ovitek-guess-script-metal-logo-iphone-13\\\/\",\"name\":\"Za\u0161\u010ditni ovitek Guess Script Metal Logo, Iphone 13 -\",\"isPartOf\":{\"@id\":\"https:\\\/\\\/www.urbanspot.si\\\/#website\"},\"primaryImageOfPage\":{\"@id\":\"https:\\\/\\\/www.urbanspot.si\\\/produkt\\\/zascitni-ovitek-guess-script-metal-logo-iphone-13\\\/#primaryimage\"},\"image\":{\"@id\":\"https:\\\/\\\/www.urbanspot.si\\\/produkt\\\/zascitni-ovitek-guess-script-metal-logo-iphone-13\\\/#primaryimage\"},\"thumbnailUrl\":\"https:\\\/\\\/www.urbanspot.si\\\/wp-content\\\/uploads\\\/zascitni-ovitek-guess-script-metal-logo-iphone-13.jpg\",\"datePublished\":\"2024-05-22T13:43:25+00:00\",\"dateModified\":\"2026-03-18T13:53:25+00:00\",\"breadcrumb\":{\"@id\":\"https:\\\/\\\/www.urbanspot.si\\\/produkt\\\/zascitni-ovitek-guess-script-metal-logo-iphone-13\\\/#breadcrumb\"},\"inLanguage\":\"hr\",\"potentialAction\":[{\"@type\":\"ReadAction\",\"target\":[\"https:\\\/\\\/www.urbanspot.si\\\/produkt\\\/zascitni-ovitek-guess-script-metal-logo-iphone-13\\\/\"]}]},{\"@type\":\"ImageObject\",\"inLanguage\":\"hr\",\"@id\":\"https:\\\/\\\/www.urbanspot.si\\\/produkt\\\/zascitni-ovitek-guess-script-metal-logo-iphone-13\\\/#primaryimage\",\"url\":\"https:\\\/\\\/www.urbanspot.si\\\/wp-content\\\/uploads\\\/zascitni-ovitek-guess-script-metal-logo-iphone-13.jpg\",\"contentUrl\":\"https:\\\/\\\/www.urbanspot.si\\\/wp-content\\\/uploads\\\/zascitni-ovitek-guess-script-metal-logo-iphone-13.jpg\",\"width\":600,\"height\":600,\"caption\":\"Za\u0161\u010ditni ovitek Guess Script Metal Logo\"},{\"@type\":\"BreadcrumbList\",\"@id\":\"https:\\\/\\\/www.urbanspot.si\\\/produkt\\\/zascitni-ovitek-guess-script-metal-logo-iphone-13\\\/#breadcrumb\",\"itemListElement\":[{\"@type\":\"ListItem\",\"position\":1,\"name\":\"Home\",\"item\":\"https:\\\/\\\/www.urbanspot.si\\\/\"},{\"@type\":\"ListItem\",\"position\":2,\"name\":\"Shop\",\"item\":\"https:\\\/\\\/www.urbanspot.si\\\/shop\\\/\"},{\"@type\":\"ListItem\",\"position\":3,\"name\":\"Za\u0161\u010ditni ovitek Guess Script Metal Logo, Iphone 13\"}]},{\"@type\":\"WebSite\",\"@id\":\"https:\\\/\\\/www.urbanspot.si\\\/#website\",\"url\":\"https:\\\/\\\/www.urbanspot.si\\\/\",\"name\":\"UrbanSpot\",\"description\":\"\",\"publisher\":{\"@id\":\"https:\\\/\\\/www.urbanspot.si\\\/#organization\"},\"potentialAction\":[{\"@type\":\"SearchAction\",\"target\":{\"@type\":\"EntryPoint\",\"urlTemplate\":\"https:\\\/\\\/www.urbanspot.si\\\/?s={search_term_string}\"},\"query-input\":{\"@type\":\"PropertyValueSpecification\",\"valueRequired\":true,\"valueName\":\"search_term_string\"}}],\"inLanguage\":\"hr\"},{\"@type\":\"Organization\",\"@id\":\"https:\\\/\\\/www.urbanspot.si\\\/#organization\",\"name\":\"UrbanSpot\",\"url\":\"https:\\\/\\\/www.urbanspot.si\\\/\",\"logo\":{\"@type\":\"ImageObject\",\"inLanguage\":\"hr\",\"@id\":\"https:\\\/\\\/www.urbanspot.si\\\/#\\\/schema\\\/logo\\\/image\\\/\",\"url\":\"https:\\\/\\\/www.urbanspot.si\\\/wp-content\\\/uploads\\\/urbanspot-logo.svg\",\"contentUrl\":\"https:\\\/\\\/www.urbanspot.si\\\/wp-content\\\/uploads\\\/urbanspot-logo.svg\",\"width\":185,\"height\":40,\"caption\":\"UrbanSpot\"},\"image\":{\"@id\":\"https:\\\/\\\/www.urbanspot.si\\\/#\\\/schema\\\/logo\\\/image\\\/\"},\"sameAs\":[\"https:\\\/\\\/www.facebook.com\\\/urbanspot.si\"]}]}<\/script>\n<!-- \/ Yoast SEO plugin. -->","yoast_head_json":{"title":"Pretpostavi Skript Metal Logo za\u0161titni futrola, iPhone 13 -","robots":{"index":"index","follow":"follow","max-snippet":"max-snippet:-1","max-image-preview":"max-image-preview:large","max-video-preview":"max-video-preview:-1"},"canonical":"https:\/\/www.urbanspot.si\/hr\/proizvod-2\/zastitna-futrola-pretpostavljeni-skript-metalni-logo-iphone-13\/","og_locale":"hr_HR","og_type":"article","og_title":"Za\u0161\u010ditni ovitek Guess Script Metal Logo, Iphone 13 -","og_description":"Guess Silicone Script za\u0161\u010ditni ovitek se bo odli\u010dno podal va\u0161emu mobilnemu telefonu in ga hkrati za\u0161\u010ditil proti udarcem. Originalen ovitek bo \u010dudovito krasil va\u0161 aparat, zaradi katerega boste izstopali iz mno\u017eice. Zdru\u017eujejo ga visoka kakovost, edinstven dizajn ter funkcionalnost.","og_url":"https:\/\/www.urbanspot.si\/hr\/proizvod-2\/zastitna-futrola-pretpostavljeni-skript-metalni-logo-iphone-13\/","article_publisher":"https:\/\/www.facebook.com\/urbanspot.si","article_modified_time":"2026-03-18T13:53:25+00:00","og_image":[{"width":600,"height":600,"url":"https:\/\/www.urbanspot.si\/wp-content\/uploads\/zascitni-ovitek-guess-script-metal-logo-iphone-13.jpg","type":"image\/jpeg"}],"twitter_card":"summary_large_image","twitter_misc":{"Procijenjeno vrijeme \u010ditanja":"1 minuta"},"schema":{"@context":"https:\/\/schema.org","@graph":[{"@type":"WebPage","@id":"https:\/\/www.urbanspot.si\/produkt\/zascitni-ovitek-guess-script-metal-logo-iphone-13\/","url":"https:\/\/www.urbanspot.si\/produkt\/zascitni-ovitek-guess-script-metal-logo-iphone-13\/","name":"Pretpostavi Skript Metal Logo za\u0161titni futrola, iPhone 13 -","isPartOf":{"@id":"https:\/\/www.urbanspot.si\/#website"},"primaryImageOfPage":{"@id":"https:\/\/www.urbanspot.si\/produkt\/zascitni-ovitek-guess-script-metal-logo-iphone-13\/#primaryimage"},"image":{"@id":"https:\/\/www.urbanspot.si\/produkt\/zascitni-ovitek-guess-script-metal-logo-iphone-13\/#primaryimage"},"thumbnailUrl":"https:\/\/www.urbanspot.si\/wp-content\/uploads\/zascitni-ovitek-guess-script-metal-logo-iphone-13.jpg","datePublished":"2024-05-22T13:43:25+00:00","dateModified":"2026-03-18T13:53:25+00:00","breadcrumb":{"@id":"https:\/\/www.urbanspot.si\/produkt\/zascitni-ovitek-guess-script-metal-logo-iphone-13\/#breadcrumb"},"inLanguage":"hr","potentialAction":[{"@type":"ReadAction","target":["https:\/\/www.urbanspot.si\/produkt\/zascitni-ovitek-guess-script-metal-logo-iphone-13\/"]}]},{"@type":"ImageObject","inLanguage":"hr","@id":"https:\/\/www.urbanspot.si\/produkt\/zascitni-ovitek-guess-script-metal-logo-iphone-13\/#primaryimage","url":"https:\/\/www.urbanspot.si\/wp-content\/uploads\/zascitni-ovitek-guess-script-metal-logo-iphone-13.jpg","contentUrl":"https:\/\/www.urbanspot.si\/wp-content\/uploads\/zascitni-ovitek-guess-script-metal-logo-iphone-13.jpg","width":600,"height":600,"caption":"Za\u0161\u010ditni ovitek Guess Script Metal Logo"},{"@type":"BreadcrumbList","@id":"https:\/\/www.urbanspot.si\/produkt\/zascitni-ovitek-guess-script-metal-logo-iphone-13\/#breadcrumb","itemListElement":[{"@type":"ListItem","position":1,"name":"Home","item":"https:\/\/www.urbanspot.si\/"},{"@type":"ListItem","position":2,"name":"Shop","item":"https:\/\/www.urbanspot.si\/shop\/"},{"@type":"ListItem","position":3,"name":"Za\u0161\u010ditni ovitek Guess Script Metal Logo, Iphone 13"}]},{"@type":"WebSite","@id":"https:\/\/www.urbanspot.si\/#website","url":"https:\/\/www.urbanspot.si\/","name":"UrbanSpot","description":"","publisher":{"@id":"https:\/\/www.urbanspot.si\/#organization"},"potentialAction":[{"@type":"SearchAction","target":{"@type":"EntryPoint","urlTemplate":"https:\/\/www.urbanspot.si\/?s={search_term_string}"},"query-input":{"@type":"PropertyValueSpecification","valueRequired":true,"valueName":"search_term_string"}}],"inLanguage":"hr"},{"@type":"Organization","@id":"https:\/\/www.urbanspot.si\/#organization","name":"UrbanSpot","url":"https:\/\/www.urbanspot.si\/","logo":{"@type":"ImageObject","inLanguage":"hr","@id":"https:\/\/www.urbanspot.si\/#\/schema\/logo\/image\/","url":"https:\/\/www.urbanspot.si\/wp-content\/uploads\/urbanspot-logo.svg","contentUrl":"https:\/\/www.urbanspot.si\/wp-content\/uploads\/urbanspot-logo.svg","width":185,"height":40,"caption":"UrbanSpot"},"image":{"@id":"https:\/\/www.urbanspot.si\/#\/schema\/logo\/image\/"},"sameAs":["https:\/\/www.facebook.com\/urbanspot.si"]}]}},"_links":{"self":[{"href":"https:\/\/www.urbanspot.si\/hr\/wp-json\/wp\/v2\/product\/15235","targetHints":{"allow":["GET"]}}],"collection":[{"href":"https:\/\/www.urbanspot.si\/hr\/wp-json\/wp\/v2\/product"}],"about":[{"href":"https:\/\/www.urbanspot.si\/hr\/wp-json\/wp\/v2\/types\/product"}],"replies":[{"embeddable":true,"href":"https:\/\/www.urbanspot.si\/hr\/wp-json\/wp\/v2\/comments?post=15235"}],"version-history":[{"count":1,"href":"https:\/\/www.urbanspot.si\/hr\/wp-json\/wp\/v2\/product\/15235\/revisions"}],"predecessor-version":[{"id":15236,"href":"https:\/\/www.urbanspot.si\/hr\/wp-json\/wp\/v2\/product\/15235\/revisions\/15236"}],"wp:featuredmedia":[{"embeddable":true,"href":"https:\/\/www.urbanspot.si\/hr\/wp-json\/wp\/v2\/media\/15237"}],"wp:attachment":[{"href":"https:\/\/www.urbanspot.si\/hr\/wp-json\/wp\/v2\/media?parent=15235"}],"wp:term":[{"taxonomy":"product_brand","embeddable":true,"href":"https:\/\/www.urbanspot.si\/hr\/wp-json\/wp\/v2\/product_brand?post=15235"},{"taxonomy":"product_cat","embeddable":true,"href":"https:\/\/www.urbanspot.si\/hr\/wp-json\/wp\/v2\/product_cat?post=15235"},{"taxonomy":"product_tag","embeddable":true,"href":"https:\/\/www.urbanspot.si\/hr\/wp-json\/wp\/v2\/product_tag?post=15235"}],"curies":[{"name":"radni list","href":"https:\/\/api.w.org\/{rel}","templated":true}]}}