{"id":15339,"date":"2024-05-22T14:43:44","date_gmt":"2024-05-22T13:43:44","guid":{"rendered":"https:\/\/www.urbanspot.si\/product\/ovitek-urbie-kickstand-pink-xiaomi-redmi-note-11-poco-m4-pro-5g\/"},"modified":"2026-03-19T16:04:58","modified_gmt":"2026-03-19T14:04:58","slug":"urbie-kickstand-ruzicasta-futrola-za-xiaomi-redmi-note-11-poco-m4-pro-5g","status":"publish","type":"product","link":"https:\/\/www.urbanspot.si\/hr\/produkt\/ovitek-urbie-kickstand-pink-xiaomi-redmi-note-11-poco-m4-pro-5g\/","title":{"rendered":"Urbie futrola s postoljem, roza, Xiaomi Redmi Note 11\/ Poco M4 Pro 5G"},"content":{"rendered":"<p>Urbie ru\u017ei\u010dasta za\u0161titna futrola s stalkom:<\/p>\n<p>\u00a0<\/p>\n<ul>\n<li>\u2013 Silikonska futrola izra\u0111ena od visokokvalitetnog materijala s visokom razinom izdr\u017eljivosti<\/li>\n<li>\u2013 Mekan i ugodan materijal na dodir<\/li>\n<li>- Pokriva sve bo\u010dne strane i stra\u017enju stranu telefona<\/li>\n<li>\u2013 Besplatan pristup svim funkcijama telefona<\/li>\n<li>\u2013 Blago podignuti rub ku\u0107i\u0161ta \u0161titi objektiv kamere od ogrebotina<\/li>\n<li>\u2013 Instalirajte i uklonite za nekoliko sekundi<\/li>\n<li>\u2013 Ugodan na dodir<\/li>\n<\/ul>","protected":false},"excerpt":{"rendered":"<p>Futrola Urbia Kickstand Pink odlikuje se ne samo izvanrednom kvalitetom, nego i dizajnom. Futrola \u0107e va\u0161em telefonu dati potpuno prirodan izgled, a istovremeno pru\u017eiti izvrsnu za\u0161titu.<\/p>","protected":false},"featured_media":15341,"comment_status":"closed","ping_status":"open","template":"","meta":[],"product_brand":[],"product_cat":[473,91,474,232,301,233],"product_tag":[],"class_list":{"0":"post-15339","1":"product","2":"type-product","3":"status-publish","4":"has-post-thumbnail","6":"product_cat-poco-m4-pro-5g","7":"product_cat-razprodaja","8":"product_cat-redmi-note-11","9":"product_cat-xiaomi-2","10":"product_cat-xiaomi-poco-serija","11":"product_cat-xiaomi-redmi-serija","12":"pa_primerno-za-proizvajalca-xiaomi","14":"first","15":"instock","16":"sale","17":"taxable","18":"shipping-taxable","19":"purchasable","20":"product-type-simple"},"yoast_head":"<!-- This site is optimized with the Yoast SEO plugin v27.4 - https:\/\/yoast.com\/product\/yoast-seo-wordpress\/ -->\n<title>Ovitek Urbie Kickstand Pink,Xiaomi Redmi Note 11\/ Poco M4 Pro 5G -<\/title>\n<meta name=\"robots\" content=\"index, follow, max-snippet:-1, max-image-preview:large, max-video-preview:-1\" \/>\n<link rel=\"canonical\" href=\"https:\/\/www.urbanspot.si\/hr\/proizvod-2\/urbie-kickstand-ruzicasta-futrola-za-xiaomi-redmi-note-11-poco-m4-pro-5g\/\" \/>\n<meta property=\"og:locale\" content=\"hr_HR\" \/>\n<meta property=\"og:type\" content=\"article\" \/>\n<meta property=\"og:title\" content=\"Ovitek Urbie Kickstand Pink,Xiaomi Redmi Note 11\/ Poco M4 Pro 5G -\" \/>\n<meta property=\"og:description\" content=\"Ovitek Urbie Kickstand Pink ne odlikuje le izjemna kakovost, temve\u010d tudi dizajn. Ovitek bo poskrbel za popolnoma naraven videz telefona, kljub temu pa bo le ta odli\u010dno za\u0161\u010diten.\" \/>\n<meta property=\"og:url\" content=\"https:\/\/www.urbanspot.si\/hr\/proizvod-2\/urbie-kickstand-ruzicasta-futrola-za-xiaomi-redmi-note-11-poco-m4-pro-5g\/\" \/>\n<meta property=\"article:publisher\" content=\"https:\/\/www.facebook.com\/urbanspot.si\" \/>\n<meta property=\"article:modified_time\" content=\"2026-03-19T14:04:58+00:00\" \/>\n<meta property=\"og:image\" content=\"https:\/\/www.urbanspot.si\/wp-content\/uploads\/ovitek-urbie-kickstand-pink-xiaomi-redmi-note-11-poco-m4-pro-5g.jpg\" \/>\n\t<meta property=\"og:image:width\" content=\"1200\" \/>\n\t<meta property=\"og:image:height\" content=\"1200\" \/>\n\t<meta property=\"og:image:type\" content=\"image\/jpeg\" \/>\n<meta name=\"twitter:card\" content=\"summary_large_image\" \/>\n<script type=\"application\/ld+json\" class=\"yoast-schema-graph\">{\"@context\":\"https:\\\/\\\/schema.org\",\"@graph\":[{\"@type\":\"WebPage\",\"@id\":\"https:\\\/\\\/www.urbanspot.si\\\/produkt\\\/ovitek-urbie-kickstand-pink-xiaomi-redmi-note-11-poco-m4-pro-5g\\\/\",\"url\":\"https:\\\/\\\/www.urbanspot.si\\\/produkt\\\/ovitek-urbie-kickstand-pink-xiaomi-redmi-note-11-poco-m4-pro-5g\\\/\",\"name\":\"Ovitek Urbie Kickstand Pink,Xiaomi Redmi Note 11\\\/ Poco M4 Pro 5G -\",\"isPartOf\":{\"@id\":\"https:\\\/\\\/www.urbanspot.si\\\/#website\"},\"primaryImageOfPage\":{\"@id\":\"https:\\\/\\\/www.urbanspot.si\\\/produkt\\\/ovitek-urbie-kickstand-pink-xiaomi-redmi-note-11-poco-m4-pro-5g\\\/#primaryimage\"},\"image\":{\"@id\":\"https:\\\/\\\/www.urbanspot.si\\\/produkt\\\/ovitek-urbie-kickstand-pink-xiaomi-redmi-note-11-poco-m4-pro-5g\\\/#primaryimage\"},\"thumbnailUrl\":\"https:\\\/\\\/www.urbanspot.si\\\/wp-content\\\/uploads\\\/ovitek-urbie-kickstand-pink-xiaomi-redmi-note-11-poco-m4-pro-5g.jpg\",\"datePublished\":\"2024-05-22T13:43:44+00:00\",\"dateModified\":\"2026-03-19T14:04:58+00:00\",\"breadcrumb\":{\"@id\":\"https:\\\/\\\/www.urbanspot.si\\\/produkt\\\/ovitek-urbie-kickstand-pink-xiaomi-redmi-note-11-poco-m4-pro-5g\\\/#breadcrumb\"},\"inLanguage\":\"hr\",\"potentialAction\":[{\"@type\":\"ReadAction\",\"target\":[\"https:\\\/\\\/www.urbanspot.si\\\/produkt\\\/ovitek-urbie-kickstand-pink-xiaomi-redmi-note-11-poco-m4-pro-5g\\\/\"]}]},{\"@type\":\"ImageObject\",\"inLanguage\":\"hr\",\"@id\":\"https:\\\/\\\/www.urbanspot.si\\\/produkt\\\/ovitek-urbie-kickstand-pink-xiaomi-redmi-note-11-poco-m4-pro-5g\\\/#primaryimage\",\"url\":\"https:\\\/\\\/www.urbanspot.si\\\/wp-content\\\/uploads\\\/ovitek-urbie-kickstand-pink-xiaomi-redmi-note-11-poco-m4-pro-5g.jpg\",\"contentUrl\":\"https:\\\/\\\/www.urbanspot.si\\\/wp-content\\\/uploads\\\/ovitek-urbie-kickstand-pink-xiaomi-redmi-note-11-poco-m4-pro-5g.jpg\",\"width\":1200,\"height\":1200,\"caption\":\"Ovitek Urbie Kickstand Pink\"},{\"@type\":\"BreadcrumbList\",\"@id\":\"https:\\\/\\\/www.urbanspot.si\\\/produkt\\\/ovitek-urbie-kickstand-pink-xiaomi-redmi-note-11-poco-m4-pro-5g\\\/#breadcrumb\",\"itemListElement\":[{\"@type\":\"ListItem\",\"position\":1,\"name\":\"Home\",\"item\":\"https:\\\/\\\/www.urbanspot.si\\\/\"},{\"@type\":\"ListItem\",\"position\":2,\"name\":\"Shop\",\"item\":\"https:\\\/\\\/www.urbanspot.si\\\/shop\\\/\"},{\"@type\":\"ListItem\",\"position\":3,\"name\":\"Ovitek Urbie Kickstand Pink,Xiaomi Redmi Note 11\\\/ Poco M4 Pro 5G\"}]},{\"@type\":\"WebSite\",\"@id\":\"https:\\\/\\\/www.urbanspot.si\\\/#website\",\"url\":\"https:\\\/\\\/www.urbanspot.si\\\/\",\"name\":\"UrbanSpot\",\"description\":\"\",\"publisher\":{\"@id\":\"https:\\\/\\\/www.urbanspot.si\\\/#organization\"},\"potentialAction\":[{\"@type\":\"SearchAction\",\"target\":{\"@type\":\"EntryPoint\",\"urlTemplate\":\"https:\\\/\\\/www.urbanspot.si\\\/?s={search_term_string}\"},\"query-input\":{\"@type\":\"PropertyValueSpecification\",\"valueRequired\":true,\"valueName\":\"search_term_string\"}}],\"inLanguage\":\"hr\"},{\"@type\":\"Organization\",\"@id\":\"https:\\\/\\\/www.urbanspot.si\\\/#organization\",\"name\":\"UrbanSpot\",\"url\":\"https:\\\/\\\/www.urbanspot.si\\\/\",\"logo\":{\"@type\":\"ImageObject\",\"inLanguage\":\"hr\",\"@id\":\"https:\\\/\\\/www.urbanspot.si\\\/#\\\/schema\\\/logo\\\/image\\\/\",\"url\":\"https:\\\/\\\/www.urbanspot.si\\\/wp-content\\\/uploads\\\/urbanspot-logo.svg\",\"contentUrl\":\"https:\\\/\\\/www.urbanspot.si\\\/wp-content\\\/uploads\\\/urbanspot-logo.svg\",\"width\":185,\"height\":40,\"caption\":\"UrbanSpot\"},\"image\":{\"@id\":\"https:\\\/\\\/www.urbanspot.si\\\/#\\\/schema\\\/logo\\\/image\\\/\"},\"sameAs\":[\"https:\\\/\\\/www.facebook.com\\\/urbanspot.si\"]}]}<\/script>\n<!-- \/ Yoast SEO plugin. -->","yoast_head_json":{"title":"Ovitek Urbie Kickstand Pink,Xiaomi Redmi Note 11\/ Poco M4 Pro 5G -","robots":{"index":"index","follow":"follow","max-snippet":"max-snippet:-1","max-image-preview":"max-image-preview:large","max-video-preview":"max-video-preview:-1"},"canonical":"https:\/\/www.urbanspot.si\/hr\/proizvod-2\/urbie-kickstand-ruzicasta-futrola-za-xiaomi-redmi-note-11-poco-m4-pro-5g\/","og_locale":"hr_HR","og_type":"article","og_title":"Ovitek Urbie Kickstand Pink,Xiaomi Redmi Note 11\/ Poco M4 Pro 5G -","og_description":"Ovitek Urbie Kickstand Pink ne odlikuje le izjemna kakovost, temve\u010d tudi dizajn. Ovitek bo poskrbel za popolnoma naraven videz telefona, kljub temu pa bo le ta odli\u010dno za\u0161\u010diten.","og_url":"https:\/\/www.urbanspot.si\/hr\/proizvod-2\/urbie-kickstand-ruzicasta-futrola-za-xiaomi-redmi-note-11-poco-m4-pro-5g\/","article_publisher":"https:\/\/www.facebook.com\/urbanspot.si","article_modified_time":"2026-03-19T14:04:58+00:00","og_image":[{"width":1200,"height":1200,"url":"https:\/\/www.urbanspot.si\/wp-content\/uploads\/ovitek-urbie-kickstand-pink-xiaomi-redmi-note-11-poco-m4-pro-5g.jpg","type":"image\/jpeg"}],"twitter_card":"summary_large_image","schema":{"@context":"https:\/\/schema.org","@graph":[{"@type":"WebPage","@id":"https:\/\/www.urbanspot.si\/produkt\/ovitek-urbie-kickstand-pink-xiaomi-redmi-note-11-poco-m4-pro-5g\/","url":"https:\/\/www.urbanspot.si\/produkt\/ovitek-urbie-kickstand-pink-xiaomi-redmi-note-11-poco-m4-pro-5g\/","name":"Ovitek Urbie Kickstand Pink,Xiaomi Redmi Note 11\/ Poco M4 Pro 5G -","isPartOf":{"@id":"https:\/\/www.urbanspot.si\/#website"},"primaryImageOfPage":{"@id":"https:\/\/www.urbanspot.si\/produkt\/ovitek-urbie-kickstand-pink-xiaomi-redmi-note-11-poco-m4-pro-5g\/#primaryimage"},"image":{"@id":"https:\/\/www.urbanspot.si\/produkt\/ovitek-urbie-kickstand-pink-xiaomi-redmi-note-11-poco-m4-pro-5g\/#primaryimage"},"thumbnailUrl":"https:\/\/www.urbanspot.si\/wp-content\/uploads\/ovitek-urbie-kickstand-pink-xiaomi-redmi-note-11-poco-m4-pro-5g.jpg","datePublished":"2024-05-22T13:43:44+00:00","dateModified":"2026-03-19T14:04:58+00:00","breadcrumb":{"@id":"https:\/\/www.urbanspot.si\/produkt\/ovitek-urbie-kickstand-pink-xiaomi-redmi-note-11-poco-m4-pro-5g\/#breadcrumb"},"inLanguage":"hr","potentialAction":[{"@type":"ReadAction","target":["https:\/\/www.urbanspot.si\/produkt\/ovitek-urbie-kickstand-pink-xiaomi-redmi-note-11-poco-m4-pro-5g\/"]}]},{"@type":"ImageObject","inLanguage":"hr","@id":"https:\/\/www.urbanspot.si\/produkt\/ovitek-urbie-kickstand-pink-xiaomi-redmi-note-11-poco-m4-pro-5g\/#primaryimage","url":"https:\/\/www.urbanspot.si\/wp-content\/uploads\/ovitek-urbie-kickstand-pink-xiaomi-redmi-note-11-poco-m4-pro-5g.jpg","contentUrl":"https:\/\/www.urbanspot.si\/wp-content\/uploads\/ovitek-urbie-kickstand-pink-xiaomi-redmi-note-11-poco-m4-pro-5g.jpg","width":1200,"height":1200,"caption":"Ovitek Urbie Kickstand Pink"},{"@type":"BreadcrumbList","@id":"https:\/\/www.urbanspot.si\/produkt\/ovitek-urbie-kickstand-pink-xiaomi-redmi-note-11-poco-m4-pro-5g\/#breadcrumb","itemListElement":[{"@type":"ListItem","position":1,"name":"Home","item":"https:\/\/www.urbanspot.si\/"},{"@type":"ListItem","position":2,"name":"Shop","item":"https:\/\/www.urbanspot.si\/shop\/"},{"@type":"ListItem","position":3,"name":"Ovitek Urbie Kickstand Pink,Xiaomi Redmi Note 11\/ Poco M4 Pro 5G"}]},{"@type":"WebSite","@id":"https:\/\/www.urbanspot.si\/#website","url":"https:\/\/www.urbanspot.si\/","name":"UrbanSpot","description":"","publisher":{"@id":"https:\/\/www.urbanspot.si\/#organization"},"potentialAction":[{"@type":"SearchAction","target":{"@type":"EntryPoint","urlTemplate":"https:\/\/www.urbanspot.si\/?s={search_term_string}"},"query-input":{"@type":"PropertyValueSpecification","valueRequired":true,"valueName":"search_term_string"}}],"inLanguage":"hr"},{"@type":"Organization","@id":"https:\/\/www.urbanspot.si\/#organization","name":"UrbanSpot","url":"https:\/\/www.urbanspot.si\/","logo":{"@type":"ImageObject","inLanguage":"hr","@id":"https:\/\/www.urbanspot.si\/#\/schema\/logo\/image\/","url":"https:\/\/www.urbanspot.si\/wp-content\/uploads\/urbanspot-logo.svg","contentUrl":"https:\/\/www.urbanspot.si\/wp-content\/uploads\/urbanspot-logo.svg","width":185,"height":40,"caption":"UrbanSpot"},"image":{"@id":"https:\/\/www.urbanspot.si\/#\/schema\/logo\/image\/"},"sameAs":["https:\/\/www.facebook.com\/urbanspot.si"]}]}},"_links":{"self":[{"href":"https:\/\/www.urbanspot.si\/hr\/wp-json\/wp\/v2\/product\/15339","targetHints":{"allow":["GET"]}}],"collection":[{"href":"https:\/\/www.urbanspot.si\/hr\/wp-json\/wp\/v2\/product"}],"about":[{"href":"https:\/\/www.urbanspot.si\/hr\/wp-json\/wp\/v2\/types\/product"}],"replies":[{"embeddable":true,"href":"https:\/\/www.urbanspot.si\/hr\/wp-json\/wp\/v2\/comments?post=15339"}],"version-history":[{"count":1,"href":"https:\/\/www.urbanspot.si\/hr\/wp-json\/wp\/v2\/product\/15339\/revisions"}],"predecessor-version":[{"id":15340,"href":"https:\/\/www.urbanspot.si\/hr\/wp-json\/wp\/v2\/product\/15339\/revisions\/15340"}],"wp:featuredmedia":[{"embeddable":true,"href":"https:\/\/www.urbanspot.si\/hr\/wp-json\/wp\/v2\/media\/15341"}],"wp:attachment":[{"href":"https:\/\/www.urbanspot.si\/hr\/wp-json\/wp\/v2\/media?parent=15339"}],"wp:term":[{"taxonomy":"product_brand","embeddable":true,"href":"https:\/\/www.urbanspot.si\/hr\/wp-json\/wp\/v2\/product_brand?post=15339"},{"taxonomy":"product_cat","embeddable":true,"href":"https:\/\/www.urbanspot.si\/hr\/wp-json\/wp\/v2\/product_cat?post=15339"},{"taxonomy":"product_tag","embeddable":true,"href":"https:\/\/www.urbanspot.si\/hr\/wp-json\/wp\/v2\/product_tag?post=15339"}],"curies":[{"name":"radni list","href":"https:\/\/api.w.org\/{rel}","templated":true}]}}