{"id":15363,"date":"2024-05-22T14:43:44","date_gmt":"2024-05-22T13:43:44","guid":{"rendered":"https:\/\/www.urbanspot.si\/product\/samsung-preklopna-torbica-clear-view-black-samsung-galaxy-s23-ultra\/"},"modified":"2026-03-18T15:53:20","modified_gmt":"2026-03-18T13:53:20","slug":"samsung-preklopna-futrola-prozirna-crna-za-samsung-galaxy-s23-ultra","status":"publish","type":"product","link":"https:\/\/www.urbanspot.si\/hr\/produkt\/samsung-preklopna-torbica-clear-view-black-samsung-galaxy-s23-ultra\/","title":{"rendered":"Samsung preklopna maska Clear View crna, Samsung Galaxy S23 Ultra"},"content":{"rendered":"<p>Izradio proizvo\u0111a\u010d pametnih telefona Samsung<\/p>\n<p>\u2022 Izra\u0111eno od najkvalitetnijih materijala<br \/>\n\u2022 Osnovne funkcije poput odgovaranja na pozive i reprodukcije glazbe dostupne su bez podizanja poklopca<br \/>\n\u2022 Otporno na otiske prstiju<br \/>\n\u2022 Nagnut u stranu omogu\u0107uje vam razgovore sa zatvorenim poklopcem<br \/>\n\u2022 Tanak i minimalisti\u010dki, tako da ne pove\u0107ava zna\u010dajno dimenzije va\u0161eg pametnog telefona<br \/>\n\u2022 Savr\u0161eno pristaje ure\u0111aju<br \/>\n\u2022 \u0160titi od ogrebotina i lak\u0161ih udaraca<br \/>\n\u2022 Jednostavan pristup svim potrebnim priklju\u010dcima<br \/>\n\u2022 Kori\u0161tena je funkcija \u201cWake-up\u201d \u2013 automatsko uklju\u010divanje\/isklju\u010divanje zaslona<br \/>\n\u2022 Jednostavno sastavljanje i rastavljanje<\/p>","protected":false},"excerpt":{"rendered":"<p>Za\u0161titite svoj telefon od padova i ogrebotina originalnom Samsung za\u0161titnom maskicom. Moderna je i prakti\u010dna za kori\u0161tenje. Dizajnirana za va\u0161 pametni telefon, tako da dobivate za\u0161titu bez ograni\u010davanja funkcionalnosti telefona.<\/p>","protected":false},"featured_media":15365,"comment_status":"closed","ping_status":"closed","template":"","meta":[],"product_brand":[],"product_cat":[429,91,88,89],"product_tag":[],"class_list":{"0":"post-15363","1":"product","2":"type-product","3":"status-publish","4":"has-post-thumbnail","6":"product_cat-galaxy-s23-ultra","7":"product_cat-razprodaja","8":"product_cat-samsung","9":"product_cat-samsung-s-serija","10":"pa_primerno-za-model-samsung-galaxy-s23-ultra","11":"pa_primerno-za-proizvajalca-samsung","13":"first","14":"outofstock","15":"sale","16":"taxable","17":"shipping-taxable","18":"purchasable","19":"product-type-simple"},"yoast_head":"<!-- This site is optimized with the Yoast SEO plugin v27.4 - https:\/\/yoast.com\/product\/yoast-seo-wordpress\/ -->\n<title>Samsung preklopna torbica Clear View Black, Samsung Galaxy S23 Ultra -<\/title>\n<meta name=\"robots\" content=\"index, follow, max-snippet:-1, max-image-preview:large, max-video-preview:-1\" \/>\n<link rel=\"canonical\" href=\"https:\/\/www.urbanspot.si\/hr\/proizvod-2\/samsung-preklopna-futrola-prozirna-crna-za-samsung-galaxy-s23-ultra\/\" \/>\n<meta property=\"og:locale\" content=\"hr_HR\" \/>\n<meta property=\"og:type\" content=\"article\" \/>\n<meta property=\"og:title\" content=\"Samsung preklopna torbica Clear View Black, Samsung Galaxy S23 Ultra -\" \/>\n<meta property=\"og:description\" content=\"Za\u0161\u010ditite telefon pred padcem in praskami z originalno za\u0161\u010ditno torbico Samsung. Je sodoben in prakti\u010den za uporabo. Namenjen va\u0161emu pametnemu telefonu, tako da boste dobili za\u0161\u010dito, ne da bi omejili funkcionalnost telefona.\" \/>\n<meta property=\"og:url\" content=\"https:\/\/www.urbanspot.si\/hr\/proizvod-2\/samsung-preklopna-futrola-prozirna-crna-za-samsung-galaxy-s23-ultra\/\" \/>\n<meta property=\"article:publisher\" content=\"https:\/\/www.facebook.com\/urbanspot.si\" \/>\n<meta property=\"article:modified_time\" content=\"2026-03-18T13:53:20+00:00\" \/>\n<meta property=\"og:image\" content=\"https:\/\/www.urbanspot.si\/wp-content\/uploads\/samsung-preklopna-torbica-clear-view-black-samsung-galaxy-s23-ultra.jpg\" \/>\n\t<meta property=\"og:image:width\" content=\"1200\" \/>\n\t<meta property=\"og:image:height\" content=\"1200\" \/>\n\t<meta property=\"og:image:type\" content=\"image\/jpeg\" \/>\n<meta name=\"twitter:card\" content=\"summary_large_image\" \/>\n<script type=\"application\/ld+json\" class=\"yoast-schema-graph\">{\"@context\":\"https:\\\/\\\/schema.org\",\"@graph\":[{\"@type\":\"WebPage\",\"@id\":\"https:\\\/\\\/www.urbanspot.si\\\/produkt\\\/samsung-preklopna-torbica-clear-view-black-samsung-galaxy-s23-ultra\\\/\",\"url\":\"https:\\\/\\\/www.urbanspot.si\\\/produkt\\\/samsung-preklopna-torbica-clear-view-black-samsung-galaxy-s23-ultra\\\/\",\"name\":\"Samsung preklopna torbica Clear View Black, Samsung Galaxy S23 Ultra -\",\"isPartOf\":{\"@id\":\"https:\\\/\\\/www.urbanspot.si\\\/#website\"},\"primaryImageOfPage\":{\"@id\":\"https:\\\/\\\/www.urbanspot.si\\\/produkt\\\/samsung-preklopna-torbica-clear-view-black-samsung-galaxy-s23-ultra\\\/#primaryimage\"},\"image\":{\"@id\":\"https:\\\/\\\/www.urbanspot.si\\\/produkt\\\/samsung-preklopna-torbica-clear-view-black-samsung-galaxy-s23-ultra\\\/#primaryimage\"},\"thumbnailUrl\":\"https:\\\/\\\/www.urbanspot.si\\\/wp-content\\\/uploads\\\/samsung-preklopna-torbica-clear-view-black-samsung-galaxy-s23-ultra.jpg\",\"datePublished\":\"2024-05-22T13:43:44+00:00\",\"dateModified\":\"2026-03-18T13:53:20+00:00\",\"breadcrumb\":{\"@id\":\"https:\\\/\\\/www.urbanspot.si\\\/produkt\\\/samsung-preklopna-torbica-clear-view-black-samsung-galaxy-s23-ultra\\\/#breadcrumb\"},\"inLanguage\":\"hr\",\"potentialAction\":[{\"@type\":\"ReadAction\",\"target\":[\"https:\\\/\\\/www.urbanspot.si\\\/produkt\\\/samsung-preklopna-torbica-clear-view-black-samsung-galaxy-s23-ultra\\\/\"]}]},{\"@type\":\"ImageObject\",\"inLanguage\":\"hr\",\"@id\":\"https:\\\/\\\/www.urbanspot.si\\\/produkt\\\/samsung-preklopna-torbica-clear-view-black-samsung-galaxy-s23-ultra\\\/#primaryimage\",\"url\":\"https:\\\/\\\/www.urbanspot.si\\\/wp-content\\\/uploads\\\/samsung-preklopna-torbica-clear-view-black-samsung-galaxy-s23-ultra.jpg\",\"contentUrl\":\"https:\\\/\\\/www.urbanspot.si\\\/wp-content\\\/uploads\\\/samsung-preklopna-torbica-clear-view-black-samsung-galaxy-s23-ultra.jpg\",\"width\":1200,\"height\":1200,\"caption\":\"Samsung preklopna torbica Clear View Black\"},{\"@type\":\"BreadcrumbList\",\"@id\":\"https:\\\/\\\/www.urbanspot.si\\\/produkt\\\/samsung-preklopna-torbica-clear-view-black-samsung-galaxy-s23-ultra\\\/#breadcrumb\",\"itemListElement\":[{\"@type\":\"ListItem\",\"position\":1,\"name\":\"Home\",\"item\":\"https:\\\/\\\/www.urbanspot.si\\\/\"},{\"@type\":\"ListItem\",\"position\":2,\"name\":\"Shop\",\"item\":\"https:\\\/\\\/www.urbanspot.si\\\/shop\\\/\"},{\"@type\":\"ListItem\",\"position\":3,\"name\":\"Samsung preklopna torbica Clear View Black, Samsung Galaxy S23 Ultra\"}]},{\"@type\":\"WebSite\",\"@id\":\"https:\\\/\\\/www.urbanspot.si\\\/#website\",\"url\":\"https:\\\/\\\/www.urbanspot.si\\\/\",\"name\":\"UrbanSpot\",\"description\":\"\",\"publisher\":{\"@id\":\"https:\\\/\\\/www.urbanspot.si\\\/#organization\"},\"potentialAction\":[{\"@type\":\"SearchAction\",\"target\":{\"@type\":\"EntryPoint\",\"urlTemplate\":\"https:\\\/\\\/www.urbanspot.si\\\/?s={search_term_string}\"},\"query-input\":{\"@type\":\"PropertyValueSpecification\",\"valueRequired\":true,\"valueName\":\"search_term_string\"}}],\"inLanguage\":\"hr\"},{\"@type\":\"Organization\",\"@id\":\"https:\\\/\\\/www.urbanspot.si\\\/#organization\",\"name\":\"UrbanSpot\",\"url\":\"https:\\\/\\\/www.urbanspot.si\\\/\",\"logo\":{\"@type\":\"ImageObject\",\"inLanguage\":\"hr\",\"@id\":\"https:\\\/\\\/www.urbanspot.si\\\/#\\\/schema\\\/logo\\\/image\\\/\",\"url\":\"https:\\\/\\\/www.urbanspot.si\\\/wp-content\\\/uploads\\\/urbanspot-logo.svg\",\"contentUrl\":\"https:\\\/\\\/www.urbanspot.si\\\/wp-content\\\/uploads\\\/urbanspot-logo.svg\",\"width\":185,\"height\":40,\"caption\":\"UrbanSpot\"},\"image\":{\"@id\":\"https:\\\/\\\/www.urbanspot.si\\\/#\\\/schema\\\/logo\\\/image\\\/\"},\"sameAs\":[\"https:\\\/\\\/www.facebook.com\\\/urbanspot.si\"]}]}<\/script>\n<!-- \/ Yoast SEO plugin. -->","yoast_head_json":{"title":"Samsung preklopna torbica Clear View Black, Samsung Galaxy S23 Ultra -","robots":{"index":"index","follow":"follow","max-snippet":"max-snippet:-1","max-image-preview":"max-image-preview:large","max-video-preview":"max-video-preview:-1"},"canonical":"https:\/\/www.urbanspot.si\/hr\/proizvod-2\/samsung-preklopna-futrola-prozirna-crna-za-samsung-galaxy-s23-ultra\/","og_locale":"hr_HR","og_type":"article","og_title":"Samsung preklopna torbica Clear View Black, Samsung Galaxy S23 Ultra -","og_description":"Za\u0161\u010ditite telefon pred padcem in praskami z originalno za\u0161\u010ditno torbico Samsung. Je sodoben in prakti\u010den za uporabo. Namenjen va\u0161emu pametnemu telefonu, tako da boste dobili za\u0161\u010dito, ne da bi omejili funkcionalnost telefona.","og_url":"https:\/\/www.urbanspot.si\/hr\/proizvod-2\/samsung-preklopna-futrola-prozirna-crna-za-samsung-galaxy-s23-ultra\/","article_publisher":"https:\/\/www.facebook.com\/urbanspot.si","article_modified_time":"2026-03-18T13:53:20+00:00","og_image":[{"width":1200,"height":1200,"url":"https:\/\/www.urbanspot.si\/wp-content\/uploads\/samsung-preklopna-torbica-clear-view-black-samsung-galaxy-s23-ultra.jpg","type":"image\/jpeg"}],"twitter_card":"summary_large_image","schema":{"@context":"https:\/\/schema.org","@graph":[{"@type":"WebPage","@id":"https:\/\/www.urbanspot.si\/produkt\/samsung-preklopna-torbica-clear-view-black-samsung-galaxy-s23-ultra\/","url":"https:\/\/www.urbanspot.si\/produkt\/samsung-preklopna-torbica-clear-view-black-samsung-galaxy-s23-ultra\/","name":"Samsung preklopna torbica Clear View Black, Samsung Galaxy S23 Ultra -","isPartOf":{"@id":"https:\/\/www.urbanspot.si\/#website"},"primaryImageOfPage":{"@id":"https:\/\/www.urbanspot.si\/produkt\/samsung-preklopna-torbica-clear-view-black-samsung-galaxy-s23-ultra\/#primaryimage"},"image":{"@id":"https:\/\/www.urbanspot.si\/produkt\/samsung-preklopna-torbica-clear-view-black-samsung-galaxy-s23-ultra\/#primaryimage"},"thumbnailUrl":"https:\/\/www.urbanspot.si\/wp-content\/uploads\/samsung-preklopna-torbica-clear-view-black-samsung-galaxy-s23-ultra.jpg","datePublished":"2024-05-22T13:43:44+00:00","dateModified":"2026-03-18T13:53:20+00:00","breadcrumb":{"@id":"https:\/\/www.urbanspot.si\/produkt\/samsung-preklopna-torbica-clear-view-black-samsung-galaxy-s23-ultra\/#breadcrumb"},"inLanguage":"hr","potentialAction":[{"@type":"ReadAction","target":["https:\/\/www.urbanspot.si\/produkt\/samsung-preklopna-torbica-clear-view-black-samsung-galaxy-s23-ultra\/"]}]},{"@type":"ImageObject","inLanguage":"hr","@id":"https:\/\/www.urbanspot.si\/produkt\/samsung-preklopna-torbica-clear-view-black-samsung-galaxy-s23-ultra\/#primaryimage","url":"https:\/\/www.urbanspot.si\/wp-content\/uploads\/samsung-preklopna-torbica-clear-view-black-samsung-galaxy-s23-ultra.jpg","contentUrl":"https:\/\/www.urbanspot.si\/wp-content\/uploads\/samsung-preklopna-torbica-clear-view-black-samsung-galaxy-s23-ultra.jpg","width":1200,"height":1200,"caption":"Samsung preklopna torbica Clear View Black"},{"@type":"BreadcrumbList","@id":"https:\/\/www.urbanspot.si\/produkt\/samsung-preklopna-torbica-clear-view-black-samsung-galaxy-s23-ultra\/#breadcrumb","itemListElement":[{"@type":"ListItem","position":1,"name":"Home","item":"https:\/\/www.urbanspot.si\/"},{"@type":"ListItem","position":2,"name":"Shop","item":"https:\/\/www.urbanspot.si\/shop\/"},{"@type":"ListItem","position":3,"name":"Samsung preklopna torbica Clear View Black, Samsung Galaxy S23 Ultra"}]},{"@type":"WebSite","@id":"https:\/\/www.urbanspot.si\/#website","url":"https:\/\/www.urbanspot.si\/","name":"UrbanSpot","description":"","publisher":{"@id":"https:\/\/www.urbanspot.si\/#organization"},"potentialAction":[{"@type":"SearchAction","target":{"@type":"EntryPoint","urlTemplate":"https:\/\/www.urbanspot.si\/?s={search_term_string}"},"query-input":{"@type":"PropertyValueSpecification","valueRequired":true,"valueName":"search_term_string"}}],"inLanguage":"hr"},{"@type":"Organization","@id":"https:\/\/www.urbanspot.si\/#organization","name":"UrbanSpot","url":"https:\/\/www.urbanspot.si\/","logo":{"@type":"ImageObject","inLanguage":"hr","@id":"https:\/\/www.urbanspot.si\/#\/schema\/logo\/image\/","url":"https:\/\/www.urbanspot.si\/wp-content\/uploads\/urbanspot-logo.svg","contentUrl":"https:\/\/www.urbanspot.si\/wp-content\/uploads\/urbanspot-logo.svg","width":185,"height":40,"caption":"UrbanSpot"},"image":{"@id":"https:\/\/www.urbanspot.si\/#\/schema\/logo\/image\/"},"sameAs":["https:\/\/www.facebook.com\/urbanspot.si"]}]}},"_links":{"self":[{"href":"https:\/\/www.urbanspot.si\/hr\/wp-json\/wp\/v2\/product\/15363","targetHints":{"allow":["GET"]}}],"collection":[{"href":"https:\/\/www.urbanspot.si\/hr\/wp-json\/wp\/v2\/product"}],"about":[{"href":"https:\/\/www.urbanspot.si\/hr\/wp-json\/wp\/v2\/types\/product"}],"replies":[{"embeddable":true,"href":"https:\/\/www.urbanspot.si\/hr\/wp-json\/wp\/v2\/comments?post=15363"}],"version-history":[{"count":1,"href":"https:\/\/www.urbanspot.si\/hr\/wp-json\/wp\/v2\/product\/15363\/revisions"}],"predecessor-version":[{"id":15364,"href":"https:\/\/www.urbanspot.si\/hr\/wp-json\/wp\/v2\/product\/15363\/revisions\/15364"}],"wp:featuredmedia":[{"embeddable":true,"href":"https:\/\/www.urbanspot.si\/hr\/wp-json\/wp\/v2\/media\/15365"}],"wp:attachment":[{"href":"https:\/\/www.urbanspot.si\/hr\/wp-json\/wp\/v2\/media?parent=15363"}],"wp:term":[{"taxonomy":"product_brand","embeddable":true,"href":"https:\/\/www.urbanspot.si\/hr\/wp-json\/wp\/v2\/product_brand?post=15363"},{"taxonomy":"product_cat","embeddable":true,"href":"https:\/\/www.urbanspot.si\/hr\/wp-json\/wp\/v2\/product_cat?post=15363"},{"taxonomy":"product_tag","embeddable":true,"href":"https:\/\/www.urbanspot.si\/hr\/wp-json\/wp\/v2\/product_tag?post=15363"}],"curies":[{"name":"radni list","href":"https:\/\/api.w.org\/{rel}","templated":true}]}}