{"id":15494,"date":"2024-05-22T14:44:07","date_gmt":"2024-05-22T13:44:07","guid":{"rendered":"https:\/\/www.urbanspot.si\/product\/spigen-zascitni-ovitek-cyrill-kajuk-magsafe-iphone-15-pro\/"},"modified":"2026-03-18T15:53:15","modified_gmt":"2026-03-18T13:53:15","slug":"zastitna-futrola-spigen-cyrill-kajuk-magsafe-za-iphone-15-pro","status":"publish","type":"product","link":"https:\/\/www.urbanspot.si\/hr\/produkt\/spigen-zascitni-ovitek-cyrill-kajuk-magsafe-iphone-15-pro\/","title":{"rendered":"Spigen Cyrill Kajuk Magsafe za\u0161titna futrola za iPhone 15 Pro"},"content":{"rendered":"<p>Spigen Liquid Crystal maska izra\u0111ena je od visokokvalitetnih materijala koji \u0161tite va\u0161 telefon od svakodnevne prljav\u0161tine, ogrebotina i udaraca.<\/p>\n<p>Zna\u010dajke:<\/p>\n<ul>\n<li>Tanka i d\u017eepna torbica<\/li>\n<li>Omogu\u0107uje be\u017ei\u010dno punjenje<\/li>\n<li>Visokokvalitetni materijal<\/li>\n<li>Futrola je opremljena prstenom koji je kompatibilan s be\u017ei\u010dnom tehnologijom MagSafe.<\/li>\n<li>Oja\u010dani kutovi<\/li>\n<li>Elegantno i minimalisti\u010dki<\/li>\n<li>Savr\u0161eno pristaje telefonu<\/li>\n<\/ul>","protected":false},"excerpt":{"rendered":"<p>Za\u0161titna maskica Spigen Cyrill Kajuk Magsafe utjelovljenje je elegancije u podru\u010dju za\u0161tite va\u0161eg telefona od mehani\u010dkih o\u0161te\u0107enja. Spigen maskica se odlikuje ne samo iznimnom kvalitetom, ve\u0107 i dizajnom. Be\u017e maskica pru\u017eit \u0107e potpuno prirodan izgled va\u0161em telefonu, a istovremeno pru\u017ea izvrsnu za\u0161titu.<\/p>","protected":false},"featured_media":15496,"comment_status":"closed","ping_status":"closed","template":"","meta":[],"product_brand":[],"product_cat":[92,93,455,91],"product_tag":[],"class_list":{"0":"post-15494","1":"product","2":"type-product","3":"status-publish","4":"has-post-thumbnail","6":"product_cat-apple","7":"product_cat-apple-iphone-15-serija","8":"product_cat-iphone-15-pro","9":"product_cat-razprodaja","10":"pa_primerno-za-model-iphone-15-pro","11":"pa_primerno-za-proizvajalca-apple","13":"first","14":"outofstock","15":"sale","16":"taxable","17":"shipping-taxable","18":"purchasable","19":"product-type-simple"},"yoast_head":"<!-- This site is optimized with the Yoast SEO plugin v27.4 - https:\/\/yoast.com\/product\/yoast-seo-wordpress\/ -->\n<title>Spigen za\u0161\u010ditni ovitek Cyrill Kajuk Magsafe, Iphone 15 Pro -<\/title>\n<meta name=\"robots\" content=\"index, follow, max-snippet:-1, max-image-preview:large, max-video-preview:-1\" \/>\n<link rel=\"canonical\" href=\"https:\/\/www.urbanspot.si\/hr\/proizvod-2\/zastitna-futrola-spigen-cyrill-kajuk-magsafe-za-iphone-15-pro\/\" \/>\n<meta property=\"og:locale\" content=\"hr_HR\" \/>\n<meta property=\"og:type\" content=\"article\" \/>\n<meta property=\"og:title\" content=\"Spigen za\u0161\u010ditni ovitek Cyrill Kajuk Magsafe, Iphone 15 Pro -\" \/>\n<meta property=\"og:description\" content=\"Za\u0161\u010ditni ovitek Spigen Cyrill Kajuk Magsafe je utele\u0161enje elegance na podro\u010dju za\u0161\u010dite va\u0161ega telefona pred mehanskimi po\u0161kodbami. Ovitka Spigen ne odlikuje le izjemna kakovost, temve\u010d tudi dizajn. Ovitek v be\u017e barvi bo poskrbel za popolnoma naraven videz telefona, kljub temu pa bo le ta odli\u010dno za\u0161\u010diten.\" \/>\n<meta property=\"og:url\" content=\"https:\/\/www.urbanspot.si\/hr\/proizvod-2\/zastitna-futrola-spigen-cyrill-kajuk-magsafe-za-iphone-15-pro\/\" \/>\n<meta property=\"article:publisher\" content=\"https:\/\/www.facebook.com\/urbanspot.si\" \/>\n<meta property=\"article:modified_time\" content=\"2026-03-18T13:53:15+00:00\" \/>\n<meta property=\"og:image\" content=\"https:\/\/www.urbanspot.si\/wp-content\/uploads\/spigen-zascitni-ovitek-cyrill-kajuk-magsafe-iphone-15-pro.jpg\" \/>\n\t<meta property=\"og:image:width\" content=\"1000\" \/>\n\t<meta property=\"og:image:height\" content=\"1000\" \/>\n\t<meta property=\"og:image:type\" content=\"image\/jpeg\" \/>\n<meta name=\"twitter:card\" content=\"summary_large_image\" \/>\n<script type=\"application\/ld+json\" class=\"yoast-schema-graph\">{\"@context\":\"https:\\\/\\\/schema.org\",\"@graph\":[{\"@type\":\"WebPage\",\"@id\":\"https:\\\/\\\/www.urbanspot.si\\\/produkt\\\/spigen-zascitni-ovitek-cyrill-kajuk-magsafe-iphone-15-pro\\\/\",\"url\":\"https:\\\/\\\/www.urbanspot.si\\\/produkt\\\/spigen-zascitni-ovitek-cyrill-kajuk-magsafe-iphone-15-pro\\\/\",\"name\":\"Spigen za\u0161\u010ditni ovitek Cyrill Kajuk Magsafe, Iphone 15 Pro -\",\"isPartOf\":{\"@id\":\"https:\\\/\\\/www.urbanspot.si\\\/#website\"},\"primaryImageOfPage\":{\"@id\":\"https:\\\/\\\/www.urbanspot.si\\\/produkt\\\/spigen-zascitni-ovitek-cyrill-kajuk-magsafe-iphone-15-pro\\\/#primaryimage\"},\"image\":{\"@id\":\"https:\\\/\\\/www.urbanspot.si\\\/produkt\\\/spigen-zascitni-ovitek-cyrill-kajuk-magsafe-iphone-15-pro\\\/#primaryimage\"},\"thumbnailUrl\":\"https:\\\/\\\/www.urbanspot.si\\\/wp-content\\\/uploads\\\/spigen-zascitni-ovitek-cyrill-kajuk-magsafe-iphone-15-pro.jpg\",\"datePublished\":\"2024-05-22T13:44:07+00:00\",\"dateModified\":\"2026-03-18T13:53:15+00:00\",\"breadcrumb\":{\"@id\":\"https:\\\/\\\/www.urbanspot.si\\\/produkt\\\/spigen-zascitni-ovitek-cyrill-kajuk-magsafe-iphone-15-pro\\\/#breadcrumb\"},\"inLanguage\":\"hr\",\"potentialAction\":[{\"@type\":\"ReadAction\",\"target\":[\"https:\\\/\\\/www.urbanspot.si\\\/produkt\\\/spigen-zascitni-ovitek-cyrill-kajuk-magsafe-iphone-15-pro\\\/\"]}]},{\"@type\":\"ImageObject\",\"inLanguage\":\"hr\",\"@id\":\"https:\\\/\\\/www.urbanspot.si\\\/produkt\\\/spigen-zascitni-ovitek-cyrill-kajuk-magsafe-iphone-15-pro\\\/#primaryimage\",\"url\":\"https:\\\/\\\/www.urbanspot.si\\\/wp-content\\\/uploads\\\/spigen-zascitni-ovitek-cyrill-kajuk-magsafe-iphone-15-pro.jpg\",\"contentUrl\":\"https:\\\/\\\/www.urbanspot.si\\\/wp-content\\\/uploads\\\/spigen-zascitni-ovitek-cyrill-kajuk-magsafe-iphone-15-pro.jpg\",\"width\":1000,\"height\":1000,\"caption\":\"Spigen za\u0161\u010ditni ovitek Cyrill Kajuk Magsafe\"},{\"@type\":\"BreadcrumbList\",\"@id\":\"https:\\\/\\\/www.urbanspot.si\\\/produkt\\\/spigen-zascitni-ovitek-cyrill-kajuk-magsafe-iphone-15-pro\\\/#breadcrumb\",\"itemListElement\":[{\"@type\":\"ListItem\",\"position\":1,\"name\":\"Home\",\"item\":\"https:\\\/\\\/www.urbanspot.si\\\/\"},{\"@type\":\"ListItem\",\"position\":2,\"name\":\"Shop\",\"item\":\"https:\\\/\\\/www.urbanspot.si\\\/shop\\\/\"},{\"@type\":\"ListItem\",\"position\":3,\"name\":\"Spigen za\u0161\u010ditni ovitek Cyrill Kajuk Magsafe, Iphone 15 Pro\"}]},{\"@type\":\"WebSite\",\"@id\":\"https:\\\/\\\/www.urbanspot.si\\\/#website\",\"url\":\"https:\\\/\\\/www.urbanspot.si\\\/\",\"name\":\"UrbanSpot\",\"description\":\"\",\"publisher\":{\"@id\":\"https:\\\/\\\/www.urbanspot.si\\\/#organization\"},\"potentialAction\":[{\"@type\":\"SearchAction\",\"target\":{\"@type\":\"EntryPoint\",\"urlTemplate\":\"https:\\\/\\\/www.urbanspot.si\\\/?s={search_term_string}\"},\"query-input\":{\"@type\":\"PropertyValueSpecification\",\"valueRequired\":true,\"valueName\":\"search_term_string\"}}],\"inLanguage\":\"hr\"},{\"@type\":\"Organization\",\"@id\":\"https:\\\/\\\/www.urbanspot.si\\\/#organization\",\"name\":\"UrbanSpot\",\"url\":\"https:\\\/\\\/www.urbanspot.si\\\/\",\"logo\":{\"@type\":\"ImageObject\",\"inLanguage\":\"hr\",\"@id\":\"https:\\\/\\\/www.urbanspot.si\\\/#\\\/schema\\\/logo\\\/image\\\/\",\"url\":\"https:\\\/\\\/www.urbanspot.si\\\/wp-content\\\/uploads\\\/urbanspot-logo.svg\",\"contentUrl\":\"https:\\\/\\\/www.urbanspot.si\\\/wp-content\\\/uploads\\\/urbanspot-logo.svg\",\"width\":185,\"height\":40,\"caption\":\"UrbanSpot\"},\"image\":{\"@id\":\"https:\\\/\\\/www.urbanspot.si\\\/#\\\/schema\\\/logo\\\/image\\\/\"},\"sameAs\":[\"https:\\\/\\\/www.facebook.com\\\/urbanspot.si\"]}]}<\/script>\n<!-- \/ Yoast SEO plugin. -->","yoast_head_json":{"title":"Spigen za\u0161\u010ditni ovitek Cyrill Kajuk Magsafe, Iphone 15 Pro -","robots":{"index":"index","follow":"follow","max-snippet":"max-snippet:-1","max-image-preview":"max-image-preview:large","max-video-preview":"max-video-preview:-1"},"canonical":"https:\/\/www.urbanspot.si\/hr\/proizvod-2\/zastitna-futrola-spigen-cyrill-kajuk-magsafe-za-iphone-15-pro\/","og_locale":"hr_HR","og_type":"article","og_title":"Spigen za\u0161\u010ditni ovitek Cyrill Kajuk Magsafe, Iphone 15 Pro -","og_description":"Za\u0161\u010ditni ovitek Spigen Cyrill Kajuk Magsafe je utele\u0161enje elegance na podro\u010dju za\u0161\u010dite va\u0161ega telefona pred mehanskimi po\u0161kodbami. Ovitka Spigen ne odlikuje le izjemna kakovost, temve\u010d tudi dizajn. Ovitek v be\u017e barvi bo poskrbel za popolnoma naraven videz telefona, kljub temu pa bo le ta odli\u010dno za\u0161\u010diten.","og_url":"https:\/\/www.urbanspot.si\/hr\/proizvod-2\/zastitna-futrola-spigen-cyrill-kajuk-magsafe-za-iphone-15-pro\/","article_publisher":"https:\/\/www.facebook.com\/urbanspot.si","article_modified_time":"2026-03-18T13:53:15+00:00","og_image":[{"width":1000,"height":1000,"url":"https:\/\/www.urbanspot.si\/wp-content\/uploads\/spigen-zascitni-ovitek-cyrill-kajuk-magsafe-iphone-15-pro.jpg","type":"image\/jpeg"}],"twitter_card":"summary_large_image","schema":{"@context":"https:\/\/schema.org","@graph":[{"@type":"WebPage","@id":"https:\/\/www.urbanspot.si\/produkt\/spigen-zascitni-ovitek-cyrill-kajuk-magsafe-iphone-15-pro\/","url":"https:\/\/www.urbanspot.si\/produkt\/spigen-zascitni-ovitek-cyrill-kajuk-magsafe-iphone-15-pro\/","name":"Spigen za\u0161\u010ditni ovitek Cyrill Kajuk Magsafe, Iphone 15 Pro -","isPartOf":{"@id":"https:\/\/www.urbanspot.si\/#website"},"primaryImageOfPage":{"@id":"https:\/\/www.urbanspot.si\/produkt\/spigen-zascitni-ovitek-cyrill-kajuk-magsafe-iphone-15-pro\/#primaryimage"},"image":{"@id":"https:\/\/www.urbanspot.si\/produkt\/spigen-zascitni-ovitek-cyrill-kajuk-magsafe-iphone-15-pro\/#primaryimage"},"thumbnailUrl":"https:\/\/www.urbanspot.si\/wp-content\/uploads\/spigen-zascitni-ovitek-cyrill-kajuk-magsafe-iphone-15-pro.jpg","datePublished":"2024-05-22T13:44:07+00:00","dateModified":"2026-03-18T13:53:15+00:00","breadcrumb":{"@id":"https:\/\/www.urbanspot.si\/produkt\/spigen-zascitni-ovitek-cyrill-kajuk-magsafe-iphone-15-pro\/#breadcrumb"},"inLanguage":"hr","potentialAction":[{"@type":"ReadAction","target":["https:\/\/www.urbanspot.si\/produkt\/spigen-zascitni-ovitek-cyrill-kajuk-magsafe-iphone-15-pro\/"]}]},{"@type":"ImageObject","inLanguage":"hr","@id":"https:\/\/www.urbanspot.si\/produkt\/spigen-zascitni-ovitek-cyrill-kajuk-magsafe-iphone-15-pro\/#primaryimage","url":"https:\/\/www.urbanspot.si\/wp-content\/uploads\/spigen-zascitni-ovitek-cyrill-kajuk-magsafe-iphone-15-pro.jpg","contentUrl":"https:\/\/www.urbanspot.si\/wp-content\/uploads\/spigen-zascitni-ovitek-cyrill-kajuk-magsafe-iphone-15-pro.jpg","width":1000,"height":1000,"caption":"Spigen za\u0161\u010ditni ovitek Cyrill Kajuk Magsafe"},{"@type":"BreadcrumbList","@id":"https:\/\/www.urbanspot.si\/produkt\/spigen-zascitni-ovitek-cyrill-kajuk-magsafe-iphone-15-pro\/#breadcrumb","itemListElement":[{"@type":"ListItem","position":1,"name":"Home","item":"https:\/\/www.urbanspot.si\/"},{"@type":"ListItem","position":2,"name":"Shop","item":"https:\/\/www.urbanspot.si\/shop\/"},{"@type":"ListItem","position":3,"name":"Spigen za\u0161\u010ditni ovitek Cyrill Kajuk Magsafe, Iphone 15 Pro"}]},{"@type":"WebSite","@id":"https:\/\/www.urbanspot.si\/#website","url":"https:\/\/www.urbanspot.si\/","name":"UrbanSpot","description":"","publisher":{"@id":"https:\/\/www.urbanspot.si\/#organization"},"potentialAction":[{"@type":"SearchAction","target":{"@type":"EntryPoint","urlTemplate":"https:\/\/www.urbanspot.si\/?s={search_term_string}"},"query-input":{"@type":"PropertyValueSpecification","valueRequired":true,"valueName":"search_term_string"}}],"inLanguage":"hr"},{"@type":"Organization","@id":"https:\/\/www.urbanspot.si\/#organization","name":"UrbanSpot","url":"https:\/\/www.urbanspot.si\/","logo":{"@type":"ImageObject","inLanguage":"hr","@id":"https:\/\/www.urbanspot.si\/#\/schema\/logo\/image\/","url":"https:\/\/www.urbanspot.si\/wp-content\/uploads\/urbanspot-logo.svg","contentUrl":"https:\/\/www.urbanspot.si\/wp-content\/uploads\/urbanspot-logo.svg","width":185,"height":40,"caption":"UrbanSpot"},"image":{"@id":"https:\/\/www.urbanspot.si\/#\/schema\/logo\/image\/"},"sameAs":["https:\/\/www.facebook.com\/urbanspot.si"]}]}},"_links":{"self":[{"href":"https:\/\/www.urbanspot.si\/hr\/wp-json\/wp\/v2\/product\/15494","targetHints":{"allow":["GET"]}}],"collection":[{"href":"https:\/\/www.urbanspot.si\/hr\/wp-json\/wp\/v2\/product"}],"about":[{"href":"https:\/\/www.urbanspot.si\/hr\/wp-json\/wp\/v2\/types\/product"}],"replies":[{"embeddable":true,"href":"https:\/\/www.urbanspot.si\/hr\/wp-json\/wp\/v2\/comments?post=15494"}],"version-history":[{"count":3,"href":"https:\/\/www.urbanspot.si\/hr\/wp-json\/wp\/v2\/product\/15494\/revisions"}],"predecessor-version":[{"id":18626,"href":"https:\/\/www.urbanspot.si\/hr\/wp-json\/wp\/v2\/product\/15494\/revisions\/18626"}],"wp:featuredmedia":[{"embeddable":true,"href":"https:\/\/www.urbanspot.si\/hr\/wp-json\/wp\/v2\/media\/15496"}],"wp:attachment":[{"href":"https:\/\/www.urbanspot.si\/hr\/wp-json\/wp\/v2\/media?parent=15494"}],"wp:term":[{"taxonomy":"product_brand","embeddable":true,"href":"https:\/\/www.urbanspot.si\/hr\/wp-json\/wp\/v2\/product_brand?post=15494"},{"taxonomy":"product_cat","embeddable":true,"href":"https:\/\/www.urbanspot.si\/hr\/wp-json\/wp\/v2\/product_cat?post=15494"},{"taxonomy":"product_tag","embeddable":true,"href":"https:\/\/www.urbanspot.si\/hr\/wp-json\/wp\/v2\/product_tag?post=15494"}],"curies":[{"name":"radni list","href":"https:\/\/api.w.org\/{rel}","templated":true}]}}