{"id":15587,"date":"2024-05-22T14:44:21","date_gmt":"2024-05-22T13:44:21","guid":{"rendered":"https:\/\/www.urbanspot.si\/product\/samsung-hisni-polnilec-type-c-25w-bel\/"},"modified":"2026-03-18T15:53:10","modified_gmt":"2026-03-18T13:53:10","slug":"samsung-kucni-punjac-tip-c-25w-bijeli","status":"publish","type":"product","link":"https:\/\/www.urbanspot.si\/hr\/produkt\/samsung-hisni-polnilec-type-c-25w-bel\/","title":{"rendered":"Samsung ku\u0107ni punja\u010d, tip C, 25 W, bijeli"},"content":{"rendered":"<p>USB-C PUNJA\u010c 25W je mre\u017eni punja\u010d koji nudi cjelovito rje\u0161enje za punjenje svih Samsung ure\u0111aja kompatibilnih s USB-C tehnologijom punjenja od 25W maksimalnom brzinom i potpunom sigurno\u0161\u0107u. USB-C punja\u010d puni Samsung Galaxy S20 i novije modele u trajanju od 20 sati.<\/p>\n<p>Vrsta punja\u010da:<\/p>\n<ul>\n<li>Ku\u0107ni punja\u010d<\/li>\n<li>Snaga punjenja: 25 W<\/li>\n<li>Kompatibilnost: Samsung pametni telefoni i tableti<\/li>\n<\/ul>","protected":false},"excerpt":{"rendered":"<p>USB-C SUPER FAST CHARGER 25W je savr\u0161en mre\u017eni punja\u010d za punjenje svih Samsung ure\u0111aja kompatibilnih s 25W Super Fast Charge tehnologijom s USB-C priklju\u010dkom maksimalnom brzinom i potpunom sigurno\u0161\u0107u.<\/p>","protected":false},"featured_media":15589,"comment_status":"closed","ping_status":"closed","template":"","meta":[],"product_brand":[],"product_cat":[104,249,91],"product_tag":[],"class_list":{"0":"post-15587","1":"product","2":"type-product","3":"status-publish","4":"has-post-thumbnail","6":"product_cat-dodatna-oprema","7":"product_cat-kabli-in-polnilci","8":"product_cat-razprodaja","9":"pa_primerno-za-model-samsung-galaxy-a34-5g","10":"pa_primerno-za-model-samsung-galaxy-a54-5g","11":"pa_primerno-za-model-samsung-galaxy-s21","12":"pa_primerno-za-model-samsung-galaxy-s21-fe","13":"pa_primerno-za-model-samsung-galaxy-s22","14":"pa_primerno-za-model-samsung-galaxy-s23","15":"pa_primerno-za-model-samsung-galaxy-s23-fe","16":"pa_primerno-za-proizvajalca-samsung","18":"first","19":"outofstock","20":"sale","21":"taxable","22":"shipping-taxable","23":"purchasable","24":"product-type-simple"},"yoast_head":"<!-- This site is optimized with the Yoast SEO plugin v27.2 - https:\/\/yoast.com\/product\/yoast-seo-wordpress\/ -->\n<title>Samsung hi\u0161ni polnilec, Type C, 25W, bel -<\/title>\n<meta name=\"robots\" content=\"index, follow, max-snippet:-1, max-image-preview:large, max-video-preview:-1\" \/>\n<link rel=\"canonical\" href=\"https:\/\/www.urbanspot.si\/hr\/proizvod-2\/samsung-kucni-punjac-tip-c-25w-bijeli\/\" \/>\n<meta property=\"og:locale\" content=\"hr_HR\" \/>\n<meta property=\"og:type\" content=\"article\" \/>\n<meta property=\"og:title\" content=\"Samsung hi\u0161ni polnilec, Type C, 25W, bel -\" \/>\n<meta property=\"og:description\" content=\"USB-C SUPER FAST CHARGER 25W je popoln omre\u017eni polnilnik za polnjenje vseh Samsungovih naprav, zdru\u017eljivih s 25W Super Fast Charge tehnologijo, s priklju\u010dkom USB-C pri najve\u010dji hitrosti in v popolni varnosti.\" \/>\n<meta property=\"og:url\" content=\"https:\/\/www.urbanspot.si\/hr\/proizvod-2\/samsung-kucni-punjac-tip-c-25w-bijeli\/\" \/>\n<meta property=\"article:publisher\" content=\"https:\/\/www.facebook.com\/urbanspot.si\" \/>\n<meta property=\"article:modified_time\" content=\"2026-03-18T13:53:10+00:00\" \/>\n<meta property=\"og:image\" content=\"https:\/\/www.urbanspot.si\/wp-content\/uploads\/samsung-hisni-polnilec-type-c-25w-bel.jpg\" \/>\n\t<meta property=\"og:image:width\" content=\"1000\" \/>\n\t<meta property=\"og:image:height\" content=\"1000\" \/>\n\t<meta property=\"og:image:type\" content=\"image\/jpeg\" \/>\n<meta name=\"twitter:card\" content=\"summary_large_image\" \/>\n<script type=\"application\/ld+json\" class=\"yoast-schema-graph\">{\"@context\":\"https:\/\/schema.org\",\"@graph\":[{\"@type\":\"WebPage\",\"@id\":\"https:\/\/www.urbanspot.si\/produkt\/samsung-hisni-polnilec-type-c-25w-bel\/\",\"url\":\"https:\/\/www.urbanspot.si\/produkt\/samsung-hisni-polnilec-type-c-25w-bel\/\",\"name\":\"Samsung hi\u0161ni polnilec, Type C, 25W, bel -\",\"isPartOf\":{\"@id\":\"https:\/\/www.urbanspot.si\/#website\"},\"primaryImageOfPage\":{\"@id\":\"https:\/\/www.urbanspot.si\/produkt\/samsung-hisni-polnilec-type-c-25w-bel\/#primaryimage\"},\"image\":{\"@id\":\"https:\/\/www.urbanspot.si\/produkt\/samsung-hisni-polnilec-type-c-25w-bel\/#primaryimage\"},\"thumbnailUrl\":\"https:\/\/www.urbanspot.si\/wp-content\/uploads\/samsung-hisni-polnilec-type-c-25w-bel.jpg\",\"datePublished\":\"2024-05-22T13:44:21+00:00\",\"dateModified\":\"2026-03-18T13:53:10+00:00\",\"breadcrumb\":{\"@id\":\"https:\/\/www.urbanspot.si\/produkt\/samsung-hisni-polnilec-type-c-25w-bel\/#breadcrumb\"},\"inLanguage\":\"hr\",\"potentialAction\":[{\"@type\":\"ReadAction\",\"target\":[\"https:\/\/www.urbanspot.si\/produkt\/samsung-hisni-polnilec-type-c-25w-bel\/\"]}]},{\"@type\":\"ImageObject\",\"inLanguage\":\"hr\",\"@id\":\"https:\/\/www.urbanspot.si\/produkt\/samsung-hisni-polnilec-type-c-25w-bel\/#primaryimage\",\"url\":\"https:\/\/www.urbanspot.si\/wp-content\/uploads\/samsung-hisni-polnilec-type-c-25w-bel.jpg\",\"contentUrl\":\"https:\/\/www.urbanspot.si\/wp-content\/uploads\/samsung-hisni-polnilec-type-c-25w-bel.jpg\",\"width\":1000,\"height\":1000,\"caption\":\"Samsung hi\u0161ni polnilec\"},{\"@type\":\"BreadcrumbList\",\"@id\":\"https:\/\/www.urbanspot.si\/produkt\/samsung-hisni-polnilec-type-c-25w-bel\/#breadcrumb\",\"itemListElement\":[{\"@type\":\"ListItem\",\"position\":1,\"name\":\"Home\",\"item\":\"https:\/\/www.urbanspot.si\/\"},{\"@type\":\"ListItem\",\"position\":2,\"name\":\"Shop\",\"item\":\"https:\/\/www.urbanspot.si\/shop\/\"},{\"@type\":\"ListItem\",\"position\":3,\"name\":\"Samsung hi\u0161ni polnilec, Type C, 25W, bel\"}]},{\"@type\":\"WebSite\",\"@id\":\"https:\/\/www.urbanspot.si\/#website\",\"url\":\"https:\/\/www.urbanspot.si\/\",\"name\":\"UrbanSpot\",\"description\":\"\",\"publisher\":{\"@id\":\"https:\/\/www.urbanspot.si\/#organization\"},\"potentialAction\":[{\"@type\":\"SearchAction\",\"target\":{\"@type\":\"EntryPoint\",\"urlTemplate\":\"https:\/\/www.urbanspot.si\/?s={search_term_string}\"},\"query-input\":{\"@type\":\"PropertyValueSpecification\",\"valueRequired\":true,\"valueName\":\"search_term_string\"}}],\"inLanguage\":\"hr\"},{\"@type\":\"Organization\",\"@id\":\"https:\/\/www.urbanspot.si\/#organization\",\"name\":\"UrbanSpot\",\"url\":\"https:\/\/www.urbanspot.si\/\",\"logo\":{\"@type\":\"ImageObject\",\"inLanguage\":\"hr\",\"@id\":\"https:\/\/www.urbanspot.si\/#\/schema\/logo\/image\/\",\"url\":\"https:\/\/www.urbanspot.si\/wp-content\/uploads\/urbanspot-logo.svg\",\"contentUrl\":\"https:\/\/www.urbanspot.si\/wp-content\/uploads\/urbanspot-logo.svg\",\"width\":185,\"height\":40,\"caption\":\"UrbanSpot\"},\"image\":{\"@id\":\"https:\/\/www.urbanspot.si\/#\/schema\/logo\/image\/\"},\"sameAs\":[\"https:\/\/www.facebook.com\/urbanspot.si\"]}]}<\/script>\n<!-- \/ Yoast SEO plugin. -->","yoast_head_json":{"title":"Samsung hi\u0161ni polnilec, Type C, 25W, bel -","robots":{"index":"index","follow":"follow","max-snippet":"max-snippet:-1","max-image-preview":"max-image-preview:large","max-video-preview":"max-video-preview:-1"},"canonical":"https:\/\/www.urbanspot.si\/hr\/proizvod-2\/samsung-kucni-punjac-tip-c-25w-bijeli\/","og_locale":"hr_HR","og_type":"article","og_title":"Samsung hi\u0161ni polnilec, Type C, 25W, bel -","og_description":"USB-C SUPER FAST CHARGER 25W je popoln omre\u017eni polnilnik za polnjenje vseh Samsungovih naprav, zdru\u017eljivih s 25W Super Fast Charge tehnologijo, s priklju\u010dkom USB-C pri najve\u010dji hitrosti in v popolni varnosti.","og_url":"https:\/\/www.urbanspot.si\/hr\/proizvod-2\/samsung-kucni-punjac-tip-c-25w-bijeli\/","article_publisher":"https:\/\/www.facebook.com\/urbanspot.si","article_modified_time":"2026-03-18T13:53:10+00:00","og_image":[{"width":1000,"height":1000,"url":"https:\/\/www.urbanspot.si\/wp-content\/uploads\/samsung-hisni-polnilec-type-c-25w-bel.jpg","type":"image\/jpeg"}],"twitter_card":"summary_large_image","schema":{"@context":"https:\/\/schema.org","@graph":[{"@type":"WebPage","@id":"https:\/\/www.urbanspot.si\/produkt\/samsung-hisni-polnilec-type-c-25w-bel\/","url":"https:\/\/www.urbanspot.si\/produkt\/samsung-hisni-polnilec-type-c-25w-bel\/","name":"Samsung hi\u0161ni polnilec, Type C, 25W, bel -","isPartOf":{"@id":"https:\/\/www.urbanspot.si\/#website"},"primaryImageOfPage":{"@id":"https:\/\/www.urbanspot.si\/produkt\/samsung-hisni-polnilec-type-c-25w-bel\/#primaryimage"},"image":{"@id":"https:\/\/www.urbanspot.si\/produkt\/samsung-hisni-polnilec-type-c-25w-bel\/#primaryimage"},"thumbnailUrl":"https:\/\/www.urbanspot.si\/wp-content\/uploads\/samsung-hisni-polnilec-type-c-25w-bel.jpg","datePublished":"2024-05-22T13:44:21+00:00","dateModified":"2026-03-18T13:53:10+00:00","breadcrumb":{"@id":"https:\/\/www.urbanspot.si\/produkt\/samsung-hisni-polnilec-type-c-25w-bel\/#breadcrumb"},"inLanguage":"hr","potentialAction":[{"@type":"ReadAction","target":["https:\/\/www.urbanspot.si\/produkt\/samsung-hisni-polnilec-type-c-25w-bel\/"]}]},{"@type":"ImageObject","inLanguage":"hr","@id":"https:\/\/www.urbanspot.si\/produkt\/samsung-hisni-polnilec-type-c-25w-bel\/#primaryimage","url":"https:\/\/www.urbanspot.si\/wp-content\/uploads\/samsung-hisni-polnilec-type-c-25w-bel.jpg","contentUrl":"https:\/\/www.urbanspot.si\/wp-content\/uploads\/samsung-hisni-polnilec-type-c-25w-bel.jpg","width":1000,"height":1000,"caption":"Samsung hi\u0161ni polnilec"},{"@type":"BreadcrumbList","@id":"https:\/\/www.urbanspot.si\/produkt\/samsung-hisni-polnilec-type-c-25w-bel\/#breadcrumb","itemListElement":[{"@type":"ListItem","position":1,"name":"Home","item":"https:\/\/www.urbanspot.si\/"},{"@type":"ListItem","position":2,"name":"Shop","item":"https:\/\/www.urbanspot.si\/shop\/"},{"@type":"ListItem","position":3,"name":"Samsung hi\u0161ni polnilec, Type C, 25W, bel"}]},{"@type":"WebSite","@id":"https:\/\/www.urbanspot.si\/#website","url":"https:\/\/www.urbanspot.si\/","name":"UrbanSpot","description":"","publisher":{"@id":"https:\/\/www.urbanspot.si\/#organization"},"potentialAction":[{"@type":"SearchAction","target":{"@type":"EntryPoint","urlTemplate":"https:\/\/www.urbanspot.si\/?s={search_term_string}"},"query-input":{"@type":"PropertyValueSpecification","valueRequired":true,"valueName":"search_term_string"}}],"inLanguage":"hr"},{"@type":"Organization","@id":"https:\/\/www.urbanspot.si\/#organization","name":"UrbanSpot","url":"https:\/\/www.urbanspot.si\/","logo":{"@type":"ImageObject","inLanguage":"hr","@id":"https:\/\/www.urbanspot.si\/#\/schema\/logo\/image\/","url":"https:\/\/www.urbanspot.si\/wp-content\/uploads\/urbanspot-logo.svg","contentUrl":"https:\/\/www.urbanspot.si\/wp-content\/uploads\/urbanspot-logo.svg","width":185,"height":40,"caption":"UrbanSpot"},"image":{"@id":"https:\/\/www.urbanspot.si\/#\/schema\/logo\/image\/"},"sameAs":["https:\/\/www.facebook.com\/urbanspot.si"]}]}},"_links":{"self":[{"href":"https:\/\/www.urbanspot.si\/hr\/wp-json\/wp\/v2\/product\/15587","targetHints":{"allow":["GET"]}}],"collection":[{"href":"https:\/\/www.urbanspot.si\/hr\/wp-json\/wp\/v2\/product"}],"about":[{"href":"https:\/\/www.urbanspot.si\/hr\/wp-json\/wp\/v2\/types\/product"}],"replies":[{"embeddable":true,"href":"https:\/\/www.urbanspot.si\/hr\/wp-json\/wp\/v2\/comments?post=15587"}],"version-history":[{"count":2,"href":"https:\/\/www.urbanspot.si\/hr\/wp-json\/wp\/v2\/product\/15587\/revisions"}],"predecessor-version":[{"id":18243,"href":"https:\/\/www.urbanspot.si\/hr\/wp-json\/wp\/v2\/product\/15587\/revisions\/18243"}],"wp:featuredmedia":[{"embeddable":true,"href":"https:\/\/www.urbanspot.si\/hr\/wp-json\/wp\/v2\/media\/15589"}],"wp:attachment":[{"href":"https:\/\/www.urbanspot.si\/hr\/wp-json\/wp\/v2\/media?parent=15587"}],"wp:term":[{"taxonomy":"product_brand","embeddable":true,"href":"https:\/\/www.urbanspot.si\/hr\/wp-json\/wp\/v2\/product_brand?post=15587"},{"taxonomy":"product_cat","embeddable":true,"href":"https:\/\/www.urbanspot.si\/hr\/wp-json\/wp\/v2\/product_cat?post=15587"},{"taxonomy":"product_tag","embeddable":true,"href":"https:\/\/www.urbanspot.si\/hr\/wp-json\/wp\/v2\/product_tag?post=15587"}],"curies":[{"name":"radni list","href":"https:\/\/api.w.org\/{rel}","templated":true}]}}