{"id":15611,"date":"2024-05-22T14:44:31","date_gmt":"2024-05-22T13:44:31","guid":{"rendered":"https:\/\/www.urbanspot.si\/product\/urbie-zascitno-steklo-za-uro-huawei-watch-gt-2-46mm\/"},"modified":"2026-03-18T15:53:09","modified_gmt":"2026-03-18T13:53:09","slug":"zastitno-staklo-za-huawei-watch-gt-2-46-mm","status":"publish","type":"product","link":"https:\/\/www.urbanspot.si\/hr\/produkt\/urbie-zascitno-steklo-za-uro-huawei-watch-gt-2-46mm\/","title":{"rendered":"Urbie za\u0161titno staklo za Huawei Watch GT 2, 46 mm"},"content":{"rendered":"<p>Urbie za\u0161titna folija od kaljenog stakla od 46 mm bit \u0107e vrhunska za\u0161tita za va\u0161 pametni sat. Kaljeno staklo je gotovo nevidljivo na ure\u0111aju i vrlo ga je jednostavno postaviti.\u00a0<\/p>\n<p>\u00a0<\/p>\n<ul>\n<li>Pru\u017ea za\u0161titu od ogrebotina i manjih udaraca<\/li>\n<li>Visokokvalitetno kaljeno staklo<\/li>\n<li>Jednostavna instalacija i dobro pristajanje<\/li>\n<li>Neprekidno kori\u0161tenje ekrana<\/li>\n<li><strong>Oleofobni sloj<\/strong>\u00a0sprje\u010dava lijepljenje otisaka prstiju i prljav\u0161tine<\/li>\n<li>Staklo pogodno za Huawei Watch 46mm<\/li>\n<\/ul>","protected":false},"excerpt":{"rendered":"<p>Urbie za\u0161titno staklo od visokokvalitetnog stakla \u0161titi va\u0161 pametni sat od ogrebotina i manjih udaraca.<\/p>","protected":false},"featured_media":15613,"comment_status":"closed","ping_status":"closed","template":"","meta":[],"product_brand":[],"product_cat":[186,481,91,482,559,583],"product_tag":[],"class_list":{"0":"post-15611","1":"product","2":"type-product","3":"status-publish","4":"has-post-thumbnail","6":"product_cat-huawei","7":"product_cat-huawei-pametne-ure","8":"product_cat-razprodaja","9":"product_cat-watch-gt2-46mm","10":"product_cat-zascitna-stekla","11":"product_cat-zascitna-stekla-za-pametne-ure","12":"pa_primerno-za-model-huawei-watch-gt-2","13":"pa_primerno-za-proizvajalca-huawei","15":"first","16":"outofstock","17":"sale","18":"taxable","19":"shipping-taxable","20":"purchasable","21":"product-type-simple"},"yoast_head":"<!-- This site is optimized with the Yoast SEO plugin v27.4 - https:\/\/yoast.com\/product\/yoast-seo-wordpress\/ -->\n<title>Urbie za\u0161\u010ditno steklo za uro Huawei Watch GT 2, 46mm -<\/title>\n<meta name=\"robots\" content=\"index, follow, max-snippet:-1, max-image-preview:large, max-video-preview:-1\" \/>\n<link rel=\"canonical\" href=\"https:\/\/www.urbanspot.si\/hr\/proizvod-2\/zastitno-staklo-za-huawei-watch-gt-2-46-mm\/\" \/>\n<meta property=\"og:locale\" content=\"hr_HR\" \/>\n<meta property=\"og:type\" content=\"article\" \/>\n<meta property=\"og:title\" content=\"Urbie za\u0161\u010ditno steklo za uro Huawei Watch GT 2, 46mm -\" \/>\n<meta property=\"og:description\" content=\"Urbie za\u0161\u010ditno steklo narejeno iz kakovostnega stekla omogo\u010da va\u0161i pametni uri za\u0161\u010dito pred praskami in manj\u0161imi udarci.\" \/>\n<meta property=\"og:url\" content=\"https:\/\/www.urbanspot.si\/hr\/proizvod-2\/zastitno-staklo-za-huawei-watch-gt-2-46-mm\/\" \/>\n<meta property=\"article:publisher\" content=\"https:\/\/www.facebook.com\/urbanspot.si\" \/>\n<meta property=\"article:modified_time\" content=\"2026-03-18T13:53:09+00:00\" \/>\n<meta property=\"og:image\" content=\"https:\/\/www.urbanspot.si\/wp-content\/uploads\/urbie-zascitno-steklo-za-uro-huawei-watch-gt-2-46mm.jpg\" \/>\n\t<meta property=\"og:image:width\" content=\"800\" \/>\n\t<meta property=\"og:image:height\" content=\"800\" \/>\n\t<meta property=\"og:image:type\" content=\"image\/jpeg\" \/>\n<meta name=\"twitter:card\" content=\"summary_large_image\" \/>\n<script type=\"application\/ld+json\" class=\"yoast-schema-graph\">{\"@context\":\"https:\\\/\\\/schema.org\",\"@graph\":[{\"@type\":\"WebPage\",\"@id\":\"https:\\\/\\\/www.urbanspot.si\\\/produkt\\\/urbie-zascitno-steklo-za-uro-huawei-watch-gt-2-46mm\\\/\",\"url\":\"https:\\\/\\\/www.urbanspot.si\\\/produkt\\\/urbie-zascitno-steklo-za-uro-huawei-watch-gt-2-46mm\\\/\",\"name\":\"Urbie za\u0161\u010ditno steklo za uro Huawei Watch GT 2, 46mm -\",\"isPartOf\":{\"@id\":\"https:\\\/\\\/www.urbanspot.si\\\/#website\"},\"primaryImageOfPage\":{\"@id\":\"https:\\\/\\\/www.urbanspot.si\\\/produkt\\\/urbie-zascitno-steklo-za-uro-huawei-watch-gt-2-46mm\\\/#primaryimage\"},\"image\":{\"@id\":\"https:\\\/\\\/www.urbanspot.si\\\/produkt\\\/urbie-zascitno-steklo-za-uro-huawei-watch-gt-2-46mm\\\/#primaryimage\"},\"thumbnailUrl\":\"https:\\\/\\\/www.urbanspot.si\\\/wp-content\\\/uploads\\\/urbie-zascitno-steklo-za-uro-huawei-watch-gt-2-46mm.jpg\",\"datePublished\":\"2024-05-22T13:44:31+00:00\",\"dateModified\":\"2026-03-18T13:53:09+00:00\",\"breadcrumb\":{\"@id\":\"https:\\\/\\\/www.urbanspot.si\\\/produkt\\\/urbie-zascitno-steklo-za-uro-huawei-watch-gt-2-46mm\\\/#breadcrumb\"},\"inLanguage\":\"hr\",\"potentialAction\":[{\"@type\":\"ReadAction\",\"target\":[\"https:\\\/\\\/www.urbanspot.si\\\/produkt\\\/urbie-zascitno-steklo-za-uro-huawei-watch-gt-2-46mm\\\/\"]}]},{\"@type\":\"ImageObject\",\"inLanguage\":\"hr\",\"@id\":\"https:\\\/\\\/www.urbanspot.si\\\/produkt\\\/urbie-zascitno-steklo-za-uro-huawei-watch-gt-2-46mm\\\/#primaryimage\",\"url\":\"https:\\\/\\\/www.urbanspot.si\\\/wp-content\\\/uploads\\\/urbie-zascitno-steklo-za-uro-huawei-watch-gt-2-46mm.jpg\",\"contentUrl\":\"https:\\\/\\\/www.urbanspot.si\\\/wp-content\\\/uploads\\\/urbie-zascitno-steklo-za-uro-huawei-watch-gt-2-46mm.jpg\",\"width\":800,\"height\":800,\"caption\":\"Urbie za\u0161\u010ditno steklo za uro Huawei Watch GT 2\"},{\"@type\":\"BreadcrumbList\",\"@id\":\"https:\\\/\\\/www.urbanspot.si\\\/produkt\\\/urbie-zascitno-steklo-za-uro-huawei-watch-gt-2-46mm\\\/#breadcrumb\",\"itemListElement\":[{\"@type\":\"ListItem\",\"position\":1,\"name\":\"Home\",\"item\":\"https:\\\/\\\/www.urbanspot.si\\\/\"},{\"@type\":\"ListItem\",\"position\":2,\"name\":\"Shop\",\"item\":\"https:\\\/\\\/www.urbanspot.si\\\/shop\\\/\"},{\"@type\":\"ListItem\",\"position\":3,\"name\":\"Urbie za\u0161\u010ditno steklo za uro Huawei Watch GT 2, 46mm\"}]},{\"@type\":\"WebSite\",\"@id\":\"https:\\\/\\\/www.urbanspot.si\\\/#website\",\"url\":\"https:\\\/\\\/www.urbanspot.si\\\/\",\"name\":\"UrbanSpot\",\"description\":\"\",\"publisher\":{\"@id\":\"https:\\\/\\\/www.urbanspot.si\\\/#organization\"},\"potentialAction\":[{\"@type\":\"SearchAction\",\"target\":{\"@type\":\"EntryPoint\",\"urlTemplate\":\"https:\\\/\\\/www.urbanspot.si\\\/?s={search_term_string}\"},\"query-input\":{\"@type\":\"PropertyValueSpecification\",\"valueRequired\":true,\"valueName\":\"search_term_string\"}}],\"inLanguage\":\"hr\"},{\"@type\":\"Organization\",\"@id\":\"https:\\\/\\\/www.urbanspot.si\\\/#organization\",\"name\":\"UrbanSpot\",\"url\":\"https:\\\/\\\/www.urbanspot.si\\\/\",\"logo\":{\"@type\":\"ImageObject\",\"inLanguage\":\"hr\",\"@id\":\"https:\\\/\\\/www.urbanspot.si\\\/#\\\/schema\\\/logo\\\/image\\\/\",\"url\":\"https:\\\/\\\/www.urbanspot.si\\\/wp-content\\\/uploads\\\/urbanspot-logo.svg\",\"contentUrl\":\"https:\\\/\\\/www.urbanspot.si\\\/wp-content\\\/uploads\\\/urbanspot-logo.svg\",\"width\":185,\"height\":40,\"caption\":\"UrbanSpot\"},\"image\":{\"@id\":\"https:\\\/\\\/www.urbanspot.si\\\/#\\\/schema\\\/logo\\\/image\\\/\"},\"sameAs\":[\"https:\\\/\\\/www.facebook.com\\\/urbanspot.si\"]}]}<\/script>\n<!-- \/ Yoast SEO plugin. -->","yoast_head_json":{"title":"Urbie za\u0161titno staklo za Huawei Watch GT 2, 46 mm -","robots":{"index":"index","follow":"follow","max-snippet":"max-snippet:-1","max-image-preview":"max-image-preview:large","max-video-preview":"max-video-preview:-1"},"canonical":"https:\/\/www.urbanspot.si\/hr\/proizvod-2\/zastitno-staklo-za-huawei-watch-gt-2-46-mm\/","og_locale":"hr_HR","og_type":"article","og_title":"Urbie za\u0161\u010ditno steklo za uro Huawei Watch GT 2, 46mm -","og_description":"Urbie za\u0161\u010ditno steklo narejeno iz kakovostnega stekla omogo\u010da va\u0161i pametni uri za\u0161\u010dito pred praskami in manj\u0161imi udarci.","og_url":"https:\/\/www.urbanspot.si\/hr\/proizvod-2\/zastitno-staklo-za-huawei-watch-gt-2-46-mm\/","article_publisher":"https:\/\/www.facebook.com\/urbanspot.si","article_modified_time":"2026-03-18T13:53:09+00:00","og_image":[{"width":800,"height":800,"url":"https:\/\/www.urbanspot.si\/wp-content\/uploads\/urbie-zascitno-steklo-za-uro-huawei-watch-gt-2-46mm.jpg","type":"image\/jpeg"}],"twitter_card":"summary_large_image","schema":{"@context":"https:\/\/schema.org","@graph":[{"@type":"WebPage","@id":"https:\/\/www.urbanspot.si\/produkt\/urbie-zascitno-steklo-za-uro-huawei-watch-gt-2-46mm\/","url":"https:\/\/www.urbanspot.si\/produkt\/urbie-zascitno-steklo-za-uro-huawei-watch-gt-2-46mm\/","name":"Urbie za\u0161titno staklo za Huawei Watch GT 2, 46 mm -","isPartOf":{"@id":"https:\/\/www.urbanspot.si\/#website"},"primaryImageOfPage":{"@id":"https:\/\/www.urbanspot.si\/produkt\/urbie-zascitno-steklo-za-uro-huawei-watch-gt-2-46mm\/#primaryimage"},"image":{"@id":"https:\/\/www.urbanspot.si\/produkt\/urbie-zascitno-steklo-za-uro-huawei-watch-gt-2-46mm\/#primaryimage"},"thumbnailUrl":"https:\/\/www.urbanspot.si\/wp-content\/uploads\/urbie-zascitno-steklo-za-uro-huawei-watch-gt-2-46mm.jpg","datePublished":"2024-05-22T13:44:31+00:00","dateModified":"2026-03-18T13:53:09+00:00","breadcrumb":{"@id":"https:\/\/www.urbanspot.si\/produkt\/urbie-zascitno-steklo-za-uro-huawei-watch-gt-2-46mm\/#breadcrumb"},"inLanguage":"hr","potentialAction":[{"@type":"ReadAction","target":["https:\/\/www.urbanspot.si\/produkt\/urbie-zascitno-steklo-za-uro-huawei-watch-gt-2-46mm\/"]}]},{"@type":"ImageObject","inLanguage":"hr","@id":"https:\/\/www.urbanspot.si\/produkt\/urbie-zascitno-steklo-za-uro-huawei-watch-gt-2-46mm\/#primaryimage","url":"https:\/\/www.urbanspot.si\/wp-content\/uploads\/urbie-zascitno-steklo-za-uro-huawei-watch-gt-2-46mm.jpg","contentUrl":"https:\/\/www.urbanspot.si\/wp-content\/uploads\/urbie-zascitno-steklo-za-uro-huawei-watch-gt-2-46mm.jpg","width":800,"height":800,"caption":"Urbie za\u0161\u010ditno steklo za uro Huawei Watch GT 2"},{"@type":"BreadcrumbList","@id":"https:\/\/www.urbanspot.si\/produkt\/urbie-zascitno-steklo-za-uro-huawei-watch-gt-2-46mm\/#breadcrumb","itemListElement":[{"@type":"ListItem","position":1,"name":"Home","item":"https:\/\/www.urbanspot.si\/"},{"@type":"ListItem","position":2,"name":"Shop","item":"https:\/\/www.urbanspot.si\/shop\/"},{"@type":"ListItem","position":3,"name":"Urbie za\u0161\u010ditno steklo za uro Huawei Watch GT 2, 46mm"}]},{"@type":"WebSite","@id":"https:\/\/www.urbanspot.si\/#website","url":"https:\/\/www.urbanspot.si\/","name":"UrbanSpot","description":"","publisher":{"@id":"https:\/\/www.urbanspot.si\/#organization"},"potentialAction":[{"@type":"SearchAction","target":{"@type":"EntryPoint","urlTemplate":"https:\/\/www.urbanspot.si\/?s={search_term_string}"},"query-input":{"@type":"PropertyValueSpecification","valueRequired":true,"valueName":"search_term_string"}}],"inLanguage":"hr"},{"@type":"Organization","@id":"https:\/\/www.urbanspot.si\/#organization","name":"UrbanSpot","url":"https:\/\/www.urbanspot.si\/","logo":{"@type":"ImageObject","inLanguage":"hr","@id":"https:\/\/www.urbanspot.si\/#\/schema\/logo\/image\/","url":"https:\/\/www.urbanspot.si\/wp-content\/uploads\/urbanspot-logo.svg","contentUrl":"https:\/\/www.urbanspot.si\/wp-content\/uploads\/urbanspot-logo.svg","width":185,"height":40,"caption":"UrbanSpot"},"image":{"@id":"https:\/\/www.urbanspot.si\/#\/schema\/logo\/image\/"},"sameAs":["https:\/\/www.facebook.com\/urbanspot.si"]}]}},"_links":{"self":[{"href":"https:\/\/www.urbanspot.si\/hr\/wp-json\/wp\/v2\/product\/15611","targetHints":{"allow":["GET"]}}],"collection":[{"href":"https:\/\/www.urbanspot.si\/hr\/wp-json\/wp\/v2\/product"}],"about":[{"href":"https:\/\/www.urbanspot.si\/hr\/wp-json\/wp\/v2\/types\/product"}],"replies":[{"embeddable":true,"href":"https:\/\/www.urbanspot.si\/hr\/wp-json\/wp\/v2\/comments?post=15611"}],"version-history":[{"count":1,"href":"https:\/\/www.urbanspot.si\/hr\/wp-json\/wp\/v2\/product\/15611\/revisions"}],"predecessor-version":[{"id":15612,"href":"https:\/\/www.urbanspot.si\/hr\/wp-json\/wp\/v2\/product\/15611\/revisions\/15612"}],"wp:featuredmedia":[{"embeddable":true,"href":"https:\/\/www.urbanspot.si\/hr\/wp-json\/wp\/v2\/media\/15613"}],"wp:attachment":[{"href":"https:\/\/www.urbanspot.si\/hr\/wp-json\/wp\/v2\/media?parent=15611"}],"wp:term":[{"taxonomy":"product_brand","embeddable":true,"href":"https:\/\/www.urbanspot.si\/hr\/wp-json\/wp\/v2\/product_brand?post=15611"},{"taxonomy":"product_cat","embeddable":true,"href":"https:\/\/www.urbanspot.si\/hr\/wp-json\/wp\/v2\/product_cat?post=15611"},{"taxonomy":"product_tag","embeddable":true,"href":"https:\/\/www.urbanspot.si\/hr\/wp-json\/wp\/v2\/product_tag?post=15611"}],"curies":[{"name":"radni list","href":"https:\/\/api.w.org\/{rel}","templated":true}]}}