{"id":15728,"date":"2024-05-22T14:44:48","date_gmt":"2024-05-22T13:44:48","guid":{"rendered":"https:\/\/www.urbanspot.si\/product\/urbie-zascitno-steklo-za-kamero-za-iphone-15-pro-15-pro-max\/"},"modified":"2026-03-18T15:53:06","modified_gmt":"2026-03-18T13:53:06","slug":"urbie-zastitno-staklo-za-kameru-za-iphone-15-pro-15-pro-max","status":"publish","type":"product","link":"https:\/\/www.urbanspot.si\/hr\/produkt\/urbie-zascitno-steklo-za-kamero-za-iphone-15-pro-15-pro-max\/","title":{"rendered":"Urbie za\u0161titno staklo za kameru za iPhone 15 Pro \/ 15 Pro Max"},"content":{"rendered":"<p>Urbie za\u0161titno staklo za kameru bit \u0107e vrhunska za\u0161tita za va\u0161 pametni telefon ili kameru. Kaljeno staklo je gotovo nevidljivo na ure\u0111aju, a ugradnja je vrlo jednostavna.<\/p>\n<p>\u00a0<\/p>\n<ul>\n<li>Pru\u017ea za\u0161titu od prskanja i manjih udaraca<\/li>\n<li>Visokokvalitetno kaljeno staklo<\/li>\n<li>Jednostavna instalacija<\/li>\n<li>Glatka upotreba<\/li>\n<li>Staklo potpuno prekriva kameru<\/li>\n<li>Otporno na ogrebotine<\/li>\n<li>Prozirne boje<\/li>\n<\/ul>\n<p>\u00a0<\/p>\n<p>Set sadr\u017ei:\u00a0<\/p>\n<ul>\n<li>1x za\u0161titno staklo<\/li>\n<li>1x set za ugradnju za\u0161titnog stakla<\/li>\n<li>1x Upute za postavljanje za\u0161titnog stakla\u00a0<\/li>\n<li>1x Set za \u010di\u0161\u0107enje<\/li>\n<\/ul>","protected":false},"excerpt":{"rendered":"<p>Urbie za\u0161titno staklo za kameru iPhonea 15 Pro i 15 Pro Max pru\u017eit \u0107e va\u0161em telefonu izvrsnu za\u0161titu od prljav\u0161tine, ogrebotina i udaraca.<\/p>","protected":false},"featured_media":15730,"comment_status":"closed","ping_status":"closed","template":"","meta":[],"product_brand":[],"product_cat":[92,93,94,455,91,559,561],"product_tag":[],"class_list":{"0":"post-15728","1":"product","2":"type-product","3":"status-publish","4":"has-post-thumbnail","6":"product_cat-apple","7":"product_cat-apple-iphone-15-serija","8":"product_cat-iphone-15","9":"product_cat-iphone-15-pro","10":"product_cat-razprodaja","11":"product_cat-zascitna-stekla","12":"product_cat-zascitna-stekla-za-kamero","13":"pa_primerno-za-model-iphone-15-pro","14":"pa_primerno-za-model-iphone-15-pro-max","15":"pa_primerno-za-proizvajalca-apple","17":"first","18":"outofstock","19":"sale","20":"taxable","21":"shipping-taxable","22":"purchasable","23":"product-type-simple"},"yoast_head":"<!-- This site is optimized with the Yoast SEO plugin v27.4 - https:\/\/yoast.com\/product\/yoast-seo-wordpress\/ -->\n<title>Urbie za\u0161\u010ditno steklo za kamero za Iphone 15 Pro \/ 15 Pro Max -<\/title>\n<meta name=\"robots\" content=\"index, follow, max-snippet:-1, max-image-preview:large, max-video-preview:-1\" \/>\n<link rel=\"canonical\" href=\"https:\/\/www.urbanspot.si\/hr\/proizvod-2\/urbie-zastitno-staklo-za-kameru-za-iphone-15-pro-15-pro-max\/\" \/>\n<meta property=\"og:locale\" content=\"hr_HR\" \/>\n<meta property=\"og:type\" content=\"article\" \/>\n<meta property=\"og:title\" content=\"Urbie za\u0161\u010ditno steklo za kamero za Iphone 15 Pro \/ 15 Pro Max -\" \/>\n<meta property=\"og:description\" content=\"Urbie za\u0161\u010ditno steklo za kamero Iphone 15 Pro in 15 Pro Max bo va\u0161emu telefonu nudil odli\u010dno za\u0161\u010dito pred umazanijo, praskami in udarci.\" \/>\n<meta property=\"og:url\" content=\"https:\/\/www.urbanspot.si\/hr\/proizvod-2\/urbie-zastitno-staklo-za-kameru-za-iphone-15-pro-15-pro-max\/\" \/>\n<meta property=\"article:publisher\" content=\"https:\/\/www.facebook.com\/urbanspot.si\" \/>\n<meta property=\"article:modified_time\" content=\"2026-03-18T13:53:06+00:00\" \/>\n<meta property=\"og:image\" content=\"https:\/\/www.urbanspot.si\/wp-content\/uploads\/urbie-zascitno-steklo-za-kamero-za-iphone-15-pro-15-pro-max.jpg\" \/>\n\t<meta property=\"og:image:width\" content=\"1000\" \/>\n\t<meta property=\"og:image:height\" content=\"1000\" \/>\n\t<meta property=\"og:image:type\" content=\"image\/jpeg\" \/>\n<meta name=\"twitter:card\" content=\"summary_large_image\" \/>\n<script type=\"application\/ld+json\" class=\"yoast-schema-graph\">{\"@context\":\"https:\\\/\\\/schema.org\",\"@graph\":[{\"@type\":\"WebPage\",\"@id\":\"https:\\\/\\\/www.urbanspot.si\\\/produkt\\\/urbie-zascitno-steklo-za-kamero-za-iphone-15-pro-15-pro-max\\\/\",\"url\":\"https:\\\/\\\/www.urbanspot.si\\\/produkt\\\/urbie-zascitno-steklo-za-kamero-za-iphone-15-pro-15-pro-max\\\/\",\"name\":\"Urbie za\u0161\u010ditno steklo za kamero za Iphone 15 Pro \\\/ 15 Pro Max -\",\"isPartOf\":{\"@id\":\"https:\\\/\\\/www.urbanspot.si\\\/#website\"},\"primaryImageOfPage\":{\"@id\":\"https:\\\/\\\/www.urbanspot.si\\\/produkt\\\/urbie-zascitno-steklo-za-kamero-za-iphone-15-pro-15-pro-max\\\/#primaryimage\"},\"image\":{\"@id\":\"https:\\\/\\\/www.urbanspot.si\\\/produkt\\\/urbie-zascitno-steklo-za-kamero-za-iphone-15-pro-15-pro-max\\\/#primaryimage\"},\"thumbnailUrl\":\"https:\\\/\\\/www.urbanspot.si\\\/wp-content\\\/uploads\\\/urbie-zascitno-steklo-za-kamero-za-iphone-15-pro-15-pro-max.jpg\",\"datePublished\":\"2024-05-22T13:44:48+00:00\",\"dateModified\":\"2026-03-18T13:53:06+00:00\",\"breadcrumb\":{\"@id\":\"https:\\\/\\\/www.urbanspot.si\\\/produkt\\\/urbie-zascitno-steklo-za-kamero-za-iphone-15-pro-15-pro-max\\\/#breadcrumb\"},\"inLanguage\":\"hr\",\"potentialAction\":[{\"@type\":\"ReadAction\",\"target\":[\"https:\\\/\\\/www.urbanspot.si\\\/produkt\\\/urbie-zascitno-steklo-za-kamero-za-iphone-15-pro-15-pro-max\\\/\"]}]},{\"@type\":\"ImageObject\",\"inLanguage\":\"hr\",\"@id\":\"https:\\\/\\\/www.urbanspot.si\\\/produkt\\\/urbie-zascitno-steklo-za-kamero-za-iphone-15-pro-15-pro-max\\\/#primaryimage\",\"url\":\"https:\\\/\\\/www.urbanspot.si\\\/wp-content\\\/uploads\\\/urbie-zascitno-steklo-za-kamero-za-iphone-15-pro-15-pro-max.jpg\",\"contentUrl\":\"https:\\\/\\\/www.urbanspot.si\\\/wp-content\\\/uploads\\\/urbie-zascitno-steklo-za-kamero-za-iphone-15-pro-15-pro-max.jpg\",\"width\":1000,\"height\":1000,\"caption\":\"Urbie za\u0161\u010ditno steklo za kamero za Iphone 15 Pro \\\/ 15 Pro Max\"},{\"@type\":\"BreadcrumbList\",\"@id\":\"https:\\\/\\\/www.urbanspot.si\\\/produkt\\\/urbie-zascitno-steklo-za-kamero-za-iphone-15-pro-15-pro-max\\\/#breadcrumb\",\"itemListElement\":[{\"@type\":\"ListItem\",\"position\":1,\"name\":\"Home\",\"item\":\"https:\\\/\\\/www.urbanspot.si\\\/\"},{\"@type\":\"ListItem\",\"position\":2,\"name\":\"Shop\",\"item\":\"https:\\\/\\\/www.urbanspot.si\\\/shop\\\/\"},{\"@type\":\"ListItem\",\"position\":3,\"name\":\"Urbie za\u0161\u010ditno steklo za kamero za Iphone 15 Pro \\\/ 15 Pro Max\"}]},{\"@type\":\"WebSite\",\"@id\":\"https:\\\/\\\/www.urbanspot.si\\\/#website\",\"url\":\"https:\\\/\\\/www.urbanspot.si\\\/\",\"name\":\"UrbanSpot\",\"description\":\"\",\"publisher\":{\"@id\":\"https:\\\/\\\/www.urbanspot.si\\\/#organization\"},\"potentialAction\":[{\"@type\":\"SearchAction\",\"target\":{\"@type\":\"EntryPoint\",\"urlTemplate\":\"https:\\\/\\\/www.urbanspot.si\\\/?s={search_term_string}\"},\"query-input\":{\"@type\":\"PropertyValueSpecification\",\"valueRequired\":true,\"valueName\":\"search_term_string\"}}],\"inLanguage\":\"hr\"},{\"@type\":\"Organization\",\"@id\":\"https:\\\/\\\/www.urbanspot.si\\\/#organization\",\"name\":\"UrbanSpot\",\"url\":\"https:\\\/\\\/www.urbanspot.si\\\/\",\"logo\":{\"@type\":\"ImageObject\",\"inLanguage\":\"hr\",\"@id\":\"https:\\\/\\\/www.urbanspot.si\\\/#\\\/schema\\\/logo\\\/image\\\/\",\"url\":\"https:\\\/\\\/www.urbanspot.si\\\/wp-content\\\/uploads\\\/urbanspot-logo.svg\",\"contentUrl\":\"https:\\\/\\\/www.urbanspot.si\\\/wp-content\\\/uploads\\\/urbanspot-logo.svg\",\"width\":185,\"height\":40,\"caption\":\"UrbanSpot\"},\"image\":{\"@id\":\"https:\\\/\\\/www.urbanspot.si\\\/#\\\/schema\\\/logo\\\/image\\\/\"},\"sameAs\":[\"https:\\\/\\\/www.facebook.com\\\/urbanspot.si\"]}]}<\/script>\n<!-- \/ Yoast SEO plugin. -->","yoast_head_json":{"title":"Urbie za\u0161\u010ditno steklo za kamero za Iphone 15 Pro \/ 15 Pro Max -","robots":{"index":"index","follow":"follow","max-snippet":"max-snippet:-1","max-image-preview":"max-image-preview:large","max-video-preview":"max-video-preview:-1"},"canonical":"https:\/\/www.urbanspot.si\/hr\/proizvod-2\/urbie-zastitno-staklo-za-kameru-za-iphone-15-pro-15-pro-max\/","og_locale":"hr_HR","og_type":"article","og_title":"Urbie za\u0161\u010ditno steklo za kamero za Iphone 15 Pro \/ 15 Pro Max -","og_description":"Urbie za\u0161\u010ditno steklo za kamero Iphone 15 Pro in 15 Pro Max bo va\u0161emu telefonu nudil odli\u010dno za\u0161\u010dito pred umazanijo, praskami in udarci.","og_url":"https:\/\/www.urbanspot.si\/hr\/proizvod-2\/urbie-zastitno-staklo-za-kameru-za-iphone-15-pro-15-pro-max\/","article_publisher":"https:\/\/www.facebook.com\/urbanspot.si","article_modified_time":"2026-03-18T13:53:06+00:00","og_image":[{"width":1000,"height":1000,"url":"https:\/\/www.urbanspot.si\/wp-content\/uploads\/urbie-zascitno-steklo-za-kamero-za-iphone-15-pro-15-pro-max.jpg","type":"image\/jpeg"}],"twitter_card":"summary_large_image","schema":{"@context":"https:\/\/schema.org","@graph":[{"@type":"WebPage","@id":"https:\/\/www.urbanspot.si\/produkt\/urbie-zascitno-steklo-za-kamero-za-iphone-15-pro-15-pro-max\/","url":"https:\/\/www.urbanspot.si\/produkt\/urbie-zascitno-steklo-za-kamero-za-iphone-15-pro-15-pro-max\/","name":"Urbie za\u0161\u010ditno steklo za kamero za Iphone 15 Pro \/ 15 Pro Max -","isPartOf":{"@id":"https:\/\/www.urbanspot.si\/#website"},"primaryImageOfPage":{"@id":"https:\/\/www.urbanspot.si\/produkt\/urbie-zascitno-steklo-za-kamero-za-iphone-15-pro-15-pro-max\/#primaryimage"},"image":{"@id":"https:\/\/www.urbanspot.si\/produkt\/urbie-zascitno-steklo-za-kamero-za-iphone-15-pro-15-pro-max\/#primaryimage"},"thumbnailUrl":"https:\/\/www.urbanspot.si\/wp-content\/uploads\/urbie-zascitno-steklo-za-kamero-za-iphone-15-pro-15-pro-max.jpg","datePublished":"2024-05-22T13:44:48+00:00","dateModified":"2026-03-18T13:53:06+00:00","breadcrumb":{"@id":"https:\/\/www.urbanspot.si\/produkt\/urbie-zascitno-steklo-za-kamero-za-iphone-15-pro-15-pro-max\/#breadcrumb"},"inLanguage":"hr","potentialAction":[{"@type":"ReadAction","target":["https:\/\/www.urbanspot.si\/produkt\/urbie-zascitno-steklo-za-kamero-za-iphone-15-pro-15-pro-max\/"]}]},{"@type":"ImageObject","inLanguage":"hr","@id":"https:\/\/www.urbanspot.si\/produkt\/urbie-zascitno-steklo-za-kamero-za-iphone-15-pro-15-pro-max\/#primaryimage","url":"https:\/\/www.urbanspot.si\/wp-content\/uploads\/urbie-zascitno-steklo-za-kamero-za-iphone-15-pro-15-pro-max.jpg","contentUrl":"https:\/\/www.urbanspot.si\/wp-content\/uploads\/urbie-zascitno-steklo-za-kamero-za-iphone-15-pro-15-pro-max.jpg","width":1000,"height":1000,"caption":"Urbie za\u0161\u010ditno steklo za kamero za Iphone 15 Pro \/ 15 Pro Max"},{"@type":"BreadcrumbList","@id":"https:\/\/www.urbanspot.si\/produkt\/urbie-zascitno-steklo-za-kamero-za-iphone-15-pro-15-pro-max\/#breadcrumb","itemListElement":[{"@type":"ListItem","position":1,"name":"Home","item":"https:\/\/www.urbanspot.si\/"},{"@type":"ListItem","position":2,"name":"Shop","item":"https:\/\/www.urbanspot.si\/shop\/"},{"@type":"ListItem","position":3,"name":"Urbie za\u0161\u010ditno steklo za kamero za Iphone 15 Pro \/ 15 Pro Max"}]},{"@type":"WebSite","@id":"https:\/\/www.urbanspot.si\/#website","url":"https:\/\/www.urbanspot.si\/","name":"UrbanSpot","description":"","publisher":{"@id":"https:\/\/www.urbanspot.si\/#organization"},"potentialAction":[{"@type":"SearchAction","target":{"@type":"EntryPoint","urlTemplate":"https:\/\/www.urbanspot.si\/?s={search_term_string}"},"query-input":{"@type":"PropertyValueSpecification","valueRequired":true,"valueName":"search_term_string"}}],"inLanguage":"hr"},{"@type":"Organization","@id":"https:\/\/www.urbanspot.si\/#organization","name":"UrbanSpot","url":"https:\/\/www.urbanspot.si\/","logo":{"@type":"ImageObject","inLanguage":"hr","@id":"https:\/\/www.urbanspot.si\/#\/schema\/logo\/image\/","url":"https:\/\/www.urbanspot.si\/wp-content\/uploads\/urbanspot-logo.svg","contentUrl":"https:\/\/www.urbanspot.si\/wp-content\/uploads\/urbanspot-logo.svg","width":185,"height":40,"caption":"UrbanSpot"},"image":{"@id":"https:\/\/www.urbanspot.si\/#\/schema\/logo\/image\/"},"sameAs":["https:\/\/www.facebook.com\/urbanspot.si"]}]}},"_links":{"self":[{"href":"https:\/\/www.urbanspot.si\/hr\/wp-json\/wp\/v2\/product\/15728","targetHints":{"allow":["GET"]}}],"collection":[{"href":"https:\/\/www.urbanspot.si\/hr\/wp-json\/wp\/v2\/product"}],"about":[{"href":"https:\/\/www.urbanspot.si\/hr\/wp-json\/wp\/v2\/types\/product"}],"replies":[{"embeddable":true,"href":"https:\/\/www.urbanspot.si\/hr\/wp-json\/wp\/v2\/comments?post=15728"}],"version-history":[{"count":1,"href":"https:\/\/www.urbanspot.si\/hr\/wp-json\/wp\/v2\/product\/15728\/revisions"}],"predecessor-version":[{"id":15729,"href":"https:\/\/www.urbanspot.si\/hr\/wp-json\/wp\/v2\/product\/15728\/revisions\/15729"}],"wp:featuredmedia":[{"embeddable":true,"href":"https:\/\/www.urbanspot.si\/hr\/wp-json\/wp\/v2\/media\/15730"}],"wp:attachment":[{"href":"https:\/\/www.urbanspot.si\/hr\/wp-json\/wp\/v2\/media?parent=15728"}],"wp:term":[{"taxonomy":"product_brand","embeddable":true,"href":"https:\/\/www.urbanspot.si\/hr\/wp-json\/wp\/v2\/product_brand?post=15728"},{"taxonomy":"product_cat","embeddable":true,"href":"https:\/\/www.urbanspot.si\/hr\/wp-json\/wp\/v2\/product_cat?post=15728"},{"taxonomy":"product_tag","embeddable":true,"href":"https:\/\/www.urbanspot.si\/hr\/wp-json\/wp\/v2\/product_tag?post=15728"}],"curies":[{"name":"radni list","href":"https:\/\/api.w.org\/{rel}","templated":true}]}}