{"id":15827,"date":"2024-05-22T14:44:54","date_gmt":"2024-05-22T13:44:54","guid":{"rendered":"https:\/\/www.urbanspot.si\/product\/torbica-premium-urbie-black-samsung-galaxy-z-fold-5\/"},"modified":"2026-03-18T15:53:01","modified_gmt":"2026-03-18T13:53:01","slug":"futrola-premium-urbie-crna-za-samsung-galaxy-z-fold-5","status":"publish","type":"product","link":"https:\/\/www.urbanspot.si\/hr\/produkt\/torbica-premium-urbie-black-samsung-galaxy-z-fold-5\/","title":{"rendered":"Futrola Premium Urbie crna, Samsung Galaxy Z Fold 5"},"content":{"rendered":"<p>Horizontalna preklopna maskica za telefon za\u0161titit \u0107e va\u0161 telefon od ogrebotina i udaraca. Prekrasan dizajn maskice osigurat \u0107e da \u0107ete biti moderni sa svojim telefonom svugdje.<\/p>\n<p>Futrola savr\u0161eno pristaje odabranom modelu telefona i ima izreze za kameru i zvu\u010dnike.<\/p>\n<p>\u00a0<\/p>\n<ul>\n<li>Poklopac odr\u017eava elegantne linije ure\u0111aja<\/li>\n<li>Visokokvalitetni i izdr\u017eljivi materijali<\/li>\n<li>Elegantni dizajn i za\u0161tita u isto vrijeme<\/li>\n<li>Pristup svim tipkama<\/li>\n<li>Unutar poklopca nalazi se prostor za sigurno pohranjivanje kartica<\/li>\n<li>Materijal: prirodna ko\u017ea<\/li>\n<\/ul>","protected":false},"excerpt":{"rendered":"<p>Premium Urbie preklopna maskica u crnoj boji odli\u010dna je kombinacija modernog dizajna i visokokvalitetnih materijala, \u0161to je \u010dini odli\u010dnim izborom za va\u0161 mobilni ure\u0111aj.<\/p>","protected":false},"featured_media":15829,"comment_status":"closed","ping_status":"open","template":"","meta":[],"product_brand":[],"product_cat":[468,560,91,88,349],"product_tag":[],"class_list":{"0":"post-15827","1":"product","2":"type-product","3":"status-publish","4":"has-post-thumbnail","6":"product_cat-galaxy-z-fold-5","7":"product_cat-ovitki-za-telefone","8":"product_cat-razprodaja","9":"product_cat-samsung","10":"product_cat-samsung-z-serija","11":"pa_primerno-za-model-samsung-galaxy-z-fold-5","12":"pa_primerno-za-proizvajalca-samsung","14":"first","15":"outofstock","16":"sale","17":"taxable","18":"shipping-taxable","19":"purchasable","20":"product-type-simple"},"yoast_head":"<!-- This site is optimized with the Yoast SEO plugin v27.4 - https:\/\/yoast.com\/product\/yoast-seo-wordpress\/ -->\n<title>Torbica Premium Urbie Black, Samsung Galaxy Z Fold 5 -<\/title>\n<meta name=\"robots\" content=\"index, follow, max-snippet:-1, max-image-preview:large, max-video-preview:-1\" \/>\n<link rel=\"canonical\" href=\"https:\/\/www.urbanspot.si\/hr\/proizvod-2\/futrola-premium-urbie-crna-za-samsung-galaxy-z-fold-5\/\" \/>\n<meta property=\"og:locale\" content=\"hr_HR\" \/>\n<meta property=\"og:type\" content=\"article\" \/>\n<meta property=\"og:title\" content=\"Torbica Premium Urbie Black, Samsung Galaxy Z Fold 5 -\" \/>\n<meta property=\"og:description\" content=\"Preklopna torbica Premium Urbie v \u010drni\u00a0barvi je odli\u010dna kombinacija modernega dizajna in visokokakovostnih materialov, ki bo odli\u010dna izbira za va\u0161o mobilno napravo.\" \/>\n<meta property=\"og:url\" content=\"https:\/\/www.urbanspot.si\/hr\/proizvod-2\/futrola-premium-urbie-crna-za-samsung-galaxy-z-fold-5\/\" \/>\n<meta property=\"article:publisher\" content=\"https:\/\/www.facebook.com\/urbanspot.si\" \/>\n<meta property=\"article:modified_time\" content=\"2026-03-18T13:53:01+00:00\" \/>\n<meta property=\"og:image\" content=\"https:\/\/www.urbanspot.si\/wp-content\/uploads\/torbica-premium-urbie-black-samsung-galaxy-z-fold-5.jpg\" \/>\n\t<meta property=\"og:image:width\" content=\"1200\" \/>\n\t<meta property=\"og:image:height\" content=\"1200\" \/>\n\t<meta property=\"og:image:type\" content=\"image\/jpeg\" \/>\n<meta name=\"twitter:card\" content=\"summary_large_image\" \/>\n<script type=\"application\/ld+json\" class=\"yoast-schema-graph\">{\"@context\":\"https:\\\/\\\/schema.org\",\"@graph\":[{\"@type\":\"WebPage\",\"@id\":\"https:\\\/\\\/www.urbanspot.si\\\/produkt\\\/torbica-premium-urbie-black-samsung-galaxy-z-fold-5\\\/\",\"url\":\"https:\\\/\\\/www.urbanspot.si\\\/produkt\\\/torbica-premium-urbie-black-samsung-galaxy-z-fold-5\\\/\",\"name\":\"Torbica Premium Urbie Black, Samsung Galaxy Z Fold 5 -\",\"isPartOf\":{\"@id\":\"https:\\\/\\\/www.urbanspot.si\\\/#website\"},\"primaryImageOfPage\":{\"@id\":\"https:\\\/\\\/www.urbanspot.si\\\/produkt\\\/torbica-premium-urbie-black-samsung-galaxy-z-fold-5\\\/#primaryimage\"},\"image\":{\"@id\":\"https:\\\/\\\/www.urbanspot.si\\\/produkt\\\/torbica-premium-urbie-black-samsung-galaxy-z-fold-5\\\/#primaryimage\"},\"thumbnailUrl\":\"https:\\\/\\\/www.urbanspot.si\\\/wp-content\\\/uploads\\\/torbica-premium-urbie-black-samsung-galaxy-z-fold-5.jpg\",\"datePublished\":\"2024-05-22T13:44:54+00:00\",\"dateModified\":\"2026-03-18T13:53:01+00:00\",\"breadcrumb\":{\"@id\":\"https:\\\/\\\/www.urbanspot.si\\\/produkt\\\/torbica-premium-urbie-black-samsung-galaxy-z-fold-5\\\/#breadcrumb\"},\"inLanguage\":\"hr\",\"potentialAction\":[{\"@type\":\"ReadAction\",\"target\":[\"https:\\\/\\\/www.urbanspot.si\\\/produkt\\\/torbica-premium-urbie-black-samsung-galaxy-z-fold-5\\\/\"]}]},{\"@type\":\"ImageObject\",\"inLanguage\":\"hr\",\"@id\":\"https:\\\/\\\/www.urbanspot.si\\\/produkt\\\/torbica-premium-urbie-black-samsung-galaxy-z-fold-5\\\/#primaryimage\",\"url\":\"https:\\\/\\\/www.urbanspot.si\\\/wp-content\\\/uploads\\\/torbica-premium-urbie-black-samsung-galaxy-z-fold-5.jpg\",\"contentUrl\":\"https:\\\/\\\/www.urbanspot.si\\\/wp-content\\\/uploads\\\/torbica-premium-urbie-black-samsung-galaxy-z-fold-5.jpg\",\"width\":1200,\"height\":1200,\"caption\":\"Torbica Premium Urbie Black\"},{\"@type\":\"BreadcrumbList\",\"@id\":\"https:\\\/\\\/www.urbanspot.si\\\/produkt\\\/torbica-premium-urbie-black-samsung-galaxy-z-fold-5\\\/#breadcrumb\",\"itemListElement\":[{\"@type\":\"ListItem\",\"position\":1,\"name\":\"Home\",\"item\":\"https:\\\/\\\/www.urbanspot.si\\\/\"},{\"@type\":\"ListItem\",\"position\":2,\"name\":\"Shop\",\"item\":\"https:\\\/\\\/www.urbanspot.si\\\/shop\\\/\"},{\"@type\":\"ListItem\",\"position\":3,\"name\":\"Torbica Premium Urbie Black, Samsung Galaxy Z Fold 5\"}]},{\"@type\":\"WebSite\",\"@id\":\"https:\\\/\\\/www.urbanspot.si\\\/#website\",\"url\":\"https:\\\/\\\/www.urbanspot.si\\\/\",\"name\":\"UrbanSpot\",\"description\":\"\",\"publisher\":{\"@id\":\"https:\\\/\\\/www.urbanspot.si\\\/#organization\"},\"potentialAction\":[{\"@type\":\"SearchAction\",\"target\":{\"@type\":\"EntryPoint\",\"urlTemplate\":\"https:\\\/\\\/www.urbanspot.si\\\/?s={search_term_string}\"},\"query-input\":{\"@type\":\"PropertyValueSpecification\",\"valueRequired\":true,\"valueName\":\"search_term_string\"}}],\"inLanguage\":\"hr\"},{\"@type\":\"Organization\",\"@id\":\"https:\\\/\\\/www.urbanspot.si\\\/#organization\",\"name\":\"UrbanSpot\",\"url\":\"https:\\\/\\\/www.urbanspot.si\\\/\",\"logo\":{\"@type\":\"ImageObject\",\"inLanguage\":\"hr\",\"@id\":\"https:\\\/\\\/www.urbanspot.si\\\/#\\\/schema\\\/logo\\\/image\\\/\",\"url\":\"https:\\\/\\\/www.urbanspot.si\\\/wp-content\\\/uploads\\\/urbanspot-logo.svg\",\"contentUrl\":\"https:\\\/\\\/www.urbanspot.si\\\/wp-content\\\/uploads\\\/urbanspot-logo.svg\",\"width\":185,\"height\":40,\"caption\":\"UrbanSpot\"},\"image\":{\"@id\":\"https:\\\/\\\/www.urbanspot.si\\\/#\\\/schema\\\/logo\\\/image\\\/\"},\"sameAs\":[\"https:\\\/\\\/www.facebook.com\\\/urbanspot.si\"]}]}<\/script>\n<!-- \/ Yoast SEO plugin. -->","yoast_head_json":{"title":"Torbica Premium Urbie Black, Samsung Galaxy Z Fold 5 -","robots":{"index":"index","follow":"follow","max-snippet":"max-snippet:-1","max-image-preview":"max-image-preview:large","max-video-preview":"max-video-preview:-1"},"canonical":"https:\/\/www.urbanspot.si\/hr\/proizvod-2\/futrola-premium-urbie-crna-za-samsung-galaxy-z-fold-5\/","og_locale":"hr_HR","og_type":"article","og_title":"Torbica Premium Urbie Black, Samsung Galaxy Z Fold 5 -","og_description":"Preklopna torbica Premium Urbie v \u010drni\u00a0barvi je odli\u010dna kombinacija modernega dizajna in visokokakovostnih materialov, ki bo odli\u010dna izbira za va\u0161o mobilno napravo.","og_url":"https:\/\/www.urbanspot.si\/hr\/proizvod-2\/futrola-premium-urbie-crna-za-samsung-galaxy-z-fold-5\/","article_publisher":"https:\/\/www.facebook.com\/urbanspot.si","article_modified_time":"2026-03-18T13:53:01+00:00","og_image":[{"width":1200,"height":1200,"url":"https:\/\/www.urbanspot.si\/wp-content\/uploads\/torbica-premium-urbie-black-samsung-galaxy-z-fold-5.jpg","type":"image\/jpeg"}],"twitter_card":"summary_large_image","schema":{"@context":"https:\/\/schema.org","@graph":[{"@type":"WebPage","@id":"https:\/\/www.urbanspot.si\/produkt\/torbica-premium-urbie-black-samsung-galaxy-z-fold-5\/","url":"https:\/\/www.urbanspot.si\/produkt\/torbica-premium-urbie-black-samsung-galaxy-z-fold-5\/","name":"Torbica Premium Urbie Black, Samsung Galaxy Z Fold 5 -","isPartOf":{"@id":"https:\/\/www.urbanspot.si\/#website"},"primaryImageOfPage":{"@id":"https:\/\/www.urbanspot.si\/produkt\/torbica-premium-urbie-black-samsung-galaxy-z-fold-5\/#primaryimage"},"image":{"@id":"https:\/\/www.urbanspot.si\/produkt\/torbica-premium-urbie-black-samsung-galaxy-z-fold-5\/#primaryimage"},"thumbnailUrl":"https:\/\/www.urbanspot.si\/wp-content\/uploads\/torbica-premium-urbie-black-samsung-galaxy-z-fold-5.jpg","datePublished":"2024-05-22T13:44:54+00:00","dateModified":"2026-03-18T13:53:01+00:00","breadcrumb":{"@id":"https:\/\/www.urbanspot.si\/produkt\/torbica-premium-urbie-black-samsung-galaxy-z-fold-5\/#breadcrumb"},"inLanguage":"hr","potentialAction":[{"@type":"ReadAction","target":["https:\/\/www.urbanspot.si\/produkt\/torbica-premium-urbie-black-samsung-galaxy-z-fold-5\/"]}]},{"@type":"ImageObject","inLanguage":"hr","@id":"https:\/\/www.urbanspot.si\/produkt\/torbica-premium-urbie-black-samsung-galaxy-z-fold-5\/#primaryimage","url":"https:\/\/www.urbanspot.si\/wp-content\/uploads\/torbica-premium-urbie-black-samsung-galaxy-z-fold-5.jpg","contentUrl":"https:\/\/www.urbanspot.si\/wp-content\/uploads\/torbica-premium-urbie-black-samsung-galaxy-z-fold-5.jpg","width":1200,"height":1200,"caption":"Torbica Premium Urbie Black"},{"@type":"BreadcrumbList","@id":"https:\/\/www.urbanspot.si\/produkt\/torbica-premium-urbie-black-samsung-galaxy-z-fold-5\/#breadcrumb","itemListElement":[{"@type":"ListItem","position":1,"name":"Home","item":"https:\/\/www.urbanspot.si\/"},{"@type":"ListItem","position":2,"name":"Shop","item":"https:\/\/www.urbanspot.si\/shop\/"},{"@type":"ListItem","position":3,"name":"Torbica Premium Urbie Black, Samsung Galaxy Z Fold 5"}]},{"@type":"WebSite","@id":"https:\/\/www.urbanspot.si\/#website","url":"https:\/\/www.urbanspot.si\/","name":"UrbanSpot","description":"","publisher":{"@id":"https:\/\/www.urbanspot.si\/#organization"},"potentialAction":[{"@type":"SearchAction","target":{"@type":"EntryPoint","urlTemplate":"https:\/\/www.urbanspot.si\/?s={search_term_string}"},"query-input":{"@type":"PropertyValueSpecification","valueRequired":true,"valueName":"search_term_string"}}],"inLanguage":"hr"},{"@type":"Organization","@id":"https:\/\/www.urbanspot.si\/#organization","name":"UrbanSpot","url":"https:\/\/www.urbanspot.si\/","logo":{"@type":"ImageObject","inLanguage":"hr","@id":"https:\/\/www.urbanspot.si\/#\/schema\/logo\/image\/","url":"https:\/\/www.urbanspot.si\/wp-content\/uploads\/urbanspot-logo.svg","contentUrl":"https:\/\/www.urbanspot.si\/wp-content\/uploads\/urbanspot-logo.svg","width":185,"height":40,"caption":"UrbanSpot"},"image":{"@id":"https:\/\/www.urbanspot.si\/#\/schema\/logo\/image\/"},"sameAs":["https:\/\/www.facebook.com\/urbanspot.si"]}]}},"_links":{"self":[{"href":"https:\/\/www.urbanspot.si\/hr\/wp-json\/wp\/v2\/product\/15827","targetHints":{"allow":["GET"]}}],"collection":[{"href":"https:\/\/www.urbanspot.si\/hr\/wp-json\/wp\/v2\/product"}],"about":[{"href":"https:\/\/www.urbanspot.si\/hr\/wp-json\/wp\/v2\/types\/product"}],"replies":[{"embeddable":true,"href":"https:\/\/www.urbanspot.si\/hr\/wp-json\/wp\/v2\/comments?post=15827"}],"version-history":[{"count":1,"href":"https:\/\/www.urbanspot.si\/hr\/wp-json\/wp\/v2\/product\/15827\/revisions"}],"predecessor-version":[{"id":15828,"href":"https:\/\/www.urbanspot.si\/hr\/wp-json\/wp\/v2\/product\/15827\/revisions\/15828"}],"wp:featuredmedia":[{"embeddable":true,"href":"https:\/\/www.urbanspot.si\/hr\/wp-json\/wp\/v2\/media\/15829"}],"wp:attachment":[{"href":"https:\/\/www.urbanspot.si\/hr\/wp-json\/wp\/v2\/media?parent=15827"}],"wp:term":[{"taxonomy":"product_brand","embeddable":true,"href":"https:\/\/www.urbanspot.si\/hr\/wp-json\/wp\/v2\/product_brand?post=15827"},{"taxonomy":"product_cat","embeddable":true,"href":"https:\/\/www.urbanspot.si\/hr\/wp-json\/wp\/v2\/product_cat?post=15827"},{"taxonomy":"product_tag","embeddable":true,"href":"https:\/\/www.urbanspot.si\/hr\/wp-json\/wp\/v2\/product_tag?post=15827"}],"curies":[{"name":"radni list","href":"https:\/\/api.w.org\/{rel}","templated":true}]}}