{"id":15949,"date":"2024-05-22T14:45:25","date_gmt":"2024-05-22T13:45:25","guid":{"rendered":"https:\/\/www.urbanspot.si\/product\/zascitno-steklo-urbie-privacy-glass-iphone-15-pro\/"},"modified":"2026-03-19T16:03:49","modified_gmt":"2026-03-19T14:03:49","slug":"urbie-privacy-glass-zastitna-folija-za-iphone-15-pro","status":"publish","type":"product","link":"https:\/\/www.urbanspot.si\/hr\/produkt\/zascitno-steklo-urbie-privacy-glass-iphone-15-pro\/","title":{"rendered":"Urbie za\u0161titno staklo za iPhone 15 Pro"},"content":{"rendered":"<p>Urbie Privacy Glass za\u0161titna folija za ekran bit \u0107e vrhunska za\u0161tita za va\u0161 pametni telefon. Kaljeno staklo je gotovo nevidljivo na ure\u0111aju, a ugradnja je vrlo jednostavna.<\/p>\n<p>\u00a0<\/p>\n<ul>\n<li>Pru\u017ea za\u0161titu od prskanja i manjih udaraca<\/li>\n<li>Visokokvalitetno kaljeno staklo<\/li>\n<li>Jednostavna instalacija<\/li>\n<li>Glatka upotreba<\/li>\n<li>Staklo u potpunosti prekriva ekran<\/li>\n<li>Pru\u017ea izvrsnu za\u0161titu od o\u0161te\u0107enja zaslona<\/li>\n<li>Premazan posebnim oleofobnim premazom koji smanjuje otiske prstiju i ostale ne\u010disto\u0107e<\/li>\n<li>Ne utje\u010de na funkcionalnost dodira<\/li>\n<li>Instalacija je vrlo jednostavna i dostupna svakom korisniku.<\/li>\n<li>Oleofobni premaz koji uzrokuje otjecanje kapljica vode u slu\u010daju da je ekran natopljen vodom<\/li>\n<\/ul>\n<p>\u00a0<\/p>\n<p>Set sadr\u017ei:\u00a0<\/p>\n<ul>\n<li>1x Urbie Privacy Glass za\u0161titno staklo<\/li>\n<li>1x set za ugradnju za\u0161titnog stakla<\/li>\n<\/ul>","protected":false},"excerpt":{"rendered":"<p>Urbie Privacy Glass, za\u0161titno staklo, pru\u017eit \u0107e va\u0161em telefonu izvrsnu za\u0161titu od prljav\u0161tine, ogrebotina i udaraca. Ima povr\u0161insku tvrdo\u0107u (razinu otpora) od 9H, pa je izuzetno otporno na ogrebotine \u010dak i u kontaktu s o\u0161trim predmetima (no\u017e, klju\u010devi). Osim toga, prekriveno je posebnim nano premazom koji \u0161titi zaslon od ostavljanja otisaka prstiju ili drugih ne\u010disto\u0107a. Savr\u0161eno \u0161titi dragocjeni zaslon tijekom ekstremnih padova.<\/p>","protected":false},"featured_media":15951,"comment_status":"closed","ping_status":"closed","template":"","meta":[],"product_brand":[],"product_cat":[92,93,455,91,559],"product_tag":[],"class_list":{"0":"post-15949","1":"product","2":"type-product","3":"status-publish","4":"has-post-thumbnail","6":"product_cat-apple","7":"product_cat-apple-iphone-15-serija","8":"product_cat-iphone-15-pro","9":"product_cat-razprodaja","10":"product_cat-zascitna-stekla","11":"pa_primerno-za-model-iphone-15-pro","12":"pa_primerno-za-proizvajalca-apple","14":"first","15":"instock","16":"sale","17":"taxable","18":"shipping-taxable","19":"purchasable","20":"product-type-simple"},"yoast_head":"<!-- This site is optimized with the Yoast SEO plugin v27.2 - https:\/\/yoast.com\/product\/yoast-seo-wordpress\/ -->\n<title>Za\u0161\u010ditno steklo Urbie Privacy Glass, Iphone 15 Pro -<\/title>\n<meta name=\"robots\" content=\"index, follow, max-snippet:-1, max-image-preview:large, max-video-preview:-1\" \/>\n<link rel=\"canonical\" href=\"https:\/\/www.urbanspot.si\/hr\/proizvod-2\/urbie-privacy-glass-zastitna-folija-za-iphone-15-pro\/\" \/>\n<meta property=\"og:locale\" content=\"hr_HR\" \/>\n<meta property=\"og:type\" content=\"article\" \/>\n<meta property=\"og:title\" content=\"Za\u0161\u010ditno steklo Urbie Privacy Glass, Iphone 15 Pro -\" \/>\n<meta property=\"og:description\" content=\"Urbie Privacy Glass, za\u0161\u010ditno steklo bo va\u0161emu telefonu nudil odli\u010dno za\u0161\u010dito pred umazanijo, praskami in udarci. Ima povr\u0161insko trdoto (stopnja odpornosti) 9H, zato je izjemno odporen na praske tudi v stiku z ostrimi predmeti (no\u017e, klju\u010di). Poleg tega je prekrit s posebnim nano premazom, ki \u0161\u010diti zaslon pred pu\u0161\u010danjem prstnih odtisov ali drugih ne\u010disto\u010d. Odli\u010dno \u0161\u010diti dragoceni zaslon med ekstremnimi padci.\" \/>\n<meta property=\"og:url\" content=\"https:\/\/www.urbanspot.si\/hr\/proizvod-2\/urbie-privacy-glass-zastitna-folija-za-iphone-15-pro\/\" \/>\n<meta property=\"article:publisher\" content=\"https:\/\/www.facebook.com\/urbanspot.si\" \/>\n<meta property=\"article:modified_time\" content=\"2026-03-19T14:03:49+00:00\" \/>\n<meta property=\"og:image\" content=\"https:\/\/www.urbanspot.si\/wp-content\/uploads\/zascitno-steklo-urbie-privacy-glass-iphone-15-pro.jpg\" \/>\n\t<meta property=\"og:image:width\" content=\"1000\" \/>\n\t<meta property=\"og:image:height\" content=\"1000\" \/>\n\t<meta property=\"og:image:type\" content=\"image\/jpeg\" \/>\n<meta name=\"twitter:card\" content=\"summary_large_image\" \/>\n<meta name=\"twitter:label1\" content=\"Procijenjeno vrijeme \u010ditanja\" \/>\n\t<meta name=\"twitter:data1\" content=\"1 minuta\" \/>\n<script type=\"application\/ld+json\" class=\"yoast-schema-graph\">{\"@context\":\"https:\/\/schema.org\",\"@graph\":[{\"@type\":\"WebPage\",\"@id\":\"https:\/\/www.urbanspot.si\/produkt\/zascitno-steklo-urbie-privacy-glass-iphone-15-pro\/\",\"url\":\"https:\/\/www.urbanspot.si\/produkt\/zascitno-steklo-urbie-privacy-glass-iphone-15-pro\/\",\"name\":\"Za\u0161\u010ditno steklo Urbie Privacy Glass, Iphone 15 Pro -\",\"isPartOf\":{\"@id\":\"https:\/\/www.urbanspot.si\/#website\"},\"primaryImageOfPage\":{\"@id\":\"https:\/\/www.urbanspot.si\/produkt\/zascitno-steklo-urbie-privacy-glass-iphone-15-pro\/#primaryimage\"},\"image\":{\"@id\":\"https:\/\/www.urbanspot.si\/produkt\/zascitno-steklo-urbie-privacy-glass-iphone-15-pro\/#primaryimage\"},\"thumbnailUrl\":\"https:\/\/www.urbanspot.si\/wp-content\/uploads\/zascitno-steklo-urbie-privacy-glass-iphone-15-pro.jpg\",\"datePublished\":\"2024-05-22T13:45:25+00:00\",\"dateModified\":\"2026-03-19T14:03:49+00:00\",\"breadcrumb\":{\"@id\":\"https:\/\/www.urbanspot.si\/produkt\/zascitno-steklo-urbie-privacy-glass-iphone-15-pro\/#breadcrumb\"},\"inLanguage\":\"hr\",\"potentialAction\":[{\"@type\":\"ReadAction\",\"target\":[\"https:\/\/www.urbanspot.si\/produkt\/zascitno-steklo-urbie-privacy-glass-iphone-15-pro\/\"]}]},{\"@type\":\"ImageObject\",\"inLanguage\":\"hr\",\"@id\":\"https:\/\/www.urbanspot.si\/produkt\/zascitno-steklo-urbie-privacy-glass-iphone-15-pro\/#primaryimage\",\"url\":\"https:\/\/www.urbanspot.si\/wp-content\/uploads\/zascitno-steklo-urbie-privacy-glass-iphone-15-pro.jpg\",\"contentUrl\":\"https:\/\/www.urbanspot.si\/wp-content\/uploads\/zascitno-steklo-urbie-privacy-glass-iphone-15-pro.jpg\",\"width\":1000,\"height\":1000,\"caption\":\"Za\u0161\u010ditno steklo Urbie Privacy Glass\"},{\"@type\":\"BreadcrumbList\",\"@id\":\"https:\/\/www.urbanspot.si\/produkt\/zascitno-steklo-urbie-privacy-glass-iphone-15-pro\/#breadcrumb\",\"itemListElement\":[{\"@type\":\"ListItem\",\"position\":1,\"name\":\"Home\",\"item\":\"https:\/\/www.urbanspot.si\/\"},{\"@type\":\"ListItem\",\"position\":2,\"name\":\"Shop\",\"item\":\"https:\/\/www.urbanspot.si\/shop\/\"},{\"@type\":\"ListItem\",\"position\":3,\"name\":\"Za\u0161\u010ditno steklo Urbie Privacy Glass, Iphone 15 Pro\"}]},{\"@type\":\"WebSite\",\"@id\":\"https:\/\/www.urbanspot.si\/#website\",\"url\":\"https:\/\/www.urbanspot.si\/\",\"name\":\"UrbanSpot\",\"description\":\"\",\"publisher\":{\"@id\":\"https:\/\/www.urbanspot.si\/#organization\"},\"potentialAction\":[{\"@type\":\"SearchAction\",\"target\":{\"@type\":\"EntryPoint\",\"urlTemplate\":\"https:\/\/www.urbanspot.si\/?s={search_term_string}\"},\"query-input\":{\"@type\":\"PropertyValueSpecification\",\"valueRequired\":true,\"valueName\":\"search_term_string\"}}],\"inLanguage\":\"hr\"},{\"@type\":\"Organization\",\"@id\":\"https:\/\/www.urbanspot.si\/#organization\",\"name\":\"UrbanSpot\",\"url\":\"https:\/\/www.urbanspot.si\/\",\"logo\":{\"@type\":\"ImageObject\",\"inLanguage\":\"hr\",\"@id\":\"https:\/\/www.urbanspot.si\/#\/schema\/logo\/image\/\",\"url\":\"https:\/\/www.urbanspot.si\/wp-content\/uploads\/urbanspot-logo.svg\",\"contentUrl\":\"https:\/\/www.urbanspot.si\/wp-content\/uploads\/urbanspot-logo.svg\",\"width\":185,\"height\":40,\"caption\":\"UrbanSpot\"},\"image\":{\"@id\":\"https:\/\/www.urbanspot.si\/#\/schema\/logo\/image\/\"},\"sameAs\":[\"https:\/\/www.facebook.com\/urbanspot.si\"]}]}<\/script>\n<!-- \/ Yoast SEO plugin. -->","yoast_head_json":{"title":"Za\u0161\u010ditno steklo Urbie Privacy Glass, Iphone 15 Pro -","robots":{"index":"index","follow":"follow","max-snippet":"max-snippet:-1","max-image-preview":"max-image-preview:large","max-video-preview":"max-video-preview:-1"},"canonical":"https:\/\/www.urbanspot.si\/hr\/proizvod-2\/urbie-privacy-glass-zastitna-folija-za-iphone-15-pro\/","og_locale":"hr_HR","og_type":"article","og_title":"Za\u0161\u010ditno steklo Urbie Privacy Glass, Iphone 15 Pro -","og_description":"Urbie Privacy Glass, za\u0161\u010ditno steklo bo va\u0161emu telefonu nudil odli\u010dno za\u0161\u010dito pred umazanijo, praskami in udarci. Ima povr\u0161insko trdoto (stopnja odpornosti) 9H, zato je izjemno odporen na praske tudi v stiku z ostrimi predmeti (no\u017e, klju\u010di). Poleg tega je prekrit s posebnim nano premazom, ki \u0161\u010diti zaslon pred pu\u0161\u010danjem prstnih odtisov ali drugih ne\u010disto\u010d. Odli\u010dno \u0161\u010diti dragoceni zaslon med ekstremnimi padci.","og_url":"https:\/\/www.urbanspot.si\/hr\/proizvod-2\/urbie-privacy-glass-zastitna-folija-za-iphone-15-pro\/","article_publisher":"https:\/\/www.facebook.com\/urbanspot.si","article_modified_time":"2026-03-19T14:03:49+00:00","og_image":[{"width":1000,"height":1000,"url":"https:\/\/www.urbanspot.si\/wp-content\/uploads\/zascitno-steklo-urbie-privacy-glass-iphone-15-pro.jpg","type":"image\/jpeg"}],"twitter_card":"summary_large_image","twitter_misc":{"Procijenjeno vrijeme \u010ditanja":"1 minuta"},"schema":{"@context":"https:\/\/schema.org","@graph":[{"@type":"WebPage","@id":"https:\/\/www.urbanspot.si\/produkt\/zascitno-steklo-urbie-privacy-glass-iphone-15-pro\/","url":"https:\/\/www.urbanspot.si\/produkt\/zascitno-steklo-urbie-privacy-glass-iphone-15-pro\/","name":"Za\u0161\u010ditno steklo Urbie Privacy Glass, Iphone 15 Pro -","isPartOf":{"@id":"https:\/\/www.urbanspot.si\/#website"},"primaryImageOfPage":{"@id":"https:\/\/www.urbanspot.si\/produkt\/zascitno-steklo-urbie-privacy-glass-iphone-15-pro\/#primaryimage"},"image":{"@id":"https:\/\/www.urbanspot.si\/produkt\/zascitno-steklo-urbie-privacy-glass-iphone-15-pro\/#primaryimage"},"thumbnailUrl":"https:\/\/www.urbanspot.si\/wp-content\/uploads\/zascitno-steklo-urbie-privacy-glass-iphone-15-pro.jpg","datePublished":"2024-05-22T13:45:25+00:00","dateModified":"2026-03-19T14:03:49+00:00","breadcrumb":{"@id":"https:\/\/www.urbanspot.si\/produkt\/zascitno-steklo-urbie-privacy-glass-iphone-15-pro\/#breadcrumb"},"inLanguage":"hr","potentialAction":[{"@type":"ReadAction","target":["https:\/\/www.urbanspot.si\/produkt\/zascitno-steklo-urbie-privacy-glass-iphone-15-pro\/"]}]},{"@type":"ImageObject","inLanguage":"hr","@id":"https:\/\/www.urbanspot.si\/produkt\/zascitno-steklo-urbie-privacy-glass-iphone-15-pro\/#primaryimage","url":"https:\/\/www.urbanspot.si\/wp-content\/uploads\/zascitno-steklo-urbie-privacy-glass-iphone-15-pro.jpg","contentUrl":"https:\/\/www.urbanspot.si\/wp-content\/uploads\/zascitno-steklo-urbie-privacy-glass-iphone-15-pro.jpg","width":1000,"height":1000,"caption":"Za\u0161\u010ditno steklo Urbie Privacy Glass"},{"@type":"BreadcrumbList","@id":"https:\/\/www.urbanspot.si\/produkt\/zascitno-steklo-urbie-privacy-glass-iphone-15-pro\/#breadcrumb","itemListElement":[{"@type":"ListItem","position":1,"name":"Home","item":"https:\/\/www.urbanspot.si\/"},{"@type":"ListItem","position":2,"name":"Shop","item":"https:\/\/www.urbanspot.si\/shop\/"},{"@type":"ListItem","position":3,"name":"Za\u0161\u010ditno steklo Urbie Privacy Glass, Iphone 15 Pro"}]},{"@type":"WebSite","@id":"https:\/\/www.urbanspot.si\/#website","url":"https:\/\/www.urbanspot.si\/","name":"UrbanSpot","description":"","publisher":{"@id":"https:\/\/www.urbanspot.si\/#organization"},"potentialAction":[{"@type":"SearchAction","target":{"@type":"EntryPoint","urlTemplate":"https:\/\/www.urbanspot.si\/?s={search_term_string}"},"query-input":{"@type":"PropertyValueSpecification","valueRequired":true,"valueName":"search_term_string"}}],"inLanguage":"hr"},{"@type":"Organization","@id":"https:\/\/www.urbanspot.si\/#organization","name":"UrbanSpot","url":"https:\/\/www.urbanspot.si\/","logo":{"@type":"ImageObject","inLanguage":"hr","@id":"https:\/\/www.urbanspot.si\/#\/schema\/logo\/image\/","url":"https:\/\/www.urbanspot.si\/wp-content\/uploads\/urbanspot-logo.svg","contentUrl":"https:\/\/www.urbanspot.si\/wp-content\/uploads\/urbanspot-logo.svg","width":185,"height":40,"caption":"UrbanSpot"},"image":{"@id":"https:\/\/www.urbanspot.si\/#\/schema\/logo\/image\/"},"sameAs":["https:\/\/www.facebook.com\/urbanspot.si"]}]}},"_links":{"self":[{"href":"https:\/\/www.urbanspot.si\/hr\/wp-json\/wp\/v2\/product\/15949","targetHints":{"allow":["GET"]}}],"collection":[{"href":"https:\/\/www.urbanspot.si\/hr\/wp-json\/wp\/v2\/product"}],"about":[{"href":"https:\/\/www.urbanspot.si\/hr\/wp-json\/wp\/v2\/types\/product"}],"replies":[{"embeddable":true,"href":"https:\/\/www.urbanspot.si\/hr\/wp-json\/wp\/v2\/comments?post=15949"}],"version-history":[{"count":1,"href":"https:\/\/www.urbanspot.si\/hr\/wp-json\/wp\/v2\/product\/15949\/revisions"}],"predecessor-version":[{"id":15950,"href":"https:\/\/www.urbanspot.si\/hr\/wp-json\/wp\/v2\/product\/15949\/revisions\/15950"}],"wp:featuredmedia":[{"embeddable":true,"href":"https:\/\/www.urbanspot.si\/hr\/wp-json\/wp\/v2\/media\/15951"}],"wp:attachment":[{"href":"https:\/\/www.urbanspot.si\/hr\/wp-json\/wp\/v2\/media?parent=15949"}],"wp:term":[{"taxonomy":"product_brand","embeddable":true,"href":"https:\/\/www.urbanspot.si\/hr\/wp-json\/wp\/v2\/product_brand?post=15949"},{"taxonomy":"product_cat","embeddable":true,"href":"https:\/\/www.urbanspot.si\/hr\/wp-json\/wp\/v2\/product_cat?post=15949"},{"taxonomy":"product_tag","embeddable":true,"href":"https:\/\/www.urbanspot.si\/hr\/wp-json\/wp\/v2\/product_tag?post=15949"}],"curies":[{"name":"radni list","href":"https:\/\/api.w.org\/{rel}","templated":true}]}}