{"id":15957,"date":"2024-05-22T14:45:25","date_gmt":"2024-05-22T13:45:25","guid":{"rendered":"https:\/\/www.urbanspot.si\/product\/stenski-polnilec-baseus-2x-usb-1x-type-c-30w-bel\/"},"modified":"2026-03-18T15:52:56","modified_gmt":"2026-03-18T13:52:56","slug":"baseus-zidni-punjac-2x-usb-1x-tip-c-30-w-bijeli","status":"publish","type":"product","link":"https:\/\/www.urbanspot.si\/hr\/produkt\/stenski-polnilec-baseus-2x-usb-1x-type-c-30w-bel\/","title":{"rendered":"Baseus zidni punja\u010d 2x USB + 1x Type C, 30W, bijeli"},"content":{"rendered":"<p><strong> Tehni\u010dke zna\u010dajke:<\/strong><\/p>\n<ul>\n<li><strong><strong><strong>USB Type-C izlaz: <\/strong><\/strong><\/strong>5V-3A, 9V-3A, 12V-2,5A, 15V-2A, 20V-1,5A<\/li>\n<li><strong><strong><strong>USB-A izlaz: 5<\/strong><\/strong><\/strong>V-3A, 9V-2A, 12V-1,5A<\/li>\n<li><strong>Izlazna snaga:<\/strong> AC 100-240 V~, 50\/60 Hz, 0,8 A maks.<\/li>\n<li><strong>Napajanje:<\/strong> Izmjeni\u010dna struja 100-240 V<\/li>\n<li><strong>Marka:<\/strong> Baseus<\/li>\n<li><strong>Vlast:<\/strong> 30 W<\/li>\n<li><strong>Jamstvo:<\/strong> 12 mjeseci<\/li>\n<li>Kabel nije uklju\u010den<\/li>\n<li>Proizvod je originalan, u pakiranju dobavlja\u010da.<\/li>\n<\/ul>","protected":false},"excerpt":{"rendered":"<p>Punja\u010d najnovije generacije omogu\u0107uje optimalno i u\u010dinkovito punjenje. Sklop je izra\u0111en prema najnovijim standardima, tako da su elektri\u010dni gubici izuzetno niski, zbog \u010dega se sklop ne zagrijava. Dovoljno je sna\u017ean (30 W) za punjenje prijenosnih ra\u010dunala, telefona, tableta i drugih pametnih ure\u0111aja - s izlazom za punjenje tipa C.<\/p>","protected":false},"featured_media":15959,"comment_status":"closed","ping_status":"closed","template":"","meta":[],"product_brand":[],"product_cat":[104,249,91],"product_tag":[],"class_list":{"0":"post-15957","1":"product","2":"type-product","3":"status-publish","4":"has-post-thumbnail","6":"product_cat-dodatna-oprema","7":"product_cat-kabli-in-polnilci","8":"product_cat-razprodaja","9":"pa_primerno-za-proizvajalca-honor","10":"pa_primerno-za-proizvajalca-huawei","11":"pa_primerno-za-proizvajalca-realme","12":"pa_primerno-za-proizvajalca-samsung","13":"pa_primerno-za-proizvajalca-xiaomi","15":"first","16":"outofstock","17":"sale","18":"taxable","19":"shipping-taxable","20":"purchasable","21":"product-type-simple"},"yoast_head":"<!-- This site is optimized with the Yoast SEO plugin v27.2 - https:\/\/yoast.com\/product\/yoast-seo-wordpress\/ -->\n<title>Stenski polnilec Baseus 2x USB + 1x Type C, 30W, bel -<\/title>\n<meta name=\"robots\" content=\"index, follow, max-snippet:-1, max-image-preview:large, max-video-preview:-1\" \/>\n<link rel=\"canonical\" href=\"https:\/\/www.urbanspot.si\/hr\/proizvod-2\/baseus-zidni-punjac-2x-usb-1x-tip-c-30-w-bijeli\/\" \/>\n<meta property=\"og:locale\" content=\"hr_HR\" \/>\n<meta property=\"og:type\" content=\"article\" \/>\n<meta property=\"og:title\" content=\"Stenski polnilec Baseus 2x USB + 1x Type C, 30W, bel -\" \/>\n<meta property=\"og:description\" content=\"Polnilec zadnje generacije, zagotavlja optimalno polnjenje, ki je u\u010dinkovito. Vezje je narejeno po najnovej\u0161ih standardih, tako da so izgube elektrike izredno majhne, posledi\u010dno se vezje ne segreva. Je dovolj mo\u010dan (30W) za polnjenje prenosnikov, telefonov, tablic in ostalih pametnih naprav - s polnilnim izhodom Type C.\" \/>\n<meta property=\"og:url\" content=\"https:\/\/www.urbanspot.si\/hr\/proizvod-2\/baseus-zidni-punjac-2x-usb-1x-tip-c-30-w-bijeli\/\" \/>\n<meta property=\"article:publisher\" content=\"https:\/\/www.facebook.com\/urbanspot.si\" \/>\n<meta property=\"article:modified_time\" content=\"2026-03-18T13:52:56+00:00\" \/>\n<meta property=\"og:image\" content=\"https:\/\/www.urbanspot.si\/wp-content\/uploads\/stenski-polnilec-baseus-2x-usb-1x-type-c-30w-bel.jpg\" \/>\n\t<meta property=\"og:image:width\" content=\"1200\" \/>\n\t<meta property=\"og:image:height\" content=\"1200\" \/>\n\t<meta property=\"og:image:type\" content=\"image\/jpeg\" \/>\n<meta name=\"twitter:card\" content=\"summary_large_image\" \/>\n<script type=\"application\/ld+json\" class=\"yoast-schema-graph\">{\"@context\":\"https:\/\/schema.org\",\"@graph\":[{\"@type\":\"WebPage\",\"@id\":\"https:\/\/www.urbanspot.si\/produkt\/stenski-polnilec-baseus-2x-usb-1x-type-c-30w-bel\/\",\"url\":\"https:\/\/www.urbanspot.si\/produkt\/stenski-polnilec-baseus-2x-usb-1x-type-c-30w-bel\/\",\"name\":\"Stenski polnilec Baseus 2x USB + 1x Type C, 30W, bel -\",\"isPartOf\":{\"@id\":\"https:\/\/www.urbanspot.si\/#website\"},\"primaryImageOfPage\":{\"@id\":\"https:\/\/www.urbanspot.si\/produkt\/stenski-polnilec-baseus-2x-usb-1x-type-c-30w-bel\/#primaryimage\"},\"image\":{\"@id\":\"https:\/\/www.urbanspot.si\/produkt\/stenski-polnilec-baseus-2x-usb-1x-type-c-30w-bel\/#primaryimage\"},\"thumbnailUrl\":\"https:\/\/www.urbanspot.si\/wp-content\/uploads\/stenski-polnilec-baseus-2x-usb-1x-type-c-30w-bel.jpg\",\"datePublished\":\"2024-05-22T13:45:25+00:00\",\"dateModified\":\"2026-03-18T13:52:56+00:00\",\"breadcrumb\":{\"@id\":\"https:\/\/www.urbanspot.si\/produkt\/stenski-polnilec-baseus-2x-usb-1x-type-c-30w-bel\/#breadcrumb\"},\"inLanguage\":\"hr\",\"potentialAction\":[{\"@type\":\"ReadAction\",\"target\":[\"https:\/\/www.urbanspot.si\/produkt\/stenski-polnilec-baseus-2x-usb-1x-type-c-30w-bel\/\"]}]},{\"@type\":\"ImageObject\",\"inLanguage\":\"hr\",\"@id\":\"https:\/\/www.urbanspot.si\/produkt\/stenski-polnilec-baseus-2x-usb-1x-type-c-30w-bel\/#primaryimage\",\"url\":\"https:\/\/www.urbanspot.si\/wp-content\/uploads\/stenski-polnilec-baseus-2x-usb-1x-type-c-30w-bel.jpg\",\"contentUrl\":\"https:\/\/www.urbanspot.si\/wp-content\/uploads\/stenski-polnilec-baseus-2x-usb-1x-type-c-30w-bel.jpg\",\"width\":1200,\"height\":1200,\"caption\":\"Stenski polnilec Baseus 2x USB + 1x Type C\"},{\"@type\":\"BreadcrumbList\",\"@id\":\"https:\/\/www.urbanspot.si\/produkt\/stenski-polnilec-baseus-2x-usb-1x-type-c-30w-bel\/#breadcrumb\",\"itemListElement\":[{\"@type\":\"ListItem\",\"position\":1,\"name\":\"Home\",\"item\":\"https:\/\/www.urbanspot.si\/\"},{\"@type\":\"ListItem\",\"position\":2,\"name\":\"Shop\",\"item\":\"https:\/\/www.urbanspot.si\/shop\/\"},{\"@type\":\"ListItem\",\"position\":3,\"name\":\"Stenski polnilec Baseus 2x USB + 1x Type C, 30W, bel\"}]},{\"@type\":\"WebSite\",\"@id\":\"https:\/\/www.urbanspot.si\/#website\",\"url\":\"https:\/\/www.urbanspot.si\/\",\"name\":\"UrbanSpot\",\"description\":\"\",\"publisher\":{\"@id\":\"https:\/\/www.urbanspot.si\/#organization\"},\"potentialAction\":[{\"@type\":\"SearchAction\",\"target\":{\"@type\":\"EntryPoint\",\"urlTemplate\":\"https:\/\/www.urbanspot.si\/?s={search_term_string}\"},\"query-input\":{\"@type\":\"PropertyValueSpecification\",\"valueRequired\":true,\"valueName\":\"search_term_string\"}}],\"inLanguage\":\"hr\"},{\"@type\":\"Organization\",\"@id\":\"https:\/\/www.urbanspot.si\/#organization\",\"name\":\"UrbanSpot\",\"url\":\"https:\/\/www.urbanspot.si\/\",\"logo\":{\"@type\":\"ImageObject\",\"inLanguage\":\"hr\",\"@id\":\"https:\/\/www.urbanspot.si\/#\/schema\/logo\/image\/\",\"url\":\"https:\/\/www.urbanspot.si\/wp-content\/uploads\/urbanspot-logo.svg\",\"contentUrl\":\"https:\/\/www.urbanspot.si\/wp-content\/uploads\/urbanspot-logo.svg\",\"width\":185,\"height\":40,\"caption\":\"UrbanSpot\"},\"image\":{\"@id\":\"https:\/\/www.urbanspot.si\/#\/schema\/logo\/image\/\"},\"sameAs\":[\"https:\/\/www.facebook.com\/urbanspot.si\"]}]}<\/script>\n<!-- \/ Yoast SEO plugin. -->","yoast_head_json":{"title":"Stenski polnilec Baseus 2x USB + 1x Type C, 30W, bel -","robots":{"index":"index","follow":"follow","max-snippet":"max-snippet:-1","max-image-preview":"max-image-preview:large","max-video-preview":"max-video-preview:-1"},"canonical":"https:\/\/www.urbanspot.si\/hr\/proizvod-2\/baseus-zidni-punjac-2x-usb-1x-tip-c-30-w-bijeli\/","og_locale":"hr_HR","og_type":"article","og_title":"Stenski polnilec Baseus 2x USB + 1x Type C, 30W, bel -","og_description":"Polnilec zadnje generacije, zagotavlja optimalno polnjenje, ki je u\u010dinkovito. Vezje je narejeno po najnovej\u0161ih standardih, tako da so izgube elektrike izredno majhne, posledi\u010dno se vezje ne segreva. Je dovolj mo\u010dan (30W) za polnjenje prenosnikov, telefonov, tablic in ostalih pametnih naprav - s polnilnim izhodom Type C.","og_url":"https:\/\/www.urbanspot.si\/hr\/proizvod-2\/baseus-zidni-punjac-2x-usb-1x-tip-c-30-w-bijeli\/","article_publisher":"https:\/\/www.facebook.com\/urbanspot.si","article_modified_time":"2026-03-18T13:52:56+00:00","og_image":[{"width":1200,"height":1200,"url":"https:\/\/www.urbanspot.si\/wp-content\/uploads\/stenski-polnilec-baseus-2x-usb-1x-type-c-30w-bel.jpg","type":"image\/jpeg"}],"twitter_card":"summary_large_image","schema":{"@context":"https:\/\/schema.org","@graph":[{"@type":"WebPage","@id":"https:\/\/www.urbanspot.si\/produkt\/stenski-polnilec-baseus-2x-usb-1x-type-c-30w-bel\/","url":"https:\/\/www.urbanspot.si\/produkt\/stenski-polnilec-baseus-2x-usb-1x-type-c-30w-bel\/","name":"Stenski polnilec Baseus 2x USB + 1x Type C, 30W, bel -","isPartOf":{"@id":"https:\/\/www.urbanspot.si\/#website"},"primaryImageOfPage":{"@id":"https:\/\/www.urbanspot.si\/produkt\/stenski-polnilec-baseus-2x-usb-1x-type-c-30w-bel\/#primaryimage"},"image":{"@id":"https:\/\/www.urbanspot.si\/produkt\/stenski-polnilec-baseus-2x-usb-1x-type-c-30w-bel\/#primaryimage"},"thumbnailUrl":"https:\/\/www.urbanspot.si\/wp-content\/uploads\/stenski-polnilec-baseus-2x-usb-1x-type-c-30w-bel.jpg","datePublished":"2024-05-22T13:45:25+00:00","dateModified":"2026-03-18T13:52:56+00:00","breadcrumb":{"@id":"https:\/\/www.urbanspot.si\/produkt\/stenski-polnilec-baseus-2x-usb-1x-type-c-30w-bel\/#breadcrumb"},"inLanguage":"hr","potentialAction":[{"@type":"ReadAction","target":["https:\/\/www.urbanspot.si\/produkt\/stenski-polnilec-baseus-2x-usb-1x-type-c-30w-bel\/"]}]},{"@type":"ImageObject","inLanguage":"hr","@id":"https:\/\/www.urbanspot.si\/produkt\/stenski-polnilec-baseus-2x-usb-1x-type-c-30w-bel\/#primaryimage","url":"https:\/\/www.urbanspot.si\/wp-content\/uploads\/stenski-polnilec-baseus-2x-usb-1x-type-c-30w-bel.jpg","contentUrl":"https:\/\/www.urbanspot.si\/wp-content\/uploads\/stenski-polnilec-baseus-2x-usb-1x-type-c-30w-bel.jpg","width":1200,"height":1200,"caption":"Stenski polnilec Baseus 2x USB + 1x Type C"},{"@type":"BreadcrumbList","@id":"https:\/\/www.urbanspot.si\/produkt\/stenski-polnilec-baseus-2x-usb-1x-type-c-30w-bel\/#breadcrumb","itemListElement":[{"@type":"ListItem","position":1,"name":"Home","item":"https:\/\/www.urbanspot.si\/"},{"@type":"ListItem","position":2,"name":"Shop","item":"https:\/\/www.urbanspot.si\/shop\/"},{"@type":"ListItem","position":3,"name":"Stenski polnilec Baseus 2x USB + 1x Type C, 30W, bel"}]},{"@type":"WebSite","@id":"https:\/\/www.urbanspot.si\/#website","url":"https:\/\/www.urbanspot.si\/","name":"UrbanSpot","description":"","publisher":{"@id":"https:\/\/www.urbanspot.si\/#organization"},"potentialAction":[{"@type":"SearchAction","target":{"@type":"EntryPoint","urlTemplate":"https:\/\/www.urbanspot.si\/?s={search_term_string}"},"query-input":{"@type":"PropertyValueSpecification","valueRequired":true,"valueName":"search_term_string"}}],"inLanguage":"hr"},{"@type":"Organization","@id":"https:\/\/www.urbanspot.si\/#organization","name":"UrbanSpot","url":"https:\/\/www.urbanspot.si\/","logo":{"@type":"ImageObject","inLanguage":"hr","@id":"https:\/\/www.urbanspot.si\/#\/schema\/logo\/image\/","url":"https:\/\/www.urbanspot.si\/wp-content\/uploads\/urbanspot-logo.svg","contentUrl":"https:\/\/www.urbanspot.si\/wp-content\/uploads\/urbanspot-logo.svg","width":185,"height":40,"caption":"UrbanSpot"},"image":{"@id":"https:\/\/www.urbanspot.si\/#\/schema\/logo\/image\/"},"sameAs":["https:\/\/www.facebook.com\/urbanspot.si"]}]}},"_links":{"self":[{"href":"https:\/\/www.urbanspot.si\/hr\/wp-json\/wp\/v2\/product\/15957","targetHints":{"allow":["GET"]}}],"collection":[{"href":"https:\/\/www.urbanspot.si\/hr\/wp-json\/wp\/v2\/product"}],"about":[{"href":"https:\/\/www.urbanspot.si\/hr\/wp-json\/wp\/v2\/types\/product"}],"replies":[{"embeddable":true,"href":"https:\/\/www.urbanspot.si\/hr\/wp-json\/wp\/v2\/comments?post=15957"}],"version-history":[{"count":2,"href":"https:\/\/www.urbanspot.si\/hr\/wp-json\/wp\/v2\/product\/15957\/revisions"}],"predecessor-version":[{"id":18246,"href":"https:\/\/www.urbanspot.si\/hr\/wp-json\/wp\/v2\/product\/15957\/revisions\/18246"}],"wp:featuredmedia":[{"embeddable":true,"href":"https:\/\/www.urbanspot.si\/hr\/wp-json\/wp\/v2\/media\/15959"}],"wp:attachment":[{"href":"https:\/\/www.urbanspot.si\/hr\/wp-json\/wp\/v2\/media?parent=15957"}],"wp:term":[{"taxonomy":"product_brand","embeddable":true,"href":"https:\/\/www.urbanspot.si\/hr\/wp-json\/wp\/v2\/product_brand?post=15957"},{"taxonomy":"product_cat","embeddable":true,"href":"https:\/\/www.urbanspot.si\/hr\/wp-json\/wp\/v2\/product_cat?post=15957"},{"taxonomy":"product_tag","embeddable":true,"href":"https:\/\/www.urbanspot.si\/hr\/wp-json\/wp\/v2\/product_tag?post=15957"}],"curies":[{"name":"radni list","href":"https:\/\/api.w.org\/{rel}","templated":true}]}}