{"id":16138,"date":"2024-05-22T14:46:02","date_gmt":"2024-05-22T13:46:02","guid":{"rendered":"https:\/\/www.urbanspot.si\/product\/panzerglass-zascitno-steklo-iphone-14-pro-max\/"},"modified":"2026-03-19T16:03:47","modified_gmt":"2026-03-19T14:03:47","slug":"panzerglass-zastitno-staklo-za-iphone-14-pro-max","status":"publish","type":"product","link":"https:\/\/www.urbanspot.si\/hr\/produkt\/panzerglass-zascitno-steklo-iphone-14-pro-max\/","title":{"rendered":"Panzerglass za\u0161titno staklo, iPhone 14 Pro Max"},"content":{"rendered":"<p>Za\u0161titno staklo marke Panzerglass bit \u0107e vrhunska za\u0161tita za va\u0161 pametni telefon. Kaljeno staklo je gotovo nevidljivo na ure\u0111aju, a ugradnja je vrlo jednostavna.<\/p>\n<p>\u00a0<\/p>\n<ul>\n<li>Pru\u017ea za\u0161titu od prskanja i manjih udaraca<\/li>\n<li>Visokokvalitetno kaljeno staklo<\/li>\n<li>Jednostavna instalacija<\/li>\n<li>Neprekidno kori\u0161tenje ekrana<\/li>\n<\/ul>","protected":false},"excerpt":{"rendered":"<p>Panzerglass za\u0161titno staklo od kaljenog stakla \u0161titi va\u0161 telefon od ogrebotina i manjih udaraca. Visoka izdr\u017eljivost i sprje\u010davanje pucanja zaslona. Jednostavna ugradnja i dobro prianjanje. Otpornost na otiske prstiju i bakterije.<\/p>","protected":false},"featured_media":16140,"comment_status":"closed","ping_status":"closed","template":"","meta":[],"product_brand":[],"product_cat":[92,251,417,91,559],"product_tag":[],"class_list":{"0":"post-16138","1":"product","2":"type-product","3":"status-publish","4":"has-post-thumbnail","6":"product_cat-apple","7":"product_cat-apple-iphone-14-serija","8":"product_cat-iphone-14-pro-max","9":"product_cat-razprodaja","10":"product_cat-zascitna-stekla","11":"pa_primerno-za-model-iphone-14-pro-max","12":"pa_primerno-za-proizvajalca-apple","14":"first","15":"instock","16":"sale","17":"taxable","18":"shipping-taxable","19":"purchasable","20":"product-type-simple"},"yoast_head":"<!-- This site is optimized with the Yoast SEO plugin v27.2 - https:\/\/yoast.com\/product\/yoast-seo-wordpress\/ -->\n<title>Panzerglass za\u0161\u010ditno steklo, Iphone 14 Pro Max -<\/title>\n<meta name=\"robots\" content=\"index, follow, max-snippet:-1, max-image-preview:large, max-video-preview:-1\" \/>\n<link rel=\"canonical\" href=\"https:\/\/www.urbanspot.si\/hr\/proizvod-2\/panzerglass-zastitno-staklo-za-iphone-14-pro-max\/\" \/>\n<meta property=\"og:locale\" content=\"hr_HR\" \/>\n<meta property=\"og:type\" content=\"article\" \/>\n<meta property=\"og:title\" content=\"Panzerglass za\u0161\u010ditno steklo, Iphone 14 Pro Max -\" \/>\n<meta property=\"og:description\" content=\"Panzerglass za\u0161\u010ditno steklo narejeno iz kaljenega stekla omogo\u010da va\u0161emu telefonu za\u0161\u010dito pred praskami in manj\u0161imi udarci. Visoka vzdr\u017eljivost in preventiva pred razpokami zaslona. Enostavna namestitev in dobro prileganje. Odpornost na prstne odtise in bakterije.\" \/>\n<meta property=\"og:url\" content=\"https:\/\/www.urbanspot.si\/hr\/proizvod-2\/panzerglass-zastitno-staklo-za-iphone-14-pro-max\/\" \/>\n<meta property=\"article:publisher\" content=\"https:\/\/www.facebook.com\/urbanspot.si\" \/>\n<meta property=\"article:modified_time\" content=\"2026-03-19T14:03:47+00:00\" \/>\n<meta property=\"og:image\" content=\"https:\/\/www.urbanspot.si\/wp-content\/uploads\/panzerglass-zascitno-steklo-iphone-14-pro-max.jpg\" \/>\n\t<meta property=\"og:image:width\" content=\"600\" \/>\n\t<meta property=\"og:image:height\" content=\"600\" \/>\n\t<meta property=\"og:image:type\" content=\"image\/jpeg\" \/>\n<meta name=\"twitter:card\" content=\"summary_large_image\" \/>\n<script type=\"application\/ld+json\" class=\"yoast-schema-graph\">{\"@context\":\"https:\/\/schema.org\",\"@graph\":[{\"@type\":\"WebPage\",\"@id\":\"https:\/\/www.urbanspot.si\/produkt\/panzerglass-zascitno-steklo-iphone-14-pro-max\/\",\"url\":\"https:\/\/www.urbanspot.si\/produkt\/panzerglass-zascitno-steklo-iphone-14-pro-max\/\",\"name\":\"Panzerglass za\u0161\u010ditno steklo, Iphone 14 Pro Max -\",\"isPartOf\":{\"@id\":\"https:\/\/www.urbanspot.si\/#website\"},\"primaryImageOfPage\":{\"@id\":\"https:\/\/www.urbanspot.si\/produkt\/panzerglass-zascitno-steklo-iphone-14-pro-max\/#primaryimage\"},\"image\":{\"@id\":\"https:\/\/www.urbanspot.si\/produkt\/panzerglass-zascitno-steklo-iphone-14-pro-max\/#primaryimage\"},\"thumbnailUrl\":\"https:\/\/www.urbanspot.si\/wp-content\/uploads\/panzerglass-zascitno-steklo-iphone-14-pro-max.jpg\",\"datePublished\":\"2024-05-22T13:46:02+00:00\",\"dateModified\":\"2026-03-19T14:03:47+00:00\",\"breadcrumb\":{\"@id\":\"https:\/\/www.urbanspot.si\/produkt\/panzerglass-zascitno-steklo-iphone-14-pro-max\/#breadcrumb\"},\"inLanguage\":\"hr\",\"potentialAction\":[{\"@type\":\"ReadAction\",\"target\":[\"https:\/\/www.urbanspot.si\/produkt\/panzerglass-zascitno-steklo-iphone-14-pro-max\/\"]}]},{\"@type\":\"ImageObject\",\"inLanguage\":\"hr\",\"@id\":\"https:\/\/www.urbanspot.si\/produkt\/panzerglass-zascitno-steklo-iphone-14-pro-max\/#primaryimage\",\"url\":\"https:\/\/www.urbanspot.si\/wp-content\/uploads\/panzerglass-zascitno-steklo-iphone-14-pro-max.jpg\",\"contentUrl\":\"https:\/\/www.urbanspot.si\/wp-content\/uploads\/panzerglass-zascitno-steklo-iphone-14-pro-max.jpg\",\"width\":600,\"height\":600,\"caption\":\"Panzerglass za\u0161\u010ditno steklo\"},{\"@type\":\"BreadcrumbList\",\"@id\":\"https:\/\/www.urbanspot.si\/produkt\/panzerglass-zascitno-steklo-iphone-14-pro-max\/#breadcrumb\",\"itemListElement\":[{\"@type\":\"ListItem\",\"position\":1,\"name\":\"Home\",\"item\":\"https:\/\/www.urbanspot.si\/\"},{\"@type\":\"ListItem\",\"position\":2,\"name\":\"Shop\",\"item\":\"https:\/\/www.urbanspot.si\/shop\/\"},{\"@type\":\"ListItem\",\"position\":3,\"name\":\"Panzerglass za\u0161\u010ditno steklo, Iphone 14 Pro Max\"}]},{\"@type\":\"WebSite\",\"@id\":\"https:\/\/www.urbanspot.si\/#website\",\"url\":\"https:\/\/www.urbanspot.si\/\",\"name\":\"UrbanSpot\",\"description\":\"\",\"publisher\":{\"@id\":\"https:\/\/www.urbanspot.si\/#organization\"},\"potentialAction\":[{\"@type\":\"SearchAction\",\"target\":{\"@type\":\"EntryPoint\",\"urlTemplate\":\"https:\/\/www.urbanspot.si\/?s={search_term_string}\"},\"query-input\":{\"@type\":\"PropertyValueSpecification\",\"valueRequired\":true,\"valueName\":\"search_term_string\"}}],\"inLanguage\":\"hr\"},{\"@type\":\"Organization\",\"@id\":\"https:\/\/www.urbanspot.si\/#organization\",\"name\":\"UrbanSpot\",\"url\":\"https:\/\/www.urbanspot.si\/\",\"logo\":{\"@type\":\"ImageObject\",\"inLanguage\":\"hr\",\"@id\":\"https:\/\/www.urbanspot.si\/#\/schema\/logo\/image\/\",\"url\":\"https:\/\/www.urbanspot.si\/wp-content\/uploads\/urbanspot-logo.svg\",\"contentUrl\":\"https:\/\/www.urbanspot.si\/wp-content\/uploads\/urbanspot-logo.svg\",\"width\":185,\"height\":40,\"caption\":\"UrbanSpot\"},\"image\":{\"@id\":\"https:\/\/www.urbanspot.si\/#\/schema\/logo\/image\/\"},\"sameAs\":[\"https:\/\/www.facebook.com\/urbanspot.si\"]}]}<\/script>\n<!-- \/ Yoast SEO plugin. -->","yoast_head_json":{"title":"Panzerglass za\u0161\u010ditno steklo, Iphone 14 Pro Max -","robots":{"index":"index","follow":"follow","max-snippet":"max-snippet:-1","max-image-preview":"max-image-preview:large","max-video-preview":"max-video-preview:-1"},"canonical":"https:\/\/www.urbanspot.si\/hr\/proizvod-2\/panzerglass-zastitno-staklo-za-iphone-14-pro-max\/","og_locale":"hr_HR","og_type":"article","og_title":"Panzerglass za\u0161\u010ditno steklo, Iphone 14 Pro Max -","og_description":"Panzerglass za\u0161\u010ditno steklo narejeno iz kaljenega stekla omogo\u010da va\u0161emu telefonu za\u0161\u010dito pred praskami in manj\u0161imi udarci. Visoka vzdr\u017eljivost in preventiva pred razpokami zaslona. Enostavna namestitev in dobro prileganje. Odpornost na prstne odtise in bakterije.","og_url":"https:\/\/www.urbanspot.si\/hr\/proizvod-2\/panzerglass-zastitno-staklo-za-iphone-14-pro-max\/","article_publisher":"https:\/\/www.facebook.com\/urbanspot.si","article_modified_time":"2026-03-19T14:03:47+00:00","og_image":[{"width":600,"height":600,"url":"https:\/\/www.urbanspot.si\/wp-content\/uploads\/panzerglass-zascitno-steklo-iphone-14-pro-max.jpg","type":"image\/jpeg"}],"twitter_card":"summary_large_image","schema":{"@context":"https:\/\/schema.org","@graph":[{"@type":"WebPage","@id":"https:\/\/www.urbanspot.si\/produkt\/panzerglass-zascitno-steklo-iphone-14-pro-max\/","url":"https:\/\/www.urbanspot.si\/produkt\/panzerglass-zascitno-steklo-iphone-14-pro-max\/","name":"Panzerglass za\u0161\u010ditno steklo, Iphone 14 Pro Max -","isPartOf":{"@id":"https:\/\/www.urbanspot.si\/#website"},"primaryImageOfPage":{"@id":"https:\/\/www.urbanspot.si\/produkt\/panzerglass-zascitno-steklo-iphone-14-pro-max\/#primaryimage"},"image":{"@id":"https:\/\/www.urbanspot.si\/produkt\/panzerglass-zascitno-steklo-iphone-14-pro-max\/#primaryimage"},"thumbnailUrl":"https:\/\/www.urbanspot.si\/wp-content\/uploads\/panzerglass-zascitno-steklo-iphone-14-pro-max.jpg","datePublished":"2024-05-22T13:46:02+00:00","dateModified":"2026-03-19T14:03:47+00:00","breadcrumb":{"@id":"https:\/\/www.urbanspot.si\/produkt\/panzerglass-zascitno-steklo-iphone-14-pro-max\/#breadcrumb"},"inLanguage":"hr","potentialAction":[{"@type":"ReadAction","target":["https:\/\/www.urbanspot.si\/produkt\/panzerglass-zascitno-steklo-iphone-14-pro-max\/"]}]},{"@type":"ImageObject","inLanguage":"hr","@id":"https:\/\/www.urbanspot.si\/produkt\/panzerglass-zascitno-steklo-iphone-14-pro-max\/#primaryimage","url":"https:\/\/www.urbanspot.si\/wp-content\/uploads\/panzerglass-zascitno-steklo-iphone-14-pro-max.jpg","contentUrl":"https:\/\/www.urbanspot.si\/wp-content\/uploads\/panzerglass-zascitno-steklo-iphone-14-pro-max.jpg","width":600,"height":600,"caption":"Panzerglass za\u0161\u010ditno steklo"},{"@type":"BreadcrumbList","@id":"https:\/\/www.urbanspot.si\/produkt\/panzerglass-zascitno-steklo-iphone-14-pro-max\/#breadcrumb","itemListElement":[{"@type":"ListItem","position":1,"name":"Home","item":"https:\/\/www.urbanspot.si\/"},{"@type":"ListItem","position":2,"name":"Shop","item":"https:\/\/www.urbanspot.si\/shop\/"},{"@type":"ListItem","position":3,"name":"Panzerglass za\u0161\u010ditno steklo, Iphone 14 Pro Max"}]},{"@type":"WebSite","@id":"https:\/\/www.urbanspot.si\/#website","url":"https:\/\/www.urbanspot.si\/","name":"UrbanSpot","description":"","publisher":{"@id":"https:\/\/www.urbanspot.si\/#organization"},"potentialAction":[{"@type":"SearchAction","target":{"@type":"EntryPoint","urlTemplate":"https:\/\/www.urbanspot.si\/?s={search_term_string}"},"query-input":{"@type":"PropertyValueSpecification","valueRequired":true,"valueName":"search_term_string"}}],"inLanguage":"hr"},{"@type":"Organization","@id":"https:\/\/www.urbanspot.si\/#organization","name":"UrbanSpot","url":"https:\/\/www.urbanspot.si\/","logo":{"@type":"ImageObject","inLanguage":"hr","@id":"https:\/\/www.urbanspot.si\/#\/schema\/logo\/image\/","url":"https:\/\/www.urbanspot.si\/wp-content\/uploads\/urbanspot-logo.svg","contentUrl":"https:\/\/www.urbanspot.si\/wp-content\/uploads\/urbanspot-logo.svg","width":185,"height":40,"caption":"UrbanSpot"},"image":{"@id":"https:\/\/www.urbanspot.si\/#\/schema\/logo\/image\/"},"sameAs":["https:\/\/www.facebook.com\/urbanspot.si"]}]}},"_links":{"self":[{"href":"https:\/\/www.urbanspot.si\/hr\/wp-json\/wp\/v2\/product\/16138","targetHints":{"allow":["GET"]}}],"collection":[{"href":"https:\/\/www.urbanspot.si\/hr\/wp-json\/wp\/v2\/product"}],"about":[{"href":"https:\/\/www.urbanspot.si\/hr\/wp-json\/wp\/v2\/types\/product"}],"replies":[{"embeddable":true,"href":"https:\/\/www.urbanspot.si\/hr\/wp-json\/wp\/v2\/comments?post=16138"}],"version-history":[{"count":1,"href":"https:\/\/www.urbanspot.si\/hr\/wp-json\/wp\/v2\/product\/16138\/revisions"}],"predecessor-version":[{"id":16139,"href":"https:\/\/www.urbanspot.si\/hr\/wp-json\/wp\/v2\/product\/16138\/revisions\/16139"}],"wp:featuredmedia":[{"embeddable":true,"href":"https:\/\/www.urbanspot.si\/hr\/wp-json\/wp\/v2\/media\/16140"}],"wp:attachment":[{"href":"https:\/\/www.urbanspot.si\/hr\/wp-json\/wp\/v2\/media?parent=16138"}],"wp:term":[{"taxonomy":"product_brand","embeddable":true,"href":"https:\/\/www.urbanspot.si\/hr\/wp-json\/wp\/v2\/product_brand?post=16138"},{"taxonomy":"product_cat","embeddable":true,"href":"https:\/\/www.urbanspot.si\/hr\/wp-json\/wp\/v2\/product_cat?post=16138"},{"taxonomy":"product_tag","embeddable":true,"href":"https:\/\/www.urbanspot.si\/hr\/wp-json\/wp\/v2\/product_tag?post=16138"}],"curies":[{"name":"radni list","href":"https:\/\/api.w.org\/{rel}","templated":true}]}}