{"id":16142,"date":"2024-05-22T14:46:02","date_gmt":"2024-05-22T13:46:02","guid":{"rendered":"https:\/\/www.urbanspot.si\/product\/panzerglass-zascitno-steklo-huawei-p50-pro\/"},"modified":"2026-03-19T16:03:47","modified_gmt":"2026-03-19T14:03:47","slug":"panzerglass-zastitno-staklo-za-huawei-p50-pro","status":"publish","type":"product","link":"https:\/\/www.urbanspot.si\/hr\/produkt\/panzerglass-zascitno-steklo-huawei-p50-pro\/","title":{"rendered":"Panzerglass za\u0161titno staklo, Huawei P50 Pro"},"content":{"rendered":"<p>Za\u0161titno staklo marke Panzerglass bit \u0107e vrhunska za\u0161tita za va\u0161 pametni telefon. Kaljeno staklo je gotovo nevidljivo na ure\u0111aju, a ugradnja je vrlo jednostavna.<\/p>\n<ul>\n<li>Pru\u017ea za\u0161titu od prskanja i manjih udaraca<\/li>\n<li>Visokokvalitetno kaljeno staklo<\/li>\n<li>Jednostavna instalacija<\/li>\n<li>Neprekidno kori\u0161tenje ekrana<\/li>\n<\/ul>","protected":false},"excerpt":{"rendered":"<p>Panzerglass za\u0161titno staklo od kaljenog stakla \u0161titi va\u0161 sat od ogrebotina i manjih udaraca. Visoka izdr\u017eljivost i sprje\u010davanje pucanja zaslona. Jednostavna ugradnja i dobro prianjanje. Otporno na otiske prstiju i bakterije. Sat je tako\u0111er za\u0161ti\u0107en ku\u0107i\u0161tem koje se dr\u017ei zajedno sa staklom.<\/p>","protected":false},"featured_media":16144,"comment_status":"closed","ping_status":"closed","template":"","meta":[],"product_brand":[],"product_cat":[186,194,560,496,91,559],"product_tag":[],"class_list":{"0":"post-16142","1":"product","2":"type-product","3":"status-publish","4":"has-post-thumbnail","6":"product_cat-huawei","7":"product_cat-huawei-serija-p","8":"product_cat-ovitki-za-telefone","9":"product_cat-huawei-p50-pro","10":"product_cat-razprodaja","11":"product_cat-zascitna-stekla","12":"pa_primerno-za-model-huawei-p50-pro","13":"pa_primerno-za-proizvajalca-huawei","15":"first","16":"instock","17":"sale","18":"taxable","19":"shipping-taxable","20":"purchasable","21":"product-type-simple"},"yoast_head":"<!-- This site is optimized with the Yoast SEO plugin v27.4 - https:\/\/yoast.com\/product\/yoast-seo-wordpress\/ -->\n<title>Panzerglass za\u0161\u010ditno steklo, Huawei P50 Pro -<\/title>\n<meta name=\"robots\" content=\"index, follow, max-snippet:-1, max-image-preview:large, max-video-preview:-1\" \/>\n<link rel=\"canonical\" href=\"https:\/\/www.urbanspot.si\/hr\/proizvod-2\/panzerglass-zastitno-staklo-za-huawei-p50-pro\/\" \/>\n<meta property=\"og:locale\" content=\"hr_HR\" \/>\n<meta property=\"og:type\" content=\"article\" \/>\n<meta property=\"og:title\" content=\"Panzerglass za\u0161\u010ditno steklo, Huawei P50 Pro -\" \/>\n<meta property=\"og:description\" content=\"Panzerglass za\u0161\u010ditno steklo narejeno iz kaljenega stekla omogo\u010da va\u0161i uri za\u0161\u010dito pred praskami in manj\u0161imi udarci. Visoka vzdr\u017eljivost in preventiva pred razpokami zaslona. Enostavna namestitev in dobro prileganje. Odpornost na prstne odtise in bakterije. Uro za\u0161\u010diti tudi ovitek, ki se dr\u017ei skupaj s steklom.\" \/>\n<meta property=\"og:url\" content=\"https:\/\/www.urbanspot.si\/hr\/proizvod-2\/panzerglass-zastitno-staklo-za-huawei-p50-pro\/\" \/>\n<meta property=\"article:publisher\" content=\"https:\/\/www.facebook.com\/urbanspot.si\" \/>\n<meta property=\"article:modified_time\" content=\"2026-03-19T14:03:47+00:00\" \/>\n<meta property=\"og:image\" content=\"https:\/\/www.urbanspot.si\/wp-content\/uploads\/panzerglass-zascitno-steklo-huawei-p50-pro.jpg\" \/>\n\t<meta property=\"og:image:width\" content=\"600\" \/>\n\t<meta property=\"og:image:height\" content=\"600\" \/>\n\t<meta property=\"og:image:type\" content=\"image\/jpeg\" \/>\n<meta name=\"twitter:card\" content=\"summary_large_image\" \/>\n<meta name=\"twitter:label1\" content=\"Procijenjeno vrijeme \u010ditanja\" \/>\n\t<meta name=\"twitter:data1\" content=\"1 minuta\" \/>\n<script type=\"application\/ld+json\" class=\"yoast-schema-graph\">{\"@context\":\"https:\\\/\\\/schema.org\",\"@graph\":[{\"@type\":\"WebPage\",\"@id\":\"https:\\\/\\\/www.urbanspot.si\\\/produkt\\\/panzerglass-zascitno-steklo-huawei-p50-pro\\\/\",\"url\":\"https:\\\/\\\/www.urbanspot.si\\\/produkt\\\/panzerglass-zascitno-steklo-huawei-p50-pro\\\/\",\"name\":\"Panzerglass za\u0161\u010ditno steklo, Huawei P50 Pro -\",\"isPartOf\":{\"@id\":\"https:\\\/\\\/www.urbanspot.si\\\/#website\"},\"primaryImageOfPage\":{\"@id\":\"https:\\\/\\\/www.urbanspot.si\\\/produkt\\\/panzerglass-zascitno-steklo-huawei-p50-pro\\\/#primaryimage\"},\"image\":{\"@id\":\"https:\\\/\\\/www.urbanspot.si\\\/produkt\\\/panzerglass-zascitno-steklo-huawei-p50-pro\\\/#primaryimage\"},\"thumbnailUrl\":\"https:\\\/\\\/www.urbanspot.si\\\/wp-content\\\/uploads\\\/panzerglass-zascitno-steklo-huawei-p50-pro.jpg\",\"datePublished\":\"2024-05-22T13:46:02+00:00\",\"dateModified\":\"2026-03-19T14:03:47+00:00\",\"breadcrumb\":{\"@id\":\"https:\\\/\\\/www.urbanspot.si\\\/produkt\\\/panzerglass-zascitno-steklo-huawei-p50-pro\\\/#breadcrumb\"},\"inLanguage\":\"hr\",\"potentialAction\":[{\"@type\":\"ReadAction\",\"target\":[\"https:\\\/\\\/www.urbanspot.si\\\/produkt\\\/panzerglass-zascitno-steklo-huawei-p50-pro\\\/\"]}]},{\"@type\":\"ImageObject\",\"inLanguage\":\"hr\",\"@id\":\"https:\\\/\\\/www.urbanspot.si\\\/produkt\\\/panzerglass-zascitno-steklo-huawei-p50-pro\\\/#primaryimage\",\"url\":\"https:\\\/\\\/www.urbanspot.si\\\/wp-content\\\/uploads\\\/panzerglass-zascitno-steklo-huawei-p50-pro.jpg\",\"contentUrl\":\"https:\\\/\\\/www.urbanspot.si\\\/wp-content\\\/uploads\\\/panzerglass-zascitno-steklo-huawei-p50-pro.jpg\",\"width\":600,\"height\":600,\"caption\":\"Panzerglass za\u0161\u010ditno steklo\"},{\"@type\":\"BreadcrumbList\",\"@id\":\"https:\\\/\\\/www.urbanspot.si\\\/produkt\\\/panzerglass-zascitno-steklo-huawei-p50-pro\\\/#breadcrumb\",\"itemListElement\":[{\"@type\":\"ListItem\",\"position\":1,\"name\":\"Home\",\"item\":\"https:\\\/\\\/www.urbanspot.si\\\/\"},{\"@type\":\"ListItem\",\"position\":2,\"name\":\"Shop\",\"item\":\"https:\\\/\\\/www.urbanspot.si\\\/shop\\\/\"},{\"@type\":\"ListItem\",\"position\":3,\"name\":\"Panzerglass za\u0161\u010ditno steklo, Huawei P50 Pro\"}]},{\"@type\":\"WebSite\",\"@id\":\"https:\\\/\\\/www.urbanspot.si\\\/#website\",\"url\":\"https:\\\/\\\/www.urbanspot.si\\\/\",\"name\":\"UrbanSpot\",\"description\":\"\",\"publisher\":{\"@id\":\"https:\\\/\\\/www.urbanspot.si\\\/#organization\"},\"potentialAction\":[{\"@type\":\"SearchAction\",\"target\":{\"@type\":\"EntryPoint\",\"urlTemplate\":\"https:\\\/\\\/www.urbanspot.si\\\/?s={search_term_string}\"},\"query-input\":{\"@type\":\"PropertyValueSpecification\",\"valueRequired\":true,\"valueName\":\"search_term_string\"}}],\"inLanguage\":\"hr\"},{\"@type\":\"Organization\",\"@id\":\"https:\\\/\\\/www.urbanspot.si\\\/#organization\",\"name\":\"UrbanSpot\",\"url\":\"https:\\\/\\\/www.urbanspot.si\\\/\",\"logo\":{\"@type\":\"ImageObject\",\"inLanguage\":\"hr\",\"@id\":\"https:\\\/\\\/www.urbanspot.si\\\/#\\\/schema\\\/logo\\\/image\\\/\",\"url\":\"https:\\\/\\\/www.urbanspot.si\\\/wp-content\\\/uploads\\\/urbanspot-logo.svg\",\"contentUrl\":\"https:\\\/\\\/www.urbanspot.si\\\/wp-content\\\/uploads\\\/urbanspot-logo.svg\",\"width\":185,\"height\":40,\"caption\":\"UrbanSpot\"},\"image\":{\"@id\":\"https:\\\/\\\/www.urbanspot.si\\\/#\\\/schema\\\/logo\\\/image\\\/\"},\"sameAs\":[\"https:\\\/\\\/www.facebook.com\\\/urbanspot.si\"]}]}<\/script>\n<!-- \/ Yoast SEO plugin. -->","yoast_head_json":{"title":"Panzerglass za\u0161\u010ditno steklo, Huawei P50 Pro -","robots":{"index":"index","follow":"follow","max-snippet":"max-snippet:-1","max-image-preview":"max-image-preview:large","max-video-preview":"max-video-preview:-1"},"canonical":"https:\/\/www.urbanspot.si\/hr\/proizvod-2\/panzerglass-zastitno-staklo-za-huawei-p50-pro\/","og_locale":"hr_HR","og_type":"article","og_title":"Panzerglass za\u0161\u010ditno steklo, Huawei P50 Pro -","og_description":"Panzerglass za\u0161\u010ditno steklo narejeno iz kaljenega stekla omogo\u010da va\u0161i uri za\u0161\u010dito pred praskami in manj\u0161imi udarci. Visoka vzdr\u017eljivost in preventiva pred razpokami zaslona. Enostavna namestitev in dobro prileganje. Odpornost na prstne odtise in bakterije. Uro za\u0161\u010diti tudi ovitek, ki se dr\u017ei skupaj s steklom.","og_url":"https:\/\/www.urbanspot.si\/hr\/proizvod-2\/panzerglass-zastitno-staklo-za-huawei-p50-pro\/","article_publisher":"https:\/\/www.facebook.com\/urbanspot.si","article_modified_time":"2026-03-19T14:03:47+00:00","og_image":[{"width":600,"height":600,"url":"https:\/\/www.urbanspot.si\/wp-content\/uploads\/panzerglass-zascitno-steklo-huawei-p50-pro.jpg","type":"image\/jpeg"}],"twitter_card":"summary_large_image","twitter_misc":{"Procijenjeno vrijeme \u010ditanja":"1 minuta"},"schema":{"@context":"https:\/\/schema.org","@graph":[{"@type":"WebPage","@id":"https:\/\/www.urbanspot.si\/produkt\/panzerglass-zascitno-steklo-huawei-p50-pro\/","url":"https:\/\/www.urbanspot.si\/produkt\/panzerglass-zascitno-steklo-huawei-p50-pro\/","name":"Panzerglass za\u0161\u010ditno steklo, Huawei P50 Pro -","isPartOf":{"@id":"https:\/\/www.urbanspot.si\/#website"},"primaryImageOfPage":{"@id":"https:\/\/www.urbanspot.si\/produkt\/panzerglass-zascitno-steklo-huawei-p50-pro\/#primaryimage"},"image":{"@id":"https:\/\/www.urbanspot.si\/produkt\/panzerglass-zascitno-steklo-huawei-p50-pro\/#primaryimage"},"thumbnailUrl":"https:\/\/www.urbanspot.si\/wp-content\/uploads\/panzerglass-zascitno-steklo-huawei-p50-pro.jpg","datePublished":"2024-05-22T13:46:02+00:00","dateModified":"2026-03-19T14:03:47+00:00","breadcrumb":{"@id":"https:\/\/www.urbanspot.si\/produkt\/panzerglass-zascitno-steklo-huawei-p50-pro\/#breadcrumb"},"inLanguage":"hr","potentialAction":[{"@type":"ReadAction","target":["https:\/\/www.urbanspot.si\/produkt\/panzerglass-zascitno-steklo-huawei-p50-pro\/"]}]},{"@type":"ImageObject","inLanguage":"hr","@id":"https:\/\/www.urbanspot.si\/produkt\/panzerglass-zascitno-steklo-huawei-p50-pro\/#primaryimage","url":"https:\/\/www.urbanspot.si\/wp-content\/uploads\/panzerglass-zascitno-steklo-huawei-p50-pro.jpg","contentUrl":"https:\/\/www.urbanspot.si\/wp-content\/uploads\/panzerglass-zascitno-steklo-huawei-p50-pro.jpg","width":600,"height":600,"caption":"Panzerglass za\u0161\u010ditno steklo"},{"@type":"BreadcrumbList","@id":"https:\/\/www.urbanspot.si\/produkt\/panzerglass-zascitno-steklo-huawei-p50-pro\/#breadcrumb","itemListElement":[{"@type":"ListItem","position":1,"name":"Home","item":"https:\/\/www.urbanspot.si\/"},{"@type":"ListItem","position":2,"name":"Shop","item":"https:\/\/www.urbanspot.si\/shop\/"},{"@type":"ListItem","position":3,"name":"Panzerglass za\u0161\u010ditno steklo, Huawei P50 Pro"}]},{"@type":"WebSite","@id":"https:\/\/www.urbanspot.si\/#website","url":"https:\/\/www.urbanspot.si\/","name":"UrbanSpot","description":"","publisher":{"@id":"https:\/\/www.urbanspot.si\/#organization"},"potentialAction":[{"@type":"SearchAction","target":{"@type":"EntryPoint","urlTemplate":"https:\/\/www.urbanspot.si\/?s={search_term_string}"},"query-input":{"@type":"PropertyValueSpecification","valueRequired":true,"valueName":"search_term_string"}}],"inLanguage":"hr"},{"@type":"Organization","@id":"https:\/\/www.urbanspot.si\/#organization","name":"UrbanSpot","url":"https:\/\/www.urbanspot.si\/","logo":{"@type":"ImageObject","inLanguage":"hr","@id":"https:\/\/www.urbanspot.si\/#\/schema\/logo\/image\/","url":"https:\/\/www.urbanspot.si\/wp-content\/uploads\/urbanspot-logo.svg","contentUrl":"https:\/\/www.urbanspot.si\/wp-content\/uploads\/urbanspot-logo.svg","width":185,"height":40,"caption":"UrbanSpot"},"image":{"@id":"https:\/\/www.urbanspot.si\/#\/schema\/logo\/image\/"},"sameAs":["https:\/\/www.facebook.com\/urbanspot.si"]}]}},"_links":{"self":[{"href":"https:\/\/www.urbanspot.si\/hr\/wp-json\/wp\/v2\/product\/16142","targetHints":{"allow":["GET"]}}],"collection":[{"href":"https:\/\/www.urbanspot.si\/hr\/wp-json\/wp\/v2\/product"}],"about":[{"href":"https:\/\/www.urbanspot.si\/hr\/wp-json\/wp\/v2\/types\/product"}],"replies":[{"embeddable":true,"href":"https:\/\/www.urbanspot.si\/hr\/wp-json\/wp\/v2\/comments?post=16142"}],"version-history":[{"count":2,"href":"https:\/\/www.urbanspot.si\/hr\/wp-json\/wp\/v2\/product\/16142\/revisions"}],"predecessor-version":[{"id":20834,"href":"https:\/\/www.urbanspot.si\/hr\/wp-json\/wp\/v2\/product\/16142\/revisions\/20834"}],"wp:featuredmedia":[{"embeddable":true,"href":"https:\/\/www.urbanspot.si\/hr\/wp-json\/wp\/v2\/media\/16144"}],"wp:attachment":[{"href":"https:\/\/www.urbanspot.si\/hr\/wp-json\/wp\/v2\/media?parent=16142"}],"wp:term":[{"taxonomy":"product_brand","embeddable":true,"href":"https:\/\/www.urbanspot.si\/hr\/wp-json\/wp\/v2\/product_brand?post=16142"},{"taxonomy":"product_cat","embeddable":true,"href":"https:\/\/www.urbanspot.si\/hr\/wp-json\/wp\/v2\/product_cat?post=16142"},{"taxonomy":"product_tag","embeddable":true,"href":"https:\/\/www.urbanspot.si\/hr\/wp-json\/wp\/v2\/product_tag?post=16142"}],"curies":[{"name":"radni list","href":"https:\/\/api.w.org\/{rel}","templated":true}]}}