{"id":16365,"date":"2024-05-22T14:46:52","date_gmt":"2024-05-22T13:46:52","guid":{"rendered":"https:\/\/www.urbanspot.si\/product\/fujifilm-polaroidni-fotoaparat-instax-mini-12-bel\/"},"modified":"2026-03-18T15:52:42","modified_gmt":"2026-03-18T13:52:42","slug":"instax-mini-12-instantni-fotoaparat-bijeli","status":"publish","type":"product","link":"https:\/\/www.urbanspot.si\/hr\/produkt\/instax-mini-12-instant-kamera-bel\/","title":{"rendered":"instax mini 12\u2122 instant fotoaparat, bijeli"},"content":{"rendered":"<p class=\"p1\">Slatki i \u0161areni Instax mini 12 Polaroid fotoaparat zabilje\u017eit \u0107e sve najljep\u0161e trenutke u va\u0161oj svakodnevici i u trenu vam pru\u017eiti fotografiju. Svojim funkcijama omogu\u0107uje vam snimanje fotografije u raznim uvjetima osvjetljenja. Fokus i bljeskalica su automatski, a fotoaparat je vrlo jednostavan za kori\u0161tenje. Za uklju\u010divanje jednostavno pritisnite gumb pored objektiva, okrenite kota\u010di\u0107 prema upaljenom svjetlu i pritisnite okida\u010d.<\/p>\n<p class=\"p1\"><strong>Tehni\u010dke zna\u010dajke:<\/strong><\/p>\n<ul class=\"ul1\">\n<li class=\"li1\">Veli\u010dina slike: 62 \u00d7 46 mm<\/li>\n<li class=\"li1\">Vrijeme razvijanja filma: 90 sekundi<\/li>\n<li class=\"li1\">Sastav le\u0107e: 2 komponente, 2 elementa<\/li>\n<li class=\"li1\">Objektiv: 60 mm, 1:12,7<\/li>\n<li class=\"li1\">Fokus: 0,3 cm \u2013 \u221e<\/li>\n<li class=\"li1\">Brzina zatvara\u010da: 1\/2s do 1\/250s<\/li>\n<li class=\"li1\">Najmanja udaljenost fokusiranja: do 35 cm (s nastavkom)<\/li>\n<li class=\"li1\">Domet bljeskalice: 0,3 do 2,7 m<\/li>\n<li class=\"li1\">Ponovno okidanje bljeskalice: do 6,5 s (s novim baterijama)<\/li>\n<li class=\"li1\">Dimenzije: 104 mm \u00d7 66,6 mm \u00d7 122 mm Kontrola ekspozicije: automatska<\/li>\n<li class=\"li1\">Napajanje: 2 LR6 \/ AA 1,5 V alkalne baterije (za otprilike 10 filmskih paketa)<\/li>\n<li class=\"li1\">Paket uklju\u010duje: 2x AA baterije, 1x remen za zglob, 1x Instax Mini 12 kameru<\/li>\n<li class=\"li1\">Boja: Cvjetno ru\u017ei\u010dasta<\/li>\n<li class=\"li1\">Te\u017eina: 306 g<\/li>\n<\/ul>","protected":false},"excerpt":{"rendered":"<p>Fotoaparat FujiFilm Polaroid Instax Mini 12 do\u010darat \u0107e trenutne uspomene na ispisanim fotografijama veli\u010dine 62 x 46 mm uz iznimno jednostavno rukovanje.<\/p>\n<p>Nove zna\u010dajke fotoaparata Fujifilm instax mini 12 serije Polaroid su novi dizajn, nove pastelne boje, novi na\u010din uklju\u010divanja fotoaparata, novi sustav za prebacivanje u makro na\u010din rada i paralaksa.<\/p>","protected":false},"featured_media":16367,"comment_status":"closed","ping_status":"closed","template":"","meta":[],"product_brand":[],"product_cat":[103,91],"product_tag":[],"class_list":{"0":"post-16365","1":"product","2":"type-product","3":"status-publish","4":"has-post-thumbnail","6":"product_cat-foto","7":"product_cat-razprodaja","8":"pa_primerno-za-proizvajalca-instax","10":"first","11":"outofstock","12":"sale","13":"taxable","14":"shipping-taxable","15":"purchasable","16":"product-type-simple"},"yoast_head":"<!-- This site is optimized with the Yoast SEO plugin v27.4 - https:\/\/yoast.com\/product\/yoast-seo-wordpress\/ -->\n<title>instax mini 12\u2122 instant kamera, bel -<\/title>\n<meta name=\"robots\" content=\"index, follow, max-snippet:-1, max-image-preview:large, max-video-preview:-1\" \/>\n<link rel=\"canonical\" href=\"https:\/\/www.urbanspot.si\/hr\/proizvod-2\/instax-mini-12-instantni-fotoaparat-bijeli\/\" \/>\n<meta property=\"og:locale\" content=\"hr_HR\" \/>\n<meta property=\"og:type\" content=\"article\" \/>\n<meta property=\"og:title\" content=\"instax mini 12\u2122 instant kamera, bel -\" \/>\n<meta property=\"og:description\" content=\"FujiFilm polaroidni fotoaparat Instax Mini 12 vam bo pri\u010daral takoj\u0161nje spomine na tiskanih fotografijah v velikosti 62 x 46 mm s \u010disto enostavnim upravljanjem.  Novosti polaroidnega fotoaparata Fujifilm instax mini 12 serije\u00a0so\u00a0nov dizajn,\u00a0\u00a0nove pastelne barve, nov na\u010din vklopa kamere, nov sistem preklopa na makro na\u010din in paralakso.\" \/>\n<meta property=\"og:url\" content=\"https:\/\/www.urbanspot.si\/hr\/proizvod-2\/instax-mini-12-instantni-fotoaparat-bijeli\/\" \/>\n<meta property=\"article:publisher\" content=\"https:\/\/www.facebook.com\/urbanspot.si\" \/>\n<meta property=\"article:modified_time\" content=\"2026-03-18T13:52:42+00:00\" \/>\n<meta property=\"og:image\" content=\"https:\/\/www.urbanspot.si\/wp-content\/uploads\/fujifilm-polaroidni-fotoaparat-instax-mini-12-bel.jpg\" \/>\n\t<meta property=\"og:image:width\" content=\"1200\" \/>\n\t<meta property=\"og:image:height\" content=\"1200\" \/>\n\t<meta property=\"og:image:type\" content=\"image\/jpeg\" \/>\n<meta name=\"twitter:card\" content=\"summary_large_image\" \/>\n<meta name=\"twitter:label1\" content=\"Procijenjeno vrijeme \u010ditanja\" \/>\n\t<meta name=\"twitter:data1\" content=\"1 minuta\" \/>\n<script type=\"application\/ld+json\" class=\"yoast-schema-graph\">{\"@context\":\"https:\\\/\\\/schema.org\",\"@graph\":[{\"@type\":\"WebPage\",\"@id\":\"https:\\\/\\\/www.urbanspot.si\\\/produkt\\\/instax-mini-12-instant-kamera-bel\\\/\",\"url\":\"https:\\\/\\\/www.urbanspot.si\\\/produkt\\\/instax-mini-12-instant-kamera-bel\\\/\",\"name\":\"instax mini 12\u2122 instant kamera, bel -\",\"isPartOf\":{\"@id\":\"https:\\\/\\\/www.urbanspot.si\\\/#website\"},\"primaryImageOfPage\":{\"@id\":\"https:\\\/\\\/www.urbanspot.si\\\/produkt\\\/instax-mini-12-instant-kamera-bel\\\/#primaryimage\"},\"image\":{\"@id\":\"https:\\\/\\\/www.urbanspot.si\\\/produkt\\\/instax-mini-12-instant-kamera-bel\\\/#primaryimage\"},\"thumbnailUrl\":\"https:\\\/\\\/www.urbanspot.si\\\/wp-content\\\/uploads\\\/fujifilm-polaroidni-fotoaparat-instax-mini-12-bel.jpg\",\"datePublished\":\"2024-05-22T13:46:52+00:00\",\"dateModified\":\"2026-03-18T13:52:42+00:00\",\"breadcrumb\":{\"@id\":\"https:\\\/\\\/www.urbanspot.si\\\/produkt\\\/instax-mini-12-instant-kamera-bel\\\/#breadcrumb\"},\"inLanguage\":\"hr\",\"potentialAction\":[{\"@type\":\"ReadAction\",\"target\":[\"https:\\\/\\\/www.urbanspot.si\\\/produkt\\\/instax-mini-12-instant-kamera-bel\\\/\"]}]},{\"@type\":\"ImageObject\",\"inLanguage\":\"hr\",\"@id\":\"https:\\\/\\\/www.urbanspot.si\\\/produkt\\\/instax-mini-12-instant-kamera-bel\\\/#primaryimage\",\"url\":\"https:\\\/\\\/www.urbanspot.si\\\/wp-content\\\/uploads\\\/fujifilm-polaroidni-fotoaparat-instax-mini-12-bel.jpg\",\"contentUrl\":\"https:\\\/\\\/www.urbanspot.si\\\/wp-content\\\/uploads\\\/fujifilm-polaroidni-fotoaparat-instax-mini-12-bel.jpg\",\"width\":1200,\"height\":1200,\"caption\":\"FujiFilm polaroidni fotoaparat Instax Mini 12\"},{\"@type\":\"BreadcrumbList\",\"@id\":\"https:\\\/\\\/www.urbanspot.si\\\/produkt\\\/instax-mini-12-instant-kamera-bel\\\/#breadcrumb\",\"itemListElement\":[{\"@type\":\"ListItem\",\"position\":1,\"name\":\"Home\",\"item\":\"https:\\\/\\\/www.urbanspot.si\\\/\"},{\"@type\":\"ListItem\",\"position\":2,\"name\":\"Shop\",\"item\":\"https:\\\/\\\/www.urbanspot.si\\\/shop\\\/\"},{\"@type\":\"ListItem\",\"position\":3,\"name\":\"instax mini 12\u2122 instant kamera, bel\"}]},{\"@type\":\"WebSite\",\"@id\":\"https:\\\/\\\/www.urbanspot.si\\\/#website\",\"url\":\"https:\\\/\\\/www.urbanspot.si\\\/\",\"name\":\"UrbanSpot\",\"description\":\"\",\"publisher\":{\"@id\":\"https:\\\/\\\/www.urbanspot.si\\\/#organization\"},\"potentialAction\":[{\"@type\":\"SearchAction\",\"target\":{\"@type\":\"EntryPoint\",\"urlTemplate\":\"https:\\\/\\\/www.urbanspot.si\\\/?s={search_term_string}\"},\"query-input\":{\"@type\":\"PropertyValueSpecification\",\"valueRequired\":true,\"valueName\":\"search_term_string\"}}],\"inLanguage\":\"hr\"},{\"@type\":\"Organization\",\"@id\":\"https:\\\/\\\/www.urbanspot.si\\\/#organization\",\"name\":\"UrbanSpot\",\"url\":\"https:\\\/\\\/www.urbanspot.si\\\/\",\"logo\":{\"@type\":\"ImageObject\",\"inLanguage\":\"hr\",\"@id\":\"https:\\\/\\\/www.urbanspot.si\\\/#\\\/schema\\\/logo\\\/image\\\/\",\"url\":\"https:\\\/\\\/www.urbanspot.si\\\/wp-content\\\/uploads\\\/urbanspot-logo.svg\",\"contentUrl\":\"https:\\\/\\\/www.urbanspot.si\\\/wp-content\\\/uploads\\\/urbanspot-logo.svg\",\"width\":185,\"height\":40,\"caption\":\"UrbanSpot\"},\"image\":{\"@id\":\"https:\\\/\\\/www.urbanspot.si\\\/#\\\/schema\\\/logo\\\/image\\\/\"},\"sameAs\":[\"https:\\\/\\\/www.facebook.com\\\/urbanspot.si\"]}]}<\/script>\n<!-- \/ Yoast SEO plugin. -->","yoast_head_json":{"title":"instax mini 12\u2122 instant kamera, bel -","robots":{"index":"index","follow":"follow","max-snippet":"max-snippet:-1","max-image-preview":"max-image-preview:large","max-video-preview":"max-video-preview:-1"},"canonical":"https:\/\/www.urbanspot.si\/hr\/proizvod-2\/instax-mini-12-instantni-fotoaparat-bijeli\/","og_locale":"hr_HR","og_type":"article","og_title":"instax mini 12\u2122 instant kamera, bel -","og_description":"FujiFilm polaroidni fotoaparat Instax Mini 12 vam bo pri\u010daral takoj\u0161nje spomine na tiskanih fotografijah v velikosti 62 x 46 mm s \u010disto enostavnim upravljanjem.  Novosti polaroidnega fotoaparata Fujifilm instax mini 12 serije\u00a0so\u00a0nov dizajn,\u00a0\u00a0nove pastelne barve, nov na\u010din vklopa kamere, nov sistem preklopa na makro na\u010din in paralakso.","og_url":"https:\/\/www.urbanspot.si\/hr\/proizvod-2\/instax-mini-12-instantni-fotoaparat-bijeli\/","article_publisher":"https:\/\/www.facebook.com\/urbanspot.si","article_modified_time":"2026-03-18T13:52:42+00:00","og_image":[{"width":1200,"height":1200,"url":"https:\/\/www.urbanspot.si\/wp-content\/uploads\/fujifilm-polaroidni-fotoaparat-instax-mini-12-bel.jpg","type":"image\/jpeg"}],"twitter_card":"summary_large_image","twitter_misc":{"Procijenjeno vrijeme \u010ditanja":"1 minuta"},"schema":{"@context":"https:\/\/schema.org","@graph":[{"@type":"WebPage","@id":"https:\/\/www.urbanspot.si\/produkt\/instax-mini-12-instant-kamera-bel\/","url":"https:\/\/www.urbanspot.si\/produkt\/instax-mini-12-instant-kamera-bel\/","name":"instax mini 12\u2122 instant kamera, bel -","isPartOf":{"@id":"https:\/\/www.urbanspot.si\/#website"},"primaryImageOfPage":{"@id":"https:\/\/www.urbanspot.si\/produkt\/instax-mini-12-instant-kamera-bel\/#primaryimage"},"image":{"@id":"https:\/\/www.urbanspot.si\/produkt\/instax-mini-12-instant-kamera-bel\/#primaryimage"},"thumbnailUrl":"https:\/\/www.urbanspot.si\/wp-content\/uploads\/fujifilm-polaroidni-fotoaparat-instax-mini-12-bel.jpg","datePublished":"2024-05-22T13:46:52+00:00","dateModified":"2026-03-18T13:52:42+00:00","breadcrumb":{"@id":"https:\/\/www.urbanspot.si\/produkt\/instax-mini-12-instant-kamera-bel\/#breadcrumb"},"inLanguage":"hr","potentialAction":[{"@type":"ReadAction","target":["https:\/\/www.urbanspot.si\/produkt\/instax-mini-12-instant-kamera-bel\/"]}]},{"@type":"ImageObject","inLanguage":"hr","@id":"https:\/\/www.urbanspot.si\/produkt\/instax-mini-12-instant-kamera-bel\/#primaryimage","url":"https:\/\/www.urbanspot.si\/wp-content\/uploads\/fujifilm-polaroidni-fotoaparat-instax-mini-12-bel.jpg","contentUrl":"https:\/\/www.urbanspot.si\/wp-content\/uploads\/fujifilm-polaroidni-fotoaparat-instax-mini-12-bel.jpg","width":1200,"height":1200,"caption":"FujiFilm polaroidni fotoaparat Instax Mini 12"},{"@type":"BreadcrumbList","@id":"https:\/\/www.urbanspot.si\/produkt\/instax-mini-12-instant-kamera-bel\/#breadcrumb","itemListElement":[{"@type":"ListItem","position":1,"name":"Home","item":"https:\/\/www.urbanspot.si\/"},{"@type":"ListItem","position":2,"name":"Shop","item":"https:\/\/www.urbanspot.si\/shop\/"},{"@type":"ListItem","position":3,"name":"instax mini 12\u2122 instant kamera, bel"}]},{"@type":"WebSite","@id":"https:\/\/www.urbanspot.si\/#website","url":"https:\/\/www.urbanspot.si\/","name":"UrbanSpot","description":"","publisher":{"@id":"https:\/\/www.urbanspot.si\/#organization"},"potentialAction":[{"@type":"SearchAction","target":{"@type":"EntryPoint","urlTemplate":"https:\/\/www.urbanspot.si\/?s={search_term_string}"},"query-input":{"@type":"PropertyValueSpecification","valueRequired":true,"valueName":"search_term_string"}}],"inLanguage":"hr"},{"@type":"Organization","@id":"https:\/\/www.urbanspot.si\/#organization","name":"UrbanSpot","url":"https:\/\/www.urbanspot.si\/","logo":{"@type":"ImageObject","inLanguage":"hr","@id":"https:\/\/www.urbanspot.si\/#\/schema\/logo\/image\/","url":"https:\/\/www.urbanspot.si\/wp-content\/uploads\/urbanspot-logo.svg","contentUrl":"https:\/\/www.urbanspot.si\/wp-content\/uploads\/urbanspot-logo.svg","width":185,"height":40,"caption":"UrbanSpot"},"image":{"@id":"https:\/\/www.urbanspot.si\/#\/schema\/logo\/image\/"},"sameAs":["https:\/\/www.facebook.com\/urbanspot.si"]}]}},"_links":{"self":[{"href":"https:\/\/www.urbanspot.si\/hr\/wp-json\/wp\/v2\/product\/16365","targetHints":{"allow":["GET"]}}],"collection":[{"href":"https:\/\/www.urbanspot.si\/hr\/wp-json\/wp\/v2\/product"}],"about":[{"href":"https:\/\/www.urbanspot.si\/hr\/wp-json\/wp\/v2\/types\/product"}],"replies":[{"embeddable":true,"href":"https:\/\/www.urbanspot.si\/hr\/wp-json\/wp\/v2\/comments?post=16365"}],"version-history":[{"count":3,"href":"https:\/\/www.urbanspot.si\/hr\/wp-json\/wp\/v2\/product\/16365\/revisions"}],"predecessor-version":[{"id":21065,"href":"https:\/\/www.urbanspot.si\/hr\/wp-json\/wp\/v2\/product\/16365\/revisions\/21065"}],"wp:featuredmedia":[{"embeddable":true,"href":"https:\/\/www.urbanspot.si\/hr\/wp-json\/wp\/v2\/media\/16367"}],"wp:attachment":[{"href":"https:\/\/www.urbanspot.si\/hr\/wp-json\/wp\/v2\/media?parent=16365"}],"wp:term":[{"taxonomy":"product_brand","embeddable":true,"href":"https:\/\/www.urbanspot.si\/hr\/wp-json\/wp\/v2\/product_brand?post=16365"},{"taxonomy":"product_cat","embeddable":true,"href":"https:\/\/www.urbanspot.si\/hr\/wp-json\/wp\/v2\/product_cat?post=16365"},{"taxonomy":"product_tag","embeddable":true,"href":"https:\/\/www.urbanspot.si\/hr\/wp-json\/wp\/v2\/product_tag?post=16365"}],"curies":[{"name":"radni list","href":"https:\/\/api.w.org\/{rel}","templated":true}]}}