{"id":16619,"date":"2024-05-22T14:47:40","date_gmt":"2024-05-22T13:47:40","guid":{"rendered":"https:\/\/www.urbanspot.si\/product\/torba-za-prenosnike-guess-4g-triangle-black-do-16\/"},"modified":"2026-03-19T16:03:42","modified_gmt":"2026-03-19T14:03:42","slug":"torba-za-laptop-guess-4g-trokutasta-crna-do-16","status":"publish","type":"product","link":"https:\/\/www.urbanspot.si\/hr\/produkt\/torba-za-prenosnik-guess-4g-triangle-black-do-16\/","title":{"rendered":"Torba za laptop Guess 4G Triangle crna, do 16\u2033"},"content":{"rendered":"<p>S Guess torbom mo\u017eete ponijeti svoje prijenosno ra\u010dunalo bilo gdje. Va\u0161e \u0107e prijenosno ra\u010dunalo biti za\u0161ti\u0107eno od ogrebotina, udaraca i prljav\u0161tine. Savr\u0161ena kombinacija izvrsnih materijala, elegantnog izgleda i najvi\u0161ih za\u0161titnih zna\u010dajki za va\u0161e prijenosno ra\u010dunalo.<\/p>\n<p>Torba ima ru\u010dku za no\u0161enje u ruci i podesivi remen tako da je mo\u017eete nositi i preko ramena. Torba ima glavni pretinac koji se zatvara patentnim zatvara\u010dem i dva unutarnja d\u017eepa u kojima mo\u017eete pohraniti pribor potreban za svakodnevni rad. Dodatni vanjski d\u017eep predvi\u0111en je za sitnice ili dodatne dokumente.<\/p>\n<ul>\n<li>Materijal: Visokokvalitetna umjetna ko\u017ea<\/li>\n<li>Iznimno izdr\u017eljiv materijal otporan na o\u0161te\u0107enja i deformacije<\/li>\n<li>Boja: Crna sa zlatnim detaljima<\/li>\n<li>Dimenzije: 31x41x6cm<\/li>\n<li>Duljina remena: od 60 cm do 130 cm<\/li>\n<li>Dodatni remen za pri\u010dvr\u0161\u0107ivanje na ru\u010dku kofera<\/li>\n<li>Broj ladica: 2 male i 2 velike<\/li>\n<li>Pogodno za: sva prijenosna ra\u010dunala do 16&quot;<\/li>\n<\/ul>","protected":false},"excerpt":{"rendered":"<p>Ekskluzivna i iznimno elegantna torba za prijenosno ra\u010dunalo iz kolekcije 4G Triangle Gold najnoviji je prijedlog za\u0161titne opreme za prijenosna ra\u010dunala, pod koju potpisuje poznata modna ku\u0107a Guess. Kolekcija 4G Triangle Gold postavlja nove standarde jedinstvenog stila i nudi atraktivan dizajn, a istovremeno pru\u017ea najvi\u0161u razinu za\u0161tite za va\u0161 ure\u0111aj. Torba je dizajnirana za prijenosna ra\u010dunala s dijagonalom zaslona do 16&quot;. Sada svoje prijenosno ra\u010dunalo mo\u017eete uvijek nositi sa sobom svugdje bez brige o njegovoj sigurnosti.<\/p>","protected":false},"featured_media":16621,"comment_status":"closed","ping_status":"closed","template":"","meta":[],"product_brand":[],"product_cat":[91,140,549],"product_tag":[],"class_list":{"0":"post-16619","1":"product","2":"type-product","3":"status-publish","4":"has-post-thumbnail","6":"product_cat-razprodaja","7":"product_cat-torbe","8":"product_cat-torbe-za-prenosnike","10":"first","11":"instock","12":"sale","13":"taxable","14":"shipping-taxable","15":"purchasable","16":"product-type-simple"},"yoast_head":"<!-- This site is optimized with the Yoast SEO plugin v27.2 - https:\/\/yoast.com\/product\/yoast-seo-wordpress\/ -->\n<title>Torba za prenosnik Guess 4G Triangle Black, do 16&quot; -<\/title>\n<meta name=\"robots\" content=\"index, follow, max-snippet:-1, max-image-preview:large, max-video-preview:-1\" \/>\n<link rel=\"canonical\" href=\"https:\/\/www.urbanspot.si\/hr\/proizvod-2\/torba-za-laptop-guess-4g-trokutasta-crna-do-16\/\" \/>\n<meta property=\"og:locale\" content=\"hr_HR\" \/>\n<meta property=\"og:type\" content=\"article\" \/>\n<meta property=\"og:title\" content=\"Torba za prenosnik Guess 4G Triangle Black, do 16&quot; -\" \/>\n<meta property=\"og:description\" content=\"Ekskluzivna in izjemno elegantna torba za prenosnik iz kolekcije 4G Triangle Gold je najnovej\u0161i predlog za\u0161\u010ditnih dodatkov za prenosne ra\u010dunalnike, pod katerega se podpisuje slovita modna hi\u0161a Guess. Kolekcija 4G Triangle Gold postavlja nove standarde edinstvenega sloga in ponuja privla\u010den dizajn, hkrati pa zagotavlja najvi\u0161jo raven za\u0161\u010dite za va\u0161o napravo. Torba je namenjena prenosnikom z diagonalo zaslona do 16&quot;.\u00a0 Zdaj lahko svoj prenosnik vedno vzamete s seboj povsod, ne da bi vas skrbelo za njegovo varnost.\" \/>\n<meta property=\"og:url\" content=\"https:\/\/www.urbanspot.si\/hr\/proizvod-2\/torba-za-laptop-guess-4g-trokutasta-crna-do-16\/\" \/>\n<meta property=\"article:publisher\" content=\"https:\/\/www.facebook.com\/urbanspot.si\" \/>\n<meta property=\"article:modified_time\" content=\"2026-03-19T14:03:42+00:00\" \/>\n<meta property=\"og:image\" content=\"https:\/\/www.urbanspot.si\/wp-content\/uploads\/torba-za-prenosnike-guess-4g-triangle-black-do-16.jpg\" \/>\n\t<meta property=\"og:image:width\" content=\"1200\" \/>\n\t<meta property=\"og:image:height\" content=\"1200\" \/>\n\t<meta property=\"og:image:type\" content=\"image\/jpeg\" \/>\n<meta name=\"twitter:card\" content=\"summary_large_image\" \/>\n<meta name=\"twitter:label1\" content=\"Procijenjeno vrijeme \u010ditanja\" \/>\n\t<meta name=\"twitter:data1\" content=\"1 minuta\" \/>\n<script type=\"application\/ld+json\" class=\"yoast-schema-graph\">{\"@context\":\"https:\/\/schema.org\",\"@graph\":[{\"@type\":\"WebPage\",\"@id\":\"https:\/\/www.urbanspot.si\/produkt\/torba-za-prenosnik-guess-4g-triangle-black-do-16\/\",\"url\":\"https:\/\/www.urbanspot.si\/produkt\/torba-za-prenosnik-guess-4g-triangle-black-do-16\/\",\"name\":\"Torba za prenosnik Guess 4G Triangle Black, do 16\\\" -\",\"isPartOf\":{\"@id\":\"https:\/\/www.urbanspot.si\/#website\"},\"primaryImageOfPage\":{\"@id\":\"https:\/\/www.urbanspot.si\/produkt\/torba-za-prenosnik-guess-4g-triangle-black-do-16\/#primaryimage\"},\"image\":{\"@id\":\"https:\/\/www.urbanspot.si\/produkt\/torba-za-prenosnik-guess-4g-triangle-black-do-16\/#primaryimage\"},\"thumbnailUrl\":\"https:\/\/www.urbanspot.si\/wp-content\/uploads\/torba-za-prenosnike-guess-4g-triangle-black-do-16.jpg\",\"datePublished\":\"2024-05-22T13:47:40+00:00\",\"dateModified\":\"2026-03-19T14:03:42+00:00\",\"breadcrumb\":{\"@id\":\"https:\/\/www.urbanspot.si\/produkt\/torba-za-prenosnik-guess-4g-triangle-black-do-16\/#breadcrumb\"},\"inLanguage\":\"hr\",\"potentialAction\":[{\"@type\":\"ReadAction\",\"target\":[\"https:\/\/www.urbanspot.si\/produkt\/torba-za-prenosnik-guess-4g-triangle-black-do-16\/\"]}]},{\"@type\":\"ImageObject\",\"inLanguage\":\"hr\",\"@id\":\"https:\/\/www.urbanspot.si\/produkt\/torba-za-prenosnik-guess-4g-triangle-black-do-16\/#primaryimage\",\"url\":\"https:\/\/www.urbanspot.si\/wp-content\/uploads\/torba-za-prenosnike-guess-4g-triangle-black-do-16.jpg\",\"contentUrl\":\"https:\/\/www.urbanspot.si\/wp-content\/uploads\/torba-za-prenosnike-guess-4g-triangle-black-do-16.jpg\",\"width\":1200,\"height\":1200,\"caption\":\"Torba za prenosnike Guess 4G Triangle Black\"},{\"@type\":\"BreadcrumbList\",\"@id\":\"https:\/\/www.urbanspot.si\/produkt\/torba-za-prenosnik-guess-4g-triangle-black-do-16\/#breadcrumb\",\"itemListElement\":[{\"@type\":\"ListItem\",\"position\":1,\"name\":\"Home\",\"item\":\"https:\/\/www.urbanspot.si\/\"},{\"@type\":\"ListItem\",\"position\":2,\"name\":\"Shop\",\"item\":\"https:\/\/www.urbanspot.si\/shop\/\"},{\"@type\":\"ListItem\",\"position\":3,\"name\":\"Torba za prenosnik Guess 4G Triangle Black, do 16&#8243;\"}]},{\"@type\":\"WebSite\",\"@id\":\"https:\/\/www.urbanspot.si\/#website\",\"url\":\"https:\/\/www.urbanspot.si\/\",\"name\":\"UrbanSpot\",\"description\":\"\",\"publisher\":{\"@id\":\"https:\/\/www.urbanspot.si\/#organization\"},\"potentialAction\":[{\"@type\":\"SearchAction\",\"target\":{\"@type\":\"EntryPoint\",\"urlTemplate\":\"https:\/\/www.urbanspot.si\/?s={search_term_string}\"},\"query-input\":{\"@type\":\"PropertyValueSpecification\",\"valueRequired\":true,\"valueName\":\"search_term_string\"}}],\"inLanguage\":\"hr\"},{\"@type\":\"Organization\",\"@id\":\"https:\/\/www.urbanspot.si\/#organization\",\"name\":\"UrbanSpot\",\"url\":\"https:\/\/www.urbanspot.si\/\",\"logo\":{\"@type\":\"ImageObject\",\"inLanguage\":\"hr\",\"@id\":\"https:\/\/www.urbanspot.si\/#\/schema\/logo\/image\/\",\"url\":\"https:\/\/www.urbanspot.si\/wp-content\/uploads\/urbanspot-logo.svg\",\"contentUrl\":\"https:\/\/www.urbanspot.si\/wp-content\/uploads\/urbanspot-logo.svg\",\"width\":185,\"height\":40,\"caption\":\"UrbanSpot\"},\"image\":{\"@id\":\"https:\/\/www.urbanspot.si\/#\/schema\/logo\/image\/\"},\"sameAs\":[\"https:\/\/www.facebook.com\/urbanspot.si\"]}]}<\/script>\n<!-- \/ Yoast SEO plugin. -->","yoast_head_json":{"title":"Torba za prenosnik Guess 4G Triangle Black, do 16\" -","robots":{"index":"index","follow":"follow","max-snippet":"max-snippet:-1","max-image-preview":"max-image-preview:large","max-video-preview":"max-video-preview:-1"},"canonical":"https:\/\/www.urbanspot.si\/hr\/proizvod-2\/torba-za-laptop-guess-4g-trokutasta-crna-do-16\/","og_locale":"hr_HR","og_type":"article","og_title":"Torba za prenosnik Guess 4G Triangle Black, do 16\" -","og_description":"Ekskluzivna in izjemno elegantna torba za prenosnik iz kolekcije 4G Triangle Gold je najnovej\u0161i predlog za\u0161\u010ditnih dodatkov za prenosne ra\u010dunalnike, pod katerega se podpisuje slovita modna hi\u0161a Guess. Kolekcija 4G Triangle Gold postavlja nove standarde edinstvenega sloga in ponuja privla\u010den dizajn, hkrati pa zagotavlja najvi\u0161jo raven za\u0161\u010dite za va\u0161o napravo. Torba je namenjena prenosnikom z diagonalo zaslona do 16\".\u00a0 Zdaj lahko svoj prenosnik vedno vzamete s seboj povsod, ne da bi vas skrbelo za njegovo varnost.","og_url":"https:\/\/www.urbanspot.si\/hr\/proizvod-2\/torba-za-laptop-guess-4g-trokutasta-crna-do-16\/","article_publisher":"https:\/\/www.facebook.com\/urbanspot.si","article_modified_time":"2026-03-19T14:03:42+00:00","og_image":[{"width":1200,"height":1200,"url":"https:\/\/www.urbanspot.si\/wp-content\/uploads\/torba-za-prenosnike-guess-4g-triangle-black-do-16.jpg","type":"image\/jpeg"}],"twitter_card":"summary_large_image","twitter_misc":{"Procijenjeno vrijeme \u010ditanja":"1 minuta"},"schema":{"@context":"https:\/\/schema.org","@graph":[{"@type":"WebPage","@id":"https:\/\/www.urbanspot.si\/produkt\/torba-za-prenosnik-guess-4g-triangle-black-do-16\/","url":"https:\/\/www.urbanspot.si\/produkt\/torba-za-prenosnik-guess-4g-triangle-black-do-16\/","name":"Torba za prenosnik Guess 4G Triangle Black, do 16\" -","isPartOf":{"@id":"https:\/\/www.urbanspot.si\/#website"},"primaryImageOfPage":{"@id":"https:\/\/www.urbanspot.si\/produkt\/torba-za-prenosnik-guess-4g-triangle-black-do-16\/#primaryimage"},"image":{"@id":"https:\/\/www.urbanspot.si\/produkt\/torba-za-prenosnik-guess-4g-triangle-black-do-16\/#primaryimage"},"thumbnailUrl":"https:\/\/www.urbanspot.si\/wp-content\/uploads\/torba-za-prenosnike-guess-4g-triangle-black-do-16.jpg","datePublished":"2024-05-22T13:47:40+00:00","dateModified":"2026-03-19T14:03:42+00:00","breadcrumb":{"@id":"https:\/\/www.urbanspot.si\/produkt\/torba-za-prenosnik-guess-4g-triangle-black-do-16\/#breadcrumb"},"inLanguage":"hr","potentialAction":[{"@type":"ReadAction","target":["https:\/\/www.urbanspot.si\/produkt\/torba-za-prenosnik-guess-4g-triangle-black-do-16\/"]}]},{"@type":"ImageObject","inLanguage":"hr","@id":"https:\/\/www.urbanspot.si\/produkt\/torba-za-prenosnik-guess-4g-triangle-black-do-16\/#primaryimage","url":"https:\/\/www.urbanspot.si\/wp-content\/uploads\/torba-za-prenosnike-guess-4g-triangle-black-do-16.jpg","contentUrl":"https:\/\/www.urbanspot.si\/wp-content\/uploads\/torba-za-prenosnike-guess-4g-triangle-black-do-16.jpg","width":1200,"height":1200,"caption":"Torba za prenosnike Guess 4G Triangle Black"},{"@type":"BreadcrumbList","@id":"https:\/\/www.urbanspot.si\/produkt\/torba-za-prenosnik-guess-4g-triangle-black-do-16\/#breadcrumb","itemListElement":[{"@type":"ListItem","position":1,"name":"Home","item":"https:\/\/www.urbanspot.si\/"},{"@type":"ListItem","position":2,"name":"Shop","item":"https:\/\/www.urbanspot.si\/shop\/"},{"@type":"ListItem","position":3,"name":"Torba za prenosnik Guess 4G Triangle Black, do 16&#8243;"}]},{"@type":"WebSite","@id":"https:\/\/www.urbanspot.si\/#website","url":"https:\/\/www.urbanspot.si\/","name":"UrbanSpot","description":"","publisher":{"@id":"https:\/\/www.urbanspot.si\/#organization"},"potentialAction":[{"@type":"SearchAction","target":{"@type":"EntryPoint","urlTemplate":"https:\/\/www.urbanspot.si\/?s={search_term_string}"},"query-input":{"@type":"PropertyValueSpecification","valueRequired":true,"valueName":"search_term_string"}}],"inLanguage":"hr"},{"@type":"Organization","@id":"https:\/\/www.urbanspot.si\/#organization","name":"UrbanSpot","url":"https:\/\/www.urbanspot.si\/","logo":{"@type":"ImageObject","inLanguage":"hr","@id":"https:\/\/www.urbanspot.si\/#\/schema\/logo\/image\/","url":"https:\/\/www.urbanspot.si\/wp-content\/uploads\/urbanspot-logo.svg","contentUrl":"https:\/\/www.urbanspot.si\/wp-content\/uploads\/urbanspot-logo.svg","width":185,"height":40,"caption":"UrbanSpot"},"image":{"@id":"https:\/\/www.urbanspot.si\/#\/schema\/logo\/image\/"},"sameAs":["https:\/\/www.facebook.com\/urbanspot.si"]}]}},"_links":{"self":[{"href":"https:\/\/www.urbanspot.si\/hr\/wp-json\/wp\/v2\/product\/16619","targetHints":{"allow":["GET"]}}],"collection":[{"href":"https:\/\/www.urbanspot.si\/hr\/wp-json\/wp\/v2\/product"}],"about":[{"href":"https:\/\/www.urbanspot.si\/hr\/wp-json\/wp\/v2\/types\/product"}],"replies":[{"embeddable":true,"href":"https:\/\/www.urbanspot.si\/hr\/wp-json\/wp\/v2\/comments?post=16619"}],"version-history":[{"count":4,"href":"https:\/\/www.urbanspot.si\/hr\/wp-json\/wp\/v2\/product\/16619\/revisions"}],"predecessor-version":[{"id":18750,"href":"https:\/\/www.urbanspot.si\/hr\/wp-json\/wp\/v2\/product\/16619\/revisions\/18750"}],"wp:featuredmedia":[{"embeddable":true,"href":"https:\/\/www.urbanspot.si\/hr\/wp-json\/wp\/v2\/media\/16621"}],"wp:attachment":[{"href":"https:\/\/www.urbanspot.si\/hr\/wp-json\/wp\/v2\/media?parent=16619"}],"wp:term":[{"taxonomy":"product_brand","embeddable":true,"href":"https:\/\/www.urbanspot.si\/hr\/wp-json\/wp\/v2\/product_brand?post=16619"},{"taxonomy":"product_cat","embeddable":true,"href":"https:\/\/www.urbanspot.si\/hr\/wp-json\/wp\/v2\/product_cat?post=16619"},{"taxonomy":"product_tag","embeddable":true,"href":"https:\/\/www.urbanspot.si\/hr\/wp-json\/wp\/v2\/product_tag?post=16619"}],"curies":[{"name":"radni list","href":"https:\/\/api.w.org\/{rel}","templated":true}]}}