{"id":16678,"date":"2024-05-22T14:47:40","date_gmt":"2024-05-22T13:47:40","guid":{"rendered":"https:\/\/www.urbanspot.si\/product\/ovitek-za-prenosnike-karl-lagerfeld-sleeve-black-do-14\/"},"modified":"2026-03-19T16:03:41","modified_gmt":"2026-03-19T14:03:41","slug":"navlaka-za-laptop-karl-lagerfeld-crna-do-14","status":"publish","type":"product","link":"https:\/\/www.urbanspot.si\/hr\/produkt\/ovitek-za-prenosnike-karl-lagerfeld-sleeve-black-do-14\/","title":{"rendered":"Karl Lagerfeld Sleeve crna torba za laptop, do 14&quot;"},"content":{"rendered":"<p>Zna\u010dajke:<\/p>\n<ul>\n<li>Materijal: Visokokvalitetna Saffiano eko ko\u017ea<\/li>\n<li>Vrsta: Torba za tablet i laptop<\/li>\n<li>Boja: Siva s 3D logotipom<\/li>\n<li>Dimenzije: 39,5 x 2 x 27,5 cm<\/li>\n<li>Broj ladica: 1\u00a0<\/li>\n<li>Pogodno za: MacBook Pro, MacBook Air i ostale ure\u0111aje do <span class=\"Y2IQFc\" lang=\"sl\">14\u2033<\/span><\/li>\n<li>Magnetsko zatvaranje<\/li>\n<li>Jedinstveni dizajn<\/li>\n<li>Proizvod proizveden pod licencom Karla Lagerfelda<\/li>\n<\/ul>\n<pre id=\"tw-target-text\" class=\"tw-data-text tw-text-large tw-ta\" dir=\"ltr\" data-placeholder=\"Translation\">\u00a0<\/pre>","protected":false},"excerpt":{"rendered":"<p>Elegantno pokrivalo dizajnirano za 14-in\u010dni laptop\/tablet. Precizni dizajn i elegantan izgled za\u0161titni su znakovi Karl Lagerfeld proizvoda. Brendirano futrolo za tablet s magnetskom kop\u010dom izra\u0111eno je od visokokvalitetne ekolo\u0161ke Saffiano ko\u017ee, ukra\u0161eno logotipom Karl Lagerfeld.<\/p>","protected":false},"featured_media":16680,"comment_status":"closed","ping_status":"closed","template":"","meta":[],"product_brand":[],"product_cat":[551,560,91,140],"product_tag":[],"class_list":{"0":"post-16678","1":"product","2":"type-product","3":"status-publish","4":"has-post-thumbnail","6":"product_cat-ovitek-za-prenosnike","7":"product_cat-ovitki-za-telefone","8":"product_cat-razprodaja","9":"product_cat-torbe","11":"first","12":"instock","13":"sale","14":"taxable","15":"shipping-taxable","16":"purchasable","17":"product-type-simple"},"yoast_head":"<!-- This site is optimized with the Yoast SEO plugin v27.2 - https:\/\/yoast.com\/product\/yoast-seo-wordpress\/ -->\n<title>Ovitek za prenosnike Karl Lagerfeld Sleeve Black, do 14&quot; -<\/title>\n<meta name=\"robots\" content=\"index, follow, max-snippet:-1, max-image-preview:large, max-video-preview:-1\" \/>\n<link rel=\"canonical\" href=\"https:\/\/www.urbanspot.si\/hr\/proizvod-2\/navlaka-za-laptop-karl-lagerfeld-crna-do-14\/\" \/>\n<meta property=\"og:locale\" content=\"hr_HR\" \/>\n<meta property=\"og:type\" content=\"article\" \/>\n<meta property=\"og:title\" content=\"Ovitek za prenosnike Karl Lagerfeld Sleeve Black, do 14&quot; -\" \/>\n<meta property=\"og:description\" content=\"Eleganten ovitek zasnovan za 14-pal\u010dni prenosnik\/tabli\u010dni ra\u010dunalnik. Natan\u010den dizajn in eleganten videz sta prednosti izdelkov Karl Lagerfeld. Etui za tabli\u010dne ra\u010dunalnike z blagovno znamko z magnetno zaponko je izdelan iz visokokakovostnega ekolo\u0161kega usnja Saffiano, okra\u0161eno z logotipom Karl Lagerfeld.\" \/>\n<meta property=\"og:url\" content=\"https:\/\/www.urbanspot.si\/hr\/proizvod-2\/navlaka-za-laptop-karl-lagerfeld-crna-do-14\/\" \/>\n<meta property=\"article:publisher\" content=\"https:\/\/www.facebook.com\/urbanspot.si\" \/>\n<meta property=\"article:modified_time\" content=\"2026-03-19T14:03:41+00:00\" \/>\n<meta property=\"og:image\" content=\"https:\/\/www.urbanspot.si\/wp-content\/uploads\/ovitek-za-prenosnike-karl-lagerfeld-sleeve-black-do-14.jpg\" \/>\n\t<meta property=\"og:image:width\" content=\"1200\" \/>\n\t<meta property=\"og:image:height\" content=\"1200\" \/>\n\t<meta property=\"og:image:type\" content=\"image\/jpeg\" \/>\n<meta name=\"twitter:card\" content=\"summary_large_image\" \/>\n<script type=\"application\/ld+json\" class=\"yoast-schema-graph\">{\"@context\":\"https:\/\/schema.org\",\"@graph\":[{\"@type\":\"WebPage\",\"@id\":\"https:\/\/www.urbanspot.si\/produkt\/ovitek-za-prenosnike-karl-lagerfeld-sleeve-black-do-14\/\",\"url\":\"https:\/\/www.urbanspot.si\/produkt\/ovitek-za-prenosnike-karl-lagerfeld-sleeve-black-do-14\/\",\"name\":\"Ovitek za prenosnike Karl Lagerfeld Sleeve Black, do 14\\\" -\",\"isPartOf\":{\"@id\":\"https:\/\/www.urbanspot.si\/#website\"},\"primaryImageOfPage\":{\"@id\":\"https:\/\/www.urbanspot.si\/produkt\/ovitek-za-prenosnike-karl-lagerfeld-sleeve-black-do-14\/#primaryimage\"},\"image\":{\"@id\":\"https:\/\/www.urbanspot.si\/produkt\/ovitek-za-prenosnike-karl-lagerfeld-sleeve-black-do-14\/#primaryimage\"},\"thumbnailUrl\":\"https:\/\/www.urbanspot.si\/wp-content\/uploads\/ovitek-za-prenosnike-karl-lagerfeld-sleeve-black-do-14.jpg\",\"datePublished\":\"2024-05-22T13:47:40+00:00\",\"dateModified\":\"2026-03-19T14:03:41+00:00\",\"breadcrumb\":{\"@id\":\"https:\/\/www.urbanspot.si\/produkt\/ovitek-za-prenosnike-karl-lagerfeld-sleeve-black-do-14\/#breadcrumb\"},\"inLanguage\":\"hr\",\"potentialAction\":[{\"@type\":\"ReadAction\",\"target\":[\"https:\/\/www.urbanspot.si\/produkt\/ovitek-za-prenosnike-karl-lagerfeld-sleeve-black-do-14\/\"]}]},{\"@type\":\"ImageObject\",\"inLanguage\":\"hr\",\"@id\":\"https:\/\/www.urbanspot.si\/produkt\/ovitek-za-prenosnike-karl-lagerfeld-sleeve-black-do-14\/#primaryimage\",\"url\":\"https:\/\/www.urbanspot.si\/wp-content\/uploads\/ovitek-za-prenosnike-karl-lagerfeld-sleeve-black-do-14.jpg\",\"contentUrl\":\"https:\/\/www.urbanspot.si\/wp-content\/uploads\/ovitek-za-prenosnike-karl-lagerfeld-sleeve-black-do-14.jpg\",\"width\":1200,\"height\":1200,\"caption\":\"Ovitek za prenosnike Karl Lagerfeld Sleeve Black\"},{\"@type\":\"BreadcrumbList\",\"@id\":\"https:\/\/www.urbanspot.si\/produkt\/ovitek-za-prenosnike-karl-lagerfeld-sleeve-black-do-14\/#breadcrumb\",\"itemListElement\":[{\"@type\":\"ListItem\",\"position\":1,\"name\":\"Home\",\"item\":\"https:\/\/www.urbanspot.si\/\"},{\"@type\":\"ListItem\",\"position\":2,\"name\":\"Shop\",\"item\":\"https:\/\/www.urbanspot.si\/shop\/\"},{\"@type\":\"ListItem\",\"position\":3,\"name\":\"Ovitek za prenosnike Karl Lagerfeld Sleeve Black, do 14&#8243;\"}]},{\"@type\":\"WebSite\",\"@id\":\"https:\/\/www.urbanspot.si\/#website\",\"url\":\"https:\/\/www.urbanspot.si\/\",\"name\":\"UrbanSpot\",\"description\":\"\",\"publisher\":{\"@id\":\"https:\/\/www.urbanspot.si\/#organization\"},\"potentialAction\":[{\"@type\":\"SearchAction\",\"target\":{\"@type\":\"EntryPoint\",\"urlTemplate\":\"https:\/\/www.urbanspot.si\/?s={search_term_string}\"},\"query-input\":{\"@type\":\"PropertyValueSpecification\",\"valueRequired\":true,\"valueName\":\"search_term_string\"}}],\"inLanguage\":\"hr\"},{\"@type\":\"Organization\",\"@id\":\"https:\/\/www.urbanspot.si\/#organization\",\"name\":\"UrbanSpot\",\"url\":\"https:\/\/www.urbanspot.si\/\",\"logo\":{\"@type\":\"ImageObject\",\"inLanguage\":\"hr\",\"@id\":\"https:\/\/www.urbanspot.si\/#\/schema\/logo\/image\/\",\"url\":\"https:\/\/www.urbanspot.si\/wp-content\/uploads\/urbanspot-logo.svg\",\"contentUrl\":\"https:\/\/www.urbanspot.si\/wp-content\/uploads\/urbanspot-logo.svg\",\"width\":185,\"height\":40,\"caption\":\"UrbanSpot\"},\"image\":{\"@id\":\"https:\/\/www.urbanspot.si\/#\/schema\/logo\/image\/\"},\"sameAs\":[\"https:\/\/www.facebook.com\/urbanspot.si\"]}]}<\/script>\n<!-- \/ Yoast SEO plugin. -->","yoast_head_json":{"title":"Karl Lagerfeld crna navlaka za laptop, do 14\" -","robots":{"index":"index","follow":"follow","max-snippet":"max-snippet:-1","max-image-preview":"max-image-preview:large","max-video-preview":"max-video-preview:-1"},"canonical":"https:\/\/www.urbanspot.si\/hr\/proizvod-2\/navlaka-za-laptop-karl-lagerfeld-crna-do-14\/","og_locale":"hr_HR","og_type":"article","og_title":"Ovitek za prenosnike Karl Lagerfeld Sleeve Black, do 14\" -","og_description":"Eleganten ovitek zasnovan za 14-pal\u010dni prenosnik\/tabli\u010dni ra\u010dunalnik. Natan\u010den dizajn in eleganten videz sta prednosti izdelkov Karl Lagerfeld. Etui za tabli\u010dne ra\u010dunalnike z blagovno znamko z magnetno zaponko je izdelan iz visokokakovostnega ekolo\u0161kega usnja Saffiano, okra\u0161eno z logotipom Karl Lagerfeld.","og_url":"https:\/\/www.urbanspot.si\/hr\/proizvod-2\/navlaka-za-laptop-karl-lagerfeld-crna-do-14\/","article_publisher":"https:\/\/www.facebook.com\/urbanspot.si","article_modified_time":"2026-03-19T14:03:41+00:00","og_image":[{"width":1200,"height":1200,"url":"https:\/\/www.urbanspot.si\/wp-content\/uploads\/ovitek-za-prenosnike-karl-lagerfeld-sleeve-black-do-14.jpg","type":"image\/jpeg"}],"twitter_card":"summary_large_image","schema":{"@context":"https:\/\/schema.org","@graph":[{"@type":"WebPage","@id":"https:\/\/www.urbanspot.si\/produkt\/ovitek-za-prenosnike-karl-lagerfeld-sleeve-black-do-14\/","url":"https:\/\/www.urbanspot.si\/produkt\/ovitek-za-prenosnike-karl-lagerfeld-sleeve-black-do-14\/","name":"Karl Lagerfeld crna navlaka za laptop, do 14\" -","isPartOf":{"@id":"https:\/\/www.urbanspot.si\/#website"},"primaryImageOfPage":{"@id":"https:\/\/www.urbanspot.si\/produkt\/ovitek-za-prenosnike-karl-lagerfeld-sleeve-black-do-14\/#primaryimage"},"image":{"@id":"https:\/\/www.urbanspot.si\/produkt\/ovitek-za-prenosnike-karl-lagerfeld-sleeve-black-do-14\/#primaryimage"},"thumbnailUrl":"https:\/\/www.urbanspot.si\/wp-content\/uploads\/ovitek-za-prenosnike-karl-lagerfeld-sleeve-black-do-14.jpg","datePublished":"2024-05-22T13:47:40+00:00","dateModified":"2026-03-19T14:03:41+00:00","breadcrumb":{"@id":"https:\/\/www.urbanspot.si\/produkt\/ovitek-za-prenosnike-karl-lagerfeld-sleeve-black-do-14\/#breadcrumb"},"inLanguage":"hr","potentialAction":[{"@type":"ReadAction","target":["https:\/\/www.urbanspot.si\/produkt\/ovitek-za-prenosnike-karl-lagerfeld-sleeve-black-do-14\/"]}]},{"@type":"ImageObject","inLanguage":"hr","@id":"https:\/\/www.urbanspot.si\/produkt\/ovitek-za-prenosnike-karl-lagerfeld-sleeve-black-do-14\/#primaryimage","url":"https:\/\/www.urbanspot.si\/wp-content\/uploads\/ovitek-za-prenosnike-karl-lagerfeld-sleeve-black-do-14.jpg","contentUrl":"https:\/\/www.urbanspot.si\/wp-content\/uploads\/ovitek-za-prenosnike-karl-lagerfeld-sleeve-black-do-14.jpg","width":1200,"height":1200,"caption":"Ovitek za prenosnike Karl Lagerfeld Sleeve Black"},{"@type":"BreadcrumbList","@id":"https:\/\/www.urbanspot.si\/produkt\/ovitek-za-prenosnike-karl-lagerfeld-sleeve-black-do-14\/#breadcrumb","itemListElement":[{"@type":"ListItem","position":1,"name":"Home","item":"https:\/\/www.urbanspot.si\/"},{"@type":"ListItem","position":2,"name":"Shop","item":"https:\/\/www.urbanspot.si\/shop\/"},{"@type":"ListItem","position":3,"name":"Ovitek za prenosnike Karl Lagerfeld Sleeve Black, do 14&#8243;"}]},{"@type":"WebSite","@id":"https:\/\/www.urbanspot.si\/#website","url":"https:\/\/www.urbanspot.si\/","name":"UrbanSpot","description":"","publisher":{"@id":"https:\/\/www.urbanspot.si\/#organization"},"potentialAction":[{"@type":"SearchAction","target":{"@type":"EntryPoint","urlTemplate":"https:\/\/www.urbanspot.si\/?s={search_term_string}"},"query-input":{"@type":"PropertyValueSpecification","valueRequired":true,"valueName":"search_term_string"}}],"inLanguage":"hr"},{"@type":"Organization","@id":"https:\/\/www.urbanspot.si\/#organization","name":"UrbanSpot","url":"https:\/\/www.urbanspot.si\/","logo":{"@type":"ImageObject","inLanguage":"hr","@id":"https:\/\/www.urbanspot.si\/#\/schema\/logo\/image\/","url":"https:\/\/www.urbanspot.si\/wp-content\/uploads\/urbanspot-logo.svg","contentUrl":"https:\/\/www.urbanspot.si\/wp-content\/uploads\/urbanspot-logo.svg","width":185,"height":40,"caption":"UrbanSpot"},"image":{"@id":"https:\/\/www.urbanspot.si\/#\/schema\/logo\/image\/"},"sameAs":["https:\/\/www.facebook.com\/urbanspot.si"]}]}},"_links":{"self":[{"href":"https:\/\/www.urbanspot.si\/hr\/wp-json\/wp\/v2\/product\/16678","targetHints":{"allow":["GET"]}}],"collection":[{"href":"https:\/\/www.urbanspot.si\/hr\/wp-json\/wp\/v2\/product"}],"about":[{"href":"https:\/\/www.urbanspot.si\/hr\/wp-json\/wp\/v2\/types\/product"}],"replies":[{"embeddable":true,"href":"https:\/\/www.urbanspot.si\/hr\/wp-json\/wp\/v2\/comments?post=16678"}],"version-history":[{"count":1,"href":"https:\/\/www.urbanspot.si\/hr\/wp-json\/wp\/v2\/product\/16678\/revisions"}],"predecessor-version":[{"id":16679,"href":"https:\/\/www.urbanspot.si\/hr\/wp-json\/wp\/v2\/product\/16678\/revisions\/16679"}],"wp:featuredmedia":[{"embeddable":true,"href":"https:\/\/www.urbanspot.si\/hr\/wp-json\/wp\/v2\/media\/16680"}],"wp:attachment":[{"href":"https:\/\/www.urbanspot.si\/hr\/wp-json\/wp\/v2\/media?parent=16678"}],"wp:term":[{"taxonomy":"product_brand","embeddable":true,"href":"https:\/\/www.urbanspot.si\/hr\/wp-json\/wp\/v2\/product_brand?post=16678"},{"taxonomy":"product_cat","embeddable":true,"href":"https:\/\/www.urbanspot.si\/hr\/wp-json\/wp\/v2\/product_cat?post=16678"},{"taxonomy":"product_tag","embeddable":true,"href":"https:\/\/www.urbanspot.si\/hr\/wp-json\/wp\/v2\/product_tag?post=16678"}],"curies":[{"name":"radni list","href":"https:\/\/api.w.org\/{rel}","templated":true}]}}