{"id":16737,"date":"2024-05-22T14:48:00","date_gmt":"2024-05-22T13:48:00","guid":{"rendered":"https:\/\/www.urbanspot.si\/product\/panzerglass-ceramic-zascitno-steklo-iphone-15-pro-max\/"},"modified":"2026-03-19T16:03:40","modified_gmt":"2026-03-19T14:03:40","slug":"panzerglass-keramicko-zastitno-staklo-za-iphone-15-pro-max","status":"publish","type":"product","link":"https:\/\/www.urbanspot.si\/hr\/produkt\/panzerglass-ceramic-zascitno-steklo-iphone-15-pro-max\/","title":{"rendered":"Panzerglass kerami\u010dko za\u0161titno staklo, iPhone 15 Pro Max"},"content":{"rendered":"<p>Za\u0161titno staklo marke Panzerglass bit \u0107e vrhunska za\u0161tita za va\u0161 pametni telefon. Staklo je gotovo nevidljivo na ure\u0111aju, a ugradnja je vrlo jednostavna. Uz iznimnu izdr\u017eljivost i za\u0161titu od pucanja zaslona, ova inovativna za\u0161tita nudi i jednostavnu ugradnju i savr\u0161eno prianjanje. Osim toga, otporna je na otiske prstiju i bakterije.<\/p>\n<p>\u00a0<\/p>\n<ul>\n<li>Pru\u017ea za\u0161titu od prskanja i manjih udaraca<\/li>\n<li>Visokokvalitetno kaljeno staklo<\/li>\n<li>Jednostavna instalacija<\/li>\n<li>Neprekidno kori\u0161tenje ekrana<\/li>\n<\/ul>\n<p>Paket uklju\u010duje:<\/p>\n<ul>\n<li>1x za\u0161titno staklo<\/li>\n<li>1x Set za \u010di\u0161\u0107enje ekrana<\/li>\n<li>1x Aplikator za postavljanje za\u0161titnog stakla<\/li>\n<\/ul>","protected":false},"excerpt":{"rendered":"<p>Panzerglass kerami\u010dko za\u0161titno staklo, izra\u0111eno od certificiranog japanskog stakla, nudi va\u0161em telefonu vrhunsku za\u0161titu od ne\u017eeljenih ogrebotina i udaraca bez ugro\u017eavanja pune osjetljivosti na dodir.<\/p>","protected":false},"featured_media":16739,"comment_status":"closed","ping_status":"closed","template":"","meta":[],"product_brand":[],"product_cat":[92,93,459,559],"product_tag":[],"class_list":{"0":"post-16737","1":"product","2":"type-product","3":"status-publish","4":"has-post-thumbnail","6":"product_cat-apple","7":"product_cat-apple-iphone-15-serija","8":"product_cat-iphone-15-pro-max","9":"product_cat-zascitna-stekla","10":"pa_primerno-za-model-iphone-15-pro-max","11":"pa_primerno-za-proizvajalca-apple","13":"first","14":"instock","15":"sale","16":"taxable","17":"shipping-taxable","18":"purchasable","19":"product-type-simple"},"yoast_head":"<!-- This site is optimized with the Yoast SEO plugin v27.4 - https:\/\/yoast.com\/product\/yoast-seo-wordpress\/ -->\n<title>Panzerglass Ceramic za\u0161\u010ditno steklo, Iphone 15 Pro Max -<\/title>\n<meta name=\"robots\" content=\"index, follow, max-snippet:-1, max-image-preview:large, max-video-preview:-1\" \/>\n<link rel=\"canonical\" href=\"https:\/\/www.urbanspot.si\/hr\/proizvod-2\/panzerglass-keramicko-zastitno-staklo-za-iphone-15-pro-max\/\" \/>\n<meta property=\"og:locale\" content=\"hr_HR\" \/>\n<meta property=\"og:type\" content=\"article\" \/>\n<meta property=\"og:title\" content=\"Panzerglass Ceramic za\u0161\u010ditno steklo, Iphone 15 Pro Max -\" \/>\n<meta property=\"og:description\" content=\"Panzerglass kerami\u010dno za\u0161\u010ditno steklo, izdelano iz certificiranega japonskega stekla, ki va\u0161emu telefonu nudi vrhunsko za\u0161\u010dito pred neza\u017eelenimi praskami in udarci, ne da bi pri tem ogrozilo njegovo popolno ob\u010dutljivost na dotik.\" \/>\n<meta property=\"og:url\" content=\"https:\/\/www.urbanspot.si\/hr\/proizvod-2\/panzerglass-keramicko-zastitno-staklo-za-iphone-15-pro-max\/\" \/>\n<meta property=\"article:publisher\" content=\"https:\/\/www.facebook.com\/urbanspot.si\" \/>\n<meta property=\"article:modified_time\" content=\"2026-03-19T14:03:40+00:00\" \/>\n<meta property=\"og:image\" content=\"https:\/\/www.urbanspot.si\/wp-content\/uploads\/panzerglass-ceramic-zascitno-steklo-iphone-15-pro-max.jpg\" \/>\n\t<meta property=\"og:image:width\" content=\"600\" \/>\n\t<meta property=\"og:image:height\" content=\"600\" \/>\n\t<meta property=\"og:image:type\" content=\"image\/jpeg\" \/>\n<meta name=\"twitter:card\" content=\"summary_large_image\" \/>\n<script type=\"application\/ld+json\" class=\"yoast-schema-graph\">{\"@context\":\"https:\\\/\\\/schema.org\",\"@graph\":[{\"@type\":\"WebPage\",\"@id\":\"https:\\\/\\\/www.urbanspot.si\\\/produkt\\\/panzerglass-ceramic-zascitno-steklo-iphone-15-pro-max\\\/\",\"url\":\"https:\\\/\\\/www.urbanspot.si\\\/produkt\\\/panzerglass-ceramic-zascitno-steklo-iphone-15-pro-max\\\/\",\"name\":\"Panzerglass Ceramic za\u0161\u010ditno steklo, Iphone 15 Pro Max -\",\"isPartOf\":{\"@id\":\"https:\\\/\\\/www.urbanspot.si\\\/#website\"},\"primaryImageOfPage\":{\"@id\":\"https:\\\/\\\/www.urbanspot.si\\\/produkt\\\/panzerglass-ceramic-zascitno-steklo-iphone-15-pro-max\\\/#primaryimage\"},\"image\":{\"@id\":\"https:\\\/\\\/www.urbanspot.si\\\/produkt\\\/panzerglass-ceramic-zascitno-steklo-iphone-15-pro-max\\\/#primaryimage\"},\"thumbnailUrl\":\"https:\\\/\\\/www.urbanspot.si\\\/wp-content\\\/uploads\\\/panzerglass-ceramic-zascitno-steklo-iphone-15-pro-max.jpg\",\"datePublished\":\"2024-05-22T13:48:00+00:00\",\"dateModified\":\"2026-03-19T14:03:40+00:00\",\"breadcrumb\":{\"@id\":\"https:\\\/\\\/www.urbanspot.si\\\/produkt\\\/panzerglass-ceramic-zascitno-steklo-iphone-15-pro-max\\\/#breadcrumb\"},\"inLanguage\":\"hr\",\"potentialAction\":[{\"@type\":\"ReadAction\",\"target\":[\"https:\\\/\\\/www.urbanspot.si\\\/produkt\\\/panzerglass-ceramic-zascitno-steklo-iphone-15-pro-max\\\/\"]}]},{\"@type\":\"ImageObject\",\"inLanguage\":\"hr\",\"@id\":\"https:\\\/\\\/www.urbanspot.si\\\/produkt\\\/panzerglass-ceramic-zascitno-steklo-iphone-15-pro-max\\\/#primaryimage\",\"url\":\"https:\\\/\\\/www.urbanspot.si\\\/wp-content\\\/uploads\\\/panzerglass-ceramic-zascitno-steklo-iphone-15-pro-max.jpg\",\"contentUrl\":\"https:\\\/\\\/www.urbanspot.si\\\/wp-content\\\/uploads\\\/panzerglass-ceramic-zascitno-steklo-iphone-15-pro-max.jpg\",\"width\":600,\"height\":600,\"caption\":\"Panzerglass Ceramic za\u0161\u010ditno steklo\"},{\"@type\":\"BreadcrumbList\",\"@id\":\"https:\\\/\\\/www.urbanspot.si\\\/produkt\\\/panzerglass-ceramic-zascitno-steklo-iphone-15-pro-max\\\/#breadcrumb\",\"itemListElement\":[{\"@type\":\"ListItem\",\"position\":1,\"name\":\"Home\",\"item\":\"https:\\\/\\\/www.urbanspot.si\\\/\"},{\"@type\":\"ListItem\",\"position\":2,\"name\":\"Shop\",\"item\":\"https:\\\/\\\/www.urbanspot.si\\\/shop\\\/\"},{\"@type\":\"ListItem\",\"position\":3,\"name\":\"Panzerglass Ceramic za\u0161\u010ditno steklo, Iphone 15 Pro Max\"}]},{\"@type\":\"WebSite\",\"@id\":\"https:\\\/\\\/www.urbanspot.si\\\/#website\",\"url\":\"https:\\\/\\\/www.urbanspot.si\\\/\",\"name\":\"UrbanSpot\",\"description\":\"\",\"publisher\":{\"@id\":\"https:\\\/\\\/www.urbanspot.si\\\/#organization\"},\"potentialAction\":[{\"@type\":\"SearchAction\",\"target\":{\"@type\":\"EntryPoint\",\"urlTemplate\":\"https:\\\/\\\/www.urbanspot.si\\\/?s={search_term_string}\"},\"query-input\":{\"@type\":\"PropertyValueSpecification\",\"valueRequired\":true,\"valueName\":\"search_term_string\"}}],\"inLanguage\":\"hr\"},{\"@type\":\"Organization\",\"@id\":\"https:\\\/\\\/www.urbanspot.si\\\/#organization\",\"name\":\"UrbanSpot\",\"url\":\"https:\\\/\\\/www.urbanspot.si\\\/\",\"logo\":{\"@type\":\"ImageObject\",\"inLanguage\":\"hr\",\"@id\":\"https:\\\/\\\/www.urbanspot.si\\\/#\\\/schema\\\/logo\\\/image\\\/\",\"url\":\"https:\\\/\\\/www.urbanspot.si\\\/wp-content\\\/uploads\\\/urbanspot-logo.svg\",\"contentUrl\":\"https:\\\/\\\/www.urbanspot.si\\\/wp-content\\\/uploads\\\/urbanspot-logo.svg\",\"width\":185,\"height\":40,\"caption\":\"UrbanSpot\"},\"image\":{\"@id\":\"https:\\\/\\\/www.urbanspot.si\\\/#\\\/schema\\\/logo\\\/image\\\/\"},\"sameAs\":[\"https:\\\/\\\/www.facebook.com\\\/urbanspot.si\"]}]}<\/script>\n<!-- \/ Yoast SEO plugin. -->","yoast_head_json":{"title":"Panzerglass Ceramic za\u0161\u010ditno steklo, Iphone 15 Pro Max -","robots":{"index":"index","follow":"follow","max-snippet":"max-snippet:-1","max-image-preview":"max-image-preview:large","max-video-preview":"max-video-preview:-1"},"canonical":"https:\/\/www.urbanspot.si\/hr\/proizvod-2\/panzerglass-keramicko-zastitno-staklo-za-iphone-15-pro-max\/","og_locale":"hr_HR","og_type":"article","og_title":"Panzerglass Ceramic za\u0161\u010ditno steklo, Iphone 15 Pro Max -","og_description":"Panzerglass kerami\u010dno za\u0161\u010ditno steklo, izdelano iz certificiranega japonskega stekla, ki va\u0161emu telefonu nudi vrhunsko za\u0161\u010dito pred neza\u017eelenimi praskami in udarci, ne da bi pri tem ogrozilo njegovo popolno ob\u010dutljivost na dotik.","og_url":"https:\/\/www.urbanspot.si\/hr\/proizvod-2\/panzerglass-keramicko-zastitno-staklo-za-iphone-15-pro-max\/","article_publisher":"https:\/\/www.facebook.com\/urbanspot.si","article_modified_time":"2026-03-19T14:03:40+00:00","og_image":[{"width":600,"height":600,"url":"https:\/\/www.urbanspot.si\/wp-content\/uploads\/panzerglass-ceramic-zascitno-steklo-iphone-15-pro-max.jpg","type":"image\/jpeg"}],"twitter_card":"summary_large_image","schema":{"@context":"https:\/\/schema.org","@graph":[{"@type":"WebPage","@id":"https:\/\/www.urbanspot.si\/produkt\/panzerglass-ceramic-zascitno-steklo-iphone-15-pro-max\/","url":"https:\/\/www.urbanspot.si\/produkt\/panzerglass-ceramic-zascitno-steklo-iphone-15-pro-max\/","name":"Panzerglass Ceramic za\u0161\u010ditno steklo, Iphone 15 Pro Max -","isPartOf":{"@id":"https:\/\/www.urbanspot.si\/#website"},"primaryImageOfPage":{"@id":"https:\/\/www.urbanspot.si\/produkt\/panzerglass-ceramic-zascitno-steklo-iphone-15-pro-max\/#primaryimage"},"image":{"@id":"https:\/\/www.urbanspot.si\/produkt\/panzerglass-ceramic-zascitno-steklo-iphone-15-pro-max\/#primaryimage"},"thumbnailUrl":"https:\/\/www.urbanspot.si\/wp-content\/uploads\/panzerglass-ceramic-zascitno-steklo-iphone-15-pro-max.jpg","datePublished":"2024-05-22T13:48:00+00:00","dateModified":"2026-03-19T14:03:40+00:00","breadcrumb":{"@id":"https:\/\/www.urbanspot.si\/produkt\/panzerglass-ceramic-zascitno-steklo-iphone-15-pro-max\/#breadcrumb"},"inLanguage":"hr","potentialAction":[{"@type":"ReadAction","target":["https:\/\/www.urbanspot.si\/produkt\/panzerglass-ceramic-zascitno-steklo-iphone-15-pro-max\/"]}]},{"@type":"ImageObject","inLanguage":"hr","@id":"https:\/\/www.urbanspot.si\/produkt\/panzerglass-ceramic-zascitno-steklo-iphone-15-pro-max\/#primaryimage","url":"https:\/\/www.urbanspot.si\/wp-content\/uploads\/panzerglass-ceramic-zascitno-steklo-iphone-15-pro-max.jpg","contentUrl":"https:\/\/www.urbanspot.si\/wp-content\/uploads\/panzerglass-ceramic-zascitno-steklo-iphone-15-pro-max.jpg","width":600,"height":600,"caption":"Panzerglass Ceramic za\u0161\u010ditno steklo"},{"@type":"BreadcrumbList","@id":"https:\/\/www.urbanspot.si\/produkt\/panzerglass-ceramic-zascitno-steklo-iphone-15-pro-max\/#breadcrumb","itemListElement":[{"@type":"ListItem","position":1,"name":"Home","item":"https:\/\/www.urbanspot.si\/"},{"@type":"ListItem","position":2,"name":"Shop","item":"https:\/\/www.urbanspot.si\/shop\/"},{"@type":"ListItem","position":3,"name":"Panzerglass Ceramic za\u0161\u010ditno steklo, Iphone 15 Pro Max"}]},{"@type":"WebSite","@id":"https:\/\/www.urbanspot.si\/#website","url":"https:\/\/www.urbanspot.si\/","name":"UrbanSpot","description":"","publisher":{"@id":"https:\/\/www.urbanspot.si\/#organization"},"potentialAction":[{"@type":"SearchAction","target":{"@type":"EntryPoint","urlTemplate":"https:\/\/www.urbanspot.si\/?s={search_term_string}"},"query-input":{"@type":"PropertyValueSpecification","valueRequired":true,"valueName":"search_term_string"}}],"inLanguage":"hr"},{"@type":"Organization","@id":"https:\/\/www.urbanspot.si\/#organization","name":"UrbanSpot","url":"https:\/\/www.urbanspot.si\/","logo":{"@type":"ImageObject","inLanguage":"hr","@id":"https:\/\/www.urbanspot.si\/#\/schema\/logo\/image\/","url":"https:\/\/www.urbanspot.si\/wp-content\/uploads\/urbanspot-logo.svg","contentUrl":"https:\/\/www.urbanspot.si\/wp-content\/uploads\/urbanspot-logo.svg","width":185,"height":40,"caption":"UrbanSpot"},"image":{"@id":"https:\/\/www.urbanspot.si\/#\/schema\/logo\/image\/"},"sameAs":["https:\/\/www.facebook.com\/urbanspot.si"]}]}},"_links":{"self":[{"href":"https:\/\/www.urbanspot.si\/hr\/wp-json\/wp\/v2\/product\/16737","targetHints":{"allow":["GET"]}}],"collection":[{"href":"https:\/\/www.urbanspot.si\/hr\/wp-json\/wp\/v2\/product"}],"about":[{"href":"https:\/\/www.urbanspot.si\/hr\/wp-json\/wp\/v2\/types\/product"}],"replies":[{"embeddable":true,"href":"https:\/\/www.urbanspot.si\/hr\/wp-json\/wp\/v2\/comments?post=16737"}],"version-history":[{"count":1,"href":"https:\/\/www.urbanspot.si\/hr\/wp-json\/wp\/v2\/product\/16737\/revisions"}],"predecessor-version":[{"id":16738,"href":"https:\/\/www.urbanspot.si\/hr\/wp-json\/wp\/v2\/product\/16737\/revisions\/16738"}],"wp:featuredmedia":[{"embeddable":true,"href":"https:\/\/www.urbanspot.si\/hr\/wp-json\/wp\/v2\/media\/16739"}],"wp:attachment":[{"href":"https:\/\/www.urbanspot.si\/hr\/wp-json\/wp\/v2\/media?parent=16737"}],"wp:term":[{"taxonomy":"product_brand","embeddable":true,"href":"https:\/\/www.urbanspot.si\/hr\/wp-json\/wp\/v2\/product_brand?post=16737"},{"taxonomy":"product_cat","embeddable":true,"href":"https:\/\/www.urbanspot.si\/hr\/wp-json\/wp\/v2\/product_cat?post=16737"},{"taxonomy":"product_tag","embeddable":true,"href":"https:\/\/www.urbanspot.si\/hr\/wp-json\/wp\/v2\/product_tag?post=16737"}],"curies":[{"name":"radni list","href":"https:\/\/api.w.org\/{rel}","templated":true}]}}