{"id":16788,"date":"2024-05-22T14:48:15","date_gmt":"2024-05-22T13:48:15","guid":{"rendered":"https:\/\/www.urbanspot.si\/product\/torbica-guess-trangle-4g-purple-za-mobilni-telefon\/"},"modified":"2026-03-18T15:52:27","modified_gmt":"2026-03-18T13:52:27","slug":"pogodi-trangle-4g-purple-futrola-za-mobitel","status":"publish","type":"product","link":"https:\/\/www.urbanspot.si\/hr\/produkt\/torbica-guess-trangle-4g-purple-za-mobilni-telefon\/","title":{"rendered":"Torba GUESS Trangle 4G ljubi\u010dasta, za mobitel"},"content":{"rendered":"<p>Futrola za telefon - elegantna kolekcija sa zlatnim Guess logotipom. Brend Guess ve\u0107 je desetlje\u0107ima sinonim za savr\u0161en dizajn i najvi\u0161u kvalitetu. Nova kolekcija za\u0161titnih 4G futrola za telefone temelji se na istim vrijednostima. Karakterizira je otisnuti 4G logotip s luksuznom teksturom ko\u017ee.<\/p>\n<p>\u00a0<\/p>\n<p><strong>Zna\u010dajke:<\/strong><\/p>\n<ul style=\"list-style-type: disc;\">\n<li>Elegantna futrola \u0161titi cijeli ure\u0111aj.<\/li>\n<li>Torba ima ugra\u0111ene ru\u010dke s pri\u010dvr\u0161\u0107enom prakti\u010dnom vrpcom.<\/li>\n<li>Stvorite svoj jedinstveni stil i dodajte sofisticiranu estetiku brenda svom telefonu.<\/li>\n<li>Jedan ve\u0107i pretinac za mobitel ili nov\u010danik.<\/li>\n<li>Veli\u010dina: Pogodno za sve mobilne telefone.<\/li>\n<li>Dimenzije: 19 x 12 x 3,8 cm<\/li>\n<li>Boja: Ljubi\u010dasta sa zlatnim logotipom<\/li>\n<li>Torba nije prikladna za no\u0161enje te\u0161ke te\u017eine.\u00a0<\/li>\n<\/ul>","protected":false},"excerpt":{"rendered":"<p>Nova kolekcija GUESS TRIANGLE 4G torbi za slobodno vrijeme. S Guess torbom mo\u017eete ponijeti svoj mobitel bilo gdje. Telefon \u0107e biti za\u0161ti\u0107en od ogrebotina, udaraca i prljav\u0161tine. Torba se mo\u017ee koristiti za slobodno vrijeme ili kao nov\u010danik, jer ima posebno dizajnirane d\u017eepove za kartice.<\/p>","protected":false},"featured_media":16790,"comment_status":"closed","ping_status":"closed","template":"","meta":[],"product_brand":[],"product_cat":[104,91,140,139,550],"product_tag":[],"class_list":{"0":"post-16788","1":"product","2":"type-product","3":"status-publish","4":"has-post-thumbnail","6":"product_cat-dodatna-oprema","7":"product_cat-razprodaja","8":"product_cat-torbe","9":"product_cat-torbe-in-nahrbtniki-za-prenosnike","10":"product_cat-torbice-za-mobilni-telefon","12":"first","13":"outofstock","14":"sale","15":"taxable","16":"shipping-taxable","17":"purchasable","18":"product-type-simple"},"yoast_head":"<!-- This site is optimized with the Yoast SEO plugin v27.4 - https:\/\/yoast.com\/product\/yoast-seo-wordpress\/ -->\n<title>Torbica GUESS Trangle 4G Purple , za mobilni telefon -<\/title>\n<meta name=\"robots\" content=\"index, follow, max-snippet:-1, max-image-preview:large, max-video-preview:-1\" \/>\n<link rel=\"canonical\" href=\"https:\/\/www.urbanspot.si\/hr\/proizvod-2\/pogodi-trangle-4g-purple-futrola-za-mobitel\/\" \/>\n<meta property=\"og:locale\" content=\"hr_HR\" \/>\n<meta property=\"og:type\" content=\"article\" \/>\n<meta property=\"og:title\" content=\"Torbica GUESS Trangle 4G Purple , za mobilni telefon -\" \/>\n<meta property=\"og:description\" content=\"Nova kolekcija torbic za prosti \u010das GUESS TRIANGLE 4G. Z Guess torbico lahko svoj mobilni telefon vzamete kamorkoli. Telefon bo za\u0161\u010diten pred praskami, udarci in umazanijo. Torbica se lahko uporablja za prosti \u010das ali tudi kot denarnica, saj ima namensko narejene \u017eepe za kartice.\" \/>\n<meta property=\"og:url\" content=\"https:\/\/www.urbanspot.si\/hr\/proizvod-2\/pogodi-trangle-4g-purple-futrola-za-mobitel\/\" \/>\n<meta property=\"article:publisher\" content=\"https:\/\/www.facebook.com\/urbanspot.si\" \/>\n<meta property=\"article:modified_time\" content=\"2026-03-18T13:52:27+00:00\" \/>\n<meta property=\"og:image\" content=\"https:\/\/www.urbanspot.si\/wp-content\/uploads\/torbica-guess-trangle-4g-purple-za-mobilni-telefon.jpg\" \/>\n\t<meta property=\"og:image:width\" content=\"600\" \/>\n\t<meta property=\"og:image:height\" content=\"600\" \/>\n\t<meta property=\"og:image:type\" content=\"image\/jpeg\" \/>\n<meta name=\"twitter:card\" content=\"summary_large_image\" \/>\n<meta name=\"twitter:label1\" content=\"Procijenjeno vrijeme \u010ditanja\" \/>\n\t<meta name=\"twitter:data1\" content=\"1 minuta\" \/>\n<script type=\"application\/ld+json\" class=\"yoast-schema-graph\">{\"@context\":\"https:\\\/\\\/schema.org\",\"@graph\":[{\"@type\":\"WebPage\",\"@id\":\"https:\\\/\\\/www.urbanspot.si\\\/produkt\\\/torbica-guess-trangle-4g-purple-za-mobilni-telefon\\\/\",\"url\":\"https:\\\/\\\/www.urbanspot.si\\\/produkt\\\/torbica-guess-trangle-4g-purple-za-mobilni-telefon\\\/\",\"name\":\"Torbica GUESS Trangle 4G Purple , za mobilni telefon -\",\"isPartOf\":{\"@id\":\"https:\\\/\\\/www.urbanspot.si\\\/#website\"},\"primaryImageOfPage\":{\"@id\":\"https:\\\/\\\/www.urbanspot.si\\\/produkt\\\/torbica-guess-trangle-4g-purple-za-mobilni-telefon\\\/#primaryimage\"},\"image\":{\"@id\":\"https:\\\/\\\/www.urbanspot.si\\\/produkt\\\/torbica-guess-trangle-4g-purple-za-mobilni-telefon\\\/#primaryimage\"},\"thumbnailUrl\":\"https:\\\/\\\/www.urbanspot.si\\\/wp-content\\\/uploads\\\/torbica-guess-trangle-4g-purple-za-mobilni-telefon.jpg\",\"datePublished\":\"2024-05-22T13:48:15+00:00\",\"dateModified\":\"2026-03-18T13:52:27+00:00\",\"breadcrumb\":{\"@id\":\"https:\\\/\\\/www.urbanspot.si\\\/produkt\\\/torbica-guess-trangle-4g-purple-za-mobilni-telefon\\\/#breadcrumb\"},\"inLanguage\":\"hr\",\"potentialAction\":[{\"@type\":\"ReadAction\",\"target\":[\"https:\\\/\\\/www.urbanspot.si\\\/produkt\\\/torbica-guess-trangle-4g-purple-za-mobilni-telefon\\\/\"]}]},{\"@type\":\"ImageObject\",\"inLanguage\":\"hr\",\"@id\":\"https:\\\/\\\/www.urbanspot.si\\\/produkt\\\/torbica-guess-trangle-4g-purple-za-mobilni-telefon\\\/#primaryimage\",\"url\":\"https:\\\/\\\/www.urbanspot.si\\\/wp-content\\\/uploads\\\/torbica-guess-trangle-4g-purple-za-mobilni-telefon.jpg\",\"contentUrl\":\"https:\\\/\\\/www.urbanspot.si\\\/wp-content\\\/uploads\\\/torbica-guess-trangle-4g-purple-za-mobilni-telefon.jpg\",\"width\":600,\"height\":600,\"caption\":\"Torbica GUESS Trangle 4G Purple\"},{\"@type\":\"BreadcrumbList\",\"@id\":\"https:\\\/\\\/www.urbanspot.si\\\/produkt\\\/torbica-guess-trangle-4g-purple-za-mobilni-telefon\\\/#breadcrumb\",\"itemListElement\":[{\"@type\":\"ListItem\",\"position\":1,\"name\":\"Home\",\"item\":\"https:\\\/\\\/www.urbanspot.si\\\/\"},{\"@type\":\"ListItem\",\"position\":2,\"name\":\"Shop\",\"item\":\"https:\\\/\\\/www.urbanspot.si\\\/shop\\\/\"},{\"@type\":\"ListItem\",\"position\":3,\"name\":\"Torbica GUESS Trangle 4G Purple , za mobilni telefon\"}]},{\"@type\":\"WebSite\",\"@id\":\"https:\\\/\\\/www.urbanspot.si\\\/#website\",\"url\":\"https:\\\/\\\/www.urbanspot.si\\\/\",\"name\":\"UrbanSpot\",\"description\":\"\",\"publisher\":{\"@id\":\"https:\\\/\\\/www.urbanspot.si\\\/#organization\"},\"potentialAction\":[{\"@type\":\"SearchAction\",\"target\":{\"@type\":\"EntryPoint\",\"urlTemplate\":\"https:\\\/\\\/www.urbanspot.si\\\/?s={search_term_string}\"},\"query-input\":{\"@type\":\"PropertyValueSpecification\",\"valueRequired\":true,\"valueName\":\"search_term_string\"}}],\"inLanguage\":\"hr\"},{\"@type\":\"Organization\",\"@id\":\"https:\\\/\\\/www.urbanspot.si\\\/#organization\",\"name\":\"UrbanSpot\",\"url\":\"https:\\\/\\\/www.urbanspot.si\\\/\",\"logo\":{\"@type\":\"ImageObject\",\"inLanguage\":\"hr\",\"@id\":\"https:\\\/\\\/www.urbanspot.si\\\/#\\\/schema\\\/logo\\\/image\\\/\",\"url\":\"https:\\\/\\\/www.urbanspot.si\\\/wp-content\\\/uploads\\\/urbanspot-logo.svg\",\"contentUrl\":\"https:\\\/\\\/www.urbanspot.si\\\/wp-content\\\/uploads\\\/urbanspot-logo.svg\",\"width\":185,\"height\":40,\"caption\":\"UrbanSpot\"},\"image\":{\"@id\":\"https:\\\/\\\/www.urbanspot.si\\\/#\\\/schema\\\/logo\\\/image\\\/\"},\"sameAs\":[\"https:\\\/\\\/www.facebook.com\\\/urbanspot.si\"]}]}<\/script>\n<!-- \/ Yoast SEO plugin. -->","yoast_head_json":{"title":"GUESS Trangle 4G ljubi\u010dasti futrol za mobitel -","robots":{"index":"index","follow":"follow","max-snippet":"max-snippet:-1","max-image-preview":"max-image-preview:large","max-video-preview":"max-video-preview:-1"},"canonical":"https:\/\/www.urbanspot.si\/hr\/proizvod-2\/pogodi-trangle-4g-purple-futrola-za-mobitel\/","og_locale":"hr_HR","og_type":"article","og_title":"Torbica GUESS Trangle 4G Purple , za mobilni telefon -","og_description":"Nova kolekcija torbic za prosti \u010das GUESS TRIANGLE 4G. Z Guess torbico lahko svoj mobilni telefon vzamete kamorkoli. Telefon bo za\u0161\u010diten pred praskami, udarci in umazanijo. Torbica se lahko uporablja za prosti \u010das ali tudi kot denarnica, saj ima namensko narejene \u017eepe za kartice.","og_url":"https:\/\/www.urbanspot.si\/hr\/proizvod-2\/pogodi-trangle-4g-purple-futrola-za-mobitel\/","article_publisher":"https:\/\/www.facebook.com\/urbanspot.si","article_modified_time":"2026-03-18T13:52:27+00:00","og_image":[{"width":600,"height":600,"url":"https:\/\/www.urbanspot.si\/wp-content\/uploads\/torbica-guess-trangle-4g-purple-za-mobilni-telefon.jpg","type":"image\/jpeg"}],"twitter_card":"summary_large_image","twitter_misc":{"Procijenjeno vrijeme \u010ditanja":"1 minuta"},"schema":{"@context":"https:\/\/schema.org","@graph":[{"@type":"WebPage","@id":"https:\/\/www.urbanspot.si\/produkt\/torbica-guess-trangle-4g-purple-za-mobilni-telefon\/","url":"https:\/\/www.urbanspot.si\/produkt\/torbica-guess-trangle-4g-purple-za-mobilni-telefon\/","name":"GUESS Trangle 4G ljubi\u010dasti futrol za mobitel -","isPartOf":{"@id":"https:\/\/www.urbanspot.si\/#website"},"primaryImageOfPage":{"@id":"https:\/\/www.urbanspot.si\/produkt\/torbica-guess-trangle-4g-purple-za-mobilni-telefon\/#primaryimage"},"image":{"@id":"https:\/\/www.urbanspot.si\/produkt\/torbica-guess-trangle-4g-purple-za-mobilni-telefon\/#primaryimage"},"thumbnailUrl":"https:\/\/www.urbanspot.si\/wp-content\/uploads\/torbica-guess-trangle-4g-purple-za-mobilni-telefon.jpg","datePublished":"2024-05-22T13:48:15+00:00","dateModified":"2026-03-18T13:52:27+00:00","breadcrumb":{"@id":"https:\/\/www.urbanspot.si\/produkt\/torbica-guess-trangle-4g-purple-za-mobilni-telefon\/#breadcrumb"},"inLanguage":"hr","potentialAction":[{"@type":"ReadAction","target":["https:\/\/www.urbanspot.si\/produkt\/torbica-guess-trangle-4g-purple-za-mobilni-telefon\/"]}]},{"@type":"ImageObject","inLanguage":"hr","@id":"https:\/\/www.urbanspot.si\/produkt\/torbica-guess-trangle-4g-purple-za-mobilni-telefon\/#primaryimage","url":"https:\/\/www.urbanspot.si\/wp-content\/uploads\/torbica-guess-trangle-4g-purple-za-mobilni-telefon.jpg","contentUrl":"https:\/\/www.urbanspot.si\/wp-content\/uploads\/torbica-guess-trangle-4g-purple-za-mobilni-telefon.jpg","width":600,"height":600,"caption":"Torbica GUESS Trangle 4G Purple"},{"@type":"BreadcrumbList","@id":"https:\/\/www.urbanspot.si\/produkt\/torbica-guess-trangle-4g-purple-za-mobilni-telefon\/#breadcrumb","itemListElement":[{"@type":"ListItem","position":1,"name":"Home","item":"https:\/\/www.urbanspot.si\/"},{"@type":"ListItem","position":2,"name":"Shop","item":"https:\/\/www.urbanspot.si\/shop\/"},{"@type":"ListItem","position":3,"name":"Torbica GUESS Trangle 4G Purple , za mobilni telefon"}]},{"@type":"WebSite","@id":"https:\/\/www.urbanspot.si\/#website","url":"https:\/\/www.urbanspot.si\/","name":"UrbanSpot","description":"","publisher":{"@id":"https:\/\/www.urbanspot.si\/#organization"},"potentialAction":[{"@type":"SearchAction","target":{"@type":"EntryPoint","urlTemplate":"https:\/\/www.urbanspot.si\/?s={search_term_string}"},"query-input":{"@type":"PropertyValueSpecification","valueRequired":true,"valueName":"search_term_string"}}],"inLanguage":"hr"},{"@type":"Organization","@id":"https:\/\/www.urbanspot.si\/#organization","name":"UrbanSpot","url":"https:\/\/www.urbanspot.si\/","logo":{"@type":"ImageObject","inLanguage":"hr","@id":"https:\/\/www.urbanspot.si\/#\/schema\/logo\/image\/","url":"https:\/\/www.urbanspot.si\/wp-content\/uploads\/urbanspot-logo.svg","contentUrl":"https:\/\/www.urbanspot.si\/wp-content\/uploads\/urbanspot-logo.svg","width":185,"height":40,"caption":"UrbanSpot"},"image":{"@id":"https:\/\/www.urbanspot.si\/#\/schema\/logo\/image\/"},"sameAs":["https:\/\/www.facebook.com\/urbanspot.si"]}]}},"_links":{"self":[{"href":"https:\/\/www.urbanspot.si\/hr\/wp-json\/wp\/v2\/product\/16788","targetHints":{"allow":["GET"]}}],"collection":[{"href":"https:\/\/www.urbanspot.si\/hr\/wp-json\/wp\/v2\/product"}],"about":[{"href":"https:\/\/www.urbanspot.si\/hr\/wp-json\/wp\/v2\/types\/product"}],"replies":[{"embeddable":true,"href":"https:\/\/www.urbanspot.si\/hr\/wp-json\/wp\/v2\/comments?post=16788"}],"version-history":[{"count":1,"href":"https:\/\/www.urbanspot.si\/hr\/wp-json\/wp\/v2\/product\/16788\/revisions"}],"predecessor-version":[{"id":16789,"href":"https:\/\/www.urbanspot.si\/hr\/wp-json\/wp\/v2\/product\/16788\/revisions\/16789"}],"wp:featuredmedia":[{"embeddable":true,"href":"https:\/\/www.urbanspot.si\/hr\/wp-json\/wp\/v2\/media\/16790"}],"wp:attachment":[{"href":"https:\/\/www.urbanspot.si\/hr\/wp-json\/wp\/v2\/media?parent=16788"}],"wp:term":[{"taxonomy":"product_brand","embeddable":true,"href":"https:\/\/www.urbanspot.si\/hr\/wp-json\/wp\/v2\/product_brand?post=16788"},{"taxonomy":"product_cat","embeddable":true,"href":"https:\/\/www.urbanspot.si\/hr\/wp-json\/wp\/v2\/product_cat?post=16788"},{"taxonomy":"product_tag","embeddable":true,"href":"https:\/\/www.urbanspot.si\/hr\/wp-json\/wp\/v2\/product_tag?post=16788"}],"curies":[{"name":"radni list","href":"https:\/\/api.w.org\/{rel}","templated":true}]}}