{"id":16811,"date":"2024-05-22T14:48:23","date_gmt":"2024-05-22T13:48:23","guid":{"rendered":"https:\/\/www.urbanspot.si\/product\/panzerglass-zascitno-steklo-za-apple-iphone-5-5s-5c-se\/"},"modified":"2026-03-19T16:03:39","modified_gmt":"2026-03-19T14:03:39","slug":"panzerglass-zastitno-staklo-za-apple-iphone-5-5s-5c","status":"publish","type":"product","link":"https:\/\/www.urbanspot.si\/hr\/produkt\/panzerglass-zascitno-steklo-za-apple-iphone-5-5s-5c-se\/","title":{"rendered":"PanzerGlass za\u0161titno staklo za Apple iPhone 5\/5S\/5C\/SE"},"content":{"rendered":"<p>Za\u0161titno staklo marke Panzerglass bit \u0107e vrhunska za\u0161tita za va\u0161 pametni telefon. Kaljeno staklo je gotovo nevidljivo na ure\u0111aju, a ugradnja je vrlo jednostavna. <\/p>\n<p>\u00a0<\/p>\n<ul>\n<li> Pru\u017ea za\u0161titu od prskanja i manjih udaraca<\/li>\n<li> Visokokvalitetno kaljeno staklo<\/li>\n<li> Jednostavna instalacija<\/li>\n<li> Neprekidno kori\u0161tenje ekrana<\/li>\n<\/ul>","protected":false},"excerpt":{"rendered":"<p>Za\u0161tita zaslona za va\u0161 mobilni ure\u0111aj. Za\u0161titno staklo je otporno na udarce i ogrebotine, pru\u017eaju\u0107i kristalno \u010distu sliku uz 100% osjetljivost na dodir. Jednostavno za postavljanje.<\/p>","protected":false},"featured_media":16813,"comment_status":"closed","ping_status":"closed","template":"","meta":[],"product_brand":[],"product_cat":[177,92,176,162,161,91,179,559],"product_tag":[],"class_list":{"0":"post-16811","1":"product","2":"type-product","3":"status-publish","4":"has-post-thumbnail","6":"product_cat-5s","7":"product_cat-apple","8":"product_cat-iphone-5","9":"product_cat-iphone-se-2020","10":"product_cat-ostale-iphone-serije","11":"product_cat-razprodaja","12":"product_cat-se-2020","13":"product_cat-zascitna-stekla","14":"pa_primerno-za-model-iphone-se-2nd-gen","15":"pa_primerno-za-proizvajalca-apple","17":"first","18":"instock","19":"sale","20":"taxable","21":"shipping-taxable","22":"purchasable","23":"product-type-simple"},"yoast_head":"<!-- This site is optimized with the Yoast SEO plugin v27.4 - https:\/\/yoast.com\/product\/yoast-seo-wordpress\/ -->\n<title>PanzerGlass za\u0161\u010ditno steklo za apple Iphone 5\/5S\/5C\/SE -<\/title>\n<meta name=\"robots\" content=\"index, follow, max-snippet:-1, max-image-preview:large, max-video-preview:-1\" \/>\n<link rel=\"canonical\" href=\"https:\/\/www.urbanspot.si\/hr\/proizvod-2\/panzerglass-zastitno-staklo-za-apple-iphone-5-5s-5c\/\" \/>\n<meta property=\"og:locale\" content=\"hr_HR\" \/>\n<meta property=\"og:type\" content=\"article\" \/>\n<meta property=\"og:title\" content=\"PanzerGlass za\u0161\u010ditno steklo za apple Iphone 5\/5S\/5C\/SE -\" \/>\n<meta property=\"og:description\" content=\"Za\u0161\u010dita zaslona za va\u0161o mobilno napravo. Za\u0161\u010ditno steklo je odporno na udarce, praske, omogo\u010da kristalno \u010disto sliko, pri \u010demer je ohranjena 100% odzivnost na dotik. Enostavna namestitev.\" \/>\n<meta property=\"og:url\" content=\"https:\/\/www.urbanspot.si\/hr\/proizvod-2\/panzerglass-zastitno-staklo-za-apple-iphone-5-5s-5c\/\" \/>\n<meta property=\"article:publisher\" content=\"https:\/\/www.facebook.com\/urbanspot.si\" \/>\n<meta property=\"article:modified_time\" content=\"2026-03-19T14:03:39+00:00\" \/>\n<meta property=\"og:image\" content=\"https:\/\/www.urbanspot.si\/wp-content\/uploads\/panzerglass-zascitno-steklo-za-apple-iphone-5-5s-5c-se.jpg\" \/>\n\t<meta property=\"og:image:width\" content=\"664\" \/>\n\t<meta property=\"og:image:height\" content=\"666\" \/>\n\t<meta property=\"og:image:type\" content=\"image\/jpeg\" \/>\n<meta name=\"twitter:card\" content=\"summary_large_image\" \/>\n<script type=\"application\/ld+json\" class=\"yoast-schema-graph\">{\"@context\":\"https:\\\/\\\/schema.org\",\"@graph\":[{\"@type\":\"WebPage\",\"@id\":\"https:\\\/\\\/www.urbanspot.si\\\/produkt\\\/panzerglass-zascitno-steklo-za-apple-iphone-5-5s-5c-se\\\/\",\"url\":\"https:\\\/\\\/www.urbanspot.si\\\/produkt\\\/panzerglass-zascitno-steklo-za-apple-iphone-5-5s-5c-se\\\/\",\"name\":\"PanzerGlass za\u0161\u010ditno steklo za apple Iphone 5\\\/5S\\\/5C\\\/SE -\",\"isPartOf\":{\"@id\":\"https:\\\/\\\/www.urbanspot.si\\\/#website\"},\"primaryImageOfPage\":{\"@id\":\"https:\\\/\\\/www.urbanspot.si\\\/produkt\\\/panzerglass-zascitno-steklo-za-apple-iphone-5-5s-5c-se\\\/#primaryimage\"},\"image\":{\"@id\":\"https:\\\/\\\/www.urbanspot.si\\\/produkt\\\/panzerglass-zascitno-steklo-za-apple-iphone-5-5s-5c-se\\\/#primaryimage\"},\"thumbnailUrl\":\"https:\\\/\\\/www.urbanspot.si\\\/wp-content\\\/uploads\\\/panzerglass-zascitno-steklo-za-apple-iphone-5-5s-5c-se.jpg\",\"datePublished\":\"2024-05-22T13:48:23+00:00\",\"dateModified\":\"2026-03-19T14:03:39+00:00\",\"breadcrumb\":{\"@id\":\"https:\\\/\\\/www.urbanspot.si\\\/produkt\\\/panzerglass-zascitno-steklo-za-apple-iphone-5-5s-5c-se\\\/#breadcrumb\"},\"inLanguage\":\"hr\",\"potentialAction\":[{\"@type\":\"ReadAction\",\"target\":[\"https:\\\/\\\/www.urbanspot.si\\\/produkt\\\/panzerglass-zascitno-steklo-za-apple-iphone-5-5s-5c-se\\\/\"]}]},{\"@type\":\"ImageObject\",\"inLanguage\":\"hr\",\"@id\":\"https:\\\/\\\/www.urbanspot.si\\\/produkt\\\/panzerglass-zascitno-steklo-za-apple-iphone-5-5s-5c-se\\\/#primaryimage\",\"url\":\"https:\\\/\\\/www.urbanspot.si\\\/wp-content\\\/uploads\\\/panzerglass-zascitno-steklo-za-apple-iphone-5-5s-5c-se.jpg\",\"contentUrl\":\"https:\\\/\\\/www.urbanspot.si\\\/wp-content\\\/uploads\\\/panzerglass-zascitno-steklo-za-apple-iphone-5-5s-5c-se.jpg\",\"width\":664,\"height\":666,\"caption\":\"PanzerGlass za\u0161\u010ditno steklo za apple Iphone 5\\\/5S\\\/5C\\\/SE\"},{\"@type\":\"BreadcrumbList\",\"@id\":\"https:\\\/\\\/www.urbanspot.si\\\/produkt\\\/panzerglass-zascitno-steklo-za-apple-iphone-5-5s-5c-se\\\/#breadcrumb\",\"itemListElement\":[{\"@type\":\"ListItem\",\"position\":1,\"name\":\"Home\",\"item\":\"https:\\\/\\\/www.urbanspot.si\\\/\"},{\"@type\":\"ListItem\",\"position\":2,\"name\":\"Shop\",\"item\":\"https:\\\/\\\/www.urbanspot.si\\\/shop\\\/\"},{\"@type\":\"ListItem\",\"position\":3,\"name\":\"PanzerGlass za\u0161\u010ditno steklo za apple Iphone 5\\\/5S\\\/5C\\\/SE\"}]},{\"@type\":\"WebSite\",\"@id\":\"https:\\\/\\\/www.urbanspot.si\\\/#website\",\"url\":\"https:\\\/\\\/www.urbanspot.si\\\/\",\"name\":\"UrbanSpot\",\"description\":\"\",\"publisher\":{\"@id\":\"https:\\\/\\\/www.urbanspot.si\\\/#organization\"},\"potentialAction\":[{\"@type\":\"SearchAction\",\"target\":{\"@type\":\"EntryPoint\",\"urlTemplate\":\"https:\\\/\\\/www.urbanspot.si\\\/?s={search_term_string}\"},\"query-input\":{\"@type\":\"PropertyValueSpecification\",\"valueRequired\":true,\"valueName\":\"search_term_string\"}}],\"inLanguage\":\"hr\"},{\"@type\":\"Organization\",\"@id\":\"https:\\\/\\\/www.urbanspot.si\\\/#organization\",\"name\":\"UrbanSpot\",\"url\":\"https:\\\/\\\/www.urbanspot.si\\\/\",\"logo\":{\"@type\":\"ImageObject\",\"inLanguage\":\"hr\",\"@id\":\"https:\\\/\\\/www.urbanspot.si\\\/#\\\/schema\\\/logo\\\/image\\\/\",\"url\":\"https:\\\/\\\/www.urbanspot.si\\\/wp-content\\\/uploads\\\/urbanspot-logo.svg\",\"contentUrl\":\"https:\\\/\\\/www.urbanspot.si\\\/wp-content\\\/uploads\\\/urbanspot-logo.svg\",\"width\":185,\"height\":40,\"caption\":\"UrbanSpot\"},\"image\":{\"@id\":\"https:\\\/\\\/www.urbanspot.si\\\/#\\\/schema\\\/logo\\\/image\\\/\"},\"sameAs\":[\"https:\\\/\\\/www.facebook.com\\\/urbanspot.si\"]}]}<\/script>\n<!-- \/ Yoast SEO plugin. -->","yoast_head_json":{"title":"PanzerGlass za\u0161titno staklo za Apple iPhone 5\/5S\/5C\/SE -","robots":{"index":"index","follow":"follow","max-snippet":"max-snippet:-1","max-image-preview":"max-image-preview:large","max-video-preview":"max-video-preview:-1"},"canonical":"https:\/\/www.urbanspot.si\/hr\/proizvod-2\/panzerglass-zastitno-staklo-za-apple-iphone-5-5s-5c\/","og_locale":"hr_HR","og_type":"article","og_title":"PanzerGlass za\u0161\u010ditno steklo za apple Iphone 5\/5S\/5C\/SE -","og_description":"Za\u0161\u010dita zaslona za va\u0161o mobilno napravo. Za\u0161\u010ditno steklo je odporno na udarce, praske, omogo\u010da kristalno \u010disto sliko, pri \u010demer je ohranjena 100% odzivnost na dotik. Enostavna namestitev.","og_url":"https:\/\/www.urbanspot.si\/hr\/proizvod-2\/panzerglass-zastitno-staklo-za-apple-iphone-5-5s-5c\/","article_publisher":"https:\/\/www.facebook.com\/urbanspot.si","article_modified_time":"2026-03-19T14:03:39+00:00","og_image":[{"width":664,"height":666,"url":"https:\/\/www.urbanspot.si\/wp-content\/uploads\/panzerglass-zascitno-steklo-za-apple-iphone-5-5s-5c-se.jpg","type":"image\/jpeg"}],"twitter_card":"summary_large_image","schema":{"@context":"https:\/\/schema.org","@graph":[{"@type":"WebPage","@id":"https:\/\/www.urbanspot.si\/produkt\/panzerglass-zascitno-steklo-za-apple-iphone-5-5s-5c-se\/","url":"https:\/\/www.urbanspot.si\/produkt\/panzerglass-zascitno-steklo-za-apple-iphone-5-5s-5c-se\/","name":"PanzerGlass za\u0161titno staklo za Apple iPhone 5\/5S\/5C\/SE -","isPartOf":{"@id":"https:\/\/www.urbanspot.si\/#website"},"primaryImageOfPage":{"@id":"https:\/\/www.urbanspot.si\/produkt\/panzerglass-zascitno-steklo-za-apple-iphone-5-5s-5c-se\/#primaryimage"},"image":{"@id":"https:\/\/www.urbanspot.si\/produkt\/panzerglass-zascitno-steklo-za-apple-iphone-5-5s-5c-se\/#primaryimage"},"thumbnailUrl":"https:\/\/www.urbanspot.si\/wp-content\/uploads\/panzerglass-zascitno-steklo-za-apple-iphone-5-5s-5c-se.jpg","datePublished":"2024-05-22T13:48:23+00:00","dateModified":"2026-03-19T14:03:39+00:00","breadcrumb":{"@id":"https:\/\/www.urbanspot.si\/produkt\/panzerglass-zascitno-steklo-za-apple-iphone-5-5s-5c-se\/#breadcrumb"},"inLanguage":"hr","potentialAction":[{"@type":"ReadAction","target":["https:\/\/www.urbanspot.si\/produkt\/panzerglass-zascitno-steklo-za-apple-iphone-5-5s-5c-se\/"]}]},{"@type":"ImageObject","inLanguage":"hr","@id":"https:\/\/www.urbanspot.si\/produkt\/panzerglass-zascitno-steklo-za-apple-iphone-5-5s-5c-se\/#primaryimage","url":"https:\/\/www.urbanspot.si\/wp-content\/uploads\/panzerglass-zascitno-steklo-za-apple-iphone-5-5s-5c-se.jpg","contentUrl":"https:\/\/www.urbanspot.si\/wp-content\/uploads\/panzerglass-zascitno-steklo-za-apple-iphone-5-5s-5c-se.jpg","width":664,"height":666,"caption":"PanzerGlass za\u0161\u010ditno steklo za apple Iphone 5\/5S\/5C\/SE"},{"@type":"BreadcrumbList","@id":"https:\/\/www.urbanspot.si\/produkt\/panzerglass-zascitno-steklo-za-apple-iphone-5-5s-5c-se\/#breadcrumb","itemListElement":[{"@type":"ListItem","position":1,"name":"Home","item":"https:\/\/www.urbanspot.si\/"},{"@type":"ListItem","position":2,"name":"Shop","item":"https:\/\/www.urbanspot.si\/shop\/"},{"@type":"ListItem","position":3,"name":"PanzerGlass za\u0161\u010ditno steklo za apple Iphone 5\/5S\/5C\/SE"}]},{"@type":"WebSite","@id":"https:\/\/www.urbanspot.si\/#website","url":"https:\/\/www.urbanspot.si\/","name":"UrbanSpot","description":"","publisher":{"@id":"https:\/\/www.urbanspot.si\/#organization"},"potentialAction":[{"@type":"SearchAction","target":{"@type":"EntryPoint","urlTemplate":"https:\/\/www.urbanspot.si\/?s={search_term_string}"},"query-input":{"@type":"PropertyValueSpecification","valueRequired":true,"valueName":"search_term_string"}}],"inLanguage":"hr"},{"@type":"Organization","@id":"https:\/\/www.urbanspot.si\/#organization","name":"UrbanSpot","url":"https:\/\/www.urbanspot.si\/","logo":{"@type":"ImageObject","inLanguage":"hr","@id":"https:\/\/www.urbanspot.si\/#\/schema\/logo\/image\/","url":"https:\/\/www.urbanspot.si\/wp-content\/uploads\/urbanspot-logo.svg","contentUrl":"https:\/\/www.urbanspot.si\/wp-content\/uploads\/urbanspot-logo.svg","width":185,"height":40,"caption":"UrbanSpot"},"image":{"@id":"https:\/\/www.urbanspot.si\/#\/schema\/logo\/image\/"},"sameAs":["https:\/\/www.facebook.com\/urbanspot.si"]}]}},"_links":{"self":[{"href":"https:\/\/www.urbanspot.si\/hr\/wp-json\/wp\/v2\/product\/16811","targetHints":{"allow":["GET"]}}],"collection":[{"href":"https:\/\/www.urbanspot.si\/hr\/wp-json\/wp\/v2\/product"}],"about":[{"href":"https:\/\/www.urbanspot.si\/hr\/wp-json\/wp\/v2\/types\/product"}],"replies":[{"embeddable":true,"href":"https:\/\/www.urbanspot.si\/hr\/wp-json\/wp\/v2\/comments?post=16811"}],"version-history":[{"count":1,"href":"https:\/\/www.urbanspot.si\/hr\/wp-json\/wp\/v2\/product\/16811\/revisions"}],"predecessor-version":[{"id":16812,"href":"https:\/\/www.urbanspot.si\/hr\/wp-json\/wp\/v2\/product\/16811\/revisions\/16812"}],"wp:featuredmedia":[{"embeddable":true,"href":"https:\/\/www.urbanspot.si\/hr\/wp-json\/wp\/v2\/media\/16813"}],"wp:attachment":[{"href":"https:\/\/www.urbanspot.si\/hr\/wp-json\/wp\/v2\/media?parent=16811"}],"wp:term":[{"taxonomy":"product_brand","embeddable":true,"href":"https:\/\/www.urbanspot.si\/hr\/wp-json\/wp\/v2\/product_brand?post=16811"},{"taxonomy":"product_cat","embeddable":true,"href":"https:\/\/www.urbanspot.si\/hr\/wp-json\/wp\/v2\/product_cat?post=16811"},{"taxonomy":"product_tag","embeddable":true,"href":"https:\/\/www.urbanspot.si\/hr\/wp-json\/wp\/v2\/product_tag?post=16811"}],"curies":[{"name":"radni list","href":"https:\/\/api.w.org\/{rel}","templated":true}]}}