{"id":16898,"date":"2024-05-22T14:48:44","date_gmt":"2024-05-22T13:48:44","guid":{"rendered":"https:\/\/www.urbanspot.si\/product\/zascitna-folija-urbie-3mk-samsung-galaxy-s21-ultra\/"},"modified":"2026-03-19T16:03:38","modified_gmt":"2026-03-19T14:03:38","slug":"zastitna-folija-urbie-3mk-samsung-galaxy-s21-ultra","status":"publish","type":"product","link":"https:\/\/www.urbanspot.si\/hr\/produkt\/zascitna-folija-urbie-3mk-samsung-galaxy-s21-ultra\/","title":{"rendered":"Urbie 3MK za\u0161titna folija za Samsung Galaxy S21 Ultra"},"content":{"rendered":"<p>Zna\u010dajke:<\/p>\n<p>\u00a0<\/p>\n<ul>\n<li>Kako bismo produ\u017eili vijek trajanja folije, koristili smo samoobnavljaju\u0107i premaz. To zna\u010di da folija djeluje i popravlja manja o\u0161te\u0107enja ili ogrebotine uzrokovane kori\u0161tenjem telefona.<\/li>\n<li>Samoobnavljanje vam omogu\u0107uje da jo\u0161 dulje u\u017eivate u savr\u0161eno glatkoj povr\u0161ini folije!<\/li>\n<li>\n<p class=\"tw-data-text tw-text-large tw-ta\" dir=\"ltr\" data-placeholder=\"Translation\" data-ved=\"2ahUKEwiF_pu_n_SEAxXIxQIHHeV3C4MQ3ewLegQIBRAU\"><span class=\"Y2IQFc\" lang=\"sl\">Folija se mo\u017ee nanijeti posebnim gelom koji je 100% siguran za ekran, a koji je uklju\u010den u komplet.<\/span><\/p>\n<\/li>\n<li>\n<p id=\"tw-target-text\" class=\"tw-data-text tw-text-large tw-ta\" dir=\"ltr\" data-placeholder=\"Translation\" data-ved=\"2ahUKEwiF_pu_n_SEAxXIxQIHHeV3C4MQ3ewLegQIBRAU\"><span class=\"Y2IQFc\" lang=\"sl\">Mokra monta\u017ea osigurava savr\u0161en rezultat i ne zahtijeva nikakvo iskustvo.<\/span><\/p>\n<\/li>\n<li><span class=\"Y2IQFc\" lang=\"sl\">Za\u0161titna folija za ekran ARC+\u2122 dizajnirana je imaju\u0107i na umu zakrivljene ekrane. Prianja od ruba do ruba kako bi za\u0161titila cijeli ekran.<\/span><\/li>\n<li><span class=\"Y2IQFc\" lang=\"sl\">Debljina folije: 0,17 mm<\/span><\/li>\n<\/ul>","protected":false},"excerpt":{"rendered":"<p>Visokokvalitetna za\u0161titna folija za va\u0161 zaslon. S antimikrobnim premazom koji \u0161titi i odr\u017eava va\u0161 zaslon za\u0161ti\u0107enim i \u010distim.<\/p>","protected":false},"featured_media":16900,"comment_status":"closed","ping_status":"closed","template":"","meta":[],"product_brand":[],"product_cat":[316,91,88,89],"product_tag":[],"class_list":{"0":"post-16898","1":"product","2":"type-product","3":"status-publish","4":"has-post-thumbnail","6":"product_cat-galaxy-s21-ultra","7":"product_cat-razprodaja","8":"product_cat-samsung","9":"product_cat-samsung-s-serija","10":"pa_primerno-za-model-samsung-galaxy-s21-ultra","11":"pa_primerno-za-proizvajalca-samsung","13":"first","14":"instock","15":"sale","16":"taxable","17":"shipping-taxable","18":"purchasable","19":"product-type-simple"},"yoast_head":"<!-- This site is optimized with the Yoast SEO plugin v27.4 - https:\/\/yoast.com\/product\/yoast-seo-wordpress\/ -->\n<title>Za\u0161\u010ditna folija Urbie 3MK, Samsung Galaxy S21 Ultra -<\/title>\n<meta name=\"robots\" content=\"index, follow, max-snippet:-1, max-image-preview:large, max-video-preview:-1\" \/>\n<link rel=\"canonical\" href=\"https:\/\/www.urbanspot.si\/hr\/proizvod-2\/zastitna-folija-urbie-3mk-samsung-galaxy-s21-ultra\/\" \/>\n<meta property=\"og:locale\" content=\"hr_HR\" \/>\n<meta property=\"og:type\" content=\"article\" \/>\n<meta property=\"og:title\" content=\"Za\u0161\u010ditna folija Urbie 3MK, Samsung Galaxy S21 Ultra -\" \/>\n<meta property=\"og:description\" content=\"Visokokvalitetna za\u0161\u010ditna folija za va\u0161 zaslon. Z antimikrobnim premazom, ki za\u0161\u010diti in poskrbi da je va\u0161 zaslon za\u0161\u010diten in \u010dist.\" \/>\n<meta property=\"og:url\" content=\"https:\/\/www.urbanspot.si\/hr\/proizvod-2\/zastitna-folija-urbie-3mk-samsung-galaxy-s21-ultra\/\" \/>\n<meta property=\"article:publisher\" content=\"https:\/\/www.facebook.com\/urbanspot.si\" \/>\n<meta property=\"article:modified_time\" content=\"2026-03-19T14:03:38+00:00\" \/>\n<meta property=\"og:image\" content=\"https:\/\/www.urbanspot.si\/wp-content\/uploads\/zascitna-folija-urbie-3mk-samsung-galaxy-s21-ultra.jpg\" \/>\n\t<meta property=\"og:image:width\" content=\"891\" \/>\n\t<meta property=\"og:image:height\" content=\"886\" \/>\n\t<meta property=\"og:image:type\" content=\"image\/jpeg\" \/>\n<meta name=\"twitter:card\" content=\"summary_large_image\" \/>\n<script type=\"application\/ld+json\" class=\"yoast-schema-graph\">{\"@context\":\"https:\\\/\\\/schema.org\",\"@graph\":[{\"@type\":\"WebPage\",\"@id\":\"https:\\\/\\\/www.urbanspot.si\\\/produkt\\\/zascitna-folija-urbie-3mk-samsung-galaxy-s21-ultra\\\/\",\"url\":\"https:\\\/\\\/www.urbanspot.si\\\/produkt\\\/zascitna-folija-urbie-3mk-samsung-galaxy-s21-ultra\\\/\",\"name\":\"Za\u0161\u010ditna folija Urbie 3MK, Samsung Galaxy S21 Ultra -\",\"isPartOf\":{\"@id\":\"https:\\\/\\\/www.urbanspot.si\\\/#website\"},\"primaryImageOfPage\":{\"@id\":\"https:\\\/\\\/www.urbanspot.si\\\/produkt\\\/zascitna-folija-urbie-3mk-samsung-galaxy-s21-ultra\\\/#primaryimage\"},\"image\":{\"@id\":\"https:\\\/\\\/www.urbanspot.si\\\/produkt\\\/zascitna-folija-urbie-3mk-samsung-galaxy-s21-ultra\\\/#primaryimage\"},\"thumbnailUrl\":\"https:\\\/\\\/www.urbanspot.si\\\/wp-content\\\/uploads\\\/zascitna-folija-urbie-3mk-samsung-galaxy-s21-ultra.jpg\",\"datePublished\":\"2024-05-22T13:48:44+00:00\",\"dateModified\":\"2026-03-19T14:03:38+00:00\",\"breadcrumb\":{\"@id\":\"https:\\\/\\\/www.urbanspot.si\\\/produkt\\\/zascitna-folija-urbie-3mk-samsung-galaxy-s21-ultra\\\/#breadcrumb\"},\"inLanguage\":\"hr\",\"potentialAction\":[{\"@type\":\"ReadAction\",\"target\":[\"https:\\\/\\\/www.urbanspot.si\\\/produkt\\\/zascitna-folija-urbie-3mk-samsung-galaxy-s21-ultra\\\/\"]}]},{\"@type\":\"ImageObject\",\"inLanguage\":\"hr\",\"@id\":\"https:\\\/\\\/www.urbanspot.si\\\/produkt\\\/zascitna-folija-urbie-3mk-samsung-galaxy-s21-ultra\\\/#primaryimage\",\"url\":\"https:\\\/\\\/www.urbanspot.si\\\/wp-content\\\/uploads\\\/zascitna-folija-urbie-3mk-samsung-galaxy-s21-ultra.jpg\",\"contentUrl\":\"https:\\\/\\\/www.urbanspot.si\\\/wp-content\\\/uploads\\\/zascitna-folija-urbie-3mk-samsung-galaxy-s21-ultra.jpg\",\"width\":891,\"height\":886,\"caption\":\"Za\u0161\u010ditna folija Urbie 3MK\"},{\"@type\":\"BreadcrumbList\",\"@id\":\"https:\\\/\\\/www.urbanspot.si\\\/produkt\\\/zascitna-folija-urbie-3mk-samsung-galaxy-s21-ultra\\\/#breadcrumb\",\"itemListElement\":[{\"@type\":\"ListItem\",\"position\":1,\"name\":\"Home\",\"item\":\"https:\\\/\\\/www.urbanspot.si\\\/\"},{\"@type\":\"ListItem\",\"position\":2,\"name\":\"Shop\",\"item\":\"https:\\\/\\\/www.urbanspot.si\\\/shop\\\/\"},{\"@type\":\"ListItem\",\"position\":3,\"name\":\"Za\u0161\u010ditna folija Urbie 3MK, Samsung Galaxy S21 Ultra\"}]},{\"@type\":\"WebSite\",\"@id\":\"https:\\\/\\\/www.urbanspot.si\\\/#website\",\"url\":\"https:\\\/\\\/www.urbanspot.si\\\/\",\"name\":\"UrbanSpot\",\"description\":\"\",\"publisher\":{\"@id\":\"https:\\\/\\\/www.urbanspot.si\\\/#organization\"},\"potentialAction\":[{\"@type\":\"SearchAction\",\"target\":{\"@type\":\"EntryPoint\",\"urlTemplate\":\"https:\\\/\\\/www.urbanspot.si\\\/?s={search_term_string}\"},\"query-input\":{\"@type\":\"PropertyValueSpecification\",\"valueRequired\":true,\"valueName\":\"search_term_string\"}}],\"inLanguage\":\"hr\"},{\"@type\":\"Organization\",\"@id\":\"https:\\\/\\\/www.urbanspot.si\\\/#organization\",\"name\":\"UrbanSpot\",\"url\":\"https:\\\/\\\/www.urbanspot.si\\\/\",\"logo\":{\"@type\":\"ImageObject\",\"inLanguage\":\"hr\",\"@id\":\"https:\\\/\\\/www.urbanspot.si\\\/#\\\/schema\\\/logo\\\/image\\\/\",\"url\":\"https:\\\/\\\/www.urbanspot.si\\\/wp-content\\\/uploads\\\/urbanspot-logo.svg\",\"contentUrl\":\"https:\\\/\\\/www.urbanspot.si\\\/wp-content\\\/uploads\\\/urbanspot-logo.svg\",\"width\":185,\"height\":40,\"caption\":\"UrbanSpot\"},\"image\":{\"@id\":\"https:\\\/\\\/www.urbanspot.si\\\/#\\\/schema\\\/logo\\\/image\\\/\"},\"sameAs\":[\"https:\\\/\\\/www.facebook.com\\\/urbanspot.si\"]}]}<\/script>\n<!-- \/ Yoast SEO plugin. -->","yoast_head_json":{"title":"Za\u0161\u010ditna folija Urbie 3MK, Samsung Galaxy S21 Ultra -","robots":{"index":"index","follow":"follow","max-snippet":"max-snippet:-1","max-image-preview":"max-image-preview:large","max-video-preview":"max-video-preview:-1"},"canonical":"https:\/\/www.urbanspot.si\/hr\/proizvod-2\/zastitna-folija-urbie-3mk-samsung-galaxy-s21-ultra\/","og_locale":"hr_HR","og_type":"article","og_title":"Za\u0161\u010ditna folija Urbie 3MK, Samsung Galaxy S21 Ultra -","og_description":"Visokokvalitetna za\u0161\u010ditna folija za va\u0161 zaslon. Z antimikrobnim premazom, ki za\u0161\u010diti in poskrbi da je va\u0161 zaslon za\u0161\u010diten in \u010dist.","og_url":"https:\/\/www.urbanspot.si\/hr\/proizvod-2\/zastitna-folija-urbie-3mk-samsung-galaxy-s21-ultra\/","article_publisher":"https:\/\/www.facebook.com\/urbanspot.si","article_modified_time":"2026-03-19T14:03:38+00:00","og_image":[{"width":891,"height":886,"url":"https:\/\/www.urbanspot.si\/wp-content\/uploads\/zascitna-folija-urbie-3mk-samsung-galaxy-s21-ultra.jpg","type":"image\/jpeg"}],"twitter_card":"summary_large_image","schema":{"@context":"https:\/\/schema.org","@graph":[{"@type":"WebPage","@id":"https:\/\/www.urbanspot.si\/produkt\/zascitna-folija-urbie-3mk-samsung-galaxy-s21-ultra\/","url":"https:\/\/www.urbanspot.si\/produkt\/zascitna-folija-urbie-3mk-samsung-galaxy-s21-ultra\/","name":"Za\u0161\u010ditna folija Urbie 3MK, Samsung Galaxy S21 Ultra -","isPartOf":{"@id":"https:\/\/www.urbanspot.si\/#website"},"primaryImageOfPage":{"@id":"https:\/\/www.urbanspot.si\/produkt\/zascitna-folija-urbie-3mk-samsung-galaxy-s21-ultra\/#primaryimage"},"image":{"@id":"https:\/\/www.urbanspot.si\/produkt\/zascitna-folija-urbie-3mk-samsung-galaxy-s21-ultra\/#primaryimage"},"thumbnailUrl":"https:\/\/www.urbanspot.si\/wp-content\/uploads\/zascitna-folija-urbie-3mk-samsung-galaxy-s21-ultra.jpg","datePublished":"2024-05-22T13:48:44+00:00","dateModified":"2026-03-19T14:03:38+00:00","breadcrumb":{"@id":"https:\/\/www.urbanspot.si\/produkt\/zascitna-folija-urbie-3mk-samsung-galaxy-s21-ultra\/#breadcrumb"},"inLanguage":"hr","potentialAction":[{"@type":"ReadAction","target":["https:\/\/www.urbanspot.si\/produkt\/zascitna-folija-urbie-3mk-samsung-galaxy-s21-ultra\/"]}]},{"@type":"ImageObject","inLanguage":"hr","@id":"https:\/\/www.urbanspot.si\/produkt\/zascitna-folija-urbie-3mk-samsung-galaxy-s21-ultra\/#primaryimage","url":"https:\/\/www.urbanspot.si\/wp-content\/uploads\/zascitna-folija-urbie-3mk-samsung-galaxy-s21-ultra.jpg","contentUrl":"https:\/\/www.urbanspot.si\/wp-content\/uploads\/zascitna-folija-urbie-3mk-samsung-galaxy-s21-ultra.jpg","width":891,"height":886,"caption":"Za\u0161\u010ditna folija Urbie 3MK"},{"@type":"BreadcrumbList","@id":"https:\/\/www.urbanspot.si\/produkt\/zascitna-folija-urbie-3mk-samsung-galaxy-s21-ultra\/#breadcrumb","itemListElement":[{"@type":"ListItem","position":1,"name":"Home","item":"https:\/\/www.urbanspot.si\/"},{"@type":"ListItem","position":2,"name":"Shop","item":"https:\/\/www.urbanspot.si\/shop\/"},{"@type":"ListItem","position":3,"name":"Za\u0161\u010ditna folija Urbie 3MK, Samsung Galaxy S21 Ultra"}]},{"@type":"WebSite","@id":"https:\/\/www.urbanspot.si\/#website","url":"https:\/\/www.urbanspot.si\/","name":"UrbanSpot","description":"","publisher":{"@id":"https:\/\/www.urbanspot.si\/#organization"},"potentialAction":[{"@type":"SearchAction","target":{"@type":"EntryPoint","urlTemplate":"https:\/\/www.urbanspot.si\/?s={search_term_string}"},"query-input":{"@type":"PropertyValueSpecification","valueRequired":true,"valueName":"search_term_string"}}],"inLanguage":"hr"},{"@type":"Organization","@id":"https:\/\/www.urbanspot.si\/#organization","name":"UrbanSpot","url":"https:\/\/www.urbanspot.si\/","logo":{"@type":"ImageObject","inLanguage":"hr","@id":"https:\/\/www.urbanspot.si\/#\/schema\/logo\/image\/","url":"https:\/\/www.urbanspot.si\/wp-content\/uploads\/urbanspot-logo.svg","contentUrl":"https:\/\/www.urbanspot.si\/wp-content\/uploads\/urbanspot-logo.svg","width":185,"height":40,"caption":"UrbanSpot"},"image":{"@id":"https:\/\/www.urbanspot.si\/#\/schema\/logo\/image\/"},"sameAs":["https:\/\/www.facebook.com\/urbanspot.si"]}]}},"_links":{"self":[{"href":"https:\/\/www.urbanspot.si\/hr\/wp-json\/wp\/v2\/product\/16898","targetHints":{"allow":["GET"]}}],"collection":[{"href":"https:\/\/www.urbanspot.si\/hr\/wp-json\/wp\/v2\/product"}],"about":[{"href":"https:\/\/www.urbanspot.si\/hr\/wp-json\/wp\/v2\/types\/product"}],"replies":[{"embeddable":true,"href":"https:\/\/www.urbanspot.si\/hr\/wp-json\/wp\/v2\/comments?post=16898"}],"version-history":[{"count":1,"href":"https:\/\/www.urbanspot.si\/hr\/wp-json\/wp\/v2\/product\/16898\/revisions"}],"predecessor-version":[{"id":16899,"href":"https:\/\/www.urbanspot.si\/hr\/wp-json\/wp\/v2\/product\/16898\/revisions\/16899"}],"wp:featuredmedia":[{"embeddable":true,"href":"https:\/\/www.urbanspot.si\/hr\/wp-json\/wp\/v2\/media\/16900"}],"wp:attachment":[{"href":"https:\/\/www.urbanspot.si\/hr\/wp-json\/wp\/v2\/media?parent=16898"}],"wp:term":[{"taxonomy":"product_brand","embeddable":true,"href":"https:\/\/www.urbanspot.si\/hr\/wp-json\/wp\/v2\/product_brand?post=16898"},{"taxonomy":"product_cat","embeddable":true,"href":"https:\/\/www.urbanspot.si\/hr\/wp-json\/wp\/v2\/product_cat?post=16898"},{"taxonomy":"product_tag","embeddable":true,"href":"https:\/\/www.urbanspot.si\/hr\/wp-json\/wp\/v2\/product_tag?post=16898"}],"curies":[{"name":"radni list","href":"https:\/\/api.w.org\/{rel}","templated":true}]}}