{"id":17564,"date":"2024-08-28T14:23:25","date_gmt":"2024-08-28T13:23:25","guid":{"rendered":"https:\/\/www.urbanspot.si\/produkt\/guess-quilted-usnjena-torba-do-16-prenosnike-rosegold\/"},"modified":"2026-03-18T15:52:22","modified_gmt":"2026-03-18T13:52:22","slug":"guess-prosivena-kozna-torba-do-16-prijenosnih-racunala-ruzicasto-zlatna","status":"publish","type":"product","link":"https:\/\/www.urbanspot.si\/hr\/produkt\/guess-quilted-usnjena-torba-do-16-prenosnike-rosegold\/","title":{"rendered":"Guess pro\u0161ivena torba za laptop, za laptope do 16\u2033, ru\u017ei\u010dasta"},"content":{"rendered":"<p>Promi\u0161ljen i elegantan dizajn Guess torbe osigurava sigurno i prakti\u010dno postavljanje prijenosnog ra\u010dunala bez rizika od o\u0161te\u0107enja tijekom putovanja. Glavni pretinac, gdje se prijenosno ra\u010dunalo mo\u017ee pohraniti, otvara se patentnim zatvara\u010dem. Za prakti\u010dnije kori\u0161tenje torbe, na kuke mo\u017eete pri\u010dvrstiti \u0161iroki remen koji se mo\u017ee podesiti po duljini. Na stra\u017enjoj strani nalazi se dr\u017ea\u010d kojim torbu mo\u017eete pri\u010dvrstiti na kofer. Tako da svoje prijenosno ra\u010dunalo uvijek mo\u017eete ponijeti sa sobom svugdje.<\/p>\n<ul>\n<li>Prikladnost: Za sve laptope do 16&quot;<\/li>\n<li>Materijal: Visokokvalitetna umjetna EKO ko\u017ea<\/li>\n<li>Potpuna za\u0161tita od: povr\u0161inskih o\u0161te\u0107enja, prljav\u0161tine, ogrebotina i manjih padova<\/li>\n<li>Dijelovi torbe: Glavni pretinac za laptop, dvije ru\u010dke i odvojivi remen za rame<\/li>\n<li>Dimenzije torbe: 20 x 10 x 50 cm<\/li>\n<li>Te\u017eina: 262 g<\/li>\n<\/ul>","protected":false},"excerpt":{"rendered":"<p>Guess Quilted je savr\u0161ena torba za 15-in\u010dno prijenosno ra\u010dunalo. Ova je torba izra\u0111ena od visokokvalitetne umjetne EKO ko\u017ee, s teksturiranom povr\u0161inom i visokokvalitetnim \u0161avovima te zlatnim Guess logotipom. Unutra\u0161njost je oja\u010dana ugodnim umetkom koji je mekan na dodir. Va\u0161e prijenosno ra\u010dunalo bit \u0107e u potpunosti za\u0161ti\u0107eno od povr\u0161inskih o\u0161te\u0107enja, prljav\u0161tine, ogrebotina i manjih padova. Torba uklju\u010duje glavni pretinac za prijenosno ra\u010dunalo, dvije ru\u010dke i odvojivi remen za rame za udobno no\u0161enje.<\/p>","protected":false},"featured_media":17566,"comment_status":"closed","ping_status":"closed","template":"","meta":[],"product_brand":[],"product_cat":[91,140,549],"product_tag":[],"class_list":{"0":"post-17564","1":"product","2":"type-product","3":"status-publish","4":"has-post-thumbnail","6":"product_cat-razprodaja","7":"product_cat-torbe","8":"product_cat-torbe-za-prenosnike","10":"first","11":"outofstock","12":"sale","13":"taxable","14":"shipping-taxable","15":"purchasable","16":"product-type-simple"},"yoast_head":"<!-- This site is optimized with the Yoast SEO plugin v27.2 - https:\/\/yoast.com\/product\/yoast-seo-wordpress\/ -->\n<title>Torba za prenosnik Guess Quilted , do 16&quot; prenosnike, roza -<\/title>\n<meta name=\"robots\" content=\"index, follow, max-snippet:-1, max-image-preview:large, max-video-preview:-1\" \/>\n<link rel=\"canonical\" href=\"https:\/\/www.urbanspot.si\/hr\/proizvod-2\/guess-prosivena-kozna-torba-do-16-prijenosnih-racunala-ruzicasto-zlatna\/\" \/>\n<meta property=\"og:locale\" content=\"hr_HR\" \/>\n<meta property=\"og:type\" content=\"article\" \/>\n<meta property=\"og:title\" content=\"Torba za prenosnik Guess Quilted , do 16&quot; prenosnike, roza -\" \/>\n<meta property=\"og:description\" content=\"Guess Quilted je popoln torba za 15&quot; prenosnik. Ta torba je izdelana iz visokokakovostnega umetnega ECO usnja, s teksturirano povr\u0161ino in visokokakovostnimi \u0161ivi ter zlatim logotipom Guess. Notranji del je oja\u010dan s prijetnim vlo\u017ekom, ki je mehak na dotik. Va\u0161 prenosnik bo popolnoma za\u0161\u010diten pred povr\u0161inskimi po\u0161kodbami, umazanijo, praskami in manj\u0161imi padci. Torbica vklju\u010duje glavni predal za prenosnik, dva ro\u010daja in odstranljiv naramni pas za udobno no\u0161enje.\" \/>\n<meta property=\"og:url\" content=\"https:\/\/www.urbanspot.si\/hr\/proizvod-2\/guess-prosivena-kozna-torba-do-16-prijenosnih-racunala-ruzicasto-zlatna\/\" \/>\n<meta property=\"article:publisher\" content=\"https:\/\/www.facebook.com\/urbanspot.si\" \/>\n<meta property=\"article:modified_time\" content=\"2026-03-18T13:52:22+00:00\" \/>\n<meta property=\"og:image\" content=\"https:\/\/www.urbanspot.si\/wp-content\/uploads\/guess-quilted-usnjena-torba-do-16-prenosnike-rosegold.jpg\" \/>\n\t<meta property=\"og:image:width\" content=\"749\" \/>\n\t<meta property=\"og:image:height\" content=\"749\" \/>\n\t<meta property=\"og:image:type\" content=\"image\/jpeg\" \/>\n<meta name=\"twitter:card\" content=\"summary_large_image\" \/>\n<meta name=\"twitter:label1\" content=\"Procijenjeno vrijeme \u010ditanja\" \/>\n\t<meta name=\"twitter:data1\" content=\"1 minuta\" \/>\n<script type=\"application\/ld+json\" class=\"yoast-schema-graph\">{\"@context\":\"https:\/\/schema.org\",\"@graph\":[{\"@type\":\"WebPage\",\"@id\":\"https:\/\/www.urbanspot.si\/produkt\/guess-quilted-usnjena-torba-do-16-prenosnike-rosegold\/\",\"url\":\"https:\/\/www.urbanspot.si\/produkt\/guess-quilted-usnjena-torba-do-16-prenosnike-rosegold\/\",\"name\":\"Torba za prenosnik Guess Quilted , do 16\\\" prenosnike, roza -\",\"isPartOf\":{\"@id\":\"https:\/\/www.urbanspot.si\/#website\"},\"primaryImageOfPage\":{\"@id\":\"https:\/\/www.urbanspot.si\/produkt\/guess-quilted-usnjena-torba-do-16-prenosnike-rosegold\/#primaryimage\"},\"image\":{\"@id\":\"https:\/\/www.urbanspot.si\/produkt\/guess-quilted-usnjena-torba-do-16-prenosnike-rosegold\/#primaryimage\"},\"thumbnailUrl\":\"https:\/\/www.urbanspot.si\/wp-content\/uploads\/guess-quilted-usnjena-torba-do-16-prenosnike-rosegold.jpg\",\"datePublished\":\"2024-08-28T13:23:25+00:00\",\"dateModified\":\"2026-03-18T13:52:22+00:00\",\"breadcrumb\":{\"@id\":\"https:\/\/www.urbanspot.si\/produkt\/guess-quilted-usnjena-torba-do-16-prenosnike-rosegold\/#breadcrumb\"},\"inLanguage\":\"hr\",\"potentialAction\":[{\"@type\":\"ReadAction\",\"target\":[\"https:\/\/www.urbanspot.si\/produkt\/guess-quilted-usnjena-torba-do-16-prenosnike-rosegold\/\"]}]},{\"@type\":\"ImageObject\",\"inLanguage\":\"hr\",\"@id\":\"https:\/\/www.urbanspot.si\/produkt\/guess-quilted-usnjena-torba-do-16-prenosnike-rosegold\/#primaryimage\",\"url\":\"https:\/\/www.urbanspot.si\/wp-content\/uploads\/guess-quilted-usnjena-torba-do-16-prenosnike-rosegold.jpg\",\"contentUrl\":\"https:\/\/www.urbanspot.si\/wp-content\/uploads\/guess-quilted-usnjena-torba-do-16-prenosnike-rosegold.jpg\",\"width\":749,\"height\":749,\"caption\":\"Guess Quilted Pink usnjena torba do 16\\\" prenosnike\"},{\"@type\":\"BreadcrumbList\",\"@id\":\"https:\/\/www.urbanspot.si\/produkt\/guess-quilted-usnjena-torba-do-16-prenosnike-rosegold\/#breadcrumb\",\"itemListElement\":[{\"@type\":\"ListItem\",\"position\":1,\"name\":\"Home\",\"item\":\"https:\/\/www.urbanspot.si\/\"},{\"@type\":\"ListItem\",\"position\":2,\"name\":\"Shop\",\"item\":\"https:\/\/www.urbanspot.si\/shop\/\"},{\"@type\":\"ListItem\",\"position\":3,\"name\":\"Torba za prenosnik Guess Quilted , do 16&#8243; prenosnike, roza\"}]},{\"@type\":\"WebSite\",\"@id\":\"https:\/\/www.urbanspot.si\/#website\",\"url\":\"https:\/\/www.urbanspot.si\/\",\"name\":\"UrbanSpot\",\"description\":\"\",\"publisher\":{\"@id\":\"https:\/\/www.urbanspot.si\/#organization\"},\"potentialAction\":[{\"@type\":\"SearchAction\",\"target\":{\"@type\":\"EntryPoint\",\"urlTemplate\":\"https:\/\/www.urbanspot.si\/?s={search_term_string}\"},\"query-input\":{\"@type\":\"PropertyValueSpecification\",\"valueRequired\":true,\"valueName\":\"search_term_string\"}}],\"inLanguage\":\"hr\"},{\"@type\":\"Organization\",\"@id\":\"https:\/\/www.urbanspot.si\/#organization\",\"name\":\"UrbanSpot\",\"url\":\"https:\/\/www.urbanspot.si\/\",\"logo\":{\"@type\":\"ImageObject\",\"inLanguage\":\"hr\",\"@id\":\"https:\/\/www.urbanspot.si\/#\/schema\/logo\/image\/\",\"url\":\"https:\/\/www.urbanspot.si\/wp-content\/uploads\/urbanspot-logo.svg\",\"contentUrl\":\"https:\/\/www.urbanspot.si\/wp-content\/uploads\/urbanspot-logo.svg\",\"width\":185,\"height\":40,\"caption\":\"UrbanSpot\"},\"image\":{\"@id\":\"https:\/\/www.urbanspot.si\/#\/schema\/logo\/image\/\"},\"sameAs\":[\"https:\/\/www.facebook.com\/urbanspot.si\"]}]}<\/script>\n<!-- \/ Yoast SEO plugin. -->","yoast_head_json":{"title":"Torba za prijenosno ra\u010dunalo Guess Quilted, za prijenosna ra\u010dunala do 16\", ru\u017ei\u010dasta","robots":{"index":"index","follow":"follow","max-snippet":"max-snippet:-1","max-image-preview":"max-image-preview:large","max-video-preview":"max-video-preview:-1"},"canonical":"https:\/\/www.urbanspot.si\/hr\/proizvod-2\/guess-prosivena-kozna-torba-do-16-prijenosnih-racunala-ruzicasto-zlatna\/","og_locale":"hr_HR","og_type":"article","og_title":"Torba za prenosnik Guess Quilted , do 16\" prenosnike, roza -","og_description":"Guess Quilted je popoln torba za 15\" prenosnik. Ta torba je izdelana iz visokokakovostnega umetnega ECO usnja, s teksturirano povr\u0161ino in visokokakovostnimi \u0161ivi ter zlatim logotipom Guess. Notranji del je oja\u010dan s prijetnim vlo\u017ekom, ki je mehak na dotik. Va\u0161 prenosnik bo popolnoma za\u0161\u010diten pred povr\u0161inskimi po\u0161kodbami, umazanijo, praskami in manj\u0161imi padci. Torbica vklju\u010duje glavni predal za prenosnik, dva ro\u010daja in odstranljiv naramni pas za udobno no\u0161enje.","og_url":"https:\/\/www.urbanspot.si\/hr\/proizvod-2\/guess-prosivena-kozna-torba-do-16-prijenosnih-racunala-ruzicasto-zlatna\/","article_publisher":"https:\/\/www.facebook.com\/urbanspot.si","article_modified_time":"2026-03-18T13:52:22+00:00","og_image":[{"width":749,"height":749,"url":"https:\/\/www.urbanspot.si\/wp-content\/uploads\/guess-quilted-usnjena-torba-do-16-prenosnike-rosegold.jpg","type":"image\/jpeg"}],"twitter_card":"summary_large_image","twitter_misc":{"Procijenjeno vrijeme \u010ditanja":"1 minuta"},"schema":{"@context":"https:\/\/schema.org","@graph":[{"@type":"WebPage","@id":"https:\/\/www.urbanspot.si\/produkt\/guess-quilted-usnjena-torba-do-16-prenosnike-rosegold\/","url":"https:\/\/www.urbanspot.si\/produkt\/guess-quilted-usnjena-torba-do-16-prenosnike-rosegold\/","name":"Torba za prijenosno ra\u010dunalo Guess Quilted, za prijenosna ra\u010dunala do 16\", ru\u017ei\u010dasta","isPartOf":{"@id":"https:\/\/www.urbanspot.si\/#website"},"primaryImageOfPage":{"@id":"https:\/\/www.urbanspot.si\/produkt\/guess-quilted-usnjena-torba-do-16-prenosnike-rosegold\/#primaryimage"},"image":{"@id":"https:\/\/www.urbanspot.si\/produkt\/guess-quilted-usnjena-torba-do-16-prenosnike-rosegold\/#primaryimage"},"thumbnailUrl":"https:\/\/www.urbanspot.si\/wp-content\/uploads\/guess-quilted-usnjena-torba-do-16-prenosnike-rosegold.jpg","datePublished":"2024-08-28T13:23:25+00:00","dateModified":"2026-03-18T13:52:22+00:00","breadcrumb":{"@id":"https:\/\/www.urbanspot.si\/produkt\/guess-quilted-usnjena-torba-do-16-prenosnike-rosegold\/#breadcrumb"},"inLanguage":"hr","potentialAction":[{"@type":"ReadAction","target":["https:\/\/www.urbanspot.si\/produkt\/guess-quilted-usnjena-torba-do-16-prenosnike-rosegold\/"]}]},{"@type":"ImageObject","inLanguage":"hr","@id":"https:\/\/www.urbanspot.si\/produkt\/guess-quilted-usnjena-torba-do-16-prenosnike-rosegold\/#primaryimage","url":"https:\/\/www.urbanspot.si\/wp-content\/uploads\/guess-quilted-usnjena-torba-do-16-prenosnike-rosegold.jpg","contentUrl":"https:\/\/www.urbanspot.si\/wp-content\/uploads\/guess-quilted-usnjena-torba-do-16-prenosnike-rosegold.jpg","width":749,"height":749,"caption":"Guess Quilted Pink usnjena torba do 16\" prenosnike"},{"@type":"BreadcrumbList","@id":"https:\/\/www.urbanspot.si\/produkt\/guess-quilted-usnjena-torba-do-16-prenosnike-rosegold\/#breadcrumb","itemListElement":[{"@type":"ListItem","position":1,"name":"Home","item":"https:\/\/www.urbanspot.si\/"},{"@type":"ListItem","position":2,"name":"Shop","item":"https:\/\/www.urbanspot.si\/shop\/"},{"@type":"ListItem","position":3,"name":"Torba za prenosnik Guess Quilted , do 16&#8243; prenosnike, roza"}]},{"@type":"WebSite","@id":"https:\/\/www.urbanspot.si\/#website","url":"https:\/\/www.urbanspot.si\/","name":"UrbanSpot","description":"","publisher":{"@id":"https:\/\/www.urbanspot.si\/#organization"},"potentialAction":[{"@type":"SearchAction","target":{"@type":"EntryPoint","urlTemplate":"https:\/\/www.urbanspot.si\/?s={search_term_string}"},"query-input":{"@type":"PropertyValueSpecification","valueRequired":true,"valueName":"search_term_string"}}],"inLanguage":"hr"},{"@type":"Organization","@id":"https:\/\/www.urbanspot.si\/#organization","name":"UrbanSpot","url":"https:\/\/www.urbanspot.si\/","logo":{"@type":"ImageObject","inLanguage":"hr","@id":"https:\/\/www.urbanspot.si\/#\/schema\/logo\/image\/","url":"https:\/\/www.urbanspot.si\/wp-content\/uploads\/urbanspot-logo.svg","contentUrl":"https:\/\/www.urbanspot.si\/wp-content\/uploads\/urbanspot-logo.svg","width":185,"height":40,"caption":"UrbanSpot"},"image":{"@id":"https:\/\/www.urbanspot.si\/#\/schema\/logo\/image\/"},"sameAs":["https:\/\/www.facebook.com\/urbanspot.si"]}]}},"_links":{"self":[{"href":"https:\/\/www.urbanspot.si\/hr\/wp-json\/wp\/v2\/product\/17564","targetHints":{"allow":["GET"]}}],"collection":[{"href":"https:\/\/www.urbanspot.si\/hr\/wp-json\/wp\/v2\/product"}],"about":[{"href":"https:\/\/www.urbanspot.si\/hr\/wp-json\/wp\/v2\/types\/product"}],"replies":[{"embeddable":true,"href":"https:\/\/www.urbanspot.si\/hr\/wp-json\/wp\/v2\/comments?post=17564"}],"version-history":[{"count":3,"href":"https:\/\/www.urbanspot.si\/hr\/wp-json\/wp\/v2\/product\/17564\/revisions"}],"predecessor-version":[{"id":27211,"href":"https:\/\/www.urbanspot.si\/hr\/wp-json\/wp\/v2\/product\/17564\/revisions\/27211"}],"wp:featuredmedia":[{"embeddable":true,"href":"https:\/\/www.urbanspot.si\/hr\/wp-json\/wp\/v2\/media\/17566"}],"wp:attachment":[{"href":"https:\/\/www.urbanspot.si\/hr\/wp-json\/wp\/v2\/media?parent=17564"}],"wp:term":[{"taxonomy":"product_brand","embeddable":true,"href":"https:\/\/www.urbanspot.si\/hr\/wp-json\/wp\/v2\/product_brand?post=17564"},{"taxonomy":"product_cat","embeddable":true,"href":"https:\/\/www.urbanspot.si\/hr\/wp-json\/wp\/v2\/product_cat?post=17564"},{"taxonomy":"product_tag","embeddable":true,"href":"https:\/\/www.urbanspot.si\/hr\/wp-json\/wp\/v2\/product_tag?post=17564"}],"curies":[{"name":"radni list","href":"https:\/\/api.w.org\/{rel}","templated":true}]}}