{"id":17608,"date":"2024-08-28T14:24:15","date_gmt":"2024-08-28T13:24:15","guid":{"rendered":"https:\/\/www.urbanspot.si\/produkt\/kabel-urbie-joyroom-usb-c-na-usb-c-2m\/"},"modified":"2026-03-19T16:03:37","modified_gmt":"2026-03-19T14:03:37","slug":"kabel-urbie-joyroom-usb-c-na-usb-c-2m","status":"publish","type":"product","link":"https:\/\/www.urbanspot.si\/hr\/produkt\/kabel-urbie-joyroom-usb-c-na-usb-c-2m\/","title":{"rendered":"Urbie JOYROOM USB-C na USB-C kabel, 2 m"},"content":{"rendered":"<p>JOYROOM Urbie kabel.\u00a0<\/p>\n<p>\u00a0<\/p>\n<p>Zna\u010dajke:\u00a0<\/p>\n<ul>\n<li>Ima visoku otpornost na savijanje zahvaljuju\u0107i izdr\u017eljivom najlonu i oja\u010danju od kabelskog utika\u010da<\/li>\n<li>Osigurava brz i stabilan prijenos podataka.<\/li>\n<li>Snaga: do 60 W<\/li>\n<li>Dolazi s vi\u0161eslojnom za\u0161titom i \u010dvrstom strukturom<\/li>\n<li>Izra\u0111eno od visokokvalitetnih materijala<\/li>\n<li>Kabel otporan na prljav\u0161tinu i pra\u0161inu<\/li>\n<li>\u00a0Duljina kabela: 2 m<\/li>\n<li>Boja: crna<\/li>\n<\/ul>","protected":false},"excerpt":{"rendered":"<p>Hitro napolnite svoj pametni telefon z kablom  Urbie JOYROOM USB &#8211; C na USB .Kabel ima na obeh straneh priklju\u010dek USB-C. Omogo\u010da hiter prenos podatkov in hitro polnjenje, tako da boste lahko svojo napravo uporabljali v najkraj\u0161em mo\u017enem \u010dasu.<\/p>","protected":false},"featured_media":17610,"comment_status":"closed","ping_status":"closed","template":"","meta":[],"product_brand":[],"product_cat":[104,249,91],"product_tag":[],"class_list":{"0":"post-17608","1":"product","2":"type-product","3":"status-publish","4":"has-post-thumbnail","6":"product_cat-dodatna-oprema","7":"product_cat-kabli-in-polnilci","8":"product_cat-razprodaja","9":"pa_primerno-za-model-samsung-galaxy-a15-5g","10":"pa_primerno-za-model-samsung-galaxy-a35-5g","11":"pa_primerno-za-model-samsung-galaxy-a55-5g","12":"pa_primerno-za-model-samsung-galaxy-s23","13":"pa_primerno-za-model-samsung-galaxy-s23-fe","14":"pa_primerno-za-model-xiaomi-redmi-note-13","15":"pa_primerno-za-model-xiaomi-redmi-note-13-pro","16":"pa_primerno-za-proizvajalca-dodatek-za-telefon","18":"first","19":"outofstock","20":"sale","21":"taxable","22":"shipping-taxable","23":"purchasable","24":"product-type-simple"},"yoast_head":"<!-- This site is optimized with the Yoast SEO plugin v27.4 - https:\/\/yoast.com\/product\/yoast-seo-wordpress\/ -->\n<title>Kabel Urbie JOYROOM USB - C na USB - C, 2m -<\/title>\n<meta name=\"robots\" content=\"index, follow, max-snippet:-1, max-image-preview:large, max-video-preview:-1\" \/>\n<link rel=\"canonical\" href=\"https:\/\/www.urbanspot.si\/hr\/proizvod-2\/kabel-urbie-joyroom-usb-c-na-usb-c-2m\/\" \/>\n<meta property=\"og:locale\" content=\"hr_HR\" \/>\n<meta property=\"og:type\" content=\"article\" \/>\n<meta property=\"og:title\" content=\"Kabel Urbie JOYROOM USB - C na USB - C, 2m -\" \/>\n<meta property=\"og:description\" content=\"Hitro napolnite svoj pametni telefon z kablom Urbie JOYROOM USB - C na USB .Kabel ima na obeh straneh priklju\u010dek USB-C. Omogo\u010da hiter prenos podatkov in hitro polnjenje, tako da boste lahko svojo napravo uporabljali v najkraj\u0161em mo\u017enem \u010dasu.\" \/>\n<meta property=\"og:url\" content=\"https:\/\/www.urbanspot.si\/hr\/proizvod-2\/kabel-urbie-joyroom-usb-c-na-usb-c-2m\/\" \/>\n<meta property=\"article:publisher\" content=\"https:\/\/www.facebook.com\/urbanspot.si\" \/>\n<meta property=\"article:modified_time\" content=\"2026-03-19T14:03:37+00:00\" \/>\n<meta property=\"og:image\" content=\"https:\/\/www.urbanspot.si\/wp-content\/uploads\/kabel-urbie-joyroom-usb-c-na-usb-c-2m.jpg\" \/>\n\t<meta property=\"og:image:width\" content=\"909\" \/>\n\t<meta property=\"og:image:height\" content=\"902\" \/>\n\t<meta property=\"og:image:type\" content=\"image\/jpeg\" \/>\n<meta name=\"twitter:card\" content=\"summary_large_image\" \/>\n<script type=\"application\/ld+json\" class=\"yoast-schema-graph\">{\"@context\":\"https:\\\/\\\/schema.org\",\"@graph\":[{\"@type\":\"WebPage\",\"@id\":\"https:\\\/\\\/www.urbanspot.si\\\/produkt\\\/kabel-urbie-joyroom-usb-c-na-usb-c-2m\\\/\",\"url\":\"https:\\\/\\\/www.urbanspot.si\\\/produkt\\\/kabel-urbie-joyroom-usb-c-na-usb-c-2m\\\/\",\"name\":\"Kabel Urbie JOYROOM USB - C na USB - C, 2m -\",\"isPartOf\":{\"@id\":\"https:\\\/\\\/www.urbanspot.si\\\/#website\"},\"primaryImageOfPage\":{\"@id\":\"https:\\\/\\\/www.urbanspot.si\\\/produkt\\\/kabel-urbie-joyroom-usb-c-na-usb-c-2m\\\/#primaryimage\"},\"image\":{\"@id\":\"https:\\\/\\\/www.urbanspot.si\\\/produkt\\\/kabel-urbie-joyroom-usb-c-na-usb-c-2m\\\/#primaryimage\"},\"thumbnailUrl\":\"https:\\\/\\\/www.urbanspot.si\\\/wp-content\\\/uploads\\\/kabel-urbie-joyroom-usb-c-na-usb-c-2m.jpg\",\"datePublished\":\"2024-08-28T13:24:15+00:00\",\"dateModified\":\"2026-03-19T14:03:37+00:00\",\"breadcrumb\":{\"@id\":\"https:\\\/\\\/www.urbanspot.si\\\/produkt\\\/kabel-urbie-joyroom-usb-c-na-usb-c-2m\\\/#breadcrumb\"},\"inLanguage\":\"hr\",\"potentialAction\":[{\"@type\":\"ReadAction\",\"target\":[\"https:\\\/\\\/www.urbanspot.si\\\/produkt\\\/kabel-urbie-joyroom-usb-c-na-usb-c-2m\\\/\"]}]},{\"@type\":\"ImageObject\",\"inLanguage\":\"hr\",\"@id\":\"https:\\\/\\\/www.urbanspot.si\\\/produkt\\\/kabel-urbie-joyroom-usb-c-na-usb-c-2m\\\/#primaryimage\",\"url\":\"https:\\\/\\\/www.urbanspot.si\\\/wp-content\\\/uploads\\\/kabel-urbie-joyroom-usb-c-na-usb-c-2m.jpg\",\"contentUrl\":\"https:\\\/\\\/www.urbanspot.si\\\/wp-content\\\/uploads\\\/kabel-urbie-joyroom-usb-c-na-usb-c-2m.jpg\",\"width\":909,\"height\":902,\"caption\":\"Kabel Urbie JOYROOM USB - C na USB - C\"},{\"@type\":\"BreadcrumbList\",\"@id\":\"https:\\\/\\\/www.urbanspot.si\\\/produkt\\\/kabel-urbie-joyroom-usb-c-na-usb-c-2m\\\/#breadcrumb\",\"itemListElement\":[{\"@type\":\"ListItem\",\"position\":1,\"name\":\"Home\",\"item\":\"https:\\\/\\\/www.urbanspot.si\\\/\"},{\"@type\":\"ListItem\",\"position\":2,\"name\":\"Shop\",\"item\":\"https:\\\/\\\/www.urbanspot.si\\\/shop\\\/\"},{\"@type\":\"ListItem\",\"position\":3,\"name\":\"Kabel Urbie JOYROOM USB &#8211; C na USB &#8211; C, 2m\"}]},{\"@type\":\"WebSite\",\"@id\":\"https:\\\/\\\/www.urbanspot.si\\\/#website\",\"url\":\"https:\\\/\\\/www.urbanspot.si\\\/\",\"name\":\"UrbanSpot\",\"description\":\"\",\"publisher\":{\"@id\":\"https:\\\/\\\/www.urbanspot.si\\\/#organization\"},\"potentialAction\":[{\"@type\":\"SearchAction\",\"target\":{\"@type\":\"EntryPoint\",\"urlTemplate\":\"https:\\\/\\\/www.urbanspot.si\\\/?s={search_term_string}\"},\"query-input\":{\"@type\":\"PropertyValueSpecification\",\"valueRequired\":true,\"valueName\":\"search_term_string\"}}],\"inLanguage\":\"hr\"},{\"@type\":\"Organization\",\"@id\":\"https:\\\/\\\/www.urbanspot.si\\\/#organization\",\"name\":\"UrbanSpot\",\"url\":\"https:\\\/\\\/www.urbanspot.si\\\/\",\"logo\":{\"@type\":\"ImageObject\",\"inLanguage\":\"hr\",\"@id\":\"https:\\\/\\\/www.urbanspot.si\\\/#\\\/schema\\\/logo\\\/image\\\/\",\"url\":\"https:\\\/\\\/www.urbanspot.si\\\/wp-content\\\/uploads\\\/urbanspot-logo.svg\",\"contentUrl\":\"https:\\\/\\\/www.urbanspot.si\\\/wp-content\\\/uploads\\\/urbanspot-logo.svg\",\"width\":185,\"height\":40,\"caption\":\"UrbanSpot\"},\"image\":{\"@id\":\"https:\\\/\\\/www.urbanspot.si\\\/#\\\/schema\\\/logo\\\/image\\\/\"},\"sameAs\":[\"https:\\\/\\\/www.facebook.com\\\/urbanspot.si\"]}]}<\/script>\n<!-- \/ Yoast SEO plugin. -->","yoast_head_json":{"title":"Kabel Urbie JOYROOM USB - C na USB - C, 2m -","robots":{"index":"index","follow":"follow","max-snippet":"max-snippet:-1","max-image-preview":"max-image-preview:large","max-video-preview":"max-video-preview:-1"},"canonical":"https:\/\/www.urbanspot.si\/hr\/proizvod-2\/kabel-urbie-joyroom-usb-c-na-usb-c-2m\/","og_locale":"hr_HR","og_type":"article","og_title":"Kabel Urbie JOYROOM USB - C na USB - C, 2m -","og_description":"Hitro napolnite svoj pametni telefon z kablom Urbie JOYROOM USB - C na USB .Kabel ima na obeh straneh priklju\u010dek USB-C. Omogo\u010da hiter prenos podatkov in hitro polnjenje, tako da boste lahko svojo napravo uporabljali v najkraj\u0161em mo\u017enem \u010dasu.","og_url":"https:\/\/www.urbanspot.si\/hr\/proizvod-2\/kabel-urbie-joyroom-usb-c-na-usb-c-2m\/","article_publisher":"https:\/\/www.facebook.com\/urbanspot.si","article_modified_time":"2026-03-19T14:03:37+00:00","og_image":[{"width":909,"height":902,"url":"https:\/\/www.urbanspot.si\/wp-content\/uploads\/kabel-urbie-joyroom-usb-c-na-usb-c-2m.jpg","type":"image\/jpeg"}],"twitter_card":"summary_large_image","schema":{"@context":"https:\/\/schema.org","@graph":[{"@type":"WebPage","@id":"https:\/\/www.urbanspot.si\/produkt\/kabel-urbie-joyroom-usb-c-na-usb-c-2m\/","url":"https:\/\/www.urbanspot.si\/produkt\/kabel-urbie-joyroom-usb-c-na-usb-c-2m\/","name":"Kabel Urbie JOYROOM USB - C na USB - C, 2m -","isPartOf":{"@id":"https:\/\/www.urbanspot.si\/#website"},"primaryImageOfPage":{"@id":"https:\/\/www.urbanspot.si\/produkt\/kabel-urbie-joyroom-usb-c-na-usb-c-2m\/#primaryimage"},"image":{"@id":"https:\/\/www.urbanspot.si\/produkt\/kabel-urbie-joyroom-usb-c-na-usb-c-2m\/#primaryimage"},"thumbnailUrl":"https:\/\/www.urbanspot.si\/wp-content\/uploads\/kabel-urbie-joyroom-usb-c-na-usb-c-2m.jpg","datePublished":"2024-08-28T13:24:15+00:00","dateModified":"2026-03-19T14:03:37+00:00","breadcrumb":{"@id":"https:\/\/www.urbanspot.si\/produkt\/kabel-urbie-joyroom-usb-c-na-usb-c-2m\/#breadcrumb"},"inLanguage":"hr","potentialAction":[{"@type":"ReadAction","target":["https:\/\/www.urbanspot.si\/produkt\/kabel-urbie-joyroom-usb-c-na-usb-c-2m\/"]}]},{"@type":"ImageObject","inLanguage":"hr","@id":"https:\/\/www.urbanspot.si\/produkt\/kabel-urbie-joyroom-usb-c-na-usb-c-2m\/#primaryimage","url":"https:\/\/www.urbanspot.si\/wp-content\/uploads\/kabel-urbie-joyroom-usb-c-na-usb-c-2m.jpg","contentUrl":"https:\/\/www.urbanspot.si\/wp-content\/uploads\/kabel-urbie-joyroom-usb-c-na-usb-c-2m.jpg","width":909,"height":902,"caption":"Kabel Urbie JOYROOM USB - C na USB - C"},{"@type":"BreadcrumbList","@id":"https:\/\/www.urbanspot.si\/produkt\/kabel-urbie-joyroom-usb-c-na-usb-c-2m\/#breadcrumb","itemListElement":[{"@type":"ListItem","position":1,"name":"Home","item":"https:\/\/www.urbanspot.si\/"},{"@type":"ListItem","position":2,"name":"Shop","item":"https:\/\/www.urbanspot.si\/shop\/"},{"@type":"ListItem","position":3,"name":"Kabel Urbie JOYROOM USB &#8211; C na USB &#8211; C, 2m"}]},{"@type":"WebSite","@id":"https:\/\/www.urbanspot.si\/#website","url":"https:\/\/www.urbanspot.si\/","name":"UrbanSpot","description":"","publisher":{"@id":"https:\/\/www.urbanspot.si\/#organization"},"potentialAction":[{"@type":"SearchAction","target":{"@type":"EntryPoint","urlTemplate":"https:\/\/www.urbanspot.si\/?s={search_term_string}"},"query-input":{"@type":"PropertyValueSpecification","valueRequired":true,"valueName":"search_term_string"}}],"inLanguage":"hr"},{"@type":"Organization","@id":"https:\/\/www.urbanspot.si\/#organization","name":"UrbanSpot","url":"https:\/\/www.urbanspot.si\/","logo":{"@type":"ImageObject","inLanguage":"hr","@id":"https:\/\/www.urbanspot.si\/#\/schema\/logo\/image\/","url":"https:\/\/www.urbanspot.si\/wp-content\/uploads\/urbanspot-logo.svg","contentUrl":"https:\/\/www.urbanspot.si\/wp-content\/uploads\/urbanspot-logo.svg","width":185,"height":40,"caption":"UrbanSpot"},"image":{"@id":"https:\/\/www.urbanspot.si\/#\/schema\/logo\/image\/"},"sameAs":["https:\/\/www.facebook.com\/urbanspot.si"]}]}},"_links":{"self":[{"href":"https:\/\/www.urbanspot.si\/hr\/wp-json\/wp\/v2\/product\/17608","targetHints":{"allow":["GET"]}}],"collection":[{"href":"https:\/\/www.urbanspot.si\/hr\/wp-json\/wp\/v2\/product"}],"about":[{"href":"https:\/\/www.urbanspot.si\/hr\/wp-json\/wp\/v2\/types\/product"}],"replies":[{"embeddable":true,"href":"https:\/\/www.urbanspot.si\/hr\/wp-json\/wp\/v2\/comments?post=17608"}],"version-history":[{"count":1,"href":"https:\/\/www.urbanspot.si\/hr\/wp-json\/wp\/v2\/product\/17608\/revisions"}],"predecessor-version":[{"id":17609,"href":"https:\/\/www.urbanspot.si\/hr\/wp-json\/wp\/v2\/product\/17608\/revisions\/17609"}],"wp:featuredmedia":[{"embeddable":true,"href":"https:\/\/www.urbanspot.si\/hr\/wp-json\/wp\/v2\/media\/17610"}],"wp:attachment":[{"href":"https:\/\/www.urbanspot.si\/hr\/wp-json\/wp\/v2\/media?parent=17608"}],"wp:term":[{"taxonomy":"product_brand","embeddable":true,"href":"https:\/\/www.urbanspot.si\/hr\/wp-json\/wp\/v2\/product_brand?post=17608"},{"taxonomy":"product_cat","embeddable":true,"href":"https:\/\/www.urbanspot.si\/hr\/wp-json\/wp\/v2\/product_cat?post=17608"},{"taxonomy":"product_tag","embeddable":true,"href":"https:\/\/www.urbanspot.si\/hr\/wp-json\/wp\/v2\/product_tag?post=17608"}],"curies":[{"name":"radni list","href":"https:\/\/api.w.org\/{rel}","templated":true}]}}