{"id":17611,"date":"2024-08-28T14:24:15","date_gmt":"2024-08-28T13:24:15","guid":{"rendered":"https:\/\/www.urbanspot.si\/produkt\/celotno-zascitno-steklo-dux-ducis-3d-samsung-galaxy-s24-ultra\/"},"modified":"2026-03-18T15:52:18","modified_gmt":"2026-03-18T13:52:18","slug":"dux-ducis-3d-zastitna-folija-za-cijeli-ekran-za-samsung-galaxy-s24-ultra","status":"publish","type":"product","link":"https:\/\/www.urbanspot.si\/hr\/produkt\/celotno-zascitno-steklo-dux-ducis-3d-samsung-galaxy-s24-ultra\/","title":{"rendered":"Dux Ducis 3D za\u0161titna folija za cijeli ekran za Samsung Galaxy S24 Ultra"},"content":{"rendered":"<p>Za\u0161titno staklo izra\u0111eno je od kemijski obra\u0111enog stakla, \u0161to pru\u017ea izvrsnu prozirnost, vidljivost, visoku osjetljivost i ugodan osje\u0107aj dodira.<\/p>\n<p>Svojstva stakla:<\/p>\n<ul>\n<li>Visokokvalitetno za\u0161titno staklo s potpunom pokriveno\u0161\u0107u<\/li>\n<li>Otporno na habanje i ogrebotine.\u00a0<\/li>\n<li>Jednostavna instalacija.<\/li>\n<li>Tijekom ugradnje ne stvaraju se mjehuri\u0107i ispod stakla.<\/li>\n<li>Sloj protiv lomljenja \u2013 (silikonski premaz)<\/li>\n<li>Staklo prekriva cijeli ekran<\/li>\n<li>Premaz protiv masno\u0107e \u2013 manje otisaka prstiju i drugih mrlja<\/li>\n<li>Debljina stakla: 0,33 mm<\/li>\n<li>Odr\u017eava visoku osjetljivost na dodir<\/li>\n<li>Paket uklju\u010duje: 1x za\u0161titno staklo 1x krpa za \u010di\u0161\u0107enje od mikrovlakana 1x alkoholna maramica za prethodno \u010di\u0161\u0107enje 1x naljepnica za uklanjanje pra\u0161ine<\/li>\n<\/ul>","protected":false},"excerpt":{"rendered":"<p>Dux Ducis Privacy za\u0161titno staklo za cijeli zaslon pru\u017eit \u0107e va\u0161em telefonu izvrsnu za\u0161titu od prljav\u0161tine, ogrebotina i udaraca. Dux Ducis zakrivljeno staklo omogu\u0107uje vam kori\u0161tenje pametnog telefona bez brige o ogrebotinama ili drugim o\u0161te\u0107enjima.<\/p>","protected":false},"featured_media":17613,"comment_status":"closed","ping_status":"closed","template":"","meta":[],"product_brand":[],"product_cat":[493,91,88,89,559],"product_tag":[],"class_list":{"0":"post-17611","1":"product","2":"type-product","3":"status-publish","4":"has-post-thumbnail","6":"product_cat-galaxy-s24-ultra","7":"product_cat-razprodaja","8":"product_cat-samsung","9":"product_cat-samsung-s-serija","10":"product_cat-zascitna-stekla","11":"pa_primerno-za-model-samsung-galaxy-s24-ultra","12":"pa_primerno-za-proizvajalca-samsung","14":"first","15":"outofstock","16":"sale","17":"taxable","18":"shipping-taxable","19":"purchasable","20":"product-type-simple"},"yoast_head":"<!-- This site is optimized with the Yoast SEO plugin v27.2 - https:\/\/yoast.com\/product\/yoast-seo-wordpress\/ -->\n<title>Celotno za\u0161\u010ditno steklo Dux Ducis 3D Samsung Galaxy S24 Ultra -<\/title>\n<meta name=\"robots\" content=\"index, follow, max-snippet:-1, max-image-preview:large, max-video-preview:-1\" \/>\n<link rel=\"canonical\" href=\"https:\/\/www.urbanspot.si\/hr\/proizvod-2\/dux-ducis-3d-zastitna-folija-za-cijeli-ekran-za-samsung-galaxy-s24-ultra\/\" \/>\n<meta property=\"og:locale\" content=\"hr_HR\" \/>\n<meta property=\"og:type\" content=\"article\" \/>\n<meta property=\"og:title\" content=\"Celotno za\u0161\u010ditno steklo Dux Ducis 3D Samsung Galaxy S24 Ultra -\" \/>\n<meta property=\"og:description\" content=\"Dux Ducis Privacy celotno za\u0161\u010ditno steklo bo va\u0161emu telefonu nudil odli\u010dno za\u0161\u010dito pred umazanijo, praskami in udarci. Dux Ducis Curved Glass vam omogo\u010da nemoteno uporabo va\u0161ega pametnega telefona brez skrbi zaradi prask ali drugih po\u0161kodb.\" \/>\n<meta property=\"og:url\" content=\"https:\/\/www.urbanspot.si\/hr\/proizvod-2\/dux-ducis-3d-zastitna-folija-za-cijeli-ekran-za-samsung-galaxy-s24-ultra\/\" \/>\n<meta property=\"article:publisher\" content=\"https:\/\/www.facebook.com\/urbanspot.si\" \/>\n<meta property=\"article:modified_time\" content=\"2026-03-18T13:52:18+00:00\" \/>\n<meta property=\"og:image\" content=\"https:\/\/www.urbanspot.si\/wp-content\/uploads\/celotno-zascitno-steklo-dux-ducis-3d-samsung-galaxy-s24-ultra.jpg\" \/>\n\t<meta property=\"og:image:width\" content=\"895\" \/>\n\t<meta property=\"og:image:height\" content=\"894\" \/>\n\t<meta property=\"og:image:type\" content=\"image\/jpeg\" \/>\n<meta name=\"twitter:card\" content=\"summary_large_image\" \/>\n<meta name=\"twitter:label1\" content=\"Procijenjeno vrijeme \u010ditanja\" \/>\n\t<meta name=\"twitter:data1\" content=\"1 minuta\" \/>\n<script type=\"application\/ld+json\" class=\"yoast-schema-graph\">{\"@context\":\"https:\/\/schema.org\",\"@graph\":[{\"@type\":\"WebPage\",\"@id\":\"https:\/\/www.urbanspot.si\/produkt\/celotno-zascitno-steklo-dux-ducis-3d-samsung-galaxy-s24-ultra\/\",\"url\":\"https:\/\/www.urbanspot.si\/produkt\/celotno-zascitno-steklo-dux-ducis-3d-samsung-galaxy-s24-ultra\/\",\"name\":\"Celotno za\u0161\u010ditno steklo Dux Ducis 3D Samsung Galaxy S24 Ultra -\",\"isPartOf\":{\"@id\":\"https:\/\/www.urbanspot.si\/#website\"},\"primaryImageOfPage\":{\"@id\":\"https:\/\/www.urbanspot.si\/produkt\/celotno-zascitno-steklo-dux-ducis-3d-samsung-galaxy-s24-ultra\/#primaryimage\"},\"image\":{\"@id\":\"https:\/\/www.urbanspot.si\/produkt\/celotno-zascitno-steklo-dux-ducis-3d-samsung-galaxy-s24-ultra\/#primaryimage\"},\"thumbnailUrl\":\"https:\/\/www.urbanspot.si\/wp-content\/uploads\/celotno-zascitno-steklo-dux-ducis-3d-samsung-galaxy-s24-ultra.jpg\",\"datePublished\":\"2024-08-28T13:24:15+00:00\",\"dateModified\":\"2026-03-18T13:52:18+00:00\",\"breadcrumb\":{\"@id\":\"https:\/\/www.urbanspot.si\/produkt\/celotno-zascitno-steklo-dux-ducis-3d-samsung-galaxy-s24-ultra\/#breadcrumb\"},\"inLanguage\":\"hr\",\"potentialAction\":[{\"@type\":\"ReadAction\",\"target\":[\"https:\/\/www.urbanspot.si\/produkt\/celotno-zascitno-steklo-dux-ducis-3d-samsung-galaxy-s24-ultra\/\"]}]},{\"@type\":\"ImageObject\",\"inLanguage\":\"hr\",\"@id\":\"https:\/\/www.urbanspot.si\/produkt\/celotno-zascitno-steklo-dux-ducis-3d-samsung-galaxy-s24-ultra\/#primaryimage\",\"url\":\"https:\/\/www.urbanspot.si\/wp-content\/uploads\/celotno-zascitno-steklo-dux-ducis-3d-samsung-galaxy-s24-ultra.jpg\",\"contentUrl\":\"https:\/\/www.urbanspot.si\/wp-content\/uploads\/celotno-zascitno-steklo-dux-ducis-3d-samsung-galaxy-s24-ultra.jpg\",\"width\":895,\"height\":894,\"caption\":\"Celotno za\u0161\u010ditno steklo Dux Ducis 3D Samsung Galaxy S24 Ultra\"},{\"@type\":\"BreadcrumbList\",\"@id\":\"https:\/\/www.urbanspot.si\/produkt\/celotno-zascitno-steklo-dux-ducis-3d-samsung-galaxy-s24-ultra\/#breadcrumb\",\"itemListElement\":[{\"@type\":\"ListItem\",\"position\":1,\"name\":\"Home\",\"item\":\"https:\/\/www.urbanspot.si\/\"},{\"@type\":\"ListItem\",\"position\":2,\"name\":\"Shop\",\"item\":\"https:\/\/www.urbanspot.si\/shop\/\"},{\"@type\":\"ListItem\",\"position\":3,\"name\":\"Celotno za\u0161\u010ditno steklo Dux Ducis 3D Samsung Galaxy S24 Ultra\"}]},{\"@type\":\"WebSite\",\"@id\":\"https:\/\/www.urbanspot.si\/#website\",\"url\":\"https:\/\/www.urbanspot.si\/\",\"name\":\"UrbanSpot\",\"description\":\"\",\"publisher\":{\"@id\":\"https:\/\/www.urbanspot.si\/#organization\"},\"potentialAction\":[{\"@type\":\"SearchAction\",\"target\":{\"@type\":\"EntryPoint\",\"urlTemplate\":\"https:\/\/www.urbanspot.si\/?s={search_term_string}\"},\"query-input\":{\"@type\":\"PropertyValueSpecification\",\"valueRequired\":true,\"valueName\":\"search_term_string\"}}],\"inLanguage\":\"hr\"},{\"@type\":\"Organization\",\"@id\":\"https:\/\/www.urbanspot.si\/#organization\",\"name\":\"UrbanSpot\",\"url\":\"https:\/\/www.urbanspot.si\/\",\"logo\":{\"@type\":\"ImageObject\",\"inLanguage\":\"hr\",\"@id\":\"https:\/\/www.urbanspot.si\/#\/schema\/logo\/image\/\",\"url\":\"https:\/\/www.urbanspot.si\/wp-content\/uploads\/urbanspot-logo.svg\",\"contentUrl\":\"https:\/\/www.urbanspot.si\/wp-content\/uploads\/urbanspot-logo.svg\",\"width\":185,\"height\":40,\"caption\":\"UrbanSpot\"},\"image\":{\"@id\":\"https:\/\/www.urbanspot.si\/#\/schema\/logo\/image\/\"},\"sameAs\":[\"https:\/\/www.facebook.com\/urbanspot.si\"]}]}<\/script>\n<!-- \/ Yoast SEO plugin. -->","yoast_head_json":{"title":"Celotno za\u0161\u010ditno steklo Dux Ducis 3D Samsung Galaxy S24 Ultra -","robots":{"index":"index","follow":"follow","max-snippet":"max-snippet:-1","max-image-preview":"max-image-preview:large","max-video-preview":"max-video-preview:-1"},"canonical":"https:\/\/www.urbanspot.si\/hr\/proizvod-2\/dux-ducis-3d-zastitna-folija-za-cijeli-ekran-za-samsung-galaxy-s24-ultra\/","og_locale":"hr_HR","og_type":"article","og_title":"Celotno za\u0161\u010ditno steklo Dux Ducis 3D Samsung Galaxy S24 Ultra -","og_description":"Dux Ducis Privacy celotno za\u0161\u010ditno steklo bo va\u0161emu telefonu nudil odli\u010dno za\u0161\u010dito pred umazanijo, praskami in udarci. Dux Ducis Curved Glass vam omogo\u010da nemoteno uporabo va\u0161ega pametnega telefona brez skrbi zaradi prask ali drugih po\u0161kodb.","og_url":"https:\/\/www.urbanspot.si\/hr\/proizvod-2\/dux-ducis-3d-zastitna-folija-za-cijeli-ekran-za-samsung-galaxy-s24-ultra\/","article_publisher":"https:\/\/www.facebook.com\/urbanspot.si","article_modified_time":"2026-03-18T13:52:18+00:00","og_image":[{"width":895,"height":894,"url":"https:\/\/www.urbanspot.si\/wp-content\/uploads\/celotno-zascitno-steklo-dux-ducis-3d-samsung-galaxy-s24-ultra.jpg","type":"image\/jpeg"}],"twitter_card":"summary_large_image","twitter_misc":{"Procijenjeno vrijeme \u010ditanja":"1 minuta"},"schema":{"@context":"https:\/\/schema.org","@graph":[{"@type":"WebPage","@id":"https:\/\/www.urbanspot.si\/produkt\/celotno-zascitno-steklo-dux-ducis-3d-samsung-galaxy-s24-ultra\/","url":"https:\/\/www.urbanspot.si\/produkt\/celotno-zascitno-steklo-dux-ducis-3d-samsung-galaxy-s24-ultra\/","name":"Celotno za\u0161\u010ditno steklo Dux Ducis 3D Samsung Galaxy S24 Ultra -","isPartOf":{"@id":"https:\/\/www.urbanspot.si\/#website"},"primaryImageOfPage":{"@id":"https:\/\/www.urbanspot.si\/produkt\/celotno-zascitno-steklo-dux-ducis-3d-samsung-galaxy-s24-ultra\/#primaryimage"},"image":{"@id":"https:\/\/www.urbanspot.si\/produkt\/celotno-zascitno-steklo-dux-ducis-3d-samsung-galaxy-s24-ultra\/#primaryimage"},"thumbnailUrl":"https:\/\/www.urbanspot.si\/wp-content\/uploads\/celotno-zascitno-steklo-dux-ducis-3d-samsung-galaxy-s24-ultra.jpg","datePublished":"2024-08-28T13:24:15+00:00","dateModified":"2026-03-18T13:52:18+00:00","breadcrumb":{"@id":"https:\/\/www.urbanspot.si\/produkt\/celotno-zascitno-steklo-dux-ducis-3d-samsung-galaxy-s24-ultra\/#breadcrumb"},"inLanguage":"hr","potentialAction":[{"@type":"ReadAction","target":["https:\/\/www.urbanspot.si\/produkt\/celotno-zascitno-steklo-dux-ducis-3d-samsung-galaxy-s24-ultra\/"]}]},{"@type":"ImageObject","inLanguage":"hr","@id":"https:\/\/www.urbanspot.si\/produkt\/celotno-zascitno-steklo-dux-ducis-3d-samsung-galaxy-s24-ultra\/#primaryimage","url":"https:\/\/www.urbanspot.si\/wp-content\/uploads\/celotno-zascitno-steklo-dux-ducis-3d-samsung-galaxy-s24-ultra.jpg","contentUrl":"https:\/\/www.urbanspot.si\/wp-content\/uploads\/celotno-zascitno-steklo-dux-ducis-3d-samsung-galaxy-s24-ultra.jpg","width":895,"height":894,"caption":"Celotno za\u0161\u010ditno steklo Dux Ducis 3D Samsung Galaxy S24 Ultra"},{"@type":"BreadcrumbList","@id":"https:\/\/www.urbanspot.si\/produkt\/celotno-zascitno-steklo-dux-ducis-3d-samsung-galaxy-s24-ultra\/#breadcrumb","itemListElement":[{"@type":"ListItem","position":1,"name":"Home","item":"https:\/\/www.urbanspot.si\/"},{"@type":"ListItem","position":2,"name":"Shop","item":"https:\/\/www.urbanspot.si\/shop\/"},{"@type":"ListItem","position":3,"name":"Celotno za\u0161\u010ditno steklo Dux Ducis 3D Samsung Galaxy S24 Ultra"}]},{"@type":"WebSite","@id":"https:\/\/www.urbanspot.si\/#website","url":"https:\/\/www.urbanspot.si\/","name":"UrbanSpot","description":"","publisher":{"@id":"https:\/\/www.urbanspot.si\/#organization"},"potentialAction":[{"@type":"SearchAction","target":{"@type":"EntryPoint","urlTemplate":"https:\/\/www.urbanspot.si\/?s={search_term_string}"},"query-input":{"@type":"PropertyValueSpecification","valueRequired":true,"valueName":"search_term_string"}}],"inLanguage":"hr"},{"@type":"Organization","@id":"https:\/\/www.urbanspot.si\/#organization","name":"UrbanSpot","url":"https:\/\/www.urbanspot.si\/","logo":{"@type":"ImageObject","inLanguage":"hr","@id":"https:\/\/www.urbanspot.si\/#\/schema\/logo\/image\/","url":"https:\/\/www.urbanspot.si\/wp-content\/uploads\/urbanspot-logo.svg","contentUrl":"https:\/\/www.urbanspot.si\/wp-content\/uploads\/urbanspot-logo.svg","width":185,"height":40,"caption":"UrbanSpot"},"image":{"@id":"https:\/\/www.urbanspot.si\/#\/schema\/logo\/image\/"},"sameAs":["https:\/\/www.facebook.com\/urbanspot.si"]}]}},"_links":{"self":[{"href":"https:\/\/www.urbanspot.si\/hr\/wp-json\/wp\/v2\/product\/17611","targetHints":{"allow":["GET"]}}],"collection":[{"href":"https:\/\/www.urbanspot.si\/hr\/wp-json\/wp\/v2\/product"}],"about":[{"href":"https:\/\/www.urbanspot.si\/hr\/wp-json\/wp\/v2\/types\/product"}],"replies":[{"embeddable":true,"href":"https:\/\/www.urbanspot.si\/hr\/wp-json\/wp\/v2\/comments?post=17611"}],"version-history":[{"count":1,"href":"https:\/\/www.urbanspot.si\/hr\/wp-json\/wp\/v2\/product\/17611\/revisions"}],"predecessor-version":[{"id":17612,"href":"https:\/\/www.urbanspot.si\/hr\/wp-json\/wp\/v2\/product\/17611\/revisions\/17612"}],"wp:featuredmedia":[{"embeddable":true,"href":"https:\/\/www.urbanspot.si\/hr\/wp-json\/wp\/v2\/media\/17613"}],"wp:attachment":[{"href":"https:\/\/www.urbanspot.si\/hr\/wp-json\/wp\/v2\/media?parent=17611"}],"wp:term":[{"taxonomy":"product_brand","embeddable":true,"href":"https:\/\/www.urbanspot.si\/hr\/wp-json\/wp\/v2\/product_brand?post=17611"},{"taxonomy":"product_cat","embeddable":true,"href":"https:\/\/www.urbanspot.si\/hr\/wp-json\/wp\/v2\/product_cat?post=17611"},{"taxonomy":"product_tag","embeddable":true,"href":"https:\/\/www.urbanspot.si\/hr\/wp-json\/wp\/v2\/product_tag?post=17611"}],"curies":[{"name":"radni list","href":"https:\/\/api.w.org\/{rel}","templated":true}]}}