{"id":17614,"date":"2024-08-28T14:24:15","date_gmt":"2024-08-28T13:24:15","guid":{"rendered":"https:\/\/www.urbanspot.si\/produkt\/zascitni-ovitek-urbie-nilkin-shield-pro-green-samsung-galaxy-s24-ultra\/"},"modified":"2026-03-18T15:52:18","modified_gmt":"2026-03-18T13:52:18","slug":"urbie-nilkin-shield-pro-green-zastitni-futrol-za-samsung-galaxy-s24-ultra","status":"publish","type":"product","link":"https:\/\/www.urbanspot.si\/hr\/produkt\/zascitni-ovitek-urbie-nilkin-shield-pro-green-samsung-galaxy-s24-ultra\/","title":{"rendered":"Za\u0161titna futrola Urbie Nilkin Shield Pro zelena, Samsung Galaxy S24 Ultra"},"content":{"rendered":"<p>Urbie Nilkin za\u0161titna maskica za Samsung Galaxy S4 Ultra:<\/p>\n<ul>\n<li>\u2013 ku\u0107i\u0161te izra\u0111eno od visokokvalitetnog fleksibilnog TPU okvira s visokom razinom izdr\u017eljivosti<\/li>\n<li>\u2013 Mekan i ugodan materijal na dodir<\/li>\n<li>\u2013 Vodootporni materijal koji se lako \u010disti<\/li>\n<li>- Pokriva sve bo\u010dne strane i stra\u017enju stranu telefona<\/li>\n<li>\u2013 Besplatan pristup svim funkcijama telefona<\/li>\n<li>\u2013 Prekrasan elegantan dizajn<\/li>\n<li>\u2013 Izvrsna za\u0161tita va\u0161eg telefona od vibracija, udaraca i padova, ogrebotina, prljav\u0161tine i pra\u0161ine.<\/li>\n<li>\u2013 Blago podignuti rub ku\u0107i\u0161ta \u0161titi objektiv kamere od ogrebotina<\/li>\n<li>\u2013 Materijal protiv klizanja<\/li>\n<li>\u2013 Instalirajte i uklonite za nekoliko sekundi<\/li>\n<\/ul>","protected":false},"excerpt":{"rendered":"<p>Maska Super Frosted Shield Pro iz Nillkin serije je vrlo izdr\u017eljiva maskica koja mo\u017ee za\u0161tititi va\u0161 telefon od ozbiljnih o\u0161te\u0107enja nakon pada na tlo. Prilikom kupnje novog telefona isplati se kupiti kvalitetnu maskicu, posebno ako ste odabrali vrhunski ure\u0111aj. Dovoljan je jedan neoprezan pokret da telefon padne na tlo i o\u0161teti ekran i cijeli telefon.<\/p>","protected":false},"featured_media":17616,"comment_status":"closed","ping_status":"closed","template":"","meta":[],"product_brand":[],"product_cat":[493,560,91,88,89],"product_tag":[],"class_list":{"0":"post-17614","1":"product","2":"type-product","3":"status-publish","4":"has-post-thumbnail","6":"product_cat-galaxy-s24-ultra","7":"product_cat-ovitki-za-telefone","8":"product_cat-razprodaja","9":"product_cat-samsung","10":"product_cat-samsung-s-serija","11":"pa_primerno-za-model-samsung-galaxy-s24-ultra","12":"pa_primerno-za-proizvajalca-samsung","14":"first","15":"outofstock","16":"sale","17":"taxable","18":"shipping-taxable","19":"purchasable","20":"product-type-simple"},"yoast_head":"<!-- This site is optimized with the Yoast SEO plugin v27.4 - https:\/\/yoast.com\/product\/yoast-seo-wordpress\/ -->\n<title>Za\u0161\u010ditni ovitek Urbie Nilkin Shield Pro Green, Samsung Galaxy S24 Ultra -<\/title>\n<meta name=\"robots\" content=\"index, follow, max-snippet:-1, max-image-preview:large, max-video-preview:-1\" \/>\n<link rel=\"canonical\" href=\"https:\/\/www.urbanspot.si\/hr\/proizvod-2\/urbie-nilkin-shield-pro-green-zastitni-futrol-za-samsung-galaxy-s24-ultra\/\" \/>\n<meta property=\"og:locale\" content=\"hr_HR\" \/>\n<meta property=\"og:type\" content=\"article\" \/>\n<meta property=\"og:title\" content=\"Za\u0161\u010ditni ovitek Urbie Nilkin Shield Pro Green, Samsung Galaxy S24 Ultra -\" \/>\n<meta property=\"og:description\" content=\"Ovitek Super Frosted Shield Pro iz serije Nillkin je zelo vzdr\u017eljiv ovitek, ki lahko za\u0161\u010diti va\u0161 telefon pred resnimi po\u0161kodbami po padcu na tla. Ob nakupu novega telefona se spla\u010da kupiti kvaliteten ovitek, \u0161e posebej, \u010de ste izbrali aparat vi\u0161jega cenovnega razreda. En nepreviden gib je dovolj, da telefon pade na tla in povzro\u010di po\u0161kodbe zaslona in celotnega telefona.\" \/>\n<meta property=\"og:url\" content=\"https:\/\/www.urbanspot.si\/hr\/proizvod-2\/urbie-nilkin-shield-pro-green-zastitni-futrol-za-samsung-galaxy-s24-ultra\/\" \/>\n<meta property=\"article:publisher\" content=\"https:\/\/www.facebook.com\/urbanspot.si\" \/>\n<meta property=\"article:modified_time\" content=\"2026-03-18T13:52:18+00:00\" \/>\n<meta property=\"og:image\" content=\"https:\/\/www.urbanspot.si\/wp-content\/uploads\/zascitni-ovitek-urbie-nilkin-shield-pro-green-samsung-galaxy-s24-ultra.jpg\" \/>\n\t<meta property=\"og:image:width\" content=\"828\" \/>\n\t<meta property=\"og:image:height\" content=\"909\" \/>\n\t<meta property=\"og:image:type\" content=\"image\/jpeg\" \/>\n<meta name=\"twitter:card\" content=\"summary_large_image\" \/>\n<script type=\"application\/ld+json\" class=\"yoast-schema-graph\">{\"@context\":\"https:\\\/\\\/schema.org\",\"@graph\":[{\"@type\":\"WebPage\",\"@id\":\"https:\\\/\\\/www.urbanspot.si\\\/produkt\\\/zascitni-ovitek-urbie-nilkin-shield-pro-green-samsung-galaxy-s24-ultra\\\/\",\"url\":\"https:\\\/\\\/www.urbanspot.si\\\/produkt\\\/zascitni-ovitek-urbie-nilkin-shield-pro-green-samsung-galaxy-s24-ultra\\\/\",\"name\":\"Za\u0161\u010ditni ovitek Urbie Nilkin Shield Pro Green, Samsung Galaxy S24 Ultra -\",\"isPartOf\":{\"@id\":\"https:\\\/\\\/www.urbanspot.si\\\/#website\"},\"primaryImageOfPage\":{\"@id\":\"https:\\\/\\\/www.urbanspot.si\\\/produkt\\\/zascitni-ovitek-urbie-nilkin-shield-pro-green-samsung-galaxy-s24-ultra\\\/#primaryimage\"},\"image\":{\"@id\":\"https:\\\/\\\/www.urbanspot.si\\\/produkt\\\/zascitni-ovitek-urbie-nilkin-shield-pro-green-samsung-galaxy-s24-ultra\\\/#primaryimage\"},\"thumbnailUrl\":\"https:\\\/\\\/www.urbanspot.si\\\/wp-content\\\/uploads\\\/zascitni-ovitek-urbie-nilkin-shield-pro-green-samsung-galaxy-s24-ultra.jpg\",\"datePublished\":\"2024-08-28T13:24:15+00:00\",\"dateModified\":\"2026-03-18T13:52:18+00:00\",\"breadcrumb\":{\"@id\":\"https:\\\/\\\/www.urbanspot.si\\\/produkt\\\/zascitni-ovitek-urbie-nilkin-shield-pro-green-samsung-galaxy-s24-ultra\\\/#breadcrumb\"},\"inLanguage\":\"hr\",\"potentialAction\":[{\"@type\":\"ReadAction\",\"target\":[\"https:\\\/\\\/www.urbanspot.si\\\/produkt\\\/zascitni-ovitek-urbie-nilkin-shield-pro-green-samsung-galaxy-s24-ultra\\\/\"]}]},{\"@type\":\"ImageObject\",\"inLanguage\":\"hr\",\"@id\":\"https:\\\/\\\/www.urbanspot.si\\\/produkt\\\/zascitni-ovitek-urbie-nilkin-shield-pro-green-samsung-galaxy-s24-ultra\\\/#primaryimage\",\"url\":\"https:\\\/\\\/www.urbanspot.si\\\/wp-content\\\/uploads\\\/zascitni-ovitek-urbie-nilkin-shield-pro-green-samsung-galaxy-s24-ultra.jpg\",\"contentUrl\":\"https:\\\/\\\/www.urbanspot.si\\\/wp-content\\\/uploads\\\/zascitni-ovitek-urbie-nilkin-shield-pro-green-samsung-galaxy-s24-ultra.jpg\",\"width\":828,\"height\":909,\"caption\":\"Za\u0161\u010ditni ovitek Urbie Nilkin Shield Pro Green\"},{\"@type\":\"BreadcrumbList\",\"@id\":\"https:\\\/\\\/www.urbanspot.si\\\/produkt\\\/zascitni-ovitek-urbie-nilkin-shield-pro-green-samsung-galaxy-s24-ultra\\\/#breadcrumb\",\"itemListElement\":[{\"@type\":\"ListItem\",\"position\":1,\"name\":\"Home\",\"item\":\"https:\\\/\\\/www.urbanspot.si\\\/\"},{\"@type\":\"ListItem\",\"position\":2,\"name\":\"Shop\",\"item\":\"https:\\\/\\\/www.urbanspot.si\\\/shop\\\/\"},{\"@type\":\"ListItem\",\"position\":3,\"name\":\"Za\u0161\u010ditni ovitek Urbie Nilkin Shield Pro Green, Samsung Galaxy S24 Ultra\"}]},{\"@type\":\"WebSite\",\"@id\":\"https:\\\/\\\/www.urbanspot.si\\\/#website\",\"url\":\"https:\\\/\\\/www.urbanspot.si\\\/\",\"name\":\"UrbanSpot\",\"description\":\"\",\"publisher\":{\"@id\":\"https:\\\/\\\/www.urbanspot.si\\\/#organization\"},\"potentialAction\":[{\"@type\":\"SearchAction\",\"target\":{\"@type\":\"EntryPoint\",\"urlTemplate\":\"https:\\\/\\\/www.urbanspot.si\\\/?s={search_term_string}\"},\"query-input\":{\"@type\":\"PropertyValueSpecification\",\"valueRequired\":true,\"valueName\":\"search_term_string\"}}],\"inLanguage\":\"hr\"},{\"@type\":\"Organization\",\"@id\":\"https:\\\/\\\/www.urbanspot.si\\\/#organization\",\"name\":\"UrbanSpot\",\"url\":\"https:\\\/\\\/www.urbanspot.si\\\/\",\"logo\":{\"@type\":\"ImageObject\",\"inLanguage\":\"hr\",\"@id\":\"https:\\\/\\\/www.urbanspot.si\\\/#\\\/schema\\\/logo\\\/image\\\/\",\"url\":\"https:\\\/\\\/www.urbanspot.si\\\/wp-content\\\/uploads\\\/urbanspot-logo.svg\",\"contentUrl\":\"https:\\\/\\\/www.urbanspot.si\\\/wp-content\\\/uploads\\\/urbanspot-logo.svg\",\"width\":185,\"height\":40,\"caption\":\"UrbanSpot\"},\"image\":{\"@id\":\"https:\\\/\\\/www.urbanspot.si\\\/#\\\/schema\\\/logo\\\/image\\\/\"},\"sameAs\":[\"https:\\\/\\\/www.facebook.com\\\/urbanspot.si\"]}]}<\/script>\n<!-- \/ Yoast SEO plugin. -->","yoast_head_json":{"title":"Urbie Nilkin Shield Pro Green za\u0161titna futrola, Samsung Galaxy S24 Ultra -","robots":{"index":"index","follow":"follow","max-snippet":"max-snippet:-1","max-image-preview":"max-image-preview:large","max-video-preview":"max-video-preview:-1"},"canonical":"https:\/\/www.urbanspot.si\/hr\/proizvod-2\/urbie-nilkin-shield-pro-green-zastitni-futrol-za-samsung-galaxy-s24-ultra\/","og_locale":"hr_HR","og_type":"article","og_title":"Za\u0161\u010ditni ovitek Urbie Nilkin Shield Pro Green, Samsung Galaxy S24 Ultra -","og_description":"Ovitek Super Frosted Shield Pro iz serije Nillkin je zelo vzdr\u017eljiv ovitek, ki lahko za\u0161\u010diti va\u0161 telefon pred resnimi po\u0161kodbami po padcu na tla. Ob nakupu novega telefona se spla\u010da kupiti kvaliteten ovitek, \u0161e posebej, \u010de ste izbrali aparat vi\u0161jega cenovnega razreda. En nepreviden gib je dovolj, da telefon pade na tla in povzro\u010di po\u0161kodbe zaslona in celotnega telefona.","og_url":"https:\/\/www.urbanspot.si\/hr\/proizvod-2\/urbie-nilkin-shield-pro-green-zastitni-futrol-za-samsung-galaxy-s24-ultra\/","article_publisher":"https:\/\/www.facebook.com\/urbanspot.si","article_modified_time":"2026-03-18T13:52:18+00:00","og_image":[{"width":828,"height":909,"url":"https:\/\/www.urbanspot.si\/wp-content\/uploads\/zascitni-ovitek-urbie-nilkin-shield-pro-green-samsung-galaxy-s24-ultra.jpg","type":"image\/jpeg"}],"twitter_card":"summary_large_image","schema":{"@context":"https:\/\/schema.org","@graph":[{"@type":"WebPage","@id":"https:\/\/www.urbanspot.si\/produkt\/zascitni-ovitek-urbie-nilkin-shield-pro-green-samsung-galaxy-s24-ultra\/","url":"https:\/\/www.urbanspot.si\/produkt\/zascitni-ovitek-urbie-nilkin-shield-pro-green-samsung-galaxy-s24-ultra\/","name":"Urbie Nilkin Shield Pro Green za\u0161titna futrola, Samsung Galaxy S24 Ultra -","isPartOf":{"@id":"https:\/\/www.urbanspot.si\/#website"},"primaryImageOfPage":{"@id":"https:\/\/www.urbanspot.si\/produkt\/zascitni-ovitek-urbie-nilkin-shield-pro-green-samsung-galaxy-s24-ultra\/#primaryimage"},"image":{"@id":"https:\/\/www.urbanspot.si\/produkt\/zascitni-ovitek-urbie-nilkin-shield-pro-green-samsung-galaxy-s24-ultra\/#primaryimage"},"thumbnailUrl":"https:\/\/www.urbanspot.si\/wp-content\/uploads\/zascitni-ovitek-urbie-nilkin-shield-pro-green-samsung-galaxy-s24-ultra.jpg","datePublished":"2024-08-28T13:24:15+00:00","dateModified":"2026-03-18T13:52:18+00:00","breadcrumb":{"@id":"https:\/\/www.urbanspot.si\/produkt\/zascitni-ovitek-urbie-nilkin-shield-pro-green-samsung-galaxy-s24-ultra\/#breadcrumb"},"inLanguage":"hr","potentialAction":[{"@type":"ReadAction","target":["https:\/\/www.urbanspot.si\/produkt\/zascitni-ovitek-urbie-nilkin-shield-pro-green-samsung-galaxy-s24-ultra\/"]}]},{"@type":"ImageObject","inLanguage":"hr","@id":"https:\/\/www.urbanspot.si\/produkt\/zascitni-ovitek-urbie-nilkin-shield-pro-green-samsung-galaxy-s24-ultra\/#primaryimage","url":"https:\/\/www.urbanspot.si\/wp-content\/uploads\/zascitni-ovitek-urbie-nilkin-shield-pro-green-samsung-galaxy-s24-ultra.jpg","contentUrl":"https:\/\/www.urbanspot.si\/wp-content\/uploads\/zascitni-ovitek-urbie-nilkin-shield-pro-green-samsung-galaxy-s24-ultra.jpg","width":828,"height":909,"caption":"Za\u0161\u010ditni ovitek Urbie Nilkin Shield Pro Green"},{"@type":"BreadcrumbList","@id":"https:\/\/www.urbanspot.si\/produkt\/zascitni-ovitek-urbie-nilkin-shield-pro-green-samsung-galaxy-s24-ultra\/#breadcrumb","itemListElement":[{"@type":"ListItem","position":1,"name":"Home","item":"https:\/\/www.urbanspot.si\/"},{"@type":"ListItem","position":2,"name":"Shop","item":"https:\/\/www.urbanspot.si\/shop\/"},{"@type":"ListItem","position":3,"name":"Za\u0161\u010ditni ovitek Urbie Nilkin Shield Pro Green, Samsung Galaxy S24 Ultra"}]},{"@type":"WebSite","@id":"https:\/\/www.urbanspot.si\/#website","url":"https:\/\/www.urbanspot.si\/","name":"UrbanSpot","description":"","publisher":{"@id":"https:\/\/www.urbanspot.si\/#organization"},"potentialAction":[{"@type":"SearchAction","target":{"@type":"EntryPoint","urlTemplate":"https:\/\/www.urbanspot.si\/?s={search_term_string}"},"query-input":{"@type":"PropertyValueSpecification","valueRequired":true,"valueName":"search_term_string"}}],"inLanguage":"hr"},{"@type":"Organization","@id":"https:\/\/www.urbanspot.si\/#organization","name":"UrbanSpot","url":"https:\/\/www.urbanspot.si\/","logo":{"@type":"ImageObject","inLanguage":"hr","@id":"https:\/\/www.urbanspot.si\/#\/schema\/logo\/image\/","url":"https:\/\/www.urbanspot.si\/wp-content\/uploads\/urbanspot-logo.svg","contentUrl":"https:\/\/www.urbanspot.si\/wp-content\/uploads\/urbanspot-logo.svg","width":185,"height":40,"caption":"UrbanSpot"},"image":{"@id":"https:\/\/www.urbanspot.si\/#\/schema\/logo\/image\/"},"sameAs":["https:\/\/www.facebook.com\/urbanspot.si"]}]}},"_links":{"self":[{"href":"https:\/\/www.urbanspot.si\/hr\/wp-json\/wp\/v2\/product\/17614","targetHints":{"allow":["GET"]}}],"collection":[{"href":"https:\/\/www.urbanspot.si\/hr\/wp-json\/wp\/v2\/product"}],"about":[{"href":"https:\/\/www.urbanspot.si\/hr\/wp-json\/wp\/v2\/types\/product"}],"replies":[{"embeddable":true,"href":"https:\/\/www.urbanspot.si\/hr\/wp-json\/wp\/v2\/comments?post=17614"}],"version-history":[{"count":2,"href":"https:\/\/www.urbanspot.si\/hr\/wp-json\/wp\/v2\/product\/17614\/revisions"}],"predecessor-version":[{"id":18432,"href":"https:\/\/www.urbanspot.si\/hr\/wp-json\/wp\/v2\/product\/17614\/revisions\/18432"}],"wp:featuredmedia":[{"embeddable":true,"href":"https:\/\/www.urbanspot.si\/hr\/wp-json\/wp\/v2\/media\/17616"}],"wp:attachment":[{"href":"https:\/\/www.urbanspot.si\/hr\/wp-json\/wp\/v2\/media?parent=17614"}],"wp:term":[{"taxonomy":"product_brand","embeddable":true,"href":"https:\/\/www.urbanspot.si\/hr\/wp-json\/wp\/v2\/product_brand?post=17614"},{"taxonomy":"product_cat","embeddable":true,"href":"https:\/\/www.urbanspot.si\/hr\/wp-json\/wp\/v2\/product_cat?post=17614"},{"taxonomy":"product_tag","embeddable":true,"href":"https:\/\/www.urbanspot.si\/hr\/wp-json\/wp\/v2\/product_tag?post=17614"}],"curies":[{"name":"radni list","href":"https:\/\/api.w.org\/{rel}","templated":true}]}}