{"id":17831,"date":"2024-08-28T14:24:52","date_gmt":"2024-08-28T13:24:52","guid":{"rendered":"https:\/\/www.urbanspot.si\/produkt\/set-zascitnih-stekel-urbie-tech-iphone-15-pro\/"},"modified":"2026-03-19T16:03:31","modified_gmt":"2026-03-19T14:03:31","slug":"urbie-tech-set-zastitnih-folija-za-ekran-za-iphone-15-pro","status":"publish","type":"product","link":"https:\/\/www.urbanspot.si\/hr\/produkt\/set-zascitnih-stekel-urbie-tech-iphone-15-pro\/","title":{"rendered":"Urbie Tech set za\u0161titnih stakala za iPhone 15 Pro"},"content":{"rendered":"<p><strong>\u00a0 \u00a0Urbie Tech Set<\/strong>, posebno dizajniran za iPhone, nudi va\u0161em pametnom telefonu svu potrebnu za\u0161titu koja nije uklju\u010dena u paket:\u00a0<\/p>\n<p>\u00a0<\/p>\n<ul>\n<li>Visokokvalitetno za\u0161titno staklo<\/li>\n<li>2.5D obrada rubova nanostrukturiranog stakla<\/li>\n<li>Jednostavna instalacija.<\/li>\n<li>Tijekom ugradnje ne stvaraju se mjehuri\u0107i ispod stakla.<\/li>\n<li>Tvrdo\u0107a: 9H<\/li>\n<li>Debljina stakla: 0,9 mm<\/li>\n<li>Staklo prekriva cijeli ekran<\/li>\n<li>Premaz protiv masno\u0107e \u2013 manje otisaka prstiju i drugih mrlja<\/li>\n<li>Dimenzije: 144 x 68 mm<\/li>\n<li>Paket uklju\u010duje: 1x za\u0161titno staklo 1x krpa za \u010di\u0161\u0107enje od mikrovlakana 1x alkoholna maramica za prethodno \u010di\u0161\u0107enje<\/li>\n<\/ul>\n<p>Za\u0161titno staklo za kameru<\/p>\n<ul>\n<li>Tvrdo\u0107a: 9H<\/li>\n<li>Visokokvalitetno kaljeno za\u0161titno staklo<\/li>\n<li>Jednostavna instalacija<\/li>\n<li>\u00a0<\/li>\n<\/ul>\n<p>Set sadr\u017ei:\u00a0<\/p>\n<ul>\n<li>2x Tech Protect za\u0161titna folija za ekran<\/li>\n<li>1x Tech Protect za\u0161titno staklo za kameru<\/li>\n<li>1x set za ugradnju stakla<\/li>\n<\/ul>","protected":false},"excerpt":{"rendered":"<p>Set za\u0161titnog stakla za Iphone 15 Pro, set dodatne opreme za za\u0161titu va\u0161eg iPhonea. Set sadr\u017ei 2x za\u0161titno staklo za ekran i 1x za\u0161titno staklo za kameru.<\/p>","protected":false},"featured_media":17833,"comment_status":"closed","ping_status":"closed","template":"","meta":[],"product_brand":[],"product_cat":[92,93,455,91,559,561],"product_tag":[],"class_list":{"0":"post-17831","1":"product","2":"type-product","3":"status-publish","4":"has-post-thumbnail","6":"product_cat-apple","7":"product_cat-apple-iphone-15-serija","8":"product_cat-iphone-15-pro","9":"product_cat-razprodaja","10":"product_cat-zascitna-stekla","11":"product_cat-zascitna-stekla-za-kamero","12":"pa_primerno-za-model-iphone-15-pro","13":"pa_primerno-za-proizvajalca-apple","15":"first","16":"instock","17":"sale","18":"taxable","19":"shipping-taxable","20":"purchasable","21":"product-type-simple"},"yoast_head":"<!-- This site is optimized with the Yoast SEO plugin v27.4 - https:\/\/yoast.com\/product\/yoast-seo-wordpress\/ -->\n<title>Set za\u0161\u010ditnih stekel Urbie Tech, Iphone 15 Pro -<\/title>\n<meta name=\"robots\" content=\"index, follow, max-snippet:-1, max-image-preview:large, max-video-preview:-1\" \/>\n<link rel=\"canonical\" href=\"https:\/\/www.urbanspot.si\/hr\/proizvod-2\/urbie-tech-set-zastitnih-folija-za-ekran-za-iphone-15-pro\/\" \/>\n<meta property=\"og:locale\" content=\"hr_HR\" \/>\n<meta property=\"og:type\" content=\"article\" \/>\n<meta property=\"og:title\" content=\"Set za\u0161\u010ditnih stekel Urbie Tech, Iphone 15 Pro -\" \/>\n<meta property=\"og:description\" content=\"Set za\u0161\u010ditnih stekel za Iphone 15 Pro, komplet dodatne opreme za za\u0161\u010dito va\u0161ega Iphona. Set vsebuje 2x za\u0161\u010ditno steklo za zaslon in 1x za\u0161\u010ditno steklo za kamero.\" \/>\n<meta property=\"og:url\" content=\"https:\/\/www.urbanspot.si\/hr\/proizvod-2\/urbie-tech-set-zastitnih-folija-za-ekran-za-iphone-15-pro\/\" \/>\n<meta property=\"article:publisher\" content=\"https:\/\/www.facebook.com\/urbanspot.si\" \/>\n<meta property=\"article:modified_time\" content=\"2026-03-19T14:03:31+00:00\" \/>\n<meta property=\"og:image\" content=\"https:\/\/www.urbanspot.si\/wp-content\/uploads\/set-zascitnih-stekel-urbie-tech-iphone-15-pro.jpg\" \/>\n\t<meta property=\"og:image:width\" content=\"1000\" \/>\n\t<meta property=\"og:image:height\" content=\"1000\" \/>\n\t<meta property=\"og:image:type\" content=\"image\/jpeg\" \/>\n<meta name=\"twitter:card\" content=\"summary_large_image\" \/>\n<meta name=\"twitter:label1\" content=\"Procijenjeno vrijeme \u010ditanja\" \/>\n\t<meta name=\"twitter:data1\" content=\"1 minuta\" \/>\n<script type=\"application\/ld+json\" class=\"yoast-schema-graph\">{\"@context\":\"https:\\\/\\\/schema.org\",\"@graph\":[{\"@type\":\"WebPage\",\"@id\":\"https:\\\/\\\/www.urbanspot.si\\\/produkt\\\/set-zascitnih-stekel-urbie-tech-iphone-15-pro\\\/\",\"url\":\"https:\\\/\\\/www.urbanspot.si\\\/produkt\\\/set-zascitnih-stekel-urbie-tech-iphone-15-pro\\\/\",\"name\":\"Set za\u0161\u010ditnih stekel Urbie Tech, Iphone 15 Pro -\",\"isPartOf\":{\"@id\":\"https:\\\/\\\/www.urbanspot.si\\\/#website\"},\"primaryImageOfPage\":{\"@id\":\"https:\\\/\\\/www.urbanspot.si\\\/produkt\\\/set-zascitnih-stekel-urbie-tech-iphone-15-pro\\\/#primaryimage\"},\"image\":{\"@id\":\"https:\\\/\\\/www.urbanspot.si\\\/produkt\\\/set-zascitnih-stekel-urbie-tech-iphone-15-pro\\\/#primaryimage\"},\"thumbnailUrl\":\"https:\\\/\\\/www.urbanspot.si\\\/wp-content\\\/uploads\\\/set-zascitnih-stekel-urbie-tech-iphone-15-pro.jpg\",\"datePublished\":\"2024-08-28T13:24:52+00:00\",\"dateModified\":\"2026-03-19T14:03:31+00:00\",\"breadcrumb\":{\"@id\":\"https:\\\/\\\/www.urbanspot.si\\\/produkt\\\/set-zascitnih-stekel-urbie-tech-iphone-15-pro\\\/#breadcrumb\"},\"inLanguage\":\"hr\",\"potentialAction\":[{\"@type\":\"ReadAction\",\"target\":[\"https:\\\/\\\/www.urbanspot.si\\\/produkt\\\/set-zascitnih-stekel-urbie-tech-iphone-15-pro\\\/\"]}]},{\"@type\":\"ImageObject\",\"inLanguage\":\"hr\",\"@id\":\"https:\\\/\\\/www.urbanspot.si\\\/produkt\\\/set-zascitnih-stekel-urbie-tech-iphone-15-pro\\\/#primaryimage\",\"url\":\"https:\\\/\\\/www.urbanspot.si\\\/wp-content\\\/uploads\\\/set-zascitnih-stekel-urbie-tech-iphone-15-pro.jpg\",\"contentUrl\":\"https:\\\/\\\/www.urbanspot.si\\\/wp-content\\\/uploads\\\/set-zascitnih-stekel-urbie-tech-iphone-15-pro.jpg\",\"width\":1000,\"height\":1000,\"caption\":\"Set za\u0161\u010ditnih stekel Urbie Tech\"},{\"@type\":\"BreadcrumbList\",\"@id\":\"https:\\\/\\\/www.urbanspot.si\\\/produkt\\\/set-zascitnih-stekel-urbie-tech-iphone-15-pro\\\/#breadcrumb\",\"itemListElement\":[{\"@type\":\"ListItem\",\"position\":1,\"name\":\"Home\",\"item\":\"https:\\\/\\\/www.urbanspot.si\\\/\"},{\"@type\":\"ListItem\",\"position\":2,\"name\":\"Shop\",\"item\":\"https:\\\/\\\/www.urbanspot.si\\\/shop\\\/\"},{\"@type\":\"ListItem\",\"position\":3,\"name\":\"Set za\u0161\u010ditnih stekel Urbie Tech, Iphone 15 Pro\"}]},{\"@type\":\"WebSite\",\"@id\":\"https:\\\/\\\/www.urbanspot.si\\\/#website\",\"url\":\"https:\\\/\\\/www.urbanspot.si\\\/\",\"name\":\"UrbanSpot\",\"description\":\"\",\"publisher\":{\"@id\":\"https:\\\/\\\/www.urbanspot.si\\\/#organization\"},\"potentialAction\":[{\"@type\":\"SearchAction\",\"target\":{\"@type\":\"EntryPoint\",\"urlTemplate\":\"https:\\\/\\\/www.urbanspot.si\\\/?s={search_term_string}\"},\"query-input\":{\"@type\":\"PropertyValueSpecification\",\"valueRequired\":true,\"valueName\":\"search_term_string\"}}],\"inLanguage\":\"hr\"},{\"@type\":\"Organization\",\"@id\":\"https:\\\/\\\/www.urbanspot.si\\\/#organization\",\"name\":\"UrbanSpot\",\"url\":\"https:\\\/\\\/www.urbanspot.si\\\/\",\"logo\":{\"@type\":\"ImageObject\",\"inLanguage\":\"hr\",\"@id\":\"https:\\\/\\\/www.urbanspot.si\\\/#\\\/schema\\\/logo\\\/image\\\/\",\"url\":\"https:\\\/\\\/www.urbanspot.si\\\/wp-content\\\/uploads\\\/urbanspot-logo.svg\",\"contentUrl\":\"https:\\\/\\\/www.urbanspot.si\\\/wp-content\\\/uploads\\\/urbanspot-logo.svg\",\"width\":185,\"height\":40,\"caption\":\"UrbanSpot\"},\"image\":{\"@id\":\"https:\\\/\\\/www.urbanspot.si\\\/#\\\/schema\\\/logo\\\/image\\\/\"},\"sameAs\":[\"https:\\\/\\\/www.facebook.com\\\/urbanspot.si\"]}]}<\/script>\n<!-- \/ Yoast SEO plugin. -->","yoast_head_json":{"title":"Urbie Tech set za\u0161titnih folija, iPhone 15 Pro -","robots":{"index":"index","follow":"follow","max-snippet":"max-snippet:-1","max-image-preview":"max-image-preview:large","max-video-preview":"max-video-preview:-1"},"canonical":"https:\/\/www.urbanspot.si\/hr\/proizvod-2\/urbie-tech-set-zastitnih-folija-za-ekran-za-iphone-15-pro\/","og_locale":"hr_HR","og_type":"article","og_title":"Set za\u0161\u010ditnih stekel Urbie Tech, Iphone 15 Pro -","og_description":"Set za\u0161\u010ditnih stekel za Iphone 15 Pro, komplet dodatne opreme za za\u0161\u010dito va\u0161ega Iphona. Set vsebuje 2x za\u0161\u010ditno steklo za zaslon in 1x za\u0161\u010ditno steklo za kamero.","og_url":"https:\/\/www.urbanspot.si\/hr\/proizvod-2\/urbie-tech-set-zastitnih-folija-za-ekran-za-iphone-15-pro\/","article_publisher":"https:\/\/www.facebook.com\/urbanspot.si","article_modified_time":"2026-03-19T14:03:31+00:00","og_image":[{"width":1000,"height":1000,"url":"https:\/\/www.urbanspot.si\/wp-content\/uploads\/set-zascitnih-stekel-urbie-tech-iphone-15-pro.jpg","type":"image\/jpeg"}],"twitter_card":"summary_large_image","twitter_misc":{"Procijenjeno vrijeme \u010ditanja":"1 minuta"},"schema":{"@context":"https:\/\/schema.org","@graph":[{"@type":"WebPage","@id":"https:\/\/www.urbanspot.si\/produkt\/set-zascitnih-stekel-urbie-tech-iphone-15-pro\/","url":"https:\/\/www.urbanspot.si\/produkt\/set-zascitnih-stekel-urbie-tech-iphone-15-pro\/","name":"Urbie Tech set za\u0161titnih folija, iPhone 15 Pro -","isPartOf":{"@id":"https:\/\/www.urbanspot.si\/#website"},"primaryImageOfPage":{"@id":"https:\/\/www.urbanspot.si\/produkt\/set-zascitnih-stekel-urbie-tech-iphone-15-pro\/#primaryimage"},"image":{"@id":"https:\/\/www.urbanspot.si\/produkt\/set-zascitnih-stekel-urbie-tech-iphone-15-pro\/#primaryimage"},"thumbnailUrl":"https:\/\/www.urbanspot.si\/wp-content\/uploads\/set-zascitnih-stekel-urbie-tech-iphone-15-pro.jpg","datePublished":"2024-08-28T13:24:52+00:00","dateModified":"2026-03-19T14:03:31+00:00","breadcrumb":{"@id":"https:\/\/www.urbanspot.si\/produkt\/set-zascitnih-stekel-urbie-tech-iphone-15-pro\/#breadcrumb"},"inLanguage":"hr","potentialAction":[{"@type":"ReadAction","target":["https:\/\/www.urbanspot.si\/produkt\/set-zascitnih-stekel-urbie-tech-iphone-15-pro\/"]}]},{"@type":"ImageObject","inLanguage":"hr","@id":"https:\/\/www.urbanspot.si\/produkt\/set-zascitnih-stekel-urbie-tech-iphone-15-pro\/#primaryimage","url":"https:\/\/www.urbanspot.si\/wp-content\/uploads\/set-zascitnih-stekel-urbie-tech-iphone-15-pro.jpg","contentUrl":"https:\/\/www.urbanspot.si\/wp-content\/uploads\/set-zascitnih-stekel-urbie-tech-iphone-15-pro.jpg","width":1000,"height":1000,"caption":"Set za\u0161\u010ditnih stekel Urbie Tech"},{"@type":"BreadcrumbList","@id":"https:\/\/www.urbanspot.si\/produkt\/set-zascitnih-stekel-urbie-tech-iphone-15-pro\/#breadcrumb","itemListElement":[{"@type":"ListItem","position":1,"name":"Home","item":"https:\/\/www.urbanspot.si\/"},{"@type":"ListItem","position":2,"name":"Shop","item":"https:\/\/www.urbanspot.si\/shop\/"},{"@type":"ListItem","position":3,"name":"Set za\u0161\u010ditnih stekel Urbie Tech, Iphone 15 Pro"}]},{"@type":"WebSite","@id":"https:\/\/www.urbanspot.si\/#website","url":"https:\/\/www.urbanspot.si\/","name":"UrbanSpot","description":"","publisher":{"@id":"https:\/\/www.urbanspot.si\/#organization"},"potentialAction":[{"@type":"SearchAction","target":{"@type":"EntryPoint","urlTemplate":"https:\/\/www.urbanspot.si\/?s={search_term_string}"},"query-input":{"@type":"PropertyValueSpecification","valueRequired":true,"valueName":"search_term_string"}}],"inLanguage":"hr"},{"@type":"Organization","@id":"https:\/\/www.urbanspot.si\/#organization","name":"UrbanSpot","url":"https:\/\/www.urbanspot.si\/","logo":{"@type":"ImageObject","inLanguage":"hr","@id":"https:\/\/www.urbanspot.si\/#\/schema\/logo\/image\/","url":"https:\/\/www.urbanspot.si\/wp-content\/uploads\/urbanspot-logo.svg","contentUrl":"https:\/\/www.urbanspot.si\/wp-content\/uploads\/urbanspot-logo.svg","width":185,"height":40,"caption":"UrbanSpot"},"image":{"@id":"https:\/\/www.urbanspot.si\/#\/schema\/logo\/image\/"},"sameAs":["https:\/\/www.facebook.com\/urbanspot.si"]}]}},"_links":{"self":[{"href":"https:\/\/www.urbanspot.si\/hr\/wp-json\/wp\/v2\/product\/17831","targetHints":{"allow":["GET"]}}],"collection":[{"href":"https:\/\/www.urbanspot.si\/hr\/wp-json\/wp\/v2\/product"}],"about":[{"href":"https:\/\/www.urbanspot.si\/hr\/wp-json\/wp\/v2\/types\/product"}],"replies":[{"embeddable":true,"href":"https:\/\/www.urbanspot.si\/hr\/wp-json\/wp\/v2\/comments?post=17831"}],"version-history":[{"count":1,"href":"https:\/\/www.urbanspot.si\/hr\/wp-json\/wp\/v2\/product\/17831\/revisions"}],"predecessor-version":[{"id":17832,"href":"https:\/\/www.urbanspot.si\/hr\/wp-json\/wp\/v2\/product\/17831\/revisions\/17832"}],"wp:featuredmedia":[{"embeddable":true,"href":"https:\/\/www.urbanspot.si\/hr\/wp-json\/wp\/v2\/media\/17833"}],"wp:attachment":[{"href":"https:\/\/www.urbanspot.si\/hr\/wp-json\/wp\/v2\/media?parent=17831"}],"wp:term":[{"taxonomy":"product_brand","embeddable":true,"href":"https:\/\/www.urbanspot.si\/hr\/wp-json\/wp\/v2\/product_brand?post=17831"},{"taxonomy":"product_cat","embeddable":true,"href":"https:\/\/www.urbanspot.si\/hr\/wp-json\/wp\/v2\/product_cat?post=17831"},{"taxonomy":"product_tag","embeddable":true,"href":"https:\/\/www.urbanspot.si\/hr\/wp-json\/wp\/v2\/product_tag?post=17831"}],"curies":[{"name":"radni list","href":"https:\/\/api.w.org\/{rel}","templated":true}]}}