{"id":17854,"date":"2024-08-28T14:24:52","date_gmt":"2024-08-28T13:24:52","guid":{"rendered":"https:\/\/www.urbanspot.si\/produkt\/otroska-pametna-ura-imoo-z7-roza\/"},"modified":"2026-05-04T13:15:17","modified_gmt":"2026-05-04T11:15:17","slug":"djecji-pametni-sat-imoo-z7-ruzicaste-boje","status":"publish","type":"product","link":"https:\/\/www.urbanspot.si\/hr\/produkt\/otroska-pametna-ura-imoo-z7-roza\/","title":{"rendered":"Imoo Z7 dje\u010dji pametni sat, roze boje"},"content":{"rendered":"<p><strong>Karakteristike dje\u010djeg sata Imoo Z7:<\/strong><\/p>\n<ul>\n<li>Dvosmjerni HD videochat<\/li>\n<li>precizno odre\u0111ivanje lokacije djeteta pomo\u0107u pet satelita<\/li>\n<li>Omogu\u0107uje 14-dnevno pra\u0107enje i snimanje lokacije va\u0161eg djeteta<\/li>\n<li>Z7 sat je opremljen PPG senzorima i algoritmima za prepoznavanje emocija kod djece, koji prate djetetova fiziolo\u0161ka mjerenja poput otkucaja srca i emocionalnih promjena tijekom dana.<\/li>\n<li>Sat vam omogu\u0107uje pra\u0107enje tjelesne temperature i upozorava vas kada se temperatura promijeni.<\/li>\n<li>Sat prati otkucaje srca i razinu kisika u krvi<\/li>\n<li>Sat prati emocionalne promjene va\u0161eg djeteta<\/li>\n<li>Vi\u0161e sportskih na\u010dina za zabavne sportske vje\u017ebe<\/li>\n<li>Na\u010din rada za tr\u010danje bilje\u017ei podatke o tr\u010danju i nudi razne zabavne vje\u017ebe za poticanje tr\u010danja<\/li>\n<li>Na\u010din plivanja<\/li>\n<li>AI skener<\/li>\n<li>Mo\u017eete snimati fotografije izravno sa svog zape\u0161\u0107a<\/li>\n<li>Sat je vodootporan.<\/li>\n<li>Maksimalna dubina do 20 m<\/li>\n<\/ul>","protected":false},"excerpt":{"rendered":"<p>Dje\u010dji pametni sat Urbie Z7 inovativan je dje\u010dji pametni sat koji kombinira klasi\u010dna rje\u0161enja s modernom prakti\u010dno\u0161\u0107u. Sat je dizajniran kako bi olak\u0161ao \u017eivot ne samo djeci ve\u0107 i njihovim roditeljima. Sat pobolj\u0161ava svakodnevne aktivnosti poput sporta, telefonskih poziva i slobodnog vremena. Razne ugra\u0111ene funkcije osiguravaju sigurnost mali\u0161ana i prakti\u010dnost kori\u0161tenja.<\/p>","protected":false},"featured_media":17856,"comment_status":"closed","ping_status":"closed","template":"","meta":[],"product_brand":[],"product_cat":[109,552,91],"product_tag":[],"class_list":{"0":"post-17854","1":"product","2":"type-product","3":"status-publish","4":"has-post-thumbnail","6":"product_cat-otroska-ura-imoo","7":"product_cat-pametne-ure-in-zapestnice","8":"product_cat-razprodaja","10":"first","11":"onbackorder","12":"sale","13":"taxable","14":"shipping-taxable","15":"purchasable","16":"product-type-simple"},"yoast_head":"<!-- This site is optimized with the Yoast SEO plugin v27.4 - https:\/\/yoast.com\/product\/yoast-seo-wordpress\/ -->\n<title>Otro\u0161ka pametna ura Imoo Z7, roza -<\/title>\n<meta name=\"robots\" content=\"index, follow, max-snippet:-1, max-image-preview:large, max-video-preview:-1\" \/>\n<link rel=\"canonical\" href=\"https:\/\/www.urbanspot.si\/hr\/proizvod-2\/djecji-pametni-sat-imoo-z7-ruzicaste-boje\/\" \/>\n<meta property=\"og:locale\" content=\"hr_HR\" \/>\n<meta property=\"og:type\" content=\"article\" \/>\n<meta property=\"og:title\" content=\"Otro\u0161ka pametna ura Imoo Z7, roza -\" \/>\n<meta property=\"og:description\" content=\"Otro\u0161ka pametna ura Urbie Z7 je inovativna otro\u0161ka pametna ura, ki je kombinacija klasi\u010dnih re\u0161itev in sodobnega udobja. Ura je zasnovana tako, da olaj\u0161a \u017eivljenje ne le otrokom ampak tudi njihovim star\u0161em. Ura izbolj\u0161uje vsakodnevne aktivnosti kot so \u0161portne aktivnosti, telefonski klici in prosti \u010das. Vrsta vgrajenih funkcij, ki zagotavljajo varnost mal\u010dka in udobje uporabe.\" \/>\n<meta property=\"og:url\" content=\"https:\/\/www.urbanspot.si\/hr\/proizvod-2\/djecji-pametni-sat-imoo-z7-ruzicaste-boje\/\" \/>\n<meta property=\"article:publisher\" content=\"https:\/\/www.facebook.com\/urbanspot.si\" \/>\n<meta property=\"article:modified_time\" content=\"2026-05-04T11:15:17+00:00\" \/>\n<meta property=\"og:image\" content=\"https:\/\/www.urbanspot.si\/wp-content\/uploads\/otroska-pametna-ura-imoo-z7-roza.png\" \/>\n\t<meta property=\"og:image:width\" content=\"714\" \/>\n\t<meta property=\"og:image:height\" content=\"758\" \/>\n\t<meta property=\"og:image:type\" content=\"image\/png\" \/>\n<meta name=\"twitter:card\" content=\"summary_large_image\" \/>\n<meta name=\"twitter:label1\" content=\"Procijenjeno vrijeme \u010ditanja\" \/>\n\t<meta name=\"twitter:data1\" content=\"1 minuta\" \/>\n<script type=\"application\/ld+json\" class=\"yoast-schema-graph\">{\"@context\":\"https:\\\/\\\/schema.org\",\"@graph\":[{\"@type\":\"WebPage\",\"@id\":\"https:\\\/\\\/www.urbanspot.si\\\/produkt\\\/otroska-pametna-ura-imoo-z7-roza\\\/\",\"url\":\"https:\\\/\\\/www.urbanspot.si\\\/produkt\\\/otroska-pametna-ura-imoo-z7-roza\\\/\",\"name\":\"Otro\u0161ka pametna ura Imoo Z7, roza -\",\"isPartOf\":{\"@id\":\"https:\\\/\\\/www.urbanspot.si\\\/#website\"},\"primaryImageOfPage\":{\"@id\":\"https:\\\/\\\/www.urbanspot.si\\\/produkt\\\/otroska-pametna-ura-imoo-z7-roza\\\/#primaryimage\"},\"image\":{\"@id\":\"https:\\\/\\\/www.urbanspot.si\\\/produkt\\\/otroska-pametna-ura-imoo-z7-roza\\\/#primaryimage\"},\"thumbnailUrl\":\"https:\\\/\\\/www.urbanspot.si\\\/wp-content\\\/uploads\\\/otroska-pametna-ura-imoo-z7-roza.png\",\"datePublished\":\"2024-08-28T13:24:52+00:00\",\"dateModified\":\"2026-05-04T11:15:17+00:00\",\"breadcrumb\":{\"@id\":\"https:\\\/\\\/www.urbanspot.si\\\/produkt\\\/otroska-pametna-ura-imoo-z7-roza\\\/#breadcrumb\"},\"inLanguage\":\"hr\",\"potentialAction\":[{\"@type\":\"ReadAction\",\"target\":[\"https:\\\/\\\/www.urbanspot.si\\\/produkt\\\/otroska-pametna-ura-imoo-z7-roza\\\/\"]}]},{\"@type\":\"ImageObject\",\"inLanguage\":\"hr\",\"@id\":\"https:\\\/\\\/www.urbanspot.si\\\/produkt\\\/otroska-pametna-ura-imoo-z7-roza\\\/#primaryimage\",\"url\":\"https:\\\/\\\/www.urbanspot.si\\\/wp-content\\\/uploads\\\/otroska-pametna-ura-imoo-z7-roza.png\",\"contentUrl\":\"https:\\\/\\\/www.urbanspot.si\\\/wp-content\\\/uploads\\\/otroska-pametna-ura-imoo-z7-roza.png\",\"width\":714,\"height\":758,\"caption\":\"Otro\u0161ka pametna ura Imoo Z7\"},{\"@type\":\"BreadcrumbList\",\"@id\":\"https:\\\/\\\/www.urbanspot.si\\\/produkt\\\/otroska-pametna-ura-imoo-z7-roza\\\/#breadcrumb\",\"itemListElement\":[{\"@type\":\"ListItem\",\"position\":1,\"name\":\"Home\",\"item\":\"https:\\\/\\\/www.urbanspot.si\\\/\"},{\"@type\":\"ListItem\",\"position\":2,\"name\":\"Shop\",\"item\":\"https:\\\/\\\/www.urbanspot.si\\\/shop\\\/\"},{\"@type\":\"ListItem\",\"position\":3,\"name\":\"Otro\u0161ka pametna ura Imoo Z7, roza\"}]},{\"@type\":\"WebSite\",\"@id\":\"https:\\\/\\\/www.urbanspot.si\\\/#website\",\"url\":\"https:\\\/\\\/www.urbanspot.si\\\/\",\"name\":\"UrbanSpot\",\"description\":\"\",\"publisher\":{\"@id\":\"https:\\\/\\\/www.urbanspot.si\\\/#organization\"},\"potentialAction\":[{\"@type\":\"SearchAction\",\"target\":{\"@type\":\"EntryPoint\",\"urlTemplate\":\"https:\\\/\\\/www.urbanspot.si\\\/?s={search_term_string}\"},\"query-input\":{\"@type\":\"PropertyValueSpecification\",\"valueRequired\":true,\"valueName\":\"search_term_string\"}}],\"inLanguage\":\"hr\"},{\"@type\":\"Organization\",\"@id\":\"https:\\\/\\\/www.urbanspot.si\\\/#organization\",\"name\":\"UrbanSpot\",\"url\":\"https:\\\/\\\/www.urbanspot.si\\\/\",\"logo\":{\"@type\":\"ImageObject\",\"inLanguage\":\"hr\",\"@id\":\"https:\\\/\\\/www.urbanspot.si\\\/#\\\/schema\\\/logo\\\/image\\\/\",\"url\":\"https:\\\/\\\/www.urbanspot.si\\\/wp-content\\\/uploads\\\/urbanspot-logo.svg\",\"contentUrl\":\"https:\\\/\\\/www.urbanspot.si\\\/wp-content\\\/uploads\\\/urbanspot-logo.svg\",\"width\":185,\"height\":40,\"caption\":\"UrbanSpot\"},\"image\":{\"@id\":\"https:\\\/\\\/www.urbanspot.si\\\/#\\\/schema\\\/logo\\\/image\\\/\"},\"sameAs\":[\"https:\\\/\\\/www.facebook.com\\\/urbanspot.si\"]}]}<\/script>\n<!-- \/ Yoast SEO plugin. -->","yoast_head_json":{"title":"Imoo Z7 pametni sat za djecu, ru\u017ei\u010dasti -","robots":{"index":"index","follow":"follow","max-snippet":"max-snippet:-1","max-image-preview":"max-image-preview:large","max-video-preview":"max-video-preview:-1"},"canonical":"https:\/\/www.urbanspot.si\/hr\/proizvod-2\/djecji-pametni-sat-imoo-z7-ruzicaste-boje\/","og_locale":"hr_HR","og_type":"article","og_title":"Otro\u0161ka pametna ura Imoo Z7, roza -","og_description":"Otro\u0161ka pametna ura Urbie Z7 je inovativna otro\u0161ka pametna ura, ki je kombinacija klasi\u010dnih re\u0161itev in sodobnega udobja. Ura je zasnovana tako, da olaj\u0161a \u017eivljenje ne le otrokom ampak tudi njihovim star\u0161em. Ura izbolj\u0161uje vsakodnevne aktivnosti kot so \u0161portne aktivnosti, telefonski klici in prosti \u010das. Vrsta vgrajenih funkcij, ki zagotavljajo varnost mal\u010dka in udobje uporabe.","og_url":"https:\/\/www.urbanspot.si\/hr\/proizvod-2\/djecji-pametni-sat-imoo-z7-ruzicaste-boje\/","article_publisher":"https:\/\/www.facebook.com\/urbanspot.si","article_modified_time":"2026-05-04T11:15:17+00:00","og_image":[{"width":714,"height":758,"url":"https:\/\/www.urbanspot.si\/wp-content\/uploads\/otroska-pametna-ura-imoo-z7-roza.png","type":"image\/png"}],"twitter_card":"summary_large_image","twitter_misc":{"Procijenjeno vrijeme \u010ditanja":"1 minuta"},"schema":{"@context":"https:\/\/schema.org","@graph":[{"@type":"WebPage","@id":"https:\/\/www.urbanspot.si\/produkt\/otroska-pametna-ura-imoo-z7-roza\/","url":"https:\/\/www.urbanspot.si\/produkt\/otroska-pametna-ura-imoo-z7-roza\/","name":"Imoo Z7 pametni sat za djecu, ru\u017ei\u010dasti -","isPartOf":{"@id":"https:\/\/www.urbanspot.si\/#website"},"primaryImageOfPage":{"@id":"https:\/\/www.urbanspot.si\/produkt\/otroska-pametna-ura-imoo-z7-roza\/#primaryimage"},"image":{"@id":"https:\/\/www.urbanspot.si\/produkt\/otroska-pametna-ura-imoo-z7-roza\/#primaryimage"},"thumbnailUrl":"https:\/\/www.urbanspot.si\/wp-content\/uploads\/otroska-pametna-ura-imoo-z7-roza.png","datePublished":"2024-08-28T13:24:52+00:00","dateModified":"2026-05-04T11:15:17+00:00","breadcrumb":{"@id":"https:\/\/www.urbanspot.si\/produkt\/otroska-pametna-ura-imoo-z7-roza\/#breadcrumb"},"inLanguage":"hr","potentialAction":[{"@type":"ReadAction","target":["https:\/\/www.urbanspot.si\/produkt\/otroska-pametna-ura-imoo-z7-roza\/"]}]},{"@type":"ImageObject","inLanguage":"hr","@id":"https:\/\/www.urbanspot.si\/produkt\/otroska-pametna-ura-imoo-z7-roza\/#primaryimage","url":"https:\/\/www.urbanspot.si\/wp-content\/uploads\/otroska-pametna-ura-imoo-z7-roza.png","contentUrl":"https:\/\/www.urbanspot.si\/wp-content\/uploads\/otroska-pametna-ura-imoo-z7-roza.png","width":714,"height":758,"caption":"Otro\u0161ka pametna ura Imoo Z7"},{"@type":"BreadcrumbList","@id":"https:\/\/www.urbanspot.si\/produkt\/otroska-pametna-ura-imoo-z7-roza\/#breadcrumb","itemListElement":[{"@type":"ListItem","position":1,"name":"Home","item":"https:\/\/www.urbanspot.si\/"},{"@type":"ListItem","position":2,"name":"Shop","item":"https:\/\/www.urbanspot.si\/shop\/"},{"@type":"ListItem","position":3,"name":"Otro\u0161ka pametna ura Imoo Z7, roza"}]},{"@type":"WebSite","@id":"https:\/\/www.urbanspot.si\/#website","url":"https:\/\/www.urbanspot.si\/","name":"UrbanSpot","description":"","publisher":{"@id":"https:\/\/www.urbanspot.si\/#organization"},"potentialAction":[{"@type":"SearchAction","target":{"@type":"EntryPoint","urlTemplate":"https:\/\/www.urbanspot.si\/?s={search_term_string}"},"query-input":{"@type":"PropertyValueSpecification","valueRequired":true,"valueName":"search_term_string"}}],"inLanguage":"hr"},{"@type":"Organization","@id":"https:\/\/www.urbanspot.si\/#organization","name":"UrbanSpot","url":"https:\/\/www.urbanspot.si\/","logo":{"@type":"ImageObject","inLanguage":"hr","@id":"https:\/\/www.urbanspot.si\/#\/schema\/logo\/image\/","url":"https:\/\/www.urbanspot.si\/wp-content\/uploads\/urbanspot-logo.svg","contentUrl":"https:\/\/www.urbanspot.si\/wp-content\/uploads\/urbanspot-logo.svg","width":185,"height":40,"caption":"UrbanSpot"},"image":{"@id":"https:\/\/www.urbanspot.si\/#\/schema\/logo\/image\/"},"sameAs":["https:\/\/www.facebook.com\/urbanspot.si"]}]}},"_links":{"self":[{"href":"https:\/\/www.urbanspot.si\/hr\/wp-json\/wp\/v2\/product\/17854","targetHints":{"allow":["GET"]}}],"collection":[{"href":"https:\/\/www.urbanspot.si\/hr\/wp-json\/wp\/v2\/product"}],"about":[{"href":"https:\/\/www.urbanspot.si\/hr\/wp-json\/wp\/v2\/types\/product"}],"replies":[{"embeddable":true,"href":"https:\/\/www.urbanspot.si\/hr\/wp-json\/wp\/v2\/comments?post=17854"}],"version-history":[{"count":2,"href":"https:\/\/www.urbanspot.si\/hr\/wp-json\/wp\/v2\/product\/17854\/revisions"}],"predecessor-version":[{"id":19076,"href":"https:\/\/www.urbanspot.si\/hr\/wp-json\/wp\/v2\/product\/17854\/revisions\/19076"}],"wp:featuredmedia":[{"embeddable":true,"href":"https:\/\/www.urbanspot.si\/hr\/wp-json\/wp\/v2\/media\/17856"}],"wp:attachment":[{"href":"https:\/\/www.urbanspot.si\/hr\/wp-json\/wp\/v2\/media?parent=17854"}],"wp:term":[{"taxonomy":"product_brand","embeddable":true,"href":"https:\/\/www.urbanspot.si\/hr\/wp-json\/wp\/v2\/product_brand?post=17854"},{"taxonomy":"product_cat","embeddable":true,"href":"https:\/\/www.urbanspot.si\/hr\/wp-json\/wp\/v2\/product_cat?post=17854"},{"taxonomy":"product_tag","embeddable":true,"href":"https:\/\/www.urbanspot.si\/hr\/wp-json\/wp\/v2\/product_tag?post=17854"}],"curies":[{"name":"radni list","href":"https:\/\/api.w.org\/{rel}","templated":true}]}}