{"id":17909,"date":"2024-08-29T09:08:15","date_gmt":"2024-08-29T08:08:15","guid":{"rendered":"https:\/\/www.urbanspot.si\/?post_type=product&#038;p=17909"},"modified":"2026-03-19T16:03:30","modified_gmt":"2026-03-19T14:03:30","slug":"silikonska-maskica-urbie-u-obliku-srca-crvena-za-xiaomi-redmi-10-5g","status":"publish","type":"product","link":"https:\/\/www.urbanspot.si\/hr\/produkt\/ovitek-urbie-silicone-heart-red-xiaomi-redmi-10-5g\/","title":{"rendered":"Urbie silikonska maskica u obliku srca crvene boje, Xiaomi Redmi 10 5G"},"content":{"rendered":"<p>Urbie silikonska za\u0161titna futrola za srce:<\/p>\n<p>&nbsp;<\/p>\n<ul>\n<li>Silikonska futrola izra\u0111ena od visokokvalitetnog materijala s visokom razinom izdr\u017eljivosti<\/li>\n<li>Mekan i ugodan materijal na dodir<\/li>\n<li>Pokriva sve strane i stra\u017enju stranu telefona<\/li>\n<li>Besplatan pristup svim funkcijama telefona<\/li>\n<li>Blago podignuti rub ku\u0107i\u0161ta \u0161titi objektiv kamere od ogrebotina<\/li>\n<li>Instalirajte i uklonite ga za nekoliko sekundi<\/li>\n<li>Mekana unutra\u0161njost<\/li>\n<\/ul>","protected":false},"excerpt":{"rendered":"<p>Silikonska maskica Urbie u obliku srca ne odlikuje se samo iznimnom kvalitetom, ve\u0107 i dizajnom. Maska \u0107e va\u0161em telefonu pru\u017eiti potpuno prirodan izgled, a istovremeno \u0107e pru\u017eiti izvrsnu za\u0161titu.<\/p>","protected":false},"featured_media":17910,"comment_status":"open","ping_status":"closed","template":"","meta":[],"product_brand":[],"product_cat":[560,582,230,233],"product_tag":[],"class_list":{"0":"post-17909","1":"product","2":"type-product","3":"status-publish","4":"has-post-thumbnail","6":"product_cat-ovitki-za-telefone","7":"product_cat-redmi-10-5g","8":"product_cat-xiaomi","9":"product_cat-xiaomi-redmi-serija","10":"pa_primerno-za-model-xiaomi-redmi-10-5g","11":"pa_primerno-za-proizvajalca-xiaomi","13":"first","14":"instock","15":"sale","16":"taxable","17":"shipping-taxable","18":"purchasable","19":"product-type-simple"},"yoast_head":"<!-- This site is optimized with the Yoast SEO plugin v27.2 - https:\/\/yoast.com\/product\/yoast-seo-wordpress\/ -->\n<title>Ovitek Urbie Silicone Heart Red, Xiaomi Redmi 10 5G -<\/title>\n<meta name=\"robots\" content=\"index, follow, max-snippet:-1, max-image-preview:large, max-video-preview:-1\" \/>\n<link rel=\"canonical\" href=\"https:\/\/www.urbanspot.si\/hr\/proizvod-2\/silikonska-maskica-urbie-u-obliku-srca-crvena-za-xiaomi-redmi-10-5g\/\" \/>\n<meta property=\"og:locale\" content=\"hr_HR\" \/>\n<meta property=\"og:type\" content=\"article\" \/>\n<meta property=\"og:title\" content=\"Ovitek Urbie Silicone Heart Red, Xiaomi Redmi 10 5G -\" \/>\n<meta property=\"og:description\" content=\"Ovitek Urbie Silicone Heart ne odlikuje le izjemna kakovost, temve\u010d tudi dizajn. Ovitek bo poskrbel za popolnoma naraven videz telefona, kljub temu pa bo le ta odli\u010dno za\u0161\u010diten.\" \/>\n<meta property=\"og:url\" content=\"https:\/\/www.urbanspot.si\/hr\/proizvod-2\/silikonska-maskica-urbie-u-obliku-srca-crvena-za-xiaomi-redmi-10-5g\/\" \/>\n<meta property=\"article:publisher\" content=\"https:\/\/www.facebook.com\/urbanspot.si\" \/>\n<meta property=\"article:modified_time\" content=\"2026-03-19T14:03:30+00:00\" \/>\n<meta property=\"og:image\" content=\"https:\/\/www.urbanspot.si\/wp-content\/uploads\/redmi-10-heart-red.jpg\" \/>\n\t<meta property=\"og:image:width\" content=\"1000\" \/>\n\t<meta property=\"og:image:height\" content=\"1000\" \/>\n\t<meta property=\"og:image:type\" content=\"image\/jpeg\" \/>\n<meta name=\"twitter:card\" content=\"summary_large_image\" \/>\n<script type=\"application\/ld+json\" class=\"yoast-schema-graph\">{\"@context\":\"https:\/\/schema.org\",\"@graph\":[{\"@type\":\"WebPage\",\"@id\":\"https:\/\/www.urbanspot.si\/produkt\/ovitek-urbie-silicone-heart-red-xiaomi-redmi-10-5g\/\",\"url\":\"https:\/\/www.urbanspot.si\/produkt\/ovitek-urbie-silicone-heart-red-xiaomi-redmi-10-5g\/\",\"name\":\"Ovitek Urbie Silicone Heart Red, Xiaomi Redmi 10 5G -\",\"isPartOf\":{\"@id\":\"https:\/\/www.urbanspot.si\/#website\"},\"primaryImageOfPage\":{\"@id\":\"https:\/\/www.urbanspot.si\/produkt\/ovitek-urbie-silicone-heart-red-xiaomi-redmi-10-5g\/#primaryimage\"},\"image\":{\"@id\":\"https:\/\/www.urbanspot.si\/produkt\/ovitek-urbie-silicone-heart-red-xiaomi-redmi-10-5g\/#primaryimage\"},\"thumbnailUrl\":\"https:\/\/www.urbanspot.si\/wp-content\/uploads\/redmi-10-heart-red.jpg\",\"datePublished\":\"2024-08-29T08:08:15+00:00\",\"dateModified\":\"2026-03-19T14:03:30+00:00\",\"breadcrumb\":{\"@id\":\"https:\/\/www.urbanspot.si\/produkt\/ovitek-urbie-silicone-heart-red-xiaomi-redmi-10-5g\/#breadcrumb\"},\"inLanguage\":\"hr\",\"potentialAction\":[{\"@type\":\"ReadAction\",\"target\":[\"https:\/\/www.urbanspot.si\/produkt\/ovitek-urbie-silicone-heart-red-xiaomi-redmi-10-5g\/\"]}]},{\"@type\":\"ImageObject\",\"inLanguage\":\"hr\",\"@id\":\"https:\/\/www.urbanspot.si\/produkt\/ovitek-urbie-silicone-heart-red-xiaomi-redmi-10-5g\/#primaryimage\",\"url\":\"https:\/\/www.urbanspot.si\/wp-content\/uploads\/redmi-10-heart-red.jpg\",\"contentUrl\":\"https:\/\/www.urbanspot.si\/wp-content\/uploads\/redmi-10-heart-red.jpg\",\"width\":1000,\"height\":1000},{\"@type\":\"BreadcrumbList\",\"@id\":\"https:\/\/www.urbanspot.si\/produkt\/ovitek-urbie-silicone-heart-red-xiaomi-redmi-10-5g\/#breadcrumb\",\"itemListElement\":[{\"@type\":\"ListItem\",\"position\":1,\"name\":\"Home\",\"item\":\"https:\/\/www.urbanspot.si\/\"},{\"@type\":\"ListItem\",\"position\":2,\"name\":\"Shop\",\"item\":\"https:\/\/www.urbanspot.si\/shop\/\"},{\"@type\":\"ListItem\",\"position\":3,\"name\":\"Ovitek Urbie Silicone Heart Red, Xiaomi Redmi 10 5G\"}]},{\"@type\":\"WebSite\",\"@id\":\"https:\/\/www.urbanspot.si\/#website\",\"url\":\"https:\/\/www.urbanspot.si\/\",\"name\":\"UrbanSpot\",\"description\":\"\",\"publisher\":{\"@id\":\"https:\/\/www.urbanspot.si\/#organization\"},\"potentialAction\":[{\"@type\":\"SearchAction\",\"target\":{\"@type\":\"EntryPoint\",\"urlTemplate\":\"https:\/\/www.urbanspot.si\/?s={search_term_string}\"},\"query-input\":{\"@type\":\"PropertyValueSpecification\",\"valueRequired\":true,\"valueName\":\"search_term_string\"}}],\"inLanguage\":\"hr\"},{\"@type\":\"Organization\",\"@id\":\"https:\/\/www.urbanspot.si\/#organization\",\"name\":\"UrbanSpot\",\"url\":\"https:\/\/www.urbanspot.si\/\",\"logo\":{\"@type\":\"ImageObject\",\"inLanguage\":\"hr\",\"@id\":\"https:\/\/www.urbanspot.si\/#\/schema\/logo\/image\/\",\"url\":\"https:\/\/www.urbanspot.si\/wp-content\/uploads\/urbanspot-logo.svg\",\"contentUrl\":\"https:\/\/www.urbanspot.si\/wp-content\/uploads\/urbanspot-logo.svg\",\"width\":185,\"height\":40,\"caption\":\"UrbanSpot\"},\"image\":{\"@id\":\"https:\/\/www.urbanspot.si\/#\/schema\/logo\/image\/\"},\"sameAs\":[\"https:\/\/www.facebook.com\/urbanspot.si\"]}]}<\/script>\n<!-- \/ Yoast SEO plugin. -->","yoast_head_json":{"title":"Urbia Silicone Heart Red Case, Xiaomi Redmi 10 5G -","robots":{"index":"index","follow":"follow","max-snippet":"max-snippet:-1","max-image-preview":"max-image-preview:large","max-video-preview":"max-video-preview:-1"},"canonical":"https:\/\/www.urbanspot.si\/hr\/proizvod-2\/silikonska-maskica-urbie-u-obliku-srca-crvena-za-xiaomi-redmi-10-5g\/","og_locale":"hr_HR","og_type":"article","og_title":"Ovitek Urbie Silicone Heart Red, Xiaomi Redmi 10 5G -","og_description":"Ovitek Urbie Silicone Heart ne odlikuje le izjemna kakovost, temve\u010d tudi dizajn. Ovitek bo poskrbel za popolnoma naraven videz telefona, kljub temu pa bo le ta odli\u010dno za\u0161\u010diten.","og_url":"https:\/\/www.urbanspot.si\/hr\/proizvod-2\/silikonska-maskica-urbie-u-obliku-srca-crvena-za-xiaomi-redmi-10-5g\/","article_publisher":"https:\/\/www.facebook.com\/urbanspot.si","article_modified_time":"2026-03-19T14:03:30+00:00","og_image":[{"width":1000,"height":1000,"url":"https:\/\/www.urbanspot.si\/wp-content\/uploads\/redmi-10-heart-red.jpg","type":"image\/jpeg"}],"twitter_card":"summary_large_image","schema":{"@context":"https:\/\/schema.org","@graph":[{"@type":"WebPage","@id":"https:\/\/www.urbanspot.si\/produkt\/ovitek-urbie-silicone-heart-red-xiaomi-redmi-10-5g\/","url":"https:\/\/www.urbanspot.si\/produkt\/ovitek-urbie-silicone-heart-red-xiaomi-redmi-10-5g\/","name":"Urbia Silicone Heart Red Case, Xiaomi Redmi 10 5G -","isPartOf":{"@id":"https:\/\/www.urbanspot.si\/#website"},"primaryImageOfPage":{"@id":"https:\/\/www.urbanspot.si\/produkt\/ovitek-urbie-silicone-heart-red-xiaomi-redmi-10-5g\/#primaryimage"},"image":{"@id":"https:\/\/www.urbanspot.si\/produkt\/ovitek-urbie-silicone-heart-red-xiaomi-redmi-10-5g\/#primaryimage"},"thumbnailUrl":"https:\/\/www.urbanspot.si\/wp-content\/uploads\/redmi-10-heart-red.jpg","datePublished":"2024-08-29T08:08:15+00:00","dateModified":"2026-03-19T14:03:30+00:00","breadcrumb":{"@id":"https:\/\/www.urbanspot.si\/produkt\/ovitek-urbie-silicone-heart-red-xiaomi-redmi-10-5g\/#breadcrumb"},"inLanguage":"hr","potentialAction":[{"@type":"ReadAction","target":["https:\/\/www.urbanspot.si\/produkt\/ovitek-urbie-silicone-heart-red-xiaomi-redmi-10-5g\/"]}]},{"@type":"ImageObject","inLanguage":"hr","@id":"https:\/\/www.urbanspot.si\/produkt\/ovitek-urbie-silicone-heart-red-xiaomi-redmi-10-5g\/#primaryimage","url":"https:\/\/www.urbanspot.si\/wp-content\/uploads\/redmi-10-heart-red.jpg","contentUrl":"https:\/\/www.urbanspot.si\/wp-content\/uploads\/redmi-10-heart-red.jpg","width":1000,"height":1000},{"@type":"BreadcrumbList","@id":"https:\/\/www.urbanspot.si\/produkt\/ovitek-urbie-silicone-heart-red-xiaomi-redmi-10-5g\/#breadcrumb","itemListElement":[{"@type":"ListItem","position":1,"name":"Home","item":"https:\/\/www.urbanspot.si\/"},{"@type":"ListItem","position":2,"name":"Shop","item":"https:\/\/www.urbanspot.si\/shop\/"},{"@type":"ListItem","position":3,"name":"Ovitek Urbie Silicone Heart Red, Xiaomi Redmi 10 5G"}]},{"@type":"WebSite","@id":"https:\/\/www.urbanspot.si\/#website","url":"https:\/\/www.urbanspot.si\/","name":"UrbanSpot","description":"","publisher":{"@id":"https:\/\/www.urbanspot.si\/#organization"},"potentialAction":[{"@type":"SearchAction","target":{"@type":"EntryPoint","urlTemplate":"https:\/\/www.urbanspot.si\/?s={search_term_string}"},"query-input":{"@type":"PropertyValueSpecification","valueRequired":true,"valueName":"search_term_string"}}],"inLanguage":"hr"},{"@type":"Organization","@id":"https:\/\/www.urbanspot.si\/#organization","name":"UrbanSpot","url":"https:\/\/www.urbanspot.si\/","logo":{"@type":"ImageObject","inLanguage":"hr","@id":"https:\/\/www.urbanspot.si\/#\/schema\/logo\/image\/","url":"https:\/\/www.urbanspot.si\/wp-content\/uploads\/urbanspot-logo.svg","contentUrl":"https:\/\/www.urbanspot.si\/wp-content\/uploads\/urbanspot-logo.svg","width":185,"height":40,"caption":"UrbanSpot"},"image":{"@id":"https:\/\/www.urbanspot.si\/#\/schema\/logo\/image\/"},"sameAs":["https:\/\/www.facebook.com\/urbanspot.si"]}]}},"_links":{"self":[{"href":"https:\/\/www.urbanspot.si\/hr\/wp-json\/wp\/v2\/product\/17909","targetHints":{"allow":["GET"]}}],"collection":[{"href":"https:\/\/www.urbanspot.si\/hr\/wp-json\/wp\/v2\/product"}],"about":[{"href":"https:\/\/www.urbanspot.si\/hr\/wp-json\/wp\/v2\/types\/product"}],"replies":[{"embeddable":true,"href":"https:\/\/www.urbanspot.si\/hr\/wp-json\/wp\/v2\/comments?post=17909"}],"version-history":[{"count":1,"href":"https:\/\/www.urbanspot.si\/hr\/wp-json\/wp\/v2\/product\/17909\/revisions"}],"predecessor-version":[{"id":17915,"href":"https:\/\/www.urbanspot.si\/hr\/wp-json\/wp\/v2\/product\/17909\/revisions\/17915"}],"wp:featuredmedia":[{"embeddable":true,"href":"https:\/\/www.urbanspot.si\/hr\/wp-json\/wp\/v2\/media\/17910"}],"wp:attachment":[{"href":"https:\/\/www.urbanspot.si\/hr\/wp-json\/wp\/v2\/media?parent=17909"}],"wp:term":[{"taxonomy":"product_brand","embeddable":true,"href":"https:\/\/www.urbanspot.si\/hr\/wp-json\/wp\/v2\/product_brand?post=17909"},{"taxonomy":"product_cat","embeddable":true,"href":"https:\/\/www.urbanspot.si\/hr\/wp-json\/wp\/v2\/product_cat?post=17909"},{"taxonomy":"product_tag","embeddable":true,"href":"https:\/\/www.urbanspot.si\/hr\/wp-json\/wp\/v2\/product_tag?post=17909"}],"curies":[{"name":"radni list","href":"https:\/\/api.w.org\/{rel}","templated":true}]}}