{"id":17943,"date":"2024-08-29T10:17:49","date_gmt":"2024-08-29T09:17:49","guid":{"rendered":"https:\/\/www.urbanspot.si\/?post_type=product&#038;p=17943"},"modified":"2026-03-19T16:03:30","modified_gmt":"2026-03-19T14:03:30","slug":"spigen-tanka-zastitna-folija-za-ekran-za-apple-watch-ultra-49-mm","status":"publish","type":"product","link":"https:\/\/www.urbanspot.si\/hr\/produkt\/zascitno-steklo-spigen-slim-za-uro-apple-watch-ultra-49mm\/","title":{"rendered":"Spigen Slim Glass za\u0161titno staklo za Apple Watch Ultra 49 mm"},"content":{"rendered":"","protected":false},"excerpt":{"rendered":"<p class=\"tw-data-text tw-text-large tw-ta\" dir=\"ltr\" data-placeholder=\"Translation\" aria-label=\"Prevedeni tekst\" data-ved=\"2ahUKEwiyqI2qqpyIAxUz9QIHHWtCCuEQ3ewLegQIBxAU\"><span class=\"Y2IQFc\" lang=\"sl\">Spigen Glas.tR Slim Pro je izvrsno rje\u0161enje za ljude koji \u017eele dodati dodatnu za\u0161titu zaslonu svog sata. Izra\u0111eno od kaljenog stakla tvrdo\u0107e 9H i metalnog poklopca, osigurava trajnost i pouzdanost. Staklo<\/span><span class=\"Y2IQFc\" lang=\"sl\">\u00a0\u0160titi okvir od padova i ogrebotina, a istovremeno odr\u017eava elegantan izgled ure\u0111aja. Zahvaljuju\u0107i tome, mo\u017eete biti sigurni da \u0107e va\u0161 pametni sat ostati u savr\u0161enom stanju dugo vremena.<\/span><\/p>","protected":false},"featured_media":17944,"comment_status":"open","ping_status":"closed","template":"","meta":[],"product_brand":[],"product_cat":[92,585,584,91,559,583],"product_tag":[],"class_list":{"0":"post-17943","1":"product","2":"type-product","3":"status-publish","4":"has-post-thumbnail","6":"product_cat-apple","7":"product_cat-apple-pametne-ure","8":"product_cat-apple-watch-ultra-49mm","9":"product_cat-razprodaja","10":"product_cat-zascitna-stekla","11":"product_cat-zascitna-stekla-za-pametne-ure","12":"pa_primerno-za-model-watch-ultra","13":"pa_primerno-za-proizvajalca-apple","15":"first","16":"instock","17":"sale","18":"taxable","19":"shipping-taxable","20":"purchasable","21":"product-type-simple"},"yoast_head":"<!-- This site is optimized with the Yoast SEO plugin v27.2 - https:\/\/yoast.com\/product\/yoast-seo-wordpress\/ -->\n<title>Za\u0161\u010ditno steklo Spigen Slim za uro Apple Watch Ultra 49mm -<\/title>\n<meta name=\"robots\" content=\"index, follow, max-snippet:-1, max-image-preview:large, max-video-preview:-1\" \/>\n<link rel=\"canonical\" href=\"https:\/\/www.urbanspot.si\/hr\/proizvod-2\/spigen-tanka-zastitna-folija-za-ekran-za-apple-watch-ultra-49-mm\/\" \/>\n<meta property=\"og:locale\" content=\"hr_HR\" \/>\n<meta property=\"og:type\" content=\"article\" \/>\n<meta property=\"og:title\" content=\"Za\u0161\u010ditno steklo Spigen Slim za uro Apple Watch Ultra 49mm -\" \/>\n<meta property=\"og:description\" content=\"Spigen Glas.tR Slim Pro je odli\u010dna re\u0161itev za ljudi, ki \u017eelijo dodatno za\u0161\u010dititi zaslon svoje ure. Izdelan iz kaljenega stekla s trdoto 9H in kovinskim pokrovom zagotavlja vzdr\u017eljivost in zanesljivost.Steklo\u00a0\u0161\u010diti okvir pred padci in praskami, hkrati pa ohranja stilski videz naprave. Zahvaljujo\u010d temu ste lahko prepri\u010dani, da bo va\u0161a pametna ura \u0161e dolgo ostala v brezhibnem stanju.\" \/>\n<meta property=\"og:url\" content=\"https:\/\/www.urbanspot.si\/hr\/proizvod-2\/spigen-tanka-zastitna-folija-za-ekran-za-apple-watch-ultra-49-mm\/\" \/>\n<meta property=\"article:publisher\" content=\"https:\/\/www.facebook.com\/urbanspot.si\" \/>\n<meta property=\"article:modified_time\" content=\"2026-03-19T14:03:30+00:00\" \/>\n<meta property=\"og:image\" content=\"https:\/\/www.urbanspot.si\/wp-content\/uploads\/apple-watch-ultra.webp\" \/>\n\t<meta property=\"og:image:width\" content=\"1000\" \/>\n\t<meta property=\"og:image:height\" content=\"1000\" \/>\n\t<meta property=\"og:image:type\" content=\"image\/webp\" \/>\n<meta name=\"twitter:card\" content=\"summary_large_image\" \/>\n<script type=\"application\/ld+json\" class=\"yoast-schema-graph\">{\"@context\":\"https:\/\/schema.org\",\"@graph\":[{\"@type\":\"WebPage\",\"@id\":\"https:\/\/www.urbanspot.si\/produkt\/zascitno-steklo-spigen-slim-za-uro-apple-watch-ultra-49mm\/\",\"url\":\"https:\/\/www.urbanspot.si\/produkt\/zascitno-steklo-spigen-slim-za-uro-apple-watch-ultra-49mm\/\",\"name\":\"Za\u0161\u010ditno steklo Spigen Slim za uro Apple Watch Ultra 49mm -\",\"isPartOf\":{\"@id\":\"https:\/\/www.urbanspot.si\/#website\"},\"primaryImageOfPage\":{\"@id\":\"https:\/\/www.urbanspot.si\/produkt\/zascitno-steklo-spigen-slim-za-uro-apple-watch-ultra-49mm\/#primaryimage\"},\"image\":{\"@id\":\"https:\/\/www.urbanspot.si\/produkt\/zascitno-steklo-spigen-slim-za-uro-apple-watch-ultra-49mm\/#primaryimage\"},\"thumbnailUrl\":\"https:\/\/www.urbanspot.si\/wp-content\/uploads\/apple-watch-ultra.webp\",\"datePublished\":\"2024-08-29T09:17:49+00:00\",\"dateModified\":\"2026-03-19T14:03:30+00:00\",\"breadcrumb\":{\"@id\":\"https:\/\/www.urbanspot.si\/produkt\/zascitno-steklo-spigen-slim-za-uro-apple-watch-ultra-49mm\/#breadcrumb\"},\"inLanguage\":\"hr\",\"potentialAction\":[{\"@type\":\"ReadAction\",\"target\":[\"https:\/\/www.urbanspot.si\/produkt\/zascitno-steklo-spigen-slim-za-uro-apple-watch-ultra-49mm\/\"]}]},{\"@type\":\"ImageObject\",\"inLanguage\":\"hr\",\"@id\":\"https:\/\/www.urbanspot.si\/produkt\/zascitno-steklo-spigen-slim-za-uro-apple-watch-ultra-49mm\/#primaryimage\",\"url\":\"https:\/\/www.urbanspot.si\/wp-content\/uploads\/apple-watch-ultra.webp\",\"contentUrl\":\"https:\/\/www.urbanspot.si\/wp-content\/uploads\/apple-watch-ultra.webp\",\"width\":1000,\"height\":1000},{\"@type\":\"BreadcrumbList\",\"@id\":\"https:\/\/www.urbanspot.si\/produkt\/zascitno-steklo-spigen-slim-za-uro-apple-watch-ultra-49mm\/#breadcrumb\",\"itemListElement\":[{\"@type\":\"ListItem\",\"position\":1,\"name\":\"Home\",\"item\":\"https:\/\/www.urbanspot.si\/\"},{\"@type\":\"ListItem\",\"position\":2,\"name\":\"Shop\",\"item\":\"https:\/\/www.urbanspot.si\/shop\/\"},{\"@type\":\"ListItem\",\"position\":3,\"name\":\"Za\u0161\u010ditno steklo Spigen Slim za uro Apple Watch Ultra 49mm\"}]},{\"@type\":\"WebSite\",\"@id\":\"https:\/\/www.urbanspot.si\/#website\",\"url\":\"https:\/\/www.urbanspot.si\/\",\"name\":\"UrbanSpot\",\"description\":\"\",\"publisher\":{\"@id\":\"https:\/\/www.urbanspot.si\/#organization\"},\"potentialAction\":[{\"@type\":\"SearchAction\",\"target\":{\"@type\":\"EntryPoint\",\"urlTemplate\":\"https:\/\/www.urbanspot.si\/?s={search_term_string}\"},\"query-input\":{\"@type\":\"PropertyValueSpecification\",\"valueRequired\":true,\"valueName\":\"search_term_string\"}}],\"inLanguage\":\"hr\"},{\"@type\":\"Organization\",\"@id\":\"https:\/\/www.urbanspot.si\/#organization\",\"name\":\"UrbanSpot\",\"url\":\"https:\/\/www.urbanspot.si\/\",\"logo\":{\"@type\":\"ImageObject\",\"inLanguage\":\"hr\",\"@id\":\"https:\/\/www.urbanspot.si\/#\/schema\/logo\/image\/\",\"url\":\"https:\/\/www.urbanspot.si\/wp-content\/uploads\/urbanspot-logo.svg\",\"contentUrl\":\"https:\/\/www.urbanspot.si\/wp-content\/uploads\/urbanspot-logo.svg\",\"width\":185,\"height\":40,\"caption\":\"UrbanSpot\"},\"image\":{\"@id\":\"https:\/\/www.urbanspot.si\/#\/schema\/logo\/image\/\"},\"sameAs\":[\"https:\/\/www.facebook.com\/urbanspot.si\"]}]}<\/script>\n<!-- \/ Yoast SEO plugin. -->","yoast_head_json":{"title":"Za\u0161\u010ditno steklo Spigen Slim za uro Apple Watch Ultra 49mm -","robots":{"index":"index","follow":"follow","max-snippet":"max-snippet:-1","max-image-preview":"max-image-preview:large","max-video-preview":"max-video-preview:-1"},"canonical":"https:\/\/www.urbanspot.si\/hr\/proizvod-2\/spigen-tanka-zastitna-folija-za-ekran-za-apple-watch-ultra-49-mm\/","og_locale":"hr_HR","og_type":"article","og_title":"Za\u0161\u010ditno steklo Spigen Slim za uro Apple Watch Ultra 49mm -","og_description":"Spigen Glas.tR Slim Pro je odli\u010dna re\u0161itev za ljudi, ki \u017eelijo dodatno za\u0161\u010dititi zaslon svoje ure. Izdelan iz kaljenega stekla s trdoto 9H in kovinskim pokrovom zagotavlja vzdr\u017eljivost in zanesljivost.Steklo\u00a0\u0161\u010diti okvir pred padci in praskami, hkrati pa ohranja stilski videz naprave. Zahvaljujo\u010d temu ste lahko prepri\u010dani, da bo va\u0161a pametna ura \u0161e dolgo ostala v brezhibnem stanju.","og_url":"https:\/\/www.urbanspot.si\/hr\/proizvod-2\/spigen-tanka-zastitna-folija-za-ekran-za-apple-watch-ultra-49-mm\/","article_publisher":"https:\/\/www.facebook.com\/urbanspot.si","article_modified_time":"2026-03-19T14:03:30+00:00","og_image":[{"width":1000,"height":1000,"url":"https:\/\/www.urbanspot.si\/wp-content\/uploads\/apple-watch-ultra.webp","type":"image\/webp"}],"twitter_card":"summary_large_image","schema":{"@context":"https:\/\/schema.org","@graph":[{"@type":"WebPage","@id":"https:\/\/www.urbanspot.si\/produkt\/zascitno-steklo-spigen-slim-za-uro-apple-watch-ultra-49mm\/","url":"https:\/\/www.urbanspot.si\/produkt\/zascitno-steklo-spigen-slim-za-uro-apple-watch-ultra-49mm\/","name":"Za\u0161\u010ditno steklo Spigen Slim za uro Apple Watch Ultra 49mm -","isPartOf":{"@id":"https:\/\/www.urbanspot.si\/#website"},"primaryImageOfPage":{"@id":"https:\/\/www.urbanspot.si\/produkt\/zascitno-steklo-spigen-slim-za-uro-apple-watch-ultra-49mm\/#primaryimage"},"image":{"@id":"https:\/\/www.urbanspot.si\/produkt\/zascitno-steklo-spigen-slim-za-uro-apple-watch-ultra-49mm\/#primaryimage"},"thumbnailUrl":"https:\/\/www.urbanspot.si\/wp-content\/uploads\/apple-watch-ultra.webp","datePublished":"2024-08-29T09:17:49+00:00","dateModified":"2026-03-19T14:03:30+00:00","breadcrumb":{"@id":"https:\/\/www.urbanspot.si\/produkt\/zascitno-steklo-spigen-slim-za-uro-apple-watch-ultra-49mm\/#breadcrumb"},"inLanguage":"hr","potentialAction":[{"@type":"ReadAction","target":["https:\/\/www.urbanspot.si\/produkt\/zascitno-steklo-spigen-slim-za-uro-apple-watch-ultra-49mm\/"]}]},{"@type":"ImageObject","inLanguage":"hr","@id":"https:\/\/www.urbanspot.si\/produkt\/zascitno-steklo-spigen-slim-za-uro-apple-watch-ultra-49mm\/#primaryimage","url":"https:\/\/www.urbanspot.si\/wp-content\/uploads\/apple-watch-ultra.webp","contentUrl":"https:\/\/www.urbanspot.si\/wp-content\/uploads\/apple-watch-ultra.webp","width":1000,"height":1000},{"@type":"BreadcrumbList","@id":"https:\/\/www.urbanspot.si\/produkt\/zascitno-steklo-spigen-slim-za-uro-apple-watch-ultra-49mm\/#breadcrumb","itemListElement":[{"@type":"ListItem","position":1,"name":"Home","item":"https:\/\/www.urbanspot.si\/"},{"@type":"ListItem","position":2,"name":"Shop","item":"https:\/\/www.urbanspot.si\/shop\/"},{"@type":"ListItem","position":3,"name":"Za\u0161\u010ditno steklo Spigen Slim za uro Apple Watch Ultra 49mm"}]},{"@type":"WebSite","@id":"https:\/\/www.urbanspot.si\/#website","url":"https:\/\/www.urbanspot.si\/","name":"UrbanSpot","description":"","publisher":{"@id":"https:\/\/www.urbanspot.si\/#organization"},"potentialAction":[{"@type":"SearchAction","target":{"@type":"EntryPoint","urlTemplate":"https:\/\/www.urbanspot.si\/?s={search_term_string}"},"query-input":{"@type":"PropertyValueSpecification","valueRequired":true,"valueName":"search_term_string"}}],"inLanguage":"hr"},{"@type":"Organization","@id":"https:\/\/www.urbanspot.si\/#organization","name":"UrbanSpot","url":"https:\/\/www.urbanspot.si\/","logo":{"@type":"ImageObject","inLanguage":"hr","@id":"https:\/\/www.urbanspot.si\/#\/schema\/logo\/image\/","url":"https:\/\/www.urbanspot.si\/wp-content\/uploads\/urbanspot-logo.svg","contentUrl":"https:\/\/www.urbanspot.si\/wp-content\/uploads\/urbanspot-logo.svg","width":185,"height":40,"caption":"UrbanSpot"},"image":{"@id":"https:\/\/www.urbanspot.si\/#\/schema\/logo\/image\/"},"sameAs":["https:\/\/www.facebook.com\/urbanspot.si"]}]}},"_links":{"self":[{"href":"https:\/\/www.urbanspot.si\/hr\/wp-json\/wp\/v2\/product\/17943","targetHints":{"allow":["GET"]}}],"collection":[{"href":"https:\/\/www.urbanspot.si\/hr\/wp-json\/wp\/v2\/product"}],"about":[{"href":"https:\/\/www.urbanspot.si\/hr\/wp-json\/wp\/v2\/types\/product"}],"replies":[{"embeddable":true,"href":"https:\/\/www.urbanspot.si\/hr\/wp-json\/wp\/v2\/comments?post=17943"}],"version-history":[{"count":2,"href":"https:\/\/www.urbanspot.si\/hr\/wp-json\/wp\/v2\/product\/17943\/revisions"}],"predecessor-version":[{"id":17977,"href":"https:\/\/www.urbanspot.si\/hr\/wp-json\/wp\/v2\/product\/17943\/revisions\/17977"}],"wp:featuredmedia":[{"embeddable":true,"href":"https:\/\/www.urbanspot.si\/hr\/wp-json\/wp\/v2\/media\/17944"}],"wp:attachment":[{"href":"https:\/\/www.urbanspot.si\/hr\/wp-json\/wp\/v2\/media?parent=17943"}],"wp:term":[{"taxonomy":"product_brand","embeddable":true,"href":"https:\/\/www.urbanspot.si\/hr\/wp-json\/wp\/v2\/product_brand?post=17943"},{"taxonomy":"product_cat","embeddable":true,"href":"https:\/\/www.urbanspot.si\/hr\/wp-json\/wp\/v2\/product_cat?post=17943"},{"taxonomy":"product_tag","embeddable":true,"href":"https:\/\/www.urbanspot.si\/hr\/wp-json\/wp\/v2\/product_tag?post=17943"}],"curies":[{"name":"radni list","href":"https:\/\/api.w.org\/{rel}","templated":true}]}}