{"id":17998,"date":"2024-08-30T12:55:54","date_gmt":"2024-08-30T11:55:54","guid":{"rendered":"https:\/\/www.urbanspot.si\/?post_type=product&#038;p=17998"},"modified":"2026-03-19T16:03:29","modified_gmt":"2026-03-19T14:03:29","slug":"futrola-urbie-premium-soft-joy-crna-za-honor-90","status":"publish","type":"product","link":"https:\/\/www.urbanspot.si\/hr\/produkt\/ovitek-urbie-premium-soft-joy-black-honor-90\/","title":{"rendered":"Maska Urbie Premium Soft Joy crna, Honor 90"},"content":{"rendered":"<p>Za\u0161titna futrola Urbie Premium Soft Joy crna:<\/p>\n<ul>\n<li>Silikonska futrola izra\u0111ena od visokokvalitetnog materijala s visokom razinom izdr\u017eljivosti<\/li>\n<li>Mekan i ugodan materijal na dodir<\/li>\n<li>Pokriva sve strane i stra\u017enju stranu telefona<\/li>\n<li>Besplatan pristup svim funkcijama telefona<\/li>\n<li>Blago podignuti rub ku\u0107i\u0161ta \u0161titi objektiv kamere od ogrebotina<\/li>\n<li>Instalirajte i uklonite ga za nekoliko sekundi<\/li>\n<li>Ugodan na dodir<\/li>\n<li>Slika mo\u017ee biti simboli\u010dna<\/li>\n<\/ul>","protected":false},"excerpt":{"rendered":"<p>Urbie Premium Matt Black maskica ne odlikuje se samo iznimnom kvalitetom, ve\u0107 i dizajnom. Maska \u0107e va\u0161em telefonu pru\u017eiti potpuno prirodan izgled, a istovremeno \u0107e pru\u017eiti izvrsnu za\u0161titu.<\/p>","protected":false},"featured_media":17994,"comment_status":"open","ping_status":"closed","template":"","meta":[],"product_brand":[],"product_cat":[374,462,511,560,91],"product_tag":[],"class_list":{"0":"post-17998","1":"product","2":"type-product","3":"status-publish","4":"has-post-thumbnail","6":"product_cat-honor","7":"product_cat-honor-90","8":"product_cat-ostale-honor-serije","9":"product_cat-ovitki-za-telefone","10":"product_cat-razprodaja","11":"pa_primerno-za-model-honor-90","12":"pa_primerno-za-proizvajalca-honor","14":"first","15":"instock","16":"sale","17":"taxable","18":"shipping-taxable","19":"purchasable","20":"product-type-simple"},"yoast_head":"<!-- This site is optimized with the Yoast SEO plugin v27.2 - https:\/\/yoast.com\/product\/yoast-seo-wordpress\/ -->\n<title>Ovitek Urbie Premium Soft Joy Black, Honor 90 -<\/title>\n<meta name=\"robots\" content=\"index, follow, max-snippet:-1, max-image-preview:large, max-video-preview:-1\" \/>\n<link rel=\"canonical\" href=\"https:\/\/www.urbanspot.si\/hr\/proizvod-2\/futrola-urbie-premium-soft-joy-crna-za-honor-90\/\" \/>\n<meta property=\"og:locale\" content=\"hr_HR\" \/>\n<meta property=\"og:type\" content=\"article\" \/>\n<meta property=\"og:title\" content=\"Ovitek Urbie Premium Soft Joy Black, Honor 90 -\" \/>\n<meta property=\"og:description\" content=\"Ovitek Urbie Premium Matt Black ne odlikuje le izjemna kakovost, temve\u010d tudi dizajn. Ovitek bo poskrbel za popolnoma naraven videz telefona, kljub temu pa bo le ta odli\u010dno za\u0161\u010diten.\" \/>\n<meta property=\"og:url\" content=\"https:\/\/www.urbanspot.si\/hr\/proizvod-2\/futrola-urbie-premium-soft-joy-crna-za-honor-90\/\" \/>\n<meta property=\"article:publisher\" content=\"https:\/\/www.facebook.com\/urbanspot.si\" \/>\n<meta property=\"article:modified_time\" content=\"2026-03-19T14:03:29+00:00\" \/>\n<meta property=\"og:image\" content=\"https:\/\/www.urbanspot.si\/wp-content\/uploads\/Posnetek-zaslona-2024-08-30-134552.png\" \/>\n\t<meta property=\"og:image:width\" content=\"651\" \/>\n\t<meta property=\"og:image:height\" content=\"574\" \/>\n\t<meta property=\"og:image:type\" content=\"image\/png\" \/>\n<meta name=\"twitter:card\" content=\"summary_large_image\" \/>\n<script type=\"application\/ld+json\" class=\"yoast-schema-graph\">{\"@context\":\"https:\/\/schema.org\",\"@graph\":[{\"@type\":\"WebPage\",\"@id\":\"https:\/\/www.urbanspot.si\/produkt\/ovitek-urbie-premium-soft-joy-black-honor-90\/\",\"url\":\"https:\/\/www.urbanspot.si\/produkt\/ovitek-urbie-premium-soft-joy-black-honor-90\/\",\"name\":\"Ovitek Urbie Premium Soft Joy Black, Honor 90 -\",\"isPartOf\":{\"@id\":\"https:\/\/www.urbanspot.si\/#website\"},\"primaryImageOfPage\":{\"@id\":\"https:\/\/www.urbanspot.si\/produkt\/ovitek-urbie-premium-soft-joy-black-honor-90\/#primaryimage\"},\"image\":{\"@id\":\"https:\/\/www.urbanspot.si\/produkt\/ovitek-urbie-premium-soft-joy-black-honor-90\/#primaryimage\"},\"thumbnailUrl\":\"https:\/\/www.urbanspot.si\/wp-content\/uploads\/Posnetek-zaslona-2024-08-30-134552.png\",\"datePublished\":\"2024-08-30T11:55:54+00:00\",\"dateModified\":\"2026-03-19T14:03:29+00:00\",\"breadcrumb\":{\"@id\":\"https:\/\/www.urbanspot.si\/produkt\/ovitek-urbie-premium-soft-joy-black-honor-90\/#breadcrumb\"},\"inLanguage\":\"hr\",\"potentialAction\":[{\"@type\":\"ReadAction\",\"target\":[\"https:\/\/www.urbanspot.si\/produkt\/ovitek-urbie-premium-soft-joy-black-honor-90\/\"]}]},{\"@type\":\"ImageObject\",\"inLanguage\":\"hr\",\"@id\":\"https:\/\/www.urbanspot.si\/produkt\/ovitek-urbie-premium-soft-joy-black-honor-90\/#primaryimage\",\"url\":\"https:\/\/www.urbanspot.si\/wp-content\/uploads\/Posnetek-zaslona-2024-08-30-134552.png\",\"contentUrl\":\"https:\/\/www.urbanspot.si\/wp-content\/uploads\/Posnetek-zaslona-2024-08-30-134552.png\",\"width\":651,\"height\":574},{\"@type\":\"BreadcrumbList\",\"@id\":\"https:\/\/www.urbanspot.si\/produkt\/ovitek-urbie-premium-soft-joy-black-honor-90\/#breadcrumb\",\"itemListElement\":[{\"@type\":\"ListItem\",\"position\":1,\"name\":\"Home\",\"item\":\"https:\/\/www.urbanspot.si\/\"},{\"@type\":\"ListItem\",\"position\":2,\"name\":\"Shop\",\"item\":\"https:\/\/www.urbanspot.si\/shop\/\"},{\"@type\":\"ListItem\",\"position\":3,\"name\":\"Ovitek Urbie Premium Soft Joy Black, Honor 90\"}]},{\"@type\":\"WebSite\",\"@id\":\"https:\/\/www.urbanspot.si\/#website\",\"url\":\"https:\/\/www.urbanspot.si\/\",\"name\":\"UrbanSpot\",\"description\":\"\",\"publisher\":{\"@id\":\"https:\/\/www.urbanspot.si\/#organization\"},\"potentialAction\":[{\"@type\":\"SearchAction\",\"target\":{\"@type\":\"EntryPoint\",\"urlTemplate\":\"https:\/\/www.urbanspot.si\/?s={search_term_string}\"},\"query-input\":{\"@type\":\"PropertyValueSpecification\",\"valueRequired\":true,\"valueName\":\"search_term_string\"}}],\"inLanguage\":\"hr\"},{\"@type\":\"Organization\",\"@id\":\"https:\/\/www.urbanspot.si\/#organization\",\"name\":\"UrbanSpot\",\"url\":\"https:\/\/www.urbanspot.si\/\",\"logo\":{\"@type\":\"ImageObject\",\"inLanguage\":\"hr\",\"@id\":\"https:\/\/www.urbanspot.si\/#\/schema\/logo\/image\/\",\"url\":\"https:\/\/www.urbanspot.si\/wp-content\/uploads\/urbanspot-logo.svg\",\"contentUrl\":\"https:\/\/www.urbanspot.si\/wp-content\/uploads\/urbanspot-logo.svg\",\"width\":185,\"height\":40,\"caption\":\"UrbanSpot\"},\"image\":{\"@id\":\"https:\/\/www.urbanspot.si\/#\/schema\/logo\/image\/\"},\"sameAs\":[\"https:\/\/www.facebook.com\/urbanspot.si\"]}]}<\/script>\n<!-- \/ Yoast SEO plugin. -->","yoast_head_json":{"title":"Ovitek Urbie Premium Soft Joy Black, Honor 90 -","robots":{"index":"index","follow":"follow","max-snippet":"max-snippet:-1","max-image-preview":"max-image-preview:large","max-video-preview":"max-video-preview:-1"},"canonical":"https:\/\/www.urbanspot.si\/hr\/proizvod-2\/futrola-urbie-premium-soft-joy-crna-za-honor-90\/","og_locale":"hr_HR","og_type":"article","og_title":"Ovitek Urbie Premium Soft Joy Black, Honor 90 -","og_description":"Ovitek Urbie Premium Matt Black ne odlikuje le izjemna kakovost, temve\u010d tudi dizajn. Ovitek bo poskrbel za popolnoma naraven videz telefona, kljub temu pa bo le ta odli\u010dno za\u0161\u010diten.","og_url":"https:\/\/www.urbanspot.si\/hr\/proizvod-2\/futrola-urbie-premium-soft-joy-crna-za-honor-90\/","article_publisher":"https:\/\/www.facebook.com\/urbanspot.si","article_modified_time":"2026-03-19T14:03:29+00:00","og_image":[{"width":651,"height":574,"url":"https:\/\/www.urbanspot.si\/wp-content\/uploads\/Posnetek-zaslona-2024-08-30-134552.png","type":"image\/png"}],"twitter_card":"summary_large_image","schema":{"@context":"https:\/\/schema.org","@graph":[{"@type":"WebPage","@id":"https:\/\/www.urbanspot.si\/produkt\/ovitek-urbie-premium-soft-joy-black-honor-90\/","url":"https:\/\/www.urbanspot.si\/produkt\/ovitek-urbie-premium-soft-joy-black-honor-90\/","name":"Ovitek Urbie Premium Soft Joy Black, Honor 90 -","isPartOf":{"@id":"https:\/\/www.urbanspot.si\/#website"},"primaryImageOfPage":{"@id":"https:\/\/www.urbanspot.si\/produkt\/ovitek-urbie-premium-soft-joy-black-honor-90\/#primaryimage"},"image":{"@id":"https:\/\/www.urbanspot.si\/produkt\/ovitek-urbie-premium-soft-joy-black-honor-90\/#primaryimage"},"thumbnailUrl":"https:\/\/www.urbanspot.si\/wp-content\/uploads\/Posnetek-zaslona-2024-08-30-134552.png","datePublished":"2024-08-30T11:55:54+00:00","dateModified":"2026-03-19T14:03:29+00:00","breadcrumb":{"@id":"https:\/\/www.urbanspot.si\/produkt\/ovitek-urbie-premium-soft-joy-black-honor-90\/#breadcrumb"},"inLanguage":"hr","potentialAction":[{"@type":"ReadAction","target":["https:\/\/www.urbanspot.si\/produkt\/ovitek-urbie-premium-soft-joy-black-honor-90\/"]}]},{"@type":"ImageObject","inLanguage":"hr","@id":"https:\/\/www.urbanspot.si\/produkt\/ovitek-urbie-premium-soft-joy-black-honor-90\/#primaryimage","url":"https:\/\/www.urbanspot.si\/wp-content\/uploads\/Posnetek-zaslona-2024-08-30-134552.png","contentUrl":"https:\/\/www.urbanspot.si\/wp-content\/uploads\/Posnetek-zaslona-2024-08-30-134552.png","width":651,"height":574},{"@type":"BreadcrumbList","@id":"https:\/\/www.urbanspot.si\/produkt\/ovitek-urbie-premium-soft-joy-black-honor-90\/#breadcrumb","itemListElement":[{"@type":"ListItem","position":1,"name":"Home","item":"https:\/\/www.urbanspot.si\/"},{"@type":"ListItem","position":2,"name":"Shop","item":"https:\/\/www.urbanspot.si\/shop\/"},{"@type":"ListItem","position":3,"name":"Ovitek Urbie Premium Soft Joy Black, Honor 90"}]},{"@type":"WebSite","@id":"https:\/\/www.urbanspot.si\/#website","url":"https:\/\/www.urbanspot.si\/","name":"UrbanSpot","description":"","publisher":{"@id":"https:\/\/www.urbanspot.si\/#organization"},"potentialAction":[{"@type":"SearchAction","target":{"@type":"EntryPoint","urlTemplate":"https:\/\/www.urbanspot.si\/?s={search_term_string}"},"query-input":{"@type":"PropertyValueSpecification","valueRequired":true,"valueName":"search_term_string"}}],"inLanguage":"hr"},{"@type":"Organization","@id":"https:\/\/www.urbanspot.si\/#organization","name":"UrbanSpot","url":"https:\/\/www.urbanspot.si\/","logo":{"@type":"ImageObject","inLanguage":"hr","@id":"https:\/\/www.urbanspot.si\/#\/schema\/logo\/image\/","url":"https:\/\/www.urbanspot.si\/wp-content\/uploads\/urbanspot-logo.svg","contentUrl":"https:\/\/www.urbanspot.si\/wp-content\/uploads\/urbanspot-logo.svg","width":185,"height":40,"caption":"UrbanSpot"},"image":{"@id":"https:\/\/www.urbanspot.si\/#\/schema\/logo\/image\/"},"sameAs":["https:\/\/www.facebook.com\/urbanspot.si"]}]}},"_links":{"self":[{"href":"https:\/\/www.urbanspot.si\/hr\/wp-json\/wp\/v2\/product\/17998","targetHints":{"allow":["GET"]}}],"collection":[{"href":"https:\/\/www.urbanspot.si\/hr\/wp-json\/wp\/v2\/product"}],"about":[{"href":"https:\/\/www.urbanspot.si\/hr\/wp-json\/wp\/v2\/types\/product"}],"replies":[{"embeddable":true,"href":"https:\/\/www.urbanspot.si\/hr\/wp-json\/wp\/v2\/comments?post=17998"}],"version-history":[{"count":1,"href":"https:\/\/www.urbanspot.si\/hr\/wp-json\/wp\/v2\/product\/17998\/revisions"}],"predecessor-version":[{"id":17999,"href":"https:\/\/www.urbanspot.si\/hr\/wp-json\/wp\/v2\/product\/17998\/revisions\/17999"}],"wp:featuredmedia":[{"embeddable":true,"href":"https:\/\/www.urbanspot.si\/hr\/wp-json\/wp\/v2\/media\/17994"}],"wp:attachment":[{"href":"https:\/\/www.urbanspot.si\/hr\/wp-json\/wp\/v2\/media?parent=17998"}],"wp:term":[{"taxonomy":"product_brand","embeddable":true,"href":"https:\/\/www.urbanspot.si\/hr\/wp-json\/wp\/v2\/product_brand?post=17998"},{"taxonomy":"product_cat","embeddable":true,"href":"https:\/\/www.urbanspot.si\/hr\/wp-json\/wp\/v2\/product_cat?post=17998"},{"taxonomy":"product_tag","embeddable":true,"href":"https:\/\/www.urbanspot.si\/hr\/wp-json\/wp\/v2\/product_tag?post=17998"}],"curies":[{"name":"radni list","href":"https:\/\/api.w.org\/{rel}","templated":true}]}}