{"id":18034,"date":"2024-09-02T13:48:06","date_gmt":"2024-09-02T12:48:06","guid":{"rendered":"https:\/\/www.urbanspot.si\/?post_type=product&#038;p=18034"},"modified":"2026-03-19T16:03:28","modified_gmt":"2026-03-19T14:03:28","slug":"potpuno-zastitno-staklo-za-urbia-black-xiaomi-redmi-13c-4g-5g","status":"publish","type":"product","link":"https:\/\/www.urbanspot.si\/hr\/produkt\/celotno-zascitno-steklo-urbie-black-xiaomi-redmi-13c-4g-5g\/","title":{"rendered":"Za\u0161titna folija za cijeli ekran Urbie crna, Xiaomi Redmi 13C 4G\/5G"},"content":{"rendered":"<p>Za\u0161titno staklo izra\u0111eno je od kemijski obra\u0111enog stakla, \u0161to pru\u017ea izvrsnu prozirnost, vidljivost, visoku osjetljivost i ugodan osje\u0107aj dodira.<\/p>\n<p>Svojstva stakla:<\/p>\n<ul>\n<li>Visokokvalitetno za\u0161titno staklo s potpunom pokriveno\u0161\u0107u<\/li>\n<li>2.5D obrada rubova nanostrukturiranog stakla<\/li>\n<li>Jednostavna instalacija.<\/li>\n<li>Tijekom ugradnje ne stvaraju se mjehuri\u0107i ispod stakla.<\/li>\n<li>Sloj protiv lomljenja \u2013 (silikonski premaz)<\/li>\n<li>Staklo prekriva cijeli ekran<\/li>\n<li>Premaz protiv masno\u0107e \u2013 manje otisaka prstiju i drugih mrlja<\/li>\n<li>Paket uklju\u010duje: 1x za\u0161titno staklo 1x krpa za \u010di\u0161\u0107enje od mikrovlakana 1x alkoholna maramica za prethodno \u010di\u0161\u0107enje<\/li>\n<\/ul>","protected":false},"excerpt":{"rendered":"<p>Urbie za\u0161titno staklo za cijeli ekran pru\u017eit \u0107e va\u0161em telefonu izvrsnu za\u0161titu od prljav\u0161tine, ogrebotina i udaraca.<\/p>","protected":false},"featured_media":18035,"comment_status":"open","ping_status":"closed","template":"","meta":[],"product_brand":[],"product_cat":[91,547,646,232,233,559],"product_tag":[],"class_list":{"0":"post-18034","1":"product","2":"type-product","3":"status-publish","4":"has-post-thumbnail","6":"product_cat-razprodaja","7":"product_cat-redmi-13c","8":"product_cat-redmi-13c-5g","9":"product_cat-xiaomi-2","10":"product_cat-xiaomi-redmi-serija","11":"product_cat-zascitna-stekla","12":"pa_primerno-za-model-xiaomi-redmi-13c-4g-5g","13":"pa_primerno-za-proizvajalca-xiaomi","15":"first","16":"instock","17":"sale","18":"taxable","19":"shipping-taxable","20":"purchasable","21":"product-type-simple"},"yoast_head":"<!-- This site is optimized with the Yoast SEO plugin v27.4 - https:\/\/yoast.com\/product\/yoast-seo-wordpress\/ -->\n<title>Celotno za\u0161\u010ditno steklo Urbie Black, Xiaomi Redmi 13C 4G\/5G -<\/title>\n<meta name=\"robots\" content=\"index, follow, max-snippet:-1, max-image-preview:large, max-video-preview:-1\" \/>\n<link rel=\"canonical\" href=\"https:\/\/www.urbanspot.si\/hr\/proizvod-2\/potpuno-zastitno-staklo-za-urbia-black-xiaomi-redmi-13c-4g-5g\/\" \/>\n<meta property=\"og:locale\" content=\"hr_HR\" \/>\n<meta property=\"og:type\" content=\"article\" \/>\n<meta property=\"og:title\" content=\"Celotno za\u0161\u010ditno steklo Urbie Black, Xiaomi Redmi 13C 4G\/5G -\" \/>\n<meta property=\"og:description\" content=\"Urbie celotno za\u0161\u010ditno steklo bo va\u0161emu telefonu nudil odli\u010dno za\u0161\u010dito pred umazanijo, praskami in udarci.\" \/>\n<meta property=\"og:url\" content=\"https:\/\/www.urbanspot.si\/hr\/proizvod-2\/potpuno-zastitno-staklo-za-urbia-black-xiaomi-redmi-13c-4g-5g\/\" \/>\n<meta property=\"article:publisher\" content=\"https:\/\/www.facebook.com\/urbanspot.si\" \/>\n<meta property=\"article:modified_time\" content=\"2026-03-19T14:03:28+00:00\" \/>\n<meta property=\"og:image\" content=\"https:\/\/www.urbanspot.si\/wp-content\/uploads\/13C-GLASS.webp\" \/>\n\t<meta property=\"og:image:width\" content=\"800\" \/>\n\t<meta property=\"og:image:height\" content=\"800\" \/>\n\t<meta property=\"og:image:type\" content=\"image\/webp\" \/>\n<meta name=\"twitter:card\" content=\"summary_large_image\" \/>\n<meta name=\"twitter:label1\" content=\"Procijenjeno vrijeme \u010ditanja\" \/>\n\t<meta name=\"twitter:data1\" content=\"1 minuta\" \/>\n<script type=\"application\/ld+json\" class=\"yoast-schema-graph\">{\"@context\":\"https:\\\/\\\/schema.org\",\"@graph\":[{\"@type\":\"WebPage\",\"@id\":\"https:\\\/\\\/www.urbanspot.si\\\/produkt\\\/celotno-zascitno-steklo-urbie-black-xiaomi-redmi-13c-4g-5g\\\/\",\"url\":\"https:\\\/\\\/www.urbanspot.si\\\/produkt\\\/celotno-zascitno-steklo-urbie-black-xiaomi-redmi-13c-4g-5g\\\/\",\"name\":\"Celotno za\u0161\u010ditno steklo Urbie Black, Xiaomi Redmi 13C 4G\\\/5G -\",\"isPartOf\":{\"@id\":\"https:\\\/\\\/www.urbanspot.si\\\/#website\"},\"primaryImageOfPage\":{\"@id\":\"https:\\\/\\\/www.urbanspot.si\\\/produkt\\\/celotno-zascitno-steklo-urbie-black-xiaomi-redmi-13c-4g-5g\\\/#primaryimage\"},\"image\":{\"@id\":\"https:\\\/\\\/www.urbanspot.si\\\/produkt\\\/celotno-zascitno-steklo-urbie-black-xiaomi-redmi-13c-4g-5g\\\/#primaryimage\"},\"thumbnailUrl\":\"https:\\\/\\\/www.urbanspot.si\\\/wp-content\\\/uploads\\\/13C-GLASS.webp\",\"datePublished\":\"2024-09-02T12:48:06+00:00\",\"dateModified\":\"2026-03-19T14:03:28+00:00\",\"breadcrumb\":{\"@id\":\"https:\\\/\\\/www.urbanspot.si\\\/produkt\\\/celotno-zascitno-steklo-urbie-black-xiaomi-redmi-13c-4g-5g\\\/#breadcrumb\"},\"inLanguage\":\"hr\",\"potentialAction\":[{\"@type\":\"ReadAction\",\"target\":[\"https:\\\/\\\/www.urbanspot.si\\\/produkt\\\/celotno-zascitno-steklo-urbie-black-xiaomi-redmi-13c-4g-5g\\\/\"]}]},{\"@type\":\"ImageObject\",\"inLanguage\":\"hr\",\"@id\":\"https:\\\/\\\/www.urbanspot.si\\\/produkt\\\/celotno-zascitno-steklo-urbie-black-xiaomi-redmi-13c-4g-5g\\\/#primaryimage\",\"url\":\"https:\\\/\\\/www.urbanspot.si\\\/wp-content\\\/uploads\\\/13C-GLASS.webp\",\"contentUrl\":\"https:\\\/\\\/www.urbanspot.si\\\/wp-content\\\/uploads\\\/13C-GLASS.webp\",\"width\":800,\"height\":800},{\"@type\":\"BreadcrumbList\",\"@id\":\"https:\\\/\\\/www.urbanspot.si\\\/produkt\\\/celotno-zascitno-steklo-urbie-black-xiaomi-redmi-13c-4g-5g\\\/#breadcrumb\",\"itemListElement\":[{\"@type\":\"ListItem\",\"position\":1,\"name\":\"Home\",\"item\":\"https:\\\/\\\/www.urbanspot.si\\\/\"},{\"@type\":\"ListItem\",\"position\":2,\"name\":\"Shop\",\"item\":\"https:\\\/\\\/www.urbanspot.si\\\/shop\\\/\"},{\"@type\":\"ListItem\",\"position\":3,\"name\":\"Celotno za\u0161\u010ditno steklo Urbie Black, Xiaomi Redmi 13C 4G\\\/5G\"}]},{\"@type\":\"WebSite\",\"@id\":\"https:\\\/\\\/www.urbanspot.si\\\/#website\",\"url\":\"https:\\\/\\\/www.urbanspot.si\\\/\",\"name\":\"UrbanSpot\",\"description\":\"\",\"publisher\":{\"@id\":\"https:\\\/\\\/www.urbanspot.si\\\/#organization\"},\"potentialAction\":[{\"@type\":\"SearchAction\",\"target\":{\"@type\":\"EntryPoint\",\"urlTemplate\":\"https:\\\/\\\/www.urbanspot.si\\\/?s={search_term_string}\"},\"query-input\":{\"@type\":\"PropertyValueSpecification\",\"valueRequired\":true,\"valueName\":\"search_term_string\"}}],\"inLanguage\":\"hr\"},{\"@type\":\"Organization\",\"@id\":\"https:\\\/\\\/www.urbanspot.si\\\/#organization\",\"name\":\"UrbanSpot\",\"url\":\"https:\\\/\\\/www.urbanspot.si\\\/\",\"logo\":{\"@type\":\"ImageObject\",\"inLanguage\":\"hr\",\"@id\":\"https:\\\/\\\/www.urbanspot.si\\\/#\\\/schema\\\/logo\\\/image\\\/\",\"url\":\"https:\\\/\\\/www.urbanspot.si\\\/wp-content\\\/uploads\\\/urbanspot-logo.svg\",\"contentUrl\":\"https:\\\/\\\/www.urbanspot.si\\\/wp-content\\\/uploads\\\/urbanspot-logo.svg\",\"width\":185,\"height\":40,\"caption\":\"UrbanSpot\"},\"image\":{\"@id\":\"https:\\\/\\\/www.urbanspot.si\\\/#\\\/schema\\\/logo\\\/image\\\/\"},\"sameAs\":[\"https:\\\/\\\/www.facebook.com\\\/urbanspot.si\"]}]}<\/script>\n<!-- \/ Yoast SEO plugin. -->","yoast_head_json":{"title":"Cjeloviti za\u0161titnik zaslona za Urbia Black, Xiaomi Redmi 13C 4G\/5G -","robots":{"index":"index","follow":"follow","max-snippet":"max-snippet:-1","max-image-preview":"max-image-preview:large","max-video-preview":"max-video-preview:-1"},"canonical":"https:\/\/www.urbanspot.si\/hr\/proizvod-2\/potpuno-zastitno-staklo-za-urbia-black-xiaomi-redmi-13c-4g-5g\/","og_locale":"hr_HR","og_type":"article","og_title":"Celotno za\u0161\u010ditno steklo Urbie Black, Xiaomi Redmi 13C 4G\/5G -","og_description":"Urbie celotno za\u0161\u010ditno steklo bo va\u0161emu telefonu nudil odli\u010dno za\u0161\u010dito pred umazanijo, praskami in udarci.","og_url":"https:\/\/www.urbanspot.si\/hr\/proizvod-2\/potpuno-zastitno-staklo-za-urbia-black-xiaomi-redmi-13c-4g-5g\/","article_publisher":"https:\/\/www.facebook.com\/urbanspot.si","article_modified_time":"2026-03-19T14:03:28+00:00","og_image":[{"width":800,"height":800,"url":"https:\/\/www.urbanspot.si\/wp-content\/uploads\/13C-GLASS.webp","type":"image\/webp"}],"twitter_card":"summary_large_image","twitter_misc":{"Procijenjeno vrijeme \u010ditanja":"1 minuta"},"schema":{"@context":"https:\/\/schema.org","@graph":[{"@type":"WebPage","@id":"https:\/\/www.urbanspot.si\/produkt\/celotno-zascitno-steklo-urbie-black-xiaomi-redmi-13c-4g-5g\/","url":"https:\/\/www.urbanspot.si\/produkt\/celotno-zascitno-steklo-urbie-black-xiaomi-redmi-13c-4g-5g\/","name":"Cjeloviti za\u0161titnik zaslona za Urbia Black, Xiaomi Redmi 13C 4G\/5G -","isPartOf":{"@id":"https:\/\/www.urbanspot.si\/#website"},"primaryImageOfPage":{"@id":"https:\/\/www.urbanspot.si\/produkt\/celotno-zascitno-steklo-urbie-black-xiaomi-redmi-13c-4g-5g\/#primaryimage"},"image":{"@id":"https:\/\/www.urbanspot.si\/produkt\/celotno-zascitno-steklo-urbie-black-xiaomi-redmi-13c-4g-5g\/#primaryimage"},"thumbnailUrl":"https:\/\/www.urbanspot.si\/wp-content\/uploads\/13C-GLASS.webp","datePublished":"2024-09-02T12:48:06+00:00","dateModified":"2026-03-19T14:03:28+00:00","breadcrumb":{"@id":"https:\/\/www.urbanspot.si\/produkt\/celotno-zascitno-steklo-urbie-black-xiaomi-redmi-13c-4g-5g\/#breadcrumb"},"inLanguage":"hr","potentialAction":[{"@type":"ReadAction","target":["https:\/\/www.urbanspot.si\/produkt\/celotno-zascitno-steklo-urbie-black-xiaomi-redmi-13c-4g-5g\/"]}]},{"@type":"ImageObject","inLanguage":"hr","@id":"https:\/\/www.urbanspot.si\/produkt\/celotno-zascitno-steklo-urbie-black-xiaomi-redmi-13c-4g-5g\/#primaryimage","url":"https:\/\/www.urbanspot.si\/wp-content\/uploads\/13C-GLASS.webp","contentUrl":"https:\/\/www.urbanspot.si\/wp-content\/uploads\/13C-GLASS.webp","width":800,"height":800},{"@type":"BreadcrumbList","@id":"https:\/\/www.urbanspot.si\/produkt\/celotno-zascitno-steklo-urbie-black-xiaomi-redmi-13c-4g-5g\/#breadcrumb","itemListElement":[{"@type":"ListItem","position":1,"name":"Home","item":"https:\/\/www.urbanspot.si\/"},{"@type":"ListItem","position":2,"name":"Shop","item":"https:\/\/www.urbanspot.si\/shop\/"},{"@type":"ListItem","position":3,"name":"Celotno za\u0161\u010ditno steklo Urbie Black, Xiaomi Redmi 13C 4G\/5G"}]},{"@type":"WebSite","@id":"https:\/\/www.urbanspot.si\/#website","url":"https:\/\/www.urbanspot.si\/","name":"UrbanSpot","description":"","publisher":{"@id":"https:\/\/www.urbanspot.si\/#organization"},"potentialAction":[{"@type":"SearchAction","target":{"@type":"EntryPoint","urlTemplate":"https:\/\/www.urbanspot.si\/?s={search_term_string}"},"query-input":{"@type":"PropertyValueSpecification","valueRequired":true,"valueName":"search_term_string"}}],"inLanguage":"hr"},{"@type":"Organization","@id":"https:\/\/www.urbanspot.si\/#organization","name":"UrbanSpot","url":"https:\/\/www.urbanspot.si\/","logo":{"@type":"ImageObject","inLanguage":"hr","@id":"https:\/\/www.urbanspot.si\/#\/schema\/logo\/image\/","url":"https:\/\/www.urbanspot.si\/wp-content\/uploads\/urbanspot-logo.svg","contentUrl":"https:\/\/www.urbanspot.si\/wp-content\/uploads\/urbanspot-logo.svg","width":185,"height":40,"caption":"UrbanSpot"},"image":{"@id":"https:\/\/www.urbanspot.si\/#\/schema\/logo\/image\/"},"sameAs":["https:\/\/www.facebook.com\/urbanspot.si"]}]}},"_links":{"self":[{"href":"https:\/\/www.urbanspot.si\/hr\/wp-json\/wp\/v2\/product\/18034","targetHints":{"allow":["GET"]}}],"collection":[{"href":"https:\/\/www.urbanspot.si\/hr\/wp-json\/wp\/v2\/product"}],"about":[{"href":"https:\/\/www.urbanspot.si\/hr\/wp-json\/wp\/v2\/types\/product"}],"replies":[{"embeddable":true,"href":"https:\/\/www.urbanspot.si\/hr\/wp-json\/wp\/v2\/comments?post=18034"}],"version-history":[{"count":1,"href":"https:\/\/www.urbanspot.si\/hr\/wp-json\/wp\/v2\/product\/18034\/revisions"}],"predecessor-version":[{"id":18038,"href":"https:\/\/www.urbanspot.si\/hr\/wp-json\/wp\/v2\/product\/18034\/revisions\/18038"}],"wp:featuredmedia":[{"embeddable":true,"href":"https:\/\/www.urbanspot.si\/hr\/wp-json\/wp\/v2\/media\/18035"}],"wp:attachment":[{"href":"https:\/\/www.urbanspot.si\/hr\/wp-json\/wp\/v2\/media?parent=18034"}],"wp:term":[{"taxonomy":"product_brand","embeddable":true,"href":"https:\/\/www.urbanspot.si\/hr\/wp-json\/wp\/v2\/product_brand?post=18034"},{"taxonomy":"product_cat","embeddable":true,"href":"https:\/\/www.urbanspot.si\/hr\/wp-json\/wp\/v2\/product_cat?post=18034"},{"taxonomy":"product_tag","embeddable":true,"href":"https:\/\/www.urbanspot.si\/hr\/wp-json\/wp\/v2\/product_tag?post=18034"}],"curies":[{"name":"radni list","href":"https:\/\/api.w.org\/{rel}","templated":true}]}}