{"id":18129,"date":"2024-09-03T15:12:14","date_gmt":"2024-09-03T14:12:14","guid":{"rendered":"https:\/\/www.urbanspot.si\/?post_type=product&#038;p=18129"},"modified":"2026-03-19T16:03:27","modified_gmt":"2026-03-19T14:03:27","slug":"urbia-premium-crni-futrola-za-xiaomi-redmi-pad-pro-5g","status":"publish","type":"product","link":"https:\/\/www.urbanspot.si\/hr\/produkt\/ovitek-urbie-premium-black-xiaomi-redmi-pad-pro-5g\/","title":{"rendered":"Urbie Premium crna maska, Xiaomi Redmi Pad Pro 5G"},"content":{"rendered":"<p>Elegantna i visokokvalitetna Urbie silikonska maskica za Xiaomi Redmi Pad Pro 5G tablet. Maska savr\u0161eno pristaje na tablet. Jednostavna i prakti\u010dna za kori\u0161tenje.<\/p>","protected":false},"excerpt":{"rendered":"<p>Elegantna i visokokvalitetna Urbie silikonska maskica za Xiaomi Redmi Pad Pro 5G tablet. Maska savr\u0161eno pristaje na tablet. Jednostavna i prakti\u010dna za kori\u0161tenje.<\/p>\n<p>Urbie Premium crna za\u0161titna futrola:<\/p>\n<ul>\n<li>Silikonska futrola izra\u0111ena od visokokvalitetnog materijala s visokom razinom izdr\u017eljivosti<\/li>\n<li>Mekan i ugodan materijal na dodir<\/li>\n<li>Pokriva sve strane i stra\u017enju stranu telefona<\/li>\n<li>Besplatan pristup svim funkcijama telefona<\/li>\n<li>Blago podignuti rub ku\u0107i\u0161ta \u0161titi objektiv kamere od ogrebotina<\/li>\n<li>Instalirajte i uklonite ga za nekoliko sekundi<\/li>\n<li>Ugodan na dodir<\/li>\n<li>Slika mo\u017ee biti simboli\u010dna<\/li>\n<\/ul>","protected":false},"featured_media":18130,"comment_status":"open","ping_status":"closed","template":"","meta":[],"product_brand":[],"product_cat":[560,232,230,600,543],"product_tag":[],"class_list":{"0":"post-18129","1":"product","2":"type-product","3":"status-publish","4":"has-post-thumbnail","6":"product_cat-ovitki-za-telefone","7":"product_cat-xiaomi-2","8":"product_cat-xiaomi","9":"product_cat-xiaomi-pad-pro-5g","10":"product_cat-xiaomi-pad-serija","11":"pa_primerno-za-model-redmi-pad-pro-5g","12":"pa_primerno-za-proizvajalca-xiaomi","14":"first","15":"instock","16":"sale","17":"taxable","18":"shipping-taxable","19":"purchasable","20":"product-type-simple"},"yoast_head":"<!-- This site is optimized with the Yoast SEO plugin v27.4 - https:\/\/yoast.com\/product\/yoast-seo-wordpress\/ -->\n<title>Ovitek Urbie Premium Black, Xiaomi Redmi Pad Pro 5G -<\/title>\n<meta name=\"robots\" content=\"index, follow, max-snippet:-1, max-image-preview:large, max-video-preview:-1\" \/>\n<link rel=\"canonical\" href=\"https:\/\/www.urbanspot.si\/hr\/proizvod-2\/urbia-premium-crni-futrola-za-xiaomi-redmi-pad-pro-5g\/\" \/>\n<meta property=\"og:locale\" content=\"hr_HR\" \/>\n<meta property=\"og:type\" content=\"article\" \/>\n<meta property=\"og:title\" content=\"Ovitek Urbie Premium Black, Xiaomi Redmi Pad Pro 5G -\" \/>\n<meta property=\"og:description\" content=\"Eleganten in kvaliteten silikonski ovitek Urbie za tablico, Xiaomi Redmi Pad Pro 5G. Ovitek se popolnoma prilega za tablico. Enostavna in priro\u010dna za uporabo.  Za\u0161\u010ditni ovitek Urbie Premium Black :   Silikonski ovitek iz kvalitetne mase z visokim nivojem vdr\u017eljivosti  Mehek in na otip prijeten material  Pokriva vse strani in zadnji del telefona  Prost dostop do vseh funkcij telefona  Nekoliko dvignjen rob ovitka \u0161\u010diti objektiv kamere pred praskami  Namesti\u0161 in odstrani\u0161 ga v nekaj sekundah  Prijeten na dotik  Slika je lahko simboli\u010dna\" \/>\n<meta property=\"og:url\" content=\"https:\/\/www.urbanspot.si\/hr\/proizvod-2\/urbia-premium-crni-futrola-za-xiaomi-redmi-pad-pro-5g\/\" \/>\n<meta property=\"article:publisher\" content=\"https:\/\/www.facebook.com\/urbanspot.si\" \/>\n<meta property=\"article:modified_time\" content=\"2026-03-19T14:03:27+00:00\" \/>\n<meta property=\"og:image\" content=\"https:\/\/www.urbanspot.si\/wp-content\/uploads\/redmi-pad-pro-5g-black.webp\" \/>\n\t<meta property=\"og:image:width\" content=\"1000\" \/>\n\t<meta property=\"og:image:height\" content=\"1000\" \/>\n\t<meta property=\"og:image:type\" content=\"image\/webp\" \/>\n<meta name=\"twitter:card\" content=\"summary_large_image\" \/>\n<meta name=\"twitter:label1\" content=\"Procijenjeno vrijeme \u010ditanja\" \/>\n\t<meta name=\"twitter:data1\" content=\"1 minuta\" \/>\n<script type=\"application\/ld+json\" class=\"yoast-schema-graph\">{\"@context\":\"https:\\\/\\\/schema.org\",\"@graph\":[{\"@type\":\"WebPage\",\"@id\":\"https:\\\/\\\/www.urbanspot.si\\\/produkt\\\/ovitek-urbie-premium-black-xiaomi-redmi-pad-pro-5g\\\/\",\"url\":\"https:\\\/\\\/www.urbanspot.si\\\/produkt\\\/ovitek-urbie-premium-black-xiaomi-redmi-pad-pro-5g\\\/\",\"name\":\"Ovitek Urbie Premium Black, Xiaomi Redmi Pad Pro 5G -\",\"isPartOf\":{\"@id\":\"https:\\\/\\\/www.urbanspot.si\\\/#website\"},\"primaryImageOfPage\":{\"@id\":\"https:\\\/\\\/www.urbanspot.si\\\/produkt\\\/ovitek-urbie-premium-black-xiaomi-redmi-pad-pro-5g\\\/#primaryimage\"},\"image\":{\"@id\":\"https:\\\/\\\/www.urbanspot.si\\\/produkt\\\/ovitek-urbie-premium-black-xiaomi-redmi-pad-pro-5g\\\/#primaryimage\"},\"thumbnailUrl\":\"https:\\\/\\\/www.urbanspot.si\\\/wp-content\\\/uploads\\\/redmi-pad-pro-5g-black.webp\",\"datePublished\":\"2024-09-03T14:12:14+00:00\",\"dateModified\":\"2026-03-19T14:03:27+00:00\",\"breadcrumb\":{\"@id\":\"https:\\\/\\\/www.urbanspot.si\\\/produkt\\\/ovitek-urbie-premium-black-xiaomi-redmi-pad-pro-5g\\\/#breadcrumb\"},\"inLanguage\":\"hr\",\"potentialAction\":[{\"@type\":\"ReadAction\",\"target\":[\"https:\\\/\\\/www.urbanspot.si\\\/produkt\\\/ovitek-urbie-premium-black-xiaomi-redmi-pad-pro-5g\\\/\"]}]},{\"@type\":\"ImageObject\",\"inLanguage\":\"hr\",\"@id\":\"https:\\\/\\\/www.urbanspot.si\\\/produkt\\\/ovitek-urbie-premium-black-xiaomi-redmi-pad-pro-5g\\\/#primaryimage\",\"url\":\"https:\\\/\\\/www.urbanspot.si\\\/wp-content\\\/uploads\\\/redmi-pad-pro-5g-black.webp\",\"contentUrl\":\"https:\\\/\\\/www.urbanspot.si\\\/wp-content\\\/uploads\\\/redmi-pad-pro-5g-black.webp\",\"width\":1000,\"height\":1000},{\"@type\":\"BreadcrumbList\",\"@id\":\"https:\\\/\\\/www.urbanspot.si\\\/produkt\\\/ovitek-urbie-premium-black-xiaomi-redmi-pad-pro-5g\\\/#breadcrumb\",\"itemListElement\":[{\"@type\":\"ListItem\",\"position\":1,\"name\":\"Home\",\"item\":\"https:\\\/\\\/www.urbanspot.si\\\/\"},{\"@type\":\"ListItem\",\"position\":2,\"name\":\"Shop\",\"item\":\"https:\\\/\\\/www.urbanspot.si\\\/shop\\\/\"},{\"@type\":\"ListItem\",\"position\":3,\"name\":\"Ovitek Urbie Premium Black, Xiaomi Redmi Pad Pro 5G\"}]},{\"@type\":\"WebSite\",\"@id\":\"https:\\\/\\\/www.urbanspot.si\\\/#website\",\"url\":\"https:\\\/\\\/www.urbanspot.si\\\/\",\"name\":\"UrbanSpot\",\"description\":\"\",\"publisher\":{\"@id\":\"https:\\\/\\\/www.urbanspot.si\\\/#organization\"},\"potentialAction\":[{\"@type\":\"SearchAction\",\"target\":{\"@type\":\"EntryPoint\",\"urlTemplate\":\"https:\\\/\\\/www.urbanspot.si\\\/?s={search_term_string}\"},\"query-input\":{\"@type\":\"PropertyValueSpecification\",\"valueRequired\":true,\"valueName\":\"search_term_string\"}}],\"inLanguage\":\"hr\"},{\"@type\":\"Organization\",\"@id\":\"https:\\\/\\\/www.urbanspot.si\\\/#organization\",\"name\":\"UrbanSpot\",\"url\":\"https:\\\/\\\/www.urbanspot.si\\\/\",\"logo\":{\"@type\":\"ImageObject\",\"inLanguage\":\"hr\",\"@id\":\"https:\\\/\\\/www.urbanspot.si\\\/#\\\/schema\\\/logo\\\/image\\\/\",\"url\":\"https:\\\/\\\/www.urbanspot.si\\\/wp-content\\\/uploads\\\/urbanspot-logo.svg\",\"contentUrl\":\"https:\\\/\\\/www.urbanspot.si\\\/wp-content\\\/uploads\\\/urbanspot-logo.svg\",\"width\":185,\"height\":40,\"caption\":\"UrbanSpot\"},\"image\":{\"@id\":\"https:\\\/\\\/www.urbanspot.si\\\/#\\\/schema\\\/logo\\\/image\\\/\"},\"sameAs\":[\"https:\\\/\\\/www.facebook.com\\\/urbanspot.si\"]}]}<\/script>\n<!-- \/ Yoast SEO plugin. -->","yoast_head_json":{"title":"Ovitek Urbie Premium Black, Xiaomi Redmi Pad Pro 5G -","robots":{"index":"index","follow":"follow","max-snippet":"max-snippet:-1","max-image-preview":"max-image-preview:large","max-video-preview":"max-video-preview:-1"},"canonical":"https:\/\/www.urbanspot.si\/hr\/proizvod-2\/urbia-premium-crni-futrola-za-xiaomi-redmi-pad-pro-5g\/","og_locale":"hr_HR","og_type":"article","og_title":"Ovitek Urbie Premium Black, Xiaomi Redmi Pad Pro 5G -","og_description":"Eleganten in kvaliteten silikonski ovitek Urbie za tablico, Xiaomi Redmi Pad Pro 5G. Ovitek se popolnoma prilega za tablico. Enostavna in priro\u010dna za uporabo.  Za\u0161\u010ditni ovitek Urbie Premium Black :   Silikonski ovitek iz kvalitetne mase z visokim nivojem vdr\u017eljivosti  Mehek in na otip prijeten material  Pokriva vse strani in zadnji del telefona  Prost dostop do vseh funkcij telefona  Nekoliko dvignjen rob ovitka \u0161\u010diti objektiv kamere pred praskami  Namesti\u0161 in odstrani\u0161 ga v nekaj sekundah  Prijeten na dotik  Slika je lahko simboli\u010dna","og_url":"https:\/\/www.urbanspot.si\/hr\/proizvod-2\/urbia-premium-crni-futrola-za-xiaomi-redmi-pad-pro-5g\/","article_publisher":"https:\/\/www.facebook.com\/urbanspot.si","article_modified_time":"2026-03-19T14:03:27+00:00","og_image":[{"width":1000,"height":1000,"url":"https:\/\/www.urbanspot.si\/wp-content\/uploads\/redmi-pad-pro-5g-black.webp","type":"image\/webp"}],"twitter_card":"summary_large_image","twitter_misc":{"Procijenjeno vrijeme \u010ditanja":"1 minuta"},"schema":{"@context":"https:\/\/schema.org","@graph":[{"@type":"WebPage","@id":"https:\/\/www.urbanspot.si\/produkt\/ovitek-urbie-premium-black-xiaomi-redmi-pad-pro-5g\/","url":"https:\/\/www.urbanspot.si\/produkt\/ovitek-urbie-premium-black-xiaomi-redmi-pad-pro-5g\/","name":"Ovitek Urbie Premium Black, Xiaomi Redmi Pad Pro 5G -","isPartOf":{"@id":"https:\/\/www.urbanspot.si\/#website"},"primaryImageOfPage":{"@id":"https:\/\/www.urbanspot.si\/produkt\/ovitek-urbie-premium-black-xiaomi-redmi-pad-pro-5g\/#primaryimage"},"image":{"@id":"https:\/\/www.urbanspot.si\/produkt\/ovitek-urbie-premium-black-xiaomi-redmi-pad-pro-5g\/#primaryimage"},"thumbnailUrl":"https:\/\/www.urbanspot.si\/wp-content\/uploads\/redmi-pad-pro-5g-black.webp","datePublished":"2024-09-03T14:12:14+00:00","dateModified":"2026-03-19T14:03:27+00:00","breadcrumb":{"@id":"https:\/\/www.urbanspot.si\/produkt\/ovitek-urbie-premium-black-xiaomi-redmi-pad-pro-5g\/#breadcrumb"},"inLanguage":"hr","potentialAction":[{"@type":"ReadAction","target":["https:\/\/www.urbanspot.si\/produkt\/ovitek-urbie-premium-black-xiaomi-redmi-pad-pro-5g\/"]}]},{"@type":"ImageObject","inLanguage":"hr","@id":"https:\/\/www.urbanspot.si\/produkt\/ovitek-urbie-premium-black-xiaomi-redmi-pad-pro-5g\/#primaryimage","url":"https:\/\/www.urbanspot.si\/wp-content\/uploads\/redmi-pad-pro-5g-black.webp","contentUrl":"https:\/\/www.urbanspot.si\/wp-content\/uploads\/redmi-pad-pro-5g-black.webp","width":1000,"height":1000},{"@type":"BreadcrumbList","@id":"https:\/\/www.urbanspot.si\/produkt\/ovitek-urbie-premium-black-xiaomi-redmi-pad-pro-5g\/#breadcrumb","itemListElement":[{"@type":"ListItem","position":1,"name":"Home","item":"https:\/\/www.urbanspot.si\/"},{"@type":"ListItem","position":2,"name":"Shop","item":"https:\/\/www.urbanspot.si\/shop\/"},{"@type":"ListItem","position":3,"name":"Ovitek Urbie Premium Black, Xiaomi Redmi Pad Pro 5G"}]},{"@type":"WebSite","@id":"https:\/\/www.urbanspot.si\/#website","url":"https:\/\/www.urbanspot.si\/","name":"UrbanSpot","description":"","publisher":{"@id":"https:\/\/www.urbanspot.si\/#organization"},"potentialAction":[{"@type":"SearchAction","target":{"@type":"EntryPoint","urlTemplate":"https:\/\/www.urbanspot.si\/?s={search_term_string}"},"query-input":{"@type":"PropertyValueSpecification","valueRequired":true,"valueName":"search_term_string"}}],"inLanguage":"hr"},{"@type":"Organization","@id":"https:\/\/www.urbanspot.si\/#organization","name":"UrbanSpot","url":"https:\/\/www.urbanspot.si\/","logo":{"@type":"ImageObject","inLanguage":"hr","@id":"https:\/\/www.urbanspot.si\/#\/schema\/logo\/image\/","url":"https:\/\/www.urbanspot.si\/wp-content\/uploads\/urbanspot-logo.svg","contentUrl":"https:\/\/www.urbanspot.si\/wp-content\/uploads\/urbanspot-logo.svg","width":185,"height":40,"caption":"UrbanSpot"},"image":{"@id":"https:\/\/www.urbanspot.si\/#\/schema\/logo\/image\/"},"sameAs":["https:\/\/www.facebook.com\/urbanspot.si"]}]}},"_links":{"self":[{"href":"https:\/\/www.urbanspot.si\/hr\/wp-json\/wp\/v2\/product\/18129","targetHints":{"allow":["GET"]}}],"collection":[{"href":"https:\/\/www.urbanspot.si\/hr\/wp-json\/wp\/v2\/product"}],"about":[{"href":"https:\/\/www.urbanspot.si\/hr\/wp-json\/wp\/v2\/types\/product"}],"replies":[{"embeddable":true,"href":"https:\/\/www.urbanspot.si\/hr\/wp-json\/wp\/v2\/comments?post=18129"}],"version-history":[{"count":3,"href":"https:\/\/www.urbanspot.si\/hr\/wp-json\/wp\/v2\/product\/18129\/revisions"}],"predecessor-version":[{"id":27611,"href":"https:\/\/www.urbanspot.si\/hr\/wp-json\/wp\/v2\/product\/18129\/revisions\/27611"}],"wp:featuredmedia":[{"embeddable":true,"href":"https:\/\/www.urbanspot.si\/hr\/wp-json\/wp\/v2\/media\/18130"}],"wp:attachment":[{"href":"https:\/\/www.urbanspot.si\/hr\/wp-json\/wp\/v2\/media?parent=18129"}],"wp:term":[{"taxonomy":"product_brand","embeddable":true,"href":"https:\/\/www.urbanspot.si\/hr\/wp-json\/wp\/v2\/product_brand?post=18129"},{"taxonomy":"product_cat","embeddable":true,"href":"https:\/\/www.urbanspot.si\/hr\/wp-json\/wp\/v2\/product_cat?post=18129"},{"taxonomy":"product_tag","embeddable":true,"href":"https:\/\/www.urbanspot.si\/hr\/wp-json\/wp\/v2\/product_tag?post=18129"}],"curies":[{"name":"radni list","href":"https:\/\/api.w.org\/{rel}","templated":true}]}}