{"id":18248,"date":"2024-09-09T12:14:00","date_gmt":"2024-09-09T11:14:00","guid":{"rendered":"https:\/\/www.urbanspot.si\/?post_type=product&#038;p=18248"},"modified":"2026-03-18T15:51:58","modified_gmt":"2026-03-18T13:51:58","slug":"baseus-usb-c-40w-punjac-za-automobil","status":"publish","type":"product","link":"https:\/\/www.urbanspot.si\/hr\/produkt\/avtopolnilec-baseus-usb-usb-c-40w\/","title":{"rendered":"Baseus USB + USB C auto punja\u010d, 40W"},"content":{"rendered":"<p>Tehni\u010dki podaci:<br \/>\n\u2013 Materijal: ABS (otporan na plamen) + aluminij + PC<br \/>\n\u2013 Kompatibilnost: Univerzalna<br \/>\n\u2013 Boja: Tamnosiva<br \/>\n\u2013 Ulazni napon: DC 12V-24V<br \/>\n\u2013 Izlazni napon: USB-A: 5V\/3A, 9V\/2A, 10V\/2A, 12V\/1.5A (20W Max)<br \/>\nUSB-C: 5 V\/3 A, 9 V\/2,22 A, 12 V\/1,6 A, 15 V\/1,3 A, 20 V\/1 A (20 W max)<br \/>\nUkupno: 40W max.<br \/>\n\u2013 Nominalna snaga: 40W<\/p>","protected":false},"excerpt":{"rendered":"<p>Baseus punja\u010d za automobil osigurat \u0107e da se va\u0161i elektroni\u010dki ure\u0111aji u automobilu br\u017ee napune. Na taj na\u010din mo\u017eete iskoristiti \u010dak i kratku vo\u017enju do posla da napunite telefon na nekoliko sati. Tako\u0111er ga mo\u017eete koristiti za punjenje drugih vrsta ure\u0111aja, od tableta, pametnih satova i be\u017ei\u010dnih slu\u0161alica do kamera.<\/p>","protected":false},"featured_media":18267,"comment_status":"open","ping_status":"closed","template":"","meta":[],"product_brand":[],"product_cat":[104,249,91],"product_tag":[],"class_list":{"0":"post-18248","1":"product","2":"type-product","3":"status-publish","4":"has-post-thumbnail","6":"product_cat-dodatna-oprema","7":"product_cat-kabli-in-polnilci","8":"product_cat-razprodaja","9":"pa_primerno-za-proizvajalca-apple","10":"pa_primerno-za-proizvajalca-google","11":"pa_primerno-za-proizvajalca-honor","12":"pa_primerno-za-proizvajalca-huawei","13":"pa_primerno-za-proizvajalca-realme","14":"pa_primerno-za-proizvajalca-samsung","16":"first","17":"outofstock","18":"sale","19":"taxable","20":"shipping-taxable","21":"purchasable","22":"product-type-simple"},"yoast_head":"<!-- This site is optimized with the Yoast SEO plugin v27.4 - https:\/\/yoast.com\/product\/yoast-seo-wordpress\/ -->\n<title>Avtopolnilec Baseus USB + USB C, 40W -<\/title>\n<meta name=\"robots\" content=\"index, follow, max-snippet:-1, max-image-preview:large, max-video-preview:-1\" \/>\n<link rel=\"canonical\" href=\"https:\/\/www.urbanspot.si\/hr\/proizvod-2\/baseus-usb-c-40w-punjac-za-automobil\/\" \/>\n<meta property=\"og:locale\" content=\"hr_HR\" \/>\n<meta property=\"og:type\" content=\"article\" \/>\n<meta property=\"og:title\" content=\"Avtopolnilec Baseus USB + USB C, 40W -\" \/>\n<meta property=\"og:description\" content=\"Avtopolnilec Baseus, ki bo poskrbel, da boste va\u0161e elektronske naprave v avtomobilu napolnili hitreje. Na ta na\u010din boste \u017ee kraj\u0161o pot do slu\u017ebe lahko izkoristili za zagotovitev nekaj urne energije va\u0161emu telefonu. Uporabili ga boste lahko tudi za polnjenje drugih tipov naprav, od tablice, pametne ure, brez\u017ei\u010dnih slu\u0161alk, do kamere.\" \/>\n<meta property=\"og:url\" content=\"https:\/\/www.urbanspot.si\/hr\/proizvod-2\/baseus-usb-c-40w-punjac-za-automobil\/\" \/>\n<meta property=\"article:publisher\" content=\"https:\/\/www.facebook.com\/urbanspot.si\" \/>\n<meta property=\"article:modified_time\" content=\"2026-03-18T13:51:58+00:00\" \/>\n<meta property=\"og:image\" content=\"https:\/\/www.urbanspot.si\/wp-content\/uploads\/baseus-golden-contactor.jpg\" \/>\n\t<meta property=\"og:image:width\" content=\"1200\" \/>\n\t<meta property=\"og:image:height\" content=\"1200\" \/>\n\t<meta property=\"og:image:type\" content=\"image\/jpeg\" \/>\n<meta name=\"twitter:card\" content=\"summary_large_image\" \/>\n<script type=\"application\/ld+json\" class=\"yoast-schema-graph\">{\"@context\":\"https:\\\/\\\/schema.org\",\"@graph\":[{\"@type\":\"WebPage\",\"@id\":\"https:\\\/\\\/www.urbanspot.si\\\/produkt\\\/avtopolnilec-baseus-usb-usb-c-40w\\\/\",\"url\":\"https:\\\/\\\/www.urbanspot.si\\\/produkt\\\/avtopolnilec-baseus-usb-usb-c-40w\\\/\",\"name\":\"Avtopolnilec Baseus USB + USB C, 40W -\",\"isPartOf\":{\"@id\":\"https:\\\/\\\/www.urbanspot.si\\\/#website\"},\"primaryImageOfPage\":{\"@id\":\"https:\\\/\\\/www.urbanspot.si\\\/produkt\\\/avtopolnilec-baseus-usb-usb-c-40w\\\/#primaryimage\"},\"image\":{\"@id\":\"https:\\\/\\\/www.urbanspot.si\\\/produkt\\\/avtopolnilec-baseus-usb-usb-c-40w\\\/#primaryimage\"},\"thumbnailUrl\":\"https:\\\/\\\/www.urbanspot.si\\\/wp-content\\\/uploads\\\/baseus-golden-contactor.jpg\",\"datePublished\":\"2024-09-09T11:14:00+00:00\",\"dateModified\":\"2026-03-18T13:51:58+00:00\",\"breadcrumb\":{\"@id\":\"https:\\\/\\\/www.urbanspot.si\\\/produkt\\\/avtopolnilec-baseus-usb-usb-c-40w\\\/#breadcrumb\"},\"inLanguage\":\"hr\",\"potentialAction\":[{\"@type\":\"ReadAction\",\"target\":[\"https:\\\/\\\/www.urbanspot.si\\\/produkt\\\/avtopolnilec-baseus-usb-usb-c-40w\\\/\"]}]},{\"@type\":\"ImageObject\",\"inLanguage\":\"hr\",\"@id\":\"https:\\\/\\\/www.urbanspot.si\\\/produkt\\\/avtopolnilec-baseus-usb-usb-c-40w\\\/#primaryimage\",\"url\":\"https:\\\/\\\/www.urbanspot.si\\\/wp-content\\\/uploads\\\/baseus-golden-contactor.jpg\",\"contentUrl\":\"https:\\\/\\\/www.urbanspot.si\\\/wp-content\\\/uploads\\\/baseus-golden-contactor.jpg\",\"width\":1200,\"height\":1200},{\"@type\":\"BreadcrumbList\",\"@id\":\"https:\\\/\\\/www.urbanspot.si\\\/produkt\\\/avtopolnilec-baseus-usb-usb-c-40w\\\/#breadcrumb\",\"itemListElement\":[{\"@type\":\"ListItem\",\"position\":1,\"name\":\"Home\",\"item\":\"https:\\\/\\\/www.urbanspot.si\\\/\"},{\"@type\":\"ListItem\",\"position\":2,\"name\":\"Shop\",\"item\":\"https:\\\/\\\/www.urbanspot.si\\\/shop\\\/\"},{\"@type\":\"ListItem\",\"position\":3,\"name\":\"Avtopolnilec Baseus USB + USB C, 40W\"}]},{\"@type\":\"WebSite\",\"@id\":\"https:\\\/\\\/www.urbanspot.si\\\/#website\",\"url\":\"https:\\\/\\\/www.urbanspot.si\\\/\",\"name\":\"UrbanSpot\",\"description\":\"\",\"publisher\":{\"@id\":\"https:\\\/\\\/www.urbanspot.si\\\/#organization\"},\"potentialAction\":[{\"@type\":\"SearchAction\",\"target\":{\"@type\":\"EntryPoint\",\"urlTemplate\":\"https:\\\/\\\/www.urbanspot.si\\\/?s={search_term_string}\"},\"query-input\":{\"@type\":\"PropertyValueSpecification\",\"valueRequired\":true,\"valueName\":\"search_term_string\"}}],\"inLanguage\":\"hr\"},{\"@type\":\"Organization\",\"@id\":\"https:\\\/\\\/www.urbanspot.si\\\/#organization\",\"name\":\"UrbanSpot\",\"url\":\"https:\\\/\\\/www.urbanspot.si\\\/\",\"logo\":{\"@type\":\"ImageObject\",\"inLanguage\":\"hr\",\"@id\":\"https:\\\/\\\/www.urbanspot.si\\\/#\\\/schema\\\/logo\\\/image\\\/\",\"url\":\"https:\\\/\\\/www.urbanspot.si\\\/wp-content\\\/uploads\\\/urbanspot-logo.svg\",\"contentUrl\":\"https:\\\/\\\/www.urbanspot.si\\\/wp-content\\\/uploads\\\/urbanspot-logo.svg\",\"width\":185,\"height\":40,\"caption\":\"UrbanSpot\"},\"image\":{\"@id\":\"https:\\\/\\\/www.urbanspot.si\\\/#\\\/schema\\\/logo\\\/image\\\/\"},\"sameAs\":[\"https:\\\/\\\/www.facebook.com\\\/urbanspot.si\"]}]}<\/script>\n<!-- \/ Yoast SEO plugin. -->","yoast_head_json":{"title":"Avtopolnilec Baseus USB + USB C, 40W -","robots":{"index":"index","follow":"follow","max-snippet":"max-snippet:-1","max-image-preview":"max-image-preview:large","max-video-preview":"max-video-preview:-1"},"canonical":"https:\/\/www.urbanspot.si\/hr\/proizvod-2\/baseus-usb-c-40w-punjac-za-automobil\/","og_locale":"hr_HR","og_type":"article","og_title":"Avtopolnilec Baseus USB + USB C, 40W -","og_description":"Avtopolnilec Baseus, ki bo poskrbel, da boste va\u0161e elektronske naprave v avtomobilu napolnili hitreje. Na ta na\u010din boste \u017ee kraj\u0161o pot do slu\u017ebe lahko izkoristili za zagotovitev nekaj urne energije va\u0161emu telefonu. Uporabili ga boste lahko tudi za polnjenje drugih tipov naprav, od tablice, pametne ure, brez\u017ei\u010dnih slu\u0161alk, do kamere.","og_url":"https:\/\/www.urbanspot.si\/hr\/proizvod-2\/baseus-usb-c-40w-punjac-za-automobil\/","article_publisher":"https:\/\/www.facebook.com\/urbanspot.si","article_modified_time":"2026-03-18T13:51:58+00:00","og_image":[{"width":1200,"height":1200,"url":"https:\/\/www.urbanspot.si\/wp-content\/uploads\/baseus-golden-contactor.jpg","type":"image\/jpeg"}],"twitter_card":"summary_large_image","schema":{"@context":"https:\/\/schema.org","@graph":[{"@type":"WebPage","@id":"https:\/\/www.urbanspot.si\/produkt\/avtopolnilec-baseus-usb-usb-c-40w\/","url":"https:\/\/www.urbanspot.si\/produkt\/avtopolnilec-baseus-usb-usb-c-40w\/","name":"Avtopolnilec Baseus USB + USB C, 40W -","isPartOf":{"@id":"https:\/\/www.urbanspot.si\/#website"},"primaryImageOfPage":{"@id":"https:\/\/www.urbanspot.si\/produkt\/avtopolnilec-baseus-usb-usb-c-40w\/#primaryimage"},"image":{"@id":"https:\/\/www.urbanspot.si\/produkt\/avtopolnilec-baseus-usb-usb-c-40w\/#primaryimage"},"thumbnailUrl":"https:\/\/www.urbanspot.si\/wp-content\/uploads\/baseus-golden-contactor.jpg","datePublished":"2024-09-09T11:14:00+00:00","dateModified":"2026-03-18T13:51:58+00:00","breadcrumb":{"@id":"https:\/\/www.urbanspot.si\/produkt\/avtopolnilec-baseus-usb-usb-c-40w\/#breadcrumb"},"inLanguage":"hr","potentialAction":[{"@type":"ReadAction","target":["https:\/\/www.urbanspot.si\/produkt\/avtopolnilec-baseus-usb-usb-c-40w\/"]}]},{"@type":"ImageObject","inLanguage":"hr","@id":"https:\/\/www.urbanspot.si\/produkt\/avtopolnilec-baseus-usb-usb-c-40w\/#primaryimage","url":"https:\/\/www.urbanspot.si\/wp-content\/uploads\/baseus-golden-contactor.jpg","contentUrl":"https:\/\/www.urbanspot.si\/wp-content\/uploads\/baseus-golden-contactor.jpg","width":1200,"height":1200},{"@type":"BreadcrumbList","@id":"https:\/\/www.urbanspot.si\/produkt\/avtopolnilec-baseus-usb-usb-c-40w\/#breadcrumb","itemListElement":[{"@type":"ListItem","position":1,"name":"Home","item":"https:\/\/www.urbanspot.si\/"},{"@type":"ListItem","position":2,"name":"Shop","item":"https:\/\/www.urbanspot.si\/shop\/"},{"@type":"ListItem","position":3,"name":"Avtopolnilec Baseus USB + USB C, 40W"}]},{"@type":"WebSite","@id":"https:\/\/www.urbanspot.si\/#website","url":"https:\/\/www.urbanspot.si\/","name":"UrbanSpot","description":"","publisher":{"@id":"https:\/\/www.urbanspot.si\/#organization"},"potentialAction":[{"@type":"SearchAction","target":{"@type":"EntryPoint","urlTemplate":"https:\/\/www.urbanspot.si\/?s={search_term_string}"},"query-input":{"@type":"PropertyValueSpecification","valueRequired":true,"valueName":"search_term_string"}}],"inLanguage":"hr"},{"@type":"Organization","@id":"https:\/\/www.urbanspot.si\/#organization","name":"UrbanSpot","url":"https:\/\/www.urbanspot.si\/","logo":{"@type":"ImageObject","inLanguage":"hr","@id":"https:\/\/www.urbanspot.si\/#\/schema\/logo\/image\/","url":"https:\/\/www.urbanspot.si\/wp-content\/uploads\/urbanspot-logo.svg","contentUrl":"https:\/\/www.urbanspot.si\/wp-content\/uploads\/urbanspot-logo.svg","width":185,"height":40,"caption":"UrbanSpot"},"image":{"@id":"https:\/\/www.urbanspot.si\/#\/schema\/logo\/image\/"},"sameAs":["https:\/\/www.facebook.com\/urbanspot.si"]}]}},"_links":{"self":[{"href":"https:\/\/www.urbanspot.si\/hr\/wp-json\/wp\/v2\/product\/18248","targetHints":{"allow":["GET"]}}],"collection":[{"href":"https:\/\/www.urbanspot.si\/hr\/wp-json\/wp\/v2\/product"}],"about":[{"href":"https:\/\/www.urbanspot.si\/hr\/wp-json\/wp\/v2\/types\/product"}],"replies":[{"embeddable":true,"href":"https:\/\/www.urbanspot.si\/hr\/wp-json\/wp\/v2\/comments?post=18248"}],"version-history":[{"count":1,"href":"https:\/\/www.urbanspot.si\/hr\/wp-json\/wp\/v2\/product\/18248\/revisions"}],"predecessor-version":[{"id":18270,"href":"https:\/\/www.urbanspot.si\/hr\/wp-json\/wp\/v2\/product\/18248\/revisions\/18270"}],"wp:featuredmedia":[{"embeddable":true,"href":"https:\/\/www.urbanspot.si\/hr\/wp-json\/wp\/v2\/media\/18267"}],"wp:attachment":[{"href":"https:\/\/www.urbanspot.si\/hr\/wp-json\/wp\/v2\/media?parent=18248"}],"wp:term":[{"taxonomy":"product_brand","embeddable":true,"href":"https:\/\/www.urbanspot.si\/hr\/wp-json\/wp\/v2\/product_brand?post=18248"},{"taxonomy":"product_cat","embeddable":true,"href":"https:\/\/www.urbanspot.si\/hr\/wp-json\/wp\/v2\/product_cat?post=18248"},{"taxonomy":"product_tag","embeddable":true,"href":"https:\/\/www.urbanspot.si\/hr\/wp-json\/wp\/v2\/product_tag?post=18248"}],"curies":[{"name":"radni list","href":"https:\/\/api.w.org\/{rel}","templated":true}]}}