{"id":18271,"date":"2024-09-09T12:24:22","date_gmt":"2024-09-09T11:24:22","guid":{"rendered":"https:\/\/www.urbanspot.si\/?post_type=product&#038;p=18271"},"modified":"2026-03-18T15:51:56","modified_gmt":"2026-03-18T13:51:56","slug":"baseus-auto-punjac-40w-usb-kabel-usb-tipa-c-1m-crni","status":"publish","type":"product","link":"https:\/\/www.urbanspot.si\/hr\/produkt\/baseus-avtopolnilec-40w-usb-kabel-usb-type-c-1m-crn\/","title":{"rendered":"BASEUS auto punja\u010d 40W USB+ USB Type-C kabel, 1m, crni"},"content":{"rendered":"<p>Tehni\u010dki podaci:<br \/>\nMaterijal: ABS + aluminij + PC<br \/>\nUlazni napon: DC 12V-24V<br \/>\nDimenzije: 55 mm x 26,5 mm<br \/>\nIzlazni napon:<br \/>\nUSB-A: 5 V\/3 A, 9 V\/2 A, 10 V\/2 A, 12 V\/1,5 A 20 W maks.<br \/>\nUSB-C: 5 V\/3 A, 9 V\/2,22 A, 12 V\/1,6 A, 15 V\/1,3 A, 20 V\/1 A, 20 W maks.<br \/>\nUkupna izlazna snaga: 20 W + 20 W (40 W)<\/p>","protected":false},"excerpt":{"rendered":"<p>Baseus auto punja\u010d je izniman gadget koji kombinira brzo punjenje, \u0161iroku kompatibilnost i vrhunsku sigurnost kako bi va\u0161i ure\u0111aji ostali napunjeni dok ste u pokretu.<br \/>\nSvojim sna\u017enim zna\u010dajkama i robusnim dizajnom, idealan je suputnik za svakog voza\u010da.<\/p>","protected":false},"featured_media":18272,"comment_status":"open","ping_status":"closed","template":"","meta":[],"product_brand":[],"product_cat":[104,249,91],"product_tag":[],"class_list":{"0":"post-18271","1":"product","2":"type-product","3":"status-publish","4":"has-post-thumbnail","6":"product_cat-dodatna-oprema","7":"product_cat-kabli-in-polnilci","8":"product_cat-razprodaja","9":"pa_primerno-za-proizvajalca-apple","10":"pa_primerno-za-proizvajalca-google","11":"pa_primerno-za-proizvajalca-huawei","12":"pa_primerno-za-proizvajalca-realme","13":"pa_primerno-za-proizvajalca-samsung","14":"pa_primerno-za-proizvajalca-xiaomi","16":"first","17":"outofstock","18":"sale","19":"taxable","20":"shipping-taxable","21":"purchasable","22":"product-type-simple"},"yoast_head":"<!-- This site is optimized with the Yoast SEO plugin v27.2 - https:\/\/yoast.com\/product\/yoast-seo-wordpress\/ -->\n<title>BASEUS avtopolnilec 40W USB+ kabel USB Type C, 1m, \u010drn -<\/title>\n<meta name=\"robots\" content=\"index, follow, max-snippet:-1, max-image-preview:large, max-video-preview:-1\" \/>\n<link rel=\"canonical\" href=\"https:\/\/www.urbanspot.si\/hr\/proizvod-2\/baseus-auto-punjac-40w-usb-kabel-usb-tipa-c-1m-crni\/\" \/>\n<meta property=\"og:locale\" content=\"hr_HR\" \/>\n<meta property=\"og:type\" content=\"article\" \/>\n<meta property=\"og:title\" content=\"BASEUS avtopolnilec 40W USB+ kabel USB Type C, 1m, \u010drn -\" \/>\n<meta property=\"og:description\" content=\"Baseus avtomobilski polnilnik je izjemen pripomo\u010dek, ki zdru\u017euje hitro polnjenje, \u0161iroko zdru\u017eljivost in vrhunsko varnost, da bodo va\u0161e naprave vedno napolnjene, ko ste na poti. S svojimi zmogljivimi funkcijami in robustno zasnovo je idealen sopotnik za vsakega voznika.\" \/>\n<meta property=\"og:url\" content=\"https:\/\/www.urbanspot.si\/hr\/proizvod-2\/baseus-auto-punjac-40w-usb-kabel-usb-tipa-c-1m-crni\/\" \/>\n<meta property=\"article:publisher\" content=\"https:\/\/www.facebook.com\/urbanspot.si\" \/>\n<meta property=\"article:modified_time\" content=\"2026-03-18T13:51:56+00:00\" \/>\n<meta property=\"og:image\" content=\"https:\/\/www.urbanspot.si\/wp-content\/uploads\/baseus-avtopolnilec-i-nkabel.webp\" \/>\n\t<meta property=\"og:image:width\" content=\"1000\" \/>\n\t<meta property=\"og:image:height\" content=\"1000\" \/>\n\t<meta property=\"og:image:type\" content=\"image\/webp\" \/>\n<meta name=\"twitter:card\" content=\"summary_large_image\" \/>\n<script type=\"application\/ld+json\" class=\"yoast-schema-graph\">{\"@context\":\"https:\/\/schema.org\",\"@graph\":[{\"@type\":\"WebPage\",\"@id\":\"https:\/\/www.urbanspot.si\/produkt\/baseus-avtopolnilec-40w-usb-kabel-usb-type-c-1m-crn\/\",\"url\":\"https:\/\/www.urbanspot.si\/produkt\/baseus-avtopolnilec-40w-usb-kabel-usb-type-c-1m-crn\/\",\"name\":\"BASEUS avtopolnilec 40W USB+ kabel USB Type C, 1m, \u010drn -\",\"isPartOf\":{\"@id\":\"https:\/\/www.urbanspot.si\/#website\"},\"primaryImageOfPage\":{\"@id\":\"https:\/\/www.urbanspot.si\/produkt\/baseus-avtopolnilec-40w-usb-kabel-usb-type-c-1m-crn\/#primaryimage\"},\"image\":{\"@id\":\"https:\/\/www.urbanspot.si\/produkt\/baseus-avtopolnilec-40w-usb-kabel-usb-type-c-1m-crn\/#primaryimage\"},\"thumbnailUrl\":\"https:\/\/www.urbanspot.si\/wp-content\/uploads\/baseus-avtopolnilec-i-nkabel.webp\",\"datePublished\":\"2024-09-09T11:24:22+00:00\",\"dateModified\":\"2026-03-18T13:51:56+00:00\",\"breadcrumb\":{\"@id\":\"https:\/\/www.urbanspot.si\/produkt\/baseus-avtopolnilec-40w-usb-kabel-usb-type-c-1m-crn\/#breadcrumb\"},\"inLanguage\":\"hr\",\"potentialAction\":[{\"@type\":\"ReadAction\",\"target\":[\"https:\/\/www.urbanspot.si\/produkt\/baseus-avtopolnilec-40w-usb-kabel-usb-type-c-1m-crn\/\"]}]},{\"@type\":\"ImageObject\",\"inLanguage\":\"hr\",\"@id\":\"https:\/\/www.urbanspot.si\/produkt\/baseus-avtopolnilec-40w-usb-kabel-usb-type-c-1m-crn\/#primaryimage\",\"url\":\"https:\/\/www.urbanspot.si\/wp-content\/uploads\/baseus-avtopolnilec-i-nkabel.webp\",\"contentUrl\":\"https:\/\/www.urbanspot.si\/wp-content\/uploads\/baseus-avtopolnilec-i-nkabel.webp\",\"width\":1000,\"height\":1000},{\"@type\":\"BreadcrumbList\",\"@id\":\"https:\/\/www.urbanspot.si\/produkt\/baseus-avtopolnilec-40w-usb-kabel-usb-type-c-1m-crn\/#breadcrumb\",\"itemListElement\":[{\"@type\":\"ListItem\",\"position\":1,\"name\":\"Home\",\"item\":\"https:\/\/www.urbanspot.si\/\"},{\"@type\":\"ListItem\",\"position\":2,\"name\":\"Shop\",\"item\":\"https:\/\/www.urbanspot.si\/shop\/\"},{\"@type\":\"ListItem\",\"position\":3,\"name\":\"BASEUS avtopolnilec 40W USB+ kabel USB Type C, 1m, \u010drn\"}]},{\"@type\":\"WebSite\",\"@id\":\"https:\/\/www.urbanspot.si\/#website\",\"url\":\"https:\/\/www.urbanspot.si\/\",\"name\":\"UrbanSpot\",\"description\":\"\",\"publisher\":{\"@id\":\"https:\/\/www.urbanspot.si\/#organization\"},\"potentialAction\":[{\"@type\":\"SearchAction\",\"target\":{\"@type\":\"EntryPoint\",\"urlTemplate\":\"https:\/\/www.urbanspot.si\/?s={search_term_string}\"},\"query-input\":{\"@type\":\"PropertyValueSpecification\",\"valueRequired\":true,\"valueName\":\"search_term_string\"}}],\"inLanguage\":\"hr\"},{\"@type\":\"Organization\",\"@id\":\"https:\/\/www.urbanspot.si\/#organization\",\"name\":\"UrbanSpot\",\"url\":\"https:\/\/www.urbanspot.si\/\",\"logo\":{\"@type\":\"ImageObject\",\"inLanguage\":\"hr\",\"@id\":\"https:\/\/www.urbanspot.si\/#\/schema\/logo\/image\/\",\"url\":\"https:\/\/www.urbanspot.si\/wp-content\/uploads\/urbanspot-logo.svg\",\"contentUrl\":\"https:\/\/www.urbanspot.si\/wp-content\/uploads\/urbanspot-logo.svg\",\"width\":185,\"height\":40,\"caption\":\"UrbanSpot\"},\"image\":{\"@id\":\"https:\/\/www.urbanspot.si\/#\/schema\/logo\/image\/\"},\"sameAs\":[\"https:\/\/www.facebook.com\/urbanspot.si\"]}]}<\/script>\n<!-- \/ Yoast SEO plugin. -->","yoast_head_json":{"title":"BASEUS avtopolnilec 40W USB+ kabel USB Type C, 1m, \u010drn -","robots":{"index":"index","follow":"follow","max-snippet":"max-snippet:-1","max-image-preview":"max-image-preview:large","max-video-preview":"max-video-preview:-1"},"canonical":"https:\/\/www.urbanspot.si\/hr\/proizvod-2\/baseus-auto-punjac-40w-usb-kabel-usb-tipa-c-1m-crni\/","og_locale":"hr_HR","og_type":"article","og_title":"BASEUS avtopolnilec 40W USB+ kabel USB Type C, 1m, \u010drn -","og_description":"Baseus avtomobilski polnilnik je izjemen pripomo\u010dek, ki zdru\u017euje hitro polnjenje, \u0161iroko zdru\u017eljivost in vrhunsko varnost, da bodo va\u0161e naprave vedno napolnjene, ko ste na poti. S svojimi zmogljivimi funkcijami in robustno zasnovo je idealen sopotnik za vsakega voznika.","og_url":"https:\/\/www.urbanspot.si\/hr\/proizvod-2\/baseus-auto-punjac-40w-usb-kabel-usb-tipa-c-1m-crni\/","article_publisher":"https:\/\/www.facebook.com\/urbanspot.si","article_modified_time":"2026-03-18T13:51:56+00:00","og_image":[{"width":1000,"height":1000,"url":"https:\/\/www.urbanspot.si\/wp-content\/uploads\/baseus-avtopolnilec-i-nkabel.webp","type":"image\/webp"}],"twitter_card":"summary_large_image","schema":{"@context":"https:\/\/schema.org","@graph":[{"@type":"WebPage","@id":"https:\/\/www.urbanspot.si\/produkt\/baseus-avtopolnilec-40w-usb-kabel-usb-type-c-1m-crn\/","url":"https:\/\/www.urbanspot.si\/produkt\/baseus-avtopolnilec-40w-usb-kabel-usb-type-c-1m-crn\/","name":"BASEUS avtopolnilec 40W USB+ kabel USB Type C, 1m, \u010drn -","isPartOf":{"@id":"https:\/\/www.urbanspot.si\/#website"},"primaryImageOfPage":{"@id":"https:\/\/www.urbanspot.si\/produkt\/baseus-avtopolnilec-40w-usb-kabel-usb-type-c-1m-crn\/#primaryimage"},"image":{"@id":"https:\/\/www.urbanspot.si\/produkt\/baseus-avtopolnilec-40w-usb-kabel-usb-type-c-1m-crn\/#primaryimage"},"thumbnailUrl":"https:\/\/www.urbanspot.si\/wp-content\/uploads\/baseus-avtopolnilec-i-nkabel.webp","datePublished":"2024-09-09T11:24:22+00:00","dateModified":"2026-03-18T13:51:56+00:00","breadcrumb":{"@id":"https:\/\/www.urbanspot.si\/produkt\/baseus-avtopolnilec-40w-usb-kabel-usb-type-c-1m-crn\/#breadcrumb"},"inLanguage":"hr","potentialAction":[{"@type":"ReadAction","target":["https:\/\/www.urbanspot.si\/produkt\/baseus-avtopolnilec-40w-usb-kabel-usb-type-c-1m-crn\/"]}]},{"@type":"ImageObject","inLanguage":"hr","@id":"https:\/\/www.urbanspot.si\/produkt\/baseus-avtopolnilec-40w-usb-kabel-usb-type-c-1m-crn\/#primaryimage","url":"https:\/\/www.urbanspot.si\/wp-content\/uploads\/baseus-avtopolnilec-i-nkabel.webp","contentUrl":"https:\/\/www.urbanspot.si\/wp-content\/uploads\/baseus-avtopolnilec-i-nkabel.webp","width":1000,"height":1000},{"@type":"BreadcrumbList","@id":"https:\/\/www.urbanspot.si\/produkt\/baseus-avtopolnilec-40w-usb-kabel-usb-type-c-1m-crn\/#breadcrumb","itemListElement":[{"@type":"ListItem","position":1,"name":"Home","item":"https:\/\/www.urbanspot.si\/"},{"@type":"ListItem","position":2,"name":"Shop","item":"https:\/\/www.urbanspot.si\/shop\/"},{"@type":"ListItem","position":3,"name":"BASEUS avtopolnilec 40W USB+ kabel USB Type C, 1m, \u010drn"}]},{"@type":"WebSite","@id":"https:\/\/www.urbanspot.si\/#website","url":"https:\/\/www.urbanspot.si\/","name":"UrbanSpot","description":"","publisher":{"@id":"https:\/\/www.urbanspot.si\/#organization"},"potentialAction":[{"@type":"SearchAction","target":{"@type":"EntryPoint","urlTemplate":"https:\/\/www.urbanspot.si\/?s={search_term_string}"},"query-input":{"@type":"PropertyValueSpecification","valueRequired":true,"valueName":"search_term_string"}}],"inLanguage":"hr"},{"@type":"Organization","@id":"https:\/\/www.urbanspot.si\/#organization","name":"UrbanSpot","url":"https:\/\/www.urbanspot.si\/","logo":{"@type":"ImageObject","inLanguage":"hr","@id":"https:\/\/www.urbanspot.si\/#\/schema\/logo\/image\/","url":"https:\/\/www.urbanspot.si\/wp-content\/uploads\/urbanspot-logo.svg","contentUrl":"https:\/\/www.urbanspot.si\/wp-content\/uploads\/urbanspot-logo.svg","width":185,"height":40,"caption":"UrbanSpot"},"image":{"@id":"https:\/\/www.urbanspot.si\/#\/schema\/logo\/image\/"},"sameAs":["https:\/\/www.facebook.com\/urbanspot.si"]}]}},"_links":{"self":[{"href":"https:\/\/www.urbanspot.si\/hr\/wp-json\/wp\/v2\/product\/18271","targetHints":{"allow":["GET"]}}],"collection":[{"href":"https:\/\/www.urbanspot.si\/hr\/wp-json\/wp\/v2\/product"}],"about":[{"href":"https:\/\/www.urbanspot.si\/hr\/wp-json\/wp\/v2\/types\/product"}],"replies":[{"embeddable":true,"href":"https:\/\/www.urbanspot.si\/hr\/wp-json\/wp\/v2\/comments?post=18271"}],"version-history":[{"count":1,"href":"https:\/\/www.urbanspot.si\/hr\/wp-json\/wp\/v2\/product\/18271\/revisions"}],"predecessor-version":[{"id":18277,"href":"https:\/\/www.urbanspot.si\/hr\/wp-json\/wp\/v2\/product\/18271\/revisions\/18277"}],"wp:featuredmedia":[{"embeddable":true,"href":"https:\/\/www.urbanspot.si\/hr\/wp-json\/wp\/v2\/media\/18272"}],"wp:attachment":[{"href":"https:\/\/www.urbanspot.si\/hr\/wp-json\/wp\/v2\/media?parent=18271"}],"wp:term":[{"taxonomy":"product_brand","embeddable":true,"href":"https:\/\/www.urbanspot.si\/hr\/wp-json\/wp\/v2\/product_brand?post=18271"},{"taxonomy":"product_cat","embeddable":true,"href":"https:\/\/www.urbanspot.si\/hr\/wp-json\/wp\/v2\/product_cat?post=18271"},{"taxonomy":"product_tag","embeddable":true,"href":"https:\/\/www.urbanspot.si\/hr\/wp-json\/wp\/v2\/product_tag?post=18271"}],"curies":[{"name":"radni list","href":"https:\/\/api.w.org\/{rel}","templated":true}]}}