{"id":18739,"date":"2024-09-19T11:46:26","date_gmt":"2024-09-19T09:46:26","guid":{"rendered":"https:\/\/www.urbanspot.si\/?post_type=product&#038;p=18739"},"modified":"2026-03-18T15:51:55","modified_gmt":"2026-03-18T13:51:55","slug":"xiaomi-kucni-punjac-usb-a-i-type-c-67w-bijeli","status":"publish","type":"product","link":"https:\/\/www.urbanspot.si\/hr\/produkt\/xiaomi-hisni-polnilec-usb-a-in-type-c-67w-bel\/","title":{"rendered":"Xiaomi ku\u0107ni punja\u010d, USB-A i tip C, 67W, bijeli"},"content":{"rendered":"<p>Punja\u010d najnovije generacije osigurava optimalno i u\u010dinkovito punjenje. Sklop je izra\u0111en prema najnovijim standardima, tako da su elektri\u010dni gubici izuzetno niski, zbog \u010dega se sklop ne zagrijava. Dovoljno je sna\u017ean (67 W) za punjenje prijenosnih ra\u010dunala, telefona, tableta i drugih pametnih ure\u0111aja - s izlazom za punjenje tipa C.<\/p>\n<p>&nbsp;<\/p>\n<ul>\n<li><strong>Kabel uklju\u010den<\/strong> USB tip-C 1 m<\/li>\n<li><strong>Izlazna snaga:<\/strong> 100-240 V 50\/60 Hz<\/li>\n<li><strong>Napajanje:<\/strong> Izmjeni\u010dna struja 100-240 V<\/li>\n<li><strong>Vlast: <\/strong>67W<\/li>\n<li><strong>Dimenzije:<\/strong> 48 x 28 x 83,7 mm<\/li>\n<li><strong>Jamstvo:<\/strong> 12 mjeseci<\/li>\n<li>Originalno pakiranje<\/li>\n<li><strong>Marka:\u00a0<\/strong>Xiaomi<\/li>\n<\/ul>","protected":false},"excerpt":{"rendered":"<p>Brzi punja\u010d je gadget koji \u0107e biti koristan svima, bez obzira na to koju elektroni\u010dku opremu koristite svakodnevno. Odabirom Xiaomi proizvoda dobivate mogu\u0107nost u\u010dinkovitog punjenja baterije svog telefona, tableta i mnogih drugih ure\u0111aja. Punja\u010d je izuzetno svestran. Omogu\u0107it \u0107e vam punjenje ve\u0107ine ure\u0111aja.<\/p>","protected":false},"featured_media":18740,"comment_status":"open","ping_status":"closed","template":"","meta":[],"product_brand":[],"product_cat":[104,249],"product_tag":[],"class_list":{"0":"post-18739","1":"product","2":"type-product","3":"status-publish","4":"has-post-thumbnail","6":"product_cat-dodatna-oprema","7":"product_cat-kabli-in-polnilci","9":"first","10":"outofstock","11":"sale","12":"taxable","13":"shipping-taxable","14":"purchasable","15":"product-type-simple"},"yoast_head":"<!-- This site is optimized with the Yoast SEO plugin v27.4 - https:\/\/yoast.com\/product\/yoast-seo-wordpress\/ -->\n<title>Xiaomi hi\u0161ni polnilec, USB-A in Type C, 67W, bel -<\/title>\n<meta name=\"robots\" content=\"index, follow, max-snippet:-1, max-image-preview:large, max-video-preview:-1\" \/>\n<link rel=\"canonical\" href=\"https:\/\/www.urbanspot.si\/hr\/proizvod-2\/xiaomi-kucni-punjac-usb-a-i-type-c-67w-bijeli\/\" \/>\n<meta property=\"og:locale\" content=\"hr_HR\" \/>\n<meta property=\"og:type\" content=\"article\" \/>\n<meta property=\"og:title\" content=\"Xiaomi hi\u0161ni polnilec, USB-A in Type C, 67W, bel -\" \/>\n<meta property=\"og:description\" content=\"Hitri polnilnik je pripomo\u010dek, ki bo uporaben vsakomur, ne glede na to, katero elektronsko opremo uporabljate vsakodnevno. Z izbiro izdelka Xiaomi pridobite mo\u017enost u\u010dinkovitega polnjenja baterije va\u0161ega telefona, tablice in mnogih drugih naprav. Polnilec je izjemno vsestranski. Omogo\u010dil vam bo polnjenje ve\u010dine naprav.\" \/>\n<meta property=\"og:url\" content=\"https:\/\/www.urbanspot.si\/hr\/proizvod-2\/xiaomi-kucni-punjac-usb-a-i-type-c-67w-bijeli\/\" \/>\n<meta property=\"article:publisher\" content=\"https:\/\/www.facebook.com\/urbanspot.si\" \/>\n<meta property=\"article:modified_time\" content=\"2026-03-18T13:51:55+00:00\" \/>\n<meta property=\"og:image\" content=\"https:\/\/www.urbanspot.si\/wp-content\/uploads\/67w.webp\" \/>\n\t<meta property=\"og:image:width\" content=\"1300\" \/>\n\t<meta property=\"og:image:height\" content=\"1300\" \/>\n\t<meta property=\"og:image:type\" content=\"image\/webp\" \/>\n<meta name=\"twitter:card\" content=\"summary_large_image\" \/>\n<script type=\"application\/ld+json\" class=\"yoast-schema-graph\">{\"@context\":\"https:\\\/\\\/schema.org\",\"@graph\":[{\"@type\":\"WebPage\",\"@id\":\"https:\\\/\\\/www.urbanspot.si\\\/produkt\\\/xiaomi-hisni-polnilec-usb-a-in-type-c-67w-bel\\\/\",\"url\":\"https:\\\/\\\/www.urbanspot.si\\\/produkt\\\/xiaomi-hisni-polnilec-usb-a-in-type-c-67w-bel\\\/\",\"name\":\"Xiaomi hi\u0161ni polnilec, USB-A in Type C, 67W, bel -\",\"isPartOf\":{\"@id\":\"https:\\\/\\\/www.urbanspot.si\\\/#website\"},\"primaryImageOfPage\":{\"@id\":\"https:\\\/\\\/www.urbanspot.si\\\/produkt\\\/xiaomi-hisni-polnilec-usb-a-in-type-c-67w-bel\\\/#primaryimage\"},\"image\":{\"@id\":\"https:\\\/\\\/www.urbanspot.si\\\/produkt\\\/xiaomi-hisni-polnilec-usb-a-in-type-c-67w-bel\\\/#primaryimage\"},\"thumbnailUrl\":\"https:\\\/\\\/www.urbanspot.si\\\/wp-content\\\/uploads\\\/67w.webp\",\"datePublished\":\"2024-09-19T09:46:26+00:00\",\"dateModified\":\"2026-03-18T13:51:55+00:00\",\"breadcrumb\":{\"@id\":\"https:\\\/\\\/www.urbanspot.si\\\/produkt\\\/xiaomi-hisni-polnilec-usb-a-in-type-c-67w-bel\\\/#breadcrumb\"},\"inLanguage\":\"hr\",\"potentialAction\":[{\"@type\":\"ReadAction\",\"target\":[\"https:\\\/\\\/www.urbanspot.si\\\/produkt\\\/xiaomi-hisni-polnilec-usb-a-in-type-c-67w-bel\\\/\"]}]},{\"@type\":\"ImageObject\",\"inLanguage\":\"hr\",\"@id\":\"https:\\\/\\\/www.urbanspot.si\\\/produkt\\\/xiaomi-hisni-polnilec-usb-a-in-type-c-67w-bel\\\/#primaryimage\",\"url\":\"https:\\\/\\\/www.urbanspot.si\\\/wp-content\\\/uploads\\\/67w.webp\",\"contentUrl\":\"https:\\\/\\\/www.urbanspot.si\\\/wp-content\\\/uploads\\\/67w.webp\",\"width\":1300,\"height\":1300},{\"@type\":\"BreadcrumbList\",\"@id\":\"https:\\\/\\\/www.urbanspot.si\\\/produkt\\\/xiaomi-hisni-polnilec-usb-a-in-type-c-67w-bel\\\/#breadcrumb\",\"itemListElement\":[{\"@type\":\"ListItem\",\"position\":1,\"name\":\"Home\",\"item\":\"https:\\\/\\\/www.urbanspot.si\\\/\"},{\"@type\":\"ListItem\",\"position\":2,\"name\":\"Shop\",\"item\":\"https:\\\/\\\/www.urbanspot.si\\\/shop\\\/\"},{\"@type\":\"ListItem\",\"position\":3,\"name\":\"Xiaomi hi\u0161ni polnilec, USB-A in Type C, 67W, bel\"}]},{\"@type\":\"WebSite\",\"@id\":\"https:\\\/\\\/www.urbanspot.si\\\/#website\",\"url\":\"https:\\\/\\\/www.urbanspot.si\\\/\",\"name\":\"UrbanSpot\",\"description\":\"\",\"publisher\":{\"@id\":\"https:\\\/\\\/www.urbanspot.si\\\/#organization\"},\"potentialAction\":[{\"@type\":\"SearchAction\",\"target\":{\"@type\":\"EntryPoint\",\"urlTemplate\":\"https:\\\/\\\/www.urbanspot.si\\\/?s={search_term_string}\"},\"query-input\":{\"@type\":\"PropertyValueSpecification\",\"valueRequired\":true,\"valueName\":\"search_term_string\"}}],\"inLanguage\":\"hr\"},{\"@type\":\"Organization\",\"@id\":\"https:\\\/\\\/www.urbanspot.si\\\/#organization\",\"name\":\"UrbanSpot\",\"url\":\"https:\\\/\\\/www.urbanspot.si\\\/\",\"logo\":{\"@type\":\"ImageObject\",\"inLanguage\":\"hr\",\"@id\":\"https:\\\/\\\/www.urbanspot.si\\\/#\\\/schema\\\/logo\\\/image\\\/\",\"url\":\"https:\\\/\\\/www.urbanspot.si\\\/wp-content\\\/uploads\\\/urbanspot-logo.svg\",\"contentUrl\":\"https:\\\/\\\/www.urbanspot.si\\\/wp-content\\\/uploads\\\/urbanspot-logo.svg\",\"width\":185,\"height\":40,\"caption\":\"UrbanSpot\"},\"image\":{\"@id\":\"https:\\\/\\\/www.urbanspot.si\\\/#\\\/schema\\\/logo\\\/image\\\/\"},\"sameAs\":[\"https:\\\/\\\/www.facebook.com\\\/urbanspot.si\"]}]}<\/script>\n<!-- \/ Yoast SEO plugin. -->","yoast_head_json":{"title":"Xiaomi hi\u0161ni polnilec, USB-A in Type C, 67W, bel -","robots":{"index":"index","follow":"follow","max-snippet":"max-snippet:-1","max-image-preview":"max-image-preview:large","max-video-preview":"max-video-preview:-1"},"canonical":"https:\/\/www.urbanspot.si\/hr\/proizvod-2\/xiaomi-kucni-punjac-usb-a-i-type-c-67w-bijeli\/","og_locale":"hr_HR","og_type":"article","og_title":"Xiaomi hi\u0161ni polnilec, USB-A in Type C, 67W, bel -","og_description":"Hitri polnilnik je pripomo\u010dek, ki bo uporaben vsakomur, ne glede na to, katero elektronsko opremo uporabljate vsakodnevno. Z izbiro izdelka Xiaomi pridobite mo\u017enost u\u010dinkovitega polnjenja baterije va\u0161ega telefona, tablice in mnogih drugih naprav. Polnilec je izjemno vsestranski. Omogo\u010dil vam bo polnjenje ve\u010dine naprav.","og_url":"https:\/\/www.urbanspot.si\/hr\/proizvod-2\/xiaomi-kucni-punjac-usb-a-i-type-c-67w-bijeli\/","article_publisher":"https:\/\/www.facebook.com\/urbanspot.si","article_modified_time":"2026-03-18T13:51:55+00:00","og_image":[{"width":1300,"height":1300,"url":"https:\/\/www.urbanspot.si\/wp-content\/uploads\/67w.webp","type":"image\/webp"}],"twitter_card":"summary_large_image","schema":{"@context":"https:\/\/schema.org","@graph":[{"@type":"WebPage","@id":"https:\/\/www.urbanspot.si\/produkt\/xiaomi-hisni-polnilec-usb-a-in-type-c-67w-bel\/","url":"https:\/\/www.urbanspot.si\/produkt\/xiaomi-hisni-polnilec-usb-a-in-type-c-67w-bel\/","name":"Xiaomi hi\u0161ni polnilec, USB-A in Type C, 67W, bel -","isPartOf":{"@id":"https:\/\/www.urbanspot.si\/#website"},"primaryImageOfPage":{"@id":"https:\/\/www.urbanspot.si\/produkt\/xiaomi-hisni-polnilec-usb-a-in-type-c-67w-bel\/#primaryimage"},"image":{"@id":"https:\/\/www.urbanspot.si\/produkt\/xiaomi-hisni-polnilec-usb-a-in-type-c-67w-bel\/#primaryimage"},"thumbnailUrl":"https:\/\/www.urbanspot.si\/wp-content\/uploads\/67w.webp","datePublished":"2024-09-19T09:46:26+00:00","dateModified":"2026-03-18T13:51:55+00:00","breadcrumb":{"@id":"https:\/\/www.urbanspot.si\/produkt\/xiaomi-hisni-polnilec-usb-a-in-type-c-67w-bel\/#breadcrumb"},"inLanguage":"hr","potentialAction":[{"@type":"ReadAction","target":["https:\/\/www.urbanspot.si\/produkt\/xiaomi-hisni-polnilec-usb-a-in-type-c-67w-bel\/"]}]},{"@type":"ImageObject","inLanguage":"hr","@id":"https:\/\/www.urbanspot.si\/produkt\/xiaomi-hisni-polnilec-usb-a-in-type-c-67w-bel\/#primaryimage","url":"https:\/\/www.urbanspot.si\/wp-content\/uploads\/67w.webp","contentUrl":"https:\/\/www.urbanspot.si\/wp-content\/uploads\/67w.webp","width":1300,"height":1300},{"@type":"BreadcrumbList","@id":"https:\/\/www.urbanspot.si\/produkt\/xiaomi-hisni-polnilec-usb-a-in-type-c-67w-bel\/#breadcrumb","itemListElement":[{"@type":"ListItem","position":1,"name":"Home","item":"https:\/\/www.urbanspot.si\/"},{"@type":"ListItem","position":2,"name":"Shop","item":"https:\/\/www.urbanspot.si\/shop\/"},{"@type":"ListItem","position":3,"name":"Xiaomi hi\u0161ni polnilec, USB-A in Type C, 67W, bel"}]},{"@type":"WebSite","@id":"https:\/\/www.urbanspot.si\/#website","url":"https:\/\/www.urbanspot.si\/","name":"UrbanSpot","description":"","publisher":{"@id":"https:\/\/www.urbanspot.si\/#organization"},"potentialAction":[{"@type":"SearchAction","target":{"@type":"EntryPoint","urlTemplate":"https:\/\/www.urbanspot.si\/?s={search_term_string}"},"query-input":{"@type":"PropertyValueSpecification","valueRequired":true,"valueName":"search_term_string"}}],"inLanguage":"hr"},{"@type":"Organization","@id":"https:\/\/www.urbanspot.si\/#organization","name":"UrbanSpot","url":"https:\/\/www.urbanspot.si\/","logo":{"@type":"ImageObject","inLanguage":"hr","@id":"https:\/\/www.urbanspot.si\/#\/schema\/logo\/image\/","url":"https:\/\/www.urbanspot.si\/wp-content\/uploads\/urbanspot-logo.svg","contentUrl":"https:\/\/www.urbanspot.si\/wp-content\/uploads\/urbanspot-logo.svg","width":185,"height":40,"caption":"UrbanSpot"},"image":{"@id":"https:\/\/www.urbanspot.si\/#\/schema\/logo\/image\/"},"sameAs":["https:\/\/www.facebook.com\/urbanspot.si"]}]}},"_links":{"self":[{"href":"https:\/\/www.urbanspot.si\/hr\/wp-json\/wp\/v2\/product\/18739","targetHints":{"allow":["GET"]}}],"collection":[{"href":"https:\/\/www.urbanspot.si\/hr\/wp-json\/wp\/v2\/product"}],"about":[{"href":"https:\/\/www.urbanspot.si\/hr\/wp-json\/wp\/v2\/types\/product"}],"replies":[{"embeddable":true,"href":"https:\/\/www.urbanspot.si\/hr\/wp-json\/wp\/v2\/comments?post=18739"}],"version-history":[{"count":2,"href":"https:\/\/www.urbanspot.si\/hr\/wp-json\/wp\/v2\/product\/18739\/revisions"}],"predecessor-version":[{"id":18742,"href":"https:\/\/www.urbanspot.si\/hr\/wp-json\/wp\/v2\/product\/18739\/revisions\/18742"}],"wp:featuredmedia":[{"embeddable":true,"href":"https:\/\/www.urbanspot.si\/hr\/wp-json\/wp\/v2\/media\/18740"}],"wp:attachment":[{"href":"https:\/\/www.urbanspot.si\/hr\/wp-json\/wp\/v2\/media?parent=18739"}],"wp:term":[{"taxonomy":"product_brand","embeddable":true,"href":"https:\/\/www.urbanspot.si\/hr\/wp-json\/wp\/v2\/product_brand?post=18739"},{"taxonomy":"product_cat","embeddable":true,"href":"https:\/\/www.urbanspot.si\/hr\/wp-json\/wp\/v2\/product_cat?post=18739"},{"taxonomy":"product_tag","embeddable":true,"href":"https:\/\/www.urbanspot.si\/hr\/wp-json\/wp\/v2\/product_tag?post=18739"}],"curies":[{"name":"radni list","href":"https:\/\/api.w.org\/{rel}","templated":true}]}}