{"id":18837,"date":"2024-09-30T14:53:10","date_gmt":"2024-09-30T12:53:10","guid":{"rendered":"https:\/\/www.urbanspot.si\/?post_type=product&#038;p=18837"},"modified":"2026-03-18T15:51:53","modified_gmt":"2026-03-18T13:51:53","slug":"guess-zastitna-futrola-s-velikim-metalnim-logom-4g-siva-za-iphone-16","status":"publish","type":"product","link":"https:\/\/www.urbanspot.si\/hr\/produkt\/guess-zascitni-ovitek-big-metal-logo-4g-gray-iphone-16\/","title":{"rendered":"Guess za\u0161titna futrola Big Metal Logo 4G siva, iPhone 16"},"content":{"rendered":"<p>Futrola je savr\u0161eno prilago\u0111ena mobilnom ure\u0111aju i savr\u0161eno \u0161titi mobitel od ogrebotina tijekom svakodnevne upotrebe.<\/p>\n<ul>\n<li>Potpuno funkcionalno<\/li>\n<li>Izvorni proizvod<\/li>\n<li>Potpuna za\u0161tita telefona<\/li>\n<li>Udoban hvat<\/li>\n<li>Kvalitetni materijali<\/li>\n<li>Otporno na udarce<\/li>\n<li>\u0160titi od udaraca, padova, ogrebotina i prljav\u0161tine<\/li>\n<\/ul>","protected":false},"excerpt":{"rendered":"<p>Za\u0161titna maskica Guess komad je elegancije i sofisticiranosti u podru\u010dju za\u0161tite va\u0161eg telefona od mehani\u010dkih o\u0161te\u0107enja. Materijal je ugodan na dodir i pobolj\u0161ava prianjanje telefona.<\/p>","protected":false},"featured_media":18839,"comment_status":"open","ping_status":"closed","template":"","meta":[],"product_brand":[],"product_cat":[92,623,627,560,91],"product_tag":[],"class_list":{"0":"post-18837","1":"product","2":"type-product","3":"status-publish","4":"has-post-thumbnail","6":"product_cat-apple","7":"product_cat-apple-iphone-16-serija","8":"product_cat-iphone-16","9":"product_cat-ovitki-za-telefone","10":"product_cat-razprodaja","11":"pa_primerno-za-model-iphone-16","12":"pa_primerno-za-proizvajalca-apple","14":"first","15":"outofstock","16":"sale","17":"taxable","18":"shipping-taxable","19":"purchasable","20":"product-type-simple"},"yoast_head":"<!-- This site is optimized with the Yoast SEO plugin v27.2 - https:\/\/yoast.com\/product\/yoast-seo-wordpress\/ -->\n<title>Guess za\u0161\u010ditni ovitek Big Metal Logo 4G Gray, Iphone 16 -<\/title>\n<meta name=\"robots\" content=\"index, follow, max-snippet:-1, max-image-preview:large, max-video-preview:-1\" \/>\n<link rel=\"canonical\" href=\"https:\/\/www.urbanspot.si\/hr\/proizvod-2\/guess-zastitna-futrola-s-velikim-metalnim-logom-4g-siva-za-iphone-16\/\" \/>\n<meta property=\"og:locale\" content=\"hr_HR\" \/>\n<meta property=\"og:type\" content=\"article\" \/>\n<meta property=\"og:title\" content=\"Guess za\u0161\u010ditni ovitek Big Metal Logo 4G Gray, Iphone 16 -\" \/>\n<meta property=\"og:description\" content=\"Guess za\u0161\u010ditni ovitek je del elegance in prefinjenosti na podro\u010dju za\u0161\u010dite telefona pred mehanskimi po\u0161kodbami. Material je prijeten na dotik in izbolj\u0161uje oprijem telefona.\" \/>\n<meta property=\"og:url\" content=\"https:\/\/www.urbanspot.si\/hr\/proizvod-2\/guess-zastitna-futrola-s-velikim-metalnim-logom-4g-siva-za-iphone-16\/\" \/>\n<meta property=\"article:publisher\" content=\"https:\/\/www.facebook.com\/urbanspot.si\" \/>\n<meta property=\"article:modified_time\" content=\"2026-03-18T13:51:53+00:00\" \/>\n<meta property=\"og:image\" content=\"https:\/\/www.urbanspot.si\/wp-content\/uploads\/Guess-zascitni-ovitek-Big-Metal-Max.jpg\" \/>\n\t<meta property=\"og:image:width\" content=\"600\" \/>\n\t<meta property=\"og:image:height\" content=\"600\" \/>\n\t<meta property=\"og:image:type\" content=\"image\/jpeg\" \/>\n<meta name=\"twitter:card\" content=\"summary_large_image\" \/>\n<meta name=\"twitter:label1\" content=\"Procijenjeno vrijeme \u010ditanja\" \/>\n\t<meta name=\"twitter:data1\" content=\"1 minuta\" \/>\n<script type=\"application\/ld+json\" class=\"yoast-schema-graph\">{\"@context\":\"https:\/\/schema.org\",\"@graph\":[{\"@type\":\"WebPage\",\"@id\":\"https:\/\/www.urbanspot.si\/produkt\/guess-zascitni-ovitek-big-metal-logo-4g-gray-iphone-16\/\",\"url\":\"https:\/\/www.urbanspot.si\/produkt\/guess-zascitni-ovitek-big-metal-logo-4g-gray-iphone-16\/\",\"name\":\"Guess za\u0161\u010ditni ovitek Big Metal Logo 4G Gray, Iphone 16 -\",\"isPartOf\":{\"@id\":\"https:\/\/www.urbanspot.si\/#website\"},\"primaryImageOfPage\":{\"@id\":\"https:\/\/www.urbanspot.si\/produkt\/guess-zascitni-ovitek-big-metal-logo-4g-gray-iphone-16\/#primaryimage\"},\"image\":{\"@id\":\"https:\/\/www.urbanspot.si\/produkt\/guess-zascitni-ovitek-big-metal-logo-4g-gray-iphone-16\/#primaryimage\"},\"thumbnailUrl\":\"https:\/\/www.urbanspot.si\/wp-content\/uploads\/Guess-zascitni-ovitek-Big-Metal-Max.jpg\",\"datePublished\":\"2024-09-30T12:53:10+00:00\",\"dateModified\":\"2026-03-18T13:51:53+00:00\",\"breadcrumb\":{\"@id\":\"https:\/\/www.urbanspot.si\/produkt\/guess-zascitni-ovitek-big-metal-logo-4g-gray-iphone-16\/#breadcrumb\"},\"inLanguage\":\"hr\",\"potentialAction\":[{\"@type\":\"ReadAction\",\"target\":[\"https:\/\/www.urbanspot.si\/produkt\/guess-zascitni-ovitek-big-metal-logo-4g-gray-iphone-16\/\"]}]},{\"@type\":\"ImageObject\",\"inLanguage\":\"hr\",\"@id\":\"https:\/\/www.urbanspot.si\/produkt\/guess-zascitni-ovitek-big-metal-logo-4g-gray-iphone-16\/#primaryimage\",\"url\":\"https:\/\/www.urbanspot.si\/wp-content\/uploads\/Guess-zascitni-ovitek-Big-Metal-Max.jpg\",\"contentUrl\":\"https:\/\/www.urbanspot.si\/wp-content\/uploads\/Guess-zascitni-ovitek-Big-Metal-Max.jpg\",\"width\":600,\"height\":600},{\"@type\":\"BreadcrumbList\",\"@id\":\"https:\/\/www.urbanspot.si\/produkt\/guess-zascitni-ovitek-big-metal-logo-4g-gray-iphone-16\/#breadcrumb\",\"itemListElement\":[{\"@type\":\"ListItem\",\"position\":1,\"name\":\"Home\",\"item\":\"https:\/\/www.urbanspot.si\/\"},{\"@type\":\"ListItem\",\"position\":2,\"name\":\"Shop\",\"item\":\"https:\/\/www.urbanspot.si\/shop\/\"},{\"@type\":\"ListItem\",\"position\":3,\"name\":\"Guess za\u0161\u010ditni ovitek Big Metal Logo 4G Gray, Iphone 16\"}]},{\"@type\":\"WebSite\",\"@id\":\"https:\/\/www.urbanspot.si\/#website\",\"url\":\"https:\/\/www.urbanspot.si\/\",\"name\":\"UrbanSpot\",\"description\":\"\",\"publisher\":{\"@id\":\"https:\/\/www.urbanspot.si\/#organization\"},\"potentialAction\":[{\"@type\":\"SearchAction\",\"target\":{\"@type\":\"EntryPoint\",\"urlTemplate\":\"https:\/\/www.urbanspot.si\/?s={search_term_string}\"},\"query-input\":{\"@type\":\"PropertyValueSpecification\",\"valueRequired\":true,\"valueName\":\"search_term_string\"}}],\"inLanguage\":\"hr\"},{\"@type\":\"Organization\",\"@id\":\"https:\/\/www.urbanspot.si\/#organization\",\"name\":\"UrbanSpot\",\"url\":\"https:\/\/www.urbanspot.si\/\",\"logo\":{\"@type\":\"ImageObject\",\"inLanguage\":\"hr\",\"@id\":\"https:\/\/www.urbanspot.si\/#\/schema\/logo\/image\/\",\"url\":\"https:\/\/www.urbanspot.si\/wp-content\/uploads\/urbanspot-logo.svg\",\"contentUrl\":\"https:\/\/www.urbanspot.si\/wp-content\/uploads\/urbanspot-logo.svg\",\"width\":185,\"height\":40,\"caption\":\"UrbanSpot\"},\"image\":{\"@id\":\"https:\/\/www.urbanspot.si\/#\/schema\/logo\/image\/\"},\"sameAs\":[\"https:\/\/www.facebook.com\/urbanspot.si\"]}]}<\/script>\n<!-- \/ Yoast SEO plugin. -->","yoast_head_json":{"title":"Guess za\u0161\u010ditni ovitek Big Metal Logo 4G Gray, Iphone 16 -","robots":{"index":"index","follow":"follow","max-snippet":"max-snippet:-1","max-image-preview":"max-image-preview:large","max-video-preview":"max-video-preview:-1"},"canonical":"https:\/\/www.urbanspot.si\/hr\/proizvod-2\/guess-zastitna-futrola-s-velikim-metalnim-logom-4g-siva-za-iphone-16\/","og_locale":"hr_HR","og_type":"article","og_title":"Guess za\u0161\u010ditni ovitek Big Metal Logo 4G Gray, Iphone 16 -","og_description":"Guess za\u0161\u010ditni ovitek je del elegance in prefinjenosti na podro\u010dju za\u0161\u010dite telefona pred mehanskimi po\u0161kodbami. Material je prijeten na dotik in izbolj\u0161uje oprijem telefona.","og_url":"https:\/\/www.urbanspot.si\/hr\/proizvod-2\/guess-zastitna-futrola-s-velikim-metalnim-logom-4g-siva-za-iphone-16\/","article_publisher":"https:\/\/www.facebook.com\/urbanspot.si","article_modified_time":"2026-03-18T13:51:53+00:00","og_image":[{"width":600,"height":600,"url":"https:\/\/www.urbanspot.si\/wp-content\/uploads\/Guess-zascitni-ovitek-Big-Metal-Max.jpg","type":"image\/jpeg"}],"twitter_card":"summary_large_image","twitter_misc":{"Procijenjeno vrijeme \u010ditanja":"1 minuta"},"schema":{"@context":"https:\/\/schema.org","@graph":[{"@type":"WebPage","@id":"https:\/\/www.urbanspot.si\/produkt\/guess-zascitni-ovitek-big-metal-logo-4g-gray-iphone-16\/","url":"https:\/\/www.urbanspot.si\/produkt\/guess-zascitni-ovitek-big-metal-logo-4g-gray-iphone-16\/","name":"Guess za\u0161\u010ditni ovitek Big Metal Logo 4G Gray, Iphone 16 -","isPartOf":{"@id":"https:\/\/www.urbanspot.si\/#website"},"primaryImageOfPage":{"@id":"https:\/\/www.urbanspot.si\/produkt\/guess-zascitni-ovitek-big-metal-logo-4g-gray-iphone-16\/#primaryimage"},"image":{"@id":"https:\/\/www.urbanspot.si\/produkt\/guess-zascitni-ovitek-big-metal-logo-4g-gray-iphone-16\/#primaryimage"},"thumbnailUrl":"https:\/\/www.urbanspot.si\/wp-content\/uploads\/Guess-zascitni-ovitek-Big-Metal-Max.jpg","datePublished":"2024-09-30T12:53:10+00:00","dateModified":"2026-03-18T13:51:53+00:00","breadcrumb":{"@id":"https:\/\/www.urbanspot.si\/produkt\/guess-zascitni-ovitek-big-metal-logo-4g-gray-iphone-16\/#breadcrumb"},"inLanguage":"hr","potentialAction":[{"@type":"ReadAction","target":["https:\/\/www.urbanspot.si\/produkt\/guess-zascitni-ovitek-big-metal-logo-4g-gray-iphone-16\/"]}]},{"@type":"ImageObject","inLanguage":"hr","@id":"https:\/\/www.urbanspot.si\/produkt\/guess-zascitni-ovitek-big-metal-logo-4g-gray-iphone-16\/#primaryimage","url":"https:\/\/www.urbanspot.si\/wp-content\/uploads\/Guess-zascitni-ovitek-Big-Metal-Max.jpg","contentUrl":"https:\/\/www.urbanspot.si\/wp-content\/uploads\/Guess-zascitni-ovitek-Big-Metal-Max.jpg","width":600,"height":600},{"@type":"BreadcrumbList","@id":"https:\/\/www.urbanspot.si\/produkt\/guess-zascitni-ovitek-big-metal-logo-4g-gray-iphone-16\/#breadcrumb","itemListElement":[{"@type":"ListItem","position":1,"name":"Home","item":"https:\/\/www.urbanspot.si\/"},{"@type":"ListItem","position":2,"name":"Shop","item":"https:\/\/www.urbanspot.si\/shop\/"},{"@type":"ListItem","position":3,"name":"Guess za\u0161\u010ditni ovitek Big Metal Logo 4G Gray, Iphone 16"}]},{"@type":"WebSite","@id":"https:\/\/www.urbanspot.si\/#website","url":"https:\/\/www.urbanspot.si\/","name":"UrbanSpot","description":"","publisher":{"@id":"https:\/\/www.urbanspot.si\/#organization"},"potentialAction":[{"@type":"SearchAction","target":{"@type":"EntryPoint","urlTemplate":"https:\/\/www.urbanspot.si\/?s={search_term_string}"},"query-input":{"@type":"PropertyValueSpecification","valueRequired":true,"valueName":"search_term_string"}}],"inLanguage":"hr"},{"@type":"Organization","@id":"https:\/\/www.urbanspot.si\/#organization","name":"UrbanSpot","url":"https:\/\/www.urbanspot.si\/","logo":{"@type":"ImageObject","inLanguage":"hr","@id":"https:\/\/www.urbanspot.si\/#\/schema\/logo\/image\/","url":"https:\/\/www.urbanspot.si\/wp-content\/uploads\/urbanspot-logo.svg","contentUrl":"https:\/\/www.urbanspot.si\/wp-content\/uploads\/urbanspot-logo.svg","width":185,"height":40,"caption":"UrbanSpot"},"image":{"@id":"https:\/\/www.urbanspot.si\/#\/schema\/logo\/image\/"},"sameAs":["https:\/\/www.facebook.com\/urbanspot.si"]}]}},"_links":{"self":[{"href":"https:\/\/www.urbanspot.si\/hr\/wp-json\/wp\/v2\/product\/18837","targetHints":{"allow":["GET"]}}],"collection":[{"href":"https:\/\/www.urbanspot.si\/hr\/wp-json\/wp\/v2\/product"}],"about":[{"href":"https:\/\/www.urbanspot.si\/hr\/wp-json\/wp\/v2\/types\/product"}],"replies":[{"embeddable":true,"href":"https:\/\/www.urbanspot.si\/hr\/wp-json\/wp\/v2\/comments?post=18837"}],"version-history":[{"count":1,"href":"https:\/\/www.urbanspot.si\/hr\/wp-json\/wp\/v2\/product\/18837\/revisions"}],"predecessor-version":[{"id":18843,"href":"https:\/\/www.urbanspot.si\/hr\/wp-json\/wp\/v2\/product\/18837\/revisions\/18843"}],"wp:featuredmedia":[{"embeddable":true,"href":"https:\/\/www.urbanspot.si\/hr\/wp-json\/wp\/v2\/media\/18839"}],"wp:attachment":[{"href":"https:\/\/www.urbanspot.si\/hr\/wp-json\/wp\/v2\/media?parent=18837"}],"wp:term":[{"taxonomy":"product_brand","embeddable":true,"href":"https:\/\/www.urbanspot.si\/hr\/wp-json\/wp\/v2\/product_brand?post=18837"},{"taxonomy":"product_cat","embeddable":true,"href":"https:\/\/www.urbanspot.si\/hr\/wp-json\/wp\/v2\/product_cat?post=18837"},{"taxonomy":"product_tag","embeddable":true,"href":"https:\/\/www.urbanspot.si\/hr\/wp-json\/wp\/v2\/product_tag?post=18837"}],"curies":[{"name":"radni list","href":"https:\/\/api.w.org\/{rel}","templated":true}]}}