{"id":18929,"date":"2024-10-02T13:59:19","date_gmt":"2024-10-02T11:59:19","guid":{"rendered":"https:\/\/www.urbanspot.si\/?post_type=product&#038;p=18929"},"modified":"2026-03-19T16:03:25","modified_gmt":"2026-03-19T14:03:25","slug":"huawei-nova-9-honor-50-crni-futrol","status":"publish","type":"product","link":"https:\/\/www.urbanspot.si\/hr\/produkt\/ovitek-urbie-huawei-nova-9-honor-50-crn\/","title":{"rendered":"Urbie maskica, Huawei Nova 9\/Honor 50, crna"},"content":{"rendered":"<p>Urbie maskica izra\u0111ena je od visokokvalitetnih materijala koji \u0161tite va\u0161 telefon od svakodnevne prljav\u0161tine, ogrebotina i udaraca.<\/p>\n<p>Zna\u010dajke:<\/p>\n<ul>\n<li>\u00a0Silikonska futrola izra\u0111ena od visokokvalitetnog materijala s visokom razinom izdr\u017eljivosti<\/li>\n<li>Savr\u0161eno pristaje telefonu<\/li>\n<li>\u00a0Tanka i d\u017eepna torbica<\/li>\n<li>\u00a0Omogu\u0107uje be\u017ei\u010dno punjenje<\/li>\n<li>Besplatan pristup svim funkcijama telefona<\/li>\n<li>Izvrsna za\u0161tita za va\u0161 telefon od vibracija, udaraca i padova, ogrebotina, prljav\u0161tine i pra\u0161ine<\/li>\n<li>Instalirajte i uklonite ga za nekoliko sekundi<\/li>\n<li>Boja: crna<\/li>\n<\/ul>","protected":false},"excerpt":{"rendered":"<p>Futrola Urbia je izuzetno izdr\u017eljiva i mo\u017ee za\u0161tititi va\u0161 telefon od ozbiljnih o\u0161te\u0107enja nakon pada na tlo. Jedan nepa\u017eljiv pokret dovoljan je da va\u0161 telefon padne na tlo i o\u0161teti zaslon te cijeli ure\u0111aj.<\/p>","protected":false},"featured_media":18930,"comment_status":"open","ping_status":"closed","template":"","meta":[],"product_brand":[],"product_cat":[374,364,186,365,366,511,560,91],"product_tag":[],"class_list":{"0":"post-18929","1":"product","2":"type-product","3":"status-publish","4":"has-post-thumbnail","6":"product_cat-honor","7":"product_cat-honor-50","8":"product_cat-huawei","9":"product_cat-huawei-serija-nova","10":"product_cat-nova-9","11":"product_cat-ostale-honor-serije","12":"product_cat-ovitki-za-telefone","13":"product_cat-razprodaja","14":"pa_primerno-za-model-honor-50","15":"pa_primerno-za-model-huawei-nova-9","17":"first","18":"instock","19":"sale","20":"taxable","21":"shipping-taxable","22":"purchasable","23":"product-type-simple"},"yoast_head":"<!-- This site is optimized with the Yoast SEO plugin v27.4 - https:\/\/yoast.com\/product\/yoast-seo-wordpress\/ -->\n<title>Ovitek Urbie, Huawei Nova 9\/Honor 50, \u010drn -<\/title>\n<meta name=\"robots\" content=\"index, follow, max-snippet:-1, max-image-preview:large, max-video-preview:-1\" \/>\n<link rel=\"canonical\" href=\"https:\/\/www.urbanspot.si\/hr\/proizvod-2\/huawei-nova-9-honor-50-crni-futrol\/\" \/>\n<meta property=\"og:locale\" content=\"hr_HR\" \/>\n<meta property=\"og:type\" content=\"article\" \/>\n<meta property=\"og:title\" content=\"Ovitek Urbie, Huawei Nova 9\/Honor 50, \u010drn -\" \/>\n<meta property=\"og:description\" content=\"Ovitek Urbie je zelo vzdr\u017eljiv ovitek, ki lahko za\u0161\u010diti va\u0161 telefon pred resnimi po\u0161kodbami po padcu na tla.\u00a0 En nepreviden gib je dovolj, da telefon pade na tla in povzro\u010di po\u0161kodbe zaslona in celotnega telefona.\" \/>\n<meta property=\"og:url\" content=\"https:\/\/www.urbanspot.si\/hr\/proizvod-2\/huawei-nova-9-honor-50-crni-futrol\/\" \/>\n<meta property=\"article:publisher\" content=\"https:\/\/www.facebook.com\/urbanspot.si\" \/>\n<meta property=\"article:modified_time\" content=\"2026-03-19T14:03:25+00:00\" \/>\n<meta property=\"og:image\" content=\"https:\/\/www.urbanspot.si\/wp-content\/uploads\/Huawei_Nova_9.png\" \/>\n\t<meta property=\"og:image:width\" content=\"1080\" \/>\n\t<meta property=\"og:image:height\" content=\"1080\" \/>\n\t<meta property=\"og:image:type\" content=\"image\/png\" \/>\n<meta name=\"twitter:card\" content=\"summary_large_image\" \/>\n<meta name=\"twitter:label1\" content=\"Procijenjeno vrijeme \u010ditanja\" \/>\n\t<meta name=\"twitter:data1\" content=\"1 minuta\" \/>\n<script type=\"application\/ld+json\" class=\"yoast-schema-graph\">{\"@context\":\"https:\\\/\\\/schema.org\",\"@graph\":[{\"@type\":\"WebPage\",\"@id\":\"https:\\\/\\\/www.urbanspot.si\\\/produkt\\\/ovitek-urbie-huawei-nova-9-honor-50-crn\\\/\",\"url\":\"https:\\\/\\\/www.urbanspot.si\\\/produkt\\\/ovitek-urbie-huawei-nova-9-honor-50-crn\\\/\",\"name\":\"Ovitek Urbie, Huawei Nova 9\\\/Honor 50, \u010drn -\",\"isPartOf\":{\"@id\":\"https:\\\/\\\/www.urbanspot.si\\\/#website\"},\"primaryImageOfPage\":{\"@id\":\"https:\\\/\\\/www.urbanspot.si\\\/produkt\\\/ovitek-urbie-huawei-nova-9-honor-50-crn\\\/#primaryimage\"},\"image\":{\"@id\":\"https:\\\/\\\/www.urbanspot.si\\\/produkt\\\/ovitek-urbie-huawei-nova-9-honor-50-crn\\\/#primaryimage\"},\"thumbnailUrl\":\"https:\\\/\\\/www.urbanspot.si\\\/wp-content\\\/uploads\\\/Huawei_Nova_9.png\",\"datePublished\":\"2024-10-02T11:59:19+00:00\",\"dateModified\":\"2026-03-19T14:03:25+00:00\",\"breadcrumb\":{\"@id\":\"https:\\\/\\\/www.urbanspot.si\\\/produkt\\\/ovitek-urbie-huawei-nova-9-honor-50-crn\\\/#breadcrumb\"},\"inLanguage\":\"hr\",\"potentialAction\":[{\"@type\":\"ReadAction\",\"target\":[\"https:\\\/\\\/www.urbanspot.si\\\/produkt\\\/ovitek-urbie-huawei-nova-9-honor-50-crn\\\/\"]}]},{\"@type\":\"ImageObject\",\"inLanguage\":\"hr\",\"@id\":\"https:\\\/\\\/www.urbanspot.si\\\/produkt\\\/ovitek-urbie-huawei-nova-9-honor-50-crn\\\/#primaryimage\",\"url\":\"https:\\\/\\\/www.urbanspot.si\\\/wp-content\\\/uploads\\\/Huawei_Nova_9.png\",\"contentUrl\":\"https:\\\/\\\/www.urbanspot.si\\\/wp-content\\\/uploads\\\/Huawei_Nova_9.png\",\"width\":1080,\"height\":1080},{\"@type\":\"BreadcrumbList\",\"@id\":\"https:\\\/\\\/www.urbanspot.si\\\/produkt\\\/ovitek-urbie-huawei-nova-9-honor-50-crn\\\/#breadcrumb\",\"itemListElement\":[{\"@type\":\"ListItem\",\"position\":1,\"name\":\"Home\",\"item\":\"https:\\\/\\\/www.urbanspot.si\\\/\"},{\"@type\":\"ListItem\",\"position\":2,\"name\":\"Shop\",\"item\":\"https:\\\/\\\/www.urbanspot.si\\\/shop\\\/\"},{\"@type\":\"ListItem\",\"position\":3,\"name\":\"Ovitek Urbie, Huawei Nova 9\\\/Honor 50, \u010drn\"}]},{\"@type\":\"WebSite\",\"@id\":\"https:\\\/\\\/www.urbanspot.si\\\/#website\",\"url\":\"https:\\\/\\\/www.urbanspot.si\\\/\",\"name\":\"UrbanSpot\",\"description\":\"\",\"publisher\":{\"@id\":\"https:\\\/\\\/www.urbanspot.si\\\/#organization\"},\"potentialAction\":[{\"@type\":\"SearchAction\",\"target\":{\"@type\":\"EntryPoint\",\"urlTemplate\":\"https:\\\/\\\/www.urbanspot.si\\\/?s={search_term_string}\"},\"query-input\":{\"@type\":\"PropertyValueSpecification\",\"valueRequired\":true,\"valueName\":\"search_term_string\"}}],\"inLanguage\":\"hr\"},{\"@type\":\"Organization\",\"@id\":\"https:\\\/\\\/www.urbanspot.si\\\/#organization\",\"name\":\"UrbanSpot\",\"url\":\"https:\\\/\\\/www.urbanspot.si\\\/\",\"logo\":{\"@type\":\"ImageObject\",\"inLanguage\":\"hr\",\"@id\":\"https:\\\/\\\/www.urbanspot.si\\\/#\\\/schema\\\/logo\\\/image\\\/\",\"url\":\"https:\\\/\\\/www.urbanspot.si\\\/wp-content\\\/uploads\\\/urbanspot-logo.svg\",\"contentUrl\":\"https:\\\/\\\/www.urbanspot.si\\\/wp-content\\\/uploads\\\/urbanspot-logo.svg\",\"width\":185,\"height\":40,\"caption\":\"UrbanSpot\"},\"image\":{\"@id\":\"https:\\\/\\\/www.urbanspot.si\\\/#\\\/schema\\\/logo\\\/image\\\/\"},\"sameAs\":[\"https:\\\/\\\/www.facebook.com\\\/urbanspot.si\"]}]}<\/script>\n<!-- \/ Yoast SEO plugin. -->","yoast_head_json":{"title":"Ovitek Urbie, Huawei Nova 9\/Honor 50, \u010drn -","robots":{"index":"index","follow":"follow","max-snippet":"max-snippet:-1","max-image-preview":"max-image-preview:large","max-video-preview":"max-video-preview:-1"},"canonical":"https:\/\/www.urbanspot.si\/hr\/proizvod-2\/huawei-nova-9-honor-50-crni-futrol\/","og_locale":"hr_HR","og_type":"article","og_title":"Ovitek Urbie, Huawei Nova 9\/Honor 50, \u010drn -","og_description":"Ovitek Urbie je zelo vzdr\u017eljiv ovitek, ki lahko za\u0161\u010diti va\u0161 telefon pred resnimi po\u0161kodbami po padcu na tla.\u00a0 En nepreviden gib je dovolj, da telefon pade na tla in povzro\u010di po\u0161kodbe zaslona in celotnega telefona.","og_url":"https:\/\/www.urbanspot.si\/hr\/proizvod-2\/huawei-nova-9-honor-50-crni-futrol\/","article_publisher":"https:\/\/www.facebook.com\/urbanspot.si","article_modified_time":"2026-03-19T14:03:25+00:00","og_image":[{"width":1080,"height":1080,"url":"https:\/\/www.urbanspot.si\/wp-content\/uploads\/Huawei_Nova_9.png","type":"image\/png"}],"twitter_card":"summary_large_image","twitter_misc":{"Procijenjeno vrijeme \u010ditanja":"1 minuta"},"schema":{"@context":"https:\/\/schema.org","@graph":[{"@type":"WebPage","@id":"https:\/\/www.urbanspot.si\/produkt\/ovitek-urbie-huawei-nova-9-honor-50-crn\/","url":"https:\/\/www.urbanspot.si\/produkt\/ovitek-urbie-huawei-nova-9-honor-50-crn\/","name":"Ovitek Urbie, Huawei Nova 9\/Honor 50, \u010drn -","isPartOf":{"@id":"https:\/\/www.urbanspot.si\/#website"},"primaryImageOfPage":{"@id":"https:\/\/www.urbanspot.si\/produkt\/ovitek-urbie-huawei-nova-9-honor-50-crn\/#primaryimage"},"image":{"@id":"https:\/\/www.urbanspot.si\/produkt\/ovitek-urbie-huawei-nova-9-honor-50-crn\/#primaryimage"},"thumbnailUrl":"https:\/\/www.urbanspot.si\/wp-content\/uploads\/Huawei_Nova_9.png","datePublished":"2024-10-02T11:59:19+00:00","dateModified":"2026-03-19T14:03:25+00:00","breadcrumb":{"@id":"https:\/\/www.urbanspot.si\/produkt\/ovitek-urbie-huawei-nova-9-honor-50-crn\/#breadcrumb"},"inLanguage":"hr","potentialAction":[{"@type":"ReadAction","target":["https:\/\/www.urbanspot.si\/produkt\/ovitek-urbie-huawei-nova-9-honor-50-crn\/"]}]},{"@type":"ImageObject","inLanguage":"hr","@id":"https:\/\/www.urbanspot.si\/produkt\/ovitek-urbie-huawei-nova-9-honor-50-crn\/#primaryimage","url":"https:\/\/www.urbanspot.si\/wp-content\/uploads\/Huawei_Nova_9.png","contentUrl":"https:\/\/www.urbanspot.si\/wp-content\/uploads\/Huawei_Nova_9.png","width":1080,"height":1080},{"@type":"BreadcrumbList","@id":"https:\/\/www.urbanspot.si\/produkt\/ovitek-urbie-huawei-nova-9-honor-50-crn\/#breadcrumb","itemListElement":[{"@type":"ListItem","position":1,"name":"Home","item":"https:\/\/www.urbanspot.si\/"},{"@type":"ListItem","position":2,"name":"Shop","item":"https:\/\/www.urbanspot.si\/shop\/"},{"@type":"ListItem","position":3,"name":"Ovitek Urbie, Huawei Nova 9\/Honor 50, \u010drn"}]},{"@type":"WebSite","@id":"https:\/\/www.urbanspot.si\/#website","url":"https:\/\/www.urbanspot.si\/","name":"UrbanSpot","description":"","publisher":{"@id":"https:\/\/www.urbanspot.si\/#organization"},"potentialAction":[{"@type":"SearchAction","target":{"@type":"EntryPoint","urlTemplate":"https:\/\/www.urbanspot.si\/?s={search_term_string}"},"query-input":{"@type":"PropertyValueSpecification","valueRequired":true,"valueName":"search_term_string"}}],"inLanguage":"hr"},{"@type":"Organization","@id":"https:\/\/www.urbanspot.si\/#organization","name":"UrbanSpot","url":"https:\/\/www.urbanspot.si\/","logo":{"@type":"ImageObject","inLanguage":"hr","@id":"https:\/\/www.urbanspot.si\/#\/schema\/logo\/image\/","url":"https:\/\/www.urbanspot.si\/wp-content\/uploads\/urbanspot-logo.svg","contentUrl":"https:\/\/www.urbanspot.si\/wp-content\/uploads\/urbanspot-logo.svg","width":185,"height":40,"caption":"UrbanSpot"},"image":{"@id":"https:\/\/www.urbanspot.si\/#\/schema\/logo\/image\/"},"sameAs":["https:\/\/www.facebook.com\/urbanspot.si"]}]}},"_links":{"self":[{"href":"https:\/\/www.urbanspot.si\/hr\/wp-json\/wp\/v2\/product\/18929","targetHints":{"allow":["GET"]}}],"collection":[{"href":"https:\/\/www.urbanspot.si\/hr\/wp-json\/wp\/v2\/product"}],"about":[{"href":"https:\/\/www.urbanspot.si\/hr\/wp-json\/wp\/v2\/types\/product"}],"replies":[{"embeddable":true,"href":"https:\/\/www.urbanspot.si\/hr\/wp-json\/wp\/v2\/comments?post=18929"}],"version-history":[{"count":1,"href":"https:\/\/www.urbanspot.si\/hr\/wp-json\/wp\/v2\/product\/18929\/revisions"}],"predecessor-version":[{"id":18931,"href":"https:\/\/www.urbanspot.si\/hr\/wp-json\/wp\/v2\/product\/18929\/revisions\/18931"}],"wp:featuredmedia":[{"embeddable":true,"href":"https:\/\/www.urbanspot.si\/hr\/wp-json\/wp\/v2\/media\/18930"}],"wp:attachment":[{"href":"https:\/\/www.urbanspot.si\/hr\/wp-json\/wp\/v2\/media?parent=18929"}],"wp:term":[{"taxonomy":"product_brand","embeddable":true,"href":"https:\/\/www.urbanspot.si\/hr\/wp-json\/wp\/v2\/product_brand?post=18929"},{"taxonomy":"product_cat","embeddable":true,"href":"https:\/\/www.urbanspot.si\/hr\/wp-json\/wp\/v2\/product_cat?post=18929"},{"taxonomy":"product_tag","embeddable":true,"href":"https:\/\/www.urbanspot.si\/hr\/wp-json\/wp\/v2\/product_tag?post=18929"}],"curies":[{"name":"radni list","href":"https:\/\/api.w.org\/{rel}","templated":true}]}}