{"id":18950,"date":"2024-10-02T14:59:06","date_gmt":"2024-10-02T12:59:06","guid":{"rendered":"https:\/\/www.urbanspot.si\/?post_type=product&#038;p=18950"},"modified":"2026-03-19T16:03:24","modified_gmt":"2026-03-19T14:03:24","slug":"urbie-futrola-za-samsung-galaxy-tab-s9-fe-crna","status":"publish","type":"product","link":"https:\/\/www.urbanspot.si\/hr\/produkt\/ovitek-urbie-za-tablico-samsung-galaxy-tab-s9-fe-crn\/","title":{"rendered":"Urbie futrola za tablet, Samsung Galaxy Tab S9 FE+, crna"},"content":{"rendered":"<p>Urbie futrola za tablet definitivno \u0107e se istaknuti iz mase svojim dizajnom i sofisticirano\u0161\u0107u.<br \/>\nMaska savr\u0161eno pristaje va\u0161em tabletu i \u0161titi ga od ogrebotina i o\u0161te\u0107enja.<\/p>\n<p>Zna\u010dajke:<\/p>\n<ul>\n<li>Izra\u0111ena od visokokvalitetne EKO ko\u017ee<\/li>\n<li>Podstava od mikrovlakana unutar poklopca sprje\u010dava ogrebotine<\/li>\n<li>Jednostavno pri\u010dvrstite tablet u okvir, koji \u0107e ga \u010dvrsto pri\u010dvrstiti.<\/li>\n<li>Pristup svim tipkama i priklju\u010dku za punjenje.<\/li>\n<li>Boja: crna<\/li>\n<\/ul>\n<p>&nbsp;<\/p>","protected":false},"excerpt":{"rendered":"<p>Elegantna i visokokvalitetna Urbie maskica za Samsung Galaxy Tab S9 FE+. Maska savr\u0161eno pristaje tabletu. Jednostavna i prakti\u010dna za kori\u0161tenje.<\/p>","protected":false},"featured_media":18951,"comment_status":"open","ping_status":"closed","template":"","meta":[],"product_brand":[],"product_cat":[636,91,88,602],"product_tag":[],"class_list":{"0":"post-18950","1":"product","2":"type-product","3":"status-publish","4":"has-post-thumbnail","6":"product_cat-galaxy-tab-s9-fe-plus","7":"product_cat-razprodaja","8":"product_cat-samsung","9":"product_cat-samsung-tab-serija","10":"pa_primerno-za-model-samsung-galaxy-tab-s9-fe","12":"first","13":"instock","14":"sale","15":"taxable","16":"shipping-taxable","17":"purchasable","18":"product-type-simple"},"yoast_head":"<!-- This site is optimized with the Yoast SEO plugin v27.2 - https:\/\/yoast.com\/product\/yoast-seo-wordpress\/ -->\n<title>Ovitek Urbie za tablico, Samsung Galaxy Tab S9 FE+, \u010drn -<\/title>\n<meta name=\"robots\" content=\"index, follow, max-snippet:-1, max-image-preview:large, max-video-preview:-1\" \/>\n<link rel=\"canonical\" href=\"https:\/\/www.urbanspot.si\/hr\/proizvod-2\/urbie-futrola-za-samsung-galaxy-tab-s9-fe-crna\/\" \/>\n<meta property=\"og:locale\" content=\"hr_HR\" \/>\n<meta property=\"og:type\" content=\"article\" \/>\n<meta property=\"og:title\" content=\"Ovitek Urbie za tablico, Samsung Galaxy Tab S9 FE+, \u010drn -\" \/>\n<meta property=\"og:description\" content=\"Eleganten in kvaliteten ovitek Urbie za tablico, Samsung Galaxy Tab S9 FE+. Ovitek se popolnoma prilega za tablico. Enostavna in priro\u010dna za uporabo.\" \/>\n<meta property=\"og:url\" content=\"https:\/\/www.urbanspot.si\/hr\/proizvod-2\/urbie-futrola-za-samsung-galaxy-tab-s9-fe-crna\/\" \/>\n<meta property=\"article:publisher\" content=\"https:\/\/www.facebook.com\/urbanspot.si\" \/>\n<meta property=\"article:modified_time\" content=\"2026-03-19T14:03:24+00:00\" \/>\n<meta property=\"og:image\" content=\"https:\/\/www.urbanspot.si\/wp-content\/uploads\/s9fe-plus.jpg\" \/>\n\t<meta property=\"og:image:width\" content=\"1000\" \/>\n\t<meta property=\"og:image:height\" content=\"1000\" \/>\n\t<meta property=\"og:image:type\" content=\"image\/jpeg\" \/>\n<meta name=\"twitter:card\" content=\"summary_large_image\" \/>\n<meta name=\"twitter:label1\" content=\"Procijenjeno vrijeme \u010ditanja\" \/>\n\t<meta name=\"twitter:data1\" content=\"1 minuta\" \/>\n<script type=\"application\/ld+json\" class=\"yoast-schema-graph\">{\"@context\":\"https:\/\/schema.org\",\"@graph\":[{\"@type\":\"WebPage\",\"@id\":\"https:\/\/www.urbanspot.si\/produkt\/ovitek-urbie-za-tablico-samsung-galaxy-tab-s9-fe-crn\/\",\"url\":\"https:\/\/www.urbanspot.si\/produkt\/ovitek-urbie-za-tablico-samsung-galaxy-tab-s9-fe-crn\/\",\"name\":\"Ovitek Urbie za tablico, Samsung Galaxy Tab S9 FE+, \u010drn -\",\"isPartOf\":{\"@id\":\"https:\/\/www.urbanspot.si\/#website\"},\"primaryImageOfPage\":{\"@id\":\"https:\/\/www.urbanspot.si\/produkt\/ovitek-urbie-za-tablico-samsung-galaxy-tab-s9-fe-crn\/#primaryimage\"},\"image\":{\"@id\":\"https:\/\/www.urbanspot.si\/produkt\/ovitek-urbie-za-tablico-samsung-galaxy-tab-s9-fe-crn\/#primaryimage\"},\"thumbnailUrl\":\"https:\/\/www.urbanspot.si\/wp-content\/uploads\/s9fe-plus.jpg\",\"datePublished\":\"2024-10-02T12:59:06+00:00\",\"dateModified\":\"2026-03-19T14:03:24+00:00\",\"breadcrumb\":{\"@id\":\"https:\/\/www.urbanspot.si\/produkt\/ovitek-urbie-za-tablico-samsung-galaxy-tab-s9-fe-crn\/#breadcrumb\"},\"inLanguage\":\"hr\",\"potentialAction\":[{\"@type\":\"ReadAction\",\"target\":[\"https:\/\/www.urbanspot.si\/produkt\/ovitek-urbie-za-tablico-samsung-galaxy-tab-s9-fe-crn\/\"]}]},{\"@type\":\"ImageObject\",\"inLanguage\":\"hr\",\"@id\":\"https:\/\/www.urbanspot.si\/produkt\/ovitek-urbie-za-tablico-samsung-galaxy-tab-s9-fe-crn\/#primaryimage\",\"url\":\"https:\/\/www.urbanspot.si\/wp-content\/uploads\/s9fe-plus.jpg\",\"contentUrl\":\"https:\/\/www.urbanspot.si\/wp-content\/uploads\/s9fe-plus.jpg\",\"width\":1000,\"height\":1000},{\"@type\":\"BreadcrumbList\",\"@id\":\"https:\/\/www.urbanspot.si\/produkt\/ovitek-urbie-za-tablico-samsung-galaxy-tab-s9-fe-crn\/#breadcrumb\",\"itemListElement\":[{\"@type\":\"ListItem\",\"position\":1,\"name\":\"Home\",\"item\":\"https:\/\/www.urbanspot.si\/\"},{\"@type\":\"ListItem\",\"position\":2,\"name\":\"Shop\",\"item\":\"https:\/\/www.urbanspot.si\/shop\/\"},{\"@type\":\"ListItem\",\"position\":3,\"name\":\"Ovitek Urbie za tablico, Samsung Galaxy Tab S9 FE+, \u010drn\"}]},{\"@type\":\"WebSite\",\"@id\":\"https:\/\/www.urbanspot.si\/#website\",\"url\":\"https:\/\/www.urbanspot.si\/\",\"name\":\"UrbanSpot\",\"description\":\"\",\"publisher\":{\"@id\":\"https:\/\/www.urbanspot.si\/#organization\"},\"potentialAction\":[{\"@type\":\"SearchAction\",\"target\":{\"@type\":\"EntryPoint\",\"urlTemplate\":\"https:\/\/www.urbanspot.si\/?s={search_term_string}\"},\"query-input\":{\"@type\":\"PropertyValueSpecification\",\"valueRequired\":true,\"valueName\":\"search_term_string\"}}],\"inLanguage\":\"hr\"},{\"@type\":\"Organization\",\"@id\":\"https:\/\/www.urbanspot.si\/#organization\",\"name\":\"UrbanSpot\",\"url\":\"https:\/\/www.urbanspot.si\/\",\"logo\":{\"@type\":\"ImageObject\",\"inLanguage\":\"hr\",\"@id\":\"https:\/\/www.urbanspot.si\/#\/schema\/logo\/image\/\",\"url\":\"https:\/\/www.urbanspot.si\/wp-content\/uploads\/urbanspot-logo.svg\",\"contentUrl\":\"https:\/\/www.urbanspot.si\/wp-content\/uploads\/urbanspot-logo.svg\",\"width\":185,\"height\":40,\"caption\":\"UrbanSpot\"},\"image\":{\"@id\":\"https:\/\/www.urbanspot.si\/#\/schema\/logo\/image\/\"},\"sameAs\":[\"https:\/\/www.facebook.com\/urbanspot.si\"]}]}<\/script>\n<!-- \/ Yoast SEO plugin. -->","yoast_head_json":{"title":"Ovitek Urbie za tablico, Samsung Galaxy Tab S9 FE+, \u010drn -","robots":{"index":"index","follow":"follow","max-snippet":"max-snippet:-1","max-image-preview":"max-image-preview:large","max-video-preview":"max-video-preview:-1"},"canonical":"https:\/\/www.urbanspot.si\/hr\/proizvod-2\/urbie-futrola-za-samsung-galaxy-tab-s9-fe-crna\/","og_locale":"hr_HR","og_type":"article","og_title":"Ovitek Urbie za tablico, Samsung Galaxy Tab S9 FE+, \u010drn -","og_description":"Eleganten in kvaliteten ovitek Urbie za tablico, Samsung Galaxy Tab S9 FE+. Ovitek se popolnoma prilega za tablico. Enostavna in priro\u010dna za uporabo.","og_url":"https:\/\/www.urbanspot.si\/hr\/proizvod-2\/urbie-futrola-za-samsung-galaxy-tab-s9-fe-crna\/","article_publisher":"https:\/\/www.facebook.com\/urbanspot.si","article_modified_time":"2026-03-19T14:03:24+00:00","og_image":[{"width":1000,"height":1000,"url":"https:\/\/www.urbanspot.si\/wp-content\/uploads\/s9fe-plus.jpg","type":"image\/jpeg"}],"twitter_card":"summary_large_image","twitter_misc":{"Procijenjeno vrijeme \u010ditanja":"1 minuta"},"schema":{"@context":"https:\/\/schema.org","@graph":[{"@type":"WebPage","@id":"https:\/\/www.urbanspot.si\/produkt\/ovitek-urbie-za-tablico-samsung-galaxy-tab-s9-fe-crn\/","url":"https:\/\/www.urbanspot.si\/produkt\/ovitek-urbie-za-tablico-samsung-galaxy-tab-s9-fe-crn\/","name":"Ovitek Urbie za tablico, Samsung Galaxy Tab S9 FE+, \u010drn -","isPartOf":{"@id":"https:\/\/www.urbanspot.si\/#website"},"primaryImageOfPage":{"@id":"https:\/\/www.urbanspot.si\/produkt\/ovitek-urbie-za-tablico-samsung-galaxy-tab-s9-fe-crn\/#primaryimage"},"image":{"@id":"https:\/\/www.urbanspot.si\/produkt\/ovitek-urbie-za-tablico-samsung-galaxy-tab-s9-fe-crn\/#primaryimage"},"thumbnailUrl":"https:\/\/www.urbanspot.si\/wp-content\/uploads\/s9fe-plus.jpg","datePublished":"2024-10-02T12:59:06+00:00","dateModified":"2026-03-19T14:03:24+00:00","breadcrumb":{"@id":"https:\/\/www.urbanspot.si\/produkt\/ovitek-urbie-za-tablico-samsung-galaxy-tab-s9-fe-crn\/#breadcrumb"},"inLanguage":"hr","potentialAction":[{"@type":"ReadAction","target":["https:\/\/www.urbanspot.si\/produkt\/ovitek-urbie-za-tablico-samsung-galaxy-tab-s9-fe-crn\/"]}]},{"@type":"ImageObject","inLanguage":"hr","@id":"https:\/\/www.urbanspot.si\/produkt\/ovitek-urbie-za-tablico-samsung-galaxy-tab-s9-fe-crn\/#primaryimage","url":"https:\/\/www.urbanspot.si\/wp-content\/uploads\/s9fe-plus.jpg","contentUrl":"https:\/\/www.urbanspot.si\/wp-content\/uploads\/s9fe-plus.jpg","width":1000,"height":1000},{"@type":"BreadcrumbList","@id":"https:\/\/www.urbanspot.si\/produkt\/ovitek-urbie-za-tablico-samsung-galaxy-tab-s9-fe-crn\/#breadcrumb","itemListElement":[{"@type":"ListItem","position":1,"name":"Home","item":"https:\/\/www.urbanspot.si\/"},{"@type":"ListItem","position":2,"name":"Shop","item":"https:\/\/www.urbanspot.si\/shop\/"},{"@type":"ListItem","position":3,"name":"Ovitek Urbie za tablico, Samsung Galaxy Tab S9 FE+, \u010drn"}]},{"@type":"WebSite","@id":"https:\/\/www.urbanspot.si\/#website","url":"https:\/\/www.urbanspot.si\/","name":"UrbanSpot","description":"","publisher":{"@id":"https:\/\/www.urbanspot.si\/#organization"},"potentialAction":[{"@type":"SearchAction","target":{"@type":"EntryPoint","urlTemplate":"https:\/\/www.urbanspot.si\/?s={search_term_string}"},"query-input":{"@type":"PropertyValueSpecification","valueRequired":true,"valueName":"search_term_string"}}],"inLanguage":"hr"},{"@type":"Organization","@id":"https:\/\/www.urbanspot.si\/#organization","name":"UrbanSpot","url":"https:\/\/www.urbanspot.si\/","logo":{"@type":"ImageObject","inLanguage":"hr","@id":"https:\/\/www.urbanspot.si\/#\/schema\/logo\/image\/","url":"https:\/\/www.urbanspot.si\/wp-content\/uploads\/urbanspot-logo.svg","contentUrl":"https:\/\/www.urbanspot.si\/wp-content\/uploads\/urbanspot-logo.svg","width":185,"height":40,"caption":"UrbanSpot"},"image":{"@id":"https:\/\/www.urbanspot.si\/#\/schema\/logo\/image\/"},"sameAs":["https:\/\/www.facebook.com\/urbanspot.si"]}]}},"_links":{"self":[{"href":"https:\/\/www.urbanspot.si\/hr\/wp-json\/wp\/v2\/product\/18950","targetHints":{"allow":["GET"]}}],"collection":[{"href":"https:\/\/www.urbanspot.si\/hr\/wp-json\/wp\/v2\/product"}],"about":[{"href":"https:\/\/www.urbanspot.si\/hr\/wp-json\/wp\/v2\/types\/product"}],"replies":[{"embeddable":true,"href":"https:\/\/www.urbanspot.si\/hr\/wp-json\/wp\/v2\/comments?post=18950"}],"version-history":[{"count":1,"href":"https:\/\/www.urbanspot.si\/hr\/wp-json\/wp\/v2\/product\/18950\/revisions"}],"predecessor-version":[{"id":18956,"href":"https:\/\/www.urbanspot.si\/hr\/wp-json\/wp\/v2\/product\/18950\/revisions\/18956"}],"wp:featuredmedia":[{"embeddable":true,"href":"https:\/\/www.urbanspot.si\/hr\/wp-json\/wp\/v2\/media\/18951"}],"wp:attachment":[{"href":"https:\/\/www.urbanspot.si\/hr\/wp-json\/wp\/v2\/media?parent=18950"}],"wp:term":[{"taxonomy":"product_brand","embeddable":true,"href":"https:\/\/www.urbanspot.si\/hr\/wp-json\/wp\/v2\/product_brand?post=18950"},{"taxonomy":"product_cat","embeddable":true,"href":"https:\/\/www.urbanspot.si\/hr\/wp-json\/wp\/v2\/product_cat?post=18950"},{"taxonomy":"product_tag","embeddable":true,"href":"https:\/\/www.urbanspot.si\/hr\/wp-json\/wp\/v2\/product_tag?post=18950"}],"curies":[{"name":"radni list","href":"https:\/\/api.w.org\/{rel}","templated":true}]}}