{"id":18958,"date":"2024-10-02T15:13:06","date_gmt":"2024-10-02T13:13:06","guid":{"rendered":"https:\/\/www.urbanspot.si\/?post_type=product&#038;p=18958"},"modified":"2026-03-18T15:51:49","modified_gmt":"2026-03-18T13:51:49","slug":"spigen-zastitna-futrola-s-tekucim-kristalima-za-iphone-16","status":"publish","type":"product","link":"https:\/\/www.urbanspot.si\/hr\/produkt\/zascitni-ovitek-spigen-liquid-crystal-iphone-16\/","title":{"rendered":"Spigen za\u0161titna maskica s teku\u0107im kristalima za iPhone 16"},"content":{"rendered":"<p>Spigen Liquid Crystal maska izra\u0111ena je od visokokvalitetnih materijala koji \u0161tite va\u0161 telefon od svakodnevne prljav\u0161tine, ogrebotina i udaraca.<\/p>\n<p>Zna\u010dajke:<\/p>\n<ul>\n<li>Savr\u0161en izgled<\/li>\n<li>Savr\u0161eno pristaje telefonu<\/li>\n<li>Tanka i d\u017eepna torbica<\/li>\n<li>Visokokvalitetni materijal<\/li>\n<li>Boja: prozirna<\/li>\n<\/ul>\n<pre id=\"tw-target-text\" class=\"tw-data-text tw-text-large XcVN5d tw-ta\" dir=\"ltr\" data-placeholder=\"Translation\"><\/pre>","protected":false},"excerpt":{"rendered":"<p>Spigen Liquid Crystal maskica ne odlikuje se samo iznimnom kvalitetom, ve\u0107 i dizajnom. Silikonska maskica koja \u0161titi va\u0161 pametni telefon od ogrebotina, prljav\u0161tine i udaraca. Dobro pristaje i ugodna je na dodir.<\/p>","protected":false},"featured_media":18964,"comment_status":"open","ping_status":"closed","template":"","meta":[],"product_brand":[],"product_cat":[92,623,627,560],"product_tag":[],"class_list":{"0":"post-18958","1":"product","2":"type-product","3":"status-publish","4":"has-post-thumbnail","6":"product_cat-apple","7":"product_cat-apple-iphone-16-serija","8":"product_cat-iphone-16","9":"product_cat-ovitki-za-telefone","10":"pa_primerno-za-model-iphone-16","12":"first","13":"outofstock","14":"sale","15":"taxable","16":"shipping-taxable","17":"purchasable","18":"product-type-simple"},"yoast_head":"<!-- This site is optimized with the Yoast SEO plugin v27.4 - https:\/\/yoast.com\/product\/yoast-seo-wordpress\/ -->\n<title>Za\u0161\u010ditni ovitek Spigen Liquid Crystal, Iphone 16 -<\/title>\n<meta name=\"robots\" content=\"index, follow, max-snippet:-1, max-image-preview:large, max-video-preview:-1\" \/>\n<link rel=\"canonical\" href=\"https:\/\/www.urbanspot.si\/hr\/proizvod-2\/spigen-zastitna-futrola-s-tekucim-kristalima-za-iphone-16\/\" \/>\n<meta property=\"og:locale\" content=\"hr_HR\" \/>\n<meta property=\"og:type\" content=\"article\" \/>\n<meta property=\"og:title\" content=\"Za\u0161\u010ditni ovitek Spigen Liquid Crystal, Iphone 16 -\" \/>\n<meta property=\"og:description\" content=\"Ovitka Spigen Liquid Crystal ne odlikuje le izjemna kakovost, temve\u010d tudi dizajn. Silikonski ovoj, ki va\u0161emu pametnemu telefonu nudi za\u0161\u010dito pred praskami, umazanijo in udarci. Dobro prileganje in prijeten na otip.\" \/>\n<meta property=\"og:url\" content=\"https:\/\/www.urbanspot.si\/hr\/proizvod-2\/spigen-zastitna-futrola-s-tekucim-kristalima-za-iphone-16\/\" \/>\n<meta property=\"article:publisher\" content=\"https:\/\/www.facebook.com\/urbanspot.si\" \/>\n<meta property=\"article:modified_time\" content=\"2026-03-18T13:51:49+00:00\" \/>\n<meta property=\"og:image\" content=\"https:\/\/www.urbanspot.si\/wp-content\/uploads\/spigen-liquid-crystal4.webp\" \/>\n\t<meta property=\"og:image:width\" content=\"1000\" \/>\n\t<meta property=\"og:image:height\" content=\"1000\" \/>\n\t<meta property=\"og:image:type\" content=\"image\/webp\" \/>\n<meta name=\"twitter:card\" content=\"summary_large_image\" \/>\n<meta name=\"twitter:label1\" content=\"Procijenjeno vrijeme \u010ditanja\" \/>\n\t<meta name=\"twitter:data1\" content=\"1 minuta\" \/>\n<script type=\"application\/ld+json\" class=\"yoast-schema-graph\">{\"@context\":\"https:\\\/\\\/schema.org\",\"@graph\":[{\"@type\":\"WebPage\",\"@id\":\"https:\\\/\\\/www.urbanspot.si\\\/produkt\\\/zascitni-ovitek-spigen-liquid-crystal-iphone-16\\\/\",\"url\":\"https:\\\/\\\/www.urbanspot.si\\\/produkt\\\/zascitni-ovitek-spigen-liquid-crystal-iphone-16\\\/\",\"name\":\"Za\u0161\u010ditni ovitek Spigen Liquid Crystal, Iphone 16 -\",\"isPartOf\":{\"@id\":\"https:\\\/\\\/www.urbanspot.si\\\/#website\"},\"primaryImageOfPage\":{\"@id\":\"https:\\\/\\\/www.urbanspot.si\\\/produkt\\\/zascitni-ovitek-spigen-liquid-crystal-iphone-16\\\/#primaryimage\"},\"image\":{\"@id\":\"https:\\\/\\\/www.urbanspot.si\\\/produkt\\\/zascitni-ovitek-spigen-liquid-crystal-iphone-16\\\/#primaryimage\"},\"thumbnailUrl\":\"https:\\\/\\\/www.urbanspot.si\\\/wp-content\\\/uploads\\\/spigen-liquid-crystal4.webp\",\"datePublished\":\"2024-10-02T13:13:06+00:00\",\"dateModified\":\"2026-03-18T13:51:49+00:00\",\"breadcrumb\":{\"@id\":\"https:\\\/\\\/www.urbanspot.si\\\/produkt\\\/zascitni-ovitek-spigen-liquid-crystal-iphone-16\\\/#breadcrumb\"},\"inLanguage\":\"hr\",\"potentialAction\":[{\"@type\":\"ReadAction\",\"target\":[\"https:\\\/\\\/www.urbanspot.si\\\/produkt\\\/zascitni-ovitek-spigen-liquid-crystal-iphone-16\\\/\"]}]},{\"@type\":\"ImageObject\",\"inLanguage\":\"hr\",\"@id\":\"https:\\\/\\\/www.urbanspot.si\\\/produkt\\\/zascitni-ovitek-spigen-liquid-crystal-iphone-16\\\/#primaryimage\",\"url\":\"https:\\\/\\\/www.urbanspot.si\\\/wp-content\\\/uploads\\\/spigen-liquid-crystal4.webp\",\"contentUrl\":\"https:\\\/\\\/www.urbanspot.si\\\/wp-content\\\/uploads\\\/spigen-liquid-crystal4.webp\",\"width\":1000,\"height\":1000},{\"@type\":\"BreadcrumbList\",\"@id\":\"https:\\\/\\\/www.urbanspot.si\\\/produkt\\\/zascitni-ovitek-spigen-liquid-crystal-iphone-16\\\/#breadcrumb\",\"itemListElement\":[{\"@type\":\"ListItem\",\"position\":1,\"name\":\"Home\",\"item\":\"https:\\\/\\\/www.urbanspot.si\\\/\"},{\"@type\":\"ListItem\",\"position\":2,\"name\":\"Shop\",\"item\":\"https:\\\/\\\/www.urbanspot.si\\\/shop\\\/\"},{\"@type\":\"ListItem\",\"position\":3,\"name\":\"Za\u0161\u010ditni ovitek Spigen Liquid Crystal, Iphone 16\"}]},{\"@type\":\"WebSite\",\"@id\":\"https:\\\/\\\/www.urbanspot.si\\\/#website\",\"url\":\"https:\\\/\\\/www.urbanspot.si\\\/\",\"name\":\"UrbanSpot\",\"description\":\"\",\"publisher\":{\"@id\":\"https:\\\/\\\/www.urbanspot.si\\\/#organization\"},\"potentialAction\":[{\"@type\":\"SearchAction\",\"target\":{\"@type\":\"EntryPoint\",\"urlTemplate\":\"https:\\\/\\\/www.urbanspot.si\\\/?s={search_term_string}\"},\"query-input\":{\"@type\":\"PropertyValueSpecification\",\"valueRequired\":true,\"valueName\":\"search_term_string\"}}],\"inLanguage\":\"hr\"},{\"@type\":\"Organization\",\"@id\":\"https:\\\/\\\/www.urbanspot.si\\\/#organization\",\"name\":\"UrbanSpot\",\"url\":\"https:\\\/\\\/www.urbanspot.si\\\/\",\"logo\":{\"@type\":\"ImageObject\",\"inLanguage\":\"hr\",\"@id\":\"https:\\\/\\\/www.urbanspot.si\\\/#\\\/schema\\\/logo\\\/image\\\/\",\"url\":\"https:\\\/\\\/www.urbanspot.si\\\/wp-content\\\/uploads\\\/urbanspot-logo.svg\",\"contentUrl\":\"https:\\\/\\\/www.urbanspot.si\\\/wp-content\\\/uploads\\\/urbanspot-logo.svg\",\"width\":185,\"height\":40,\"caption\":\"UrbanSpot\"},\"image\":{\"@id\":\"https:\\\/\\\/www.urbanspot.si\\\/#\\\/schema\\\/logo\\\/image\\\/\"},\"sameAs\":[\"https:\\\/\\\/www.facebook.com\\\/urbanspot.si\"]}]}<\/script>\n<!-- \/ Yoast SEO plugin. -->","yoast_head_json":{"title":"Za\u0161\u010ditni ovitek Spigen Liquid Crystal, Iphone 16 -","robots":{"index":"index","follow":"follow","max-snippet":"max-snippet:-1","max-image-preview":"max-image-preview:large","max-video-preview":"max-video-preview:-1"},"canonical":"https:\/\/www.urbanspot.si\/hr\/proizvod-2\/spigen-zastitna-futrola-s-tekucim-kristalima-za-iphone-16\/","og_locale":"hr_HR","og_type":"article","og_title":"Za\u0161\u010ditni ovitek Spigen Liquid Crystal, Iphone 16 -","og_description":"Ovitka Spigen Liquid Crystal ne odlikuje le izjemna kakovost, temve\u010d tudi dizajn. Silikonski ovoj, ki va\u0161emu pametnemu telefonu nudi za\u0161\u010dito pred praskami, umazanijo in udarci. Dobro prileganje in prijeten na otip.","og_url":"https:\/\/www.urbanspot.si\/hr\/proizvod-2\/spigen-zastitna-futrola-s-tekucim-kristalima-za-iphone-16\/","article_publisher":"https:\/\/www.facebook.com\/urbanspot.si","article_modified_time":"2026-03-18T13:51:49+00:00","og_image":[{"width":1000,"height":1000,"url":"https:\/\/www.urbanspot.si\/wp-content\/uploads\/spigen-liquid-crystal4.webp","type":"image\/webp"}],"twitter_card":"summary_large_image","twitter_misc":{"Procijenjeno vrijeme \u010ditanja":"1 minuta"},"schema":{"@context":"https:\/\/schema.org","@graph":[{"@type":"WebPage","@id":"https:\/\/www.urbanspot.si\/produkt\/zascitni-ovitek-spigen-liquid-crystal-iphone-16\/","url":"https:\/\/www.urbanspot.si\/produkt\/zascitni-ovitek-spigen-liquid-crystal-iphone-16\/","name":"Za\u0161\u010ditni ovitek Spigen Liquid Crystal, Iphone 16 -","isPartOf":{"@id":"https:\/\/www.urbanspot.si\/#website"},"primaryImageOfPage":{"@id":"https:\/\/www.urbanspot.si\/produkt\/zascitni-ovitek-spigen-liquid-crystal-iphone-16\/#primaryimage"},"image":{"@id":"https:\/\/www.urbanspot.si\/produkt\/zascitni-ovitek-spigen-liquid-crystal-iphone-16\/#primaryimage"},"thumbnailUrl":"https:\/\/www.urbanspot.si\/wp-content\/uploads\/spigen-liquid-crystal4.webp","datePublished":"2024-10-02T13:13:06+00:00","dateModified":"2026-03-18T13:51:49+00:00","breadcrumb":{"@id":"https:\/\/www.urbanspot.si\/produkt\/zascitni-ovitek-spigen-liquid-crystal-iphone-16\/#breadcrumb"},"inLanguage":"hr","potentialAction":[{"@type":"ReadAction","target":["https:\/\/www.urbanspot.si\/produkt\/zascitni-ovitek-spigen-liquid-crystal-iphone-16\/"]}]},{"@type":"ImageObject","inLanguage":"hr","@id":"https:\/\/www.urbanspot.si\/produkt\/zascitni-ovitek-spigen-liquid-crystal-iphone-16\/#primaryimage","url":"https:\/\/www.urbanspot.si\/wp-content\/uploads\/spigen-liquid-crystal4.webp","contentUrl":"https:\/\/www.urbanspot.si\/wp-content\/uploads\/spigen-liquid-crystal4.webp","width":1000,"height":1000},{"@type":"BreadcrumbList","@id":"https:\/\/www.urbanspot.si\/produkt\/zascitni-ovitek-spigen-liquid-crystal-iphone-16\/#breadcrumb","itemListElement":[{"@type":"ListItem","position":1,"name":"Home","item":"https:\/\/www.urbanspot.si\/"},{"@type":"ListItem","position":2,"name":"Shop","item":"https:\/\/www.urbanspot.si\/shop\/"},{"@type":"ListItem","position":3,"name":"Za\u0161\u010ditni ovitek Spigen Liquid Crystal, Iphone 16"}]},{"@type":"WebSite","@id":"https:\/\/www.urbanspot.si\/#website","url":"https:\/\/www.urbanspot.si\/","name":"UrbanSpot","description":"","publisher":{"@id":"https:\/\/www.urbanspot.si\/#organization"},"potentialAction":[{"@type":"SearchAction","target":{"@type":"EntryPoint","urlTemplate":"https:\/\/www.urbanspot.si\/?s={search_term_string}"},"query-input":{"@type":"PropertyValueSpecification","valueRequired":true,"valueName":"search_term_string"}}],"inLanguage":"hr"},{"@type":"Organization","@id":"https:\/\/www.urbanspot.si\/#organization","name":"UrbanSpot","url":"https:\/\/www.urbanspot.si\/","logo":{"@type":"ImageObject","inLanguage":"hr","@id":"https:\/\/www.urbanspot.si\/#\/schema\/logo\/image\/","url":"https:\/\/www.urbanspot.si\/wp-content\/uploads\/urbanspot-logo.svg","contentUrl":"https:\/\/www.urbanspot.si\/wp-content\/uploads\/urbanspot-logo.svg","width":185,"height":40,"caption":"UrbanSpot"},"image":{"@id":"https:\/\/www.urbanspot.si\/#\/schema\/logo\/image\/"},"sameAs":["https:\/\/www.facebook.com\/urbanspot.si"]}]}},"_links":{"self":[{"href":"https:\/\/www.urbanspot.si\/hr\/wp-json\/wp\/v2\/product\/18958","targetHints":{"allow":["GET"]}}],"collection":[{"href":"https:\/\/www.urbanspot.si\/hr\/wp-json\/wp\/v2\/product"}],"about":[{"href":"https:\/\/www.urbanspot.si\/hr\/wp-json\/wp\/v2\/types\/product"}],"replies":[{"embeddable":true,"href":"https:\/\/www.urbanspot.si\/hr\/wp-json\/wp\/v2\/comments?post=18958"}],"version-history":[{"count":2,"href":"https:\/\/www.urbanspot.si\/hr\/wp-json\/wp\/v2\/product\/18958\/revisions"}],"predecessor-version":[{"id":18974,"href":"https:\/\/www.urbanspot.si\/hr\/wp-json\/wp\/v2\/product\/18958\/revisions\/18974"}],"wp:featuredmedia":[{"embeddable":true,"href":"https:\/\/www.urbanspot.si\/hr\/wp-json\/wp\/v2\/media\/18964"}],"wp:attachment":[{"href":"https:\/\/www.urbanspot.si\/hr\/wp-json\/wp\/v2\/media?parent=18958"}],"wp:term":[{"taxonomy":"product_brand","embeddable":true,"href":"https:\/\/www.urbanspot.si\/hr\/wp-json\/wp\/v2\/product_brand?post=18958"},{"taxonomy":"product_cat","embeddable":true,"href":"https:\/\/www.urbanspot.si\/hr\/wp-json\/wp\/v2\/product_cat?post=18958"},{"taxonomy":"product_tag","embeddable":true,"href":"https:\/\/www.urbanspot.si\/hr\/wp-json\/wp\/v2\/product_tag?post=18958"}],"curies":[{"name":"radni list","href":"https:\/\/api.w.org\/{rel}","templated":true}]}}