{"id":19098,"date":"2024-10-07T14:52:33","date_gmt":"2024-10-07T12:52:33","guid":{"rendered":"https:\/\/www.urbanspot.si\/?post_type=product&#038;p=19098"},"modified":"2026-03-18T15:51:43","modified_gmt":"2026-03-18T13:51:43","slug":"zastitnik-zaslona-s-potpunom-pokrivenoscu-za-urbie-amazingthing-samsung-galaxy-s24","status":"publish","type":"product","link":"https:\/\/www.urbanspot.si\/hr\/produkt\/celotno-zascitno-steklo-urbie-amazingthing-samsung-galaxy-s24\/","title":{"rendered":"Za\u0161titno staklo za cijelo tijelo Urbie AmazingThing za Samsung Galaxy S24+"},"content":{"rendered":"<p>Za\u0161titnik privatnog zaslona izra\u0111en je od kemijski obra\u0111enog stakla, \u0161to osigurava izvrsnu jasno\u0107u, vidljivost, visoku osjetljivost i ugodan osje\u0107aj na dodir.<\/p>\n<p>Svojstva stakla:<\/p>\n<ul>\n<li>Visokokvalitetno za\u0161titno staklo s potpunom pokriveno\u0161\u0107u<\/li>\n<li>Otporno na habanje i ogrebotine.<\/li>\n<li>Jednostavna instalacija<\/li>\n<li>Tijekom ugradnje ne stvaraju se mjehuri\u0107i ispod stakla.<\/li>\n<li>Sloj protiv lomljenja \u2013 (silikonski premaz)<\/li>\n<li>Staklo prekriva cijeli ekran<\/li>\n<li>Premaz protiv masno\u0107e \u2013 manje otisaka prstiju i drugih mrlja<\/li>\n<li>Odr\u017eava visoku osjetljivost na dodir<\/li>\n<li>Paket uklju\u010duje: 1x za\u0161titno staklo 1x krpa za \u010di\u0161\u0107enje od mikrovlakana 1x alkoholna maramica za prethodno \u010di\u0161\u0107enje 1x naljepnica za uklanjanje pra\u0161ine<\/li>\n<\/ul>","protected":false},"excerpt":{"rendered":"<p>Za\u0161titnik zaslona Privacy Full-Coverage pru\u017eit \u0107e va\u0161em telefonu izvrsnu za\u0161titu od prljav\u0161tine, ogrebotina i udaraca. Omogu\u0107uje vam kori\u0161tenje pametnog telefona bez brige o ogrebotinama ili drugim o\u0161te\u0107enjima te osigurava privatnost.<\/p>","protected":false},"featured_media":19099,"comment_status":"open","ping_status":"closed","template":"","meta":[],"product_brand":[],"product_cat":[90,88,89,559],"product_tag":[],"class_list":{"0":"post-19098","1":"product","2":"type-product","3":"status-publish","4":"has-post-thumbnail","6":"product_cat-galaxy-s24-plus","7":"product_cat-samsung","8":"product_cat-samsung-s-serija","9":"product_cat-zascitna-stekla","10":"pa_primerno-za-model-samsung-galaxy-s24-plus","12":"first","13":"outofstock","14":"sale","15":"taxable","16":"shipping-taxable","17":"purchasable","18":"product-type-simple"},"yoast_head":"<!-- This site is optimized with the Yoast SEO plugin v27.4 - https:\/\/yoast.com\/product\/yoast-seo-wordpress\/ -->\n<title>Celotno za\u0161\u010ditno steklo Urbie AmazingThing Samsung Galaxy S24+ -<\/title>\n<meta name=\"robots\" content=\"index, follow, max-snippet:-1, max-image-preview:large, max-video-preview:-1\" \/>\n<link rel=\"canonical\" href=\"https:\/\/www.urbanspot.si\/hr\/proizvod-2\/zastitnik-zaslona-s-potpunom-pokrivenoscu-za-urbie-amazingthing-samsung-galaxy-s24\/\" \/>\n<meta property=\"og:locale\" content=\"hr_HR\" \/>\n<meta property=\"og:type\" content=\"article\" \/>\n<meta property=\"og:title\" content=\"Celotno za\u0161\u010ditno steklo Urbie AmazingThing Samsung Galaxy S24+ -\" \/>\n<meta property=\"og:description\" content=\"Privacy celotno za\u0161\u010ditno steklo bo va\u0161emu telefonu nudil odli\u010dno za\u0161\u010dito pred umazanijo, praskami in udarci. Steklo vam omogo\u010da nemoteno uporabo va\u0161ega pametnega telefona brez skrbi zaradi prask ali drugih po\u0161kodb ter poskrbi za za\u0161\u010dito pred pogledi.\" \/>\n<meta property=\"og:url\" content=\"https:\/\/www.urbanspot.si\/hr\/proizvod-2\/zastitnik-zaslona-s-potpunom-pokrivenoscu-za-urbie-amazingthing-samsung-galaxy-s24\/\" \/>\n<meta property=\"article:publisher\" content=\"https:\/\/www.facebook.com\/urbanspot.si\" \/>\n<meta property=\"article:modified_time\" content=\"2026-03-18T13:51:43+00:00\" \/>\n<meta property=\"og:image\" content=\"https:\/\/www.urbanspot.si\/wp-content\/uploads\/s24-plus-privacy.png\" \/>\n\t<meta property=\"og:image:width\" content=\"1500\" \/>\n\t<meta property=\"og:image:height\" content=\"1500\" \/>\n\t<meta property=\"og:image:type\" content=\"image\/png\" \/>\n<meta name=\"twitter:card\" content=\"summary_large_image\" \/>\n<meta name=\"twitter:label1\" content=\"Procijenjeno vrijeme \u010ditanja\" \/>\n\t<meta name=\"twitter:data1\" content=\"1 minuta\" \/>\n<script type=\"application\/ld+json\" class=\"yoast-schema-graph\">{\"@context\":\"https:\\\/\\\/schema.org\",\"@graph\":[{\"@type\":\"WebPage\",\"@id\":\"https:\\\/\\\/www.urbanspot.si\\\/produkt\\\/celotno-zascitno-steklo-urbie-amazingthing-samsung-galaxy-s24\\\/\",\"url\":\"https:\\\/\\\/www.urbanspot.si\\\/produkt\\\/celotno-zascitno-steklo-urbie-amazingthing-samsung-galaxy-s24\\\/\",\"name\":\"Celotno za\u0161\u010ditno steklo Urbie AmazingThing Samsung Galaxy S24+ -\",\"isPartOf\":{\"@id\":\"https:\\\/\\\/www.urbanspot.si\\\/#website\"},\"primaryImageOfPage\":{\"@id\":\"https:\\\/\\\/www.urbanspot.si\\\/produkt\\\/celotno-zascitno-steklo-urbie-amazingthing-samsung-galaxy-s24\\\/#primaryimage\"},\"image\":{\"@id\":\"https:\\\/\\\/www.urbanspot.si\\\/produkt\\\/celotno-zascitno-steklo-urbie-amazingthing-samsung-galaxy-s24\\\/#primaryimage\"},\"thumbnailUrl\":\"https:\\\/\\\/www.urbanspot.si\\\/wp-content\\\/uploads\\\/s24-plus-privacy.png\",\"datePublished\":\"2024-10-07T12:52:33+00:00\",\"dateModified\":\"2026-03-18T13:51:43+00:00\",\"breadcrumb\":{\"@id\":\"https:\\\/\\\/www.urbanspot.si\\\/produkt\\\/celotno-zascitno-steklo-urbie-amazingthing-samsung-galaxy-s24\\\/#breadcrumb\"},\"inLanguage\":\"hr\",\"potentialAction\":[{\"@type\":\"ReadAction\",\"target\":[\"https:\\\/\\\/www.urbanspot.si\\\/produkt\\\/celotno-zascitno-steklo-urbie-amazingthing-samsung-galaxy-s24\\\/\"]}]},{\"@type\":\"ImageObject\",\"inLanguage\":\"hr\",\"@id\":\"https:\\\/\\\/www.urbanspot.si\\\/produkt\\\/celotno-zascitno-steklo-urbie-amazingthing-samsung-galaxy-s24\\\/#primaryimage\",\"url\":\"https:\\\/\\\/www.urbanspot.si\\\/wp-content\\\/uploads\\\/s24-plus-privacy.png\",\"contentUrl\":\"https:\\\/\\\/www.urbanspot.si\\\/wp-content\\\/uploads\\\/s24-plus-privacy.png\",\"width\":1500,\"height\":1500},{\"@type\":\"BreadcrumbList\",\"@id\":\"https:\\\/\\\/www.urbanspot.si\\\/produkt\\\/celotno-zascitno-steklo-urbie-amazingthing-samsung-galaxy-s24\\\/#breadcrumb\",\"itemListElement\":[{\"@type\":\"ListItem\",\"position\":1,\"name\":\"Home\",\"item\":\"https:\\\/\\\/www.urbanspot.si\\\/\"},{\"@type\":\"ListItem\",\"position\":2,\"name\":\"Shop\",\"item\":\"https:\\\/\\\/www.urbanspot.si\\\/shop\\\/\"},{\"@type\":\"ListItem\",\"position\":3,\"name\":\"Celotno za\u0161\u010ditno steklo Urbie AmazingThing Samsung Galaxy S24+\"}]},{\"@type\":\"WebSite\",\"@id\":\"https:\\\/\\\/www.urbanspot.si\\\/#website\",\"url\":\"https:\\\/\\\/www.urbanspot.si\\\/\",\"name\":\"UrbanSpot\",\"description\":\"\",\"publisher\":{\"@id\":\"https:\\\/\\\/www.urbanspot.si\\\/#organization\"},\"potentialAction\":[{\"@type\":\"SearchAction\",\"target\":{\"@type\":\"EntryPoint\",\"urlTemplate\":\"https:\\\/\\\/www.urbanspot.si\\\/?s={search_term_string}\"},\"query-input\":{\"@type\":\"PropertyValueSpecification\",\"valueRequired\":true,\"valueName\":\"search_term_string\"}}],\"inLanguage\":\"hr\"},{\"@type\":\"Organization\",\"@id\":\"https:\\\/\\\/www.urbanspot.si\\\/#organization\",\"name\":\"UrbanSpot\",\"url\":\"https:\\\/\\\/www.urbanspot.si\\\/\",\"logo\":{\"@type\":\"ImageObject\",\"inLanguage\":\"hr\",\"@id\":\"https:\\\/\\\/www.urbanspot.si\\\/#\\\/schema\\\/logo\\\/image\\\/\",\"url\":\"https:\\\/\\\/www.urbanspot.si\\\/wp-content\\\/uploads\\\/urbanspot-logo.svg\",\"contentUrl\":\"https:\\\/\\\/www.urbanspot.si\\\/wp-content\\\/uploads\\\/urbanspot-logo.svg\",\"width\":185,\"height\":40,\"caption\":\"UrbanSpot\"},\"image\":{\"@id\":\"https:\\\/\\\/www.urbanspot.si\\\/#\\\/schema\\\/logo\\\/image\\\/\"},\"sameAs\":[\"https:\\\/\\\/www.facebook.com\\\/urbanspot.si\"]}]}<\/script>\n<!-- \/ Yoast SEO plugin. -->","yoast_head_json":{"title":"Urbie AmazingThing za\u0161titna folija za cijeli zaslon za Samsung Galaxy S24+ -","robots":{"index":"index","follow":"follow","max-snippet":"max-snippet:-1","max-image-preview":"max-image-preview:large","max-video-preview":"max-video-preview:-1"},"canonical":"https:\/\/www.urbanspot.si\/hr\/proizvod-2\/zastitnik-zaslona-s-potpunom-pokrivenoscu-za-urbie-amazingthing-samsung-galaxy-s24\/","og_locale":"hr_HR","og_type":"article","og_title":"Celotno za\u0161\u010ditno steklo Urbie AmazingThing Samsung Galaxy S24+ -","og_description":"Privacy celotno za\u0161\u010ditno steklo bo va\u0161emu telefonu nudil odli\u010dno za\u0161\u010dito pred umazanijo, praskami in udarci. Steklo vam omogo\u010da nemoteno uporabo va\u0161ega pametnega telefona brez skrbi zaradi prask ali drugih po\u0161kodb ter poskrbi za za\u0161\u010dito pred pogledi.","og_url":"https:\/\/www.urbanspot.si\/hr\/proizvod-2\/zastitnik-zaslona-s-potpunom-pokrivenoscu-za-urbie-amazingthing-samsung-galaxy-s24\/","article_publisher":"https:\/\/www.facebook.com\/urbanspot.si","article_modified_time":"2026-03-18T13:51:43+00:00","og_image":[{"width":1500,"height":1500,"url":"https:\/\/www.urbanspot.si\/wp-content\/uploads\/s24-plus-privacy.png","type":"image\/png"}],"twitter_card":"summary_large_image","twitter_misc":{"Procijenjeno vrijeme \u010ditanja":"1 minuta"},"schema":{"@context":"https:\/\/schema.org","@graph":[{"@type":"WebPage","@id":"https:\/\/www.urbanspot.si\/produkt\/celotno-zascitno-steklo-urbie-amazingthing-samsung-galaxy-s24\/","url":"https:\/\/www.urbanspot.si\/produkt\/celotno-zascitno-steklo-urbie-amazingthing-samsung-galaxy-s24\/","name":"Urbie AmazingThing za\u0161titna folija za cijeli zaslon za Samsung Galaxy S24+ -","isPartOf":{"@id":"https:\/\/www.urbanspot.si\/#website"},"primaryImageOfPage":{"@id":"https:\/\/www.urbanspot.si\/produkt\/celotno-zascitno-steklo-urbie-amazingthing-samsung-galaxy-s24\/#primaryimage"},"image":{"@id":"https:\/\/www.urbanspot.si\/produkt\/celotno-zascitno-steklo-urbie-amazingthing-samsung-galaxy-s24\/#primaryimage"},"thumbnailUrl":"https:\/\/www.urbanspot.si\/wp-content\/uploads\/s24-plus-privacy.png","datePublished":"2024-10-07T12:52:33+00:00","dateModified":"2026-03-18T13:51:43+00:00","breadcrumb":{"@id":"https:\/\/www.urbanspot.si\/produkt\/celotno-zascitno-steklo-urbie-amazingthing-samsung-galaxy-s24\/#breadcrumb"},"inLanguage":"hr","potentialAction":[{"@type":"ReadAction","target":["https:\/\/www.urbanspot.si\/produkt\/celotno-zascitno-steklo-urbie-amazingthing-samsung-galaxy-s24\/"]}]},{"@type":"ImageObject","inLanguage":"hr","@id":"https:\/\/www.urbanspot.si\/produkt\/celotno-zascitno-steklo-urbie-amazingthing-samsung-galaxy-s24\/#primaryimage","url":"https:\/\/www.urbanspot.si\/wp-content\/uploads\/s24-plus-privacy.png","contentUrl":"https:\/\/www.urbanspot.si\/wp-content\/uploads\/s24-plus-privacy.png","width":1500,"height":1500},{"@type":"BreadcrumbList","@id":"https:\/\/www.urbanspot.si\/produkt\/celotno-zascitno-steklo-urbie-amazingthing-samsung-galaxy-s24\/#breadcrumb","itemListElement":[{"@type":"ListItem","position":1,"name":"Home","item":"https:\/\/www.urbanspot.si\/"},{"@type":"ListItem","position":2,"name":"Shop","item":"https:\/\/www.urbanspot.si\/shop\/"},{"@type":"ListItem","position":3,"name":"Celotno za\u0161\u010ditno steklo Urbie AmazingThing Samsung Galaxy S24+"}]},{"@type":"WebSite","@id":"https:\/\/www.urbanspot.si\/#website","url":"https:\/\/www.urbanspot.si\/","name":"UrbanSpot","description":"","publisher":{"@id":"https:\/\/www.urbanspot.si\/#organization"},"potentialAction":[{"@type":"SearchAction","target":{"@type":"EntryPoint","urlTemplate":"https:\/\/www.urbanspot.si\/?s={search_term_string}"},"query-input":{"@type":"PropertyValueSpecification","valueRequired":true,"valueName":"search_term_string"}}],"inLanguage":"hr"},{"@type":"Organization","@id":"https:\/\/www.urbanspot.si\/#organization","name":"UrbanSpot","url":"https:\/\/www.urbanspot.si\/","logo":{"@type":"ImageObject","inLanguage":"hr","@id":"https:\/\/www.urbanspot.si\/#\/schema\/logo\/image\/","url":"https:\/\/www.urbanspot.si\/wp-content\/uploads\/urbanspot-logo.svg","contentUrl":"https:\/\/www.urbanspot.si\/wp-content\/uploads\/urbanspot-logo.svg","width":185,"height":40,"caption":"UrbanSpot"},"image":{"@id":"https:\/\/www.urbanspot.si\/#\/schema\/logo\/image\/"},"sameAs":["https:\/\/www.facebook.com\/urbanspot.si"]}]}},"_links":{"self":[{"href":"https:\/\/www.urbanspot.si\/hr\/wp-json\/wp\/v2\/product\/19098","targetHints":{"allow":["GET"]}}],"collection":[{"href":"https:\/\/www.urbanspot.si\/hr\/wp-json\/wp\/v2\/product"}],"about":[{"href":"https:\/\/www.urbanspot.si\/hr\/wp-json\/wp\/v2\/types\/product"}],"replies":[{"embeddable":true,"href":"https:\/\/www.urbanspot.si\/hr\/wp-json\/wp\/v2\/comments?post=19098"}],"version-history":[{"count":2,"href":"https:\/\/www.urbanspot.si\/hr\/wp-json\/wp\/v2\/product\/19098\/revisions"}],"predecessor-version":[{"id":19790,"href":"https:\/\/www.urbanspot.si\/hr\/wp-json\/wp\/v2\/product\/19098\/revisions\/19790"}],"wp:featuredmedia":[{"embeddable":true,"href":"https:\/\/www.urbanspot.si\/hr\/wp-json\/wp\/v2\/media\/19099"}],"wp:attachment":[{"href":"https:\/\/www.urbanspot.si\/hr\/wp-json\/wp\/v2\/media?parent=19098"}],"wp:term":[{"taxonomy":"product_brand","embeddable":true,"href":"https:\/\/www.urbanspot.si\/hr\/wp-json\/wp\/v2\/product_brand?post=19098"},{"taxonomy":"product_cat","embeddable":true,"href":"https:\/\/www.urbanspot.si\/hr\/wp-json\/wp\/v2\/product_cat?post=19098"},{"taxonomy":"product_tag","embeddable":true,"href":"https:\/\/www.urbanspot.si\/hr\/wp-json\/wp\/v2\/product_tag?post=19098"}],"curies":[{"name":"radni list","href":"https:\/\/api.w.org\/{rel}","templated":true}]}}