{"id":19196,"date":"2024-10-15T10:10:26","date_gmt":"2024-10-15T08:10:26","guid":{"rendered":"https:\/\/www.urbanspot.si\/?post_type=product&#038;p=19196"},"modified":"2026-03-18T15:51:39","modified_gmt":"2026-03-18T13:51:39","slug":"xiaomi-essential-redmi-buds-bezicne-slusalice-crne-boje","status":"publish","type":"product","link":"https:\/\/www.urbanspot.si\/hr\/produkt\/xiaomi-essential-redmi-buds-brezzicne-slusalke-crne\/","title":{"rendered":"Xiaomi Essential Redmi Buds be\u017ei\u010dne slu\u0161alice, crne"},"content":{"rendered":"<p><strong>Xiaomi Essential Redmi Buds<\/strong> Lagane i udobne, ove slu\u0161alice zadovoljavaju potrebe svih entuzijasta. Otporne su na vodu i znoj, pa su prikladne za ve\u0107inu aktivnosti.<\/p>\n<p>&nbsp;<\/p>\n<p><strong>Tehni\u010dke zna\u010dajke:<\/strong><\/p>\n<ul>\n<li>Vrsta slu\u0161alica: Be\u017ei\u010dne slu\u0161alice<\/li>\n<li>Kompatibilnost ure\u0111aja: Android, iOS<\/li>\n<li>Upravljanje dodirom: DA, upravljanje pozivima\/glazbom\/na\u010dinom rada, dvostruki dodir, dr\u017eanje ili kori\u0161tenje neke od drugih dodirnih operacija za prebacivanje izme\u0111u na\u010dina rada - jednostavno, prakti\u010dno i u\u010dinkovito<\/li>\n<li>Tehnologija: Bluetooth 5.2 tehnologija<\/li>\n<li>Ugra\u0111eni mikrofon: s funkcijom poni\u0161tavanja buke<\/li>\n<li>Otpornost: IPX4 otpornost na vodu, pra\u0161inu i znoj<\/li>\n<li>Vrijeme reprodukcije (s jednim punjenjem): do 5 sati<\/li>\n<li>Vrijeme reprodukcije (s punja\u010dem): do 18 sati<\/li>\n<li>Ergonomski dizajn<\/li>\n<li>Ulaz za punjenje: microUSB<\/li>\n<li>Te\u017eina s punja\u010dem: 35 g<\/li>\n<li>Boja: crna<\/li>\n<\/ul>","protected":false},"excerpt":{"rendered":"<p>Lagane i moderne slu\u0161alice\u00a0<strong>Xiaomi Redmi Buds ESSENTIAL<\/strong>\u00a0mogu se pohvaliti iznimnom kvalitetom zvuka i mikrofonima s tehnologijom\u00a0<strong>Poni\u0161tavanje buke<\/strong>, za zvuk bez \u0161uma i smetnji tijekom telefonskih razgovora.<\/p>","protected":false},"featured_media":19199,"comment_status":"open","ping_status":"closed","template":"","meta":[],"product_brand":[],"product_cat":[104,91,306],"product_tag":[],"class_list":{"0":"post-19196","1":"product","2":"type-product","3":"status-publish","4":"has-post-thumbnail","6":"product_cat-dodatna-oprema","7":"product_cat-razprodaja","8":"product_cat-slusalke","10":"first","11":"outofstock","12":"sale","13":"taxable","14":"shipping-taxable","15":"purchasable","16":"product-type-simple"},"yoast_head":"<!-- This site is optimized with the Yoast SEO plugin v27.4 - https:\/\/yoast.com\/product\/yoast-seo-wordpress\/ -->\n<title>Xiaomi Essential Redmi Buds brez\u017ei\u010dne slu\u0161alke, \u010drne -<\/title>\n<meta name=\"robots\" content=\"index, follow, max-snippet:-1, max-image-preview:large, max-video-preview:-1\" \/>\n<link rel=\"canonical\" href=\"https:\/\/www.urbanspot.si\/hr\/proizvod-2\/xiaomi-essential-redmi-buds-bezicne-slusalice-crne-boje\/\" \/>\n<meta property=\"og:locale\" content=\"hr_HR\" \/>\n<meta property=\"og:type\" content=\"article\" \/>\n<meta property=\"og:title\" content=\"Xiaomi Essential Redmi Buds brez\u017ei\u010dne slu\u0161alke, \u010drne -\" \/>\n<meta property=\"og:description\" content=\"Lahke in moderne slu\u0161alke\u00a0Xiaomi Redmi Buds ESSENTIAL\u00a0se pona\u0161ajo z\u00a0izjemno kakovostno zvo\u010dno reprodukcijo in mikrofoni s\u00a0tehnologijo\u00a0Noise Cancellation, za zvok brez \u0161umenja in motenj pri telefonskih pogovorih.\" \/>\n<meta property=\"og:url\" content=\"https:\/\/www.urbanspot.si\/hr\/proizvod-2\/xiaomi-essential-redmi-buds-bezicne-slusalice-crne-boje\/\" \/>\n<meta property=\"article:publisher\" content=\"https:\/\/www.facebook.com\/urbanspot.si\" \/>\n<meta property=\"article:modified_time\" content=\"2026-03-18T13:51:39+00:00\" \/>\n<meta property=\"og:image\" content=\"https:\/\/www.urbanspot.si\/wp-content\/uploads\/xiaomi-buds3.webp\" \/>\n\t<meta property=\"og:image:width\" content=\"1300\" \/>\n\t<meta property=\"og:image:height\" content=\"1300\" \/>\n\t<meta property=\"og:image:type\" content=\"image\/webp\" \/>\n<meta name=\"twitter:card\" content=\"summary_large_image\" \/>\n<meta name=\"twitter:label1\" content=\"Procijenjeno vrijeme \u010ditanja\" \/>\n\t<meta name=\"twitter:data1\" content=\"1 minuta\" \/>\n<script type=\"application\/ld+json\" class=\"yoast-schema-graph\">{\"@context\":\"https:\\\/\\\/schema.org\",\"@graph\":[{\"@type\":\"WebPage\",\"@id\":\"https:\\\/\\\/www.urbanspot.si\\\/produkt\\\/xiaomi-essential-redmi-buds-brezzicne-slusalke-crne\\\/\",\"url\":\"https:\\\/\\\/www.urbanspot.si\\\/produkt\\\/xiaomi-essential-redmi-buds-brezzicne-slusalke-crne\\\/\",\"name\":\"Xiaomi Essential Redmi Buds brez\u017ei\u010dne slu\u0161alke, \u010drne -\",\"isPartOf\":{\"@id\":\"https:\\\/\\\/www.urbanspot.si\\\/#website\"},\"primaryImageOfPage\":{\"@id\":\"https:\\\/\\\/www.urbanspot.si\\\/produkt\\\/xiaomi-essential-redmi-buds-brezzicne-slusalke-crne\\\/#primaryimage\"},\"image\":{\"@id\":\"https:\\\/\\\/www.urbanspot.si\\\/produkt\\\/xiaomi-essential-redmi-buds-brezzicne-slusalke-crne\\\/#primaryimage\"},\"thumbnailUrl\":\"https:\\\/\\\/www.urbanspot.si\\\/wp-content\\\/uploads\\\/xiaomi-buds3.webp\",\"datePublished\":\"2024-10-15T08:10:26+00:00\",\"dateModified\":\"2026-03-18T13:51:39+00:00\",\"breadcrumb\":{\"@id\":\"https:\\\/\\\/www.urbanspot.si\\\/produkt\\\/xiaomi-essential-redmi-buds-brezzicne-slusalke-crne\\\/#breadcrumb\"},\"inLanguage\":\"hr\",\"potentialAction\":[{\"@type\":\"ReadAction\",\"target\":[\"https:\\\/\\\/www.urbanspot.si\\\/produkt\\\/xiaomi-essential-redmi-buds-brezzicne-slusalke-crne\\\/\"]}]},{\"@type\":\"ImageObject\",\"inLanguage\":\"hr\",\"@id\":\"https:\\\/\\\/www.urbanspot.si\\\/produkt\\\/xiaomi-essential-redmi-buds-brezzicne-slusalke-crne\\\/#primaryimage\",\"url\":\"https:\\\/\\\/www.urbanspot.si\\\/wp-content\\\/uploads\\\/xiaomi-buds3.webp\",\"contentUrl\":\"https:\\\/\\\/www.urbanspot.si\\\/wp-content\\\/uploads\\\/xiaomi-buds3.webp\",\"width\":1300,\"height\":1300},{\"@type\":\"BreadcrumbList\",\"@id\":\"https:\\\/\\\/www.urbanspot.si\\\/produkt\\\/xiaomi-essential-redmi-buds-brezzicne-slusalke-crne\\\/#breadcrumb\",\"itemListElement\":[{\"@type\":\"ListItem\",\"position\":1,\"name\":\"Home\",\"item\":\"https:\\\/\\\/www.urbanspot.si\\\/\"},{\"@type\":\"ListItem\",\"position\":2,\"name\":\"Shop\",\"item\":\"https:\\\/\\\/www.urbanspot.si\\\/shop\\\/\"},{\"@type\":\"ListItem\",\"position\":3,\"name\":\"Xiaomi Essential Redmi Buds brez\u017ei\u010dne slu\u0161alke, \u010drne\"}]},{\"@type\":\"WebSite\",\"@id\":\"https:\\\/\\\/www.urbanspot.si\\\/#website\",\"url\":\"https:\\\/\\\/www.urbanspot.si\\\/\",\"name\":\"UrbanSpot\",\"description\":\"\",\"publisher\":{\"@id\":\"https:\\\/\\\/www.urbanspot.si\\\/#organization\"},\"potentialAction\":[{\"@type\":\"SearchAction\",\"target\":{\"@type\":\"EntryPoint\",\"urlTemplate\":\"https:\\\/\\\/www.urbanspot.si\\\/?s={search_term_string}\"},\"query-input\":{\"@type\":\"PropertyValueSpecification\",\"valueRequired\":true,\"valueName\":\"search_term_string\"}}],\"inLanguage\":\"hr\"},{\"@type\":\"Organization\",\"@id\":\"https:\\\/\\\/www.urbanspot.si\\\/#organization\",\"name\":\"UrbanSpot\",\"url\":\"https:\\\/\\\/www.urbanspot.si\\\/\",\"logo\":{\"@type\":\"ImageObject\",\"inLanguage\":\"hr\",\"@id\":\"https:\\\/\\\/www.urbanspot.si\\\/#\\\/schema\\\/logo\\\/image\\\/\",\"url\":\"https:\\\/\\\/www.urbanspot.si\\\/wp-content\\\/uploads\\\/urbanspot-logo.svg\",\"contentUrl\":\"https:\\\/\\\/www.urbanspot.si\\\/wp-content\\\/uploads\\\/urbanspot-logo.svg\",\"width\":185,\"height\":40,\"caption\":\"UrbanSpot\"},\"image\":{\"@id\":\"https:\\\/\\\/www.urbanspot.si\\\/#\\\/schema\\\/logo\\\/image\\\/\"},\"sameAs\":[\"https:\\\/\\\/www.facebook.com\\\/urbanspot.si\"]}]}<\/script>\n<!-- \/ Yoast SEO plugin. -->","yoast_head_json":{"title":"Xiaomi Essential Redmi Buds brez\u017ei\u010dne slu\u0161alke, \u010drne -","robots":{"index":"index","follow":"follow","max-snippet":"max-snippet:-1","max-image-preview":"max-image-preview:large","max-video-preview":"max-video-preview:-1"},"canonical":"https:\/\/www.urbanspot.si\/hr\/proizvod-2\/xiaomi-essential-redmi-buds-bezicne-slusalice-crne-boje\/","og_locale":"hr_HR","og_type":"article","og_title":"Xiaomi Essential Redmi Buds brez\u017ei\u010dne slu\u0161alke, \u010drne -","og_description":"Lahke in moderne slu\u0161alke\u00a0Xiaomi Redmi Buds ESSENTIAL\u00a0se pona\u0161ajo z\u00a0izjemno kakovostno zvo\u010dno reprodukcijo in mikrofoni s\u00a0tehnologijo\u00a0Noise Cancellation, za zvok brez \u0161umenja in motenj pri telefonskih pogovorih.","og_url":"https:\/\/www.urbanspot.si\/hr\/proizvod-2\/xiaomi-essential-redmi-buds-bezicne-slusalice-crne-boje\/","article_publisher":"https:\/\/www.facebook.com\/urbanspot.si","article_modified_time":"2026-03-18T13:51:39+00:00","og_image":[{"width":1300,"height":1300,"url":"https:\/\/www.urbanspot.si\/wp-content\/uploads\/xiaomi-buds3.webp","type":"image\/webp"}],"twitter_card":"summary_large_image","twitter_misc":{"Procijenjeno vrijeme \u010ditanja":"1 minuta"},"schema":{"@context":"https:\/\/schema.org","@graph":[{"@type":"WebPage","@id":"https:\/\/www.urbanspot.si\/produkt\/xiaomi-essential-redmi-buds-brezzicne-slusalke-crne\/","url":"https:\/\/www.urbanspot.si\/produkt\/xiaomi-essential-redmi-buds-brezzicne-slusalke-crne\/","name":"Xiaomi Essential Redmi Buds brez\u017ei\u010dne slu\u0161alke, \u010drne -","isPartOf":{"@id":"https:\/\/www.urbanspot.si\/#website"},"primaryImageOfPage":{"@id":"https:\/\/www.urbanspot.si\/produkt\/xiaomi-essential-redmi-buds-brezzicne-slusalke-crne\/#primaryimage"},"image":{"@id":"https:\/\/www.urbanspot.si\/produkt\/xiaomi-essential-redmi-buds-brezzicne-slusalke-crne\/#primaryimage"},"thumbnailUrl":"https:\/\/www.urbanspot.si\/wp-content\/uploads\/xiaomi-buds3.webp","datePublished":"2024-10-15T08:10:26+00:00","dateModified":"2026-03-18T13:51:39+00:00","breadcrumb":{"@id":"https:\/\/www.urbanspot.si\/produkt\/xiaomi-essential-redmi-buds-brezzicne-slusalke-crne\/#breadcrumb"},"inLanguage":"hr","potentialAction":[{"@type":"ReadAction","target":["https:\/\/www.urbanspot.si\/produkt\/xiaomi-essential-redmi-buds-brezzicne-slusalke-crne\/"]}]},{"@type":"ImageObject","inLanguage":"hr","@id":"https:\/\/www.urbanspot.si\/produkt\/xiaomi-essential-redmi-buds-brezzicne-slusalke-crne\/#primaryimage","url":"https:\/\/www.urbanspot.si\/wp-content\/uploads\/xiaomi-buds3.webp","contentUrl":"https:\/\/www.urbanspot.si\/wp-content\/uploads\/xiaomi-buds3.webp","width":1300,"height":1300},{"@type":"BreadcrumbList","@id":"https:\/\/www.urbanspot.si\/produkt\/xiaomi-essential-redmi-buds-brezzicne-slusalke-crne\/#breadcrumb","itemListElement":[{"@type":"ListItem","position":1,"name":"Home","item":"https:\/\/www.urbanspot.si\/"},{"@type":"ListItem","position":2,"name":"Shop","item":"https:\/\/www.urbanspot.si\/shop\/"},{"@type":"ListItem","position":3,"name":"Xiaomi Essential Redmi Buds brez\u017ei\u010dne slu\u0161alke, \u010drne"}]},{"@type":"WebSite","@id":"https:\/\/www.urbanspot.si\/#website","url":"https:\/\/www.urbanspot.si\/","name":"UrbanSpot","description":"","publisher":{"@id":"https:\/\/www.urbanspot.si\/#organization"},"potentialAction":[{"@type":"SearchAction","target":{"@type":"EntryPoint","urlTemplate":"https:\/\/www.urbanspot.si\/?s={search_term_string}"},"query-input":{"@type":"PropertyValueSpecification","valueRequired":true,"valueName":"search_term_string"}}],"inLanguage":"hr"},{"@type":"Organization","@id":"https:\/\/www.urbanspot.si\/#organization","name":"UrbanSpot","url":"https:\/\/www.urbanspot.si\/","logo":{"@type":"ImageObject","inLanguage":"hr","@id":"https:\/\/www.urbanspot.si\/#\/schema\/logo\/image\/","url":"https:\/\/www.urbanspot.si\/wp-content\/uploads\/urbanspot-logo.svg","contentUrl":"https:\/\/www.urbanspot.si\/wp-content\/uploads\/urbanspot-logo.svg","width":185,"height":40,"caption":"UrbanSpot"},"image":{"@id":"https:\/\/www.urbanspot.si\/#\/schema\/logo\/image\/"},"sameAs":["https:\/\/www.facebook.com\/urbanspot.si"]}]}},"_links":{"self":[{"href":"https:\/\/www.urbanspot.si\/hr\/wp-json\/wp\/v2\/product\/19196","targetHints":{"allow":["GET"]}}],"collection":[{"href":"https:\/\/www.urbanspot.si\/hr\/wp-json\/wp\/v2\/product"}],"about":[{"href":"https:\/\/www.urbanspot.si\/hr\/wp-json\/wp\/v2\/types\/product"}],"replies":[{"embeddable":true,"href":"https:\/\/www.urbanspot.si\/hr\/wp-json\/wp\/v2\/comments?post=19196"}],"version-history":[{"count":2,"href":"https:\/\/www.urbanspot.si\/hr\/wp-json\/wp\/v2\/product\/19196\/revisions"}],"predecessor-version":[{"id":20977,"href":"https:\/\/www.urbanspot.si\/hr\/wp-json\/wp\/v2\/product\/19196\/revisions\/20977"}],"wp:featuredmedia":[{"embeddable":true,"href":"https:\/\/www.urbanspot.si\/hr\/wp-json\/wp\/v2\/media\/19199"}],"wp:attachment":[{"href":"https:\/\/www.urbanspot.si\/hr\/wp-json\/wp\/v2\/media?parent=19196"}],"wp:term":[{"taxonomy":"product_brand","embeddable":true,"href":"https:\/\/www.urbanspot.si\/hr\/wp-json\/wp\/v2\/product_brand?post=19196"},{"taxonomy":"product_cat","embeddable":true,"href":"https:\/\/www.urbanspot.si\/hr\/wp-json\/wp\/v2\/product_cat?post=19196"},{"taxonomy":"product_tag","embeddable":true,"href":"https:\/\/www.urbanspot.si\/hr\/wp-json\/wp\/v2\/product_tag?post=19196"}],"curies":[{"name":"radni list","href":"https:\/\/api.w.org\/{rel}","templated":true}]}}