{"id":19210,"date":"2024-10-15T10:32:44","date_gmt":"2024-10-15T08:32:44","guid":{"rendered":"https:\/\/www.urbanspot.si\/?post_type=product&#038;p=19210"},"modified":"2026-03-18T15:51:39","modified_gmt":"2026-03-18T13:51:39","slug":"bezicne-slusalice-baseus-bowie-e18-bijele-boje","status":"publish","type":"product","link":"https:\/\/www.urbanspot.si\/hr\/produkt\/baseus-bowie-e18-brezzicne-slusalke-bele\/","title":{"rendered":"Be\u017ei\u010dne slu\u0161alice Baseus Bowie E18, bijele"},"content":{"rendered":"<p><strong>Baseus Bowie E18<\/strong> Lagane i udobne, ove slu\u0161alice zadovoljavaju potrebe svih entuzijasta. Otporne su na vodu i znoj, pa su prikladne za ve\u0107inu aktivnosti.<\/p>\n<p>&nbsp;<\/p>\n<p><strong>Tehni\u010dke zna\u010dajke:<\/strong><\/p>\n<ul>\n<li>Vrsta slu\u0161alica: Be\u017ei\u010dne slu\u0161alice<\/li>\n<li>Kompatibilnost ure\u0111aja: Android, iOS<\/li>\n<li>Kapacitet baterije: Slu\u0161alice 40 mAh\/0,148 Wh Punja\u010d: 300 mAh\/1,11 Wh<\/li>\n<li>Tehnologija: Bluetooth 5.3 tehnologija<\/li>\n<li>Vrijeme punjenja: 1,5 h<\/li>\n<li>Otpornost: IPX4 otpornost na vodu, pra\u0161inu i znoj<\/li>\n<li>Vrijeme reprodukcije (s jednim punjenjem): do 25 sati<\/li>\n<li>Ergonomski dizajn<\/li>\n<li>Ulaz za punjenje: USB-C<\/li>\n<li>Boja: bijela<\/li>\n<\/ul>","protected":false},"excerpt":{"rendered":"<p>Baseus Bowie E18 TWS IPX4 slu\u0161alice s mikromembranom za preciznu kvalitetu zvuka, 25 sati trajanja baterije, IPX4 otpornost, pobolj\u0161anu kvalitetu poziva i Bluetooth 5.3. Savr\u0161ene za aktivne ljude koji cijene kvalitetu i udobnost.<\/p>","protected":false},"featured_media":19211,"comment_status":"open","ping_status":"closed","template":"","meta":[],"product_brand":[],"product_cat":[104,91,306],"product_tag":[],"class_list":{"0":"post-19210","1":"product","2":"type-product","3":"status-publish","4":"has-post-thumbnail","6":"product_cat-dodatna-oprema","7":"product_cat-razprodaja","8":"product_cat-slusalke","10":"first","11":"outofstock","12":"sale","13":"taxable","14":"shipping-taxable","15":"purchasable","16":"product-type-simple"},"yoast_head":"<!-- This site is optimized with the Yoast SEO plugin v27.4 - https:\/\/yoast.com\/product\/yoast-seo-wordpress\/ -->\n<title>Baseus Bowie E18 brez\u017ei\u010dne slu\u0161alke, bele -<\/title>\n<meta name=\"robots\" content=\"index, follow, max-snippet:-1, max-image-preview:large, max-video-preview:-1\" \/>\n<link rel=\"canonical\" href=\"https:\/\/www.urbanspot.si\/hr\/proizvod-2\/bezicne-slusalice-baseus-bowie-e18-bijele-boje\/\" \/>\n<meta property=\"og:locale\" content=\"hr_HR\" \/>\n<meta property=\"og:type\" content=\"article\" \/>\n<meta property=\"og:title\" content=\"Baseus Bowie E18 brez\u017ei\u010dne slu\u0161alke, bele -\" \/>\n<meta property=\"og:description\" content=\"Slu\u0161alke Baseus Bowie E18 TWS IPX4 z mikromembrano za natan\u010dno kakovost zvoka, 25-urno \u017eivljenjsko dobo baterije, odpornost IPX4, izbolj\u0161ano kakovost klicev in Bluetooth 5.3. Popoln za aktivne ljudi, ki cenijo kakovost in udobje.\" \/>\n<meta property=\"og:url\" content=\"https:\/\/www.urbanspot.si\/hr\/proizvod-2\/bezicne-slusalice-baseus-bowie-e18-bijele-boje\/\" \/>\n<meta property=\"article:publisher\" content=\"https:\/\/www.facebook.com\/urbanspot.si\" \/>\n<meta property=\"article:modified_time\" content=\"2026-03-18T13:51:39+00:00\" \/>\n<meta property=\"og:image\" content=\"https:\/\/www.urbanspot.si\/wp-content\/uploads\/baseus-bowie-e18-bele.webp\" \/>\n\t<meta property=\"og:image:width\" content=\"1299\" \/>\n\t<meta property=\"og:image:height\" content=\"1300\" \/>\n\t<meta property=\"og:image:type\" content=\"image\/webp\" \/>\n<meta name=\"twitter:card\" content=\"summary_large_image\" \/>\n<meta name=\"twitter:label1\" content=\"Procijenjeno vrijeme \u010ditanja\" \/>\n\t<meta name=\"twitter:data1\" content=\"1 minuta\" \/>\n<script type=\"application\/ld+json\" class=\"yoast-schema-graph\">{\"@context\":\"https:\\\/\\\/schema.org\",\"@graph\":[{\"@type\":\"WebPage\",\"@id\":\"https:\\\/\\\/www.urbanspot.si\\\/produkt\\\/baseus-bowie-e18-brezzicne-slusalke-bele\\\/\",\"url\":\"https:\\\/\\\/www.urbanspot.si\\\/produkt\\\/baseus-bowie-e18-brezzicne-slusalke-bele\\\/\",\"name\":\"Baseus Bowie E18 brez\u017ei\u010dne slu\u0161alke, bele -\",\"isPartOf\":{\"@id\":\"https:\\\/\\\/www.urbanspot.si\\\/#website\"},\"primaryImageOfPage\":{\"@id\":\"https:\\\/\\\/www.urbanspot.si\\\/produkt\\\/baseus-bowie-e18-brezzicne-slusalke-bele\\\/#primaryimage\"},\"image\":{\"@id\":\"https:\\\/\\\/www.urbanspot.si\\\/produkt\\\/baseus-bowie-e18-brezzicne-slusalke-bele\\\/#primaryimage\"},\"thumbnailUrl\":\"https:\\\/\\\/www.urbanspot.si\\\/wp-content\\\/uploads\\\/baseus-bowie-e18-bele.webp\",\"datePublished\":\"2024-10-15T08:32:44+00:00\",\"dateModified\":\"2026-03-18T13:51:39+00:00\",\"breadcrumb\":{\"@id\":\"https:\\\/\\\/www.urbanspot.si\\\/produkt\\\/baseus-bowie-e18-brezzicne-slusalke-bele\\\/#breadcrumb\"},\"inLanguage\":\"hr\",\"potentialAction\":[{\"@type\":\"ReadAction\",\"target\":[\"https:\\\/\\\/www.urbanspot.si\\\/produkt\\\/baseus-bowie-e18-brezzicne-slusalke-bele\\\/\"]}]},{\"@type\":\"ImageObject\",\"inLanguage\":\"hr\",\"@id\":\"https:\\\/\\\/www.urbanspot.si\\\/produkt\\\/baseus-bowie-e18-brezzicne-slusalke-bele\\\/#primaryimage\",\"url\":\"https:\\\/\\\/www.urbanspot.si\\\/wp-content\\\/uploads\\\/baseus-bowie-e18-bele.webp\",\"contentUrl\":\"https:\\\/\\\/www.urbanspot.si\\\/wp-content\\\/uploads\\\/baseus-bowie-e18-bele.webp\",\"width\":1299,\"height\":1300},{\"@type\":\"BreadcrumbList\",\"@id\":\"https:\\\/\\\/www.urbanspot.si\\\/produkt\\\/baseus-bowie-e18-brezzicne-slusalke-bele\\\/#breadcrumb\",\"itemListElement\":[{\"@type\":\"ListItem\",\"position\":1,\"name\":\"Home\",\"item\":\"https:\\\/\\\/www.urbanspot.si\\\/\"},{\"@type\":\"ListItem\",\"position\":2,\"name\":\"Shop\",\"item\":\"https:\\\/\\\/www.urbanspot.si\\\/shop\\\/\"},{\"@type\":\"ListItem\",\"position\":3,\"name\":\"Baseus Bowie E18 brez\u017ei\u010dne slu\u0161alke, bele\"}]},{\"@type\":\"WebSite\",\"@id\":\"https:\\\/\\\/www.urbanspot.si\\\/#website\",\"url\":\"https:\\\/\\\/www.urbanspot.si\\\/\",\"name\":\"UrbanSpot\",\"description\":\"\",\"publisher\":{\"@id\":\"https:\\\/\\\/www.urbanspot.si\\\/#organization\"},\"potentialAction\":[{\"@type\":\"SearchAction\",\"target\":{\"@type\":\"EntryPoint\",\"urlTemplate\":\"https:\\\/\\\/www.urbanspot.si\\\/?s={search_term_string}\"},\"query-input\":{\"@type\":\"PropertyValueSpecification\",\"valueRequired\":true,\"valueName\":\"search_term_string\"}}],\"inLanguage\":\"hr\"},{\"@type\":\"Organization\",\"@id\":\"https:\\\/\\\/www.urbanspot.si\\\/#organization\",\"name\":\"UrbanSpot\",\"url\":\"https:\\\/\\\/www.urbanspot.si\\\/\",\"logo\":{\"@type\":\"ImageObject\",\"inLanguage\":\"hr\",\"@id\":\"https:\\\/\\\/www.urbanspot.si\\\/#\\\/schema\\\/logo\\\/image\\\/\",\"url\":\"https:\\\/\\\/www.urbanspot.si\\\/wp-content\\\/uploads\\\/urbanspot-logo.svg\",\"contentUrl\":\"https:\\\/\\\/www.urbanspot.si\\\/wp-content\\\/uploads\\\/urbanspot-logo.svg\",\"width\":185,\"height\":40,\"caption\":\"UrbanSpot\"},\"image\":{\"@id\":\"https:\\\/\\\/www.urbanspot.si\\\/#\\\/schema\\\/logo\\\/image\\\/\"},\"sameAs\":[\"https:\\\/\\\/www.facebook.com\\\/urbanspot.si\"]}]}<\/script>\n<!-- \/ Yoast SEO plugin. -->","yoast_head_json":{"title":"Baseus Bowie E18 brez\u017ei\u010dne slu\u0161alke, bele -","robots":{"index":"index","follow":"follow","max-snippet":"max-snippet:-1","max-image-preview":"max-image-preview:large","max-video-preview":"max-video-preview:-1"},"canonical":"https:\/\/www.urbanspot.si\/hr\/proizvod-2\/bezicne-slusalice-baseus-bowie-e18-bijele-boje\/","og_locale":"hr_HR","og_type":"article","og_title":"Baseus Bowie E18 brez\u017ei\u010dne slu\u0161alke, bele -","og_description":"Slu\u0161alke Baseus Bowie E18 TWS IPX4 z mikromembrano za natan\u010dno kakovost zvoka, 25-urno \u017eivljenjsko dobo baterije, odpornost IPX4, izbolj\u0161ano kakovost klicev in Bluetooth 5.3. Popoln za aktivne ljudi, ki cenijo kakovost in udobje.","og_url":"https:\/\/www.urbanspot.si\/hr\/proizvod-2\/bezicne-slusalice-baseus-bowie-e18-bijele-boje\/","article_publisher":"https:\/\/www.facebook.com\/urbanspot.si","article_modified_time":"2026-03-18T13:51:39+00:00","og_image":[{"width":1299,"height":1300,"url":"https:\/\/www.urbanspot.si\/wp-content\/uploads\/baseus-bowie-e18-bele.webp","type":"image\/webp"}],"twitter_card":"summary_large_image","twitter_misc":{"Procijenjeno vrijeme \u010ditanja":"1 minuta"},"schema":{"@context":"https:\/\/schema.org","@graph":[{"@type":"WebPage","@id":"https:\/\/www.urbanspot.si\/produkt\/baseus-bowie-e18-brezzicne-slusalke-bele\/","url":"https:\/\/www.urbanspot.si\/produkt\/baseus-bowie-e18-brezzicne-slusalke-bele\/","name":"Baseus Bowie E18 brez\u017ei\u010dne slu\u0161alke, bele -","isPartOf":{"@id":"https:\/\/www.urbanspot.si\/#website"},"primaryImageOfPage":{"@id":"https:\/\/www.urbanspot.si\/produkt\/baseus-bowie-e18-brezzicne-slusalke-bele\/#primaryimage"},"image":{"@id":"https:\/\/www.urbanspot.si\/produkt\/baseus-bowie-e18-brezzicne-slusalke-bele\/#primaryimage"},"thumbnailUrl":"https:\/\/www.urbanspot.si\/wp-content\/uploads\/baseus-bowie-e18-bele.webp","datePublished":"2024-10-15T08:32:44+00:00","dateModified":"2026-03-18T13:51:39+00:00","breadcrumb":{"@id":"https:\/\/www.urbanspot.si\/produkt\/baseus-bowie-e18-brezzicne-slusalke-bele\/#breadcrumb"},"inLanguage":"hr","potentialAction":[{"@type":"ReadAction","target":["https:\/\/www.urbanspot.si\/produkt\/baseus-bowie-e18-brezzicne-slusalke-bele\/"]}]},{"@type":"ImageObject","inLanguage":"hr","@id":"https:\/\/www.urbanspot.si\/produkt\/baseus-bowie-e18-brezzicne-slusalke-bele\/#primaryimage","url":"https:\/\/www.urbanspot.si\/wp-content\/uploads\/baseus-bowie-e18-bele.webp","contentUrl":"https:\/\/www.urbanspot.si\/wp-content\/uploads\/baseus-bowie-e18-bele.webp","width":1299,"height":1300},{"@type":"BreadcrumbList","@id":"https:\/\/www.urbanspot.si\/produkt\/baseus-bowie-e18-brezzicne-slusalke-bele\/#breadcrumb","itemListElement":[{"@type":"ListItem","position":1,"name":"Home","item":"https:\/\/www.urbanspot.si\/"},{"@type":"ListItem","position":2,"name":"Shop","item":"https:\/\/www.urbanspot.si\/shop\/"},{"@type":"ListItem","position":3,"name":"Baseus Bowie E18 brez\u017ei\u010dne slu\u0161alke, bele"}]},{"@type":"WebSite","@id":"https:\/\/www.urbanspot.si\/#website","url":"https:\/\/www.urbanspot.si\/","name":"UrbanSpot","description":"","publisher":{"@id":"https:\/\/www.urbanspot.si\/#organization"},"potentialAction":[{"@type":"SearchAction","target":{"@type":"EntryPoint","urlTemplate":"https:\/\/www.urbanspot.si\/?s={search_term_string}"},"query-input":{"@type":"PropertyValueSpecification","valueRequired":true,"valueName":"search_term_string"}}],"inLanguage":"hr"},{"@type":"Organization","@id":"https:\/\/www.urbanspot.si\/#organization","name":"UrbanSpot","url":"https:\/\/www.urbanspot.si\/","logo":{"@type":"ImageObject","inLanguage":"hr","@id":"https:\/\/www.urbanspot.si\/#\/schema\/logo\/image\/","url":"https:\/\/www.urbanspot.si\/wp-content\/uploads\/urbanspot-logo.svg","contentUrl":"https:\/\/www.urbanspot.si\/wp-content\/uploads\/urbanspot-logo.svg","width":185,"height":40,"caption":"UrbanSpot"},"image":{"@id":"https:\/\/www.urbanspot.si\/#\/schema\/logo\/image\/"},"sameAs":["https:\/\/www.facebook.com\/urbanspot.si"]}]}},"_links":{"self":[{"href":"https:\/\/www.urbanspot.si\/hr\/wp-json\/wp\/v2\/product\/19210","targetHints":{"allow":["GET"]}}],"collection":[{"href":"https:\/\/www.urbanspot.si\/hr\/wp-json\/wp\/v2\/product"}],"about":[{"href":"https:\/\/www.urbanspot.si\/hr\/wp-json\/wp\/v2\/types\/product"}],"replies":[{"embeddable":true,"href":"https:\/\/www.urbanspot.si\/hr\/wp-json\/wp\/v2\/comments?post=19210"}],"version-history":[{"count":1,"href":"https:\/\/www.urbanspot.si\/hr\/wp-json\/wp\/v2\/product\/19210\/revisions"}],"predecessor-version":[{"id":19217,"href":"https:\/\/www.urbanspot.si\/hr\/wp-json\/wp\/v2\/product\/19210\/revisions\/19217"}],"wp:featuredmedia":[{"embeddable":true,"href":"https:\/\/www.urbanspot.si\/hr\/wp-json\/wp\/v2\/media\/19211"}],"wp:attachment":[{"href":"https:\/\/www.urbanspot.si\/hr\/wp-json\/wp\/v2\/media?parent=19210"}],"wp:term":[{"taxonomy":"product_brand","embeddable":true,"href":"https:\/\/www.urbanspot.si\/hr\/wp-json\/wp\/v2\/product_brand?post=19210"},{"taxonomy":"product_cat","embeddable":true,"href":"https:\/\/www.urbanspot.si\/hr\/wp-json\/wp\/v2\/product_cat?post=19210"},{"taxonomy":"product_tag","embeddable":true,"href":"https:\/\/www.urbanspot.si\/hr\/wp-json\/wp\/v2\/product_tag?post=19210"}],"curies":[{"name":"radni list","href":"https:\/\/api.w.org\/{rel}","templated":true}]}}