{"id":19378,"date":"2024-10-17T16:16:07","date_gmt":"2024-10-17T14:16:07","guid":{"rendered":"https:\/\/www.urbanspot.si\/?post_type=product&#038;p=19378"},"modified":"2026-03-18T15:51:33","modified_gmt":"2026-03-18T13:51:33","slug":"karl-lagerfeld-zastitna-silikonska-futrola-shadow-metal-initial-magsafe-za-iphone-16-pro-max-2","status":"publish","type":"product","link":"https:\/\/www.urbanspot.si\/hr\/produkt\/karl-lagerfeld-zascitni-ovitek-silicone-shadow-metal-initial-magsafe-iphone-16-pro-max-2\/","title":{"rendered":"Karl Lagerfeld za\u0161titna silikonska futrola Shadow Metal Initial MagSafe, iPhone 16 Pro Max"},"content":{"rendered":"<p>Za\u0161titna maskica marke Karl Lagerfeld uljep\u0161at \u0107e va\u0161 telefon zabavnom slikom koja odgovara va\u0161em mobilnom ure\u0111aju.<\/p>\n<ul>\n<li>Moderan dizajn i za\u0161tita<\/li>\n<li><span class=\"Y2IQFc\" lang=\"sl\">Futrola u\u010dinkovito \u0161titi od udaraca, apsorbira potrese i pove\u0107ava sigurnost telefona<\/span><\/li>\n<li><span class=\"Y2IQFc\" lang=\"sl\">Poklopci imaju blago podignute rubove, \u0161to \u0161titi zaslon i objektiv kamere od ogrebotina ili loma.<\/span><\/li>\n<li>Potpuna za\u0161tita telefona<\/li>\n<li>Izvorni proizvod<\/li>\n<li>Kvalitetni materijali<\/li>\n<li>\u0160titi od udaraca, padova, ogrebotina i prljav\u0161tine<\/li>\n<li>Naslovnica je izra\u0111ena pod licencom Karla Lagerfelda.<\/li>\n<li>Ku\u0107i\u0161te podr\u017eava MAGSAFE funkciju<\/li>\n<\/ul>","protected":false},"excerpt":{"rendered":"<p><span class=\"Y2IQFc\" lang=\"sl\">Serija silikonskih sjenila Metal Initial MagSafe <\/span><span class=\"Y2IQFc\" lang=\"sl\">je savr\u0161eno rje\u0161enje za one koji \u017eele sklad izme\u0111u funkcionalnosti i iznimnog stila za svoj pametni telefon. Nude\u0107i pouzdanu za\u0161titu, ova iznimna kolekcija ne samo da \u0161titi va\u0161 ure\u0111aj, ve\u0107 mu i dodaje jedinstveni karakter, privla\u010de\u0107i pa\u017enju svojim jedinstvenim dizajnom.<\/span><\/p>","protected":false},"featured_media":19381,"comment_status":"open","ping_status":"closed","template":"","meta":[],"product_brand":[],"product_cat":[92,623,624,560,91],"product_tag":[],"class_list":{"0":"post-19378","1":"product","2":"type-product","3":"status-publish","4":"has-post-thumbnail","6":"product_cat-apple","7":"product_cat-apple-iphone-16-serija","8":"product_cat-iphone-16-pro-max","9":"product_cat-ovitki-za-telefone","10":"product_cat-razprodaja","11":"pa_primerno-za-model-iphone-16-pro-max","13":"first","14":"outofstock","15":"sale","16":"taxable","17":"shipping-taxable","18":"purchasable","19":"product-type-simple"},"yoast_head":"<!-- This site is optimized with the Yoast SEO plugin v27.4 - https:\/\/yoast.com\/product\/yoast-seo-wordpress\/ -->\n<title>Karl Lagerfeld za\u0161\u010ditni ovitek Silicone Shadow Metal Initial MagSafe, Iphone 16 Pro Max -<\/title>\n<meta name=\"robots\" content=\"index, follow, max-snippet:-1, max-image-preview:large, max-video-preview:-1\" \/>\n<link rel=\"canonical\" href=\"https:\/\/www.urbanspot.si\/hr\/proizvod-2\/karl-lagerfeld-zastitna-silikonska-futrola-shadow-metal-initial-magsafe-za-iphone-16-pro-max-2\/\" \/>\n<meta property=\"og:locale\" content=\"hr_HR\" \/>\n<meta property=\"og:type\" content=\"article\" \/>\n<meta property=\"og:title\" content=\"Karl Lagerfeld za\u0161\u010ditni ovitek Silicone Shadow Metal Initial MagSafe, Iphone 16 Pro Max -\" \/>\n<meta property=\"og:description\" content=\"Serija Silicone Shadow Metal Initial MagSafe je odli\u010dna re\u0161itev za tiste, ki \u017eelijo harmonijo med funkcionalnostjo in izjemnim slogom za svoj pametni telefon. Ta izjemna kolekcija, ki ponuja zanesljivo za\u0161\u010dito, ne le varuje va\u0161o napravo, ampak ji doda tudi edinstven zna\u010daj, ki pritegne pozornost s svojim edinstvenim dizajnom.\" \/>\n<meta property=\"og:url\" content=\"https:\/\/www.urbanspot.si\/hr\/proizvod-2\/karl-lagerfeld-zastitna-silikonska-futrola-shadow-metal-initial-magsafe-za-iphone-16-pro-max-2\/\" \/>\n<meta property=\"article:publisher\" content=\"https:\/\/www.facebook.com\/urbanspot.si\" \/>\n<meta property=\"article:modified_time\" content=\"2026-03-18T13:51:33+00:00\" \/>\n<meta property=\"og:image\" content=\"https:\/\/www.urbanspot.si\/wp-content\/uploads\/Karl-Lagerfeld-Silicone-Shadow-Metal-Initial-MagSafe-Cas3.webp\" \/>\n\t<meta property=\"og:image:width\" content=\"600\" \/>\n\t<meta property=\"og:image:height\" content=\"600\" \/>\n\t<meta property=\"og:image:type\" content=\"image\/webp\" \/>\n<meta name=\"twitter:card\" content=\"summary_large_image\" \/>\n<meta name=\"twitter:label1\" content=\"Procijenjeno vrijeme \u010ditanja\" \/>\n\t<meta name=\"twitter:data1\" content=\"1 minuta\" \/>\n<script type=\"application\/ld+json\" class=\"yoast-schema-graph\">{\"@context\":\"https:\\\/\\\/schema.org\",\"@graph\":[{\"@type\":\"WebPage\",\"@id\":\"https:\\\/\\\/www.urbanspot.si\\\/produkt\\\/karl-lagerfeld-zascitni-ovitek-silicone-shadow-metal-initial-magsafe-iphone-16-pro-max-2\\\/\",\"url\":\"https:\\\/\\\/www.urbanspot.si\\\/produkt\\\/karl-lagerfeld-zascitni-ovitek-silicone-shadow-metal-initial-magsafe-iphone-16-pro-max-2\\\/\",\"name\":\"Karl Lagerfeld za\u0161\u010ditni ovitek Silicone Shadow Metal Initial MagSafe, Iphone 16 Pro Max -\",\"isPartOf\":{\"@id\":\"https:\\\/\\\/www.urbanspot.si\\\/#website\"},\"primaryImageOfPage\":{\"@id\":\"https:\\\/\\\/www.urbanspot.si\\\/produkt\\\/karl-lagerfeld-zascitni-ovitek-silicone-shadow-metal-initial-magsafe-iphone-16-pro-max-2\\\/#primaryimage\"},\"image\":{\"@id\":\"https:\\\/\\\/www.urbanspot.si\\\/produkt\\\/karl-lagerfeld-zascitni-ovitek-silicone-shadow-metal-initial-magsafe-iphone-16-pro-max-2\\\/#primaryimage\"},\"thumbnailUrl\":\"https:\\\/\\\/www.urbanspot.si\\\/wp-content\\\/uploads\\\/Karl-Lagerfeld-Silicone-Shadow-Metal-Initial-MagSafe-Cas3.webp\",\"datePublished\":\"2024-10-17T14:16:07+00:00\",\"dateModified\":\"2026-03-18T13:51:33+00:00\",\"breadcrumb\":{\"@id\":\"https:\\\/\\\/www.urbanspot.si\\\/produkt\\\/karl-lagerfeld-zascitni-ovitek-silicone-shadow-metal-initial-magsafe-iphone-16-pro-max-2\\\/#breadcrumb\"},\"inLanguage\":\"hr\",\"potentialAction\":[{\"@type\":\"ReadAction\",\"target\":[\"https:\\\/\\\/www.urbanspot.si\\\/produkt\\\/karl-lagerfeld-zascitni-ovitek-silicone-shadow-metal-initial-magsafe-iphone-16-pro-max-2\\\/\"]}]},{\"@type\":\"ImageObject\",\"inLanguage\":\"hr\",\"@id\":\"https:\\\/\\\/www.urbanspot.si\\\/produkt\\\/karl-lagerfeld-zascitni-ovitek-silicone-shadow-metal-initial-magsafe-iphone-16-pro-max-2\\\/#primaryimage\",\"url\":\"https:\\\/\\\/www.urbanspot.si\\\/wp-content\\\/uploads\\\/Karl-Lagerfeld-Silicone-Shadow-Metal-Initial-MagSafe-Cas3.webp\",\"contentUrl\":\"https:\\\/\\\/www.urbanspot.si\\\/wp-content\\\/uploads\\\/Karl-Lagerfeld-Silicone-Shadow-Metal-Initial-MagSafe-Cas3.webp\",\"width\":600,\"height\":600},{\"@type\":\"BreadcrumbList\",\"@id\":\"https:\\\/\\\/www.urbanspot.si\\\/produkt\\\/karl-lagerfeld-zascitni-ovitek-silicone-shadow-metal-initial-magsafe-iphone-16-pro-max-2\\\/#breadcrumb\",\"itemListElement\":[{\"@type\":\"ListItem\",\"position\":1,\"name\":\"Home\",\"item\":\"https:\\\/\\\/www.urbanspot.si\\\/\"},{\"@type\":\"ListItem\",\"position\":2,\"name\":\"Shop\",\"item\":\"https:\\\/\\\/www.urbanspot.si\\\/shop\\\/\"},{\"@type\":\"ListItem\",\"position\":3,\"name\":\"Karl Lagerfeld za\u0161\u010ditni ovitek Silicone Shadow Metal Initial MagSafe, Iphone 16 Pro Max\"}]},{\"@type\":\"WebSite\",\"@id\":\"https:\\\/\\\/www.urbanspot.si\\\/#website\",\"url\":\"https:\\\/\\\/www.urbanspot.si\\\/\",\"name\":\"UrbanSpot\",\"description\":\"\",\"publisher\":{\"@id\":\"https:\\\/\\\/www.urbanspot.si\\\/#organization\"},\"potentialAction\":[{\"@type\":\"SearchAction\",\"target\":{\"@type\":\"EntryPoint\",\"urlTemplate\":\"https:\\\/\\\/www.urbanspot.si\\\/?s={search_term_string}\"},\"query-input\":{\"@type\":\"PropertyValueSpecification\",\"valueRequired\":true,\"valueName\":\"search_term_string\"}}],\"inLanguage\":\"hr\"},{\"@type\":\"Organization\",\"@id\":\"https:\\\/\\\/www.urbanspot.si\\\/#organization\",\"name\":\"UrbanSpot\",\"url\":\"https:\\\/\\\/www.urbanspot.si\\\/\",\"logo\":{\"@type\":\"ImageObject\",\"inLanguage\":\"hr\",\"@id\":\"https:\\\/\\\/www.urbanspot.si\\\/#\\\/schema\\\/logo\\\/image\\\/\",\"url\":\"https:\\\/\\\/www.urbanspot.si\\\/wp-content\\\/uploads\\\/urbanspot-logo.svg\",\"contentUrl\":\"https:\\\/\\\/www.urbanspot.si\\\/wp-content\\\/uploads\\\/urbanspot-logo.svg\",\"width\":185,\"height\":40,\"caption\":\"UrbanSpot\"},\"image\":{\"@id\":\"https:\\\/\\\/www.urbanspot.si\\\/#\\\/schema\\\/logo\\\/image\\\/\"},\"sameAs\":[\"https:\\\/\\\/www.facebook.com\\\/urbanspot.si\"]}]}<\/script>\n<!-- \/ Yoast SEO plugin. -->","yoast_head_json":{"title":"Karl Lagerfeld za\u0161\u010ditni ovitek Silicone Shadow Metal Initial MagSafe, Iphone 16 Pro Max -","robots":{"index":"index","follow":"follow","max-snippet":"max-snippet:-1","max-image-preview":"max-image-preview:large","max-video-preview":"max-video-preview:-1"},"canonical":"https:\/\/www.urbanspot.si\/hr\/proizvod-2\/karl-lagerfeld-zastitna-silikonska-futrola-shadow-metal-initial-magsafe-za-iphone-16-pro-max-2\/","og_locale":"hr_HR","og_type":"article","og_title":"Karl Lagerfeld za\u0161\u010ditni ovitek Silicone Shadow Metal Initial MagSafe, Iphone 16 Pro Max -","og_description":"Serija Silicone Shadow Metal Initial MagSafe je odli\u010dna re\u0161itev za tiste, ki \u017eelijo harmonijo med funkcionalnostjo in izjemnim slogom za svoj pametni telefon. Ta izjemna kolekcija, ki ponuja zanesljivo za\u0161\u010dito, ne le varuje va\u0161o napravo, ampak ji doda tudi edinstven zna\u010daj, ki pritegne pozornost s svojim edinstvenim dizajnom.","og_url":"https:\/\/www.urbanspot.si\/hr\/proizvod-2\/karl-lagerfeld-zastitna-silikonska-futrola-shadow-metal-initial-magsafe-za-iphone-16-pro-max-2\/","article_publisher":"https:\/\/www.facebook.com\/urbanspot.si","article_modified_time":"2026-03-18T13:51:33+00:00","og_image":[{"width":600,"height":600,"url":"https:\/\/www.urbanspot.si\/wp-content\/uploads\/Karl-Lagerfeld-Silicone-Shadow-Metal-Initial-MagSafe-Cas3.webp","type":"image\/webp"}],"twitter_card":"summary_large_image","twitter_misc":{"Procijenjeno vrijeme \u010ditanja":"1 minuta"},"schema":{"@context":"https:\/\/schema.org","@graph":[{"@type":"WebPage","@id":"https:\/\/www.urbanspot.si\/produkt\/karl-lagerfeld-zascitni-ovitek-silicone-shadow-metal-initial-magsafe-iphone-16-pro-max-2\/","url":"https:\/\/www.urbanspot.si\/produkt\/karl-lagerfeld-zascitni-ovitek-silicone-shadow-metal-initial-magsafe-iphone-16-pro-max-2\/","name":"Karl Lagerfeld za\u0161\u010ditni ovitek Silicone Shadow Metal Initial MagSafe, Iphone 16 Pro Max -","isPartOf":{"@id":"https:\/\/www.urbanspot.si\/#website"},"primaryImageOfPage":{"@id":"https:\/\/www.urbanspot.si\/produkt\/karl-lagerfeld-zascitni-ovitek-silicone-shadow-metal-initial-magsafe-iphone-16-pro-max-2\/#primaryimage"},"image":{"@id":"https:\/\/www.urbanspot.si\/produkt\/karl-lagerfeld-zascitni-ovitek-silicone-shadow-metal-initial-magsafe-iphone-16-pro-max-2\/#primaryimage"},"thumbnailUrl":"https:\/\/www.urbanspot.si\/wp-content\/uploads\/Karl-Lagerfeld-Silicone-Shadow-Metal-Initial-MagSafe-Cas3.webp","datePublished":"2024-10-17T14:16:07+00:00","dateModified":"2026-03-18T13:51:33+00:00","breadcrumb":{"@id":"https:\/\/www.urbanspot.si\/produkt\/karl-lagerfeld-zascitni-ovitek-silicone-shadow-metal-initial-magsafe-iphone-16-pro-max-2\/#breadcrumb"},"inLanguage":"hr","potentialAction":[{"@type":"ReadAction","target":["https:\/\/www.urbanspot.si\/produkt\/karl-lagerfeld-zascitni-ovitek-silicone-shadow-metal-initial-magsafe-iphone-16-pro-max-2\/"]}]},{"@type":"ImageObject","inLanguage":"hr","@id":"https:\/\/www.urbanspot.si\/produkt\/karl-lagerfeld-zascitni-ovitek-silicone-shadow-metal-initial-magsafe-iphone-16-pro-max-2\/#primaryimage","url":"https:\/\/www.urbanspot.si\/wp-content\/uploads\/Karl-Lagerfeld-Silicone-Shadow-Metal-Initial-MagSafe-Cas3.webp","contentUrl":"https:\/\/www.urbanspot.si\/wp-content\/uploads\/Karl-Lagerfeld-Silicone-Shadow-Metal-Initial-MagSafe-Cas3.webp","width":600,"height":600},{"@type":"BreadcrumbList","@id":"https:\/\/www.urbanspot.si\/produkt\/karl-lagerfeld-zascitni-ovitek-silicone-shadow-metal-initial-magsafe-iphone-16-pro-max-2\/#breadcrumb","itemListElement":[{"@type":"ListItem","position":1,"name":"Home","item":"https:\/\/www.urbanspot.si\/"},{"@type":"ListItem","position":2,"name":"Shop","item":"https:\/\/www.urbanspot.si\/shop\/"},{"@type":"ListItem","position":3,"name":"Karl Lagerfeld za\u0161\u010ditni ovitek Silicone Shadow Metal Initial MagSafe, Iphone 16 Pro Max"}]},{"@type":"WebSite","@id":"https:\/\/www.urbanspot.si\/#website","url":"https:\/\/www.urbanspot.si\/","name":"UrbanSpot","description":"","publisher":{"@id":"https:\/\/www.urbanspot.si\/#organization"},"potentialAction":[{"@type":"SearchAction","target":{"@type":"EntryPoint","urlTemplate":"https:\/\/www.urbanspot.si\/?s={search_term_string}"},"query-input":{"@type":"PropertyValueSpecification","valueRequired":true,"valueName":"search_term_string"}}],"inLanguage":"hr"},{"@type":"Organization","@id":"https:\/\/www.urbanspot.si\/#organization","name":"UrbanSpot","url":"https:\/\/www.urbanspot.si\/","logo":{"@type":"ImageObject","inLanguage":"hr","@id":"https:\/\/www.urbanspot.si\/#\/schema\/logo\/image\/","url":"https:\/\/www.urbanspot.si\/wp-content\/uploads\/urbanspot-logo.svg","contentUrl":"https:\/\/www.urbanspot.si\/wp-content\/uploads\/urbanspot-logo.svg","width":185,"height":40,"caption":"UrbanSpot"},"image":{"@id":"https:\/\/www.urbanspot.si\/#\/schema\/logo\/image\/"},"sameAs":["https:\/\/www.facebook.com\/urbanspot.si"]}]}},"_links":{"self":[{"href":"https:\/\/www.urbanspot.si\/hr\/wp-json\/wp\/v2\/product\/19378","targetHints":{"allow":["GET"]}}],"collection":[{"href":"https:\/\/www.urbanspot.si\/hr\/wp-json\/wp\/v2\/product"}],"about":[{"href":"https:\/\/www.urbanspot.si\/hr\/wp-json\/wp\/v2\/types\/product"}],"replies":[{"embeddable":true,"href":"https:\/\/www.urbanspot.si\/hr\/wp-json\/wp\/v2\/comments?post=19378"}],"version-history":[{"count":1,"href":"https:\/\/www.urbanspot.si\/hr\/wp-json\/wp\/v2\/product\/19378\/revisions"}],"predecessor-version":[{"id":19386,"href":"https:\/\/www.urbanspot.si\/hr\/wp-json\/wp\/v2\/product\/19378\/revisions\/19386"}],"wp:featuredmedia":[{"embeddable":true,"href":"https:\/\/www.urbanspot.si\/hr\/wp-json\/wp\/v2\/media\/19381"}],"wp:attachment":[{"href":"https:\/\/www.urbanspot.si\/hr\/wp-json\/wp\/v2\/media?parent=19378"}],"wp:term":[{"taxonomy":"product_brand","embeddable":true,"href":"https:\/\/www.urbanspot.si\/hr\/wp-json\/wp\/v2\/product_brand?post=19378"},{"taxonomy":"product_cat","embeddable":true,"href":"https:\/\/www.urbanspot.si\/hr\/wp-json\/wp\/v2\/product_cat?post=19378"},{"taxonomy":"product_tag","embeddable":true,"href":"https:\/\/www.urbanspot.si\/hr\/wp-json\/wp\/v2\/product_tag?post=19378"}],"curies":[{"name":"radni list","href":"https:\/\/api.w.org\/{rel}","templated":true}]}}