{"id":19455,"date":"2024-11-05T17:20:32","date_gmt":"2024-11-05T15:20:32","guid":{"rendered":"https:\/\/www.urbanspot.si\/?post_type=product&#038;p=19455"},"modified":"2026-03-18T15:51:31","modified_gmt":"2026-03-18T13:51:31","slug":"guess-zastitna-maska-s-tekucim-glitterom-choupette-glava-magsafe-za-iphone-15-pro","status":"publish","type":"product","link":"https:\/\/www.urbanspot.si\/hr\/produkt\/guess-zascitni-ovitek-liquid-glitter-choupette-head-magsafe-iphone-15-pro\/","title":{"rendered":"Guess za\u0161titna maskica s teku\u0107im glitterom Choupette Head MagSafe, za iPhone 15 Pro"},"content":{"rendered":"<p>Za\u0161titna maskica marke Karl Lagerfeld uljep\u0161at \u0107e va\u0161 telefon zabavnom slikom koja odgovara va\u0161em mobilnom ure\u0111aju.<\/p>\n<ul>\n<li>Moderan dizajn i za\u0161tita<\/li>\n<li><span class=\"Y2IQFc\" lang=\"sl\">Futrola u\u010dinkovito \u0161titi od udaraca, apsorbira potrese i pove\u0107ava sigurnost telefona<\/span><\/li>\n<li><span class=\"Y2IQFc\" lang=\"sl\">Poklopci imaju blago podignute rubove, \u0161to \u0161titi zaslon i objektiv kamere od ogrebotina ili loma.<\/span><\/li>\n<li>Potpuna za\u0161tita telefona<\/li>\n<li>Izvorni proizvod<\/li>\n<li>Kvalitetni materijali<\/li>\n<li>\u0160titi od udaraca, padova, ogrebotina i prljav\u0161tine<\/li>\n<li>Naslovnica je izra\u0111ena pod licencom Karla Lagerfelda.<\/li>\n<\/ul>","protected":false},"excerpt":{"rendered":"<p><span class=\"Y2IQFc\" lang=\"sl\">Serija IML Karl savr\u0161eno je rje\u0161enje za one koji \u017eele sklad izme\u0111u funkcionalnosti i iznimnog stila za svoj pametni telefon. Nude\u0107i pouzdanu za\u0161titu, ova iznimna kolekcija ne samo da \u0161titi va\u0161 ure\u0111aj, ve\u0107 mu i dodaje jedinstveni karakter koji privla\u010di pa\u017enju svojim jedinstvenim dizajnom.<\/span><\/p>","protected":false},"featured_media":19458,"comment_status":"open","ping_status":"closed","template":"","meta":[],"product_brand":[],"product_cat":[119,92,93,455,560,91],"product_tag":[],"class_list":{"0":"post-19455","1":"product","2":"type-product","3":"status-publish","4":"has-post-thumbnail","6":"product_cat-apple-ovitki-stekla","7":"product_cat-apple","8":"product_cat-apple-iphone-15-serija","9":"product_cat-iphone-15-pro","10":"product_cat-ovitki-za-telefone","11":"product_cat-razprodaja","12":"pa_primerno-za-model-iphone-15-pro","14":"first","15":"outofstock","16":"sale","17":"taxable","18":"shipping-taxable","19":"purchasable","20":"product-type-simple"},"yoast_head":"<!-- This site is optimized with the Yoast SEO plugin v27.4 - https:\/\/yoast.com\/product\/yoast-seo-wordpress\/ -->\n<title>Guess za\u0161\u010ditni ovitek Liquid Glitter Choupette Head MagSafe, Iphone 15 Pro -<\/title>\n<meta name=\"robots\" content=\"index, follow, max-snippet:-1, max-image-preview:large, max-video-preview:-1\" \/>\n<link rel=\"canonical\" href=\"https:\/\/www.urbanspot.si\/hr\/proizvod-2\/guess-zastitna-maska-s-tekucim-glitterom-choupette-glava-magsafe-za-iphone-15-pro\/\" \/>\n<meta property=\"og:locale\" content=\"hr_HR\" \/>\n<meta property=\"og:type\" content=\"article\" \/>\n<meta property=\"og:title\" content=\"Guess za\u0161\u010ditni ovitek Liquid Glitter Choupette Head MagSafe, Iphone 15 Pro -\" \/>\n<meta property=\"og:description\" content=\"Serija IML Karl je odli\u010dna re\u0161itev za tiste, ki \u017eelijo harmonijo med funkcionalnostjo in izjemnim slogom za svoj pametni telefon. Ta izjemna kolekcija, ki ponuja zanesljivo za\u0161\u010dito, ne le varuje va\u0161o napravo, ampak ji doda tudi edinstven zna\u010daj, ki pritegne pozornost s svojim edinstvenim dizajnom.\" \/>\n<meta property=\"og:url\" content=\"https:\/\/www.urbanspot.si\/hr\/proizvod-2\/guess-zastitna-maska-s-tekucim-glitterom-choupette-glava-magsafe-za-iphone-15-pro\/\" \/>\n<meta property=\"article:publisher\" content=\"https:\/\/www.facebook.com\/urbanspot.si\" \/>\n<meta property=\"article:modified_time\" content=\"2026-03-18T13:51:31+00:00\" \/>\n<meta property=\"og:image\" content=\"https:\/\/www.urbanspot.si\/wp-content\/uploads\/Liquid-Glitter-Choupette-Head-MagSafe2.webp\" \/>\n\t<meta property=\"og:image:width\" content=\"600\" \/>\n\t<meta property=\"og:image:height\" content=\"600\" \/>\n\t<meta property=\"og:image:type\" content=\"image\/webp\" \/>\n<meta name=\"twitter:card\" content=\"summary_large_image\" \/>\n<meta name=\"twitter:label1\" content=\"Procijenjeno vrijeme \u010ditanja\" \/>\n\t<meta name=\"twitter:data1\" content=\"1 minuta\" \/>\n<script type=\"application\/ld+json\" class=\"yoast-schema-graph\">{\"@context\":\"https:\\\/\\\/schema.org\",\"@graph\":[{\"@type\":\"WebPage\",\"@id\":\"https:\\\/\\\/www.urbanspot.si\\\/produkt\\\/guess-zascitni-ovitek-liquid-glitter-choupette-head-magsafe-iphone-15-pro\\\/\",\"url\":\"https:\\\/\\\/www.urbanspot.si\\\/produkt\\\/guess-zascitni-ovitek-liquid-glitter-choupette-head-magsafe-iphone-15-pro\\\/\",\"name\":\"Guess za\u0161\u010ditni ovitek Liquid Glitter Choupette Head MagSafe, Iphone 15 Pro -\",\"isPartOf\":{\"@id\":\"https:\\\/\\\/www.urbanspot.si\\\/#website\"},\"primaryImageOfPage\":{\"@id\":\"https:\\\/\\\/www.urbanspot.si\\\/produkt\\\/guess-zascitni-ovitek-liquid-glitter-choupette-head-magsafe-iphone-15-pro\\\/#primaryimage\"},\"image\":{\"@id\":\"https:\\\/\\\/www.urbanspot.si\\\/produkt\\\/guess-zascitni-ovitek-liquid-glitter-choupette-head-magsafe-iphone-15-pro\\\/#primaryimage\"},\"thumbnailUrl\":\"https:\\\/\\\/www.urbanspot.si\\\/wp-content\\\/uploads\\\/Liquid-Glitter-Choupette-Head-MagSafe2.webp\",\"datePublished\":\"2024-11-05T15:20:32+00:00\",\"dateModified\":\"2026-03-18T13:51:31+00:00\",\"breadcrumb\":{\"@id\":\"https:\\\/\\\/www.urbanspot.si\\\/produkt\\\/guess-zascitni-ovitek-liquid-glitter-choupette-head-magsafe-iphone-15-pro\\\/#breadcrumb\"},\"inLanguage\":\"hr\",\"potentialAction\":[{\"@type\":\"ReadAction\",\"target\":[\"https:\\\/\\\/www.urbanspot.si\\\/produkt\\\/guess-zascitni-ovitek-liquid-glitter-choupette-head-magsafe-iphone-15-pro\\\/\"]}]},{\"@type\":\"ImageObject\",\"inLanguage\":\"hr\",\"@id\":\"https:\\\/\\\/www.urbanspot.si\\\/produkt\\\/guess-zascitni-ovitek-liquid-glitter-choupette-head-magsafe-iphone-15-pro\\\/#primaryimage\",\"url\":\"https:\\\/\\\/www.urbanspot.si\\\/wp-content\\\/uploads\\\/Liquid-Glitter-Choupette-Head-MagSafe2.webp\",\"contentUrl\":\"https:\\\/\\\/www.urbanspot.si\\\/wp-content\\\/uploads\\\/Liquid-Glitter-Choupette-Head-MagSafe2.webp\",\"width\":600,\"height\":600},{\"@type\":\"BreadcrumbList\",\"@id\":\"https:\\\/\\\/www.urbanspot.si\\\/produkt\\\/guess-zascitni-ovitek-liquid-glitter-choupette-head-magsafe-iphone-15-pro\\\/#breadcrumb\",\"itemListElement\":[{\"@type\":\"ListItem\",\"position\":1,\"name\":\"Home\",\"item\":\"https:\\\/\\\/www.urbanspot.si\\\/\"},{\"@type\":\"ListItem\",\"position\":2,\"name\":\"Shop\",\"item\":\"https:\\\/\\\/www.urbanspot.si\\\/shop\\\/\"},{\"@type\":\"ListItem\",\"position\":3,\"name\":\"Guess za\u0161\u010ditni ovitek Liquid Glitter Choupette Head MagSafe, Iphone 15 Pro\"}]},{\"@type\":\"WebSite\",\"@id\":\"https:\\\/\\\/www.urbanspot.si\\\/#website\",\"url\":\"https:\\\/\\\/www.urbanspot.si\\\/\",\"name\":\"UrbanSpot\",\"description\":\"\",\"publisher\":{\"@id\":\"https:\\\/\\\/www.urbanspot.si\\\/#organization\"},\"potentialAction\":[{\"@type\":\"SearchAction\",\"target\":{\"@type\":\"EntryPoint\",\"urlTemplate\":\"https:\\\/\\\/www.urbanspot.si\\\/?s={search_term_string}\"},\"query-input\":{\"@type\":\"PropertyValueSpecification\",\"valueRequired\":true,\"valueName\":\"search_term_string\"}}],\"inLanguage\":\"hr\"},{\"@type\":\"Organization\",\"@id\":\"https:\\\/\\\/www.urbanspot.si\\\/#organization\",\"name\":\"UrbanSpot\",\"url\":\"https:\\\/\\\/www.urbanspot.si\\\/\",\"logo\":{\"@type\":\"ImageObject\",\"inLanguage\":\"hr\",\"@id\":\"https:\\\/\\\/www.urbanspot.si\\\/#\\\/schema\\\/logo\\\/image\\\/\",\"url\":\"https:\\\/\\\/www.urbanspot.si\\\/wp-content\\\/uploads\\\/urbanspot-logo.svg\",\"contentUrl\":\"https:\\\/\\\/www.urbanspot.si\\\/wp-content\\\/uploads\\\/urbanspot-logo.svg\",\"width\":185,\"height\":40,\"caption\":\"UrbanSpot\"},\"image\":{\"@id\":\"https:\\\/\\\/www.urbanspot.si\\\/#\\\/schema\\\/logo\\\/image\\\/\"},\"sameAs\":[\"https:\\\/\\\/www.facebook.com\\\/urbanspot.si\"]}]}<\/script>\n<!-- \/ Yoast SEO plugin. -->","yoast_head_json":{"title":"Guess Liquid Glitter Choupette Head MagSafe za\u0161titna maska, iPhone 15 Pro -","robots":{"index":"index","follow":"follow","max-snippet":"max-snippet:-1","max-image-preview":"max-image-preview:large","max-video-preview":"max-video-preview:-1"},"canonical":"https:\/\/www.urbanspot.si\/hr\/proizvod-2\/guess-zastitna-maska-s-tekucim-glitterom-choupette-glava-magsafe-za-iphone-15-pro\/","og_locale":"hr_HR","og_type":"article","og_title":"Guess za\u0161\u010ditni ovitek Liquid Glitter Choupette Head MagSafe, Iphone 15 Pro -","og_description":"Serija IML Karl je odli\u010dna re\u0161itev za tiste, ki \u017eelijo harmonijo med funkcionalnostjo in izjemnim slogom za svoj pametni telefon. Ta izjemna kolekcija, ki ponuja zanesljivo za\u0161\u010dito, ne le varuje va\u0161o napravo, ampak ji doda tudi edinstven zna\u010daj, ki pritegne pozornost s svojim edinstvenim dizajnom.","og_url":"https:\/\/www.urbanspot.si\/hr\/proizvod-2\/guess-zastitna-maska-s-tekucim-glitterom-choupette-glava-magsafe-za-iphone-15-pro\/","article_publisher":"https:\/\/www.facebook.com\/urbanspot.si","article_modified_time":"2026-03-18T13:51:31+00:00","og_image":[{"width":600,"height":600,"url":"https:\/\/www.urbanspot.si\/wp-content\/uploads\/Liquid-Glitter-Choupette-Head-MagSafe2.webp","type":"image\/webp"}],"twitter_card":"summary_large_image","twitter_misc":{"Procijenjeno vrijeme \u010ditanja":"1 minuta"},"schema":{"@context":"https:\/\/schema.org","@graph":[{"@type":"WebPage","@id":"https:\/\/www.urbanspot.si\/produkt\/guess-zascitni-ovitek-liquid-glitter-choupette-head-magsafe-iphone-15-pro\/","url":"https:\/\/www.urbanspot.si\/produkt\/guess-zascitni-ovitek-liquid-glitter-choupette-head-magsafe-iphone-15-pro\/","name":"Guess Liquid Glitter Choupette Head MagSafe za\u0161titna maska, iPhone 15 Pro -","isPartOf":{"@id":"https:\/\/www.urbanspot.si\/#website"},"primaryImageOfPage":{"@id":"https:\/\/www.urbanspot.si\/produkt\/guess-zascitni-ovitek-liquid-glitter-choupette-head-magsafe-iphone-15-pro\/#primaryimage"},"image":{"@id":"https:\/\/www.urbanspot.si\/produkt\/guess-zascitni-ovitek-liquid-glitter-choupette-head-magsafe-iphone-15-pro\/#primaryimage"},"thumbnailUrl":"https:\/\/www.urbanspot.si\/wp-content\/uploads\/Liquid-Glitter-Choupette-Head-MagSafe2.webp","datePublished":"2024-11-05T15:20:32+00:00","dateModified":"2026-03-18T13:51:31+00:00","breadcrumb":{"@id":"https:\/\/www.urbanspot.si\/produkt\/guess-zascitni-ovitek-liquid-glitter-choupette-head-magsafe-iphone-15-pro\/#breadcrumb"},"inLanguage":"hr","potentialAction":[{"@type":"ReadAction","target":["https:\/\/www.urbanspot.si\/produkt\/guess-zascitni-ovitek-liquid-glitter-choupette-head-magsafe-iphone-15-pro\/"]}]},{"@type":"ImageObject","inLanguage":"hr","@id":"https:\/\/www.urbanspot.si\/produkt\/guess-zascitni-ovitek-liquid-glitter-choupette-head-magsafe-iphone-15-pro\/#primaryimage","url":"https:\/\/www.urbanspot.si\/wp-content\/uploads\/Liquid-Glitter-Choupette-Head-MagSafe2.webp","contentUrl":"https:\/\/www.urbanspot.si\/wp-content\/uploads\/Liquid-Glitter-Choupette-Head-MagSafe2.webp","width":600,"height":600},{"@type":"BreadcrumbList","@id":"https:\/\/www.urbanspot.si\/produkt\/guess-zascitni-ovitek-liquid-glitter-choupette-head-magsafe-iphone-15-pro\/#breadcrumb","itemListElement":[{"@type":"ListItem","position":1,"name":"Home","item":"https:\/\/www.urbanspot.si\/"},{"@type":"ListItem","position":2,"name":"Shop","item":"https:\/\/www.urbanspot.si\/shop\/"},{"@type":"ListItem","position":3,"name":"Guess za\u0161\u010ditni ovitek Liquid Glitter Choupette Head MagSafe, Iphone 15 Pro"}]},{"@type":"WebSite","@id":"https:\/\/www.urbanspot.si\/#website","url":"https:\/\/www.urbanspot.si\/","name":"UrbanSpot","description":"","publisher":{"@id":"https:\/\/www.urbanspot.si\/#organization"},"potentialAction":[{"@type":"SearchAction","target":{"@type":"EntryPoint","urlTemplate":"https:\/\/www.urbanspot.si\/?s={search_term_string}"},"query-input":{"@type":"PropertyValueSpecification","valueRequired":true,"valueName":"search_term_string"}}],"inLanguage":"hr"},{"@type":"Organization","@id":"https:\/\/www.urbanspot.si\/#organization","name":"UrbanSpot","url":"https:\/\/www.urbanspot.si\/","logo":{"@type":"ImageObject","inLanguage":"hr","@id":"https:\/\/www.urbanspot.si\/#\/schema\/logo\/image\/","url":"https:\/\/www.urbanspot.si\/wp-content\/uploads\/urbanspot-logo.svg","contentUrl":"https:\/\/www.urbanspot.si\/wp-content\/uploads\/urbanspot-logo.svg","width":185,"height":40,"caption":"UrbanSpot"},"image":{"@id":"https:\/\/www.urbanspot.si\/#\/schema\/logo\/image\/"},"sameAs":["https:\/\/www.facebook.com\/urbanspot.si"]}]}},"_links":{"self":[{"href":"https:\/\/www.urbanspot.si\/hr\/wp-json\/wp\/v2\/product\/19455","targetHints":{"allow":["GET"]}}],"collection":[{"href":"https:\/\/www.urbanspot.si\/hr\/wp-json\/wp\/v2\/product"}],"about":[{"href":"https:\/\/www.urbanspot.si\/hr\/wp-json\/wp\/v2\/types\/product"}],"replies":[{"embeddable":true,"href":"https:\/\/www.urbanspot.si\/hr\/wp-json\/wp\/v2\/comments?post=19455"}],"version-history":[{"count":1,"href":"https:\/\/www.urbanspot.si\/hr\/wp-json\/wp\/v2\/product\/19455\/revisions"}],"predecessor-version":[{"id":19463,"href":"https:\/\/www.urbanspot.si\/hr\/wp-json\/wp\/v2\/product\/19455\/revisions\/19463"}],"wp:featuredmedia":[{"embeddable":true,"href":"https:\/\/www.urbanspot.si\/hr\/wp-json\/wp\/v2\/media\/19458"}],"wp:attachment":[{"href":"https:\/\/www.urbanspot.si\/hr\/wp-json\/wp\/v2\/media?parent=19455"}],"wp:term":[{"taxonomy":"product_brand","embeddable":true,"href":"https:\/\/www.urbanspot.si\/hr\/wp-json\/wp\/v2\/product_brand?post=19455"},{"taxonomy":"product_cat","embeddable":true,"href":"https:\/\/www.urbanspot.si\/hr\/wp-json\/wp\/v2\/product_cat?post=19455"},{"taxonomy":"product_tag","embeddable":true,"href":"https:\/\/www.urbanspot.si\/hr\/wp-json\/wp\/v2\/product_tag?post=19455"}],"curies":[{"name":"radni list","href":"https:\/\/api.w.org\/{rel}","templated":true}]}}