{"id":19661,"date":"2024-12-09T16:39:22","date_gmt":"2024-12-09T14:39:22","guid":{"rendered":"https:\/\/www.urbanspot.si\/?post_type=product&#038;p=19661"},"modified":"2026-03-18T15:51:28","modified_gmt":"2026-03-18T13:51:28","slug":"maskica-vigo-lux-zuta-za-iphone-13","status":"publish","type":"product","link":"https:\/\/www.urbanspot.si\/hr\/produkt\/ovitek-vigo-lux-yellow-iphone-13\/","title":{"rendered":"Maska Vigo LUX \u017euta, iPhone 13"},"content":{"rendered":"<p>Vigo LUX za\u0161titna navlaka:<\/p>\n<ul>\n<li>Silikonska futrola izra\u0111ena od visokokvalitetnog materijala s visokom razinom izdr\u017eljivosti<\/li>\n<li>Materijal koji je ugodan na dodir<\/li>\n<li>Pokriva sve strane i stra\u017enju stranu telefona<\/li>\n<li>Besplatan pristup svim funkcijama telefona<\/li>\n<li>Blago podignuti rub ku\u0107i\u0161ta \u0161titi objektiv kamere od ogrebotina<\/li>\n<li>Instalirajte i uklonite ga za nekoliko sekundi<\/li>\n<li>Unutarnja podstava je izra\u0111ena od mekane mikrovlakne koja dodatno \u0161titi telefon.<\/li>\n<li>Fotografija proizvoda mo\u017ee biti simboli\u010dna<\/li>\n<\/ul>","protected":false},"excerpt":{"rendered":"<p>Vigo LUX maskica ne odlikuje se samo iznimnom kvalitetom, ve\u0107 i dizajnom. Maska \u0107e va\u0161em telefonu pru\u017eiti potpuno prirodan izgled, a istovremeno \u0107e pru\u017eiti izvrsnu za\u0161titu.<\/p>","protected":false},"featured_media":17766,"comment_status":"open","ping_status":"closed","template":"","meta":[],"product_brand":[],"product_cat":[92,119,250,330,331,560],"product_tag":[],"class_list":{"0":"post-19661","1":"product","2":"type-product","3":"status-publish","4":"has-post-thumbnail","6":"product_cat-apple","7":"product_cat-apple-ovitki-stekla","8":"product_cat-apple-iphone-13-serija","9":"product_cat-iphone-13","10":"product_cat-iphone-13-apple-iphone-13-serija","11":"product_cat-ovitki-za-telefone","12":"pa_primerno-za-model-iphone-13","14":"first","15":"outofstock","16":"sale","17":"taxable","18":"shipping-taxable","19":"purchasable","20":"product-type-simple"},"yoast_head":"<!-- This site is optimized with the Yoast SEO plugin v27.2 - https:\/\/yoast.com\/product\/yoast-seo-wordpress\/ -->\n<title>Ovitek Vigo LUX Yellow , Iphone 13 -<\/title>\n<meta name=\"robots\" content=\"index, follow, max-snippet:-1, max-image-preview:large, max-video-preview:-1\" \/>\n<link rel=\"canonical\" href=\"https:\/\/www.urbanspot.si\/hr\/proizvod-2\/maskica-vigo-lux-zuta-za-iphone-13\/\" \/>\n<meta property=\"og:locale\" content=\"hr_HR\" \/>\n<meta property=\"og:type\" content=\"article\" \/>\n<meta property=\"og:title\" content=\"Ovitek Vigo LUX Yellow , Iphone 13 -\" \/>\n<meta property=\"og:description\" content=\"Ovitek Vigo LUX ne odlikuje le izjemna kakovost, temve\u010d tudi dizajn. Ovitek bo poskrbel za popolnoma naraven videz telefona, kljub temu pa bo le ta odli\u010dno za\u0161\u010diten.\" \/>\n<meta property=\"og:url\" content=\"https:\/\/www.urbanspot.si\/hr\/proizvod-2\/maskica-vigo-lux-zuta-za-iphone-13\/\" \/>\n<meta property=\"article:publisher\" content=\"https:\/\/www.facebook.com\/urbanspot.si\" \/>\n<meta property=\"article:modified_time\" content=\"2026-03-18T13:51:28+00:00\" \/>\n<meta property=\"og:image\" content=\"https:\/\/www.urbanspot.si\/wp-content\/uploads\/ovitek-vigo-lux-yellow-iphone-14-plus.jpg\" \/>\n\t<meta property=\"og:image:width\" content=\"589\" \/>\n\t<meta property=\"og:image:height\" content=\"594\" \/>\n\t<meta property=\"og:image:type\" content=\"image\/jpeg\" \/>\n<meta name=\"twitter:card\" content=\"summary_large_image\" \/>\n<meta name=\"twitter:label1\" content=\"Procijenjeno vrijeme \u010ditanja\" \/>\n\t<meta name=\"twitter:data1\" content=\"1 minuta\" \/>\n<script type=\"application\/ld+json\" class=\"yoast-schema-graph\">{\"@context\":\"https:\/\/schema.org\",\"@graph\":[{\"@type\":\"WebPage\",\"@id\":\"https:\/\/www.urbanspot.si\/produkt\/ovitek-vigo-lux-yellow-iphone-13\/\",\"url\":\"https:\/\/www.urbanspot.si\/produkt\/ovitek-vigo-lux-yellow-iphone-13\/\",\"name\":\"Ovitek Vigo LUX Yellow , Iphone 13 -\",\"isPartOf\":{\"@id\":\"https:\/\/www.urbanspot.si\/#website\"},\"primaryImageOfPage\":{\"@id\":\"https:\/\/www.urbanspot.si\/produkt\/ovitek-vigo-lux-yellow-iphone-13\/#primaryimage\"},\"image\":{\"@id\":\"https:\/\/www.urbanspot.si\/produkt\/ovitek-vigo-lux-yellow-iphone-13\/#primaryimage\"},\"thumbnailUrl\":\"https:\/\/www.urbanspot.si\/wp-content\/uploads\/ovitek-vigo-lux-yellow-iphone-14-plus.jpg\",\"datePublished\":\"2024-12-09T14:39:22+00:00\",\"dateModified\":\"2026-03-18T13:51:28+00:00\",\"breadcrumb\":{\"@id\":\"https:\/\/www.urbanspot.si\/produkt\/ovitek-vigo-lux-yellow-iphone-13\/#breadcrumb\"},\"inLanguage\":\"hr\",\"potentialAction\":[{\"@type\":\"ReadAction\",\"target\":[\"https:\/\/www.urbanspot.si\/produkt\/ovitek-vigo-lux-yellow-iphone-13\/\"]}]},{\"@type\":\"ImageObject\",\"inLanguage\":\"hr\",\"@id\":\"https:\/\/www.urbanspot.si\/produkt\/ovitek-vigo-lux-yellow-iphone-13\/#primaryimage\",\"url\":\"https:\/\/www.urbanspot.si\/wp-content\/uploads\/ovitek-vigo-lux-yellow-iphone-14-plus.jpg\",\"contentUrl\":\"https:\/\/www.urbanspot.si\/wp-content\/uploads\/ovitek-vigo-lux-yellow-iphone-14-plus.jpg\",\"width\":589,\"height\":594,\"caption\":\"Ovitek Vigo LUX Yellow Iphone 14 Plus\"},{\"@type\":\"BreadcrumbList\",\"@id\":\"https:\/\/www.urbanspot.si\/produkt\/ovitek-vigo-lux-yellow-iphone-13\/#breadcrumb\",\"itemListElement\":[{\"@type\":\"ListItem\",\"position\":1,\"name\":\"Home\",\"item\":\"https:\/\/www.urbanspot.si\/\"},{\"@type\":\"ListItem\",\"position\":2,\"name\":\"Shop\",\"item\":\"https:\/\/www.urbanspot.si\/shop\/\"},{\"@type\":\"ListItem\",\"position\":3,\"name\":\"Ovitek Vigo LUX Yellow , Iphone 13\"}]},{\"@type\":\"WebSite\",\"@id\":\"https:\/\/www.urbanspot.si\/#website\",\"url\":\"https:\/\/www.urbanspot.si\/\",\"name\":\"UrbanSpot\",\"description\":\"\",\"publisher\":{\"@id\":\"https:\/\/www.urbanspot.si\/#organization\"},\"potentialAction\":[{\"@type\":\"SearchAction\",\"target\":{\"@type\":\"EntryPoint\",\"urlTemplate\":\"https:\/\/www.urbanspot.si\/?s={search_term_string}\"},\"query-input\":{\"@type\":\"PropertyValueSpecification\",\"valueRequired\":true,\"valueName\":\"search_term_string\"}}],\"inLanguage\":\"hr\"},{\"@type\":\"Organization\",\"@id\":\"https:\/\/www.urbanspot.si\/#organization\",\"name\":\"UrbanSpot\",\"url\":\"https:\/\/www.urbanspot.si\/\",\"logo\":{\"@type\":\"ImageObject\",\"inLanguage\":\"hr\",\"@id\":\"https:\/\/www.urbanspot.si\/#\/schema\/logo\/image\/\",\"url\":\"https:\/\/www.urbanspot.si\/wp-content\/uploads\/urbanspot-logo.svg\",\"contentUrl\":\"https:\/\/www.urbanspot.si\/wp-content\/uploads\/urbanspot-logo.svg\",\"width\":185,\"height\":40,\"caption\":\"UrbanSpot\"},\"image\":{\"@id\":\"https:\/\/www.urbanspot.si\/#\/schema\/logo\/image\/\"},\"sameAs\":[\"https:\/\/www.facebook.com\/urbanspot.si\"]}]}<\/script>\n<!-- \/ Yoast SEO plugin. -->","yoast_head_json":{"title":"Ovitek Vigo LUX Yellow , Iphone 13 -","robots":{"index":"index","follow":"follow","max-snippet":"max-snippet:-1","max-image-preview":"max-image-preview:large","max-video-preview":"max-video-preview:-1"},"canonical":"https:\/\/www.urbanspot.si\/hr\/proizvod-2\/maskica-vigo-lux-zuta-za-iphone-13\/","og_locale":"hr_HR","og_type":"article","og_title":"Ovitek Vigo LUX Yellow , Iphone 13 -","og_description":"Ovitek Vigo LUX ne odlikuje le izjemna kakovost, temve\u010d tudi dizajn. Ovitek bo poskrbel za popolnoma naraven videz telefona, kljub temu pa bo le ta odli\u010dno za\u0161\u010diten.","og_url":"https:\/\/www.urbanspot.si\/hr\/proizvod-2\/maskica-vigo-lux-zuta-za-iphone-13\/","article_publisher":"https:\/\/www.facebook.com\/urbanspot.si","article_modified_time":"2026-03-18T13:51:28+00:00","og_image":[{"width":589,"height":594,"url":"https:\/\/www.urbanspot.si\/wp-content\/uploads\/ovitek-vigo-lux-yellow-iphone-14-plus.jpg","type":"image\/jpeg"}],"twitter_card":"summary_large_image","twitter_misc":{"Procijenjeno vrijeme \u010ditanja":"1 minuta"},"schema":{"@context":"https:\/\/schema.org","@graph":[{"@type":"WebPage","@id":"https:\/\/www.urbanspot.si\/produkt\/ovitek-vigo-lux-yellow-iphone-13\/","url":"https:\/\/www.urbanspot.si\/produkt\/ovitek-vigo-lux-yellow-iphone-13\/","name":"Ovitek Vigo LUX Yellow , Iphone 13 -","isPartOf":{"@id":"https:\/\/www.urbanspot.si\/#website"},"primaryImageOfPage":{"@id":"https:\/\/www.urbanspot.si\/produkt\/ovitek-vigo-lux-yellow-iphone-13\/#primaryimage"},"image":{"@id":"https:\/\/www.urbanspot.si\/produkt\/ovitek-vigo-lux-yellow-iphone-13\/#primaryimage"},"thumbnailUrl":"https:\/\/www.urbanspot.si\/wp-content\/uploads\/ovitek-vigo-lux-yellow-iphone-14-plus.jpg","datePublished":"2024-12-09T14:39:22+00:00","dateModified":"2026-03-18T13:51:28+00:00","breadcrumb":{"@id":"https:\/\/www.urbanspot.si\/produkt\/ovitek-vigo-lux-yellow-iphone-13\/#breadcrumb"},"inLanguage":"hr","potentialAction":[{"@type":"ReadAction","target":["https:\/\/www.urbanspot.si\/produkt\/ovitek-vigo-lux-yellow-iphone-13\/"]}]},{"@type":"ImageObject","inLanguage":"hr","@id":"https:\/\/www.urbanspot.si\/produkt\/ovitek-vigo-lux-yellow-iphone-13\/#primaryimage","url":"https:\/\/www.urbanspot.si\/wp-content\/uploads\/ovitek-vigo-lux-yellow-iphone-14-plus.jpg","contentUrl":"https:\/\/www.urbanspot.si\/wp-content\/uploads\/ovitek-vigo-lux-yellow-iphone-14-plus.jpg","width":589,"height":594,"caption":"Ovitek Vigo LUX Yellow Iphone 14 Plus"},{"@type":"BreadcrumbList","@id":"https:\/\/www.urbanspot.si\/produkt\/ovitek-vigo-lux-yellow-iphone-13\/#breadcrumb","itemListElement":[{"@type":"ListItem","position":1,"name":"Home","item":"https:\/\/www.urbanspot.si\/"},{"@type":"ListItem","position":2,"name":"Shop","item":"https:\/\/www.urbanspot.si\/shop\/"},{"@type":"ListItem","position":3,"name":"Ovitek Vigo LUX Yellow , Iphone 13"}]},{"@type":"WebSite","@id":"https:\/\/www.urbanspot.si\/#website","url":"https:\/\/www.urbanspot.si\/","name":"UrbanSpot","description":"","publisher":{"@id":"https:\/\/www.urbanspot.si\/#organization"},"potentialAction":[{"@type":"SearchAction","target":{"@type":"EntryPoint","urlTemplate":"https:\/\/www.urbanspot.si\/?s={search_term_string}"},"query-input":{"@type":"PropertyValueSpecification","valueRequired":true,"valueName":"search_term_string"}}],"inLanguage":"hr"},{"@type":"Organization","@id":"https:\/\/www.urbanspot.si\/#organization","name":"UrbanSpot","url":"https:\/\/www.urbanspot.si\/","logo":{"@type":"ImageObject","inLanguage":"hr","@id":"https:\/\/www.urbanspot.si\/#\/schema\/logo\/image\/","url":"https:\/\/www.urbanspot.si\/wp-content\/uploads\/urbanspot-logo.svg","contentUrl":"https:\/\/www.urbanspot.si\/wp-content\/uploads\/urbanspot-logo.svg","width":185,"height":40,"caption":"UrbanSpot"},"image":{"@id":"https:\/\/www.urbanspot.si\/#\/schema\/logo\/image\/"},"sameAs":["https:\/\/www.facebook.com\/urbanspot.si"]}]}},"_links":{"self":[{"href":"https:\/\/www.urbanspot.si\/hr\/wp-json\/wp\/v2\/product\/19661","targetHints":{"allow":["GET"]}}],"collection":[{"href":"https:\/\/www.urbanspot.si\/hr\/wp-json\/wp\/v2\/product"}],"about":[{"href":"https:\/\/www.urbanspot.si\/hr\/wp-json\/wp\/v2\/types\/product"}],"replies":[{"embeddable":true,"href":"https:\/\/www.urbanspot.si\/hr\/wp-json\/wp\/v2\/comments?post=19661"}],"version-history":[{"count":1,"href":"https:\/\/www.urbanspot.si\/hr\/wp-json\/wp\/v2\/product\/19661\/revisions"}],"predecessor-version":[{"id":19663,"href":"https:\/\/www.urbanspot.si\/hr\/wp-json\/wp\/v2\/product\/19661\/revisions\/19663"}],"wp:featuredmedia":[{"embeddable":true,"href":"https:\/\/www.urbanspot.si\/hr\/wp-json\/wp\/v2\/media\/17766"}],"wp:attachment":[{"href":"https:\/\/www.urbanspot.si\/hr\/wp-json\/wp\/v2\/media?parent=19661"}],"wp:term":[{"taxonomy":"product_brand","embeddable":true,"href":"https:\/\/www.urbanspot.si\/hr\/wp-json\/wp\/v2\/product_brand?post=19661"},{"taxonomy":"product_cat","embeddable":true,"href":"https:\/\/www.urbanspot.si\/hr\/wp-json\/wp\/v2\/product_cat?post=19661"},{"taxonomy":"product_tag","embeddable":true,"href":"https:\/\/www.urbanspot.si\/hr\/wp-json\/wp\/v2\/product_tag?post=19661"}],"curies":[{"name":"radni list","href":"https:\/\/api.w.org\/{rel}","templated":true}]}}