{"id":19669,"date":"2024-12-10T16:59:03","date_gmt":"2024-12-10T14:59:03","guid":{"rendered":"https:\/\/www.urbanspot.si\/?post_type=product&#038;p=19669"},"modified":"2026-03-18T15:51:28","modified_gmt":"2026-03-18T13:51:28","slug":"karl-lagerfeld-ikonik-futrola-bijela-za-apple-airpods-pro-2-slusalice","status":"publish","type":"product","link":"https:\/\/www.urbanspot.si\/hr\/produkt\/karl-lagerfeld-etui-ikonik-white-za-slusalke-apple-airpods-pro-2\/","title":{"rendered":"Karl Lagerfeld Ikonik bijela maskica za Apple AirPods Pro 2 slu\u0161alice"},"content":{"rendered":"<p>Za\u0161titna maskica Karl Lagerfeld komad je elegancije i sofisticiranosti u podru\u010dju za\u0161tite va\u0161eg telefona od mehani\u010dkih o\u0161te\u0107enja. Elegantno dizajnirana maskica savr\u0161eno \u0107e za\u0161tititi va\u0161 ure\u0111aj.<\/p>\n<ul>\n<li>Vrhunski dizajn<\/li>\n<li>Izvorni proizvod<\/li>\n<li>Tvr\u0111i materijal<\/li>\n<li>Izvrsna za\u0161tita<\/li>\n<li>3D ikonski izgled<\/li>\n<\/ul>","protected":false},"excerpt":{"rendered":"<p>Silikonska maskica Karl Lagerfeld savr\u0161eno pristaje originalnoj maskici za Apple AirPods Pro 2. Prakti\u010dni prsten sa strane maskice omogu\u0107uje vam pri\u010dvr\u0161\u0107ivanje slu\u0161alica na ruksak, klju\u010deve, torbu itd.<\/p>","protected":false},"featured_media":19671,"comment_status":"open","ping_status":"closed","template":"","meta":[],"product_brand":[],"product_cat":[92,104,560,91,306],"product_tag":[],"class_list":{"0":"post-19669","1":"product","2":"type-product","3":"status-publish","4":"has-post-thumbnail","6":"product_cat-apple","7":"product_cat-dodatna-oprema","8":"product_cat-ovitki-za-telefone","9":"product_cat-razprodaja","10":"product_cat-slusalke","12":"first","13":"outofstock","14":"sale","15":"taxable","16":"shipping-taxable","17":"purchasable","18":"product-type-simple"},"yoast_head":"<!-- This site is optimized with the Yoast SEO plugin v27.4 - https:\/\/yoast.com\/product\/yoast-seo-wordpress\/ -->\n<title>Karl Lagerfeld etui Ikonik White za slu\u0161alke Apple AirPods Pro 2 -<\/title>\n<meta name=\"robots\" content=\"index, follow, max-snippet:-1, max-image-preview:large, max-video-preview:-1\" \/>\n<link rel=\"canonical\" href=\"https:\/\/www.urbanspot.si\/hr\/proizvod-2\/karl-lagerfeld-ikonik-futrola-bijela-za-apple-airpods-pro-2-slusalice\/\" \/>\n<meta property=\"og:locale\" content=\"hr_HR\" \/>\n<meta property=\"og:type\" content=\"article\" \/>\n<meta property=\"og:title\" content=\"Karl Lagerfeld etui Ikonik White za slu\u0161alke Apple AirPods Pro 2 -\" \/>\n<meta property=\"og:description\" content=\"Karl Lagerfeld silikonski etui se popolnoma prilega originalnemu ohi\u0161ju slu\u0161alk Apple AirPods Pro 2. Prakti\u010den obro\u010d na boku ohi\u0161ja, s pomo\u010djo katerega lahko slu\u0161alke pritrdite na nahrbtnik, klju\u010de, torbico itd.\" \/>\n<meta property=\"og:url\" content=\"https:\/\/www.urbanspot.si\/hr\/proizvod-2\/karl-lagerfeld-ikonik-futrola-bijela-za-apple-airpods-pro-2-slusalice\/\" \/>\n<meta property=\"article:publisher\" content=\"https:\/\/www.facebook.com\/urbanspot.si\" \/>\n<meta property=\"article:modified_time\" content=\"2026-03-18T13:51:28+00:00\" \/>\n<meta property=\"og:image\" content=\"https:\/\/www.urbanspot.si\/wp-content\/uploads\/karl-etui.png\" \/>\n\t<meta property=\"og:image:width\" content=\"600\" \/>\n\t<meta property=\"og:image:height\" content=\"600\" \/>\n\t<meta property=\"og:image:type\" content=\"image\/png\" \/>\n<meta name=\"twitter:card\" content=\"summary_large_image\" \/>\n<meta name=\"twitter:label1\" content=\"Procijenjeno vrijeme \u010ditanja\" \/>\n\t<meta name=\"twitter:data1\" content=\"1 minuta\" \/>\n<script type=\"application\/ld+json\" class=\"yoast-schema-graph\">{\"@context\":\"https:\\\/\\\/schema.org\",\"@graph\":[{\"@type\":\"WebPage\",\"@id\":\"https:\\\/\\\/www.urbanspot.si\\\/produkt\\\/karl-lagerfeld-etui-ikonik-white-za-slusalke-apple-airpods-pro-2\\\/\",\"url\":\"https:\\\/\\\/www.urbanspot.si\\\/produkt\\\/karl-lagerfeld-etui-ikonik-white-za-slusalke-apple-airpods-pro-2\\\/\",\"name\":\"Karl Lagerfeld etui Ikonik White za slu\u0161alke Apple AirPods Pro 2 -\",\"isPartOf\":{\"@id\":\"https:\\\/\\\/www.urbanspot.si\\\/#website\"},\"primaryImageOfPage\":{\"@id\":\"https:\\\/\\\/www.urbanspot.si\\\/produkt\\\/karl-lagerfeld-etui-ikonik-white-za-slusalke-apple-airpods-pro-2\\\/#primaryimage\"},\"image\":{\"@id\":\"https:\\\/\\\/www.urbanspot.si\\\/produkt\\\/karl-lagerfeld-etui-ikonik-white-za-slusalke-apple-airpods-pro-2\\\/#primaryimage\"},\"thumbnailUrl\":\"https:\\\/\\\/www.urbanspot.si\\\/wp-content\\\/uploads\\\/karl-etui.png\",\"datePublished\":\"2024-12-10T14:59:03+00:00\",\"dateModified\":\"2026-03-18T13:51:28+00:00\",\"breadcrumb\":{\"@id\":\"https:\\\/\\\/www.urbanspot.si\\\/produkt\\\/karl-lagerfeld-etui-ikonik-white-za-slusalke-apple-airpods-pro-2\\\/#breadcrumb\"},\"inLanguage\":\"hr\",\"potentialAction\":[{\"@type\":\"ReadAction\",\"target\":[\"https:\\\/\\\/www.urbanspot.si\\\/produkt\\\/karl-lagerfeld-etui-ikonik-white-za-slusalke-apple-airpods-pro-2\\\/\"]}]},{\"@type\":\"ImageObject\",\"inLanguage\":\"hr\",\"@id\":\"https:\\\/\\\/www.urbanspot.si\\\/produkt\\\/karl-lagerfeld-etui-ikonik-white-za-slusalke-apple-airpods-pro-2\\\/#primaryimage\",\"url\":\"https:\\\/\\\/www.urbanspot.si\\\/wp-content\\\/uploads\\\/karl-etui.png\",\"contentUrl\":\"https:\\\/\\\/www.urbanspot.si\\\/wp-content\\\/uploads\\\/karl-etui.png\",\"width\":600,\"height\":600},{\"@type\":\"BreadcrumbList\",\"@id\":\"https:\\\/\\\/www.urbanspot.si\\\/produkt\\\/karl-lagerfeld-etui-ikonik-white-za-slusalke-apple-airpods-pro-2\\\/#breadcrumb\",\"itemListElement\":[{\"@type\":\"ListItem\",\"position\":1,\"name\":\"Home\",\"item\":\"https:\\\/\\\/www.urbanspot.si\\\/\"},{\"@type\":\"ListItem\",\"position\":2,\"name\":\"Shop\",\"item\":\"https:\\\/\\\/www.urbanspot.si\\\/shop\\\/\"},{\"@type\":\"ListItem\",\"position\":3,\"name\":\"Karl Lagerfeld etui Ikonik White za slu\u0161alke Apple AirPods Pro 2\"}]},{\"@type\":\"WebSite\",\"@id\":\"https:\\\/\\\/www.urbanspot.si\\\/#website\",\"url\":\"https:\\\/\\\/www.urbanspot.si\\\/\",\"name\":\"UrbanSpot\",\"description\":\"\",\"publisher\":{\"@id\":\"https:\\\/\\\/www.urbanspot.si\\\/#organization\"},\"potentialAction\":[{\"@type\":\"SearchAction\",\"target\":{\"@type\":\"EntryPoint\",\"urlTemplate\":\"https:\\\/\\\/www.urbanspot.si\\\/?s={search_term_string}\"},\"query-input\":{\"@type\":\"PropertyValueSpecification\",\"valueRequired\":true,\"valueName\":\"search_term_string\"}}],\"inLanguage\":\"hr\"},{\"@type\":\"Organization\",\"@id\":\"https:\\\/\\\/www.urbanspot.si\\\/#organization\",\"name\":\"UrbanSpot\",\"url\":\"https:\\\/\\\/www.urbanspot.si\\\/\",\"logo\":{\"@type\":\"ImageObject\",\"inLanguage\":\"hr\",\"@id\":\"https:\\\/\\\/www.urbanspot.si\\\/#\\\/schema\\\/logo\\\/image\\\/\",\"url\":\"https:\\\/\\\/www.urbanspot.si\\\/wp-content\\\/uploads\\\/urbanspot-logo.svg\",\"contentUrl\":\"https:\\\/\\\/www.urbanspot.si\\\/wp-content\\\/uploads\\\/urbanspot-logo.svg\",\"width\":185,\"height\":40,\"caption\":\"UrbanSpot\"},\"image\":{\"@id\":\"https:\\\/\\\/www.urbanspot.si\\\/#\\\/schema\\\/logo\\\/image\\\/\"},\"sameAs\":[\"https:\\\/\\\/www.facebook.com\\\/urbanspot.si\"]}]}<\/script>\n<!-- \/ Yoast SEO plugin. -->","yoast_head_json":{"title":"Karl Lagerfeld etui Ikonik White za slu\u0161alke Apple AirPods Pro 2 -","robots":{"index":"index","follow":"follow","max-snippet":"max-snippet:-1","max-image-preview":"max-image-preview:large","max-video-preview":"max-video-preview:-1"},"canonical":"https:\/\/www.urbanspot.si\/hr\/proizvod-2\/karl-lagerfeld-ikonik-futrola-bijela-za-apple-airpods-pro-2-slusalice\/","og_locale":"hr_HR","og_type":"article","og_title":"Karl Lagerfeld etui Ikonik White za slu\u0161alke Apple AirPods Pro 2 -","og_description":"Karl Lagerfeld silikonski etui se popolnoma prilega originalnemu ohi\u0161ju slu\u0161alk Apple AirPods Pro 2. Prakti\u010den obro\u010d na boku ohi\u0161ja, s pomo\u010djo katerega lahko slu\u0161alke pritrdite na nahrbtnik, klju\u010de, torbico itd.","og_url":"https:\/\/www.urbanspot.si\/hr\/proizvod-2\/karl-lagerfeld-ikonik-futrola-bijela-za-apple-airpods-pro-2-slusalice\/","article_publisher":"https:\/\/www.facebook.com\/urbanspot.si","article_modified_time":"2026-03-18T13:51:28+00:00","og_image":[{"width":600,"height":600,"url":"https:\/\/www.urbanspot.si\/wp-content\/uploads\/karl-etui.png","type":"image\/png"}],"twitter_card":"summary_large_image","twitter_misc":{"Procijenjeno vrijeme \u010ditanja":"1 minuta"},"schema":{"@context":"https:\/\/schema.org","@graph":[{"@type":"WebPage","@id":"https:\/\/www.urbanspot.si\/produkt\/karl-lagerfeld-etui-ikonik-white-za-slusalke-apple-airpods-pro-2\/","url":"https:\/\/www.urbanspot.si\/produkt\/karl-lagerfeld-etui-ikonik-white-za-slusalke-apple-airpods-pro-2\/","name":"Karl Lagerfeld etui Ikonik White za slu\u0161alke Apple AirPods Pro 2 -","isPartOf":{"@id":"https:\/\/www.urbanspot.si\/#website"},"primaryImageOfPage":{"@id":"https:\/\/www.urbanspot.si\/produkt\/karl-lagerfeld-etui-ikonik-white-za-slusalke-apple-airpods-pro-2\/#primaryimage"},"image":{"@id":"https:\/\/www.urbanspot.si\/produkt\/karl-lagerfeld-etui-ikonik-white-za-slusalke-apple-airpods-pro-2\/#primaryimage"},"thumbnailUrl":"https:\/\/www.urbanspot.si\/wp-content\/uploads\/karl-etui.png","datePublished":"2024-12-10T14:59:03+00:00","dateModified":"2026-03-18T13:51:28+00:00","breadcrumb":{"@id":"https:\/\/www.urbanspot.si\/produkt\/karl-lagerfeld-etui-ikonik-white-za-slusalke-apple-airpods-pro-2\/#breadcrumb"},"inLanguage":"hr","potentialAction":[{"@type":"ReadAction","target":["https:\/\/www.urbanspot.si\/produkt\/karl-lagerfeld-etui-ikonik-white-za-slusalke-apple-airpods-pro-2\/"]}]},{"@type":"ImageObject","inLanguage":"hr","@id":"https:\/\/www.urbanspot.si\/produkt\/karl-lagerfeld-etui-ikonik-white-za-slusalke-apple-airpods-pro-2\/#primaryimage","url":"https:\/\/www.urbanspot.si\/wp-content\/uploads\/karl-etui.png","contentUrl":"https:\/\/www.urbanspot.si\/wp-content\/uploads\/karl-etui.png","width":600,"height":600},{"@type":"BreadcrumbList","@id":"https:\/\/www.urbanspot.si\/produkt\/karl-lagerfeld-etui-ikonik-white-za-slusalke-apple-airpods-pro-2\/#breadcrumb","itemListElement":[{"@type":"ListItem","position":1,"name":"Home","item":"https:\/\/www.urbanspot.si\/"},{"@type":"ListItem","position":2,"name":"Shop","item":"https:\/\/www.urbanspot.si\/shop\/"},{"@type":"ListItem","position":3,"name":"Karl Lagerfeld etui Ikonik White za slu\u0161alke Apple AirPods Pro 2"}]},{"@type":"WebSite","@id":"https:\/\/www.urbanspot.si\/#website","url":"https:\/\/www.urbanspot.si\/","name":"UrbanSpot","description":"","publisher":{"@id":"https:\/\/www.urbanspot.si\/#organization"},"potentialAction":[{"@type":"SearchAction","target":{"@type":"EntryPoint","urlTemplate":"https:\/\/www.urbanspot.si\/?s={search_term_string}"},"query-input":{"@type":"PropertyValueSpecification","valueRequired":true,"valueName":"search_term_string"}}],"inLanguage":"hr"},{"@type":"Organization","@id":"https:\/\/www.urbanspot.si\/#organization","name":"UrbanSpot","url":"https:\/\/www.urbanspot.si\/","logo":{"@type":"ImageObject","inLanguage":"hr","@id":"https:\/\/www.urbanspot.si\/#\/schema\/logo\/image\/","url":"https:\/\/www.urbanspot.si\/wp-content\/uploads\/urbanspot-logo.svg","contentUrl":"https:\/\/www.urbanspot.si\/wp-content\/uploads\/urbanspot-logo.svg","width":185,"height":40,"caption":"UrbanSpot"},"image":{"@id":"https:\/\/www.urbanspot.si\/#\/schema\/logo\/image\/"},"sameAs":["https:\/\/www.facebook.com\/urbanspot.si"]}]}},"_links":{"self":[{"href":"https:\/\/www.urbanspot.si\/hr\/wp-json\/wp\/v2\/product\/19669","targetHints":{"allow":["GET"]}}],"collection":[{"href":"https:\/\/www.urbanspot.si\/hr\/wp-json\/wp\/v2\/product"}],"about":[{"href":"https:\/\/www.urbanspot.si\/hr\/wp-json\/wp\/v2\/types\/product"}],"replies":[{"embeddable":true,"href":"https:\/\/www.urbanspot.si\/hr\/wp-json\/wp\/v2\/comments?post=19669"}],"version-history":[{"count":1,"href":"https:\/\/www.urbanspot.si\/hr\/wp-json\/wp\/v2\/product\/19669\/revisions"}],"predecessor-version":[{"id":19673,"href":"https:\/\/www.urbanspot.si\/hr\/wp-json\/wp\/v2\/product\/19669\/revisions\/19673"}],"wp:featuredmedia":[{"embeddable":true,"href":"https:\/\/www.urbanspot.si\/hr\/wp-json\/wp\/v2\/media\/19671"}],"wp:attachment":[{"href":"https:\/\/www.urbanspot.si\/hr\/wp-json\/wp\/v2\/media?parent=19669"}],"wp:term":[{"taxonomy":"product_brand","embeddable":true,"href":"https:\/\/www.urbanspot.si\/hr\/wp-json\/wp\/v2\/product_brand?post=19669"},{"taxonomy":"product_cat","embeddable":true,"href":"https:\/\/www.urbanspot.si\/hr\/wp-json\/wp\/v2\/product_cat?post=19669"},{"taxonomy":"product_tag","embeddable":true,"href":"https:\/\/www.urbanspot.si\/hr\/wp-json\/wp\/v2\/product_tag?post=19669"}],"curies":[{"name":"radni list","href":"https:\/\/api.w.org\/{rel}","templated":true}]}}