{"id":19675,"date":"2024-12-11T16:42:33","date_gmt":"2024-12-11T14:42:33","guid":{"rendered":"https:\/\/www.urbanspot.si\/?post_type=product&#038;p=19675"},"modified":"2026-03-18T15:51:28","modified_gmt":"2026-03-18T13:51:28","slug":"zastitna-folija-za-djecji-sat-imoo-z1","status":"publish","type":"product","link":"https:\/\/www.urbanspot.si\/hr\/produkt\/zascitna-folija-za-otrosko-uro-imoo-z1\/","title":{"rendered":"Za\u0161titna folija za dje\u010dji sat IMOO Z1"},"content":{"rendered":"<p>Za\u0161titna folija za dje\u010dji sat IMOO Z1 za\u0161titit \u0107e zaslon va\u0161eg ure\u0111aja od ogrebotina i smanjiti odsjaj zaslona. Osim za\u0161tite, folija ima svojstvo odbijanja pra\u0161ine.<\/p>\n<p>Folija se lako postavlja i uklanja te ima dug vijek trajanja.<\/p>\n<p>Paket sadr\u017ei 2 komada za\u0161titne folije.<\/p>","protected":false},"excerpt":{"rendered":"<p>Za\u0161titna folija za dje\u010dji sat IMOO Z1 za\u0161titit \u0107e zaslon va\u0161eg ure\u0111aja od ogrebotina i smanjiti odsjaj zaslona. Osim za\u0161tite,<\/p>","protected":false},"featured_media":19676,"comment_status":"open","ping_status":"closed","template":"","meta":[],"product_brand":[],"product_cat":[109],"product_tag":[],"class_list":{"0":"post-19675","1":"product","2":"type-product","3":"status-publish","4":"has-post-thumbnail","6":"product_cat-otroska-ura-imoo","7":"pa_primerno-za-model-otroska-ura-z1","9":"first","10":"outofstock","11":"taxable","12":"shipping-taxable","13":"purchasable","14":"product-type-simple"},"yoast_head":"<!-- This site is optimized with the Yoast SEO plugin v27.4 - https:\/\/yoast.com\/product\/yoast-seo-wordpress\/ -->\n<title>Za\u0161\u010ditna folija za otro\u0161ko uro IMOO Z1 -<\/title>\n<meta name=\"robots\" content=\"index, follow, max-snippet:-1, max-image-preview:large, max-video-preview:-1\" \/>\n<link rel=\"canonical\" href=\"https:\/\/www.urbanspot.si\/hr\/proizvod-2\/zastitna-folija-za-djecji-sat-imoo-z1\/\" \/>\n<meta property=\"og:locale\" content=\"hr_HR\" \/>\n<meta property=\"og:type\" content=\"article\" \/>\n<meta property=\"og:title\" content=\"Za\u0161\u010ditna folija za otro\u0161ko uro IMOO Z1 -\" \/>\n<meta property=\"og:description\" content=\"Za\u0161\u010ditna folija za otro\u0161ko uro IMOO Z1 bo ekran va\u0161e naprave za\u0161\u010ditila pred praskami in zmanj\u0161ala ble\u0161\u010danje ekrana. Poleg za\u0161\u010dite,\" \/>\n<meta property=\"og:url\" content=\"https:\/\/www.urbanspot.si\/hr\/proizvod-2\/zastitna-folija-za-djecji-sat-imoo-z1\/\" \/>\n<meta property=\"article:publisher\" content=\"https:\/\/www.facebook.com\/urbanspot.si\" \/>\n<meta property=\"article:modified_time\" content=\"2026-03-18T13:51:28+00:00\" \/>\n<meta property=\"og:image\" content=\"https:\/\/www.urbanspot.si\/wp-content\/uploads\/imoo-1.jpg\" \/>\n\t<meta property=\"og:image:width\" content=\"846\" \/>\n\t<meta property=\"og:image:height\" content=\"723\" \/>\n\t<meta property=\"og:image:type\" content=\"image\/jpeg\" \/>\n<meta name=\"twitter:card\" content=\"summary_large_image\" \/>\n<meta name=\"twitter:label1\" content=\"Procijenjeno vrijeme \u010ditanja\" \/>\n\t<meta name=\"twitter:data1\" content=\"1 minuta\" \/>\n<script type=\"application\/ld+json\" class=\"yoast-schema-graph\">{\"@context\":\"https:\\\/\\\/schema.org\",\"@graph\":[{\"@type\":\"WebPage\",\"@id\":\"https:\\\/\\\/www.urbanspot.si\\\/produkt\\\/zascitna-folija-za-otrosko-uro-imoo-z1\\\/\",\"url\":\"https:\\\/\\\/www.urbanspot.si\\\/produkt\\\/zascitna-folija-za-otrosko-uro-imoo-z1\\\/\",\"name\":\"Za\u0161\u010ditna folija za otro\u0161ko uro IMOO Z1 -\",\"isPartOf\":{\"@id\":\"https:\\\/\\\/www.urbanspot.si\\\/#website\"},\"primaryImageOfPage\":{\"@id\":\"https:\\\/\\\/www.urbanspot.si\\\/produkt\\\/zascitna-folija-za-otrosko-uro-imoo-z1\\\/#primaryimage\"},\"image\":{\"@id\":\"https:\\\/\\\/www.urbanspot.si\\\/produkt\\\/zascitna-folija-za-otrosko-uro-imoo-z1\\\/#primaryimage\"},\"thumbnailUrl\":\"https:\\\/\\\/www.urbanspot.si\\\/wp-content\\\/uploads\\\/imoo-1.jpg\",\"datePublished\":\"2024-12-11T14:42:33+00:00\",\"dateModified\":\"2026-03-18T13:51:28+00:00\",\"breadcrumb\":{\"@id\":\"https:\\\/\\\/www.urbanspot.si\\\/produkt\\\/zascitna-folija-za-otrosko-uro-imoo-z1\\\/#breadcrumb\"},\"inLanguage\":\"hr\",\"potentialAction\":[{\"@type\":\"ReadAction\",\"target\":[\"https:\\\/\\\/www.urbanspot.si\\\/produkt\\\/zascitna-folija-za-otrosko-uro-imoo-z1\\\/\"]}]},{\"@type\":\"ImageObject\",\"inLanguage\":\"hr\",\"@id\":\"https:\\\/\\\/www.urbanspot.si\\\/produkt\\\/zascitna-folija-za-otrosko-uro-imoo-z1\\\/#primaryimage\",\"url\":\"https:\\\/\\\/www.urbanspot.si\\\/wp-content\\\/uploads\\\/imoo-1.jpg\",\"contentUrl\":\"https:\\\/\\\/www.urbanspot.si\\\/wp-content\\\/uploads\\\/imoo-1.jpg\",\"width\":846,\"height\":723},{\"@type\":\"BreadcrumbList\",\"@id\":\"https:\\\/\\\/www.urbanspot.si\\\/produkt\\\/zascitna-folija-za-otrosko-uro-imoo-z1\\\/#breadcrumb\",\"itemListElement\":[{\"@type\":\"ListItem\",\"position\":1,\"name\":\"Home\",\"item\":\"https:\\\/\\\/www.urbanspot.si\\\/\"},{\"@type\":\"ListItem\",\"position\":2,\"name\":\"Shop\",\"item\":\"https:\\\/\\\/www.urbanspot.si\\\/shop\\\/\"},{\"@type\":\"ListItem\",\"position\":3,\"name\":\"Za\u0161\u010ditna folija za otro\u0161ko uro IMOO Z1\"}]},{\"@type\":\"WebSite\",\"@id\":\"https:\\\/\\\/www.urbanspot.si\\\/#website\",\"url\":\"https:\\\/\\\/www.urbanspot.si\\\/\",\"name\":\"UrbanSpot\",\"description\":\"\",\"publisher\":{\"@id\":\"https:\\\/\\\/www.urbanspot.si\\\/#organization\"},\"potentialAction\":[{\"@type\":\"SearchAction\",\"target\":{\"@type\":\"EntryPoint\",\"urlTemplate\":\"https:\\\/\\\/www.urbanspot.si\\\/?s={search_term_string}\"},\"query-input\":{\"@type\":\"PropertyValueSpecification\",\"valueRequired\":true,\"valueName\":\"search_term_string\"}}],\"inLanguage\":\"hr\"},{\"@type\":\"Organization\",\"@id\":\"https:\\\/\\\/www.urbanspot.si\\\/#organization\",\"name\":\"UrbanSpot\",\"url\":\"https:\\\/\\\/www.urbanspot.si\\\/\",\"logo\":{\"@type\":\"ImageObject\",\"inLanguage\":\"hr\",\"@id\":\"https:\\\/\\\/www.urbanspot.si\\\/#\\\/schema\\\/logo\\\/image\\\/\",\"url\":\"https:\\\/\\\/www.urbanspot.si\\\/wp-content\\\/uploads\\\/urbanspot-logo.svg\",\"contentUrl\":\"https:\\\/\\\/www.urbanspot.si\\\/wp-content\\\/uploads\\\/urbanspot-logo.svg\",\"width\":185,\"height\":40,\"caption\":\"UrbanSpot\"},\"image\":{\"@id\":\"https:\\\/\\\/www.urbanspot.si\\\/#\\\/schema\\\/logo\\\/image\\\/\"},\"sameAs\":[\"https:\\\/\\\/www.facebook.com\\\/urbanspot.si\"]}]}<\/script>\n<!-- \/ Yoast SEO plugin. -->","yoast_head_json":{"title":"Za\u0161\u010ditna folija za otro\u0161ko uro IMOO Z1 -","robots":{"index":"index","follow":"follow","max-snippet":"max-snippet:-1","max-image-preview":"max-image-preview:large","max-video-preview":"max-video-preview:-1"},"canonical":"https:\/\/www.urbanspot.si\/hr\/proizvod-2\/zastitna-folija-za-djecji-sat-imoo-z1\/","og_locale":"hr_HR","og_type":"article","og_title":"Za\u0161\u010ditna folija za otro\u0161ko uro IMOO Z1 -","og_description":"Za\u0161\u010ditna folija za otro\u0161ko uro IMOO Z1 bo ekran va\u0161e naprave za\u0161\u010ditila pred praskami in zmanj\u0161ala ble\u0161\u010danje ekrana. Poleg za\u0161\u010dite,","og_url":"https:\/\/www.urbanspot.si\/hr\/proizvod-2\/zastitna-folija-za-djecji-sat-imoo-z1\/","article_publisher":"https:\/\/www.facebook.com\/urbanspot.si","article_modified_time":"2026-03-18T13:51:28+00:00","og_image":[{"width":846,"height":723,"url":"https:\/\/www.urbanspot.si\/wp-content\/uploads\/imoo-1.jpg","type":"image\/jpeg"}],"twitter_card":"summary_large_image","twitter_misc":{"Procijenjeno vrijeme \u010ditanja":"1 minuta"},"schema":{"@context":"https:\/\/schema.org","@graph":[{"@type":"WebPage","@id":"https:\/\/www.urbanspot.si\/produkt\/zascitna-folija-za-otrosko-uro-imoo-z1\/","url":"https:\/\/www.urbanspot.si\/produkt\/zascitna-folija-za-otrosko-uro-imoo-z1\/","name":"Za\u0161\u010ditna folija za otro\u0161ko uro IMOO Z1 -","isPartOf":{"@id":"https:\/\/www.urbanspot.si\/#website"},"primaryImageOfPage":{"@id":"https:\/\/www.urbanspot.si\/produkt\/zascitna-folija-za-otrosko-uro-imoo-z1\/#primaryimage"},"image":{"@id":"https:\/\/www.urbanspot.si\/produkt\/zascitna-folija-za-otrosko-uro-imoo-z1\/#primaryimage"},"thumbnailUrl":"https:\/\/www.urbanspot.si\/wp-content\/uploads\/imoo-1.jpg","datePublished":"2024-12-11T14:42:33+00:00","dateModified":"2026-03-18T13:51:28+00:00","breadcrumb":{"@id":"https:\/\/www.urbanspot.si\/produkt\/zascitna-folija-za-otrosko-uro-imoo-z1\/#breadcrumb"},"inLanguage":"hr","potentialAction":[{"@type":"ReadAction","target":["https:\/\/www.urbanspot.si\/produkt\/zascitna-folija-za-otrosko-uro-imoo-z1\/"]}]},{"@type":"ImageObject","inLanguage":"hr","@id":"https:\/\/www.urbanspot.si\/produkt\/zascitna-folija-za-otrosko-uro-imoo-z1\/#primaryimage","url":"https:\/\/www.urbanspot.si\/wp-content\/uploads\/imoo-1.jpg","contentUrl":"https:\/\/www.urbanspot.si\/wp-content\/uploads\/imoo-1.jpg","width":846,"height":723},{"@type":"BreadcrumbList","@id":"https:\/\/www.urbanspot.si\/produkt\/zascitna-folija-za-otrosko-uro-imoo-z1\/#breadcrumb","itemListElement":[{"@type":"ListItem","position":1,"name":"Home","item":"https:\/\/www.urbanspot.si\/"},{"@type":"ListItem","position":2,"name":"Shop","item":"https:\/\/www.urbanspot.si\/shop\/"},{"@type":"ListItem","position":3,"name":"Za\u0161\u010ditna folija za otro\u0161ko uro IMOO Z1"}]},{"@type":"WebSite","@id":"https:\/\/www.urbanspot.si\/#website","url":"https:\/\/www.urbanspot.si\/","name":"UrbanSpot","description":"","publisher":{"@id":"https:\/\/www.urbanspot.si\/#organization"},"potentialAction":[{"@type":"SearchAction","target":{"@type":"EntryPoint","urlTemplate":"https:\/\/www.urbanspot.si\/?s={search_term_string}"},"query-input":{"@type":"PropertyValueSpecification","valueRequired":true,"valueName":"search_term_string"}}],"inLanguage":"hr"},{"@type":"Organization","@id":"https:\/\/www.urbanspot.si\/#organization","name":"UrbanSpot","url":"https:\/\/www.urbanspot.si\/","logo":{"@type":"ImageObject","inLanguage":"hr","@id":"https:\/\/www.urbanspot.si\/#\/schema\/logo\/image\/","url":"https:\/\/www.urbanspot.si\/wp-content\/uploads\/urbanspot-logo.svg","contentUrl":"https:\/\/www.urbanspot.si\/wp-content\/uploads\/urbanspot-logo.svg","width":185,"height":40,"caption":"UrbanSpot"},"image":{"@id":"https:\/\/www.urbanspot.si\/#\/schema\/logo\/image\/"},"sameAs":["https:\/\/www.facebook.com\/urbanspot.si"]}]}},"_links":{"self":[{"href":"https:\/\/www.urbanspot.si\/hr\/wp-json\/wp\/v2\/product\/19675","targetHints":{"allow":["GET"]}}],"collection":[{"href":"https:\/\/www.urbanspot.si\/hr\/wp-json\/wp\/v2\/product"}],"about":[{"href":"https:\/\/www.urbanspot.si\/hr\/wp-json\/wp\/v2\/types\/product"}],"replies":[{"embeddable":true,"href":"https:\/\/www.urbanspot.si\/hr\/wp-json\/wp\/v2\/comments?post=19675"}],"version-history":[{"count":2,"href":"https:\/\/www.urbanspot.si\/hr\/wp-json\/wp\/v2\/product\/19675\/revisions"}],"predecessor-version":[{"id":20948,"href":"https:\/\/www.urbanspot.si\/hr\/wp-json\/wp\/v2\/product\/19675\/revisions\/20948"}],"wp:featuredmedia":[{"embeddable":true,"href":"https:\/\/www.urbanspot.si\/hr\/wp-json\/wp\/v2\/media\/19676"}],"wp:attachment":[{"href":"https:\/\/www.urbanspot.si\/hr\/wp-json\/wp\/v2\/media?parent=19675"}],"wp:term":[{"taxonomy":"product_brand","embeddable":true,"href":"https:\/\/www.urbanspot.si\/hr\/wp-json\/wp\/v2\/product_brand?post=19675"},{"taxonomy":"product_cat","embeddable":true,"href":"https:\/\/www.urbanspot.si\/hr\/wp-json\/wp\/v2\/product_cat?post=19675"},{"taxonomy":"product_tag","embeddable":true,"href":"https:\/\/www.urbanspot.si\/hr\/wp-json\/wp\/v2\/product_tag?post=19675"}],"curies":[{"name":"radni list","href":"https:\/\/api.w.org\/{rel}","templated":true}]}}